{"id":1752,"date":"2023-04-26T14:42:13","date_gmt":"2023-04-26T06:42:13","guid":{"rendered":"https:\/\/www.qualitester.com\/?post_type=product&#038;p=1752"},"modified":"2024-12-04T11:12:27","modified_gmt":"2024-12-04T03:12:27","slug":"motorized-cap-torque-tester-mct-01","status":"publish","type":"product","link":"https:\/\/www.qualitester.com\/lt\/produktas-2\/motorized-cap-torque-tester-mct-01\/","title":{"rendered":"MCT-01 variklinis dangtelio sukimo momento testeris"},"content":{"rendered":"<h2>\u012evadas<\/h2>\n<p>Svetain\u0117 <strong>Automatinis dangtelio sukimo momento testeris (MCT-01)<\/strong> yra labai tikslus ir efektyvus prietaisas, skirtas \u012fvairi\u0173 tip\u0173 talpykl\u0173 dangteli\u0173 atidarymo ir u\u017erakinimo j\u0117goms matuoti. \u0160ie bandymai yra labai svarb\u016bs pakuo\u010di\u0173 gamyboje, pavyzd\u017eiui, farmacijos, maisto produkt\u0173 ir g\u0117rim\u0173, medicinos prietais\u0173 ir plataus vartojimo produkt\u0173. Tinkamas sukimo momento matavimas u\u017etikrina, kad dangteliai b\u016bt\u0173 patikimai u\u017edaryti transportuojant, ta\u010diau juos b\u016bt\u0173 lengva atidaryti vartotojams, tod\u0117l jie b\u016bt\u0173 saug\u016bs ir patog\u016bs. Pa\u017eangi MCT-01 technologija u\u017etikrina patikimus ir tikslius sukimo momento matavimus, kurie b\u016btini kokyb\u0117s kontrolei ir pramon\u0117s standart\u0173 laikymuisi.<\/p>\n<h2>Taikymo sritys<\/h2>\n<p>Svetain\u0117 <strong>Automatinis dangtelio sukimo momento testeris<\/strong> pla\u010diai naudojamas keliuose sektoriuose, \u012fskaitant:<\/p>\n<ul>\n<li><strong>Pakuo\u010di\u0173 pramon\u0117<\/strong>: U\u017etikrina, kad tokia tara, kaip PET buteliai, mai\u0161eliai su snapeliu, vaist\u0173 buteliukai ir lanks\u010di\u0173 vamzdeli\u0173 pakuot\u0117s, atitikt\u0173 b\u016btinus sandarinimo ir atidarymo j\u0117gos reikalavimus.<\/li>\n<li><strong>Farmacijos ir medicinos prietaisai<\/strong>: U\u017etikrinama, kad vaist\u0173 talpyklos b\u016bt\u0173 efektyviai u\u017eplombuotos ir suma\u017e\u0117t\u0173 u\u017eter\u0161imo ar klastojimo rizika.<\/li>\n<li><strong>Maistas ir g\u0117rimai<\/strong>: Tikrina buteli\u0173 dangteli\u0173 sukimo moment\u0105, kad b\u016bt\u0173 galima lengvai atidaryti ir kartu i\u0161laikyti produkto vientisum\u0105.<\/li>\n<li><strong>Vartojimo prek\u0117s<\/strong>: Padeda i\u0161bandyti \u012fvairi\u0173 vartotojams skirt\u0173 pakuo\u010di\u0173 dangteli\u0173 funkcionalum\u0105, u\u017etikrinant tinkam\u0105 sandarumo ir patogumo vartotojui pusiausvyr\u0105.<\/li>\n<li><strong>Individual\u016bs testavimo sprendimai<\/strong>: \"Cell Instruments\" taip pat specializuojasi teikiant individualius bandym\u0173 reikalavimus, kad atitikt\u0173 unikalius \u012fvairi\u0173 pramon\u0117s \u0161ak\u0173 poreikius.<\/li>\n<\/ul>\n<h2>Testavimo procesas<\/h2>\n<p>Bandymo procesas su <strong>Automatinis dangtelio sukimo momento testeris<\/strong> (MCT-01) yra visi\u0161kai automatizuota, kad b\u016bt\u0173 patogu naudoti:<\/p>\n<ul>\n<li><strong>Bandinio apkrovimas<\/strong>: Buteliukas ir dangtelis \u012fdedami \u012f tester\u012f, o buteliuko pneumatinis spaustukas ir dangtelio pneumatinis spaustukas automati\u0161kai \u012fsijungia, kad pritvirtint\u0173 bandin\u012f.<\/li>\n<li><strong>Bandymo inicijavimas<\/strong>: Paspausdami <strong>TESTAS<\/strong> mygtukas, apatinis spaustukas pradeda suktis, atidarydamas arba u\u017edarydamas buteliuk\u0105, priklausomai nuo bandymo reikalavim\u0173.<\/li>\n<li><strong>Sukimo momento matavimas<\/strong>: Sukimosi metu sukimo momento j\u0117ga tiksliai matuojama ir fiksuojama realiuoju laiku. Sistema automati\u0161kai i\u0161saugo did\u017eiausias sukimo momento vertes tiek atidarymo, tiek fiksavimo j\u0117goms.<\/li>\n<li><strong>Duomen\u0173 analiz\u0117<\/strong>: I\u0161matuoto sukimo momento duomenys rodomi keliais vienetais, \u012fskaitant Kgf.cm, N.cm, daN.cm, Inch.lbs ir N.m, tod\u0117l galima atlikti i\u0161sami\u0105 analiz\u0119 ir kokyb\u0117s kontrol\u0119.<\/li>\n<\/ul>\n<h2>Technin\u0117s savyb\u0117s<\/h2>\n<ul>\n<li><strong>PLC valdomas \u012frenginys<\/strong>: Siekiant pramoninio lygio stabilumo, testeris veikia su PLC valdomu \u012frenginiu ir intuityvia HMI jutiklinio ekrano s\u0105saja.<\/li>\n<li><strong>Dvigubas pneumatinis prispaudimas<\/strong>: Vir\u0161utiniai ir apatiniai pneumatiniai spaustukai u\u017etikrina saug\u0173 bandym\u0105 nepa\u017eeid\u017eiant buteliuko ar dangtelio.<\/li>\n<li><strong>Automatinis sukimosi ir sukimo momento matavimas<\/strong>: Automati\u0161kai sukantis imituojamos realios gamybos s\u0105lygos, tod\u0117l sistema idealiai tinka kokybei u\u017etikrinti.<\/li>\n<li><strong>Keli\u0173 vienet\u0173 matavimas<\/strong>: Rodo sukimo moment\u0105 Kgf.cm, N.cm, daN.cm, Inch.lbs ir N.m, kad b\u016bt\u0173 galima atlikti lanks\u010di\u0105 analiz\u0119.<\/li>\n<li><strong>Apsauga nuo perkrovos ir automatinis nulio nustatymas<\/strong>: Sistema turi apsaug\u0105 nuo perkrovos, u\u017etikrinan\u010di\u0105 patikimus ir nuoseklius matavimus, ir automatinio nuliavimo funkcij\u0105, kad rodmenys b\u016bt\u0173 tiksl\u016bs.<\/li>\n<li><strong>RS232 prievadas ir programin\u0117 \u012franga<\/strong>: Papildomai galima \u012fsigyti RS232 prievad\u0105 ir profesionali\u0105 kompiuterio programin\u0119 \u012frang\u0105, skirt\u0105 i\u0161samiai ataskaitai ir duomen\u0173 valdymui.<\/li>\n<li><strong>Mikro spausdintuvas<\/strong>: Galima i\u0161 karto atsispausdinti dokumentus, kad b\u016bt\u0173 galima greitai rasti informacij\u0105 gamybos ir bandym\u0173 metu.<\/li>\n<\/ul>\n<h2>Pagrindiniai standartai<\/h2>\n<p>Svetain\u0117 <strong>Automatinis dangtelio sukimo momento testeris (MCT-01)<\/strong> atitinka pramon\u0117s standartus ir u\u017etikrina, kad jis atitinka grie\u017etus kokyb\u0117s u\u017etikrinimo reikalavimus:<\/p>\n<ul>\n<li><strong><a href=\"https:\/\/www.astm.org\/d2063_d2063m-10r18.html\" target=\"_blank\" rel=\"noopener nofollow\">ASTM D2063<\/a>: Standartinis asepti\u0161kai supakuot\u0173 talpykl\u0173 u\u017edarymo sistem\u0173 sukimo momento (j\u0117gos) bandymo metodas<\/strong><br \/>\n<a href=\"https:\/\/www.qualitester.com\/lt\/produkto-kategorija-2\/astm\/astm-d2063\/\" target=\"_blank\" rel=\"noopener\">ASTM D2063<\/a> apra\u0161omas sukimo momento, reikalingo aseptin\u0117ms u\u017edarymo sistemoms atidaryti ir u\u017edaryti, nustatymo metodas, kuris yra ypa\u010d svarbus farmacijos ir maisto produkt\u0173 pakuo\u010di\u0173 srityje. \u0160iuo standartu u\u017etikrinama, kad sukimo momentas b\u016bt\u0173 pakankamas hermeti\u0161kam sandarumui u\u017etikrinti, o vartotojas gal\u0117t\u0173 lengvai atidaryti.<\/li>\n<li><strong><a href=\"https:\/\/www.astm.org\/d3198-97r02.html\" target=\"_blank\" rel=\"noopener nofollow\">ASTM D3198<\/a>: Standartinis bandym\u0173 metodas, skirtas buteli\u0173 ir talpykl\u0173 u\u017edarymo sistem\u0173 sukimo momentui (j\u0117gai) matuoti<\/strong><br \/>\n<a href=\"https:\/\/www.qualitester.com\/lt\/produkto-kategorija-2\/astm\/astm-d3198\/\" target=\"_blank\" rel=\"noopener\">ASTM D3198<\/a> pateikiamos dangteli\u0173 ir u\u017edarymo sistem\u0173, pavyzd\u017eiui, buteli\u0173 ir stiklaini\u0173, sukimo momento j\u0117gos bandymo gair\u0117s. Jame daugiausia d\u0117mesio skiriama u\u017etikrinti, kad gaminant dangteliai b\u016bt\u0173 tinkamai u\u017edaryti ir vartotojai gal\u0117t\u0173 juos saugiai atidaryti.<\/li>\n<li><strong><a href=\"https:\/\/www.astm.org\/d3474-90r18.html\" target=\"_blank\" rel=\"noopener nofollow\">ASTM D3474<\/a>: Standartinis bandym\u0173 metodas, skirtas konteineri\u0173 u\u017edarymo momentui (j\u0117gai) nustatyti<\/strong><br \/>\n<a href=\"https:\/\/www.qualitester.com\/lt\/produkto-kategorija-2\/astm\/astm-d3474\/\">ASTM D3474<\/a> apibr\u0117\u017eia \u012fvairi\u0173 talpykl\u0173 u\u017edarymo sukimo momento bandymo metod\u0105, kuriuo u\u017etikrinama, kad gamybos metu dangteliai b\u016bt\u0173 u\u017ededami tinkamu sukimo momentu. \u0160is standartas padeda i\u0161laikyti nuoseklias produkto savybes ir pakuo\u010di\u0173 saug\u0105.<\/li>\n<li><strong>Kiti susij\u0119 standartai<\/strong>:<br \/>\nMCT-01 taip pat atitinka papildomus standartus, pvz. <strong>GB\/T17876<\/strong>, <strong>BB\/T0025<\/strong>, ir <strong>BB\/T0034<\/strong>, kuriose pateikiamos pakuo\u010di\u0173 ir u\u017edarymo bandym\u0173 \u012fvairiose rinkose ir regionuose gair\u0117s.<\/li>\n<\/ul>\n<h2>Naudojimo nauda <strong>Automatinis dangtelio sukimo momento testeris<\/strong><\/h2>\n<ul>\n<li><strong>Tikslumas ir patikimumas<\/strong>: MCT-01 u\u017etikrina labai tikslius ir pakartojamus sukimo momento matavimus, kurie b\u016btini norint u\u017etikrinti tinkam\u0105 talpykl\u0173 sandarinim\u0105 ir patog\u0173 naudojim\u0105 vartotojams.<\/li>\n<li><strong>Naudojimo paprastumas<\/strong>: Intuityvi jutiklinio ekrano s\u0105saja ir visi\u0161kai automatizuoto testavimo funkcijos - sistem\u0105 lengva valdyti, tod\u0117l ji idealiai tinka tiek naujiems, tiek patyrusiems operatoriams.<\/li>\n<li><strong>Patobulinta kokyb\u0117s kontrol\u0117<\/strong>: Padeda gamintojams laikytis grie\u017et\u0173 pramon\u0117s standart\u0173, nes tiksliai \u012fvertina dangtelio sukimo momento j\u0117g\u0105, gerina gamini\u0173 kokyb\u0119 ir u\u017etikrina vartotoj\u0173 saug\u0105.<\/li>\n<li><strong>Atitiktis pramon\u0117s standartams<\/strong>: Testeris atitinka ASTM D2063, ASTM D3198 ir ASTM D3474 standartus, tod\u0117l galite b\u016bti ram\u016bs, kad gaminiai atitinka pasaulines kokyb\u0117s u\u017etikrinimo taisykles.<\/li>\n<\/ul>","protected":false},"excerpt":{"rendered":"<p>Svetain\u0117 <strong>Automatinis dangtelio sukimo momento testeris (MCT-01)<\/strong> yra labai tikslus ir efektyvus prietaisas, skirtas \u012fvairi\u0173 tip\u0173 talpykl\u0173 dangteli\u0173 atidarymo ir u\u017erakinimo j\u0117goms matuoti. \u0160ie bandymai yra labai svarb\u016bs pakuo\u010di\u0173 gamyboje, pavyzd\u017eiui, farmacijos, maisto produkt\u0173 ir g\u0117rim\u0173, medicinos prietais\u0173 ir plataus vartojimo produkt\u0173. Tinkamas sukimo momento matavimas u\u017etikrina, kad dangteliai b\u016bt\u0173 patikimai u\u017edaryti transportuojant, ta\u010diau juos b\u016bt\u0173 lengva atidaryti vartotojams, tod\u0117l jie b\u016bt\u0173 saug\u016bs ir patog\u016bs. Pa\u017eangi MCT-01 technologija u\u017etikrina patikimus ir tikslius sukimo momento matavimus, kurie b\u016btini kokyb\u0117s kontrolei ir pramon\u0117s standart\u0173 laikymuisi.<\/p>","protected":false},"featured_media":6020,"comment_status":"closed","ping_status":"closed","template":"","meta":{"site-sidebar-layout":"default","site-content-layout":"default","ast-global-header-display":"","ast-main-header-display":"","ast-hfb-above-header-display":"","ast-hfb-below-header-display":"","ast-hfb-mobile-header-display":"","site-post-title":"disabled","ast-breadcrumbs-content":"","ast-featured-img":"disabled","footer-sml-layout":"","theme-transparent-header-meta":"default","adv-header-id-meta":"","stick-header-meta":"","header-above-stick-meta":"","header-main-stick-meta":"","header-below-stick-meta":""},"product_cat":[845,687,17,124,125,128,95],"product_tag":[],"class_list":{"0":"post-1752","1":"product","2":"type-product","3":"status-publish","4":"has-post-thumbnail","6":"product_cat-customization","7":"product_cat-torque-tester","8":"product_cat-package-container-testers","9":"product_cat-astm-d2063","10":"product_cat-astm-d3198","11":"product_cat-astm-d3474","12":"product_cat-products","13":"desktop-align-left","14":"tablet-align-left","15":"mobile-align-left","17":"first","18":"instock","19":"shipping-taxable","20":"product-type-simple"},"_links":{"self":[{"href":"https:\/\/www.qualitester.com\/lt\/wp-json\/wp\/v2\/product\/1752","targetHints":{"allow":["GET"]}}],"collection":[{"href":"https:\/\/www.qualitester.com\/lt\/wp-json\/wp\/v2\/product"}],"about":[{"href":"https:\/\/www.qualitester.com\/lt\/wp-json\/wp\/v2\/types\/product"}],"replies":[{"embeddable":true,"href":"https:\/\/www.qualitester.com\/lt\/wp-json\/wp\/v2\/comments?post=1752"}],"version-history":[{"count":0,"href":"https:\/\/www.qualitester.com\/lt\/wp-json\/wp\/v2\/product\/1752\/revisions"}],"wp:featuredmedia":[{"embeddable":true,"href":"https:\/\/www.qualitester.com\/lt\/wp-json\/wp\/v2\/media\/6020"}],"wp:attachment":[{"href":"https:\/\/www.qualitester.com\/lt\/wp-json\/wp\/v2\/media?parent=1752"}],"wp:term":[{"taxonomy":"product_cat","embeddable":true,"href":"https:\/\/www.qualitester.com\/lt\/wp-json\/wp\/v2\/product_cat?post=1752"},{"taxonomy":"product_tag","embeddable":true,"href":"https:\/\/www.qualitester.com\/lt\/wp-json\/wp\/v2\/product_tag?post=1752"}],"curies":[{"name":"wp","href":"https:\/\/api.w.org\/{rel}","templated":true}]}}