{"id":1728,"date":"2023-04-26T13:58:32","date_gmt":"2023-04-26T05:58:32","guid":{"rendered":"https:\/\/www.qualitester.com\/?post_type=product&#038;p=1728"},"modified":"2024-12-02T16:27:43","modified_gmt":"2024-12-02T08:27:43","slug":"leak-tester-lt-02","status":"publish","type":"product","link":"https:\/\/www.qualitester.com\/lt\/produktas-2\/leak-tester-lt-02\/","title":{"rendered":"LT-02 nuot\u0117kio testeris"},"content":{"rendered":"<h2><strong>\u012evadas \u012f pakuot\u0117s sandarumo tester\u012f<\/strong><\/h2>\n<p>Pakuo\u010di\u0173 plomb\u0173 vientisumo u\u017etikrinimas yra labai svarbus siekiant apsaugoti produktus nuo u\u017eter\u0161imo, gedimo ir gedimo. Patikimas pakuo\u010di\u0173 sandarumo testeris, pvz. <strong>LT-02 nuot\u0117kio testeris<\/strong> atlieka svarb\u0173 vaidmen\u012f \u012fvairiose pramon\u0117s \u0161akose - nuo maisto produkt\u0173 pakuo\u010di\u0173 iki vaist\u0173 - ir suteikia svarbi\u0173 \u012f\u017evalg\u0173 apie pakuo\u010di\u0173 kokyb\u0119. \u0160is pa\u017eangus sandarumo testavimo prietaisas padeda gamintojams anksti aptikti ir pa\u0161alinti pakuo\u010di\u0173 defektus, u\u017etikrinant, kad produktai i\u0161likt\u0173 saug\u016bs, \u0161vie\u017ei ir atitikt\u0173 pramon\u0117s standartus.<\/p>\n<p>A <strong>pakuot\u0117s sandarumo testeris<\/strong> tikrinama, ar pakuot\u0117s sandarumas yra sandarus, kad b\u016bt\u0173 i\u0161vengta nuot\u0117kio, galin\u010dio pakenkti pakuot\u0117s turiniui. Tai ypa\u010d svarbu tuose sektoriuose, kuriuose sandarumo vientisumas labai svarbus produkt\u0173 kokybei ir saugai u\u017etikrinti.<\/p>\n<h2><strong>ASTM D3078: nuot\u0117kio bandymo standartas<\/strong><\/h2>\n<h3><strong>\u012evadas \u012f ASTM D3078<\/strong><\/h3>\n<p>Svetain\u0117 <a href=\"https:\/\/www.astm.org\/d3078-02r21e01.html\" target=\"_blank\" rel=\"noopener nofollow\"><strong>ASTM D3078<\/strong><\/a> yra pla\u010diai pripa\u017eintas standartas, kuriame apra\u0161yti metodai, kaip aptikti didelius nuot\u0117kius lanks\u010diose pakuot\u0117se, kuriose yra duj\u0173. \u0160is standartas ypa\u010d naudingas bandant lanks\u010di\u0105sias pakavimo med\u017eiagas, naudojamas maisto, farmacijos ir medicinos prietais\u0173 gamyboje, kur sandarumo u\u017etikrinimas yra labai svarbus produkto saugai.<\/p>\n<h3><strong>Bandym\u0173 metodika pagal ASTM D3078<\/strong><\/h3>\n<p>Pagal <a href=\"https:\/\/www.qualitester.com\/lt\/produkto-kategorija-2\/astm\/astm-d3078\/\" target=\"_blank\" rel=\"noopener\"><strong>ASTM D3078<\/strong><\/a>, pakuot\u0117s sandarumo bandymas atliekamas panardinant bandin\u012f \u012f vandens pripildyt\u0105 kamer\u0105. Tada kamera sandariai u\u017edaroma, o sl\u0117gio skirtumui susidaryti sukuriamas vakuumas. Jei pakuot\u0117 yra nesandari, pro ang\u0105 i\u0161eina oras, tod\u0117l vandenyje susidaro burbuliukai. Taikant \u0161\u012f metod\u0105 lengva vizualiai nustatyti net ir tuos nesandarumus, kurie yra per ma\u017ei, kad juos b\u016bt\u0173 galima aptikti kitais b\u016bdais.<\/p>\n<p>\u0160is standartas u\u017etikrina, kad pakuo\u010di\u0173 med\u017eiagas b\u016bt\u0173 galima efektyviai \u012fvertinti d\u0117l nuot\u0117kio, o gamintojams suteikia patikim\u0105 b\u016bd\u0105 u\u017etikrinti produkt\u0173 apsaug\u0105 ir atitikt\u012f saugos taisykl\u0117ms.<\/p>\n<h2><strong>Kaip veikia pakuot\u0117s sandarumo testeris<\/strong><\/h2>\n<h3><strong>Bandymo s\u0105ranka ir proced\u016bra<\/strong><\/h3>\n<p>Nor\u0117dami atlikti nuot\u0117kio bandym\u0105 naudodami <strong>LT-02 nuot\u0117kio testeris<\/strong>, bandinys \u012fdedamas \u012f skaidri\u0105 akrilo kamer\u0105, pripildyt\u0105 vandens. Kamera sandariai u\u017edaryta, o valdymo blokas pradeda \u0161alinti or\u0105, kol pasiekiamas reikiamas vakuumo sl\u0117gis. Tada tikrinama, ar pakuot\u0117je n\u0117ra nuot\u0117kio, kuris pasirei\u0161kia burbuliuk\u0173 atsiradimu, kai oras i\u0161tr\u016bksta i\u0161 bet koki\u0173 ma\u017e\u0173 sandarinimo ang\u0173.<\/p>\n<h3><strong>LT-02 nuot\u0117kio testerio technin\u0117s savyb\u0117s<\/strong><\/h3>\n<ul>\n<li><strong>Didelio vakuumo galimyb\u0117s<\/strong>: LT-02 vakuuminis sl\u0117gis gali siekti iki <strong>-90KPa<\/strong> naudojant Venturi vamzdel\u012f. D\u0117l to juo galima aptikti net labai ma\u017eus nuot\u0117kius \u012fvairiose pakavimo med\u017eiagose.<\/li>\n<li><strong>Reguliuojamas bandymo laikas<\/strong>: Bandymo trukm\u0119 galima pritaikyti prie konkre\u010di\u0173 bandomos pakuot\u0117s reikalavim\u0173. \u0160i funkcija u\u017etikrina, kad galima veiksmingai i\u0161bandyti ir ma\u017eas, ir dideles pakuotes.<\/li>\n<li><strong>SMC vakuuminio sl\u0117gio jungiklis<\/strong>: LT-02 naudojamas auk\u0161tos kokyb\u0117s SMC vakuuminio sl\u0117gio jungiklis, kuris u\u017etikrina tiksli\u0105 ir patikim\u0105 vakuumo lygio kontrol\u0119 bandymo metu.<\/li>\n<li><strong>Pritaikoma bandym\u0173 kamera<\/strong>: Kamera pagaminta i\u0161 patvaraus, skaidraus akrilo, o jos dyd\u012f ir form\u0105 galima pritaikyti skirtingiems pakuo\u010di\u0173 formatams, \u012fskaitant cilindro ir kubo formos pakuotes.<\/li>\n<li><strong>Pasirinktiniai auk\u0161tesni vakuumo lygiai<\/strong>: LT-02 yra suderinamas su vakuuminiu siurbliu didesniam vakuumo lygiui pasiekti, pagal <strong>ASTM D4991<\/strong>, d\u0117l grie\u017etesni\u0173 bandym\u0173 reikalavim\u0173.<\/li>\n<\/ul>\n<h2><strong>Pakuo\u010di\u0173 sandarumo bandym\u0173 taikymas<\/strong><\/h2>\n<h3><strong>Pramon\u0117s taikomosios programos<\/strong><\/h3>\n<ul>\n<li><strong>Maisto pramon\u0117<\/strong>: LT-02 yra labai svarbus u\u017etikrinant pakuo\u010di\u0173 vientisum\u0105 maisto pramon\u0117je, u\u017ekertant keli\u0105 greitai gendan\u010di\u0173 preki\u0173 u\u017eter\u0161imui, gedimui ar gedimui.<\/li>\n<li><strong>Vaistai ir medicinos prietaisai<\/strong>: LT-02 u\u017etikrina, kad produkt\u0173, kuriems reikia sterilios pakuot\u0117s, pavyzd\u017eiui, vaist\u0173 ar medicinos prietais\u0173, pakuo\u010di\u0173 sandarumas b\u016bt\u0173 sandarus ir apsaugot\u0173 nuo u\u017eter\u0161imo.<\/li>\n<li><strong>Pakuo\u010di\u0173 gamintojai<\/strong>: LT-02 taip pat pla\u010diai naudoja pakuo\u010di\u0173 gamintojai, nor\u0117dami i\u0161bandyti ir patikrinti savo gamini\u0173 veikim\u0105 prie\u0161 juos pateikiant klientams.<\/li>\n<\/ul>\n<h3><strong>Tvari\u0173 pakuo\u010di\u0173 bandymai<\/strong><\/h3>\n<p>Did\u0117jant tvari\u0173 ir ekologi\u0161k\u0173 pakuo\u010di\u0173 sprendim\u0173 paklausai, LT-02 gali pad\u0117ti i\u0161bandyti alternatyvi\u0173 med\u017eiag\u0173 atsparum\u0105 nuot\u0117kiui, u\u017etikrinant, kad \u0161ios naujos pakuot\u0117s atitikt\u0173 tuos pa\u010dius saugos ir apsaugos standartus kaip ir tradicin\u0117s pakuot\u0117s.<\/p>\n<h2><strong>Pakuot\u0117s sandarumo testerio naudojimo privalumai<\/strong><\/h2>\n<ul>\n<li><strong>Tikslumas ir patikimumas<\/strong>: LT-02 pateikia tikslius ir patikimus rezultatus, tod\u0117l bet kokie pakuo\u010di\u0173 sandarinimo defektai aptinkami ir pa\u0161alinami ankstyvoje gamybos proceso stadijoje.<\/li>\n<li><strong>Ekonominis efektyvumas<\/strong>: Nustatydami pakuo\u010di\u0173 defektus prie\u0161 gaminiams patenkant \u012f rink\u0105, gamintojai gali i\u0161vengti brangiai kainuojan\u010dio gamini\u0173 at\u0161aukimo, klient\u0173 nepasitenkinimo ir sugadint\u0173 preki\u0173.<\/li>\n<li><strong>Atitiktis pramon\u0117s standartams<\/strong>: LT-02 atitinka <strong>ASTM D3078<\/strong> ir kitus atitinkamus pakuo\u010di\u0173 bandym\u0173 standartus, padedan\u010dius gamintojams laikytis produkt\u0173 saugos ir pakuo\u010di\u0173 kokyb\u0117s reikalavim\u0173.<\/li>\n<\/ul>\n<h2><strong>LT-02 nuot\u0117kio testerio technin\u0117s specifikacijos<\/strong><\/h2>\n<table>\n<tbody>\n<tr>\n<td style=\"text-align: center;\" width=\"129\">Bandym\u0173 diapazonas<\/td>\n<td style=\"text-align: center;\" width=\"229\">0 ~ 90 KPa<\/td>\n<\/tr>\n<tr>\n<td style=\"text-align: center;\" width=\"129\">R\u016bmai<\/td>\n<td width=\"229\">Akrilo cilindro formos<\/td>\n<\/tr>\n<tr>\n<td style=\"text-align: center;\" width=\"129\">Bandym\u0173 erdv\u0117<\/td>\n<td style=\"text-align: center;\" width=\"229\">\u03a6270*H210mm (vidin\u0117 naudojimo dalis)<\/td>\n<\/tr>\n<tr>\n<td style=\"text-align: center;\" width=\"129\">Susl\u0117gtas oras<\/td>\n<td style=\"text-align: center;\" width=\"229\">0,7 MPa (Parengta pagal naudotojo pageidavim\u0105)<\/td>\n<\/tr>\n<tr>\n<td style=\"text-align: center;\" width=\"129\">Maitinimas<\/td>\n<td style=\"text-align: center;\" width=\"229\">110 V arba 220 V 50\/60 Hz<\/td>\n<\/tr>\n<\/tbody>\n<\/table>\n<h2><strong>Da\u017enai u\u017eduodami klausimai (DUK)<\/strong><\/h2>\n<ul>\n<li><strong>Kas yra ASTM D3078 ir kaip jis susij\u0119s su pakuo\u010di\u0173 sandarumo bandymais?<\/strong><br \/>\n<strong>ASTM D3078<\/strong> yra standartinis bandym\u0173 metodas, skirtas aptikti didelius lanks\u010di\u0173 pakuo\u010di\u0173 nesandarumus naudojant burbul\u0173 emisij\u0105 vandens kameroje. Jis pla\u010diai naudojamas maisto, vaist\u0173 ir medicinos prietais\u0173 pakuot\u0117se.<\/li>\n<li><strong>Kaip LT-02 nuot\u0117kio testeris aptinka nuot\u0117kius?<\/strong><br \/>\nLT-02 naudojama vakuumin\u0117 kamera, pripildyta vandens. Kai i\u0161 pakuot\u0117s i\u0161leid\u017eiamas oras, susidaro burbuliukai, tod\u0117l lengva vizualiai nustatyti nesandarumus.<\/li>\n<li><strong>Kokioms pramon\u0117s \u0161akoms naudinga naudoti pakuo\u010di\u0173 sandarumo tester\u012f?<\/strong><br \/>\nTokiose pramon\u0117s \u0161akose kaip maisto produkt\u0173, vaist\u0173, medicinos prietais\u0173 ir pakuo\u010di\u0173 gamintojai gali naudotis pakuo\u010di\u0173 sandarumo testeriais, kad u\u017etikrint\u0173 produkt\u0173 kokyb\u0119 ir atitikt\u012f reikalavimams.<\/li>\n<li><strong>Ar LT-02 galima naudoti skirting\u0173 dyd\u017ei\u0173 pakuot\u0117ms?<\/strong><br \/>\nTaip, LT-02 turi pritaikomus kamer\u0173 dyd\u017eius, kad b\u016bt\u0173 galima naudoti \u012fvairi\u0173 format\u0173 pakuotes - nuo ma\u017e\u0173 maisto konteineri\u0173 iki didesni\u0173 medicinini\u0173 pakuo\u010di\u0173.<\/li>\n<li><strong>Kaip paruo\u0161ti LT-02 nuot\u0117kio tester\u012f naudojimui?<\/strong><br \/>\nLT-02 nustatymas nesud\u0117tingas. Tiesiog \u012fd\u0117kite pakuot\u0119 \u012f kamer\u0105, u\u017eplombuokite j\u0105 ir pagal poreik\u012f sureguliuokite vakuumo ir bandymo laiko nustatymus. Tuomet prietaisas atliks bandym\u0105 ir, aptikus nuot\u0117k\u012f, pateiks vaizdin\u0119 gr\u012f\u017etam\u0105j\u0105 informacij\u0105.<\/li>\n<\/ul>\n<p>Svetain\u0117 <strong>LT-02 pakuot\u0117s sandarumo testeris<\/strong> i\u0161 \"Cell Instruments\" yra labai svarbus \u012frankis, u\u017etikrinantis pakuo\u010di\u0173 sandarumo vientisum\u0105 \u012fvairiose pramon\u0117s \u0161akose. Nesvarbu, ar pakuojate maisto produktus, vaistus, ar gaminate pakuotes, LT-02 si\u016blo tikslius, patikimus ir veiksmingus sandarumo bandymus, atitinkan\u010dius <strong>ASTM D3078<\/strong> ir kitus atitinkamus standartus. D\u0117l pritaikom\u0173 funkcij\u0173, didelio vakuumo galimybi\u0173 ir patogaus valdymo LT-02 padeda u\u017etikrinti produkt\u0173 kokyb\u0119, suma\u017einti gamybos s\u0105naudas ir i\u0161laikyti atitikt\u012f teis\u0117s akt\u0173 reikalavimams.<\/p>\n<p>Pasirinkite <strong>LT-02 pakuot\u0117s sandarumo testeris<\/strong> atlikti sandarumo bandymus ir u\u017etikrinti, kad j\u016bs\u0173 pakuot\u0117s u\u017etikrint\u0173 auk\u0161\u010diausio lygio produkt\u0173 apsaug\u0105.<\/p>","protected":false},"excerpt":{"rendered":"<p>Pakuo\u010di\u0173 plomb\u0173 vientisumo u\u017etikrinimas yra labai svarbus siekiant apsaugoti produktus nuo u\u017eter\u0161imo, gedimo ir gedimo. Patikimas pakuo\u010di\u0173 sandarumo testeris, pvz. <strong>LT-02 nuot\u0117kio testeris<\/strong> atlieka svarb\u0173 vaidmen\u012f \u012fvairiose pramon\u0117s \u0161akose - nuo maisto produkt\u0173 pakuo\u010di\u0173 iki vaist\u0173 - ir suteikia svarbi\u0173 \u012f\u017evalg\u0173 apie pakuo\u010di\u0173 kokyb\u0119. \u0160is pa\u017eangus sandarumo testavimo prietaisas padeda gamintojams anksti aptikti ir pa\u0161alinti pakuo\u010di\u0173 defektus, u\u017etikrinant, kad produktai i\u0161likt\u0173 saug\u016bs, \u0161vie\u017ei ir atitikt\u0173 pramon\u0117s standartus.<\/p>","protected":false},"featured_media":5984,"comment_status":"closed","ping_status":"closed","template":"","meta":{"site-sidebar-layout":"default","site-content-layout":"default","ast-global-header-display":"","ast-main-header-display":"","ast-hfb-above-header-display":"","ast-hfb-below-header-display":"","ast-hfb-mobile-header-display":"","site-post-title":"disabled","ast-breadcrumbs-content":"","ast-featured-img":"disabled","footer-sml-layout":"","theme-transparent-header-meta":"default","adv-header-id-meta":"","stick-header-meta":"","header-above-stick-meta":"","header-main-stick-meta":"","header-below-stick-meta":""},"product_cat":[845,674,675,17,149,16,105,135,95],"product_tag":[],"class_list":{"0":"post-1728","1":"product","2":"type-product","3":"status-publish","4":"has-post-thumbnail","6":"product_cat-customization","7":"product_cat-test-items","8":"product_cat-leak-tester","9":"product_cat-package-container-testers","10":"product_cat-pharma-and-medical-testers","11":"product_cat-plastic-packaging-testers","12":"product_cat-astm-d3078","13":"product_cat-astm-d4991","14":"product_cat-products","15":"desktop-align-left","16":"tablet-align-left","17":"mobile-align-left","19":"first","20":"instock","21":"shipping-taxable","22":"product-type-simple"},"_links":{"self":[{"href":"https:\/\/www.qualitester.com\/lt\/wp-json\/wp\/v2\/product\/1728","targetHints":{"allow":["GET"]}}],"collection":[{"href":"https:\/\/www.qualitester.com\/lt\/wp-json\/wp\/v2\/product"}],"about":[{"href":"https:\/\/www.qualitester.com\/lt\/wp-json\/wp\/v2\/types\/product"}],"replies":[{"embeddable":true,"href":"https:\/\/www.qualitester.com\/lt\/wp-json\/wp\/v2\/comments?post=1728"}],"version-history":[{"count":0,"href":"https:\/\/www.qualitester.com\/lt\/wp-json\/wp\/v2\/product\/1728\/revisions"}],"wp:featuredmedia":[{"embeddable":true,"href":"https:\/\/www.qualitester.com\/lt\/wp-json\/wp\/v2\/media\/5984"}],"wp:attachment":[{"href":"https:\/\/www.qualitester.com\/lt\/wp-json\/wp\/v2\/media?parent=1728"}],"wp:term":[{"taxonomy":"product_cat","embeddable":true,"href":"https:\/\/www.qualitester.com\/lt\/wp-json\/wp\/v2\/product_cat?post=1728"},{"taxonomy":"product_tag","embeddable":true,"href":"https:\/\/www.qualitester.com\/lt\/wp-json\/wp\/v2\/product_tag?post=1728"}],"curies":[{"name":"wp","href":"https:\/\/api.w.org\/{rel}","templated":true}]}}