{"id":1596,"date":"2023-04-25T10:41:14","date_gmt":"2023-04-25T02:41:14","guid":{"rendered":"https:\/\/www.qualitester.com\/?post_type=product&#038;p=1596"},"modified":"2025-01-13T16:59:36","modified_gmt":"2025-01-13T08:59:36","slug":"gel-strength-tester-gst-01","status":"publish","type":"product","link":"https:\/\/www.qualitester.com\/lt\/produktas-2\/gel-strength-tester-gst-01\/","title":{"rendered":"GST-01 gelio stiprumo testeris"},"content":{"rendered":"<div class=\"flex flex-grow flex-col max-w-full\">\n<div class=\"min-h-[20px] text-message flex flex-col items-start whitespace-pre-wrap break-words [.text-message+&amp;]:mt-5 juice:w-full juice:items-end overflow-x-auto gap-2\" dir=\"auto\" data-message-author-role=\"assistant\" data-message-id=\"eb5e23d0-8601-4a2a-8e4f-fedfd0d9ac96\">\n<div class=\"flex w-full flex-col gap-1 juice:empty:hidden juice:first:pt-[3px]\">\n<div class=\"markdown prose w-full break-words dark:prose-invert light\">\n<h2>I. \u012evadas \u012f gelio stiprumo tester\u012f<\/h2>\n<p>Svetain\u0117 <strong>gelio stiprumo testeris<\/strong> yra specializuotas prietaisas, skirtas \u012fvairiose pramon\u0117s \u0161akose naudojam\u0173 geli\u0173 tvirtumui ir konsistencijai matuoti. Bloom testeris yra labai svarbus u\u017etikrinant produkt\u0173 kokyb\u0119 ir pastovum\u0105, tod\u0117l atlieka svarb\u0173 vaidmen\u012f \u012fvairiose pramon\u0117s \u0161akose. Pirmiausia jis naudojamas maisto sektoriuje, ypa\u010d matuojant surimio pagrindu pagamint\u0173 produkt\u0173, pavyzd\u017eiui, krab\u0173 m\u0117sos imitacijos, gelio tvirtum\u0105, kuris turi tiesiogin\u0117s \u012ftakos tekst\u016brai ir vartotoj\u0173 pasitenkinimui.<\/p>\n<h2>II. \u017delatinos \u017eyd\u0117jimo stiprumas<\/h2>\n<p>Gelio stiprumas yra labai svarbus kokyb\u0117s parametras, turintis tiesiogin\u0119 \u012ftak\u0105 produkt\u0173 tekst\u016brai, veikimui ir vartotoj\u0173 pripa\u017einimui. Pavyzd\u017eiui, maisto pramon\u0117je \u017eelatinos ar surimio pagrindu pagamint\u0173 produkt\u0173 tvirtumas turi \u012ftakos j\u0173 skoniui burnoje, tvirtumui ir bendram jusliniam patrauklumui. Pana\u0161iai ir farmacijos srityje, siekiant veiksmingai tiekti vaistus, labai svarbu, kad \u017eel\u0117 b\u016bt\u0173 pastovi.<\/p>\n<h3>Gelio stiprumo apibr\u0117\u017etis<\/h3>\n<p>Gelio stiprumas - tai gelio geb\u0117jimas atsispirti deformacijai veikiant j\u0117gai. Jis matuojamas g-cm, kuris yra j\u0117gos ir atstumo sandauga. Tai labai svarbus kokyb\u0117s parametras, ypa\u010d maisto pramon\u0117je, kur toki\u0173 produkt\u0173 kaip surimio tekst\u016bra ir tvirtumas yra labai svarb\u016bs vartotojams. . <strong>matuoti gelio stiprum\u0105<\/strong> taip pat taikoma ir kitose pramon\u0117s \u0161akose, pavyzd\u017eiui, farmacijos pramon\u0117je, kur u\u017etikrina gelio pagrindo vaist\u0173 nuoseklum\u0105 ir veiksmingum\u0105.<\/p>\n<h3>\"Bloom\" stiprumo apibr\u0117\u017eimas<\/h3>\n<p>\"Bloom\" stiprumas yra specifinis gelio tvirtumo matas, apibr\u0117\u017eiamas kaip svoris gramais, kurio reikia gelio pavir\u0161iui nuspausti 4 mm. Jis pla\u010diai naudojamas \u017eelatinos pramon\u0117je produkto kokybei ir pastovumui \u012fvertinti.<\/p>\n<h3>Taikymo pavyzd\u017eiai<\/h3>\n<ul>\n<li><strong>Surimio pramon\u0117<\/strong>: Gaminant krab\u0173 m\u0117sos imitacij\u0105, gelio stiprumas lemia produkto tekst\u016br\u0105 ir kokyb\u0119.<\/li>\n<li><strong>Farmacijos produktai<\/strong>: U\u017etikrina gelio pagrindo vaist\u0173 nuoseklum\u0105.<\/li>\n<li><strong>Klijai ir kitos pramon\u0117s \u0161akos<\/strong>: Labai svarbus gaminio veikimui ir taikymui.<\/li>\n<\/ul>\n<div class=\"ast-oembed-container\" style=\"height: 100%;\"><iframe title=\"Gelio stiprumo testeris | Tekst\u016bros analiz\u0117\" width=\"500\" height=\"281\" src=\"https:\/\/www.youtube.com\/embed\/SdmIrfBA4P4?feature=oembed\" frameborder=\"0\" allow=\"accelerometer; autoplay; clipboard-write; encrypted-media; gyroscope; picture-in-picture; web-share\" referrerpolicy=\"strict-origin-when-cross-origin\" allowfullscreen><\/iframe><\/div>\n<h2>III. Pagrindin\u0117s Bloom testerio savyb\u0117s<\/h2>\n<h3>Testo elementai<\/h3>\n<ul>\n<li><strong>SVORIS<\/strong>: Matuoti atstum\u0105 esant tam tikrai apkrovai<\/li>\n<li><strong>PEAK<\/strong>: Gelio stiprumui matuoti<\/li>\n<li><strong>DISTANCIJA<\/strong>: Matuoti apkrov\u0105 tam tikru atstumu<\/li>\n<li><strong>BLOOM<\/strong> <strong>STRENGTH<\/strong>: I\u0161matuoti svor\u012f gramais, reikaling\u0105 gelio pavir\u0161iui \u012fdubti 4 mm.<\/li>\n<\/ul>\n<h3>Technin\u0117s specifikacijos<\/h3>\n<p>\"Bloom Tester\" sukurtas tiksliai ir tvirtai. Jo technin\u0117s specifikacijos:<\/p>\n<table width=\"465\">\n<tbody>\n<tr>\n<td width=\"181\">Bandym\u0173 diapazonas<\/td>\n<td width=\"284\">0-50N (arba pagal poreik\u012f)<\/td>\n<\/tr>\n<tr>\n<td>Insultas<\/td>\n<td>110 mm (be zondo)<\/td>\n<\/tr>\n<tr>\n<td>Bandymo greitis<\/td>\n<td>1 ~ 100 mm\/min<\/td>\n<\/tr>\n<tr>\n<td>I\u0161st\u016bmimo tikslumas<\/td>\n<td>0,01 mm<\/td>\n<\/tr>\n<tr>\n<td>Tikslumas<\/td>\n<td>0,5% F.S.<\/td>\n<\/tr>\n<tr>\n<td>Valdymas<\/td>\n<td>PLC ir \u017emogaus ir ma\u0161inos s\u0105saja<\/td>\n<\/tr>\n<tr>\n<td>I\u0161\u0117jimas<\/td>\n<td>Ekranas, mikroprinteris, RS232 (pasirinktinai)<\/td>\n<\/tr>\n<\/tbody>\n<\/table>\n<h3>\"Bloom Tester\" technin\u0117 funkcija<\/h3>\n<ul>\n<li><strong>PLC valdomas \u012frenginys<\/strong>: Si\u016blomas pramoninio lygio stabilumas su HMI jutiklinio ekrano valdymu.<\/li>\n<li><strong>7 coli\u0173 HMI jutiklinis ekranas<\/strong>: Patogi vartotojo s\u0105saja ir paprastas valdymas.<\/li>\n<li><strong>Tikslus rutulinis \u0161vino sraigto mechanizmas<\/strong>: Tiksliai valdomas greitis ir poslinkis.<\/li>\n<li><strong>Specialiai sukurta programa<\/strong>: Padidina lankstum\u0105 atliekant \u012fvairius gelio stiprumo bandymus.<\/li>\n<li><strong>Keli \u0161viestuvai<\/strong>: Leid\u017eia atlikti \u012fvairias tekst\u016bros analizes.<\/li>\n<li><strong>Saugos funkcijos<\/strong>: Apima va\u017eiavimo ribos apsaug\u0105, automatin\u012f gr\u012f\u017eim\u0105 ir apkrovos elemento apsaugos dangtel\u012f.<\/li>\n<li><strong>Keli testo elementai<\/strong>: Tiksliai matuoja svor\u012f, pik\u0105 ir atstum\u0105.<\/li>\n<li><strong>Ta\u0161kin\u0117s matricos tipo mikroprinteris<\/strong>: Lengviau i\u0161 karto atsispausdinti tyrim\u0173 rezultatus.<\/li>\n<li><strong>RS 232 prievadas ir profesionali programin\u0117 \u012franga<\/strong>: (pasirinktinai) I\u0161pl\u0117stiniam duomen\u0173 valdymui.<\/li>\n<\/ul>\n<h4>Pritaikymas<\/h4>\n<p>GST-01 galima keisti nustatymus, pritaikytus konkretiems testavimo poreikiams. Jame galima koreguoti bandymo elementus ir zondus, kad jie tikt\u0173 skirtingoms gelio stiprumo ir tekst\u016bros analiz\u0117ms.<\/p>\n<h3>IV. Bloom stiprumo bandymo procesas<\/h3>\n<p>Atliekant gelio stiprumo bandym\u0105, gelio bandinio pavir\u0161ius suspaud\u017eiamas tam tikro skersmens ir ilgio perforatoriumi. Standartiniai nustatymai yra \u0161ie:<\/p>\n<ul>\n<li><strong>Zondo skersmuo<\/strong>: 5 mm<\/li>\n<li><strong>Suspaudimo greitis<\/strong>: 60 mm\/min<\/li>\n<li><strong>Matavimo vienetas<\/strong>: g-cm (j\u0117ga \u00d7 atstumas)<\/li>\n<\/ul>\n<p>Registruojama j\u0117ga, naudojama tol, kol gelis praduria, ir taip tiksliai nustatomas jo stiprumas.<\/p>\n<h3>V. GST-01 gelio stiprumo testerio taikymas<\/h3>\n<h4>Maisto pramon\u0117<\/h4>\n<ul>\n<li><strong>Surimio gamybos kokyb\u0117s kontrol\u0117<\/strong>: U\u017etikrina pastovi\u0105 produkt\u0173, pavyzd\u017eiui, krab\u0173 m\u0117sos imitacijos, tekst\u016br\u0105 ir kokyb\u0119.<\/li>\n<li><strong>Gelio pagrindo maisto produkt\u0173 konsistencijos patikrinimai<\/strong>: Labai svarbus siekiant i\u0161laikyti \u012fvairi\u0173 gelini\u0173 maisto produkt\u0173 produkt\u0173 standartus.<\/li>\n<\/ul>\n<h4>Medicinos ir farmacijos pramon\u0117<\/h4>\n<ul>\n<li><strong>Gelio pagrindu pagamint\u0173 medicinos produkt\u0173 bandymas<\/strong>: U\u017etikrina gelio pagrindo medicinini\u0173 produkt\u0173 veiksmingum\u0105 ir nuoseklum\u0105.<\/li>\n<li><strong>Farmacijos taikymas<\/strong>: U\u017etikrina gelio pagrindo vaist\u0173 kokyb\u0117s kontrol\u0119.<\/li>\n<\/ul>\n<h3>VI. DUK<\/h3>\n<h4>1. Kas yra gelio stiprumas ir kod\u0117l jis svarbus?<\/h4>\n<p><strong>Gelio stiprumas<\/strong> matuojamas gelio atsparumas deformacijai veikiant j\u0117gai, o tai labai svarbu nustatant maisto produkt\u0173 ir vaist\u0173 tekst\u016br\u0105 ir kokyb\u0119.<\/p>\n<h4>2. Kaip veikia GST-01 gelio stiprumo testeris?<\/h4>\n<p>GST-01 naudojant perforatoriaus zond\u0105 gelio pavir\u0161ius suspaud\u017eiamas pastoviu deformacijos grei\u010diu iki prad\u016brimo, registruojant j\u0117g\u0105 ir atstum\u0105, kad b\u016bt\u0173 galima apskai\u010diuoti gelio stiprum\u0105.<\/p>\n<h4>3. Kokios yra pagrindin\u0117s GST-01 savyb\u0117s?<\/h4>\n<p>GST-01 turi 7 coli\u0173 HMI jutiklin\u012f ekran\u0105, tiksl\u0173 rutulin\u012f \u0161vino sraigto mechanizm\u0105, daugyb\u0119 laikikli\u0173 ir saugos funkcij\u0173, tod\u0117l yra labai tikslus ir patogus naudoti.<\/p>\n<h4>4. Ar galima GST-01 pritaikyti konkretiems tyrimams?<\/h4>\n<p>Taip, GST-01 galima keisti nustatymus ir zondus, kad atitikt\u0173 konkre\u010dius bandym\u0173 poreikius, tod\u0117l j\u012f galima naudoti \u012fvairiose srityse.<\/p>\n<h4>5. Kas yra gelio stiprumo bandymas?<\/h4>\n<p>\"Bloom\" stiprumas yra gelio, paprastai \u017eelatinos, tvirtumo matas, kuris apibr\u0117\u017eiamas kaip svoris gramais, kurio reikia, kad standartinis st\u016bmoklis \u012f gel\u012f b\u016bt\u0173 \u012fspaustas 4 mm. Tai pagrindinis parametras maisto pramon\u0117je, pagal kur\u012f nustatoma \u017eelatinos pagrindu pagamint\u0173 produkt\u0173 kokyb\u0117 ir stingimo savyb\u0117s.<\/p>\n<h2>Susij\u0119s straipsnis ir produktai<\/h2>\n<p>TEX-01 <a href=\"https:\/\/www.qualitester.com\/lt\/produktas-2\/sale-cheap-texture-analyser\/\" target=\"_blank\" rel=\"noopener\">Tekst\u016bros analizatorius<\/a><\/p>\n<\/div>\n<\/div>\n<\/div>\n<\/div>","protected":false},"excerpt":{"rendered":"<p>Svetain\u0117 <strong>GST-01 gelio stiprumo testeris<\/strong> yra modernus prietaisas, skirtas tiksliam gelio stiprumo matavimui. GST-01 yra labai svarbus \u012fvairiose pramon\u0117s \u0161akose, nes padeda u\u017etikrinti produkt\u0173 kokyb\u0119 ir pastovum\u0105. Pirmiausia jis naudojamas maisto sektoriuje, ypa\u010d matuojant surimio pagrindu pagamint\u0173 produkt\u0173, pavyzd\u017eiui, krab\u0173 m\u0117sos imitacijos, gelio stiprum\u0105, kuris turi tiesiogin\u0117s \u012ftakos tekst\u016brai ir vartotoj\u0173 pasitenkinimui.<\/p>","protected":false},"featured_media":6013,"comment_status":"closed","ping_status":"closed","template":"","meta":{"site-sidebar-layout":"default","site-content-layout":"default","ast-global-header-display":"","ast-main-header-display":"","ast-hfb-above-header-display":"","ast-hfb-below-header-display":"","ast-hfb-mobile-header-display":"","site-post-title":"disabled","ast-breadcrumbs-content":"","ast-featured-img":"disabled","footer-sml-layout":"","theme-transparent-header-meta":"default","adv-header-id-meta":"","stick-header-meta":"","header-above-stick-meta":"","header-main-stick-meta":"","header-below-stick-meta":""},"product_cat":[845,929,928,95],"product_tag":[],"class_list":{"0":"post-1596","1":"product","2":"type-product","3":"status-publish","4":"has-post-thumbnail","6":"product_cat-customization","7":"product_cat-gel-strength-tester","8":"product_cat-tpa-texture-analyzer","9":"product_cat-products","10":"desktop-align-left","11":"tablet-align-left","12":"mobile-align-left","14":"first","15":"instock","16":"shipping-taxable","17":"product-type-simple"},"_links":{"self":[{"href":"https:\/\/www.qualitester.com\/lt\/wp-json\/wp\/v2\/product\/1596","targetHints":{"allow":["GET"]}}],"collection":[{"href":"https:\/\/www.qualitester.com\/lt\/wp-json\/wp\/v2\/product"}],"about":[{"href":"https:\/\/www.qualitester.com\/lt\/wp-json\/wp\/v2\/types\/product"}],"replies":[{"embeddable":true,"href":"https:\/\/www.qualitester.com\/lt\/wp-json\/wp\/v2\/comments?post=1596"}],"version-history":[{"count":0,"href":"https:\/\/www.qualitester.com\/lt\/wp-json\/wp\/v2\/product\/1596\/revisions"}],"wp:featuredmedia":[{"embeddable":true,"href":"https:\/\/www.qualitester.com\/lt\/wp-json\/wp\/v2\/media\/6013"}],"wp:attachment":[{"href":"https:\/\/www.qualitester.com\/lt\/wp-json\/wp\/v2\/media?parent=1596"}],"wp:term":[{"taxonomy":"product_cat","embeddable":true,"href":"https:\/\/www.qualitester.com\/lt\/wp-json\/wp\/v2\/product_cat?post=1596"},{"taxonomy":"product_tag","embeddable":true,"href":"https:\/\/www.qualitester.com\/lt\/wp-json\/wp\/v2\/product_tag?post=1596"}],"curies":[{"name":"wp","href":"https:\/\/api.w.org\/{rel}","templated":true}]}}