{"id":1516,"date":"2023-04-23T13:57:31","date_gmt":"2023-04-23T05:57:31","guid":{"rendered":"https:\/\/www.qualitester.com\/?post_type=product&#038;p=1516"},"modified":"2026-04-23T10:05:49","modified_gmt":"2026-04-23T02:05:49","slug":"film-free-shrink-tester-fst-01","status":"publish","type":"product","link":"https:\/\/www.qualitester.com\/lt\/produktas-2\/film-free-shrink-tester-fst-01\/","title":{"rendered":"FST-01 Pl\u0117vel\u0117s nesusitraukimo testeris"},"content":{"rendered":"<h2>1. \u012evadas \u012f nesusitraukian\u010dios pl\u0117vel\u0117s tester\u012f<\/h2>\n<p>Svetain\u0117 <strong>Pl\u0117vel\u0117s be pl\u0117vel\u0117s susitraukimo testeris<\/strong> yra pa\u017eangus prietaisas, skirtas plastikini\u0173 pl\u0117veli\u0173 susitraukimo savyb\u0117ms, veikiant kar\u0161\u010diui, matuoti. \u0160is prietaisas atlieka svarb\u0173 vaidmen\u012f u\u017etikrinant med\u017eiag\u0173 kokyb\u0119 ir veikim\u0105 \u012fvairiose pramon\u0117s \u0161akose, \u012fskaitant pakavimo, maisto, medicinos ir farmacijos pramon\u0119. \u012evertin\u0119 pl\u0117veli\u0173 susitraukim\u0105 kar\u0161\u010diu, gamintojai gali optimizuoti savo gamini\u0173 ilgaam\u017ei\u0161kum\u0105 ir veiksmingum\u0105, kad jie atitikt\u0173 ir pramon\u0117s standartus, ir vartotoj\u0173 l\u016bkes\u010dius.<\/p>\n<p><img fetchpriority=\"high\" decoding=\"async\" class=\"aligncenter wp-image-4262\" src=\"https:\/\/www.qualitester.com\/wp-content\/uploads\/2023\/04\/ASTM-D2732-film-free-shrink-tester.jpg\" alt=\"ASTM D2732 pl\u0117vel\u0117s nesusitraukimo testeris\" width=\"450\" height=\"450\" srcset=\"https:\/\/www.qualitester.com\/wp-content\/uploads\/2023\/04\/ASTM-D2732-film-free-shrink-tester.jpg 600w, https:\/\/www.qualitester.com\/wp-content\/uploads\/2023\/04\/ASTM-D2732-film-free-shrink-tester-300x300.jpg 300w, https:\/\/www.qualitester.com\/wp-content\/uploads\/2023\/04\/ASTM-D2732-film-free-shrink-tester-150x150.jpg 150w, https:\/\/www.qualitester.com\/wp-content\/uploads\/2023\/04\/ASTM-D2732-film-free-shrink-tester-100x100.jpg 100w\" sizes=\"(max-width: 450px) 100vw, 450px\" \/><\/p>\n<h2>2. Produkto savyb\u0117s<\/h2>\n<h3>(1) Technin\u0117s specifikacijos<\/h3>\n<table width=\"308\">\n<tbody>\n<tr>\n<td width=\"150\">Imties dydis<\/td>\n<td width=\"158\">\u2264160 mm x 160 mm<\/td>\n<\/tr>\n<tr>\n<td>Temperat\u016bros diapazonas<\/td>\n<td>Aplinka ~ 200 \u00b0C<\/td>\n<\/tr>\n<tr>\n<td>Tikslumas<\/td>\n<td>\u00b10.3\u00b0C<\/td>\n<\/tr>\n<tr>\n<td>Matmenys<\/td>\n<td>37*44*28 LWH cm<\/td>\n<\/tr>\n<tr>\n<td>Maitinimo \u0161altinis<\/td>\n<td>220 V 50 Hz<\/td>\n<\/tr>\n<\/tbody>\n<\/table>\n<h3>(2) Patikima priemon\u0117<\/h3>\n<h4><strong>Tikslumas ir patikimumas<\/strong><\/h4>\n<p>Bepl\u0117vel\u0117s susitraukimo testeris pasi\u017eymi neprilygstamu tikslumu ir patikimumu. Naudojant itin tiksli\u0105 temperat\u016bros kontrol\u0117s sistem\u0105 u\u017etikrinama, kad bandymo s\u0105lygos i\u0161likt\u0173 pastovios ir rezultatai kaskart b\u016bt\u0173 pakartojami. \u0160is tikslumas yra labai svarbus siekiant i\u0161laikyti bandymo vientisum\u0105 ir u\u017etikrinti, kad surinkti duomenys b\u016bt\u0173 patikimi ir tinkami naudoti.<\/p>\n<h4><strong>Patogi vartotojui s\u0105saja<\/strong><\/h4>\n<p>Suprojektuotas taip, kad j\u012f b\u016bt\u0173 lengva naudoti, nesusitraukian\u010di\u0173 pl\u0117veli\u0173 testeris turi intuityv\u0173 valdymo skydel\u012f, kuris supaprastina testavimo proces\u0105. Skaitmeniniame ekrane ai\u0161kiai ir ai\u0161kiai registruojami duomenys, tod\u0117l operatoriams lengva steb\u0117ti ir registruoti bandym\u0173 rezultatus. \u0160i vartotojui patogi s\u0105saja suma\u017eina mokymosi kreiv\u0119 ir padidina bandym\u0173 proceso efektyvum\u0105.<\/p>\n<h3>(3) I\u0161samios paslaugos - pritaikymo parinktys<\/h3>\n<h4><strong>Individual\u016bs sprendimai konkretiems testavimo poreikiams<\/strong><\/h4>\n<p>\"Cell Instruments\" supranta, kad skirtingose pramon\u0117s \u0161akose taikomi unikal\u016bs bandym\u0173 reikalavimai. Tod\u0117l si\u016blome individualius sprendimus, atitinkan\u010dius konkre\u010dius poreikius. Nesvarbu, ar tai b\u016bt\u0173 testerio pritaikymas tam tikr\u0173 tip\u0173 pl\u0117vel\u0117ms, ar jo integravimas \u012f esamas automatizuotas sistemas, m\u016bs\u0173 komanda gali modifikuoti prietais\u0105 taip, kad jis tiksliai atitikt\u0173 j\u016bs\u0173 specifikacijas.<\/p>\n<h4><strong>Integracija su automatizuotomis sistemomis<\/strong><\/h4>\n<p>M\u016bs\u0173 pl\u0117vel\u0117s nesusitraukimo tester\u012f galima lengvai integruoti \u012f automatizuotas testavimo sistemas, taip padidinant na\u0161um\u0105 ir tikslum\u0105. \u0160i integracija leid\u017eia atlikti nuolatinius bandymus ir steb\u0117sen\u0105, o tai labai svarbu didel\u0117s apimties gamybos aplinkoje.<\/p>\n<h2>3. Bandym\u0173 metodai<\/h2>\n<h3>(1) Sandarumo be pl\u0117vel\u0117s bandymo ap\u017evalga<\/h3>\n<h4><strong>Testo tikslas<\/strong><\/h4>\n<p>Pagrindinis pl\u0117vel\u0117s susitraukimo be susitraukimo bandymo tikslas - nustatyti, kaip plastikin\u0117s pl\u0117vel\u0117s reaguoja \u012f \u0161ilum\u0105. \u0160is bandymas labai svarbus norint suprasti med\u017eiag\u0173 \u0161ilumines savybes, kurios gali tur\u0117ti \u012ftakos j\u0173 veikimui realiomis s\u0105lygomis.<\/p>\n<h4><strong>I\u0161bandyt\u0173 pl\u0117veli\u0173 tipai<\/strong><\/h4>\n<p>Pl\u0117vel\u0117s nesusitraukimo testeris tinka \u012fvairioms pl\u0117vel\u0117ms, \u012fskaitant pakavimo med\u017eiagas, maisto produkt\u0173 pakavimo pl\u0117veles, medicinos prietais\u0173 pakuotes, vaist\u0173 pakuotes, lipnias pl\u0117veles ir tekstil\u0119. Kiekviena pl\u0117vel\u0117s r\u016b\u0161is pasi\u017eymi specifin\u0117mis savyb\u0117mis, kurias reikia \u012fvertinti, kad b\u016bt\u0173 u\u017etikrintas optimalus veikimas.<\/p>\n<h3>(2) ASTM D2732 standartas<\/h3>\n<h4><strong>Standarto apra\u0161ymas<\/strong><\/h4>\n<p><a href=\"https:\/\/www.qualitester.com\/lt\/standards\/astm-d2732\/\" target=\"_blank\" rel=\"noopener\">ASTM D2732<\/a> tai standartizuotas bandymo metodas, naudojamas plastikini\u0173 pl\u0117veli\u0173 laisvajam susitraukimui, veikiant nustatytai temperat\u016brai, matuoti. \u0160is standartas suteikia nuosekli\u0105 bandymo atlikimo sistem\u0105, u\u017etikrinan\u010di\u0105, kad rezultatai b\u016bt\u0173 palyginami skirtingose laboratorijose ir taikant skirtingus metodus.<\/p>\n<h4><strong>Bandymo proced\u016bros apra\u0161as<\/strong><\/h4>\n<h5><strong>M\u0117ginio paruo\u0161imas<\/strong><\/h5>\n<p>M\u0117giniai supjaustomi pagal tiksl\u0173 dyd\u012f ir form\u0105, paprastai kvadratai arba sta\u010diakampiai. Norint u\u017etikrinti, kad rezultatai b\u016bt\u0173 tiksl\u016bs ir atspind\u0117t\u0173 med\u017eiagos savybes, b\u016btina tinkamai paruo\u0161ti bandinius.<\/p>\n<h5><strong>Bandymo s\u0105lygos<\/strong><\/h5>\n<p>Atliekant bandym\u0105 m\u0117giniai kaitinami iki nustatytos temperat\u016bros. Tiksli Pl\u0117vel\u0117s nesusitraukimo testerio temperat\u016bros kontrol\u0117 u\u017etikrina, kad bandiniai b\u016bt\u0173 veikiami tiksliomis s\u0105lygomis, kuri\u0173 reikalaujama pagal ASTM D2732 standart\u0105.<\/p>\n<h5><strong>Matavimas ir analiz\u0117<\/strong><\/h5>\n<p>Po kaitinimo bandiniai matuojami, kad b\u016bt\u0173 nustatytas susitraukimo laipsnis. Norint apskai\u010diuoti susitraukimo procent\u0105, palyginami matmenys prie\u0161 bandym\u0105 ir po jo. \u0160ie duomenys padeda nustatyti pl\u0117vel\u0117s \u0161ilumin\u0119 elgsen\u0105 ir tinkamum\u0105 konkre\u010dioms reikm\u0117ms.<\/p>\n<h2>4. Pramon\u0117s taikomosios programos<\/h2>\n<p>Pl\u0117vel\u0117s nesusitraukimo testeris yra labai svarbus \u012fvairioms pramon\u0117s \u0161akoms, kuri\u0173 kiekvienai keliami unikal\u016bs reikalavimai med\u017eiag\u0173 eksploatacin\u0117ms savyb\u0117ms.<\/p>\n<h3>(1) Pakavimo med\u017eiagos<\/h3>\n<p>Pakuo\u010di\u0173 pramon\u0117je pl\u0117vel\u0117s susitraukimo bandymas padeda kurti med\u017eiagas, u\u017etikrinan\u010dias optimali\u0105 apsaug\u0105 ir stabilum\u0105. Supratimas, kaip pl\u0117vel\u0117s reaguoja \u012f \u0161ilum\u0105, u\u017etikrina, kad pakuot\u0117s i\u0161likt\u0173 vientisos perdirbimo ir sand\u0117liavimo metu.<\/p>\n<h3>(2) Maisto produkt\u0173 pakuo\u010di\u0173 pl\u0117vel\u0117s<\/h3>\n<p>Maisto produkt\u0173 pakuot\u0117ms svarbiausia i\u0161laikyti produkto kokyb\u0119 ir saug\u0105. Kar\u0161\u010dio susitraukimo bandymu u\u017etikrinama, kad maisto pakuot\u0117ms naudojamos pl\u0117vel\u0117s b\u016bt\u0173 patvarios ir atlaikyt\u0173 s\u0105lygas, su kuriomis jos susiduria.<\/p>\n<h3>(3) Medicinos prietais\u0173 pakuot\u0117s<\/h3>\n<p>Medicinos prietais\u0173 pakuotei reikalingos apsaugin\u0117s ir sterilios med\u017eiagos. Pl\u0117vel\u0117s susitraukimo bandymas padeda atrinkti pl\u0117veles, atitinkan\u010dias \u0161iuos grie\u017etus reikalavimus ir u\u017etikrinan\u010dias medicinos produkt\u0173 saug\u0105 ir veiksmingum\u0105.<\/p>\n<h3>(4) Farmacijos pakuot\u0117s<\/h3>\n<p>Farmacijos pakuot\u0117s turi apsaugoti produktus nuo u\u017eter\u0161imo ir irimo. Susitraukimo bandymas u\u017etikrina, kad \u0161ioje pramon\u0117je naudojamos pl\u0117vel\u0117s pasi\u017eym\u0117t\u0173 reikiamomis barjerin\u0117mis savyb\u0117mis.<\/p>\n<h3>(5) Lipniosios pl\u0117vel\u0117s<\/h3>\n<p>Lipniosios pl\u0117vel\u0117s turi i\u0161laikyti savo savybes \u012fvairiomis s\u0105lygomis. Pl\u0117vel\u0117s susitraukimo bandymas padeda \u012fvertinti j\u0173 savybes, u\u017etikrinti, kad jos tinkamai prilimpa ir i\u0161laiko savo efektyvum\u0105.<\/p>\n<h3>(6) Tekstil\u0117 ir kiti<\/h3>\n<p>Tekstil\u0117s ir kitose pramon\u0117s \u0161akose pl\u0117veli\u0173 susitraukimo savybi\u0173 supratimas gali tur\u0117ti \u012ftakos galutinio gaminio patvarumui ir eksploatacin\u0117ms savyb\u0117ms. \u0160is bandymas suteikia verting\u0173 duomen\u0173, leid\u017eian\u010di\u0173 geriau parinkti med\u017eiagas ir patobulinti gamini\u0173 dizain\u0105.<\/p>\n<h2>5. Speciali\u0173j\u0173 bandym\u0173 galimyb\u0117s - specialieji bandym\u0173 reikalavimai<\/h2>\n<p>\"Cell Instruments\" si\u016blo u\u017esakomuosius bandym\u0173 sprendimus, atitinkan\u010dius konkre\u010dius reikalavimus. Nesvarbu, ar jums reikia i\u0161bandyti unikalias med\u017eiagas, ar reikalingos specialios bandymo s\u0105lygos, mes galime pritaikyti m\u016bs\u0173 nesusitraukian\u010dios pl\u0117vel\u0117s tester\u012f j\u016bs\u0173 poreikiams.<\/p>\n<h2>DUK<\/h2>\n<p><strong>1 klausimas: Koks yra pl\u0117vel\u0117s susitraukimo be pl\u0117vel\u0117s bandymo tikslas?<\/strong><\/p>\n<p>A : Atliekant pl\u0117vel\u0117s susitraukimo bandym\u0105, matuojamos plastikini\u0173 pl\u0117veli\u0173 susitraukimo savyb\u0117s veikiant kar\u0161\u010diui, tod\u0117l galima nustatyti j\u0173 \u0161ilumin\u0119 elgsen\u0105 ir tinkamum\u0105 \u012fvairioms reikm\u0117ms.<\/p>\n<p><strong>2 klausimas: Koki\u0173 tip\u0173 pl\u0117veles galima i\u0161bandyti su nesusitraukian\u010di\u0173 pl\u0117veli\u0173 testeriu?<\/strong><\/p>\n<p>A : Testeris tinka \u012fvairioms pl\u0117vel\u0117ms, \u012fskaitant pakavimo med\u017eiagas, maisto produkt\u0173 pakavimo pl\u0117veles, medicinos prietais\u0173 pakuotes, vaist\u0173 pakuotes, lipnias pl\u0117veles ir tekstil\u0119.<\/p>\n<p><strong>3 klausimas: Kaip ASTM D2732 standartizuotas pl\u0117vel\u0117s susitraukimo bandymas?<\/strong><\/p>\n<p>A : ASTM D2732 pateikia nuosekli\u0105 bandym\u0173 atlikimo sistem\u0105, nurodo m\u0117gini\u0173 paruo\u0161im\u0105, bandymo s\u0105lygas ir matavimo proced\u016bras, kad b\u016bt\u0173 u\u017etikrinti patikimi ir palyginami rezultatai.<\/p>\n<p><strong>4 klausimas: Ar pl\u0117vel\u0117s nesusitraukimo testeris gali b\u016bti pritaikytas konkretiems poreikiams?<\/strong><\/p>\n<p>A : Taip, \"Cell Instruments\" si\u016blo pritaikymo galimybes, kad atitikt\u0173 konkre\u010dius bandym\u0173 reikalavimus, \u012fskaitant pritaikytus sprendimus ir integracij\u0105 su automatin\u0117mis sistemomis.<\/p>\n<h2>Susij\u0119s straipsnis<\/h2>\n<p><a href=\"https:\/\/www.qualitester.com\/lt\/best-shrinkage-films-tester-astm-d2732\/\" target=\"_blank\" rel=\"noopener\">ASTM D2732 susitraukimo pl\u0117veli\u0173 bandymai<\/a><\/p>\n<p><a href=\"https:\/\/www.qualitester.com\/lt\/film-shrinkage-tester-for-plastic-packaging\/\" target=\"_blank\" rel=\"noopener\">Plastikini\u0173 pakuo\u010di\u0173 pl\u0117vel\u0117s susitraukimo testeris<\/a><br \/>\n<a href=\"https:\/\/www.qualitester.com\/lt\/thermal-shrinkage-tester-for-plastic-film\/\" target=\"_blank\" rel=\"noopener\">Plastikin\u0117s pl\u0117vel\u0117s terminio susitraukimo testeris<\/a><br \/>\n<a href=\"https:\/\/www.qualitester.com\/lt\/film-heat-shrink-tester-for-plastic-film\/\" target=\"_blank\" rel=\"noopener\">Plastikin\u0117s pl\u0117vel\u0117s terminio susitraukimo testeris<\/a><\/p>\n<h2>Nuoroda<\/h2>\n<p><a href=\"https:\/\/www.astm.org\/d2732-14r20.html\" target=\"_blank\" rel=\"noopener nofollow\">ASTM D2732<\/a><\/p>","protected":false},"excerpt":{"rendered":"<p>Svetain\u0117 <strong>Pl\u0117vel\u0117s be pl\u0117vel\u0117s susitraukimo testeris<\/strong> yra pa\u017eangus prietaisas, skirtas plastikini\u0173 pl\u0117veli\u0173 susitraukimo savyb\u0117ms, veikiant kar\u0161\u010diui, matuoti. \u0160is prietaisas atlieka svarb\u0173 vaidmen\u012f u\u017etikrinant med\u017eiag\u0173 kokyb\u0119 ir veikim\u0105 \u012fvairiose pramon\u0117s \u0161akose, \u012fskaitant pakavimo, maisto, medicinos ir farmacijos pramon\u0119. \u012evertin\u0119 pl\u0117veli\u0173 susitraukim\u0105 kar\u0161\u010diu, gamintojai gali optimizuoti savo gamini\u0173 ilgaam\u017ei\u0161kum\u0105 ir veiksmingum\u0105, kad jie atitikt\u0173 ir pramon\u0117s standartus, ir vartotoj\u0173 l\u016bkes\u010dius.<\/p>","protected":false},"featured_media":4264,"comment_status":"closed","ping_status":"closed","template":"","meta":{"site-sidebar-layout":"default","site-content-layout":"default","ast-global-header-display":"","ast-main-header-display":"","ast-hfb-above-header-display":"","ast-hfb-below-header-display":"","ast-hfb-mobile-header-display":"","site-post-title":"","ast-breadcrumbs-content":"","ast-featured-img":"","footer-sml-layout":"","theme-transparent-header-meta":"default","adv-header-id-meta":"","stick-header-meta":"","header-above-stick-meta":"","header-main-stick-meta":"","header-below-stick-meta":""},"product_cat":[1044,845,686,16,95],"product_tag":[60,61,117,62,63],"class_list":{"0":"post-1516","1":"product","2":"type-product","3":"status-publish","4":"has-post-thumbnail","6":"product_cat-astm-d2732","7":"product_cat-customization","8":"product_cat-shrink-tester","9":"product_cat-plastic-packaging-testers","10":"product_cat-products","11":"product_tag-astm-d2732","12":"product_tag-feel-shrink","13":"product_tag-film-free-shrink","14":"product_tag-shrink-force","15":"product_tag-shrink-rate","16":"desktop-align-left","17":"tablet-align-left","18":"mobile-align-left","20":"first","21":"instock","22":"featured","23":"downloadable","24":"shipping-taxable","25":"product-type-simple"},"_links":{"self":[{"href":"https:\/\/www.qualitester.com\/lt\/wp-json\/wp\/v2\/product\/1516","targetHints":{"allow":["GET"]}}],"collection":[{"href":"https:\/\/www.qualitester.com\/lt\/wp-json\/wp\/v2\/product"}],"about":[{"href":"https:\/\/www.qualitester.com\/lt\/wp-json\/wp\/v2\/types\/product"}],"replies":[{"embeddable":true,"href":"https:\/\/www.qualitester.com\/lt\/wp-json\/wp\/v2\/comments?post=1516"}],"version-history":[{"count":1,"href":"https:\/\/www.qualitester.com\/lt\/wp-json\/wp\/v2\/product\/1516\/revisions"}],"predecessor-version":[{"id":7943,"href":"https:\/\/www.qualitester.com\/lt\/wp-json\/wp\/v2\/product\/1516\/revisions\/7943"}],"wp:featuredmedia":[{"embeddable":true,"href":"https:\/\/www.qualitester.com\/lt\/wp-json\/wp\/v2\/media\/4264"}],"wp:attachment":[{"href":"https:\/\/www.qualitester.com\/lt\/wp-json\/wp\/v2\/media?parent=1516"}],"wp:term":[{"taxonomy":"product_cat","embeddable":true,"href":"https:\/\/www.qualitester.com\/lt\/wp-json\/wp\/v2\/product_cat?post=1516"},{"taxonomy":"product_tag","embeddable":true,"href":"https:\/\/www.qualitester.com\/lt\/wp-json\/wp\/v2\/product_tag?post=1516"}],"curies":[{"name":"wp","href":"https:\/\/api.w.org\/{rel}","templated":true}]}}