{"id":1484,"date":"2023-04-20T14:00:05","date_gmt":"2023-04-20T06:00:05","guid":{"rendered":"https:\/\/www.qualitester.com\/?post_type=product&#038;p=1484"},"modified":"2024-12-03T13:53:39","modified_gmt":"2024-12-03T05:53:39","slug":"inclined-coefficient-of-friction-tester-cof-03","status":"publish","type":"product","link":"https:\/\/www.qualitester.com\/lt\/produktas-2\/inclined-coefficient-of-friction-tester-cof-03\/","title":{"rendered":"COF-03 pasvir\u0119s trinties koeficiento matuoklis"},"content":{"rendered":"<h2><strong>\u012evadas \u012f pasvirus\u012f trinties koeficiento tester\u012f<\/strong><\/h2>\n<p>Svetain\u0117 <strong>Pasvir\u0119s trinties koeficiento testeris<\/strong> yra pa\u017eangus prietaisas, skirtas \u012fvairi\u0173 med\u017eiag\u0173 statiniam trinties koeficientui (COF) matuoti. Naudojant kintamo nuolyd\u017eio plok\u0161tum\u0105 ir slankiojant\u012f blok\u0105, \u0161iuo testeriu nustatomas kampas, kuriuo vienas bandomasis pavir\u0161ius pradeda slysti kitu, palaipsniui didinant nuolyd\u012f. Prietaisas idealiai tinka \u012fvairioms med\u017eiagoms, \u012fskaitant plastikines pl\u0117veles, gum\u0105, popieri\u0173, plok\u0161tes, audinius, dangas, stabd\u017ei\u0173 kalad\u0117les, tekstil\u0119 ir kt., bandyti.<\/p>\n<p>\u0160is universalus testeris yra labai svarbus tokiose pramon\u0117s \u0161akose kaip pakavimo, automobili\u0173, tekstil\u0117s, farmacijos ir maisto produkt\u0173 pakuot\u0117s, kuriose tikslus trinties matavimas yra labai svarbus siekiant u\u017etikrinti kokyb\u0119, saug\u0105 ir optimal\u0173 veikim\u0105. Nesvarbu, ar reikia i\u0161matuoti pl\u0117veli\u0173, lak\u0161t\u0173, ar pramonini\u0173 komponent\u0173 trint\u012f, \u0161is prietaisas pateikia patikimus rezultatus, padedan\u010dius naudotojams pagerinti med\u017eiag\u0173 tvarkym\u0105, pakuo\u010di\u0173 dizain\u0105 ir gamini\u0173 funkcionalum\u0105.<\/p>\n<h2><strong>Veikimo principas<\/strong><\/h2>\n<p>Svetain\u0117 <strong>Nuo\u017eulnus <a href=\"https:\/\/www.qualitester.com\/lt\/produktas-2\/coefficient-of-friction-tester-cof-01\/\" target=\"_blank\" rel=\"noopener\">Trinties koeficiento testeris<\/a><\/strong> matuojamas statinis COF nustatant kamp\u0105, kuriuo viena med\u017eiaga pradeda slysti kitu pasvirusiu pavir\u0161iumi. Palaipsniui didinant nuolyd\u012f pastoviu grei\u010diu, bandomos med\u017eiagos pavir\u0161ius pradeda slysti. I\u0161matuojamas kampas, kuriam esant tai \u012fvyksta, o statinis COF yra skaitine i\u0161rai\u0161ka lygus to kampo tangentui.<\/p>\n<p>Taikant \u0161\u012f metod\u0105 gaunamos tikslios trinties vert\u0117s, kurios yra labai svarbios norint suprasti med\u017eiag\u0173 elgsen\u0105 realiomis s\u0105lygomis, pavyzd\u017eiui, tvarkant med\u017eiagas, pakuojant ir surenkant. . <strong>Slankma\u010dio kampo testeris<\/strong> \u0161io prietaiso funkcija u\u017etikrina, kad COF rodmenys b\u016bt\u0173 tiksl\u016bs \u012fvairioms med\u017eiagoms.<\/p>\n<h2><strong>Atitinkam\u0173 bandym\u0173 standart\u0173 ap\u017evalga<\/strong><\/h2>\n<ul>\n<li><a href=\"https:\/\/www.astm.org\/d0202-17.html\" target=\"_blank\" rel=\"noopener nofollow\"><strong>ASTM D202<\/strong><\/a>: \u0160iame standarte pateikiamos med\u017eiag\u0173, ypa\u010d pl\u0117veli\u0173 ir pakavimo med\u017eiag\u0173, statinio COF matavimo gair\u0117s. Juo u\u017etikrinama, kad testeris atitikt\u0173 reikiam\u0105 tikslum\u0105 \u012fvairioms med\u017eiagoms, padedant gamintojams \u012fvertinti, kaip lengvai med\u017eiagos slysta viena nuo kitos, o tai yra pagrindinis pakuo\u010di\u0173 projektavimo ir med\u017eiag\u0173 pasirinkimo veiksnys.<\/li>\n<li><a href=\"https:\/\/www.astm.org\/d4918-97r07.html\" target=\"_blank\" rel=\"noopener nofollow\"><strong>ASTM D4918<\/strong><\/a>: Specialiai popieriaus ir kartono bandymams skirtame standarte ASTM D4918 apra\u0161omos proced\u016bros, skirtos nustatyti statin\u012f popieriaus med\u017eiag\u0173 COF. \u0160is standartas svarbus tokioms pramon\u0117s \u0161akoms kaip pakavimo ir popieriaus gamyba, u\u017etikrinant, kad med\u017eiagos pasi\u017eym\u0117t\u0173 tinkamomis trinties savyb\u0117mis, reikalingomis skland\u017eiam tvarkymui ir pakavimui.<\/li>\n<li><strong>TAPPI T815<\/strong>: \u0160iame popieriaus ir celiulioz\u0117s pramon\u0117je pla\u010diai pripa\u017eintame standarte nurodomas popieriaus, kartono ir susijusi\u0173 med\u017eiag\u0173 COF nustatymo metodas. Jis padeda gamintojams u\u017etikrinti, kad popieriaus gaminiai pasi\u017eym\u0117t\u0173 vienodomis trinties savyb\u0117mis, kurios yra labai svarbios s\u0117kmingam pakavimo ma\u0161in\u0173 veikimui ir galutinio produkto kokybei.<\/li>\n<\/ul>\n<p>\u0160ie standartai u\u017etikrina, kad <strong>Pasvir\u0119s trinties koeficiento testeris<\/strong> atitinka b\u016btinus kriterijus, kad rezultatai b\u016bt\u0173 tiksl\u016bs ir patikimi, atitikt\u0173 pramon\u0117s reglamentus ir geriausi\u0105 pasaulin\u0119 praktik\u0105.<\/p>\n<h2><strong>Pagrindin\u0117s pasvirusio trinties koeficiento testerio savyb\u0117s<\/strong><\/h2>\n<ul>\n<li><strong>PLC valdymas ir HMI jutiklinio ekrano valdymas<\/strong>: Testeris turi intuityvi\u0105 \u017emogaus ir ma\u0161inos s\u0105saj\u0105 (HMI) ir programuojam\u0105j\u012f login\u012f valdikl\u012f (PLC), tod\u0117l lengva valdyti ir steb\u0117ti bandymus. Jutiklinis ekranas leid\u017eia lengvai nar\u0161yti ir valdyti, taip padidinant efektyvum\u0105 ir naudotojo patirt\u012f.<\/li>\n<li><strong>Test\u0173 rezultat\u0173 rodymas realiuoju laiku<\/strong>: \u0160is prietaisas ekrane realiuoju laiku rodo duomenis, \u012fskaitant did\u017eiausi\u0105, ma\u017eiausi\u0105, vidutin\u012f ir standartin\u012f nuokryp\u012f (SD). Taip u\u017etikrinama, kad galite sekti atliekam\u0173 bandym\u0173 nuoseklum\u0105 ir tikslum\u0105.<\/li>\n<li><strong>Atitiktis tarptautiniams standartams<\/strong>: Svetain\u0117 <strong>Pasvir\u0119s trinties koeficiento testeris<\/strong> sukurtas laikantis daugelio tarptautini\u0173 standart\u0173, \u012fskaitant ASTM D202, ASTM D4918 ir TAPPI T815, tod\u0117l u\u017etikrinamas bandym\u0173 rezultat\u0173 tikslumas ir patikimumas.<\/li>\n<li><strong>Kampinio ir statinio COF matavimas<\/strong>: \u0160is testeris ne tik matuoja pasvirimo kamp\u0105, kuriam esant vyksta slydimas, bet ir apskai\u010diuoja statin\u012f trinties koeficient\u0105, tod\u0117l galima susidaryti i\u0161sam\u0173 vaizd\u0105 apie med\u017eiagos eksploatacines savybes.<\/li>\n<li><strong>Mikrospaudas, kad b\u016bt\u0173 galima lengvai dokumentuoti bandymo rezultatus<\/strong>: Testuotojas gali generuoti testavimo rezultatus spausdintine forma, kad naudotojai gal\u0117t\u0173 lengvai dokumentuoti ir dalytis rezultatais. \u0160i funkcija ypa\u010d naudinga kokyb\u0117s kontrolei, ataskait\u0173 teikimui ir atitikties patikrai.<\/li>\n<li><strong>Pasirinktinai RS232 ir profesionali programin\u0117 \u012franga<\/strong>: Naudotojams, kuriems reikia pa\u017eangios duomen\u0173 analiz\u0117s, testeris si\u016blo RS232 jungt\u012f ir pasirinktin\u0119 profesionali\u0105 programin\u0119 \u012frang\u0105, leid\u017eian\u010di\u0105 skland\u017eiai integruoti su kitomis sistemomis ir suteikian\u010di\u0105 patikimesnes duomen\u0173 valdymo ir ataskait\u0173 teikimo galimybes.<\/li>\n<\/ul>\n<h2><strong>Technin\u0117s specifikacijos<\/strong><\/h2>\n<table>\n<tbody>\n<tr>\n<td style=\"text-align: center;\" width=\"104\">Kamp\u0173 diapazonas<\/td>\n<td style=\"text-align: center;\" width=\"328\">0\u00b0 ~ 60\u00b0<\/td>\n<\/tr>\n<tr>\n<td style=\"text-align: center;\" width=\"104\">Tikslumas<\/td>\n<td style=\"text-align: center;\" width=\"328\">0.01\u00b0<\/td>\n<\/tr>\n<tr>\n<td style=\"text-align: center;\" width=\"104\">Insultas<\/td>\n<td style=\"text-align: center;\" width=\"328\">0,1\u00b0\/s \uff5e 10,0\u00b0\/s<\/td>\n<\/tr>\n<tr>\n<td style=\"text-align: center;\" width=\"104\">Rogut\u0117s<\/td>\n<td style=\"text-align: center;\" width=\"328\">200 g, 235 g arba 1300 g (pasirinkite vien\u0105 arba kitus)<\/td>\n<\/tr>\n<\/tbody>\n<\/table>\n<h2><strong>Pasvirusio trinties koeficiento testerio taikymas<\/strong><\/h2>\n<p>Svetain\u0117 <strong>Pasvir\u0119s trinties koeficiento testeris<\/strong> naudojamas \u012fvairiose pramon\u0117s \u0161akose med\u017eiag\u0173 trinties savyb\u0117ms tikrinti. \u0160tai keletas pagrindini\u0173 taikymo sri\u010di\u0173:<\/p>\n<ul>\n<li><strong>Pakuot\u0117<\/strong>: \u012evertinkite pl\u0117veli\u0173, popieriaus, kartono ir kit\u0173 pakavimo med\u017eiag\u0173 trinties savybes, kad u\u017etikrintum\u0117te skland\u0173 pakavimo linij\u0173 darb\u0105.<\/li>\n<li><strong>Automobiliai<\/strong>: \u012evertinkite stabd\u017ei\u0173 trinkeli\u0173 ir kit\u0173 komponent\u0173 veikim\u0105, ilgaam\u017ei\u0161kum\u0105 ir saugum\u0105.<\/li>\n<li><strong>Tekstil\u0117<\/strong>: I\u0161bandykite audini\u0173, austini\u0173 med\u017eiag\u0173 ir dang\u0173 trinties savybes, svarbias audini\u0173 tvarkymui ir apdorojimui.<\/li>\n<li><strong>Medicinos prietaisai<\/strong>: U\u017etikrinkite, kad medicinin\u0117s pakavimo med\u017eiagos atitikt\u0173 b\u016btinus COF reikalavimus, kad pakavimo ir platinimo metu nekilt\u0173 problem\u0173.<\/li>\n<li><strong>Farmacijos produktai<\/strong>: I\u0161matuokite vaist\u0173 pakavimo med\u017eiag\u0173 trinties charakteristikas, kad u\u017etikrintum\u0117te tinkam\u0105 tvarkym\u0105 ir saugojim\u0105.<\/li>\n<\/ul>","protected":false},"excerpt":{"rendered":"<p>Svetain\u0117 <strong>Pasvir\u0119s trinties koeficiento testeris<\/strong> yra pa\u017eangus prietaisas, skirtas \u012fvairi\u0173 med\u017eiag\u0173 statiniam trinties koeficientui (COF) matuoti. Naudojant kintamo nuolyd\u017eio plok\u0161tum\u0105 ir slankiojant\u012f blok\u0105, \u0161iuo testeriu nustatomas kampas, kuriuo vienas bandomasis pavir\u0161ius pradeda slysti kitu, palaipsniui didinant nuolyd\u012f. Prietaisas idealiai tinka \u012fvairioms med\u017eiagoms, \u012fskaitant plastikines pl\u0117veles, gum\u0105, popieri\u0173, plok\u0161tes, audinius, dangas, stabd\u017ei\u0173 kalad\u0117les, tekstil\u0119 ir kt., bandyti.<\/p>","protected":false},"featured_media":5990,"comment_status":"closed","ping_status":"closed","template":"","meta":{"site-sidebar-layout":"default","site-content-layout":"default","ast-global-header-display":"","ast-main-header-display":"","ast-hfb-above-header-display":"","ast-hfb-below-header-display":"","ast-hfb-mobile-header-display":"","site-post-title":"","ast-breadcrumbs-content":"","ast-featured-img":"","footer-sml-layout":"","theme-transparent-header-meta":"default","adv-header-id-meta":"","stick-header-meta":"","header-above-stick-meta":"","header-main-stick-meta":"","header-below-stick-meta":""},"product_cat":[845,1130,938,683,44,16,123,133,95],"product_tag":[],"class_list":{"0":"post-1484","1":"product","2":"type-product","3":"status-publish","4":"has-post-thumbnail","6":"product_cat-customization","7":"product_cat-tappi-t815","8":"product_cat-textile-tester","9":"product_cat-coefficient-of-friction-tester","10":"product_cat-paper-and-board-testers","11":"product_cat-plastic-packaging-testers","12":"product_cat-astm-d202","13":"product_cat-astm-d4918","14":"product_cat-products","15":"desktop-align-left","16":"tablet-align-left","17":"mobile-align-left","19":"first","20":"instock","21":"shipping-taxable","22":"product-type-simple"},"_links":{"self":[{"href":"https:\/\/www.qualitester.com\/lt\/wp-json\/wp\/v2\/product\/1484","targetHints":{"allow":["GET"]}}],"collection":[{"href":"https:\/\/www.qualitester.com\/lt\/wp-json\/wp\/v2\/product"}],"about":[{"href":"https:\/\/www.qualitester.com\/lt\/wp-json\/wp\/v2\/types\/product"}],"replies":[{"embeddable":true,"href":"https:\/\/www.qualitester.com\/lt\/wp-json\/wp\/v2\/comments?post=1484"}],"version-history":[{"count":0,"href":"https:\/\/www.qualitester.com\/lt\/wp-json\/wp\/v2\/product\/1484\/revisions"}],"wp:featuredmedia":[{"embeddable":true,"href":"https:\/\/www.qualitester.com\/lt\/wp-json\/wp\/v2\/media\/5990"}],"wp:attachment":[{"href":"https:\/\/www.qualitester.com\/lt\/wp-json\/wp\/v2\/media?parent=1484"}],"wp:term":[{"taxonomy":"product_cat","embeddable":true,"href":"https:\/\/www.qualitester.com\/lt\/wp-json\/wp\/v2\/product_cat?post=1484"},{"taxonomy":"product_tag","embeddable":true,"href":"https:\/\/www.qualitester.com\/lt\/wp-json\/wp\/v2\/product_tag?post=1484"}],"curies":[{"name":"wp","href":"https:\/\/api.w.org\/{rel}","templated":true}]}}