{"id":7751,"date":"2025-12-26T16:08:05","date_gmt":"2025-12-26T08:08:05","guid":{"rendered":"https:\/\/www.qualitester.com\/?page_id=7751"},"modified":"2025-12-26T16:08:05","modified_gmt":"2025-12-26T08:08:05","slug":"iso-9008","status":"publish","type":"page","link":"https:\/\/www.qualitester.com\/lt\/standards\/iso-9008\/","title":{"rendered":"ISO 9008"},"content":{"rendered":"<h1 style=\"text-align: center;\" data-start=\"399\" data-end=\"850\">ISO 9008<br \/>\n<small>Stiklini\u0173 buteli\u0173 vertikalumo bandymo metodas<\/small><\/h1>\n<p style=\"text-align: left;\" data-start=\"399\" data-end=\"850\"><strong data-start=\"399\" data-end=\"411\"><img decoding=\"async\" class=\"wp-image-7761 alignleft\" src=\"https:\/\/www.qualitester.com\/wp-content\/uploads\/2025\/12\/ISO-9008-300x300.webp\" alt=\"ISO 9008\" width=\"162\" height=\"162\" srcset=\"https:\/\/www.qualitester.com\/wp-content\/uploads\/2025\/12\/ISO-9008-300x300.webp 300w, https:\/\/www.qualitester.com\/wp-content\/uploads\/2025\/12\/ISO-9008-150x150.webp 150w, https:\/\/www.qualitester.com\/wp-content\/uploads\/2025\/12\/ISO-9008-768x768.webp 768w, https:\/\/www.qualitester.com\/wp-content\/uploads\/2025\/12\/ISO-9008-12x12.webp 12w, https:\/\/www.qualitester.com\/wp-content\/uploads\/2025\/12\/ISO-9008-600x600.webp 600w, https:\/\/www.qualitester.com\/wp-content\/uploads\/2025\/12\/ISO-9008-100x100.webp 100w, https:\/\/www.qualitester.com\/wp-content\/uploads\/2025\/12\/ISO-9008.webp 800w\" sizes=\"(max-width: 162px) 100vw, 162px\" \/>ISO 9008<\/strong> yra tarptautiniu mastu pripa\u017eintas standartas, skirtas stiklini\u0173 buteli\u0173 vertikalumui \u012fvertinti. Vykdant greito pripildymo, u\u017edarymo ir \u017eenklinimo operacijas, net nedideli nukrypimai nuo vertikalios a\u0161ies gali sukelti dideli\u0173 problem\u0173, \u012fskaitant nestabilum\u0105, nesuderinamum\u0105 ir linijos sustojim\u0105. ISO 9008 sprend\u017eia \u0161i\u0173 pavoj\u0173 problem\u0105, apibr\u0117\u017edamas ai\u0161k\u0173 ir atkuriam\u0105 bandymo metod\u0105, skirt\u0105 vertikaliosios a\u0161ies nuokrypiams matuoti kontroliuojamomis s\u0105lygomis.<\/p>\n<p data-start=\"852\" data-end=\"1101\">\u0160iame straipsnyje ISO 9008 pristatomas i\u0161 bandym\u0173 metod\u0173 perspektyvos, paai\u0161kinant <strong data-start=\"931\" data-end=\"955\">kod\u0117l testas svarbus<\/strong>, <strong data-start=\"957\" data-end=\"986\">kaip atliekamas testas<\/strong>, ir <strong data-start=\"992\" data-end=\"1036\">kokia parai\u0161kos med\u017eiaga yra susijusi.<\/strong>, kartu pabr\u0117\u017eiant geriausi\u0105 patikimos kokyb\u0117s kontrol\u0117s praktik\u0105.<\/p>\n<hr \/>\n<h2 data-start=\"387\" data-end=\"854\">Butelio statmenumo testeris ir vertikaliosios a\u0161ies nuokrypi\u0173 testeris<\/h2>\n<p data-start=\"1214\" data-end=\"1544\">Svetain\u0117 <strong data-start=\"1218\" data-end=\"1259\">stiklini\u0173 buteli\u0173 vertikalumo bandymo metodas<\/strong> ISO 9008 nurodyta, kad daugiausia d\u0117mesio skiriama geometriniam santykiui tarp butelio pagrindo ir apdailos. U\u017euot i\u0161skyrus vien\u0105 defekt\u0105, \u0161iuo metodu vertinamas <strong data-start=\"1429\" data-end=\"1473\">bendras keli\u0173 deformacij\u0173 poveikis<\/strong>, \u012fskaitant pagrindo ovalum\u0105, korpuso pasvirim\u0105, apdailos poslink\u012f ir apdailos ovalum\u0105.<\/p>\n<p data-start=\"1546\" data-end=\"1971\">Norint atlikti tikslius ir pakartojamus matavimus, laboratorijose paprastai naudojami <strong data-start=\"1624\" data-end=\"1658\">buteli\u0173 statmenumo testeris<\/strong> arba <strong data-start=\"1664\" data-end=\"1698\">vertikalios a\u0161ies nuokrypi\u0173 testeris<\/strong>. \u0160iais prietaisais galima kontroliuoti butelio sukim\u0105si ir tiksliai matuoti atstum\u0105 apdailos lygyje. Standartizavus pozicionavim\u0105 ir matavim\u0105, ISO 9008 u\u017etikrina, kad rezultatai b\u016bt\u0173 palyginami \u012fvairiose gamybos vietose ir tikrinimo laboratorijose.<\/p>\n<hr \/>\n<h2 data-start=\"387\" data-end=\"854\">ISO 9008 testavimo tikslas ir reik\u0161m\u0117<\/h2>\n<p data-start=\"2027\" data-end=\"2215\">Pagrindinis ISO 9008 standarto tikslas - kiekybi\u0161kai \u012fvertinti, kiek stiklinis butelis nukrypsta nuo idealios vertikalios orientacijos, kai jis pad\u0117tas ant lygaus horizontalaus pavir\u0161iaus. \u0160i informacija tiesiogiai padeda:<\/p>\n<ul data-start=\"2217\" data-end=\"2429\">\n<li data-start=\"2217\" data-end=\"2269\">\n<p data-start=\"2219\" data-end=\"2269\"><strong data-start=\"2219\" data-end=\"2269\">Kokyb\u0117s kontrol\u0117 gaminant stiklinius butelius<\/strong><\/p>\n<\/li>\n<li data-start=\"2270\" data-end=\"2331\">\n<p data-start=\"2272\" data-end=\"2331\"><strong data-start=\"2272\" data-end=\"2331\">Atitikties kliento specifikacijoms tikrinimas<\/strong><\/p>\n<\/li>\n<li data-start=\"2332\" data-end=\"2375\">\n<p data-start=\"2334\" data-end=\"2375\"><strong data-start=\"2334\" data-end=\"2375\">U\u017epildymo linijos trikd\u017ei\u0173 ma\u017einimas<\/strong><\/p>\n<\/li>\n<li data-start=\"2376\" data-end=\"2429\">\n<p data-start=\"2378\" data-end=\"2429\"><strong data-start=\"2378\" data-end=\"2429\">Geresnis gamybos partij\u0173 nuoseklumas<\/strong><\/p>\n<\/li>\n<\/ul>\n<p data-start=\"2431\" data-end=\"2664\">ISO 9008 pabr\u0117\u017eia praktin\u012f veikim\u0105. Buteliai, kurie neatitinka nurodytos vertikalumo tolerancijos, da\u017enai sukelia sunkum\u0173 greito u\u017epildymo linijose, ypa\u010d automatizuotoje aplinkoje, kur stabilumas ir suderinimas yra labai svarb\u016bs.<\/p>\n<hr \/>\n<h2>Taikymo med\u017eiagos, kurioms taikomas ISO 9008<\/h2>\n<p data-start=\"3036\" data-end=\"3260\">ISO 9008 taikomas b\u016btent <strong data-start=\"2916\" data-end=\"2933\">stikliniai buteliai<\/strong>, neatsi\u017evelgiant \u012f j\u0173 paskirt\u012f. \u0160i\u0173 talpykl\u0173 buteli\u0173 statmenumo bandymas gali b\u016bti atliekamas tiek su <strong data-start=\"3041\" data-end=\"3072\">apvalios ir neapvalios konstrukcijos<\/strong>, jei matuojant butel\u012f galima tiksliai centruoti ir pasukti.<\/p>\n<p data-start=\"3036\" data-end=\"3260\">Kadangi taikant \u0161\u012f metod\u0105 vertinamas bendras vertikalusis veikimas, jis tinka sud\u0117ting\u0173 form\u0173 ar dekoratyvin\u0117s apdailos buteliams.<\/p>\n<hr \/>\n<h2 data-start=\"2857\" data-end=\"2989\">M\u0117gini\u0173 \u0117mimo ir bandymo aspektai<\/h2>\n<p data-start=\"3316\" data-end=\"3525\">Pagal ISO 9008 sprendimus d\u0117l m\u0117gini\u0173 \u0117mimo gali priimti tik dalyvaujan\u010dios \u0161alys, tod\u0117l galima lanks\u010diai atlikti \u012fprastus patikrinimus arba spr\u0119sti gin\u010dus. Nepriklausomai nuo m\u0117ginio dyd\u017eio, labai svarbus i\u0161lieka paruo\u0161imo nuoseklumas.<\/p>\n<p data-start=\"3527\" data-end=\"3573\">Prie\u0161 atlikdami bandymus operatoriai tur\u0117t\u0173 \u012fsitikinti, kad:<\/p>\n<ul data-start=\"3575\" data-end=\"3729\">\n<li data-start=\"3575\" data-end=\"3617\">\n<p data-start=\"3577\" data-end=\"3617\">Butelius statykite ant \u0161varaus, lygaus pavir\u0161iaus<\/p>\n<\/li>\n<li data-start=\"3618\" data-end=\"3665\">\n<p data-start=\"3620\" data-end=\"3665\">Matavimo atskaitos ta\u0161kas i\u0161lieka fiksuotas<\/p>\n<\/li>\n<li data-start=\"3666\" data-end=\"3729\">\n<p data-start=\"3668\" data-end=\"3729\">Nustatant pad\u0117t\u012f konteinerio nei\u0161kraipo jokia i\u0161orin\u0117 j\u0117ga<\/p>\n<\/li>\n<\/ul>\n<p data-start=\"3731\" data-end=\"3840\">Vertikaliosios a\u0161ies nuokrypio i\u0161rai\u0161ka ir apskai\u010diavimas ISO 9008 apibr\u0117\u017eia paprast\u0105 ir skaidr\u0173 apskai\u010diavimo metod\u0105. . <strong data-start=\"4742\" data-end=\"4769\">vertikaliosios a\u0161ies nuokrypis<\/strong> yra lygus . <strong data-start=\"4777\" data-end=\"4851\">pus\u0117 did\u017eiausio ir ma\u017eiausio i\u0161matuot\u0173 atstum\u0173 skirtumo.<\/strong>.<\/p>\n<p data-start=\"4854\" data-end=\"5107\">\u0160i vert\u0117 rodo horizontal\u0173 butelio vidurio linijos nuokryp\u012f nuo idealios vertikalios linijos. Kadangi skai\u010diuojant atsi\u017evelgiama \u012f vis\u0105 pasisukim\u0105, ji atspindi bendr\u0105 vertikali\u0105j\u0105 butelio elgsen\u0105, o ne vien\u0105 lokalizuot\u0105 defekt\u0105.<\/p>\n<hr \/>\n<h2 data-start=\"5114\" data-end=\"5150\">Bandym\u0173 ataskaitos ir duomen\u0173 atsekamumas<\/h2>\n<p data-start=\"5152\" data-end=\"5260\">ISO 9008 reikalavimus atitinkanti bandymo ataskaita padeda u\u017etikrinti atsekamum\u0105 ir pasirengim\u0105 auditui. Tipin\u0117s ataskaitos turin\u012f sudaro:<\/p>\n<ul data-start=\"5262\" data-end=\"5450\">\n<li data-start=\"5262\" data-end=\"5287\">\n<p data-start=\"5264\" data-end=\"5287\">Nuoroda \u012f ISO 9008<\/p>\n<\/li>\n<li data-start=\"5288\" data-end=\"5319\">\n<p data-start=\"5290\" data-end=\"5319\">M\u0117ginio dydis ir butelio tipas<\/p>\n<\/li>\n<li data-start=\"5320\" data-end=\"5354\">\n<p data-start=\"5322\" data-end=\"5354\">Gamybos arba partijos duomenys<\/p>\n<\/li>\n<li data-start=\"5355\" data-end=\"5389\">\n<p data-start=\"5357\" data-end=\"5389\">Naudojamo bandymo aparato tipas<\/p>\n<\/li>\n<li data-start=\"5390\" data-end=\"5410\">\n<p data-start=\"5392\" data-end=\"5410\">I\u0161matuoti rezultatai<\/p>\n<\/li>\n<li data-start=\"5411\" data-end=\"5450\">\n<p data-start=\"5413\" data-end=\"5450\">Bandiklio identifikacija ir bandymo data<\/p>\n<\/li>\n<\/ul>\n<p data-start=\"5452\" data-end=\"5552\">Ai\u0161kus dokumentavimas u\u017etikrina, kad vertikalumo duomenis b\u016bt\u0173 galima per\u017ei\u016br\u0117ti, palyginti ir patikrinti laikui b\u0117gant.<\/p>\n<hr \/>\n<h2>Patikimo ISO 9008 bandymo prietaisai<\/h2>\n<p data-start=\"5609\" data-end=\"5800\">ISO 9008 bandym\u0173 tikslumas labai priklauso nuo stabilios matavimo \u012frangos. Gerai suprojektuota <strong data-start=\"5701\" data-end=\"5735\">buteli\u0173 statmenumo testeris<\/strong> suma\u017eina operatoriaus \u012ftak\u0105 ir pagerina matavimo nuoseklum\u0105.<\/p>\n<p data-start=\"5802\" data-end=\"6141\">Svetain\u0117 <a href=\"https:\/\/www.qualitester.com\/lt\/produktas-2\/per-01-glass-bottle-verticality-testing-machine\/\"><strong data-start=\"5806\" data-end=\"5864\">\"Cell Instruments PER-01\" buteli\u0173 statmenumo testeris<\/strong><\/a> palaiko ISO 9008 bandymus, nes u\u017etikrina stabili\u0105 buteli\u0173 pad\u0117t\u012f, skland\u0173 sukim\u0105si ir tikslius nuokrypi\u0173 rodmenis. Jo konstrukcija tinka ir laboratoriniams tyrimams, ir \u012fprastiniam gamybos tikrinimui, tod\u0117l padeda gamintojams veiksmingai \u012fgyvendinti ISO 9008 be nereikalingo sud\u0117tingumo.<\/p>\n<h2 style=\"font-style: normal;\"><a href=\"https:\/\/www.qualitester.com\/lt\/produktas-2\/per-01-glass-bottle-verticality-testing-machine\/\"><img fetchpriority=\"high\" decoding=\"async\" class=\"aligncenter wp-image-7762\" src=\"https:\/\/www.qualitester.com\/wp-content\/uploads\/2025\/12\/ISO-9008-Glass-Bottles-Verticality-Test-Method-281x300.webp\" alt=\"ISO 9008 Stiklini\u0173 buteli\u0173 vertikalumo bandymo metodas\" width=\"251\" height=\"269\" srcset=\"https:\/\/www.qualitester.com\/wp-content\/uploads\/2025\/12\/ISO-9008-Glass-Bottles-Verticality-Test-Method-281x300.webp 281w, https:\/\/www.qualitester.com\/wp-content\/uploads\/2025\/12\/ISO-9008-Glass-Bottles-Verticality-Test-Method-11x12.webp 11w, https:\/\/www.qualitester.com\/wp-content\/uploads\/2025\/12\/ISO-9008-Glass-Bottles-Verticality-Test-Method.webp 375w\" sizes=\"(max-width: 251px) 100vw, 251px\" \/><\/a><\/h2>\n<hr \/>\n<h2>I\u0161vada<\/h2>\n<p data-start=\"6195\" data-end=\"6467\">ISO 9008 pateikia praktin\u012f ir standartizuot\u0105 stiklini\u0173 buteli\u0173 vertikalumo vertinimo metod\u0105. \u0160is standartas, kuriame atsi\u017evelgiama \u012f realaus pasaulio deformacijos poveik\u012f ir apibr\u0117\u017eiamas pakartojamas bandym\u0173 procesas, padeda gamintojams i\u0161laikyti u\u017epildymo linijos efektyvum\u0105 ir pakuo\u010di\u0173 patikimum\u0105.<\/p>\n<p data-start=\"6469\" data-end=\"6712\" data-is-last-node=\"\" data-is-only-node=\"\">Kartu su tinkamais prietaisais, pvz. <a href=\"https:\/\/www.celtec.cn\" rel=\"nofollow noopener\" target=\"_blank\">\"Cell Instruments<\/a> PER-01, ISO 9008 tampa vertinga kokyb\u0117s kontrol\u0117s priemone stiklo buteli\u0173 gamintojams ir naudotojams visame pasaulyje, padedan\u010dia u\u017etikrinti nuosekl\u0173 veikim\u0105 \u012fvairiose srityse.<\/p>\n<hr \/>\n<h2 data-start=\"163\" data-end=\"185\">DUK apie ISO 9008<\/h2>\n<p data-start=\"187\" data-end=\"471\"><strong data-start=\"187\" data-end=\"220\">1. Kam naudojamas ISO 9008?<\/strong><br data-start=\"220\" data-end=\"223\" \/>ISO 9008 yra tarptautinis standartas, kuriame apibr\u0117\u017etas bandymo metodas stiklini\u0173 buteli\u0173 vertikalumui nustatyti. Jame pateikiamas nuoseklus metodas, leid\u017eiantis nustatyti, kiek butelis nukrypsta nuo idealios vertikalios a\u0161ies, kai jis pad\u0117tas ant lygaus pavir\u0161iaus.<\/p>\n<p data-start=\"473\" data-end=\"744\"><strong data-start=\"473\" data-end=\"524\">2. Ar ISO 9008 taikomas vis\u0173 tip\u0173 buteliams?<\/strong><br data-start=\"524\" data-end=\"527\" \/>ISO 9008 taikomas b\u016btent <strong data-start=\"560\" data-end=\"577\">stikliniai buteliai<\/strong>, \u012fskaitant apvalias ir neapvalias konstrukcijas. Standartas leid\u017eia taikyti skirtingus laikymo ir centravimo metodus, kad b\u016bt\u0173 galima tiksliai i\u0161bandyti \u012fvairi\u0173 form\u0173 butelius.<\/p>\n<p data-start=\"746\" data-end=\"1028\"><strong data-start=\"746\" data-end=\"808\">3. Kod\u0117l ISO 9008 yra svarbus u\u017epildymo linijos veikimui?<\/strong><br data-start=\"808\" data-end=\"811\" \/>ISO 9008 padeda nustatyti vertikaliosios a\u0161ies nuokryp\u012f, kuris gali sukelti nestabilum\u0105 greitose u\u017epildymo linijose. Vertikalumo reikalavimo neatitinkantys buteliai gali pasvirti, nesutapti su u\u017epildymo purk\u0161tukais arba sukelti u\u017edarymo problem\u0173.<\/p>\n<p data-start=\"1030\" data-end=\"1270\"><strong data-start=\"1030\" data-end=\"1089\">4. Kokio tikslumo matavim\u0173 reikalauja ISO 9008 standartas?<\/strong><br data-start=\"1089\" data-end=\"1092\" \/>Standarte reikalaujama, kad matavimo sistema registruot\u0173 nuokrypius tokiu tikslumu <strong data-start=\"1174\" data-end=\"1184\">0,1 mm<\/strong>. Toks tikslumas u\u017etikrina patikim\u0105 gamybos partij\u0173 ir tiek\u0117j\u0173 palyginim\u0105.<\/p>\n<p data-start=\"1272\" data-end=\"1535\"><strong data-start=\"1272\" data-end=\"1345\">5. Ar ISO 9008 tinka kokyb\u0117s auditams ir tiek\u0117j\u0173 patikrai?<\/strong><br data-start=\"1345\" data-end=\"1348\" \/>Taip. Kadangi ISO 9008 yra pripa\u017eintas tarptautiniu mastu, pagal \u0161\u012f standart\u0105 gauti bandym\u0173 rezultatai pla\u010diai pripa\u017e\u012fstami atliekant audit\u0105, nustatant tiek\u0117j\u0173 kvalifikacij\u0105 ir sudarant sutartinius kokyb\u0117s susitarimus.<\/p>\n<p data-start=\"4454\" data-end=\"4651\">","protected":false},"excerpt":{"rendered":"<p>ISO 9008 Stiklini\u0173 buteli\u0173 vertikalumo bandymo metodas ISO 9008 yra tarptautiniu mastu pripa\u017eintas standartas, skirtas stiklini\u0173 buteli\u0173 vertikalumui \u012fvertinti. Vykdant greitas pripildymo, u\u017edarymo ir \u017eenklinimo operacijas, net nedideli nukrypimai nuo vertikalios a\u0161ies gali sukelti dideli\u0173 problem\u0173, \u012fskaitant nestabilum\u0105, nesuderinamum\u0105 ir linijos sustojim\u0105. ISO 9008 sprend\u017eia \u0161i\u0173 pavoj\u0173 problem\u0105, apibr\u0117\u017edamas ai\u0161ki\u0105 ...<\/p>\n<p class=\"read-more\"> <a class=\"\" href=\"https:\/\/www.qualitester.com\/lt\/standards\/iso-9008\/\"> <span class=\"screen-reader-text\">ISO 9008<\/span> Skaityti daugiau \"<\/a><\/p>","protected":false},"author":8,"featured_media":0,"parent":4948,"menu_order":0,"comment_status":"closed","ping_status":"closed","template":"","meta":{"site-sidebar-layout":"default","site-content-layout":"default","ast-global-header-display":"","ast-main-header-display":"","ast-hfb-above-header-display":"","ast-hfb-below-header-display":"","ast-hfb-mobile-header-display":"","site-post-title":"disabled","ast-breadcrumbs-content":"","ast-featured-img":"","footer-sml-layout":"","theme-transparent-header-meta":"default","adv-header-id-meta":"","stick-header-meta":"","header-above-stick-meta":"","header-main-stick-meta":"","header-below-stick-meta":"","footnotes":""},"class_list":["post-7751","page","type-page","status-publish","hentry"],"_links":{"self":[{"href":"https:\/\/www.qualitester.com\/lt\/wp-json\/wp\/v2\/pages\/7751","targetHints":{"allow":["GET"]}}],"collection":[{"href":"https:\/\/www.qualitester.com\/lt\/wp-json\/wp\/v2\/pages"}],"about":[{"href":"https:\/\/www.qualitester.com\/lt\/wp-json\/wp\/v2\/types\/page"}],"author":[{"embeddable":true,"href":"https:\/\/www.qualitester.com\/lt\/wp-json\/wp\/v2\/users\/8"}],"replies":[{"embeddable":true,"href":"https:\/\/www.qualitester.com\/lt\/wp-json\/wp\/v2\/comments?post=7751"}],"version-history":[{"count":0,"href":"https:\/\/www.qualitester.com\/lt\/wp-json\/wp\/v2\/pages\/7751\/revisions"}],"up":[{"embeddable":true,"href":"https:\/\/www.qualitester.com\/lt\/wp-json\/wp\/v2\/pages\/4948"}],"wp:attachment":[{"href":"https:\/\/www.qualitester.com\/lt\/wp-json\/wp\/v2\/media?parent=7751"}],"curies":[{"name":"wp","href":"https:\/\/api.w.org\/{rel}","templated":true}]}}