{"id":7590,"date":"2025-11-24T15:58:51","date_gmt":"2025-11-24T07:58:51","guid":{"rendered":"https:\/\/www.qualitester.com\/?page_id=7590"},"modified":"2025-12-30T13:15:42","modified_gmt":"2025-12-30T05:15:42","slug":"astm-d751","status":"publish","type":"page","link":"https:\/\/www.qualitester.com\/lt\/standards\/astm-d751\/","title":{"rendered":"ASTM D751"},"content":{"rendered":"<h1 style=\"text-align: center\" data-start=\"424\" data-end=\"983\">ASTM D751<br \/>\nDengto audinio bandymo metodas<\/h1>\n<p data-start=\"424\" data-end=\"983\"><strong data-start=\"357\" data-end=\"386\">Dengto audinio bandymo metodas<\/strong> yra labai svarbus nustatant \u012fvairiose pramon\u0117s \u0161akose, \u012fskaitant tekstil\u0119, pakuotes ir medicinin\u0119 \u012frang\u0105, naudojam\u0173 dengt\u0173 audini\u0173 ilgaam\u017ei\u0161kum\u0105 ir eksploatacines savybes. ASTM D751 standarte pateikiamos standartizuotos proced\u016bros, kaip \u012fvertinti dengt\u0173 audini\u0173 vientisum\u0105 \u012fvairiomis apkrovos s\u0105lygomis. \u0160iame straipsnyje ap\u017evelgiami pagrindiniai ASTM D751 nurodyti bandym\u0173 metodai, \u012fskaitant audinio atsparum\u0105 ply\u0161imui, pailg\u0117jim\u0105, atsparum\u0105 ply\u0161imui, ply\u0161imo stiprum\u0105 ir atsparum\u0105 prad\u016brimui.<\/p>\n<hr data-start=\"985\" data-end=\"988\" \/>\n<h2 data-start=\"1054\" data-end=\"1378\">Supratimas apie ASTM D751: standartiniai dengt\u0173 audini\u0173 bandymo metodai<\/h2>\n<p data-start=\"1845\" data-end=\"2211\">ASTM D751 - tai standartas, naudojamas dengt\u0173 audini\u0173 stiprumui ir ilgaam\u017ei\u0161kumui \u012fvertinti. \u0160ios med\u017eiagos da\u017eniausiai naudojamos palapin\u0117ms, brezentams, medicinos prietaisams ir automobili\u0173 apmu\u0161alams, kur labai svarbus atsparumas fiziniam poveikiui, pavyzd\u017eiui, ply\u0161imui, tempimui ir prad\u016brimui.<\/p>\n<hr data-start=\"2213\" data-end=\"2216\" \/>\n<h2 data-start=\"5129\" data-end=\"5492\">Audinio atsparumo ply\u0161imui bandymas: Bandymas griebimo metodu<\/h2>\n<p><img fetchpriority=\"high\" decoding=\"async\" class=\"wp-image-7794 alignright\" src=\"https:\/\/www.qualitester.com\/wp-content\/uploads\/2025\/12\/ASTM-D751-Coated-Fabric-Test-Method-300x300.webp\" alt=\"ASTM D751 dengto audinio bandymo metodas\" width=\"250\" height=\"250\" srcset=\"https:\/\/www.qualitester.com\/wp-content\/uploads\/2025\/12\/ASTM-D751-Coated-Fabric-Test-Method-300x300.webp 300w, https:\/\/www.qualitester.com\/wp-content\/uploads\/2025\/12\/ASTM-D751-Coated-Fabric-Test-Method-150x150.webp 150w, https:\/\/www.qualitester.com\/wp-content\/uploads\/2025\/12\/ASTM-D751-Coated-Fabric-Test-Method-12x12.webp 12w, https:\/\/www.qualitester.com\/wp-content\/uploads\/2025\/12\/ASTM-D751-Coated-Fabric-Test-Method-100x100.webp 100w, https:\/\/www.qualitester.com\/wp-content\/uploads\/2025\/12\/ASTM-D751-Coated-Fabric-Test-Method.webp 600w\" sizes=\"(max-width: 250px) 100vw, 250px\" \/><\/p>\n<p>&nbsp;<\/p>\n<p data-start=\"1521\" data-end=\"1911\">Audinio tr\u016bkimo stipris pirmiausia nustatomas pagal <strong data-start=\"1343\" data-end=\"1363\">griebimo bandymo metodas<\/strong>, kuriuo matuojama j\u0117ga, reikalinga audinio bandiniui nutraukti, veikiant tam tikra kryptimi. Pagal ASTM D751 standart\u0105 reikalaujama, kad bandinys b\u016bt\u0173 u\u017espaustas tarp dviej\u0173 bandym\u0173 ma\u0161inos \u017enypli\u0173. Tada bandinys tempiamas, kol nutr\u016bksta, o did\u017eiausia panaudota j\u0117ga u\u017era\u0161oma kaip audinio tr\u016bkimo stipris.<\/p>\n<h3 data-start=\"1696\" data-end=\"2091\"><strong data-start=\"1696\" data-end=\"1710\">Proced\u016bra:<\/strong><\/h3>\n<p>I\u0161 padengto audinio i\u0161pjaunami 102 mm (4 coli\u0173) plo\u010dio ir 152 mm (6 coli\u0173) ilgio bandiniai. Audinys \u012fdedamas \u012f bandymo ma\u0161in\u0105 ir \u012ftempiamas vienodu 5 mm\/s grei\u010diu. Bandymo metu matuojamas ir <strong data-start=\"1935\" data-end=\"1969\">i\u0161ilginis atsparumas tr\u016bkiui<\/strong> (i\u0161ilgai audinio veikianti j\u0117ga) ir <strong data-start=\"2016\" data-end=\"2048\">skersinis atsparumas tr\u016bkiui<\/strong> (j\u0117ga, veikianti per vis\u0105 audinio plot\u012f).<\/p>\n<h3>Reik\u0161m\u0117:<\/h3>\n<p>\u0160is bandymas suteikia svarbi\u0173 duomen\u0173 apie audinio atsparum\u0105 j\u0117goms, galin\u010dioms supl\u0117\u0161yti med\u017eiag\u0105 \u012fprasto naudojimo metu, ir u\u017etikrina, kad med\u017eiaga atlaikyt\u0173 \u012ftamp\u0105 j\u0105 tvarkant, gabenant ir sand\u0117liuojant.<\/p>\n<hr data-start=\"5494\" data-end=\"5497\" \/>\n<h2 data-start=\"2229\" data-end=\"2260\">Pailg\u0117jimo tempimo stipris: Med\u017eiagos tempiamumo matavimas<\/h2>\n<p data-start=\"2262\" data-end=\"2613\">Kitas svarbus audinio savybi\u0173 aspektas yra jo geb\u0117jimas i\u0161sitempti nesutr\u016bkin\u0117jant, kuris matuojamas naudojant <strong data-start=\"2526\" data-end=\"2557\">pailg\u0117jimas tempimo stipris<\/strong> testas. Pailg\u0117jimas - tai procentinis audinio ilgio padid\u0117jimas prie\u0161 jam nutr\u016bkstant nuo \u012ftempimo.<\/p>\n<h3 data-start=\"2262\" data-end=\"2613\">Proced\u016bra:<\/h3>\n<p>Bandiniai \u012fkeliami \u012f bandymo ma\u0161in\u0105 ir, siekiant paruo\u0161ti audin\u012f, taikoma nedidel\u0117 pradin\u0117 1,7 N apkrova. Atliekant bandym\u0105 matuojamas pailg\u0117jimas, ir pateikiamas vidutinis pailg\u0117jimo procentas, apskai\u010diuotas pagal penkis atskirus bandinius.<\/p>\n<h3>Reik\u0161m\u0117:<\/h3>\n<p>Supratimas apie pailg\u0117jim\u0105 padeda gamintojams kurti audinius, kurie i\u0161laiko savo vientisum\u0105 net tempimo ar dinaminio jud\u0117jimo metu, o tai labai svarbu tokiems gaminiams kaip pripu\u010diami medicinos prietaisai ar lanks\u010dios pakavimo med\u017eiagos.<\/p>\n<hr \/>\n<h2 data-start=\"2620\" data-end=\"2649\">Sprogimo j\u0117ga: Kamuolio sprogimo ir diafragmos sprogimo metodai<\/h2>\n<h3>Kamuolio sprogimo metodas:<\/h3>\n<p>Plieniniu rutuliuku audinys spaud\u017eiamas tol, kol ply\u0161ta. \u0160iuo metodu matuojamas audinio atsparumas vidiniam sl\u0117giui.<\/p>\n<h3>Membranos ply\u0161imo metodas:<\/h3>\n<p>Taikant \u0161\u012f metod\u0105 audinys veikiamas hidrauliniu sl\u0117giu naudojant diafragm\u0105, kad b\u016bt\u0173 imituojamos realios s\u0105lygos. Pagrindinis eksploatacini\u0173 savybi\u0173 rodiklis yra audinio geb\u0117jimas atlaikyti \u0161\u012f sl\u0117g\u012f prie\u0161 ply\u0161im\u0105.<\/p>\n<h3>Reik\u0161m\u0117:<\/h3>\n<p>Ply\u0161imo stiprumo bandymas yra labai svarbus, kai audiniai gali b\u016bti veikiami auk\u0161to sl\u0117gio aplinkos, pavyzd\u017eiui, at\u0161iauriomis oro s\u0105lygomis naudojami tentai arba pripu\u010diami gaminiai.<\/p>\n<hr \/>\n<h2 data-start=\"3355\" data-end=\"3383\">Ply\u0161imo stiprumas<a style=\"font-size: 16px;font-style: normal;font-weight: 400;color: #3a3a3a\" href=\"https:\/\/www.qualitester.com\/lt\/produktas-2\/tst-01-tensile-tester\/\" target=\"_blank\" rel=\"noopener\"><img decoding=\"async\" class=\"alignright wp-image-7592\" src=\"https:\/\/www.qualitester.com\/wp-content\/uploads\/2025\/11\/ASTM-D751-Fabric-Tear-Strength-Standard-Test-Methods-300x300.webp\" alt=\"ASTM D751 dengto audinio bandymo metodas\" width=\"325\" height=\"325\" srcset=\"https:\/\/www.qualitester.com\/wp-content\/uploads\/2025\/11\/ASTM-D751-Fabric-Tear-Strength-Standard-Test-Methods-300x300.webp 300w, https:\/\/www.qualitester.com\/wp-content\/uploads\/2025\/11\/ASTM-D751-Fabric-Tear-Strength-Standard-Test-Methods-150x150.webp 150w, https:\/\/www.qualitester.com\/wp-content\/uploads\/2025\/11\/ASTM-D751-Fabric-Tear-Strength-Standard-Test-Methods-12x12.webp 12w, https:\/\/www.qualitester.com\/wp-content\/uploads\/2025\/11\/ASTM-D751-Fabric-Tear-Strength-Standard-Test-Methods-100x100.webp 100w, https:\/\/www.qualitester.com\/wp-content\/uploads\/2025\/11\/ASTM-D751-Fabric-Tear-Strength-Standard-Test-Methods.webp 600w\" sizes=\"(max-width: 325px) 100vw, 325px\" \/><\/a> i\u0161 audinio: \u0160vytuokl\u0117s ir lie\u017euv\u0117lio pl\u0117\u0161ymo metodai<\/h2>\n<p>&nbsp;<\/p>\n<p data-start=\"3385\" data-end=\"3746\">Kita svarbi audini\u0173 savyb\u0117 - atsparumas ply\u0161imui,<\/p>\n<p data-start=\"3385\" data-end=\"3746\">ypa\u010d tuos, kurie naudojami tais atvejais, kai med\u017eiaga gali b\u016bti fizi\u0161kai pa\u017eeista arba dilti.<\/p>\n<p data-start=\"3385\" data-end=\"3746\">ASTM D751 standarte pateikiami du atsparumo ply\u0161imui bandymo metodai:<\/p>\n<h3 data-start=\"3385\" data-end=\"3746\">\u0160vytuokl\u0117s metodas:<\/h3>\n<p>Taikant \u0161\u012f metod\u0105 \u0161vytuokle audinys veikiamas j\u0117ga tol, kol ply\u0161ta. Atliekant bandym\u0105 matuojamas audinio atsparumas ply\u0161imui i\u0161 tam tikro ta\u0161ko.<\/p>\n<h3>Lie\u017euvio a\u0161ar\u0173 metodas:<\/h3>\n<p>Bandinys \u012f bandym\u0173 ma\u0161in\u0105 \u012fki\u0161amas \u012f audin\u012f i\u0161pjautu lie\u017euv\u0117liu, ir, panaudojus j\u0117g\u0105, pradedamas ply\u0161imas.<\/p>\n<p>Registruojama j\u0117ga, kurios reikia ply\u0161iui paskleisti.<\/p>\n<h3>Reik\u0161m\u0117:<\/h3>\n<p>Med\u017eiagoms, naudojamoms tokiuose gaminiuose kaip palapin\u0117s, tentai ir apsaugin\u0117s dangos, kurios turi b\u016bti atsparios ply\u0161imams ir \u012fpl\u0117\u0161imams jas reguliariai naudojant, labai svarbus atsparumas ply\u0161imui.<\/p>\n<hr \/>\n<h2 data-start=\"3385\" data-end=\"3746\">Atsparumas prad\u016brimui: Audini\u0173 atsparumo a\u0161triems daiktams bandymas<\/h2>\n<p><img decoding=\"async\" class=\"wp-image-7796 alignright\" src=\"https:\/\/www.qualitester.com\/wp-content\/uploads\/2025\/12\/ASTM-D751-Coated-Fabric-Test-Method-2-300x300.webp\" alt=\"ASTM D751 dengto audinio bandymo metodas 2\" width=\"250\" height=\"250\" srcset=\"https:\/\/www.qualitester.com\/wp-content\/uploads\/2025\/12\/ASTM-D751-Coated-Fabric-Test-Method-2-300x300.webp 300w, https:\/\/www.qualitester.com\/wp-content\/uploads\/2025\/12\/ASTM-D751-Coated-Fabric-Test-Method-2-150x150.webp 150w, https:\/\/www.qualitester.com\/wp-content\/uploads\/2025\/12\/ASTM-D751-Coated-Fabric-Test-Method-2-12x12.webp 12w, https:\/\/www.qualitester.com\/wp-content\/uploads\/2025\/12\/ASTM-D751-Coated-Fabric-Test-Method-2-100x100.webp 100w, https:\/\/www.qualitester.com\/wp-content\/uploads\/2025\/12\/ASTM-D751-Coated-Fabric-Test-Method-2.webp 600w\" sizes=\"(max-width: 250px) 100vw, 250px\" \/><\/p>\n<p>&nbsp;<\/p>\n<p>Atsparumas prad\u016brimui yra esminis audini\u0173, naudojam\u0173 aplinkoje, kurioje jie gali susidurti su a\u0161triais daiktais, bandymas.<\/p>\n<p>Pagal ASTM D751 standart\u0105 reikalaujama atlikti atsparumo prad\u016brimui bandym\u0105 naudojant \u012f plok\u0161\u010di\u0105 atsuktuv\u0105 pana\u0161\u0173 praduriam\u0105j\u012f instrument\u0105.<\/p>\n<h3>Proced\u016bra:<\/h3>\n<h3 style=\"font-style: normal\" data-start=\"4361\" data-end=\"4425\"><span style=\"font-size: 16px;font-weight: 400\">Audinys sumontuojamas bandymo ma\u0161inoje, o praduriamasis instrumentas nuleid\u017eiamas ant audinio pastoviu grei\u010diu. Matuojama j\u0117ga, kurios reikia audiniui pradurti.<\/span><\/h3>\n<h3>Reik\u0161m\u0117:<\/h3>\n<p>\u0160iuo bandymu u\u017etikrinama, kad apsauginiuose dang\u010diuose, medicinos prietaisuose ar pakavimo med\u017eiagose naudojami audiniai atlaikyt\u0173 atsitiktinius prad\u016brimus ir apsaugot\u0173 u\u017edengt\u0173 daikt\u0173 vientisum\u0105.<\/p>\n<hr \/>\n<h2 data-start=\"4361\" data-end=\"4425\">Trapecijos formos ply\u0161imo testas: Med\u017eiagos stiprumo vertinimas \u012fvairiomis kryptimis<\/h2>\n<p>Svetain\u0117 <strong data-start=\"5695\" data-end=\"5720\">trapecijos formos ply\u0161imo testas<\/strong> tai metodas, taikomas audinio atsparumui ply\u0161imui, kai j\u012f veikia kampu veikian\u010dios j\u0117gos, \u012fvertinti. \u0160is bandymas ypa\u010d svarbus audiniams, naudojamiems statybose, automobiliuose ar karin\u0117je pramon\u0117je, kur med\u017eiaga gali susidurti su a\u0161triomis ar netolygiai veikian\u010diomis j\u0117gomis.<\/p>\n<h3>Proced\u016bra:<\/h3>\n<p data-start=\"4803\" data-end=\"4991\" data-is-last-node=\"\" data-is-only-node=\"\">Audinys supjaustomas trapecijos forma ir \u012fki\u0161amas \u012f bandym\u0173 ma\u0161in\u0105. Registruojama j\u0117ga, kurios reikia audiniui supl\u0117\u0161yti.<\/p>\n<h3 data-start=\"4803\" data-end=\"4991\">Reik\u0161m\u0117:<\/h3>\n<p>Trapecijos formos ply\u0161imo bandymu \u012fvertinama, kaip audinys gali atlaikyti sud\u0117tingus \u012ftempius, pavyzd\u017eiui, atsirandan\u010dius dinami\u0161koje aplinkoje.<\/p>\n<hr \/>\n<p>ASTM D751 - tai pagrindinis standartas, kuriuo vertinamos mechanin\u0117s dengt\u0173 audini\u0173 savyb\u0117s, ypa\u010d atsparumas ply\u0161imui, pailg\u0117jimas, ply\u0161imo stipris ir atsparumas ply\u0161imui. \u0160iais bandymais u\u017etikrinama, kad med\u017eiagos, naudojamos pakuot\u0117se, medicinos prietaisuose ir kitose svarbiose srityse, i\u0161laikyt\u0173 savo vientisum\u0105 veikiant apkrovai. Taikydami tikslius bandym\u0173 metodus, tokius kaip sugriebimo bandymas, kamuoliuko ply\u0161imo ir trapecijos formos ply\u0161imo bandymas, gamintojai gali u\u017etikrinti, kad j\u0173 audiniai gerai veikt\u0173 realiomis s\u0105lygomis.<\/p>\n<hr \/>\n<h2 data-start=\"4803\" data-end=\"4991\">DUK<\/h2>\n<div class=\"text-base my-auto mx-auto pb-10 [--thread-content-margin:--spacing(4)] @w-sm\/main:[--thread-content-margin:--spacing(6)] @w-lg\/main:[--thread-content-margin:--spacing(16)] px-(--thread-content-margin)\">\n<div class=\"[--thread-content-max-width:40rem] @w-lg\/main:[--thread-content-max-width:48rem] mx-auto max-w-(--thread-content-max-width) flex-1 group\/turn-messages focus-visible:outline-hidden relative flex w-full min-w-0 flex-col agent-turn\">\n<div class=\"flex max-w-full flex-col grow\">\n<div class=\"min-h-8 text-message relative flex w-full flex-col items-end gap-2 text-start break-words whitespace-normal [.text-message+&amp;]:mt-1\" dir=\"auto\" data-message-author-role=\"assistant\" data-message-id=\"e9d299e0-c3c0-4768-8c78-3099a99e570d\" data-message-model-slug=\"gpt-5-2\">\n<div class=\"flex w-full flex-col gap-1 empty:hidden first:pt-[1px]\">\n<div class=\"markdown prose dark:prose-invert w-full break-words light markdown-new-styling\">\n<ol data-start=\"0\" data-end=\"1442\" data-is-last-node=\"\" data-is-only-node=\"\">\n<li data-start=\"0\" data-end=\"245\">\n<p data-start=\"3\" data-end=\"245\"><strong data-start=\"3\" data-end=\"25\" data-is-only-node=\"\">Kas yra ASTM D751?<\/strong><br \/>\nASTM D751 - tai standartinis bandymo metodas, naudojamas dengt\u0173 audini\u0173 eksploatacin\u0117ms savyb\u0117ms \u012fvertinti, ypa\u010d pakuot\u0117ms. Jis apima tokius bandymus, kaip audinio atsparumas ply\u0161imui, ply\u0161imo stiprumas ir atsparumas prad\u016brimui.<\/p>\n<\/li>\n<li data-start=\"247\" data-end=\"475\">\n<p data-start=\"250\" data-end=\"475\"><strong data-start=\"250\" data-end=\"293\" data-is-only-node=\"\">K\u0105 matuoja Grab testo metodas?<\/strong><br \/>\nSvetain\u0117 <strong data-start=\"301\" data-end=\"321\">Bandymo metodas su griebtuvais<\/strong> matuoja audinio <strong data-start=\"344\" data-end=\"365\">atsparumas tr\u016bkiui<\/strong> traukiant bandin\u012f, kol jis \u012ftr\u016bksta. Taip gaunami svarb\u016bs duomenys apie med\u017eiagos patvarum\u0105 veikiant \u012ftempiams.<\/p>\n<\/li>\n<li data-start=\"477\" data-end=\"746\">\n<p data-start=\"480\" data-end=\"746\"><strong data-start=\"480\" data-end=\"534\" data-is-only-node=\"\">Koks yra ply\u0161imo stiprumo testo tikslas?<\/strong><br \/>\nSvetain\u0117 <strong data-start=\"542\" data-end=\"568\">Ply\u0161imo stiprumo bandymas<\/strong> lemia, kok\u012f sl\u0117g\u012f padengtas audinys gali atlaikyti prie\u0161 ply\u0161damas, o tai labai svarbu pakavimo med\u017eiagoms, kurias gabenant ar tvarkant veikia sl\u0117gis.<\/p>\n<\/li>\n<li data-start=\"748\" data-end=\"958\">\n<p data-start=\"751\" data-end=\"958\"><strong data-start=\"751\" data-end=\"789\" data-is-only-node=\"\">Kas yra trapecijos formos a\u0161arojimo testas?<\/strong><br \/>\nSvetain\u0117 <strong data-start=\"797\" data-end=\"822\">Trapecijos formos ply\u0161imo bandymas<\/strong> matuoja <strong data-start=\"836\" data-end=\"856\">atsparumas ply\u0161imui<\/strong> audinio. Bandinys su trapecijos formos pj\u016bviu i\u0161traukiamas, kad b\u016bt\u0173 galima \u012fvertinti jo atsparum\u0105 ply\u0161imui.<\/p>\n<\/li>\n<li data-start=\"960\" data-end=\"1181\">\n<p data-start=\"963\" data-end=\"1181\"><strong data-start=\"963\" data-end=\"1017\" data-is-only-node=\"\">Kod\u0117l pakuot\u0117je svarbus atsparumas prad\u016brimams?<\/strong><br \/>\n<strong data-start=\"1021\" data-end=\"1044\">Atsparumas prad\u016brimams<\/strong> labai svarbus pakavimo med\u017eiagoms, kurios turi b\u016bti atsparios a\u0161triems daiktams ar \u0161iurk\u0161\u010diam tvarkymui, u\u017etikrinant viduje esan\u010dio produkto vientisum\u0105.<\/p>\n<\/li>\n<li data-start=\"1183\" data-end=\"1442\" data-is-last-node=\"\">\n<p data-start=\"1186\" data-end=\"1442\" data-is-last-node=\"\"><strong data-start=\"1186\" data-end=\"1241\" data-is-only-node=\"\">Kuo ASTM D751 naudingas pakuo\u010di\u0173 gamintojams?<\/strong><br \/>\nASTM D751 gamintojams suteikia standartizuotus dengt\u0173 audini\u0173 vertinimo metodus, u\u017etikrinan\u010dius, kad pakavimo med\u017eiagos atitikt\u0173 patvarumo, stiprumo ir eksploatacini\u0173 savybi\u0173 reikalavimus, taikomus \u012fvairioms reikm\u0117ms.<\/p>\n<\/li>\n<\/ol>\n<\/div>\n<\/div>\n<\/div>\n<\/div>\n<\/div>\n<\/div>","protected":false},"excerpt":{"rendered":"<p>ASTM D751 Coated Fabric Test Method Coated Fabric Test Method is essential for determining the durability and performance of coated fabrics used in various industries, including textiles, packaging, and medical applications. ASTM D751 outlines standardized procedures for evaluating the integrity of coated fabrics under various stress conditions. This article will explore the key test methods &hellip;<\/p>\n<p class=\"read-more\"> <a class=\"\" href=\"https:\/\/www.qualitester.com\/lt\/standards\/astm-d751\/\"> <span class=\"screen-reader-text\">ASTM D751<\/span> Skaityti daugiau \"<\/a><\/p>","protected":false},"author":4,"featured_media":0,"parent":4948,"menu_order":0,"comment_status":"closed","ping_status":"closed","template":"","meta":{"site-sidebar-layout":"default","site-content-layout":"default","ast-global-header-display":"","ast-main-header-display":"","ast-hfb-above-header-display":"","ast-hfb-below-header-display":"","ast-hfb-mobile-header-display":"","site-post-title":"disabled","ast-breadcrumbs-content":"","ast-featured-img":"","footer-sml-layout":"","theme-transparent-header-meta":"default","adv-header-id-meta":"","stick-header-meta":"","header-above-stick-meta":"","header-main-stick-meta":"","header-below-stick-meta":"","footnotes":""},"class_list":["post-7590","page","type-page","status-publish","hentry"],"_links":{"self":[{"href":"https:\/\/www.qualitester.com\/lt\/wp-json\/wp\/v2\/pages\/7590","targetHints":{"allow":["GET"]}}],"collection":[{"href":"https:\/\/www.qualitester.com\/lt\/wp-json\/wp\/v2\/pages"}],"about":[{"href":"https:\/\/www.qualitester.com\/lt\/wp-json\/wp\/v2\/types\/page"}],"author":[{"embeddable":true,"href":"https:\/\/www.qualitester.com\/lt\/wp-json\/wp\/v2\/users\/4"}],"replies":[{"embeddable":true,"href":"https:\/\/www.qualitester.com\/lt\/wp-json\/wp\/v2\/comments?post=7590"}],"version-history":[{"count":0,"href":"https:\/\/www.qualitester.com\/lt\/wp-json\/wp\/v2\/pages\/7590\/revisions"}],"up":[{"embeddable":true,"href":"https:\/\/www.qualitester.com\/lt\/wp-json\/wp\/v2\/pages\/4948"}],"wp:attachment":[{"href":"https:\/\/www.qualitester.com\/lt\/wp-json\/wp\/v2\/media?parent=7590"}],"curies":[{"name":"wp","href":"https:\/\/api.w.org\/{rel}","templated":true}]}}