{"id":7487,"date":"2025-09-19T16:03:19","date_gmt":"2025-09-19T08:03:19","guid":{"rendered":"https:\/\/www.qualitester.com\/?page_id=7487"},"modified":"2025-09-19T16:03:19","modified_gmt":"2025-09-19T08:03:19","slug":"cobb-tester-for-paper","status":"publish","type":"page","link":"https:\/\/www.qualitester.com\/lt\/cobb-tester-for-paper\/","title":{"rendered":"\"Cobb\" popieriaus testeris: U\u017etikrinkite tiksl\u0173 vandens \u012fgeriamumo bandym\u0105"},"content":{"rendered":"<p><a href=\"https:\/\/www.qualitester.com\/lt\/?s=COBB\"><img fetchpriority=\"high\" decoding=\"async\" class=\"size-medium wp-image-7490 alignleft\" src=\"https:\/\/www.qualitester.com\/wp-content\/uploads\/2025\/09\/COBB--300x300.webp\" alt=\"Cobb testeris popieriui\" width=\"300\" height=\"300\" srcset=\"https:\/\/www.qualitester.com\/wp-content\/uploads\/2025\/09\/COBB--300x300.webp 300w, https:\/\/www.qualitester.com\/wp-content\/uploads\/2025\/09\/COBB--150x150.webp 150w, https:\/\/www.qualitester.com\/wp-content\/uploads\/2025\/09\/COBB--12x12.webp 12w, https:\/\/www.qualitester.com\/wp-content\/uploads\/2025\/09\/COBB--600x600.webp 600w, https:\/\/www.qualitester.com\/wp-content\/uploads\/2025\/09\/COBB--100x100.webp 100w, https:\/\/www.qualitester.com\/wp-content\/uploads\/2025\/09\/COBB-.webp 756w\" sizes=\"(max-width: 300px) 100vw, 300px\" \/><\/a>Suprasti popieriaus ir kartono vandens \u012fgeriamum\u0105 yra labai svarbu spaudos, pakavimo ir popieriaus gamybos kokyb\u0117s kontrolei. . <strong data-start=\"436\" data-end=\"461\">Cobb testeris popieriui<\/strong> yra specializuotas prietaisas, skirtas matuoti vandens kiek\u012f, kur\u012f standartin\u0117mis s\u0105lygomis sugeria m\u0117ginys. Pagal ISO 535 standartus taikant \u0161\u012f bandym\u0173 metod\u0105 gaunami patikimi duomenys, kuriais galima vadovautis renkantis med\u017eiagas, gamybos procesus ir vertinant gaminio eksploatacines savybes.<\/p>\n<hr \/>\n<h2>Cobb absorbcijos var\u017eos testeris: Pagrindin\u0117s savyb\u0117s ir taikymo sritys<\/h2>\n<p data-start=\"817\" data-end=\"1165\">Svetain\u0117 <strong data-start=\"821\" data-end=\"858\">Cobb absorbcijos var\u017eos testeris<\/strong> veikiama u\u017epylus i\u0161matuot\u0105 vandens kiek\u012f ant nustatyto popieriaus ar kartono ploto ir nusta\u010dius absorbcijos laik\u0105. Po tam tikro laiko vandens perteklius pa\u0161alinamas ir apskai\u010diuojamas sugertas kiekis. \u0160is metodas u\u017etikrina, kad rezultatai b\u016bt\u0173 nuosekl\u016bs, tiksl\u016bs ir palyginami skirtingose laboratorijose.<\/p>\n<p data-start=\"1167\" data-end=\"1223\">Pagrindin\u0117s Cobb testerio popieriaus naudojimo sritys yra \u0161ios:<\/p>\n<ul data-start=\"1225\" data-end=\"1686\">\n<li data-start=\"1225\" data-end=\"1353\">\n<p data-start=\"1227\" data-end=\"1353\"><strong data-start=\"1227\" data-end=\"1256\">Popieriaus kokyb\u0117s vertinimas:<\/strong> Spausdinimo popieriaus, pakavimo kartono ir gofruoto kartono atsparumo vandeniui vertinimas.<\/p>\n<\/li>\n<li data-start=\"1354\" data-end=\"1450\">\n<p data-start=\"1356\" data-end=\"1450\"><strong data-start=\"1356\" data-end=\"1376\">Proceso kontrol\u0117:<\/strong> Dangos vienodumo ir pavir\u0161iaus apdorojimo steb\u0117jimas gamybos metu.<\/p>\n<\/li>\n<li data-start=\"1451\" data-end=\"1563\">\n<p data-start=\"1453\" data-end=\"1563\"><strong data-start=\"1453\" data-end=\"1469\">Mokslini\u0173 tyrim\u0173 ir pl\u0117tros bandymai:<\/strong> Pagalba kuriant naujas popieriaus r\u016b\u0161is ir dangas, pasi\u017eymin\u010dias pageidaujamomis absorbcin\u0117mis savyb\u0117mis.<\/p>\n<\/li>\n<li data-start=\"1564\" data-end=\"1686\">\n<p data-start=\"1566\" data-end=\"1686\"><strong data-start=\"1566\" data-end=\"1591\">Lyginamoji analiz\u0117:<\/strong> skirting\u0173 tiek\u0117j\u0173 ar partij\u0173 palyginimas, siekiant u\u017etikrinti nuoseklias gamini\u0173 naudojimo savybes.<\/p>\n<hr \/>\n<h2 data-start=\"1566\" data-end=\"1686\">Kod\u0117l svarbu atlikti vandens \u012fgeriamumo bandymus<\/h2>\n<\/li>\n<\/ul>\n<p data-start=\"1736\" data-end=\"2010\">Vandens \u012fgeriamumas turi \u012ftakos tiek fizin\u0117ms, tiek funkcin\u0117ms popieriaus savyb\u0117ms. Didelis \u012fgeriamumas gali lemti ra\u0161alo plitim\u0105 arba prastas barjerines savybes, o ma\u017eas \u012fgeriamumas gali reik\u0161ti nepakankam\u0105 pavir\u0161iaus apdorojim\u0105. Naudojant <strong data-start=\"1963\" data-end=\"1988\">Cobb testeris popieriui<\/strong>, gamintojai gali:<\/p>\n<ol data-start=\"2012\" data-end=\"2418\">\n<li data-start=\"2012\" data-end=\"2100\">\n<p data-start=\"2015\" data-end=\"2100\"><strong data-start=\"2015\" data-end=\"2046\">U\u017etikrinkite produkto nuoseklum\u0105:<\/strong> I\u0161laikyti vienod\u0105 gamybos partij\u0173 kokyb\u0119.<\/p>\n<\/li>\n<li data-start=\"2101\" data-end=\"2204\">\n<p data-start=\"2104\" data-end=\"2204\"><strong data-start=\"2104\" data-end=\"2148\">Optimizuoti dangas ir pavir\u0161iaus apdorojim\u0105:<\/strong> Pakoreguokite procesus, kad pasiektum\u0117te pageidaujam\u0105 absorbcijos lyg\u012f.<\/p>\n<\/li>\n<li data-start=\"2205\" data-end=\"2336\">\n<p data-start=\"2208\" data-end=\"2336\"><strong data-start=\"2208\" data-end=\"2249\">Parama atitik\u010diai ir sertifikavimui:<\/strong> Suderinti bandymus su ISO 535 standartais, u\u017etikrinant tarptautin\u012f rezultat\u0173 pripa\u017einim\u0105.<\/p>\n<\/li>\n<li data-start=\"2337\" data-end=\"2418\">\n<p data-start=\"2340\" data-end=\"2418\"><strong data-start=\"2340\" data-end=\"2366\">Ma\u017einkite med\u017eiag\u0173 atliekas:<\/strong> Anksti aptikti defektus ir suma\u017einti brokuot\u0173 atsarg\u0173 kiek\u012f.<\/p>\n<hr \/>\n<h2 data-start=\"2340\" data-end=\"2418\">Bandymo proced\u016bra pagal <a href=\"https:\/\/www.iso.org\/standard\/61486.html\" target=\"_blank\" rel=\"noopener nofollow\">ISO 535<\/a><\/h2>\n<\/li>\n<\/ol>\n<p data-start=\"2466\" data-end=\"2501\">Atlikti tiksl\u0173 Cobbo test\u0105:<\/p>\n<ol data-start=\"2503\" data-end=\"3012\">\n<li data-start=\"2503\" data-end=\"2644\">\n<p data-start=\"2506\" data-end=\"2644\"><strong data-start=\"2506\" data-end=\"2529\">M\u0117ginio paruo\u0161imas:<\/strong> Supjaustykite popieri\u0173 arba karton\u0105 iki reikiamo dyd\u017eio (paprastai \u226550 g\/m\u00b2) ir kondicionuokite standartin\u0117mis laboratorin\u0117mis s\u0105lygomis.<\/p>\n<\/li>\n<li data-start=\"2645\" data-end=\"2724\">\n<p data-start=\"2648\" data-end=\"2724\"><strong data-start=\"2648\" data-end=\"2664\">Pozicijos nustatymas:<\/strong> Pad\u0117kite m\u0117gin\u012f po Cobb testerio vandens rezervuaru.<\/p>\n<\/li>\n<li data-start=\"2725\" data-end=\"2803\">\n<p data-start=\"2728\" data-end=\"2803\"><strong data-start=\"2728\" data-end=\"2747\">Vandens poveikis:<\/strong> U\u017epilkite pamatuot\u0105 kiek\u012f vandens ir \u012fjunkite laikmat\u012f.<\/p>\n<\/li>\n<li data-start=\"2804\" data-end=\"2902\">\n<p data-start=\"2807\" data-end=\"2902\"><strong data-start=\"2807\" data-end=\"2830\">I\u0161leiskite vandens pertekli\u0173:<\/strong> Pra\u0117jus nurodytam laikui (paprastai 60 sekund\u017ei\u0173), pa\u0161alinkite vandens pertekli\u0173.<\/p>\n<\/li>\n<li data-start=\"2903\" data-end=\"3012\">\n<p data-start=\"2906\" data-end=\"3012\"><strong data-start=\"2906\" data-end=\"2922\">Matavimas:<\/strong> Pasverkite sugert\u0105 vanden\u012f ir apskai\u010diuokite Cobbo vert\u0119 gramais kvadratiniam metrui (g\/m\u00b2).<\/p>\n<\/li>\n<\/ol>\n<p data-start=\"3014\" data-end=\"3208\">\u0160is metodas leid\u017eia kokyb\u0117s kontrol\u0117s darbuotojams ir tyr\u0117jams <strong data-start=\"3078\" data-end=\"3141\">patikimai \u012fvertinti popieriaus ir kartono sugeriamum\u0105 vandeniui.<\/strong>, kad b\u016bt\u0173 lengviau priimti pagr\u012fstus sprendimus d\u0117l gamybos ir taikymo.<\/p>\n<hr \/>\n<h2 data-start=\"3014\" data-end=\"3208\">Tinkamo Cobb testerio popieriui parinkimas<\/h2>\n<p data-start=\"3259\" data-end=\"3420\">Laboratorijose ir gamybos \u012fmon\u0117se, kuriose reikia tikslumo ir efektyvumo, galima naudoti <strong data-start=\"3342\" data-end=\"3385\">\"Cell Instruments\" COBB absorbcijos testeris<\/strong> yra idealus pasirinkimas. Jis palaiko:<\/p>\n<ul data-start=\"3422\" data-end=\"3640\">\n<li data-start=\"3422\" data-end=\"3464\">\n<p data-start=\"3424\" data-end=\"3464\">Keli\u0173 dyd\u017ei\u0173 pavyzd\u017eiai ir popieriaus tipai.<\/p>\n<\/li>\n<li data-start=\"3465\" data-end=\"3518\">\n<p data-start=\"3467\" data-end=\"3518\">Greiti, pakartojami matavimai, pasi\u017eymintys dideliu tikslumu.<\/p>\n<\/li>\n<li data-start=\"3519\" data-end=\"3575\">\n<p data-start=\"3521\" data-end=\"3575\">Patogus valdymas su ai\u0161kiais skaitmeniniais rodmenimis.<\/p>\n<\/li>\n<li data-start=\"3576\" data-end=\"3640\">\n<p data-start=\"3578\" data-end=\"3640\">Standartizuot\u0173 bandym\u0173 proced\u016br\u0173 atitiktis ISO 535 standartui.<\/p>\n<\/li>\n<\/ul>\n<hr \/>\n<h2>Cobb testerio naudojimo privalumai<\/h2>\n<ul>\n<li data-start=\"3693\" data-end=\"3770\">\n<p data-start=\"3695\" data-end=\"3770\"><strong data-start=\"3695\" data-end=\"3717\">Patobulintas tikslumas:<\/strong> Suma\u017e\u0117ja operatoriaus klaid\u0173 ir pager\u0117ja pakartojamumas.<\/p>\n<\/li>\n<li data-start=\"3771\" data-end=\"3839\">\n<p data-start=\"3773\" data-end=\"3839\"><strong data-start=\"3773\" data-end=\"3793\">Laiko efektyvumas:<\/strong> Grei\u010diau nei rankinis absorbcijos matavimas.<\/p>\n<\/li>\n<li data-start=\"3840\" data-end=\"3941\">\n<p data-start=\"3842\" data-end=\"3941\"><strong data-start=\"3842\" data-end=\"3865\">I\u0161sam\u016bs duomenys:<\/strong> Pateikiami rezultatai, tinkami ataskaitoms, auditams ir produkt\u0173 k\u016brimui.<\/p>\n<\/li>\n<li data-start=\"3942\" data-end=\"4047\">\n<p data-start=\"3944\" data-end=\"4047\"><strong data-start=\"3944\" data-end=\"3969\">Pramon\u0117s patikimumas:<\/strong> Pla\u010diai paplit\u0119s spausdinimo, pakavimo ir popieriaus gamybos sektoriuose.<\/p>\n<\/li>\n<\/ul>\n<hr \/>\n<h2>I\u0161vada<\/h2>\n<p>Svetain\u0117 <strong data-start=\"4071\" data-end=\"4096\">Cobb testeris popieriui<\/strong> yra nepakei\u010diamas \u012frankis vandens \u012fgeriamumui \u012fvertinti pagal ISO 535 standart\u0105. Integruodami \u0161\u012f bandym\u0105 \u012f gamyb\u0105 ir kokyb\u0117s kontrol\u0119, gamintojai ir laboratorijos gali u\u017etikrinti auk\u0161tos kokyb\u0117s, nuoseklius popieriaus gaminius, optimizuoti dengimo procesus ir i\u0161laikyti tarptautin\u0119 atitikt\u012f. . <strong data-start=\"4398\" data-end=\"4435\">Cobb absorbcijos var\u017eos testeris<\/strong> \"Cell Instruments\" suderina tikslum\u0105, efektyvum\u0105 ir patikimum\u0105, pad\u0117damas specialistams gauti tikslius ir standartizuotus rezultatus.<\/p>\n<hr \/>\n<h2>DUK<\/h2>\n<p data-start=\"4592\" data-end=\"4746\"><strong data-start=\"4592\" data-end=\"4599\">Q1:<\/strong> Ar \"Cobb\" testeris gali matuoti padengt\u0105 ir nepadengt\u0105 popieri\u0173?<br data-start=\"4655\" data-end=\"4658\" \/><strong data-start=\"4658\" data-end=\"4664\">A:<\/strong> Taip, jis tinka abiem atvejais, jei gramat\u016bra atitinka ISO 535 reikalavimus.<\/p>\n<p data-start=\"4748\" data-end=\"4874\"><strong data-start=\"4748\" data-end=\"4755\">Q2:<\/strong> Kokio dyd\u017eio imtis rekomenduojama?<br data-start=\"4788\" data-end=\"4791\" \/><strong data-start=\"4791\" data-end=\"4797\">A:<\/strong> Paprastai m\u0117giniai \u226550 g\/m\u00b2, vengiant labai akyto popieriaus, pavyzd\u017eiui, laikra\u0161tinio popieriaus.<\/p>\n<p data-start=\"4876\" data-end=\"5012\"><strong data-start=\"4876\" data-end=\"4883\">Q3:<\/strong> Kiek laiko trunka standartinis Cobb testas?<br data-start=\"4924\" data-end=\"4927\" \/><strong data-start=\"4927\" data-end=\"4933\">A:<\/strong> Standartin\u0117 ekspozicija paprastai yra 60 sekund\u017ei\u0173, ta\u010diau j\u0105 galima reguliuoti pagal ISO 535.<\/p>\n<p data-start=\"5014\" data-end=\"5152\"><strong data-start=\"5014\" data-end=\"5021\">Q4:<\/strong> Ar rezultatai gali b\u016bti naudojami sertifikavimo tikslais?<br data-start=\"5073\" data-end=\"5076\" \/><strong data-start=\"5076\" data-end=\"5082\">A:<\/strong> Taip, ISO 535 atitiktis u\u017etikrina tarptautiniu mastu pripa\u017eintus rezultatus.<\/p>\n<p data-start=\"5154\" data-end=\"5287\"><strong data-start=\"5154\" data-end=\"5161\">Q5:<\/strong> Ar reikalingas operatoriaus mokymas?<br data-start=\"5192\" data-end=\"5195\" \/><strong data-start=\"5195\" data-end=\"5201\">A:<\/strong> Pagrindiniai mokymai u\u017etikrina tiksl\u0173 m\u0117gini\u0173 tvarkym\u0105 ir nuoseklius matavimo rezultatus.<\/p>","protected":false},"excerpt":{"rendered":"<p>Suprasti popieriaus ir kartono vandens \u012fgeriamum\u0105 yra labai svarbu spaudos, pakavimo ir popieriaus gamybos kokyb\u0117s kontrolei. Cobbo testeris popieriui yra specializuotas prietaisas, skirtas matuoti vandens kiek\u012f, kur\u012f standartin\u0117mis s\u0105lygomis sugeria m\u0117ginys. Vadovaujantis ISO 535 standartais, \u0161is bandym\u0173 metodas suteikia patikim\u0173 duomen\u0173, kuriais remiantis galima orientuotis med\u017eiagos ...<\/p>\n<p class=\"read-more\"> <a class=\"\" href=\"https:\/\/www.qualitester.com\/lt\/cobb-tester-for-paper\/\"> <span class=\"screen-reader-text\">\"Cobb\" popieriaus testeris: U\u017etikrinkite tiksl\u0173 vandens \u012fgeriamumo bandym\u0105<\/span> Skaityti daugiau \"<\/a><\/p>","protected":false},"author":3,"featured_media":0,"parent":0,"menu_order":0,"comment_status":"closed","ping_status":"closed","template":"","meta":{"site-sidebar-layout":"default","site-content-layout":"default","ast-global-header-display":"","ast-main-header-display":"","ast-hfb-above-header-display":"","ast-hfb-below-header-display":"","ast-hfb-mobile-header-display":"","site-post-title":"","ast-breadcrumbs-content":"","ast-featured-img":"","footer-sml-layout":"","theme-transparent-header-meta":"default","adv-header-id-meta":"","stick-header-meta":"","header-above-stick-meta":"","header-main-stick-meta":"","header-below-stick-meta":"","footnotes":""},"class_list":["post-7487","page","type-page","status-publish","hentry"],"_links":{"self":[{"href":"https:\/\/www.qualitester.com\/lt\/wp-json\/wp\/v2\/pages\/7487","targetHints":{"allow":["GET"]}}],"collection":[{"href":"https:\/\/www.qualitester.com\/lt\/wp-json\/wp\/v2\/pages"}],"about":[{"href":"https:\/\/www.qualitester.com\/lt\/wp-json\/wp\/v2\/types\/page"}],"author":[{"embeddable":true,"href":"https:\/\/www.qualitester.com\/lt\/wp-json\/wp\/v2\/users\/3"}],"replies":[{"embeddable":true,"href":"https:\/\/www.qualitester.com\/lt\/wp-json\/wp\/v2\/comments?post=7487"}],"version-history":[{"count":0,"href":"https:\/\/www.qualitester.com\/lt\/wp-json\/wp\/v2\/pages\/7487\/revisions"}],"wp:attachment":[{"href":"https:\/\/www.qualitester.com\/lt\/wp-json\/wp\/v2\/media?parent=7487"}],"curies":[{"name":"wp","href":"https:\/\/api.w.org\/{rel}","templated":true}]}}