{"id":7439,"date":"2025-09-11T17:11:29","date_gmt":"2025-09-11T09:11:29","guid":{"rendered":"https:\/\/www.qualitester.com\/?page_id=7439"},"modified":"2025-09-11T17:14:02","modified_gmt":"2025-09-11T09:14:02","slug":"glide-force-and-break-loose-force","status":"publish","type":"page","link":"https:\/\/www.qualitester.com\/lt\/applications\/glide-force-and-break-loose-force\/","title":{"rendered":"\u0160virk\u0161t\u0173 slydimo j\u0117gos ir atsipalaidavimo j\u0117gos bandymai"},"content":{"rendered":"<p><img fetchpriority=\"high\" decoding=\"async\" class=\"wp-image-7443 alignleft\" src=\"https:\/\/www.qualitester.com\/wp-content\/uploads\/2025\/09\/glide-force-and-break-loose-force-300x300.webp\" alt=\"slydimo j\u0117ga ir atsipalaidavimo j\u0117ga\" width=\"231\" height=\"231\" srcset=\"https:\/\/www.qualitester.com\/wp-content\/uploads\/2025\/09\/glide-force-and-break-loose-force-300x300.webp 300w, https:\/\/www.qualitester.com\/wp-content\/uploads\/2025\/09\/glide-force-and-break-loose-force-1024x1024.webp 1024w, https:\/\/www.qualitester.com\/wp-content\/uploads\/2025\/09\/glide-force-and-break-loose-force-150x150.webp 150w, https:\/\/www.qualitester.com\/wp-content\/uploads\/2025\/09\/glide-force-and-break-loose-force-768x768.webp 768w, https:\/\/www.qualitester.com\/wp-content\/uploads\/2025\/09\/glide-force-and-break-loose-force-12x12.webp 12w, https:\/\/www.qualitester.com\/wp-content\/uploads\/2025\/09\/glide-force-and-break-loose-force-600x600.webp 600w, https:\/\/www.qualitester.com\/wp-content\/uploads\/2025\/09\/glide-force-and-break-loose-force-100x100.webp 100w, https:\/\/www.qualitester.com\/wp-content\/uploads\/2025\/09\/glide-force-and-break-loose-force.webp 1200w\" sizes=\"(max-width: 231px) 100vw, 231px\" \/>Tikslus matavimas <strong data-start=\"368\" data-end=\"405\">slydimo j\u0117ga ir atsipalaidavimo j\u0117ga<\/strong> yra labai svarbus vertinant \u0161virk\u0161t\u0173 veikim\u0105 ir u\u017etikrinant pacient\u0173 saug\u0105. \u0160ie parametrai lemia st\u016bmoklio jud\u0117jimo lengvum\u0105 ir nuoseklum\u0105 \u0161virk\u0161\u010diant injekcij\u0105, o tai turi tiesiogin\u0119 \u012ftak\u0105 naudojimo patogumui, doz\u0117s tikslumui ir atitik\u010diai tarptautiniams standartams, pvz. <a href=\"https:\/\/www.uspnf.com\/sites\/default\/files\/usp_pdf\/EN\/USPNF\/usp-nf-notices\/gc-382-pre-post-20190531.pdf\" target=\"_blank\" rel=\"noopener nofollow\"><strong data-start=\"670\" data-end=\"681\">USP 382<\/strong><\/a> ir <a href=\"https:\/\/www.iso.org\/standard\/82222.html\" target=\"_blank\" rel=\"noopener nofollow\"><strong data-start=\"686\" data-end=\"701\">ISO 11040-4<\/strong><\/a>. Suprasdami \u0161ias j\u0117gas, gamintojai ir kokyb\u0117s kontrol\u0117s darbuotojai gali u\u017etikrinti, kad \u0161virk\u0161tai atitikt\u0173 teis\u0117s akt\u0173 reikalavimus ir patikimai veikt\u0173 klinikin\u0117je aplinkoje.<\/p>\n<hr \/>\n<h2>St\u016bmoklio jud\u0117jimo j\u0117gos bandymas: svarba ir standartai<\/h2>\n<p data-start=\"938\" data-end=\"1098\">Svetain\u0117 <strong data-start=\"942\" data-end=\"973\">st\u016bmoklio jud\u0117jimo j\u0117gos bandymas<\/strong> matuoja pasiprie\u0161inim\u0105, atsirandant\u012f \u0161virk\u0161to st\u016bmokliui judant cilindre. \u0160\u012f bandym\u0105 sudaro du pagrindiniai komponentai:<\/p>\n<ul data-start=\"1100\" data-end=\"1333\">\n<li data-start=\"1100\" data-end=\"1221\">\n<p data-start=\"1102\" data-end=\"1221\"><strong data-start=\"1102\" data-end=\"1123\">Atsilaisvinimo j\u0117ga<\/strong>: Pradin\u0117 j\u0117ga, kurios reikia statinei trin\u010diai tarp st\u016bmoklio kam\u0161\u010dio ir cilindro \u012fveikti.<\/p>\n<\/li>\n<li data-start=\"1222\" data-end=\"1333\">\n<p data-start=\"1224\" data-end=\"1333\"><strong data-start=\"1224\" data-end=\"1239\">Slydimo j\u0117ga<\/strong>: Pastovi j\u0117ga, kurios reikia st\u016bmokliui jud\u0117ti i\u0161ilgai eigos po pradinio judesio.<\/p>\n<\/li>\n<\/ul>\n<p data-start=\"1335\" data-end=\"1933\"><strong data-start=\"1335\" data-end=\"1346\">USP 382<\/strong> apibr\u0117\u017eia st\u016bmoklio tinkamumo bandymus, kuriuose daugiausia d\u0117mesio skiriama tiek atsipalaidavimo, tiek slydimo j\u0117goms, kad b\u016bt\u0173 galima \u012fvertinti st\u016bmoklio funkcionalum\u0105 realiomis s\u0105lygomis. <strong data-start=\"1492\" data-end=\"1507\">ISO 11040-4<\/strong> nustatyti pana\u0161\u016bs reikalavimai i\u0161 anksto u\u017epildomiems \u0161virk\u0161tams, pabr\u0117\u017eiant saug\u0173, patikim\u0105 ir nuosekl\u0173 vaist\u0173 tiekim\u0105. Abiejuose standartuose pabr\u0117\u017eiama, kad reikia tinkamai atlikti bandymus, paprastai <strong data-start=\"1685\" data-end=\"1699\">100 mm\/min<\/strong>, lanks\u010diai pritaikomas pagal \u0161virk\u0161to konstrukcij\u0105 ar paskirt\u012f. Norint tiksliai u\u017efiksuoti did\u017eiausias j\u0117gas, m\u0117gini\u0173 \u0117mimo da\u017enis gali b\u016bti iki <strong data-start=\"1814\" data-end=\"1824\">500 Hz<\/strong> rekomenduojama, ypa\u010d kai reikia nustatyti subtilius tepimo ar st\u016bmoklio ir cilindro s\u0105veikos poky\u010dius.<\/p>\n<hr \/>\n<h2 data-start=\"1335\" data-end=\"1933\">Veiksniai, turintys \u012ftakos slydimo j\u0117gai ir atsipalaidavimo j\u0117gai<\/h2>\n<p data-start=\"1993\" data-end=\"2048\">St\u016bmoklio jud\u0117jimo j\u0117gai turi \u012ftakos keli veiksniai:<\/p>\n<ul data-start=\"2050\" data-end=\"2463\">\n<li data-start=\"2050\" data-end=\"2153\">\n<p data-start=\"2052\" data-end=\"2153\"><strong data-start=\"2052\" data-end=\"2075\">Tepimo kokyb\u0117<\/strong>: Silikono alyva ar kiti tepalai turi \u012ftakos tiek atsipalaidavimo, tiek slydimo j\u0117goms.<\/p>\n<\/li>\n<li data-start=\"2154\" data-end=\"2250\">\n<p data-start=\"2156\" data-end=\"2250\"><strong data-start=\"2156\" data-end=\"2199\">St\u016bmoklio kam\u0161\u010dio med\u017eiaga ir matmenys<\/strong>: Variacijos gali pakeisti trinties charakteristikas.<\/p>\n<\/li>\n<li data-start=\"2251\" data-end=\"2344\">\n<p data-start=\"2253\" data-end=\"2344\"><strong data-start=\"2253\" data-end=\"2291\">\u0160virk\u0161to cilindro geometrija ir apdaila<\/strong>: Tikslus ir sklandus st\u016bmoklio jud\u0117jimas.<\/p>\n<\/li>\n<li data-start=\"2345\" data-end=\"2463\">\n<p data-start=\"2347\" data-end=\"2463\"><strong data-start=\"2347\" data-end=\"2393\">Sterilizacija ir aplinkos s\u0105lygos<\/strong>: \u0160iluma, dr\u0117gm\u0117 ir sterilizacijos procesai gali pakeisti veikim\u0105.<\/p>\n<\/li>\n<\/ul>\n<p data-start=\"2465\" data-end=\"2606\">\u0160i\u0173 kintam\u0173j\u0173 kontrol\u0117 u\u017etikrina nuoseklum\u0105 ir atitikt\u012f teis\u0117s akt\u0173 reikalavimams, suma\u017eina naudotojo diskomforto, dozavimo klaid\u0173 ar nuot\u0117kio rizik\u0105.<\/p>\n<hr \/>\n<h2 data-start=\"2465\" data-end=\"2606\">Rekomenduojama bandymo proced\u016bra<\/h2>\n<p data-start=\"2644\" data-end=\"2715\">Remiantis USP 382 ir ISO 11040-4, tipin\u0119 bandymo proced\u016br\u0105 sudaro:<\/p>\n<ol data-start=\"2717\" data-end=\"3393\">\n<li data-start=\"2717\" data-end=\"2824\">\n<p data-start=\"2720\" data-end=\"2824\"><strong data-start=\"2720\" data-end=\"2744\">Surinkite \u0161virk\u0161t\u0105<\/strong> su st\u016bmokliniu kam\u0161\u010diu ir strypu, naudojant ventiliacijos vamzdelio \u012fd\u0117jim\u0105 arba vakuumin\u012f kam\u0161t\u012f.<\/p>\n<\/li>\n<li data-start=\"2825\" data-end=\"2884\">\n<p data-start=\"2828\" data-end=\"2884\"><strong data-start=\"2828\" data-end=\"2858\">Nuimkite apsauginius u\u017edarymo \u012ftaisus<\/strong> pavyzd\u017eiui, adat\u0173 skydai.<\/p>\n<\/li>\n<li data-start=\"2885\" data-end=\"2991\">\n<p data-start=\"2888\" data-end=\"2991\"><strong data-start=\"2888\" data-end=\"2909\">Pad\u0117kite \u0161virk\u0161t\u0105<\/strong> \u012f tinkamo dyd\u017eio adapter\u012f tempimo ir (arba) gniu\u017edymo bandymo ma\u0161inoje.<\/p>\n<\/li>\n<li data-start=\"2992\" data-end=\"3081\">\n<p data-start=\"2995\" data-end=\"3081\"><strong data-start=\"2995\" data-end=\"3017\">Nustatykite bandymo greit\u012f<\/strong> iki rekomenduojamo 100 mm\/min arba pagal susitarim\u0105 su klientu.<\/p>\n<\/li>\n<li data-start=\"3082\" data-end=\"3162\">\n<p data-start=\"3085\" data-end=\"3162\"><strong data-start=\"3085\" data-end=\"3114\">Priemon\u0117 \"Break Loose Force<\/strong> kai st\u016bmoklis pradeda jud\u0117ti.<\/p>\n<\/li>\n<li data-start=\"3163\" data-end=\"3280\">\n<p data-start=\"3166\" data-end=\"3280\"><strong data-start=\"3166\" data-end=\"3187\">T\u0119sti bandym\u0105<\/strong> fiksuoti slydimo j\u0117g\u0105 per vis\u0105 eig\u0105, kol st\u016bmoklis pasiekia cilindro pet\u012f.<\/p>\n<\/li>\n<li data-start=\"3281\" data-end=\"3393\">\n<p data-start=\"3284\" data-end=\"3393\"><strong data-start=\"3284\" data-end=\"3304\">Dokument\u0173 rezultatai<\/strong>, \u012fskaitant did\u017eiausias ir vidutines j\u0117gas, m\u0117gini\u0173 skai\u010di\u0173 ir visus pasteb\u0117tus nuokrypius.<\/p>\n<\/li>\n<\/ol>\n<p data-start=\"3395\" data-end=\"3530\">Tiksl\u016bs ir pakartojami bandymai leid\u017eia nustatyti \u0161virk\u0161to konstrukcij\u0105, tepimo efektyvum\u0105 ir bendr\u0105 funkcin\u012f tinkamum\u0105.<\/p>\n<hr \/>\n<h2 data-start=\"3395\" data-end=\"3530\">Rekomendacijos d\u0117l \u012frangos<\/h2>\n<p data-start=\"3563\" data-end=\"3688\">Kad bandymai b\u016bt\u0173 tiksl\u016bs ir veiksmingi, <strong data-start=\"3602\" data-end=\"3652\">\"Cell Instruments\" MST-01 medicinini\u0173 \u0161virk\u0161t\u0173 testeris<\/strong> labai rekomenduojama. Jame si\u016bloma:<\/p>\n<ul data-start=\"3690\" data-end=\"3941\">\n<li data-start=\"3690\" data-end=\"3760\">\n<p data-start=\"3692\" data-end=\"3760\">Didelio grei\u010dio m\u0117gini\u0173 \u0117mimas iki 500 Hz, kad b\u016bt\u0173 galima tiksliai aptikti did\u017eiausi\u0105 j\u0117g\u0105<\/p>\n<\/li>\n<li data-start=\"3761\" data-end=\"3829\">\n<p data-start=\"3763\" data-end=\"3829\">Reguliuojamas bandymo greitis, kad b\u016bt\u0173 laikomasi USP ir ISO standart\u0173<\/p>\n<\/li>\n<li data-start=\"3830\" data-end=\"3878\">\n<p data-start=\"3832\" data-end=\"3878\">\u012evairi\u0173 dyd\u017ei\u0173 ir tip\u0173 \u0161virk\u0161t\u0173 adapteriai<\/p>\n<\/li>\n<li data-start=\"3879\" data-end=\"3941\">\n<p data-start=\"3881\" data-end=\"3941\">Automatizuotas ataskait\u0173 teikimas ir atsekamumas kokybei u\u017etikrinti<\/p>\n<\/li>\n<\/ul>\n<p data-start=\"3943\" data-end=\"4079\">Integravus MST-01 \u012f gamybos ar kokyb\u0117s kontrol\u0117s procesus, u\u017etikrinamas patikimas, nuoseklus ir reikalavimus atitinkantis \u0161virk\u0161to st\u016bmoklio veikimo bandymas.<\/p>\n<hr \/>\n<h2 data-start=\"3943\" data-end=\"4079\">I\u0161vada<\/h2>\n<p>Steb\u0117sena <strong data-start=\"4109\" data-end=\"4146\">slydimo j\u0117ga ir atsipalaidavimo j\u0117ga<\/strong> yra labai svarbus \u0161virk\u0161t\u0173 naudojimo patogumui, pacient\u0173 saugai ir teis\u0117s akt\u0173 laikymuisi. Laikydamiesi USP 382 ir ISO 11040-4 standart\u0173 ir naudodami toki\u0105 tiksli\u0105 \u012frang\u0105 kaip MST-01, gamintojai gali optimizuoti st\u016bmoklio veikim\u0105, suma\u017einti kintamum\u0105 ir tiekti rinkai auk\u0161tos kokyb\u0117s ir patikimus \u0161virk\u0161tus.<\/p>\n<hr \/>\n<h2>Da\u017enai u\u017eduodami klausimai<\/h2>\n<p data-start=\"90\" data-end=\"421\"><strong data-start=\"90\" data-end=\"140\">1. Kas yra slydimo j\u0117ga ir atsipalaidavimo j\u0117ga?<\/strong><br data-start=\"140\" data-end=\"143\" \/>Slydimo j\u0117ga - tai nuolatinis pasiprie\u0161inimas, su kuriuo susiduria \u0161virk\u0161to st\u016bmoklis prad\u0117jus jud\u0117ti, o atsipalaidavimo j\u0117ga - tai pradin\u0117 j\u0117ga, kurios reikia statinei trin\u010diai \u012fveikti st\u016bmoklio jud\u0117jimo prad\u017eioje. Abi j\u0117gos turi \u012ftakos \u0161virk\u0161to naudojimo patogumui ir doz\u0117s tikslumui.<\/p>\n<p data-start=\"423\" data-end=\"739\"><strong data-start=\"423\" data-end=\"477\">2. Kod\u0117l reikia atlikti st\u016bmoklio jud\u0117jimo j\u0117gos bandym\u0105?<\/strong><br data-start=\"477\" data-end=\"480\" \/>Atliekant st\u016bmoklio jud\u0117jimo j\u0117gos bandym\u0105 \u012fvertinamas st\u016bmoklio pasiprie\u0161inimas \u0161virk\u0161to viduje, \u012fskaitant atsipalaidavimo ir slydimo j\u0117gas. Jis u\u017etikrina, kad \u0161virk\u0161tai b\u016bt\u0173 saug\u016bs, patikimi ir atitikt\u0173 <strong data-start=\"676\" data-end=\"687\">USP 382<\/strong> ir <strong data-start=\"692\" data-end=\"707\">ISO 11040-4<\/strong> standartus, skirtus naudoti realiame pasaulyje.<\/p>\n<p data-start=\"741\" data-end=\"1067\"><strong data-start=\"741\" data-end=\"821\">3. Kokia \u012franga reikalinga slydimo j\u0117gai ir atsipalaidavimo j\u0117gai i\u0161bandyti?<\/strong><br data-start=\"821\" data-end=\"824\" \/>Didelio tikslumo \u012franga, pvz. <strong data-start=\"862\" data-end=\"912\">\"Cell Instruments <a href=\"https:\/\/www.qualitester.com\/lt\/?s=MST-01\" target=\"_blank\" rel=\"noopener\">MST-01 Medicinini\u0173 \u0161virk\u0161t\u0173 testeris<\/a><\/strong>, rekomenduojama. Jame yra reguliuojamas bandymo greitis, didelis m\u0117gini\u0173 \u0117mimo da\u017enis ir universal\u016bs \u0161virk\u0161t\u0173 adapteriai, u\u017etikrinantys tikslius ir pakartojamus matavimus.<\/p>\n<p data-start=\"1069\" data-end=\"1367\"><strong data-start=\"1069\" data-end=\"1127\">4. Kaip tyrim\u0173 rezultatai veikia \u0161virk\u0161t\u0173 kokyb\u0117s kontrol\u0119?<\/strong><br data-start=\"1127\" data-end=\"1130\" \/>Rezultatai padeda patikrinti tepimo efektyvum\u0105, st\u016bmoklio konstrukcij\u0105, \u0161virk\u0161to geometrij\u0105 ir gamybos nuoseklum\u0105. Tinkamai atliekant bandymus suma\u017e\u0117ja dozavimo klaid\u0173, nuot\u0117kio ar naudotojo diskomforto atvej\u0173 ir u\u017etikrinama, kad gaminys atitikt\u0173 saugos ir kokyb\u0117s standartus.<\/p>\n<p data-start=\"1369\" data-end=\"1663\"><strong data-start=\"1369\" data-end=\"1428\">5. Kaip pasirinkti bandymo greit\u012f ir m\u0117gini\u0173 \u0117mimo da\u017en\u012f?<\/strong><br data-start=\"1428\" data-end=\"1431\" \/>\u012eprastas bandymo greitis yra <strong data-start=\"1455\" data-end=\"1469\">100 mm\/min<\/strong>, reguliuojamas pagal \u0161virk\u0161to konstrukcij\u0105. M\u0117gini\u0173 \u0117mimo da\u017enis <strong data-start=\"1530\" data-end=\"1540\">500 Hz<\/strong> rekomenduojama tiksliai u\u017efiksuoti did\u017eiausias j\u0117gas ir \u012fvertinti ne\u017eymius tepimo ir st\u016bmoklio veikimo skirtumus.<\/p>","protected":false},"excerpt":{"rendered":"<p>Tikslus slydimo j\u0117gos ir atsipalaidavimo j\u0117gos matavimas yra labai svarbus vertinant \u0161virk\u0161to veikim\u0105 ir u\u017etikrinant pacient\u0173 saug\u0105. \u0160ie parametrai lemia st\u016bmoklio jud\u0117jimo lengvum\u0105 ir nuoseklum\u0105 \u0161virk\u0161\u010diant, o tai turi tiesiogin\u0117s \u012ftakos naudojimo patogumui, doz\u0117s tikslumui ir atitik\u010diai tarptautiniams standartams, tokiems kaip USP 382 ir ISO 11040-4. Suprasdami \u0161ias j\u0117gas, gamintojai ir kokyb\u0117s ...<\/p>\n<p class=\"read-more\"> <a class=\"\" href=\"https:\/\/www.qualitester.com\/lt\/applications\/glide-force-and-break-loose-force\/\"> <span class=\"screen-reader-text\">\u0160virk\u0161t\u0173 slydimo j\u0117gos ir atsipalaidavimo j\u0117gos bandymai<\/span> Skaityti daugiau \"<\/a><\/p>","protected":false},"author":3,"featured_media":0,"parent":6794,"menu_order":0,"comment_status":"closed","ping_status":"closed","template":"","meta":{"site-sidebar-layout":"default","site-content-layout":"default","ast-global-header-display":"","ast-main-header-display":"","ast-hfb-above-header-display":"","ast-hfb-below-header-display":"","ast-hfb-mobile-header-display":"","site-post-title":"","ast-breadcrumbs-content":"","ast-featured-img":"","footer-sml-layout":"","theme-transparent-header-meta":"default","adv-header-id-meta":"","stick-header-meta":"","header-above-stick-meta":"","header-main-stick-meta":"","header-below-stick-meta":"","footnotes":""},"class_list":["post-7439","page","type-page","status-publish","hentry"],"_links":{"self":[{"href":"https:\/\/www.qualitester.com\/lt\/wp-json\/wp\/v2\/pages\/7439","targetHints":{"allow":["GET"]}}],"collection":[{"href":"https:\/\/www.qualitester.com\/lt\/wp-json\/wp\/v2\/pages"}],"about":[{"href":"https:\/\/www.qualitester.com\/lt\/wp-json\/wp\/v2\/types\/page"}],"author":[{"embeddable":true,"href":"https:\/\/www.qualitester.com\/lt\/wp-json\/wp\/v2\/users\/3"}],"replies":[{"embeddable":true,"href":"https:\/\/www.qualitester.com\/lt\/wp-json\/wp\/v2\/comments?post=7439"}],"version-history":[{"count":0,"href":"https:\/\/www.qualitester.com\/lt\/wp-json\/wp\/v2\/pages\/7439\/revisions"}],"up":[{"embeddable":true,"href":"https:\/\/www.qualitester.com\/lt\/wp-json\/wp\/v2\/pages\/6794"}],"wp:attachment":[{"href":"https:\/\/www.qualitester.com\/lt\/wp-json\/wp\/v2\/media?parent=7439"}],"curies":[{"name":"wp","href":"https:\/\/api.w.org\/{rel}","templated":true}]}}