{"id":7087,"date":"2025-07-21T09:12:31","date_gmt":"2025-07-21T01:12:31","guid":{"rendered":"https:\/\/www.qualitester.com\/?page_id=7087"},"modified":"2025-07-21T09:12:31","modified_gmt":"2025-07-21T01:12:31","slug":"breaking-tester","status":"publish","type":"page","link":"https:\/\/www.qualitester.com\/lt\/applications\/breaking-tester\/","title":{"rendered":"Kaip naudoti ampuli\u0173 pa\u017eeidimo tester\u012f: ISO 9187"},"content":{"rendered":"<h1 style=\"text-align: center;\" data-start=\"370\" data-end=\"882\">Kaip naudoti ampuli\u0173 lau\u017eimo tester\u012f<br \/>\n<small>ISO 9187<\/small><\/h1>\n<hr \/>\n<p data-start=\"299\" data-end=\"916\">Ampuli\u0173 mechaninio vientisumo bandymai yra labai svarb\u016bs siekiant u\u017etikrinti saug\u0173 vaist\u0173 tiekim\u0105, ypa\u010d \u0161virk\u0161\u010diam\u0173j\u0173 vaist\u0173. \u0160iame straipsnyje pateikiamas i\u0161samus ir profesionalus vadovas apie <strong data-start=\"486\" data-end=\"520\">kaip naudoti ampuli\u0173 tr\u016bkimo tester\u012f<\/strong> ampul\u0117ms pagal <a href=\"https:\/\/www.iso.org\/standard\/55920.html\" target=\"_blank\" rel=\"noopener nofollow\"><strong data-start=\"554\" data-end=\"566\">ISO 9187<\/strong><\/a> standartus. Jame taip pat paai\u0161kinamas <strong data-start=\"607\" data-end=\"627\">ampul\u0117s stiprumas<\/strong> bandymus ir pristato <strong data-start=\"655\" data-end=\"685\">Pertraukos j\u0117gos testerio ma\u0161ina<\/strong> kaip esmin\u0117 farmacijos kokyb\u0117s kontrol\u0117s priemon\u0117. Nesvarbu, ar esate kokyb\u0117s u\u017etikrinimo technikas, reguliavimo tarnybos darbuotojas, ar laboratorijos vadovas, \u0161iame straipsnyje pateikiamos naudingos \u012f\u017evalgos, tiesiogiai padedan\u010dios siekti atitikties ir produkt\u0173 vientisumo tiksl\u0173.<\/p>\n<hr \/>\n<h2 data-start=\"299\" data-end=\"916\">Ampul\u0117s stiprumo ir ampul\u0117s tr\u016bkimo j\u0117gos bandym\u0173 supratimas<\/h2>\n<p data-start=\"982\" data-end=\"1256\"><strong data-start=\"982\" data-end=\"1002\">Ampul\u0117s stiprumas<\/strong> rei\u0161kia ampul\u0117s atsparum\u0105 i\u0161orin\u0117ms mechanin\u0117ms j\u0117goms, kol ji suyra ties numatytu tr\u016bkimo ta\u0161ku. Tikslus \u0161ios tr\u016bkimo j\u0117gos nustatymas yra labai svarbus siekiant u\u017etikrinti gaminio saug\u0105 ir tinkamum\u0105 naudoti. Netinkama tr\u016bkimo j\u0117ga gali sukelti:<\/p>\n<ul>\n<li data-start=\"1260\" data-end=\"1295\">Atidarymo metu sudu\u017eusi ampul\u0117<\/li>\n<li data-start=\"1298\" data-end=\"1339\">U\u017eter\u0161imas d\u0117l nekontroliuojamos pertraukos<\/li>\n<li data-start=\"1342\" data-end=\"1393\">Sveikatos prie\u017ei\u016bros specialistams sunku atidaryti<\/li>\n<\/ul>\n<p data-start=\"1395\" data-end=\"1590\">Norint \u012fvertinti \u0161i\u0105 savyb\u0119, reikia <strong data-start=\"1432\" data-end=\"1462\">Pertraukos j\u0117gos testerio ma\u0161ina<\/strong> atlieka svarb\u0173 vaidmen\u012f. Jis veikia tempimo j\u0117ga kontroliuojamu grei\u010diu ir kampu, tod\u0117l galima atlikti patikimus ir atkuriamus matavimus.<\/p>\n<hr \/>\n<h2 data-start=\"1395\" data-end=\"1590\">Kod\u0117l verta naudoti ampuli\u0173 pertraukimo j\u0117gos tester\u012f?<\/h2>\n<p data-start=\"1639\" data-end=\"1933\">A <strong data-start=\"1641\" data-end=\"1671\">Pertraukos j\u0117gos testerio ma\u0161ina<\/strong> galima tiksliai ir standartizuotai i\u0161matuoti lau\u017eimo j\u0117g\u0105, kurios reikia, kad ampul\u0117s kotelis atsiskirt\u0173 nuo jos korpuso. Pagal <strong data-start=\"1807\" data-end=\"1826\">ISO 9187-1:2010<\/strong>, 6 punkte, tai yra nustatytas ampuli\u0173 mechaninio vientisumo vertinimo metodas. Pagrindiniai privalumai:<\/p>\n<ul>\n<li data-start=\"1937\" data-end=\"1998\">Atitiktis <strong data-start=\"1953\" data-end=\"1967\">ISO 7500-1<\/strong> tempimo bandymo ma\u0161inoms<\/li>\n<li data-start=\"2001\" data-end=\"2058\">J\u0117gos diapazonas iki 200 N, bandymo greitis 10 mm\/min.<\/li>\n<li data-start=\"2061\" data-end=\"2089\">Minimali operatoriaus \u012ftaka<\/li>\n<li data-start=\"2092\" data-end=\"2144\">Galimyb\u0117 registruoti \u0161var\u0173 l\u016b\u017e\u012f ir l\u016b\u017eio gedim\u0105<\/li>\n<\/ul>\n<p data-start=\"2146\" data-end=\"2272\">\"Cell Instruments\" rekomenduoja <strong data-start=\"2178\" data-end=\"2212\">BST-01 ampuli\u0173 tr\u016bkimo testeris<\/strong> kaip patikimas, standartus atitinkantis \u0161i\u0173 tyrim\u0173 sprendimas.<\/p>\n<hr \/>\n<h2 data-start=\"2146\" data-end=\"2272\">\u017dingsnis po \u017eingsnio: kaip naudoti ampuli\u0173 pa\u017eeidimo tester\u012f<\/h2>\n<p>Nor\u0117dami u\u017etikrinti tikslius ir reikalavimus atitinkan\u010dius bandym\u0173 rezultatus, atlikite \u0161iuos i\u0161samius veiksmus:<\/p>\n<h3>1. <strong data-start=\"2412\" data-end=\"2437\">Paruo\u0161kite \u012frang\u0105<\/strong><\/h3>\n<p data-start=\"2438\" data-end=\"2500\">\u012esitikinkite, kad tr\u016bkimo testeris atitinka ISO 7500-1 reikalavimus:<\/p>\n<ul>\n<li data-start=\"2503\" data-end=\"2537\">Kalibruotas 200 N j\u0117gos diapazonui<\/li>\n<li data-start=\"2540\" data-end=\"2578\">Kontroliuojamas jud\u0117jimas <strong data-start=\"2563\" data-end=\"2576\">10 mm\/min<\/strong><\/li>\n<li data-start=\"2581\" data-end=\"2643\">Tvirtinimo \u012ftaisas, skirtas taikyti j\u0117g\u0105 ties <strong data-start=\"2616\" data-end=\"2623\">90\u00b0<\/strong> prie ampul\u0117s a\u0161ies<\/li>\n<\/ul>\n<p data-start=\"2645\" data-end=\"2775\">Naudokite tester\u012f, pvz. <strong data-start=\"2667\" data-end=\"2694\">\"Cell Instruments\" BST-01<\/strong>, kuris turi ergonomi\u0161k\u0105 prispaudimo s\u0105rank\u0105 ir skaitmenin\u012f valdym\u0105, u\u017etikrinant\u012f tikslum\u0105.<\/p>\n<h3 data-start=\"2645\" data-end=\"2775\">2. <strong data-start=\"2784\" data-end=\"2807\">M\u0117ginio kondicionavimas<\/strong><\/h3>\n<p data-start=\"2808\" data-end=\"2851\">Pagal <strong data-start=\"2821\" data-end=\"2850\">ISO 9187-1, 6.3.2 skirsnis<\/strong>:<\/p>\n<ul>\n<li data-start=\"2854\" data-end=\"2925\">Ampules laikykite <strong data-start=\"2872\" data-end=\"2885\">20 \u00b1 5 \u00b0C<\/strong> ne ma\u017eiau kaip 24 valandas prie\u0161 tyrim\u0105.<\/li>\n<li data-start=\"2928\" data-end=\"2999\">Atsitiktinai paimkite ampuli\u0173 m\u0117ginius pagal <strong data-start=\"2962\" data-end=\"2998\">ISO 2859-1, tikrinimo lygis S-4<\/strong>.<\/li>\n<\/ul>\n<h3>3. <strong data-start=\"3008\" data-end=\"3039\">Testo parametr\u0173 nustatymas<\/strong><\/h3>\n<p data-start=\"3040\" data-end=\"3069\">Nustatykite tester\u012f taip:<\/p>\n<ul>\n<li data-start=\"3072\" data-end=\"3114\">Nustatykite j\u0117gos taikym\u0105 \u012f <strong data-start=\"3101\" data-end=\"3114\">10 mm\/min<\/strong><\/li>\n<li data-start=\"3117\" data-end=\"3235\">I\u0161lyginkite ampul\u0119 taip, kad <strong data-start=\"3147\" data-end=\"3179\">i\u0161 anksto nustatytas l\u016b\u017eio ta\u0161kas<\/strong> (pvz., keraminis \u017eiedas) yra tarp metalini\u0173 stryp\u0173.<\/li>\n<li data-start=\"3238\" data-end=\"3297\">Turi b\u016bti naudojama j\u0117ga <strong data-start=\"3260\" data-end=\"3277\">statmenas<\/strong> prie ampul\u0117s a\u0161ies<\/li>\n<\/ul>\n<h3>4. <strong data-start=\"3306\" data-end=\"3326\">Atlikti bandym\u0105<\/strong><\/h3>\n<ul>\n<li data-start=\"3329\" data-end=\"3392\">Ampul\u0119 pritvirtinkite suspaud\u0119 tarp dviej\u0173 metalini\u0173 \u017eandikauli\u0173.<\/li>\n<li data-start=\"3395\" data-end=\"3480\">Paleiskite aparat\u0105; jis automati\u0161kai veiks tempimo j\u0117ga, kol ampul\u0117 sudu\u0161.<\/li>\n<li data-start=\"3483\" data-end=\"3576\">\u012era\u0161ykite <strong data-start=\"3494\" data-end=\"3518\">lau\u017eiamosios j\u0117gos vert\u0117<\/strong> ir steb\u0117kite l\u016b\u017eio kokyb\u0119 (\u0161varus l\u016b\u017eis ir sutr\u016bkin\u0117jimas)\n<div class=\"ast-oembed-container\" style=\"height: 100%;\"><iframe title=\"ISO 9187-1 ampul\u0117s tr\u016bkimo testeris BST-01\" width=\"500\" height=\"281\" src=\"https:\/\/www.youtube.com\/embed\/fL78KBZwj3g?feature=oembed\" frameborder=\"0\" allow=\"accelerometer; autoplay; clipboard-write; encrypted-media; gyroscope; picture-in-picture; web-share\" referrerpolicy=\"strict-origin-when-cross-origin\" allowfullscreen><\/iframe><\/div>\n<\/li>\n<\/ul>\n<h3>5. <strong data-start=\"3585\" data-end=\"3609\">Vertinimas po testo<\/strong><\/h3>\n<p data-start=\"3610\" data-end=\"3722\">Rezultatus palyginkite su ISO 9187-1 2 lentel\u0117je nurodytomis j\u0117gos vert\u0117mis. Papildomas patvirtinimas gali apimti:<\/p>\n<ul>\n<li data-start=\"3725\" data-end=\"3766\">Pertraukos vietos nuoseklumo tikrinimas<\/li>\n<li data-start=\"3769\" data-end=\"3812\">L\u016b\u017eio \u0161varumo steb\u0117jimas<\/li>\n<li data-start=\"3815\" data-end=\"3864\">Pertraukimo j\u0117gos vienodumo partijose tikrinimas<\/li>\n<\/ul>\n<hr \/>\n<h2>ISO 9187 ampuli\u0173 tr\u016bkimo j\u0117gos bandymo kriterijai<\/h2>\n<p data-start=\"3917\" data-end=\"4007\">Kad atitikt\u0173 ISO 9187-1 ir 9187-2 standart\u0173 reikalavimus, j\u016bs\u0173 l\u016b\u017eio j\u0117gos rezultatai turi atitikti \u0161iuos reikalavimus:<\/p>\n<ul>\n<li data-start=\"4011\" data-end=\"4077\"><strong data-start=\"4011\" data-end=\"4058\">Nuoseklus l\u016b\u017eis nurodytame ta\u0161ke<\/strong> (centruota \u00b11 mm)<\/li>\n<li data-start=\"4080\" data-end=\"4189\">Atsparumas sterilizacijai: kaitinimas esant <strong data-start=\"4120\" data-end=\"4145\">120 \u00b0C 30 minu\u010di\u0173<\/strong>, po to panardinamas \u012f <strong data-start=\"4172\" data-end=\"4187\">30 \u00b0C vanduo<\/strong><\/li>\n<li data-start=\"4192\" data-end=\"4230\">I\u0161tvermingumas valant<\/li>\n<li data-start=\"4233\" data-end=\"4297\">Ne vir\u0161ija <strong data-start=\"4246\" data-end=\"4280\">optinis sul\u0117t\u0117jimas &gt; 50 nm\/mm<\/strong> po atkaitinimo<\/li>\n<\/ul>\n<p data-start=\"4299\" data-end=\"4413\">Jei \u0161i\u0173 kriterij\u0173 nesilaikoma, gali prireikti koreguoti ampul\u0117s gamybos proces\u0105 arba l\u016b\u017eio ta\u0161ko konstrukcij\u0105.<\/p>\n<hr \/>\n<h2 data-start=\"4299\" data-end=\"4413\">Kod\u0117l verta rinktis \"Cell Instruments <a href=\"https:\/\/www.qualitester.com\/lt\/produktas-2\/how-to-test-the-force-about-ampoule-breaking\/\">BST-01 ampuli\u0173 tr\u016bkimo testeris<\/a>?<\/h2>\n<figure id=\"attachment_7097\" aria-describedby=\"caption-attachment-7097\" style=\"width: 308px\" class=\"wp-caption alignright\"><a href=\"https:\/\/www.qualitester.com\/lt\/produktas-2\/how-to-test-the-force-about-ampoule-breaking\/\"><img fetchpriority=\"high\" decoding=\"async\" class=\"wp-image-7097\" src=\"https:\/\/www.qualitester.com\/wp-content\/uploads\/2025\/07\/Best-ISO-9187-Ampoule-Break-Force-Tester-300x300.webp\" alt=\"kaip naudoti ampuli\u0173 tr\u016bkimo tester\u012f\" width=\"308\" height=\"308\" srcset=\"https:\/\/www.qualitester.com\/wp-content\/uploads\/2025\/07\/Best-ISO-9187-Ampoule-Break-Force-Tester-300x300.webp 300w, https:\/\/www.qualitester.com\/wp-content\/uploads\/2025\/07\/Best-ISO-9187-Ampoule-Break-Force-Tester-1024x1024.webp 1024w, https:\/\/www.qualitester.com\/wp-content\/uploads\/2025\/07\/Best-ISO-9187-Ampoule-Break-Force-Tester-150x150.webp 150w, https:\/\/www.qualitester.com\/wp-content\/uploads\/2025\/07\/Best-ISO-9187-Ampoule-Break-Force-Tester-768x768.webp 768w, https:\/\/www.qualitester.com\/wp-content\/uploads\/2025\/07\/Best-ISO-9187-Ampoule-Break-Force-Tester-12x12.webp 12w, https:\/\/www.qualitester.com\/wp-content\/uploads\/2025\/07\/Best-ISO-9187-Ampoule-Break-Force-Tester-600x600.webp 600w, https:\/\/www.qualitester.com\/wp-content\/uploads\/2025\/07\/Best-ISO-9187-Ampoule-Break-Force-Tester-100x100.webp 100w, https:\/\/www.qualitester.com\/wp-content\/uploads\/2025\/07\/Best-ISO-9187-Ampoule-Break-Force-Tester.webp 1200w\" sizes=\"(max-width: 308px) 100vw, 308px\" \/><\/a><figcaption id=\"caption-attachment-7097\" class=\"wp-caption-text\">BST-01 ampuli\u0173 tr\u016bkimo testeris<\/figcaption><\/figure>\n<p data-start=\"4476\" data-end=\"4677\">Jei vertinate <strong data-start=\"4497\" data-end=\"4531\">kaip naudoti lau\u017eimo tester\u012f<\/strong> kad atitikt\u0173 ISO 9187 standarto reikalavimus. <strong data-start=\"4565\" data-end=\"4599\">BST-01 ampuli\u0173 tr\u016bkimo testeris<\/strong> i\u0161 <strong data-start=\"4605\" data-end=\"4625\">\"Cell Instruments<\/strong> yra patikima ir patogi naudoti parinktis. Pagrindin\u0117s savyb\u0117s:<\/p>\n<ul>\n<li data-start=\"4681\" data-end=\"4730\">Atitinka <strong data-start=\"4687\" data-end=\"4701\">ISO 7500-1<\/strong> tempimo bandymo ma\u0161inos specifikacijos<\/li>\n<li data-start=\"4733\" data-end=\"4779\">Optimizuota ampul\u0117s kaklelio l\u016b\u017eio analizei<\/li>\n<li data-start=\"4782\" data-end=\"4834\">Tinka kokyb\u0117s kontrol\u0117s laboratorijoms, tyrimams ir pl\u0117trai bei partij\u0173 sertifikavimui<\/li>\n<li data-start=\"4837\" data-end=\"4888\">Papildomos duomen\u0173 eksporto ir grafik\u0173 brai\u017eymo funkcijos<\/li>\n<\/ul>\n<p data-start=\"4890\" data-end=\"5006\">Naudojant patikim\u0105 tester\u012f ne tik u\u017etikrinama atitiktis teis\u0117s akt\u0173 reikalavimams, bet ir didinamas vidin\u0117s kokyb\u0117s kontrol\u0117s patikimumas.<\/p>\n<hr \/>\n<h2 data-start=\"4890\" data-end=\"5006\">I\u0161vada<\/h2>\n<p data-start=\"5028\" data-end=\"5449\">Suprasti <strong data-start=\"5042\" data-end=\"5076\">kaip naudoti lau\u017eimo tester\u012f<\/strong> veiksmingai u\u017etikrina atitikt\u012f <strong data-start=\"5113\" data-end=\"5125\">ISO 9187<\/strong>, apsaugo gaminio vientisum\u0105 ir u\u017etikrina galutinio vartotojo saug\u0105. Svarbus kiekvienas \u017eingsnis - nuo tinkamo bandymo grei\u010dio nustatymo iki gedimo kokyb\u0117s interpretavimo. Sertifikuot\u0173 <strong data-start=\"5300\" data-end=\"5330\">Ampul\u0117s pertraukos j\u0117gos testerio ma\u0161ina<\/strong> \u012f savo darbo eig\u0105, pvz. <strong data-start=\"5363\" data-end=\"5393\">BST-01 pagal <a href=\"https:\/\/www.qualitester.com\/lt\/\">\"Cell Instruments<\/a><\/strong>, tod\u0117l ampuli\u0173 stiprumo tyrimas yra veiksmingas ir tikslus.<\/p>\n<p data-start=\"5451\" data-end=\"5593\">\u012evald\u0119 \u0161iuos metodus, savo laboratorijoje ar gamybos \u012fmon\u0117je galite pagerinti kokyb\u0117s u\u017etikrinim\u0105 ir laikytis farmacijos pakuo\u010di\u0173 standart\u0173.<\/p>\n<hr \/>\n<h2 data-start=\"5451\" data-end=\"5593\">Da\u017enai u\u017eduodami klausimai<\/h2>\n<p data-start=\"5632\" data-end=\"5826\"><strong data-start=\"5632\" data-end=\"5708\">1 klausimas: Kokia yra ideali ampuli\u0173 tr\u016bkimo j\u0117ga pagal ISO 9187?<\/strong><br data-start=\"5708\" data-end=\"5711\" \/>A1: ISO 9187 nurodo vertes, pagr\u012fstas ampuli\u0173 tipu ir dyd\u017eiu. Tikslius reikalavimus \u017er. ISO 9187-1 2 lentel\u0117je.<\/p>\n<p data-start=\"5828\" data-end=\"5976\"><strong data-start=\"5828\" data-end=\"5887\">2 klausimas: Ar vietoj 10 mm\/min galima naudoti kitus bandymo grei\u010dius?<\/strong><br data-start=\"5887\" data-end=\"5890\" \/>A2: Taip, ISO 9187 leid\u017eia taikyti tokias alternatyvas kaip 20 N\/s, jei patvirtinami lygiaver\u010diai rezultatai.<\/p>\n<p data-start=\"5978\" data-end=\"6146\"><strong data-start=\"5978\" data-end=\"6037\">3 klausimas: Kaip da\u017enai reikia kalibruoti l\u016b\u017eio tester\u012f?<\/strong><br data-start=\"6037\" data-end=\"6040\" \/>A3: Kalibruoti reik\u0117t\u0173 reguliariai, atsi\u017evelgiant \u012f naudojimo da\u017enum\u0105, bet ne re\u010diau kaip kart\u0105 per metus pagal ISO 7500-1.<\/p>\n<p data-start=\"6148\" data-end=\"6301\"><strong data-start=\"6148\" data-end=\"6200\">4 klausimas: Ar BST-01 galima naudoti plastikin\u0117ms ampul\u0117ms?<\/strong><br data-start=\"6200\" data-end=\"6203\" \/>A4: Jis optimizuotas stiklin\u0117ms ampul\u0117ms, ta\u010diau, papra\u0161ius, gali b\u016bti pritaikytas plastikin\u0117ms ampul\u0117ms.<\/p>\n<p data-start=\"6303\" data-end=\"6464\"><strong data-start=\"6303\" data-end=\"6362\">5 klausimas: Kas atsitinka, jei ampul\u0117 sud\u016b\u017eta ne iki galo?<\/strong><br data-start=\"6362\" data-end=\"6365\" \/>A5: Tai gali reik\u0161ti gamybos defektus arba netinkam\u0105 atkaitinim\u0105. Tokie bandiniai tur\u0117t\u0173 b\u016bti atmesti.<\/p>","protected":false},"excerpt":{"rendered":"<p>Kaip naudoti ampuli\u0173 tr\u016bkimo tester\u012f ISO 9187 Ampuli\u0173 mechaninio vientisumo bandymas yra labai svarbus siekiant u\u017etikrinti saug\u0173 vaist\u0173 tiekim\u0105, ypa\u010d \u0161virk\u0161\u010diam\u0173j\u0173 vaist\u0173 atveju. \u0160iame straipsnyje pateikiamas i\u0161samus ir profesionalus vadovas, kaip naudoti ampuli\u0173 lau\u017eymo tester\u012f, atitinkant\u012f ISO 9187 standartus. Jame taip pat paai\u0161kinamas vaidmuo ...<\/p>\n<p class=\"read-more\"> <a class=\"\" href=\"https:\/\/www.qualitester.com\/lt\/applications\/breaking-tester\/\"> <span class=\"screen-reader-text\">Kaip naudoti ampuli\u0173 pa\u017eeidimo tester\u012f: ISO 9187<\/span> Skaityti daugiau \"<\/a><\/p>","protected":false},"author":3,"featured_media":0,"parent":6794,"menu_order":0,"comment_status":"closed","ping_status":"closed","template":"","meta":{"site-sidebar-layout":"default","site-content-layout":"default","ast-global-header-display":"","ast-main-header-display":"","ast-hfb-above-header-display":"","ast-hfb-below-header-display":"","ast-hfb-mobile-header-display":"","site-post-title":"","ast-breadcrumbs-content":"","ast-featured-img":"","footer-sml-layout":"","theme-transparent-header-meta":"default","adv-header-id-meta":"","stick-header-meta":"","header-above-stick-meta":"","header-main-stick-meta":"","header-below-stick-meta":"","footnotes":""},"class_list":["post-7087","page","type-page","status-publish","hentry"],"_links":{"self":[{"href":"https:\/\/www.qualitester.com\/lt\/wp-json\/wp\/v2\/pages\/7087","targetHints":{"allow":["GET"]}}],"collection":[{"href":"https:\/\/www.qualitester.com\/lt\/wp-json\/wp\/v2\/pages"}],"about":[{"href":"https:\/\/www.qualitester.com\/lt\/wp-json\/wp\/v2\/types\/page"}],"author":[{"embeddable":true,"href":"https:\/\/www.qualitester.com\/lt\/wp-json\/wp\/v2\/users\/3"}],"replies":[{"embeddable":true,"href":"https:\/\/www.qualitester.com\/lt\/wp-json\/wp\/v2\/comments?post=7087"}],"version-history":[{"count":0,"href":"https:\/\/www.qualitester.com\/lt\/wp-json\/wp\/v2\/pages\/7087\/revisions"}],"up":[{"embeddable":true,"href":"https:\/\/www.qualitester.com\/lt\/wp-json\/wp\/v2\/pages\/6794"}],"wp:attachment":[{"href":"https:\/\/www.qualitester.com\/lt\/wp-json\/wp\/v2\/media?parent=7087"}],"curies":[{"name":"wp","href":"https:\/\/api.w.org\/{rel}","templated":true}]}}