{"id":7000,"date":"2025-07-17T09:22:18","date_gmt":"2025-07-17T01:22:18","guid":{"rendered":"https:\/\/www.qualitester.com\/?page_id=7000"},"modified":"2025-07-23T14:32:24","modified_gmt":"2025-07-23T06:32:24","slug":"rupture-test-for-soft-gelatin-capsules","status":"publish","type":"page","link":"https:\/\/www.qualitester.com\/lt\/applications\/rupture-test-for-soft-gelatin-capsules\/","title":{"rendered":"Mink\u0161t\u0173 \u017eelatinini\u0173 kapsuli\u0173 ply\u0161imo bandymas"},"content":{"rendered":"<h1 id=\"rupture-test-for-soft-gelatin-capsules-ensuring-ca\" class=\"mb-2 mt-6 text-base font-[500] first:mt-0 md:text-lg dark:font-[475] [hr+&amp;]:mt-4\" style=\"text-align: center;\">Mink\u0161t\u0173 \u017eelatinini\u0173 kapsuli\u0173 ply\u0161imo bandymas<\/h1>\n<h2 class=\"mb-2 mt-6 text-base font-[500] first:mt-0 md:text-lg dark:font-[475] [hr+&amp;]:mt-4\" style=\"text-align: center;\">Kapsul\u0117s tvirtumo ir vientisumo u\u017etikrinimas<\/h2>\n<h2><\/h2>\n<p data-start=\"787\" data-end=\"1123\">Mink\u0161tos \u017eelatinos kapsul\u0117s tapo svarbiausia vitamin\u0173, mineralini\u0173 med\u017eiag\u0173 ir vaist\u0173 tiekimo sistema, nes gelian\u010diame apvalkale galima saugiai u\u017edaryti skyst\u0105 u\u017epild\u0105. \u0160i\u0173 kapsuli\u0173 veiksmingumas labai priklauso nuo \u017eelatinos pl\u0117vel\u0117s tvirtumo ir kokyb\u0117s. .\u00a0<strong>mink\u0161t\u0173j\u0173 \u017eelatinini\u0173 kapsuli\u0173 ply\u0161imo bandymas<\/strong>\u00a0yra gyvybi\u0161kai svarbi proced\u016bra, kuri\u0105 gamintojai ir kokyb\u0117s kontrol\u0117s darbuotojai turi i\u0161manyti, kad u\u017etikrint\u0173 gaminio patikimum\u0105 ir vartotoj\u0173 saug\u0105.<\/p>\n<hr \/>\n<h2>Mink\u0161t\u0173 \u017eelatinini\u0173 kapsuli\u0173 tr\u016bkimo bandymo svarba<\/h2>\n<p class=\"my-0\">Svetain\u0117\u00a0<strong>mink\u0161t\u0173j\u0173 \u017eelatinini\u0173 kapsuli\u0173 ply\u0161imo bandymas<\/strong>\u00a0vertinamas kapsul\u0117s sienel\u0117s mechaninis stabilumas, nustatant, koki\u0105 j\u0117g\u0105 gali atlaikyti \u017eelatinos apvalkalas, kol nesutr\u016bksta. \u0160is bandymas yra labai svarbus, nes \u017eelatinos kapsul\u0117s apvalkalo vientisumas turi \u012ftakos:<\/p>\n<ul class=\"marker:text-textOff list-disc\">\n<li>\n<p class=\"my-0\">Aktyvi\u0173j\u0173 ingredient\u0173 apsauga nuo aplinkos veiksni\u0173, toki\u0173 kaip dr\u0117gm\u0117 ir deguonis.<\/p>\n<\/li>\n<li>\n<p class=\"my-0\">kapsul\u0117je esan\u010dio vaisto ar maisto papildo i\u0161siskyrimo profilis.<\/p>\n<\/li>\n<li>\n<p class=\"my-0\">Kapsul\u0117s geb\u0117jimas atlaikyti tvarkym\u0105, pakavim\u0105, gabenim\u0105 ir saugojim\u0105 nesprogstant anks\u010diau laiko.<\/p>\n<\/li>\n<\/ul>\n<p class=\"my-0\">Atliekant bandym\u0105 imituojamos realios s\u0105lygos, kuriomis kapsul\u0117s gali b\u016bti suspaustos, i\u0161spaustos ar pa\u017eeistos, ir atskleid\u017eiami tr\u016bkumai, galintys pakenkti gaminio kokybei.<\/p>\n<hr \/>\n<h2 class=\"mb-xs mt-5 text-base font-[500] first:mt-0 dark:font-[475]\">\u017delatinos kapsuli\u0173 kietumo testas ir \u017eyd\u0117jimo testeris: Antriniai pagrindiniai aspektai<\/h2>\n<p class=\"my-0\">Neatsiejamas kapsul\u0117s kokyb\u0117s vertinimo aspektas yra\u00a0<strong>\u017eelatinos kapsuli\u0173 kietumo bandymas<\/strong>, kuriuo matuojamas kapsul\u0117s apvalkalo mechaninis stiprumas ir elastingumas. \u0160is bandymas da\u017enai papildo ply\u0161imo bandym\u0105, nes leid\u017eia su\u017einoti, kaip kapsul\u0117 elgiasi veikiama laipsni\u0161ko sl\u0117gio, o ne staigaus sm\u016bgio ar prad\u016brimo.<\/p>\n<p class=\"my-0\">Svetain\u0117\u00a0<strong>\u017eyd\u0117jimo testeris<\/strong>\u00a0atlieka labai svarb\u0173 vaidmen\u012f, nes matuoja \u017eelatinos \u017eyd\u0117jimo stiprum\u0105, kuris atspindi med\u017eiagos gelio stiprum\u0105. \u017dyd\u0117jimo stiprumas turi \u012ftakos kapsul\u0117s pl\u0117vel\u0117s kietumui ir lankstumui. Didesni \"bloom\" rodikliai rei\u0161kia kietesnius gelius, kurie turi \u012ftakos kapsul\u0117s atsparumui ply\u0161imui ir deformacijai.<\/p>\n<h2 class=\"mb-xs mt-5 text-base font-[500] first:mt-0 dark:font-[475]\">Mink\u0161t\u0173 \u017eelatinini\u0173 kapsuli\u0173 tr\u016bkimo bandymo atlikimo metodai<\/h2>\n<p class=\"my-0\">Atliekant tr\u016bkimo bandym\u0105 pirmiausia atliekamas kontroliuojamo suspaudimo arba prasiskverbimo bandymas, kai kapsul\u0117 veikiama j\u0117ga tol, kol jos apvalkalas suyra. Atliekant bandym\u0105 svarbiausi dalykai yra \u0161ie:<\/p>\n<ul class=\"marker:text-textOff list-disc\">\n<li>\n<p class=\"my-0\"><strong>Bandomojo zondo matmenys<\/strong>: Paprastai naudojamas 10 mm skersmens arba 10 mm\u00b2 pavir\u0161iaus ploto cilindrinis zondas, kuriuo j\u0117ga tolygiai veikiamas visas kapsul\u0117s pavir\u0161ius.<\/p>\n<\/li>\n<li>\n<p class=\"my-0\"><strong>J\u0117gos matavimas<\/strong>: I\u0161matavus did\u017eiausi\u0105 j\u0117g\u0105, kuriai esant kapsul\u0117s apvalkalas ply\u0161ta, galima kiekybi\u0161kai \u012fvertinti apvalkalo tvirtum\u0105.<\/p>\n<\/li>\n<li>\n<p class=\"my-0\"><strong>Elastingumo vertinimas<\/strong>: Be ply\u0161imo j\u0117gos, deformacijos matavimas suspaud\u017eiant padeda nustatyti kapsul\u0117s pl\u0117vel\u0117s elastingum\u0105 ir lankstum\u0105.<\/p>\n<\/li>\n<li>\n<p class=\"my-0\"><strong>Sandariklio stiprumo bandymas<\/strong>: I\u0161bandant j\u0117g\u0105, kurios reikia kapsul\u0117s sandarumui nutraukti, u\u017etikrinama, kad gaminant ir platinant skys\u010dio u\u017epildas b\u016bt\u0173 saugiai u\u017edarytas.<\/p>\n<\/li>\n<\/ul>\n<p class=\"my-0\">Specialiai \u0161iems bandymams skirtas prietaisas yra \"Cell Instruments<a href=\"https:\/\/www.qualitester.com\/lt\/produktas-2\/sale-soft-gel-capsule-hardness-tester\/\" target=\"_blank\" rel=\"noopener\"> CHT-01 mink\u0161t\u0173j\u0173 gelio kapsuli\u0173 kietumo testeris<\/a>. Jame galima atlikti automatizuotus bandymus naudojant kelias programas, \u012fskaitant j\u0117gos kontrol\u0119, did\u017eiausios j\u0117gos aptikim\u0105 ir atstumu pagr\u012fst\u0105 j\u0117gos matavim\u0105, taip padidinant kokyb\u0117s kontrol\u0117s proces\u0173 efektyvum\u0105 ir nuoseklum\u0105.<\/p>\n<div class=\"ast-oembed-container\" style=\"height: 100%;\"><iframe title=\"Mink\u0161t\u0173j\u0173 kapsuli\u0173 kietumo testeris CHT-01\" width=\"500\" height=\"281\" src=\"https:\/\/www.youtube.com\/embed\/pGYrer6N-Mk?feature=oembed\" frameborder=\"0\" allow=\"accelerometer; autoplay; clipboard-write; encrypted-media; gyroscope; picture-in-picture; web-share\" referrerpolicy=\"strict-origin-when-cross-origin\" allowfullscreen><\/iframe><\/div>\n<hr \/>\n<h2 class=\"mb-xs mt-5 text-base font-[500] first:mt-0 dark:font-[475]\">Kod\u0117l verta naudoti \"Cell Instruments\" CHT-01 mink\u0161t\u0173j\u0173 gelio kapsuli\u0173 kietumo tester\u012f?<\/h2>\n<p class=\"my-0\">\"Cell Instruments\" specializuojasi tiksli\u0173, pritaikom\u0173 med\u017eiag\u0173 bandym\u0173 sprendim\u0173 srityje:<\/p>\n<ul class=\"marker:text-textOff list-disc\">\n<li>\n<p class=\"my-0\">CHT-01 turi PLC valdymo blok\u0105 ir patog\u0173 7 coli\u0173 HMI jutiklin\u012f ekran\u0105.<img fetchpriority=\"high\" decoding=\"async\" class=\"alignright wp-image-7007 size-medium\" src=\"https:\/\/www.qualitester.com\/wp-content\/uploads\/2025\/07\/2.CHT-01-soft-gel-capsule-hardness-tester2_11zon-300x300.webp\" alt=\"Mink\u0161t\u0173 \u017eelatinini\u0173 kapsuli\u0173 ply\u0161imo bandymu \u012fvertinamas mechaninis \u017eelatinos apvalkalo stiprumas ir vientisumas.\" width=\"300\" height=\"300\" srcset=\"https:\/\/www.qualitester.com\/wp-content\/uploads\/2025\/07\/2.CHT-01-soft-gel-capsule-hardness-tester2_11zon-300x300.webp 300w, https:\/\/www.qualitester.com\/wp-content\/uploads\/2025\/07\/2.CHT-01-soft-gel-capsule-hardness-tester2_11zon-1024x1024.webp 1024w, https:\/\/www.qualitester.com\/wp-content\/uploads\/2025\/07\/2.CHT-01-soft-gel-capsule-hardness-tester2_11zon-150x150.webp 150w, https:\/\/www.qualitester.com\/wp-content\/uploads\/2025\/07\/2.CHT-01-soft-gel-capsule-hardness-tester2_11zon-768x768.webp 768w, https:\/\/www.qualitester.com\/wp-content\/uploads\/2025\/07\/2.CHT-01-soft-gel-capsule-hardness-tester2_11zon-12x12.webp 12w, https:\/\/www.qualitester.com\/wp-content\/uploads\/2025\/07\/2.CHT-01-soft-gel-capsule-hardness-tester2_11zon-600x600.webp 600w, https:\/\/www.qualitester.com\/wp-content\/uploads\/2025\/07\/2.CHT-01-soft-gel-capsule-hardness-tester2_11zon-100x100.webp 100w, https:\/\/www.qualitester.com\/wp-content\/uploads\/2025\/07\/2.CHT-01-soft-gel-capsule-hardness-tester2_11zon.webp 1080w\" sizes=\"(max-width: 300px) 100vw, 300px\" \/><\/p>\n<\/li>\n<li>\n<p class=\"my-0\">D\u0117l kintamo bandymo grei\u010dio ir tiksli\u0173 komponent\u0173 j\u012f galima pritaikyti \u012fvairioms kapsuli\u0173 specifikacijoms.<\/p>\n<\/li>\n<li>\n<p class=\"my-0\">Ji imituoja realius \u012ftempi\u0173 scenarijus, tokius kaip suspaudimas ir sandariklio ply\u0161imas, kurie yra labai svarb\u016bs vaist\u0173 pakuotei ir stabilumui.<\/p>\n<\/li>\n<li>\n<p class=\"my-0\">Testerio automatinio gr\u0105\u017einimo funkcija ir kelios laikikli\u0173 parinktys padidina na\u0161um\u0105 ir suma\u017eina rankinio darbo klaidas, taip supaprastindamos testavimo darbo eig\u0105.<\/p>\n<\/li>\n<\/ul>\n<p class=\"my-0\">Integruodami \u0161\u012f pa\u017eang\u0173 tester\u012f \u012f savo kokyb\u0117s u\u017etikrinimo proced\u016bras, galite u\u017etikrinti farmacijos kokyb\u0117s standart\u0173 laikym\u0105si ir padidinti pacient\u0173 saug\u0105.<\/p>\n<hr \/>\n<h2 class=\"mb-xs mt-5 text-base font-[500] first:mt-0 dark:font-[475]\">Standartai ir geriausia profesin\u0117 praktika<\/h2>\n<p class=\"my-0\">Atliekant ply\u0161imo bandym\u0105 labai svarbu laikytis tarptautini\u0173 standart\u0173, toki\u0173 kaip ASTM ir ISO, kad b\u016bt\u0173 u\u017etikrintas rezultat\u0173 patikimumas ir atkuriamumas. Nors specifiniai farmakop\u0117jos standartai, skirti \u017eelatinos kapsuli\u0173 ply\u0161imui, gali skirtis, mechanini\u0173 bandym\u0173 norm\u0173 laikymasis u\u017etikrina farmacini\u0173 pakuo\u010di\u0173 vientisum\u0105 ir padeda teikti parai\u0161kas reguliavimo institucijoms.<\/p>\n<p class=\"my-0\">Pramon\u0117s ekspertai rekomenduoja:<\/p>\n<ul class=\"marker:text-textOff list-disc\">\n<li>\n<p class=\"my-0\">Reguliariai atliekami gamybini\u0173 partij\u0173 tr\u016bkimo bandymai, siekiant nustatyti gamybos neatitikimus.<\/p>\n<\/li>\n<li>\n<p class=\"my-0\">Derinant kietumo ir i\u0161sip\u016btimo stiprumo bandymus, galima i\u0161siai\u0161kinti i\u0161sam\u0173 \u017eelatinos pl\u0117vel\u0117s mechanin\u012f profil\u012f.<\/p>\n<\/li>\n<li>\n<p class=\"my-0\">Dokumentuoti ir analizuoti kapsuli\u0173 stiprumo tendencijas, kad b\u016bt\u0173 galima koreguoti gamyb\u0105.<\/p>\n<\/li>\n<\/ul>\n<hr \/>\n<h2>I\u0161vados: Kokyb\u0117s kontrol\u0117s gerinimas naudojant informuot\u0105 testavim\u0105<\/h2>\n<h2><\/h2>\n<p class=\"my-0\">Svetain\u0117\u00a0<strong>mink\u0161t\u0173j\u0173 \u017eelatinini\u0173 kapsuli\u0173 ply\u0161imo bandymas<\/strong>\u00a0yra svarbi kokyb\u0117s priemon\u0117, u\u017etikrinanti, kad kapsul\u0117s atlaikyt\u0173 mechanin\u012f poveik\u012f ir neb\u016bt\u0173 pa\u017eeistos, taip apsaugant produkto veiksmingum\u0105. \u012etraukiant\u00a0<strong>\u017eelatinos kapsuli\u0173 kietumo bandymas<\/strong>\u00a0ir matuojant \u017eyd\u0117jimo stiprum\u0105, dar geriau suprantamas kapsul\u0117s tvirtumas.<\/p>\n<p class=\"my-0\"><a href=\"https:\/\/www.celtec.cn\" target=\"_blank\" rel=\"noopener nofollow\">\"Cell Instruments<\/a> si\u016blo patikimus, pritaikomus sprendimus, pvz. <a href=\"https:\/\/www.qualitester.com\/lt\/produktas-2\/sale-soft-gel-capsule-hardness-tester\/\" target=\"_blank\" rel=\"noopener\"><strong>CHT-01 kietumo testeris<\/strong><\/a> kurie padeda atlikti tikslius ir veiksmingus bandymus. Tokios \u012frangos naudojimas ir geriausios praktikos laikymasis pad\u0117s farmacijos gamintojams ir kokyb\u0117s kontrol\u0117s specialistams i\u0161laikyti auk\u0161tus standartus, suma\u017einti produkt\u0173 gedim\u0173 skai\u010di\u0173 ir padidinti vartotoj\u0173 pasitik\u0117jim\u0105.<\/p>\n<p data-start=\"5570\" data-end=\"5722\">","protected":false},"excerpt":{"rendered":"<p>Rupture Test for Soft Gelatin Capsules Ensuring Capsule Strength and Integrity Soft gelatin capsules have become a crucial delivery system for vitamins, minerals, and pharmaceuticals, owing to their ability to safely enclose liquid fills within a gelatin shell. The effectiveness of these capsules depends significantly on the strength and quality of their gelatin film. The\u00a0rupture &hellip;<\/p>\n<p class=\"read-more\"> <a class=\"\" href=\"https:\/\/www.qualitester.com\/lt\/applications\/rupture-test-for-soft-gelatin-capsules\/\"> <span class=\"screen-reader-text\">Mink\u0161t\u0173 \u017eelatinini\u0173 kapsuli\u0173 ply\u0161imo bandymas<\/span> Skaityti daugiau \"<\/a><\/p>","protected":false},"author":3,"featured_media":0,"parent":6794,"menu_order":0,"comment_status":"closed","ping_status":"closed","template":"","meta":{"site-sidebar-layout":"default","site-content-layout":"default","ast-global-header-display":"","ast-main-header-display":"","ast-hfb-above-header-display":"","ast-hfb-below-header-display":"","ast-hfb-mobile-header-display":"","site-post-title":"","ast-breadcrumbs-content":"","ast-featured-img":"","footer-sml-layout":"","theme-transparent-header-meta":"default","adv-header-id-meta":"","stick-header-meta":"","header-above-stick-meta":"","header-main-stick-meta":"","header-below-stick-meta":"","footnotes":""},"class_list":["post-7000","page","type-page","status-publish","hentry"],"_links":{"self":[{"href":"https:\/\/www.qualitester.com\/lt\/wp-json\/wp\/v2\/pages\/7000","targetHints":{"allow":["GET"]}}],"collection":[{"href":"https:\/\/www.qualitester.com\/lt\/wp-json\/wp\/v2\/pages"}],"about":[{"href":"https:\/\/www.qualitester.com\/lt\/wp-json\/wp\/v2\/types\/page"}],"author":[{"embeddable":true,"href":"https:\/\/www.qualitester.com\/lt\/wp-json\/wp\/v2\/users\/3"}],"replies":[{"embeddable":true,"href":"https:\/\/www.qualitester.com\/lt\/wp-json\/wp\/v2\/comments?post=7000"}],"version-history":[{"count":0,"href":"https:\/\/www.qualitester.com\/lt\/wp-json\/wp\/v2\/pages\/7000\/revisions"}],"up":[{"embeddable":true,"href":"https:\/\/www.qualitester.com\/lt\/wp-json\/wp\/v2\/pages\/6794"}],"wp:attachment":[{"href":"https:\/\/www.qualitester.com\/lt\/wp-json\/wp\/v2\/media?parent=7000"}],"curies":[{"name":"wp","href":"https:\/\/api.w.org\/{rel}","templated":true}]}}