{"id":7769,"date":"2025-12-29T14:18:31","date_gmt":"2025-12-29T06:18:31","guid":{"rendered":"https:\/\/www.qualitester.com\/?post_type=product&#038;p=7769"},"modified":"2025-12-30T16:49:34","modified_gmt":"2025-12-30T08:49:34","slug":"spt-01-soap-texture-analyzer","status":"publish","type":"product","link":"https:\/\/www.qualitester.com\/it\/prodotto-2\/spt-01-soap-texture-analyzer\/","title":{"rendered":"SPT-01 Analizzatore di consistenza del sapone"},"content":{"rendered":"<p data-start=\"690\" data-end=\"1009\">A <strong data-start=\"692\" data-end=\"717\">analizzatore della consistenza del sapone<\/strong> \u00e8 uno strumento professionale progettato per valutare oggettivamente le propriet\u00e0 meccaniche e testuali dei prodotti a base di sapone. Fornisce misure precise e ripetibili di durezza, compattezza e resistenza alla penetrazione, aiutando i produttori a mantenere una qualit\u00e0 costante nei lotti di produzione.<\/p>\n<p data-start=\"1011\" data-end=\"1343\">A <strong data-start=\"1014\" data-end=\"1044\">Cell Instruments Co.<\/strong>, Siamo specializzati in soluzioni di analisi dei materiali per imballaggi, prodotti farmaceutici, carta e prodotti di consumo. La nostra esperienza nell'analisi della consistenza ci permette di fornire sistemi affidabili di analisi del sapone che supportano il controllo di qualit\u00e0, lo sviluppo di formulazioni e la conformit\u00e0 alle pratiche di analisi riconosciute.<\/p>\n<h2 data-start=\"1501\" data-end=\"1555\">Comprendere il test di consistenza e penetrazione del sapone ASTM D1321<\/h2>\n<h3>La durezza del sapone come indicatore chiave di qualit\u00e0<\/h3>\n<p data-start=\"1557\" data-end=\"1870\">Il <strong data-start=\"1472\" data-end=\"1492\">durezza del sapone<\/strong> influisce direttamente sulla durata del prodotto, sul tasso di utilizzo e sulla percezione del consumatore. Un sapone troppo morbido pu\u00f2 deformarsi o sciogliersi rapidamente, mentre una durezza eccessiva pu\u00f2 ridurre l'usabilit\u00e0 e le prestazioni della schiuma. Un analizzatore della consistenza del sapone fornisce valori di durezza oggettivi, sostituendo le valutazioni soggettive del tatto con dati misurabili.<\/p>\n<h3 data-start=\"1732\" data-end=\"1781\">Consistenza del sapone e principio del test di penetrazione<\/h3>\n<p data-start=\"1782\" data-end=\"2134\">A <strong data-start=\"1871\" data-end=\"1908\">texture del sapone e test di penetrazione<\/strong> misura la resistenza del sapone quando una sonda penetra nella sua superficie a velocit\u00e0 e profondit\u00e0 controllate. La curva forza-spostamento registrata riflette la struttura interna, le condizioni di indurimento e l'equilibrio della formulazione. Questo metodo consente ai produttori di confrontare i prodotti, monitorare gli effetti dell'invecchiamento e verificare la stabilit\u00e0 del processo.<\/p>\n<h3 data-start=\"2136\" data-end=\"2165\">Riferimento a ASTM D1321<\/h3>\n<p data-start=\"2166\" data-end=\"2611\"><strong data-start=\"2258\" data-end=\"2272\">ASTM D1321<\/strong> offre un riferimento ampiamente riconosciuto per i test di penetrazione di materiali simili alla cera ed \u00e8 comunemente applicato all'analisi della struttura del sapone. Seguire la guida ASTM D1321 sulle condizioni di prova e sull'interpretazione dei dati migliora la coerenza dei risultati e favorisce la comunicazione tra laboratori, fornitori e clienti.<\/p>\n<hr data-start=\"2613\" data-end=\"2616\" \/>\n<h2 data-start=\"2668\" data-end=\"2961\">Come funziona l'analizzatore di consistenza del sapone<\/h2>\n<p data-start=\"2628\" data-end=\"2870\">Un analizzatore di texture del sapone applica una forza verticale controllata al campione di sapone utilizzando una sonda definita. Mentre la sonda entra in contatto e penetra nel sapone, il sistema registra continuamente la forza e lo spostamento, generando profili di consistenza accurati.<\/p>\n<p data-start=\"2872\" data-end=\"2907\"><strong data-start=\"2872\" data-end=\"2907\">Il tipico flusso di lavoro dei test comprende:<\/strong><\/p>\n<ul>\n<li data-start=\"2910\" data-end=\"2961\">Preparazione di campioni di sapone con dimensioni coerenti<\/li>\n<li data-start=\"2964\" data-end=\"3024\">Selezione della sonda di penetrazione o di compressione appropriata<\/li>\n<li data-start=\"3027\" data-end=\"3109\">Impostazione della velocit\u00e0 di prova e della profondit\u00e0 di penetrazione in base ai metodi interni o alla norma ASTM D1321.<\/li>\n<li data-start=\"3112\" data-end=\"3165\">Esecuzione del test e raccolta dei dati di forza-distanza<\/li>\n<li data-start=\"3168\" data-end=\"3223\">Valutazione della forza di picco, della forma della curva e della ripetibilit\u00e0<\/li>\n<\/ul>\n<p data-start=\"3225\" data-end=\"3332\">Questo processo controllato garantisce un confronto affidabile tra diverse formulazioni di sapone o lotti di produzione.<\/p>\n<hr data-start=\"3486\" data-end=\"3489\" \/>\n<h2 data-start=\"3491\" data-end=\"3550\">Materiali di applicazione adatti<\/h2>\n<p data-start=\"3374\" data-end=\"3461\">L'analizzatore di consistenza del sapone supporta l'analisi di un'ampia gamma di prodotti a base di sapone, tra cui:<\/p>\n<ul>\n<li data-start=\"3464\" data-end=\"3487\">Saponi tradizionali<\/li>\n<li data-start=\"3490\" data-end=\"3522\">Saponi trasparenti e alla glicerina<\/li>\n<li data-start=\"3525\" data-end=\"3556\">Saponi medicati e speciali<\/li>\n<li data-start=\"3559\" data-end=\"3599\">Barre detergenti composite e sintetiche<\/li>\n<\/ul>\n<p data-start=\"3601\" data-end=\"3716\">Pu\u00f2 anche valutare campioni semilavorati per monitorare il progresso della polimerizzazione e la stabilit\u00e0 della formulazione durante lo sviluppo.<\/p>\n<hr data-start=\"4411\" data-end=\"4414\" \/>\n<h2 data-start=\"5016\" data-end=\"5081\">Analizzatore di struttura Cell Instruments SPT-01<\/h2>\n<p><a href=\"https:\/\/www.qualitester.com\/it\/prodotto-2\/sale-cheap-texture-analyser\/\"><img fetchpriority=\"high\" decoding=\"async\" class=\"alignright wp-image-7786\" src=\"https:\/\/www.qualitester.com\/wp-content\/uploads\/2025\/12\/SPT-01-Soap-Texture-Analyzer3-300x300.png\" alt=\"SPT-01 Analizzatore di consistenza del sapone\" width=\"227\" height=\"227\" srcset=\"https:\/\/www.qualitester.com\/wp-content\/uploads\/2025\/12\/SPT-01-Soap-Texture-Analyzer3-300x300.png 300w, https:\/\/www.qualitester.com\/wp-content\/uploads\/2025\/12\/SPT-01-Soap-Texture-Analyzer3-150x150.png 150w, https:\/\/www.qualitester.com\/wp-content\/uploads\/2025\/12\/SPT-01-Soap-Texture-Analyzer3-768x768.png 768w, https:\/\/www.qualitester.com\/wp-content\/uploads\/2025\/12\/SPT-01-Soap-Texture-Analyzer3-12x12.png 12w, https:\/\/www.qualitester.com\/wp-content\/uploads\/2025\/12\/SPT-01-Soap-Texture-Analyzer3-600x600.png 600w, https:\/\/www.qualitester.com\/wp-content\/uploads\/2025\/12\/SPT-01-Soap-Texture-Analyzer3-100x100.png 100w, https:\/\/www.qualitester.com\/wp-content\/uploads\/2025\/12\/SPT-01-Soap-Texture-Analyzer3.png 950w\" sizes=\"(max-width: 227px) 100vw, 227px\" \/><\/a><\/p>\n<p data-start=\"5083\" data-end=\"5472\"><strong data-start=\"5135\" data-end=\"5179\">Gli strumenti della cella <a href=\"https:\/\/www.qualitester.com\/it\/prodotto-2\/sale-cheap-texture-analyser\/\">SPT-01 Analizzatore di consistenza del sapone <\/a><\/strong>\u00e8 adatto per la valutazione della durezza del sapone e per le applicazioni di test di consistenza e penetrazione del sapone in base alla norma ASTM D1321. Offre una misurazione stabile della forza, un controllo flessibile della velocit\u00e0 e un funzionamento intuitivo, che lo rendono ideale per il controllo qualit\u00e0 e i laboratori di ricerca e sviluppo.<\/p>\n<p><strong>SPT-01 Analizzatore di consistenza del sapone<\/strong><\/p>\n<table style=\"height: 230px\" width=\"720\">\n<tbody>\n<tr>\n<td width=\"152\">Campo di prova<\/td>\n<td width=\"260\">\u00a0500N (o altri)<\/td>\n<\/tr>\n<tr>\n<td width=\"152\">Velocit\u00e0<\/td>\n<td width=\"260\">\u00a01-500 mm\/m (o come richiesto)<\/td>\n<\/tr>\n<tr>\n<td width=\"152\">Risoluzione<\/td>\n<td width=\"260\">0,5% F.S.<\/td>\n<\/tr>\n<tr>\n<td width=\"152\">Corsa (esclusa la dima)<\/td>\n<td width=\"260\">250 mm<\/td>\n<\/tr>\n<tr>\n<td width=\"152\">Dimensioni (mm, LWH)<\/td>\n<td width=\"260\">410*360*820<\/td>\n<\/tr>\n<tr>\n<td width=\"152\">Potenza<\/td>\n<td width=\"260\">AC 110~ 220V<\/td>\n<\/tr>\n<\/tbody>\n<\/table>\n<p data-start=\"5474\" data-end=\"5639\">Combinando la misurazione accurata della forza con un funzionamento intuitivo, SPT-01 aiuta i produttori di sapone a trasformare il test di consistenza in un processo standardizzato e basato sui dati.<\/p>\n<h2 class=\"elementor-heading-title elementor-size-default\">Perch\u00e9 scegliere SPT-01 di Cell Instruments<\/h2>\n<p data-start=\"5058\" data-end=\"5199\">L'SPT-01 supporta test coerenti e ripetibili sulla consistenza del sapone e pu\u00f2 essere adattato a requisiti di test personalizzati in base all'evoluzione delle esigenze di produzione.<\/p>\n<p data-start=\"5058\" data-end=\"5199\">Un professionista <strong data-start=\"5274\" data-end=\"5299\">analizzatore della consistenza del sapone<\/strong> consente ai produttori di andare oltre la valutazione soggettiva e di stabilire standard di qualit\u00e0 misurabili. Combinando una strumentazione affidabile con riferimenti di prova riconosciuti, Cell Instruments aiuta i produttori di sapone a ottenere prestazioni costanti, un migliore controllo dei prodotti e una maggiore fiducia dei clienti.<\/p>\n<hr data-start=\"6529\" data-end=\"6532\" \/>\n<h2 data-start=\"6534\" data-end=\"6542\">Domande frequenti<\/h2>\n<p data-start=\"133\" data-end=\"329\"><strong data-start=\"133\" data-end=\"181\">1. A cosa serve un analizzatore di consistenza del sapone?<\/strong><br data-start=\"181\" data-end=\"184\" \/>A <strong data-start=\"186\" data-end=\"211\">analizzatore della consistenza del sapone<\/strong> misura il <strong data-start=\"225\" data-end=\"245\">durezza del sapone<\/strong>, e resistenza alla penetrazione per garantire qualit\u00e0 e prestazioni costanti.<\/p>\n<p data-start=\"331\" data-end=\"543\"><strong data-start=\"331\" data-end=\"382\">2. Che cos'\u00e8 un test di penetrazione e consistenza del sapone?<\/strong><br data-start=\"382\" data-end=\"385\" \/>A <strong data-start=\"387\" data-end=\"424\">texture del sapone e test di penetrazione<\/strong> applica una forza controllata a un campione di sapone e ne registra la deformazione, aiutando a quantificare la resistenza strutturale e l'usabilit\u00e0.<\/p>\n<p data-start=\"545\" data-end=\"746\"><strong data-start=\"545\" data-end=\"594\">3. Come si applica la norma ASTM D1321 ai test sul sapone?<\/strong><br data-start=\"594\" data-end=\"597\" \/><strong data-start=\"597\" data-end=\"611\">ASTM D1321<\/strong> fornisce un metodo di prova di penetrazione standardizzato che migliora la ripetibilit\u00e0 e l'affidabilit\u00e0 nella valutazione della consistenza e della durezza del sapone.<\/p>\n<p data-start=\"748\" data-end=\"929\"><strong data-start=\"748\" data-end=\"796\">4. Perch\u00e9 \u00e8 importante misurare la durezza del sapone?<\/strong><br data-start=\"796\" data-end=\"799\" \/>Il <strong data-start=\"803\" data-end=\"823\">durezza del sapone<\/strong> influisce sulla durata, sul tasso di dissoluzione e sull'esperienza del consumatore, rendendolo un parametro fondamentale per il controllo della qualit\u00e0.<\/p>\n<p data-start=\"931\" data-end=\"1132\"><strong data-start=\"931\" data-end=\"995\">5. Quali tipi di sapone possono essere testati con un analizzatore di texture?<\/strong><br data-start=\"995\" data-end=\"998\" \/>Gli analizzatori della consistenza del sapone possono testare saponi in barre, saponi alla glicerina, saponi medicati e formulazioni speciali utilizzate nei prodotti per la cura della persona.<\/p>","protected":false},"excerpt":{"rendered":"<ul>\n<li><strong>Standard<\/strong>: ASTM D1321<\/li>\n<li><strong>Produttore<\/strong>: Strumenti a cella<\/li>\n<li><strong>Applicazioni<\/strong>:Prodotti chimici giornalieri e altro ancora.<\/li>\n<li><strong>Personalizzazione<\/strong>: Disponibile per requisiti di test speciali e trasformazioni di automazione<\/li>\n<\/ul>","protected":false},"featured_media":7786,"comment_status":"closed","ping_status":"closed","template":"","meta":{"site-sidebar-layout":"default","site-content-layout":"default","ast-global-header-display":"","ast-main-header-display":"","ast-hfb-above-header-display":"","ast-hfb-below-header-display":"","ast-hfb-mobile-header-display":"","site-post-title":"","ast-breadcrumbs-content":"","ast-featured-img":"","footer-sml-layout":"","theme-transparent-header-meta":"default","adv-header-id-meta":"","stick-header-meta":"","header-above-stick-meta":"","header-main-stick-meta":"","header-below-stick-meta":""},"product_cat":[845,1187,937,1185,1179,962,928,674,672,99],"product_tag":[],"class_list":{"0":"post-7769","1":"product","2":"type-product","3":"status-publish","4":"has-post-thumbnail","6":"product_cat-customization","7":"product_cat-astm-d1321","8":"product_cat-electronic-product-tester","9":"product_cat-iec-60404-13","10":"product_cat-needle-toughness-tester","11":"product_cat-thickness-gauges","12":"product_cat-tpa-texture-analyzer","13":"product_cat-test-items","14":"product_cat-applied-materials","15":"product_cat-astm","16":"desktop-align-left","17":"tablet-align-left","18":"mobile-align-left","20":"first","21":"instock","22":"shipping-taxable","23":"product-type-simple"},"_links":{"self":[{"href":"https:\/\/www.qualitester.com\/it\/wp-json\/wp\/v2\/product\/7769","targetHints":{"allow":["GET"]}}],"collection":[{"href":"https:\/\/www.qualitester.com\/it\/wp-json\/wp\/v2\/product"}],"about":[{"href":"https:\/\/www.qualitester.com\/it\/wp-json\/wp\/v2\/types\/product"}],"replies":[{"embeddable":true,"href":"https:\/\/www.qualitester.com\/it\/wp-json\/wp\/v2\/comments?post=7769"}],"version-history":[{"count":0,"href":"https:\/\/www.qualitester.com\/it\/wp-json\/wp\/v2\/product\/7769\/revisions"}],"wp:featuredmedia":[{"embeddable":true,"href":"https:\/\/www.qualitester.com\/it\/wp-json\/wp\/v2\/media\/7786"}],"wp:attachment":[{"href":"https:\/\/www.qualitester.com\/it\/wp-json\/wp\/v2\/media?parent=7769"}],"wp:term":[{"taxonomy":"product_cat","embeddable":true,"href":"https:\/\/www.qualitester.com\/it\/wp-json\/wp\/v2\/product_cat?post=7769"},{"taxonomy":"product_tag","embeddable":true,"href":"https:\/\/www.qualitester.com\/it\/wp-json\/wp\/v2\/product_tag?post=7769"}],"curies":[{"name":"wp","href":"https:\/\/api.w.org\/{rel}","templated":true}]}}