{"id":7508,"date":"2025-10-10T16:06:20","date_gmt":"2025-10-10T08:06:20","guid":{"rendered":"https:\/\/www.qualitester.com\/?post_type=product&#038;p=7508"},"modified":"2025-10-10T16:06:21","modified_gmt":"2025-10-10T08:06:21","slug":"tennis-ball-compression-tester","status":"publish","type":"product","link":"https:\/\/www.qualitester.com\/it\/prodotto-2\/tennis-ball-compression-tester\/","title":{"rendered":"TBCT-01 Tester di compressione per palline da tennis"},"content":{"rendered":"<p data-start=\"459\" data-end=\"877\">Nel mondo del tennis professionale e ricreativo, <strong data-start=\"513\" data-end=\"533\">consistenza della palla<\/strong> gioca un ruolo fondamentale nel garantire il fair play e le prestazioni degli atleti. Per raggiungere questo obiettivo, i produttori e gli ispettori della qualit\u00e0 si affidano a strumenti di prova precisi come il <strong data-start=\"699\" data-end=\"733\">Tester di compressione per palline da tennis<\/strong>. Questo strumento valuta quanto si deforma una pallina da tennis sotto una forza specifica, riflettendo la sua <strong data-start=\"831\" data-end=\"874\">elasticit\u00e0, resilienza e giocabilit\u00e0<\/strong>.<\/p>\n<p data-start=\"879\" data-end=\"1156\">Secondo il <strong data-start=\"896\" data-end=\"937\">Federazione Internazionale di Tennis (ITF)<\/strong> e <strong data-start=\"942\" data-end=\"955\">GBT 20045<\/strong>, Il test di compressione \u00e8 uno degli indicatori di qualit\u00e0 pi\u00f9 importanti per le palline da tennis. Una pallina troppo morbida o troppo dura pu\u00f2 avere un impatto significativo sul gioco e non \u00e8 conforme agli standard di certificazione.<\/p>\n<hr data-start=\"1158\" data-end=\"1161\" \/>\n<h2 data-start=\"3930\" data-end=\"4003\">Cell Instruments TBCT-01 Tester di compressione per palline da tennis<\/h2>\n<p data-start=\"4005\" data-end=\"4202\">Per i laboratori e i produttori alla ricerca di una soluzione professionale e conforme alle norme, il sistema <strong data-start=\"4091\" data-end=\"4150\">Cell Instruments TBCT-01 Tester di compressione per palline da tennis<\/strong> offre una piattaforma di test affidabile e automatizzata.<img fetchpriority=\"high\" decoding=\"async\" class=\"size-medium wp-image-7510 alignright\" src=\"https:\/\/www.qualitester.com\/wp-content\/uploads\/2025\/10\/TBCT-01-Tennis-Ball-Compression-Tester-300x300.jpg\" alt=\"TBCT-01 Tester di compressione per palline da tennis\" width=\"300\" height=\"300\" srcset=\"https:\/\/www.qualitester.com\/wp-content\/uploads\/2025\/10\/TBCT-01-Tennis-Ball-Compression-Tester-300x300.jpg 300w, https:\/\/www.qualitester.com\/wp-content\/uploads\/2025\/10\/TBCT-01-Tennis-Ball-Compression-Tester-150x150.jpg 150w, https:\/\/www.qualitester.com\/wp-content\/uploads\/2025\/10\/TBCT-01-Tennis-Ball-Compression-Tester-12x12.jpg 12w, https:\/\/www.qualitester.com\/wp-content\/uploads\/2025\/10\/TBCT-01-Tennis-Ball-Compression-Tester-100x100.jpg 100w, https:\/\/www.qualitester.com\/wp-content\/uploads\/2025\/10\/TBCT-01-Tennis-Ball-Compression-Tester.jpg 600w\" sizes=\"(max-width: 300px) 100vw, 300px\" \/><\/p>\n<p data-start=\"4204\" data-end=\"4233\"><strong data-start=\"4204\" data-end=\"4231\">I vantaggi principali includono:<\/strong><\/p>\n<ul>\n<li data-start=\"4236\" data-end=\"4298\"><strong data-start=\"4236\" data-end=\"4255\">Piena conformit\u00e0<\/strong> con <strong data-start=\"4261\" data-end=\"4274\">GBT 20045<\/strong> e <strong data-start=\"4279\" data-end=\"4295\">ITF TB 03\/01<\/strong>.<\/li>\n<li data-start=\"4301\" data-end=\"4364\"><strong data-start=\"4301\" data-end=\"4333\">Sensori di forza ad alta precisione<\/strong> per la misurazione della deformazione.<\/li>\n<li data-start=\"4367\" data-end=\"4459\"><strong data-start=\"4367\" data-end=\"4403\">Interfaccia software di facile utilizzo<\/strong> per l'acquisizione automatica dei dati e la generazione di rapporti.<\/li>\n<li data-start=\"4462\" data-end=\"4537\"><strong data-start=\"4462\" data-end=\"4500\">Controllo coerente della precompressione<\/strong>, eliminando la variabilit\u00e0 dell'operatore.<\/li>\n<li data-start=\"4540\" data-end=\"4611\"><strong data-start=\"4540\" data-end=\"4558\">Design resistente<\/strong> adatto all'uso continuo in laboratorio o in fabbrica.<\/li>\n<\/ul>\n<p><strong>Parametro principale:<\/strong><\/p>\n<table style=\"height: 396px;\" width=\"361\">\n<tbody>\n<tr>\n<td width=\"167\">Campo di prova<\/td>\n<td width=\"337\">20 kg<\/td>\n<\/tr>\n<tr>\n<td width=\"167\">Ictus<\/td>\n<td width=\"337\">250 mm (senza piastre)<\/td>\n<\/tr>\n<tr>\n<td width=\"167\">Velocit\u00e0<\/td>\n<td width=\"337\">1-500 mm\/min (regolabile)<\/td>\n<\/tr>\n<tr>\n<td width=\"167\">Precisione dello spostamento<\/td>\n<td width=\"337\">+\/-0,01 mm<\/td>\n<\/tr>\n<tr>\n<td width=\"167\">Precisione della forza<\/td>\n<td width=\"337\">\u00b10,5 % F.S.<\/td>\n<\/tr>\n<tr>\n<td width=\"167\">Diametro della piastra<\/td>\n<td width=\"337\">70 mm (fino a 100 mm)<\/td>\n<\/tr>\n<tr>\n<td width=\"167\">Controllo e interfaccia utente<\/td>\n<td width=\"337\">PLC + HMI touchscreen da 7\u2033<\/td>\n<\/tr>\n<tr>\n<td width=\"167\">Uscita dati<\/td>\n<td width=\"337\">Schermo, microstampa (opzionale), RS-232 (opzionale, esportazione PDF)<\/td>\n<\/tr>\n<tr>\n<td width=\"167\">Potenza<\/td>\n<td width=\"337\">AC 110~220V 50\/60Hz<\/td>\n<\/tr>\n<\/tbody>\n<\/table>\n<p data-start=\"4613\" data-end=\"4810\">Integrando il TBCT-01 nei processi di produzione o di ispezione, gli utenti possono garantire che ogni sfera soddisfi <strong data-start=\"4715\" data-end=\"4754\">standard internazionali di giocabilit\u00e0<\/strong>, migliorando l'affidabilit\u00e0 del prodotto e la credibilit\u00e0 del marchio.<\/p>\n<hr data-start=\"4812\" data-end=\"4815\" \/>\n<h2 data-start=\"1163\" data-end=\"1217\">Importanza del tester di compressione per palline da tennis<\/h2>\n<p data-start=\"1219\" data-end=\"1516\">A <strong data-start=\"1221\" data-end=\"1255\">Tester di compressione per palline da tennis<\/strong> garantisce che ogni sfera soddisfi le specifiche standard di deformazione in condizioni controllate. La deformazione riflette l'equilibrio tra la pressione interna e la resilienza della gomma, che influenza direttamente <strong data-start=\"1464\" data-end=\"1501\">velocit\u00e0, altezza del rimbalzo e controllo<\/strong> durante il gioco.<\/p>\n<p data-start=\"1518\" data-end=\"1914\">Per esempio, i tornei di tennis professionistici accettano solo palline che superano il <strong data-start=\"1596\" data-end=\"1619\">Regole del tennis ITF<\/strong> per la compressione e il rimbalzo. Le palle non conformi possono alterare la velocit\u00e0 dei rally o creare vantaggi sleali in campo. Per questo motivo, un test preciso \u00e8 essenziale non solo per i produttori, ma anche per <strong data-start=\"1818\" data-end=\"1872\">organizzatori di tornei, agenzie di controllo qualit\u00e0<\/strong>, e <strong data-start=\"1878\" data-end=\"1911\">laboratori di attrezzature sportive<\/strong>.<\/p>\n<hr data-start=\"1916\" data-end=\"1919\" \/>\n<h2 data-start=\"1921\" data-end=\"1958\">Principio e procedura di test<\/h2>\n<p data-start=\"1960\" data-end=\"2144\">Il principio di verifica deriva dalla <strong data-start=\"2002\" data-end=\"2042\">Metodo di prova della deformazione ITF TB 03\/01<\/strong>, specificato anche in <strong data-start=\"2062\" data-end=\"2075\">GBT 20045<\/strong>, che definisce il processo di compressione meccanica delle palline da tennis.<\/p>\n<p data-start=\"2146\" data-end=\"2392\">Prima della misurazione, la sfera viene <strong data-start=\"2178\" data-end=\"2196\">precompresso<\/strong> attraverso una distanza di <strong data-start=\"2219\" data-end=\"2239\">2,54 cm (1 pollice)<\/strong> tre volte lungo ciascuno dei tre assi perpendicolari. Questo processo di pre-condizionamento elimina il \u201cset\u201d dalla sfera e garantisce risultati di prova uniformi.<\/p>\n<p data-start=\"2394\" data-end=\"2430\">Una volta completato il precondizionamento:<\/p>\n<ol>\n<li data-start=\"2435\" data-end=\"2515\">La palla viene posizionata tra <strong data-start=\"2462\" data-end=\"2486\">due piastre parallele<\/strong> del tester di compressione.<\/li>\n<li data-start=\"2519\" data-end=\"2589\">A <strong data-start=\"2521\" data-end=\"2544\">forza predeterminata<\/strong> viene applicato lungo il diametro della sfera.<\/li>\n<li data-start=\"2593\" data-end=\"2668\">Il risultato <strong data-start=\"2607\" data-end=\"2641\">deformazione di andata e ritorno<\/strong> sono misurati con precisione.<\/li>\n<li data-start=\"2672\" data-end=\"2746\">I valori sono confrontati con gli intervalli standard definiti da ITF e GBT 20045.<\/li>\n<\/ol>\n<p data-start=\"2748\" data-end=\"2908\">Per poter essere utilizzata nei tornei, una palla deve anche attraversare o essere limitata da <strong data-start=\"2829\" data-end=\"2853\">calibri ad anello specifici<\/strong> sotto il proprio peso, garantendo la precisione dimensionale:<\/p>\n<ul>\n<li data-start=\"2912\" data-end=\"2985\"><strong data-start=\"2912\" data-end=\"2932\">Tipo di sfera 1 e 2:<\/strong> Deve passare attraverso 6,86 cm e non attraverso 6,54 cm.<\/li>\n<li data-start=\"2988\" data-end=\"3057\"><strong data-start=\"2988\" data-end=\"3004\">Tipo a sfera 3:<\/strong> Deve passare attraverso 7,30 cm e non attraverso 7,00 cm.<\/li>\n<li data-start=\"3060\" data-end=\"3138\"><strong data-start=\"3060\" data-end=\"3085\">Fase 1 (Palla Verde):<\/strong> Deve passare attraverso 6,86 cm e non attraverso 6,30 cm.<\/li>\n<\/ul>\n<p data-start=\"3140\" data-end=\"3247\">Queste tolleranze precise assicurano la costanza del diametro e delle propriet\u00e0 di deformazione nei lotti di produzione.<\/p>\n<hr data-start=\"3249\" data-end=\"3252\" \/>\n<h2 data-start=\"3254\" data-end=\"3295\">Relazione con le regole ITF e GBT 20045<\/h2>\n<p data-start=\"3297\" data-end=\"3524\">Sia il <strong data-start=\"3306\" data-end=\"3329\">Regole del tennis ITF<\/strong> e <strong data-start=\"3334\" data-end=\"3347\">GBT 20045<\/strong> sottolineare che la deformazione della palla deve essere testata utilizzando un dispositivo di compressione approvato, come ad esempio un <strong data-start=\"3442\" data-end=\"3470\">macchina Stevens modificata<\/strong> o equivalente. Il tester di compressione deve essere dotato di:<\/p>\n<ul>\n<li data-start=\"3528\" data-end=\"3585\">Due <strong data-start=\"3532\" data-end=\"3553\">piastre identiche<\/strong> allineati assialmente e paralleli.<\/li>\n<li data-start=\"3588\" data-end=\"3671\">A <strong data-start=\"3590\" data-end=\"3616\">dispositivo di misurazione della forza<\/strong> in grado di registrare la deformazione sotto carico applicato.<\/li>\n<li data-start=\"3674\" data-end=\"3744\">Una struttura rigida e calibrata che garantisce la ripetibilit\u00e0 delle misure.<\/li>\n<\/ul>\n<p data-start=\"3746\" data-end=\"3923\">Il <strong data-start=\"3750\" data-end=\"3784\">Tester di deformazione per palline da tennis<\/strong> basati su questi principi forniscono dati accurati e riproducibili, fondamentali per verificare la conformit\u00e0 della palla con <strong data-start=\"3891\" data-end=\"3920\">Requisiti per l'approvazione ITF<\/strong>.<\/p>\n<hr data-start=\"3925\" data-end=\"3928\" \/>\n<h2 data-start=\"4817\" data-end=\"4854\">Perch\u00e9 i test di compressione sono importanti<\/h2>\n<p data-start=\"4856\" data-end=\"5149\">Il test di compressione fornisce dati oggettivi sulla <strong data-start=\"4907\" data-end=\"4928\">sensazione e risposta<\/strong> di una pallina da tennis. Una deformazione eccessiva significa che la pallina \u00e8 <strong data-start=\"4986\" data-end=\"4998\">troppo morbido<\/strong>, con conseguente rallentamento della velocit\u00e0 e riduzione del rimbalzo. Una deformazione troppo bassa indica <strong data-start=\"5075\" data-end=\"5092\">eccessiva durezza<\/strong>, che pu\u00f2 aumentare l'affaticamento del giocatore e ridurre il controllo.<\/p>\n<p data-start=\"5151\" data-end=\"5446\">Attraverso il <strong data-start=\"5163\" data-end=\"5197\">Tester di compressione per palline da tennis<\/strong>, Queste sottili variazioni possono essere quantificate e corrette gi\u00e0 in fase di produzione. Questo approccio ai test aiuta i produttori a mantenere un profilo prestazionale stabile tra i vari lotti, un requisito essenziale per la certificazione ITF e la soddisfazione dei clienti.<\/p>\n<hr data-start=\"5448\" data-end=\"5451\" \/>\n<p data-start=\"5471\" data-end=\"5769\">Il <strong data-start=\"5475\" data-end=\"5509\">Tester di compressione per palline da tennis<\/strong> \u00e8 indispensabile per garantire l'integrit\u00e0 strutturale e l'uniformit\u00e0 delle prestazioni delle palline da tennis. Aderendo a <strong data-start=\"5624\" data-end=\"5647\">Regole del tennis ITF<\/strong> e <strong data-start=\"5652\" data-end=\"5665\">GBT 20045<\/strong>, i produttori possono produrre con sicurezza palloni che soddisfano gli standard internazionali per il gioco professionale.<\/p>\n<p data-start=\"5771\" data-end=\"5961\">Per le organizzazioni che cercano soluzioni di verifica affidabili, accurate e conformi, il sistema <strong data-start=\"5856\" data-end=\"5884\">Strumenti per celle TBCT-01<\/strong> rappresenta la scelta ideale per bilanciare precisione, efficienza e affidabilit\u00e0.<\/p>","protected":false},"excerpt":{"rendered":"<p>In the world of professional and recreational tennis, ball consistency plays a crucial role in ensuring fair play and athlete performance. To achieve this, manufacturers and quality inspectors rely on precise testing equipment like the Tennis Ball Compression Tester. This instrument evaluates how much a tennis ball deforms under a specific force, reflecting its elasticity, &hellip;<\/p>\n<p class=\"read-more\"> <a class=\"\" href=\"https:\/\/www.qualitester.com\/it\/prodotto-2\/tennis-ball-compression-tester\/\"> <span class=\"screen-reader-text\">TBCT-01 Tester di compressione per palline da tennis<\/span> Leggi altro \u00bb<\/a><\/p>","protected":false},"featured_media":7510,"comment_status":"closed","ping_status":"closed","template":"","meta":{"site-sidebar-layout":"default","site-content-layout":"default","ast-global-header-display":"","ast-main-header-display":"","ast-hfb-above-header-display":"","ast-hfb-below-header-display":"","ast-hfb-mobile-header-display":"","site-post-title":"","ast-breadcrumbs-content":"","ast-featured-img":"","footer-sml-layout":"","theme-transparent-header-meta":"default","adv-header-id-meta":"","stick-header-meta":"","header-above-stick-meta":"","header-main-stick-meta":"","header-below-stick-meta":""},"product_cat":[1186],"product_tag":[],"class_list":{"0":"post-7508","1":"product","2":"type-product","3":"status-publish","4":"has-post-thumbnail","6":"product_cat-compression-tester","7":"desktop-align-left","8":"tablet-align-left","9":"mobile-align-left","11":"first","12":"instock","13":"shipping-taxable","14":"product-type-simple"},"_links":{"self":[{"href":"https:\/\/www.qualitester.com\/it\/wp-json\/wp\/v2\/product\/7508","targetHints":{"allow":["GET"]}}],"collection":[{"href":"https:\/\/www.qualitester.com\/it\/wp-json\/wp\/v2\/product"}],"about":[{"href":"https:\/\/www.qualitester.com\/it\/wp-json\/wp\/v2\/types\/product"}],"replies":[{"embeddable":true,"href":"https:\/\/www.qualitester.com\/it\/wp-json\/wp\/v2\/comments?post=7508"}],"version-history":[{"count":0,"href":"https:\/\/www.qualitester.com\/it\/wp-json\/wp\/v2\/product\/7508\/revisions"}],"wp:featuredmedia":[{"embeddable":true,"href":"https:\/\/www.qualitester.com\/it\/wp-json\/wp\/v2\/media\/7510"}],"wp:attachment":[{"href":"https:\/\/www.qualitester.com\/it\/wp-json\/wp\/v2\/media?parent=7508"}],"wp:term":[{"taxonomy":"product_cat","embeddable":true,"href":"https:\/\/www.qualitester.com\/it\/wp-json\/wp\/v2\/product_cat?post=7508"},{"taxonomy":"product_tag","embeddable":true,"href":"https:\/\/www.qualitester.com\/it\/wp-json\/wp\/v2\/product_tag?post=7508"}],"curies":[{"name":"wp","href":"https:\/\/api.w.org\/{rel}","templated":true}]}}