{"id":6887,"date":"2025-07-14T16:04:43","date_gmt":"2025-07-14T08:04:43","guid":{"rendered":"https:\/\/www.qualitester.com\/?post_type=product&#038;p=6887"},"modified":"2025-07-14T16:04:44","modified_gmt":"2025-07-14T08:04:44","slug":"lamination-factor-tester","status":"publish","type":"product","link":"https:\/\/www.qualitester.com\/it\/prodotto-2\/lamination-factor-tester\/","title":{"rendered":"FTT-02 Tester del fattore di laminazione"},"content":{"rendered":"<p data-start=\"898\" data-end=\"1494\">Nella produzione di materiali magnetici come acciaio elettrico e nastri amorfi, <strong data-start=\"985\" data-end=\"1006\">fattore di laminazione<\/strong> gioca un ruolo fondamentale nel determinare la qualit\u00e0 dei materiali. Influisce sull'efficienza di motori, trasformatori e altri componenti elettromagnetici. Per valutare questo parametro critico, un <strong data-start=\"1185\" data-end=\"1213\">tester del fattore di laminazione<\/strong> offre un metodo di misurazione preciso e standardizzato.<\/p>\n<h2 data-start=\"1501\" data-end=\"1555\">Cos'\u00e8 il fattore di laminazione e perch\u00e9 \u00e8 importante?<\/h2>\n<p data-start=\"1557\" data-end=\"1870\"><strong data-start=\"1557\" data-end=\"1578\">Fattore di laminazione<\/strong>-noto anche come <strong data-start=\"1593\" data-end=\"1623\">fattore di impilamento della laminazione<\/strong> o <strong data-start=\"1627\" data-end=\"1643\">fattore spazio<\/strong>-\u00e8 il rapporto tra il volume reale del metallo e il volume apparente di una serie di strisce metalliche impilate. Quantifica l'efficienza con cui il materiale viene impacchettato, considerando gli effetti della rugosit\u00e0 superficiale, dei rivestimenti e dei vuoti tra gli strati.<\/p>\n<p data-start=\"1872\" data-end=\"2095\">Nelle applicazioni dei nuclei magnetici, un fattore di laminazione elevato riduce al minimo le perdite di energia e migliora le prestazioni. Pertanto, \u00e8 un parametro critico per la garanzia di qualit\u00e0 nella produzione di nuclei magnetici. <strong data-start=\"2045\" data-end=\"2094\">industrie elettriche, elettroniche e motoristiche<\/strong>.<\/p>\n<h2 data-start=\"2102\" data-end=\"2153\">Principio di funzionamento di un tester per il fattore di laminazione<\/h2>\n<p data-start=\"2155\" data-end=\"2349\">A <strong data-start=\"2157\" data-end=\"2185\">tester del fattore di laminazione<\/strong> determina l'efficienza di impilamento confrontando il volume di impilamento misurato sotto pressione con il volume solido calcolato in base alla massa e alla densit\u00e0 del materiale.<\/p>\n<p data-start=\"2351\" data-end=\"2378\"><strong data-start=\"2351\" data-end=\"2378\">Le fasi principali del test includono:<\/strong><\/p>\n<ul>\n<li data-start=\"2382\" data-end=\"2433\">Taglio del materiale magnetico in strisce uniformi<\/li>\n<li data-start=\"2436\" data-end=\"2470\">Impilare le strisce in modo allineato<\/li>\n<li data-start=\"2473\" data-end=\"2520\">Applicazione di una pressione standard con il tester<\/li>\n<li data-start=\"2523\" data-end=\"2562\">Misurazione dell'altezza della pila compressa<\/li>\n<li data-start=\"2565\" data-end=\"2619\">Calcolo del fattore di laminazione mediante la formula:<\/li>\n<\/ul>\n<blockquote data-start=\"2622\" data-end=\"2862\">\n<p data-start=\"2624\" data-end=\"2862\"><strong data-start=\"2624\" data-end=\"2655\">S = m \/ (l - w - \u03b4 - h - k)<\/strong><br data-start=\"2655\" data-end=\"2658\" \/><em data-start=\"2662\" data-end=\"2670\">Dove:<\/em><br data-start=\"2670\" data-end=\"2673\" \/><em data-start=\"2677\" data-end=\"2680\">S<\/em> = fattore di laminazione (%)<br data-start=\"2704\" data-end=\"2707\" \/><em data-start=\"2711\" data-end=\"2714\">m<\/em> = massa della pila<br data-start=\"2734\" data-end=\"2737\" \/><em data-start=\"2741\" data-end=\"2747\">l, w<\/em> = lunghezza e larghezza<br data-start=\"2766\" data-end=\"2769\" \/><em data-start=\"2773\" data-end=\"2776\">\u03b4<\/em> = densit\u00e0 del materiale<br data-start=\"2795\" data-end=\"2798\" \/><em data-start=\"2802\" data-end=\"2805\">h<\/em> = altezza compressa<br data-start=\"2825\" data-end=\"2828\" \/><em data-start=\"2832\" data-end=\"2835\">k<\/em> = costante di conversione unitaria<\/p>\n<\/blockquote>\n<p data-start=\"2864\" data-end=\"2978\">Il processo richiede un'elevata precisione di misurazione per riflettere le piccole variazioni che potrebbero influire sul fattore di impilamento.<\/p>\n<h2 data-start=\"2985\" data-end=\"3038\">Standard di riferimento nei test sul fattore di laminazione<\/h2>\n<p data-start=\"3040\" data-end=\"3181\">Per garantire la conformit\u00e0 e la coerenza a livello globale, <strong data-start=\"3085\" data-end=\"3114\">tester del fattore di laminazione<\/strong> devono essere in linea con gli standard riconosciuti. I pi\u00f9 citati includono:<\/p>\n<h3 data-start=\"3183\" data-end=\"3217\"><a href=\"https:\/\/www.qualitester.com\/it\/standards\/astm-a719\/\" target=\"_blank\" rel=\"noopener\">ASTM A719<\/a> - Materiali magnetici<\/h3>\n<p data-start=\"3219\" data-end=\"3436\">Definisce l'opzione <strong data-start=\"3231\" data-end=\"3250\">metodo standard<\/strong> per la misurazione del fattore di laminazione nei materiali ferromagnetici. Il sistema \u00e8 caratterizzato da una pressione uniforme (tipicamente 50 psi), da una misurazione precisa dell'altezza della pila e da un calcolo corretto del rapporto massa\/volume.<\/p>\n<h3 data-start=\"3438\" data-end=\"3479\">ASTM A900 - Bande magnetiche amorfe<\/h3>\n<p data-start=\"3481\" data-end=\"3668\">Sviluppato appositamente per <strong data-start=\"3505\" data-end=\"3540\">bande magnetiche sottili e amorfe<\/strong>, Questo metodo richiede dispositivi di allineamento, misure micrometriche e un accurato impilamento a causa della sensibilit\u00e0 del materiale.<\/p>\n<h3 data-start=\"3670\" data-end=\"3716\">ASTM A683 - Acciaio elettrico semilavorato<\/h3>\n<p data-start=\"3718\" data-end=\"3903\">Si riferisce al <strong data-start=\"3732\" data-end=\"3752\">utilizzo di ASTM A719<\/strong> come metodo di prova designato. Sottolinea che un fattore di laminazione pi\u00f9 elevato indica una migliore qualit\u00e0, in particolare nei materiali pi\u00f9 lisci e spessi.<\/p>\n<h3 data-start=\"3905\" data-end=\"3956\">IEC 60404-13 - Norma globale sull'acciaio elettrico<\/h3>\n<p data-start=\"3958\" data-end=\"4167\">Fornisce <strong data-start=\"3967\" data-end=\"3995\">linee guida internazionali<\/strong> per la misurazione del fattore di impilamento in tutti i tipi di acciaio elettrico. Richiede una pesatura accurata, una precisione dimensionale e l'applicazione di una pressione di <strong data-start=\"4145\" data-end=\"4166\">1,00 \u00b1 0,05 N\/mm\u00b2<\/strong>.<\/p>\n<h2 data-start=\"4174\" data-end=\"4245\">Presentazione del tester del fattore di laminazione FTT-02 di Cell Instruments<\/h2>\n<p data-start=\"4247\" data-end=\"4437\">Per i laboratori e gli ambienti di produzione che necessitano di un test affidabile del fattore di laminazione, il sistema <strong data-start=\"4342\" data-end=\"4377\">FTT-02 Tester del fattore di laminazione<\/strong> da <strong data-start=\"4383\" data-end=\"4403\">Strumenti a cella<\/strong> \u00e8 una soluzione di livello professionale.<\/p>\n<h3>Caratteristiche principali:<\/h3>\n<ul>\n<li data-start=\"4459\" data-end=\"4498\"><strong data-start=\"4459\" data-end=\"4474\">Campo di prova:<\/strong> 0-2 mm (personalizzabile)<\/li>\n<li data-start=\"4501\" data-end=\"4563\"><strong data-start=\"4501\" data-end=\"4516\">Risoluzione:<\/strong> 0,1 \u03bcm per misurazioni precise dell'altezza della pila<\/li>\n<li data-start=\"4566\" data-end=\"4625\"><strong data-start=\"4566\" data-end=\"4584\">Pressione di prova:<\/strong> 50 \u00b1 0,5 kPa (standard, secondo ASTM A719)<\/li>\n<li data-start=\"4628\" data-end=\"4692\"><strong data-start=\"4628\" data-end=\"4646\">Dimensione del penetratore:<\/strong> \u00d814-17 mm (regolabile in base al tipo di campione)<\/li>\n<li data-start=\"4695\" data-end=\"4766\"><strong data-start=\"4695\" data-end=\"4714\">Design compatto:<\/strong> 461 \u00d7 334 \u00d7 357 mm, adatto a varie configurazioni di laboratorio<\/li>\n<\/ul>\n<p data-start=\"4768\" data-end=\"4944\">L'FTT-02 \u00e8 progettato per <strong data-start=\"4797\" data-end=\"4824\">facile allineamento dei campioni<\/strong>, <strong data-start=\"4826\" data-end=\"4858\">misurazione automatica dell'altezza<\/strong>, e <strong data-start=\"4864\" data-end=\"4891\">controllo stabile della pressione<\/strong>, assicurando risultati altamente precisi in termini di fattore di laminazione.<\/p>\n<h3 data-start=\"4946\" data-end=\"4971\">Materiali applicabili:<\/h3>\n<ul>\n<li data-start=\"4974\" data-end=\"5028\"><strong data-start=\"4974\" data-end=\"5026\">Acciai elettrici non orientati e a grano orientato<\/strong><\/li>\n<li data-start=\"5031\" data-end=\"5082\"><strong data-start=\"5031\" data-end=\"5080\">Bande magnetiche amorfe e nanocristalline<\/strong><\/li>\n<li data-start=\"5085\" data-end=\"5141\"><strong data-start=\"5085\" data-end=\"5141\">Materiali elettrici a rivestimento sottile utilizzati nei nuclei dei motori<\/strong><\/li>\n<\/ul>\n<p data-start=\"5143\" data-end=\"5256\">Seguendo le procedure di prova ASTM e IEC, l'FTT-02 riduce al minimo l'errore umano e migliora la ripetibilit\u00e0 dei risultati.<\/p>\n<h2 data-start=\"5263\" data-end=\"5321\">Applicazioni e vantaggi dei test sul fattore di laminazione<\/h2>\n<p data-start=\"5323\" data-end=\"5366\">Il test del fattore di laminazione \u00e8 essenziale per:<\/p>\n<ul>\n<li data-start=\"5370\" data-end=\"5413\"><strong data-start=\"5370\" data-end=\"5411\">Produzione di nuclei di trasformatori e motori<\/strong><\/li>\n<li data-start=\"5416\" data-end=\"5455\"><strong data-start=\"5416\" data-end=\"5453\">Controllo qualit\u00e0 del materiale magnetico<\/strong><\/li>\n<li data-start=\"5458\" data-end=\"5507\"><strong data-start=\"5458\" data-end=\"5505\">Laboratori di R&amp;S che valutano nuove leghe e rivestimenti<\/strong><\/li>\n<li data-start=\"5510\" data-end=\"5579\"><strong data-start=\"5510\" data-end=\"5579\">Valutazione della conformit\u00e0 per spedizioni o certificazioni internazionali<\/strong><\/li>\n<\/ul>\n<h3 data-start=\"5581\" data-end=\"5598\">Vantaggi principali:<\/h3>\n<ul>\n<li>Rileva vuoti, rugosit\u00e0 ed effetti del rivestimento<\/li>\n<li>Assicura la qualit\u00e0 e la coerenza dei materiali<\/li>\n<li>Aiuta a ottimizzare la progettazione della laminazione e i parametri di processo<\/li>\n<li>Supporta la conformit\u00e0 con <strong data-start=\"5781\" data-end=\"5794\">ASTM A719<\/strong>, <strong data-start=\"5796\" data-end=\"5804\">A900<\/strong>, e <strong data-start=\"5810\" data-end=\"5826\">IEC 60404-13<\/strong><\/li>\n<\/ul>\n<p data-start=\"5849\" data-end=\"6157\">Comprendere e controllare il <strong data-start=\"5883\" data-end=\"5904\">fattore di laminazione<\/strong> dei materiali magnetici \u00e8 fondamentale per la progettazione e la produzione di prodotti efficienti dal punto di vista energetico. Una misurazione accurata richiede apparecchiature di precisione conformi a standard internazionali quali <strong data-start=\"6091\" data-end=\"6104\">ASTM A719<\/strong>, <strong data-start=\"6106\" data-end=\"6119\">ASTM A900<\/strong>, <strong data-start=\"6121\" data-end=\"6134\">ASTM A683<\/strong>, e <strong data-start=\"6140\" data-end=\"6156\">IEC 60404-13<\/strong>.<\/p>\n<p data-start=\"6159\" data-end=\"6527\">Il <strong data-start=\"6163\" data-end=\"6198\">FTT-02 Tester del fattore di laminazione<\/strong> da <strong data-start=\"6202\" data-end=\"6222\">Strumenti a cella<\/strong> offre un'accuratezza leader nel settore, un funzionamento semplice e la piena conformit\u00e0 ai protocolli di test globali. Che siate ingegneri dei materiali, manager QA o produttori di componenti magnetici, questo strumento garantisce che i risultati del vostro fattore di laminazione siano <strong data-start=\"6485\" data-end=\"6526\">affidabile, tracciabile e professionale<\/strong>.<\/p>\n<hr data-start=\"6529\" data-end=\"6532\" \/>\n<h2 data-start=\"6534\" data-end=\"6542\">Domande frequenti<\/h2>\n<p data-start=\"6544\" data-end=\"6758\"><strong data-start=\"6544\" data-end=\"6601\">1. Qual \u00e8 lo scopo di un tester del fattore di laminazione?<\/strong><br data-start=\"6601\" data-end=\"6604\" \/>Determina l'efficienza dell'impilamento delle bande magnetiche calcolando il rapporto tra il volume del metallo solido e il volume totale, indicando la qualit\u00e0 del materiale.<\/p>\n<p data-start=\"6760\" data-end=\"6960\"><strong data-start=\"6760\" data-end=\"6832\">2. Quali sono gli standard da seguire per il test del fattore di laminazione?<\/strong><br data-start=\"6832\" data-end=\"6835\" \/>Gli standard rilevanti includono <a href=\"https:\/\/www.astm.org\/a0719_a0719m-14r19.html\" target=\"_blank\" rel=\"noopener nofollow\"><strong data-start=\"6862\" data-end=\"6875\">ASTM A719<\/strong><\/a>, <a href=\"https:\/\/www.astm.org\/a0900_a0900m-01r18.html\" target=\"_blank\" rel=\"noopener nofollow\"><strong data-start=\"6877\" data-end=\"6890\">ASTM A900<\/strong><\/a>, <a href=\"https:\/\/www.astm.org\/a0683-16.html\" target=\"_blank\" rel=\"noopener nofollow\"><strong data-start=\"6892\" data-end=\"6905\">ASTM A683<\/strong><\/a>, e <strong data-start=\"6911\" data-end=\"6927\">IEC 60404-13<\/strong>, a seconda del tipo di materiale.<\/p>\n<p data-start=\"6962\" data-end=\"7176\"><strong data-start=\"6962\" data-end=\"7018\">3. L'FTT-02 pu\u00f2 essere utilizzato per strisce amorfe sottili?<\/strong><br data-start=\"7018\" data-end=\"7021\" \/>S\u00ec, l'FTT-02 supporta diversi materiali, tra cui <strong data-start=\"7074\" data-end=\"7108\">bande magnetiche amorfe sottili<\/strong>, grazie alla pressione regolabile e alla misurazione ad alta risoluzione.<\/p>\n<p data-start=\"7178\" data-end=\"7342\"><strong data-start=\"7178\" data-end=\"7227\">4. Quali fattori influenzano il fattore di laminazione?<\/strong><br data-start=\"7227\" data-end=\"7230\" \/>I rivestimenti superficiali, la rugosit\u00e0 del materiale, gli strati di ossido e i vuoti d'aria tra le strisce possono ridurre il fattore di laminazione.<\/p>\n<p data-start=\"7344\" data-end=\"7555\"><strong data-start=\"7344\" data-end=\"7408\">5. Qual \u00e8 l'impatto del fattore di laminazione sulle prestazioni elettriche?<\/strong><br data-start=\"7408\" data-end=\"7411\" \/>Un fattore di laminazione pi\u00f9 elevato significa un migliore accoppiamento magnetico e una minore perdita di energia, migliorando l'efficienza di motori, trasformatori e induttori.<\/p>","protected":false},"excerpt":{"rendered":"<p>In the manufacturing of magnetic materials like electrical steel and amorphous strips, lamination factor plays a vital role in determining material quality. It affects the efficiency of motors, transformers, and other electromagnetic components. To assess this critical parameter, a lamination factor tester offers a precise, standardized method for measurement. What Is Lamination Factor and Why &hellip;<\/p>\n<p class=\"read-more\"> <a class=\"\" href=\"https:\/\/www.qualitester.com\/it\/prodotto-2\/lamination-factor-tester\/\"> <span class=\"screen-reader-text\">FTT-02 Tester del fattore di laminazione<\/span> Leggi altro \u00bb<\/a><\/p>","protected":false},"featured_media":6912,"comment_status":"closed","ping_status":"closed","template":"","meta":{"site-sidebar-layout":"default","site-content-layout":"default","ast-global-header-display":"","ast-main-header-display":"","ast-hfb-above-header-display":"","ast-hfb-below-header-display":"","ast-hfb-mobile-header-display":"","site-post-title":"","ast-breadcrumbs-content":"","ast-featured-img":"","footer-sml-layout":"","theme-transparent-header-meta":"default","adv-header-id-meta":"","stick-header-meta":"","header-above-stick-meta":"","header-main-stick-meta":"","header-below-stick-meta":""},"product_cat":[845,1184,1182,1183,937,1185,962,674,672],"product_tag":[],"class_list":{"0":"post-6887","1":"product","2":"type-product","3":"status-publish","4":"has-post-thumbnail","6":"product_cat-customization","7":"product_cat-astm-a683","8":"product_cat-astm-a719","9":"product_cat-astm-a900","10":"product_cat-electronic-product-tester","11":"product_cat-iec-60404-13","12":"product_cat-thickness-gauges","13":"product_cat-test-items","14":"product_cat-applied-materials","15":"desktop-align-left","16":"tablet-align-left","17":"mobile-align-left","19":"first","20":"instock","21":"shipping-taxable","22":"product-type-simple"},"_links":{"self":[{"href":"https:\/\/www.qualitester.com\/it\/wp-json\/wp\/v2\/product\/6887","targetHints":{"allow":["GET"]}}],"collection":[{"href":"https:\/\/www.qualitester.com\/it\/wp-json\/wp\/v2\/product"}],"about":[{"href":"https:\/\/www.qualitester.com\/it\/wp-json\/wp\/v2\/types\/product"}],"replies":[{"embeddable":true,"href":"https:\/\/www.qualitester.com\/it\/wp-json\/wp\/v2\/comments?post=6887"}],"version-history":[{"count":0,"href":"https:\/\/www.qualitester.com\/it\/wp-json\/wp\/v2\/product\/6887\/revisions"}],"wp:featuredmedia":[{"embeddable":true,"href":"https:\/\/www.qualitester.com\/it\/wp-json\/wp\/v2\/media\/6912"}],"wp:attachment":[{"href":"https:\/\/www.qualitester.com\/it\/wp-json\/wp\/v2\/media?parent=6887"}],"wp:term":[{"taxonomy":"product_cat","embeddable":true,"href":"https:\/\/www.qualitester.com\/it\/wp-json\/wp\/v2\/product_cat?post=6887"},{"taxonomy":"product_tag","embeddable":true,"href":"https:\/\/www.qualitester.com\/it\/wp-json\/wp\/v2\/product_tag?post=6887"}],"curies":[{"name":"wp","href":"https:\/\/api.w.org\/{rel}","templated":true}]}}