{"id":6644,"date":"2025-05-07T11:30:19","date_gmt":"2025-05-07T03:30:19","guid":{"rendered":"https:\/\/www.qualitester.com\/?post_type=product&#038;p=6644"},"modified":"2025-05-07T11:30:19","modified_gmt":"2025-05-07T03:30:19","slug":"medical-needle-tubing-stiffness-tester","status":"publish","type":"product","link":"https:\/\/www.qualitester.com\/it\/prodotto-2\/medical-needle-tubing-stiffness-tester\/","title":{"rendered":"TS-01 Tester di rigidit\u00e0 dei tubi"},"content":{"rendered":"<h2 data-start=\"393\" data-end=\"1063\">Introduzione al tester di rigidit\u00e0 per tubi ad ago medicali<\/h2>\n<p class=\"\" data-start=\"393\" data-end=\"1063\">Garantire l'integrit\u00e0 meccanica degli aghi ipodermici \u00e8 fondamentale in campo medico. Una propriet\u00e0 essenziale che influenza le prestazioni, la sicurezza e l'usabilit\u00e0 \u00e8 la seguente <em data-start=\"621\" data-end=\"639\">rigidit\u00e0 del tubo<\/em>. Il <strong data-start=\"645\" data-end=\"687\">Tester di rigidit\u00e0 per aghi medicali<\/strong> fornisce un metodo standardizzato e preciso per valutare la rigidit\u00e0 dei tubi in acciaio inossidabile utilizzati nella produzione di aghi. Con l'aumento degli standard medici globali, in particolare la conformit\u00e0 a <a href=\"https:\/\/www.qualitester.com\/it\/standards\/iso-9626\/\"><strong data-start=\"880\" data-end=\"892\">ISO 9626<\/strong><\/a> e <strong data-start=\"897\" data-end=\"917\">ISO 9626 Allegato B<\/strong>, soluzioni di analisi affidabili sono diventate indispensabili per i produttori di dispositivi medici, i professionisti del controllo qualit\u00e0 e gli istituti di ricerca.<\/p>\n<hr class=\"\" data-start=\"1065\" data-end=\"1068\" \/>\n<h2 data-start=\"1070\" data-end=\"1624\">Importanza della rigidit\u00e0 del tubo dell'ago nelle applicazioni mediche<\/h2>\n<p class=\"\" data-start=\"1070\" data-end=\"1624\">La rigidit\u00e0 influisce direttamente sulla <strong data-start=\"1176\" data-end=\"1219\">capacit\u00e0 di inserimento, integrit\u00e0 strutturale<\/strong>, e <strong data-start=\"1225\" data-end=\"1241\">controllo dell'utente<\/strong>. Un ago tubolare troppo morbido pu\u00f2 piegarsi o rompersi, con il rischio di lesioni al paziente o di somministrazione impropria di farmaci. Al contrario, un ago troppo rigido pu\u00f2 spezzarsi o causare un trauma inutile durante l'inserimento. Pertanto, \u00e8 essenziale raggiungere un equilibrio ottimale. Il <strong data-start=\"1497\" data-end=\"1539\">Tester di rigidit\u00e0 per aghi medicali<\/strong> svolge un ruolo fondamentale nel quantificare questo equilibrio e nel mantenere gli standard di produzione.<\/p>\n<hr class=\"\" data-start=\"1626\" data-end=\"1629\" \/>\n<h2 data-start=\"1631\" data-end=\"1921\"><strong data-start=\"1631\" data-end=\"1697\">Test ISO 9626 - <\/strong><strong data-start=\"1631\" data-end=\"1697\">ISO 9626 Allegato B<\/strong><\/h2>\n<p class=\"\" data-start=\"1631\" data-end=\"1921\">Lo standard internazionale <strong data-start=\"1727\" data-end=\"1744\">ISO 9626:2016<\/strong> delinea i requisiti meccanici e dimensionali dei tubi in acciaio inossidabile destinati agli aghi ipodermici. <strong data-start=\"1858\" data-end=\"1869\">Allegato B<\/strong> fornisce un metodo specifico per la misurazione della rigidit\u00e0:<\/p>\n<ul data-start=\"1923\" data-end=\"2213\">\n<li class=\"\" data-start=\"1923\" data-end=\"2014\">\n<p class=\"\" data-start=\"1925\" data-end=\"2014\">A <strong data-start=\"1927\" data-end=\"1955\">forza nota (fino a 60 N)<\/strong> \u00e8 applicato centralmente al tubo sostenuto da entrambe le estremit\u00e0.<\/p>\n<\/li>\n<li class=\"\" data-start=\"2015\" data-end=\"2085\">\n<p class=\"\" data-start=\"2017\" data-end=\"2085\">Il risultato <strong data-start=\"2031\" data-end=\"2045\">deviazione<\/strong> \u00e8 misurato con <strong data-start=\"2063\" data-end=\"2084\">Precisione di 0,01 mm<\/strong>.<\/p>\n<\/li>\n<li class=\"\" data-start=\"2086\" data-end=\"2213\">\n<p class=\"\" data-start=\"2088\" data-end=\"2213\">L'apparecchio deve essere dotato di un cuneo smussato. <strong data-start=\"2136\" data-end=\"2147\">stantuffo<\/strong>, inclinato a <strong data-start=\"2161\" data-end=\"2168\">60\u00b0<\/strong>, con un <strong data-start=\"2177\" data-end=\"2212\">Superficie cilindrica di raggio 1 mm<\/strong>.<\/p>\n<\/li>\n<\/ul>\n<p class=\"\" data-start=\"2215\" data-end=\"2371\">Il <strong data-start=\"2219\" data-end=\"2267\">TS-01 Tester di rigidit\u00e0 dei tubi per aghi medicali<\/strong> \u00e8 stato progettato specificamente per soddisfare questo metodo di prova, garantendo una rigorosa conformit\u00e0 agli standard ISO.<\/p>\n<hr class=\"\" data-start=\"2373\" data-end=\"2376\" \/>\n<h2 data-start=\"2378\" data-end=\"2515\"><strong data-start=\"2378\" data-end=\"2418\">Principio del test e meccanismo di funzionamento<\/strong><\/h2>\n<p class=\"\" data-start=\"2378\" data-end=\"2515\">Il <strong data-start=\"2425\" data-end=\"2467\">Tester di rigidit\u00e0 per aghi medicali<\/strong> si basa su un principio semplice ma efficace:<\/p>\n<p class=\"\" data-start=\"2517\" data-end=\"2702\"><em data-start=\"2517\" data-end=\"2702\">Una forza precisa viene applicata al punto centrale del tubo, che viene sostenuto simmetricamente. Lo strumento registra quindi la deflessione verticale, fornendo dati quantitativi sulla rigidit\u00e0.<\/em><\/p>\n<p class=\"\" data-start=\"2704\" data-end=\"2753\">Il <strong data-start=\"2708\" data-end=\"2723\">Modello TS-01<\/strong> di Cell Instruments:<\/p>\n<ul data-start=\"2754\" data-end=\"3112\">\n<li class=\"\" data-start=\"2754\" data-end=\"2864\">\n<p class=\"\" data-start=\"2756\" data-end=\"2864\">Un cuneo smussato <strong data-start=\"2777\" data-end=\"2788\">stantuffo<\/strong> collegato a un <strong data-start=\"2804\" data-end=\"2817\">cella di carico<\/strong>, garantendo un'elevata precisione di misura (\u00b10,01 N).<\/p>\n<\/li>\n<li class=\"\" data-start=\"2865\" data-end=\"2930\">\n<p class=\"\" data-start=\"2867\" data-end=\"2930\">Una testa mobile a croce alimentata da un <strong data-start=\"2900\" data-end=\"2929\">vite di precisione a ricircolo di sfere<\/strong>.<\/p>\n<\/li>\n<li class=\"\" data-start=\"2931\" data-end=\"3018\">\n<p class=\"\" data-start=\"2933\" data-end=\"3018\">Un supporto per tubi (pan) che allinea accuratamente il campione da analizzare sotto lo stantuffo di forza.<\/p>\n<\/li>\n<li class=\"\" data-start=\"3019\" data-end=\"3112\">\n<p class=\"\" data-start=\"3021\" data-end=\"3112\">Variabile <strong data-start=\"3030\" data-end=\"3044\">velocit\u00e0 di prova<\/strong> (1-500 mm\/min) per adattarsi a tubi di diverse dimensioni e materiali.<\/p>\n<\/li>\n<\/ul>\n<hr class=\"\" data-start=\"3114\" data-end=\"3117\" \/>\n<h2 data-start=\"3119\" data-end=\"3349\">Perch\u00e9 scegliere il tester di rigidit\u00e0 dei tubi medici ad ago TS-01?<\/h2>\n<p class=\"\" data-start=\"3119\" data-end=\"3349\">Come produttore di strumenti di prova di precisione, <strong data-start=\"3237\" data-end=\"3257\">Strumenti a cella<\/strong> progettato il <strong data-start=\"3271\" data-end=\"3280\">TS-01<\/strong> specificamente per i produttori di aghi medicali. I vantaggi principali includono:<\/p>\n<ul data-start=\"3351\" data-end=\"3682\">\n<li class=\"\" data-start=\"3351\" data-end=\"3408\">\n<p class=\"\" data-start=\"3353\" data-end=\"3408\"><strong data-start=\"3353\" data-end=\"3407\">Piena conformit\u00e0 a ISO 9626 e ISO 9626 Allegato B<\/strong>.<\/p>\n<\/li>\n<li class=\"\" data-start=\"3409\" data-end=\"3468\">\n<p class=\"\" data-start=\"3411\" data-end=\"3468\">Alta risoluzione <strong data-start=\"3427\" data-end=\"3453\">misura della deflessione<\/strong> fino a 0,01 mm.<\/p>\n<\/li>\n<li class=\"\" data-start=\"3469\" data-end=\"3549\">\n<p class=\"\" data-start=\"3471\" data-end=\"3549\">Design robusto con <strong data-start=\"3490\" data-end=\"3513\">protezione da sovraccarico<\/strong> e <strong data-start=\"3518\" data-end=\"3538\">ritorno automatico<\/strong> funzioni.<\/p>\n<\/li>\n<li class=\"\" data-start=\"3550\" data-end=\"3627\">\n<p class=\"\" data-start=\"3552\" data-end=\"3627\">Facile da usare <strong data-start=\"3566\" data-end=\"3593\">HMI touch screen da 7 pollici<\/strong> per il controllo dei test e la revisione dei dati.<\/p>\n<\/li>\n<li class=\"\" data-start=\"3628\" data-end=\"3682\">\n<p class=\"\" data-start=\"3630\" data-end=\"3682\">Incorporato <strong data-start=\"3639\" data-end=\"3655\">microstampante<\/strong> per l'emissione immediata dei rapporti.<\/p>\n<\/li>\n<\/ul>\n<p class=\"\" data-start=\"3684\" data-end=\"3857\">Queste caratteristiche non solo snelliscono i test, ma migliorano anche la qualit\u00e0 del lavoro. <strong data-start=\"3748\" data-end=\"3794\">accuratezza, ripetibilit\u00e0 e documentazione<\/strong> necessari per la convalida dei prodotti medicali e per gli audit normativi.<\/p>\n<hr class=\"\" data-start=\"3859\" data-end=\"3862\" \/>\n<h2 data-start=\"3864\" data-end=\"3996\">Applicazioni nella produzione e nella ricerca medica<\/h2>\n<p class=\"\" data-start=\"3864\" data-end=\"3996\">Il <strong data-start=\"3929\" data-end=\"3971\">Tester di rigidit\u00e0 per aghi medicali<\/strong> \u00e8 ampiamente applicabile in:<\/p>\n<ul data-start=\"3997\" data-end=\"4271\">\n<li class=\"\" data-start=\"3997\" data-end=\"4038\">\n<p class=\"\" data-start=\"3999\" data-end=\"4038\">Produzione di aghi per ipodermici e penne<\/p>\n<\/li>\n<li class=\"\" data-start=\"4039\" data-end=\"4097\">\n<p class=\"\" data-start=\"4041\" data-end=\"4097\">Reparti di controllo qualit\u00e0 nella produzione di dispositivi medici<\/p>\n<\/li>\n<li class=\"\" data-start=\"4098\" data-end=\"4166\">\n<p class=\"\" data-start=\"4100\" data-end=\"4166\">Laboratori di ricerca e sviluppo che lavorano su design innovativi degli aghi<\/p>\n<\/li>\n<li class=\"\" data-start=\"4167\" data-end=\"4218\">\n<p class=\"\" data-start=\"4169\" data-end=\"4218\">Agenzie di controllo e organismi di ispezione<\/p>\n<\/li>\n<li class=\"\" data-start=\"4219\" data-end=\"4271\">\n<p class=\"\" data-start=\"4221\" data-end=\"4271\">OEM e fornitori di componenti medicali a marchio privato<\/p>\n<\/li>\n<\/ul>\n<p class=\"\" data-start=\"4273\" data-end=\"4388\">Fornisce dati meccanici critici che garantiscono l'affidabilit\u00e0 di ciascuna provetta ad ago in condizioni di utilizzo clinico.<\/p>\n<hr class=\"\" data-start=\"4390\" data-end=\"4393\" \/>\n<h2 data-start=\"4395\" data-end=\"4437\">Panoramica delle specifiche tecniche<\/h2>\n<div class=\"_tableContainer_16hzy_1\">\n<div class=\"_tableWrapper_16hzy_14 group flex w-fit flex-col-reverse\" tabindex=\"-1\">\n<table class=\"w-fit min-w-(--thread-content-width)\" data-start=\"4438\" data-end=\"4972\">\n<thead data-start=\"4438\" data-end=\"4503\">\n<tr data-start=\"4438\" data-end=\"4503\">\n<th data-start=\"4438\" data-end=\"4466\" data-col-size=\"sm\"><strong data-start=\"4440\" data-end=\"4453\">Parametro<\/strong><\/th>\n<th data-start=\"4466\" data-end=\"4503\" data-col-size=\"sm\"><strong data-start=\"4468\" data-end=\"4485\">Specifiche<\/strong><\/th>\n<\/tr>\n<\/thead>\n<tbody data-start=\"4570\" data-end=\"4972\">\n<tr data-start=\"4570\" data-end=\"4635\">\n<td data-start=\"4570\" data-end=\"4598\" data-col-size=\"sm\">Forza massima di prova<\/td>\n<td data-col-size=\"sm\" data-start=\"4598\" data-end=\"4635\">60 N (personalizzabile)<\/td>\n<\/tr>\n<tr data-start=\"4636\" data-end=\"4701\">\n<td data-start=\"4636\" data-end=\"4664\" data-col-size=\"sm\">Gamma di velocit\u00e0<\/td>\n<td data-col-size=\"sm\" data-start=\"4664\" data-end=\"4701\">1-500 mm\/min<\/td>\n<\/tr>\n<tr data-start=\"4702\" data-end=\"4767\">\n<td data-start=\"4702\" data-end=\"4730\" data-col-size=\"sm\">Precisione di misura<\/td>\n<td data-col-size=\"sm\" data-start=\"4730\" data-end=\"4767\">\u00b10,01 mm<\/td>\n<\/tr>\n<tr data-start=\"4768\" data-end=\"4833\">\n<td data-start=\"4768\" data-end=\"4796\" data-col-size=\"sm\">Alimentazione<\/td>\n<td data-col-size=\"sm\" data-start=\"4796\" data-end=\"4833\">110~220V<\/td>\n<\/tr>\n<tr data-start=\"4834\" data-end=\"4899\">\n<td data-start=\"4834\" data-end=\"4862\" data-col-size=\"sm\">Interfaccia di controllo<\/td>\n<td data-col-size=\"sm\" data-start=\"4862\" data-end=\"4899\">PLC con schermo tattile HMI da 7<\/td>\n<\/tr>\n<tr data-start=\"4900\" data-end=\"4972\">\n<td data-start=\"4900\" data-end=\"4928\" data-col-size=\"sm\">Accessori inclusi<\/td>\n<td data-col-size=\"sm\" data-start=\"4928\" data-end=\"4972\">Stantuffo, porta-tubo, cavo di alimentazione, fusibile<\/td>\n<\/tr>\n<\/tbody>\n<\/table>\n<div class=\"sticky end-(--thread-content-margin) h-0 self-end select-none\">\n<div class=\"absolute end-0 flex items-end\"><span style=\"font-size: 16px;\">La prova di rigidit\u00e0 \u00e8 essenziale per garantire la <\/span><strong style=\"font-size: 16px;\" data-start=\"5044\" data-end=\"5090\">affidabilit\u00e0 meccanica e sicurezza clinica<\/strong><span style=\"font-size: 16px;\"> di aghi ipodermici. Rispettando le <\/span><strong style=\"font-size: 16px;\" data-start=\"5132\" data-end=\"5152\"><a href=\"https:\/\/www.iso.org\/standard\/60480.html\" target=\"_blank\" rel=\"noopener nofollow\">ISO 9626<\/a> test<\/strong><span style=\"font-size: 16px;\"> I produttori possono garantire che i loro tubi soddisfino gli standard prestazionali globali. Il <\/span><strong style=\"font-size: 16px;\" data-start=\"5247\" data-end=\"5295\">Tester di rigidit\u00e0 per aghi medicali TS-01<\/strong><span style=\"font-size: 16px;\"> da <\/span><strong style=\"font-size: 16px;\" data-start=\"5301\" data-end=\"5321\">Strumenti a cella<\/strong><span style=\"font-size: 16px;\"> offre una soluzione professionale, precisa e facile da usare per la misurazione della rigidit\u00e0. Che si tratti di conformit\u00e0, ricerca e sviluppo o garanzia di qualit\u00e0, il TS-01 \u00e8 la scelta affidabile per la valutazione dei tubi ad ago.<\/span><\/div>\n<\/div>\n<\/div>\n<\/div>\n<hr class=\"\" data-start=\"5520\" data-end=\"5523\" \/>\n<h2 data-start=\"5525\" data-end=\"5572\">FAQ: Tester di rigidit\u00e0 del tubo dell'ago medico<\/h2>\n<p class=\"\" data-start=\"5755\" data-end=\"5933\"><strong data-start=\"5755\" data-end=\"5829\">D1: Quali tipi di aghi o tubi possono essere testati con questo strumento?<\/strong><br data-start=\"5829\" data-end=\"5832\" \/>A1: \u00e8 adatto ai tubi per aghi in acciaio inox utilizzati per aghi ipodermici, penne o endovena.<\/p>\n<p class=\"\" data-start=\"6096\" data-end=\"6253\"><strong data-start=\"6096\" data-end=\"6138\">D2: Posso testare tubi di dimensioni diverse?<\/strong><br data-start=\"6138\" data-end=\"6141\" \/>A2: S\u00ec, il tester include dispositivi regolabili e supporta diverse campate secondo le specifiche della Tabella 2 ISO.<\/p>","protected":false},"excerpt":{"rendered":"<p>Introduzione al tester di rigidit\u00e0 dei tubi per aghi medicali Garantire l'integrit\u00e0 meccanica degli aghi ipodermici \u00e8 fondamentale in campo medico. Una propriet\u00e0 essenziale che influenza le prestazioni, la sicurezza e l'utilizzabilit\u00e0 \u00e8 la rigidit\u00e0 del tubo. Il tester di rigidit\u00e0 dei tubi per aghi medicali fornisce un metodo standardizzato e preciso per valutare la rigidit\u00e0 dei tubi in acciaio inossidabile utilizzati nella produzione degli aghi. ...<\/p>\n<p class=\"read-more\"> <a class=\"\" href=\"https:\/\/www.qualitester.com\/it\/prodotto-2\/medical-needle-tubing-stiffness-tester\/\"> <span class=\"screen-reader-text\">TS-01 Tester di rigidit\u00e0 dei tubi<\/span> Leggi altro \u00bb<\/a><\/p>","protected":false},"featured_media":6646,"comment_status":"closed","ping_status":"closed","template":"","meta":{"site-sidebar-layout":"default","site-content-layout":"default","ast-global-header-display":"","ast-main-header-display":"","ast-hfb-above-header-display":"","ast-hfb-below-header-display":"","ast-hfb-mobile-header-display":"","site-post-title":"","ast-breadcrumbs-content":"","ast-featured-img":"","footer-sml-layout":"","theme-transparent-header-meta":"default","adv-header-id-meta":"","stick-header-meta":"","header-above-stick-meta":"","header-main-stick-meta":"","header-below-stick-meta":""},"product_cat":[1180,845,934,149],"product_tag":[],"class_list":{"0":"post-6644","1":"product","2":"type-product","3":"status-publish","4":"has-post-thumbnail","6":"product_cat-iso-9626","7":"product_cat-customization","8":"product_cat-medical-packaging-tester","9":"product_cat-pharma-and-medical-testers","10":"desktop-align-left","11":"tablet-align-left","12":"mobile-align-left","14":"first","15":"instock","16":"shipping-taxable","17":"product-type-simple"},"_links":{"self":[{"href":"https:\/\/www.qualitester.com\/it\/wp-json\/wp\/v2\/product\/6644","targetHints":{"allow":["GET"]}}],"collection":[{"href":"https:\/\/www.qualitester.com\/it\/wp-json\/wp\/v2\/product"}],"about":[{"href":"https:\/\/www.qualitester.com\/it\/wp-json\/wp\/v2\/types\/product"}],"replies":[{"embeddable":true,"href":"https:\/\/www.qualitester.com\/it\/wp-json\/wp\/v2\/comments?post=6644"}],"version-history":[{"count":0,"href":"https:\/\/www.qualitester.com\/it\/wp-json\/wp\/v2\/product\/6644\/revisions"}],"wp:featuredmedia":[{"embeddable":true,"href":"https:\/\/www.qualitester.com\/it\/wp-json\/wp\/v2\/media\/6646"}],"wp:attachment":[{"href":"https:\/\/www.qualitester.com\/it\/wp-json\/wp\/v2\/media?parent=6644"}],"wp:term":[{"taxonomy":"product_cat","embeddable":true,"href":"https:\/\/www.qualitester.com\/it\/wp-json\/wp\/v2\/product_cat?post=6644"},{"taxonomy":"product_tag","embeddable":true,"href":"https:\/\/www.qualitester.com\/it\/wp-json\/wp\/v2\/product_tag?post=6644"}],"curies":[{"name":"wp","href":"https:\/\/api.w.org\/{rel}","templated":true}]}}