{"id":5401,"date":"2024-11-18T11:06:12","date_gmt":"2024-11-18T03:06:12","guid":{"rendered":"https:\/\/www.qualitester.com\/?post_type=product&#038;p=5401"},"modified":"2024-12-05T15:37:27","modified_gmt":"2024-12-05T07:37:27","slug":"sale-fabric-thickness-tester-gauge","status":"publish","type":"product","link":"https:\/\/www.qualitester.com\/it\/prodotto-2\/sale-fabric-thickness-tester-gauge\/","title":{"rendered":"FTT-02 Tester di spessore del tessuto"},"content":{"rendered":"<p>Il <strong>FTT-02 Tester di spessore del tessuto<\/strong> \u00e8 uno strumento di grande precisione progettato per misurare lo spessore di vari tessuti, tra cui non-tessuti melt-blown, spun-bonded, SMS (spun-bond\/melt-blown\/spun-bond), spunlace, agugliati, tessuti e maglieria. Progettato per garantire affidabilit\u00e0 e accuratezza, assicura la conformit\u00e0 agli standard di prova globali, rendendolo uno strumento essenziale per settori come quello tessile, dei dispositivi medici, dell'imballaggio e dell'ispezione della qualit\u00e0.<\/p>\n<h2><strong>Applicazioni del tester per lo spessore del tessuto FTT-02<\/strong><\/h2>\n<p>La FTT-02 \u00e8 versatile e ideale per un'ampia gamma di materiali, tra cui:<\/p>\n<ul>\n<li>Tessuti non tessuti melt-blown e spun-bonded.<\/li>\n<li>Tessuti non tessuti SMS per prodotti medici e igienici.<\/li>\n<li>Tessuti spunlace e agugliati utilizzati per tappezzeria e applicazioni industriali.<\/li>\n<li>Tessuti e maglieria per abbigliamento e tessuti tecnici.<\/li>\n<\/ul>\n<p>Ci\u00f2 lo rende un dispositivo fondamentale per settori quali l'imballaggio, il medicale, il farmaceutico, il tessile e le agenzie di garanzia della qualit\u00e0.<\/p>\n<h2><strong>Caratteristiche e vantaggi<\/strong><\/h2>\n<h3><strong>Misura di precisione<\/strong><\/h3>\n<ul>\n<li>Campo di misura: <strong>0,001-25 mm<\/strong> con una risoluzione di <strong>0,001 mm<\/strong>, garantendo risultati altamente precisi per le applicazioni pi\u00f9 critiche.<\/li>\n<\/ul>\n<h3><strong>Flessibilit\u00e0 dei test<\/strong><\/h3>\n<ul>\n<li>Opzioni per <strong>singolo<\/strong> o <strong>test continuo<\/strong> fornire l'adattabilit\u00e0 alle varie esigenze operative.<\/li>\n<\/ul>\n<h3><strong>Pesi e impostazioni personalizzabili<\/strong><\/h3>\n<ul>\n<li>Misure del piedino regolabili: <strong>11,28 mm, 50,48 mm, 56,42 mm e 112,84 mm.<\/strong>.<\/li>\n<li>Dimensioni multiple dell'area di contatto: <strong>\u03c6100, \u03c62000, \u03c62500, \u03c610000 mm\u00b2<\/strong>.<\/li>\n<li>Opzioni di peso che vanno da <strong>5cN<\/strong> a <strong>500cN<\/strong> e le impostazioni del tempo di pressione di <strong>10s<\/strong> e <strong>30s<\/strong> per un test personalizzato.<\/li>\n<\/ul>\n<h3><strong>Design facile da usare<\/strong><\/h3>\n<ul>\n<li>Dimensioni compatte (<strong>410 \u00d7 160 \u00d7 395 mm<\/strong>) e un peso gestibile (<strong>35 kg<\/strong>) assicurano la facilit\u00e0 di installazione e di funzionamento.<\/li>\n<li>Funziona con uno standard <strong>220V, 50Hz<\/strong> alimentazione.<\/li>\n<\/ul>\n<h2><strong>Conformit\u00e0 agli standard<\/strong><\/h2>\n<p>Il <strong>FTT-02 Tester di spessore del tessuto<\/strong> \u00e8 progettato per soddisfare e superare i requisiti dei seguenti standard globali:<\/p>\n<ul>\n<li><a href=\"https:\/\/www.iso.org\/standard\/23348.html\" target=\"_blank\" rel=\"noopener nofollow\"><strong>ISO 5084<\/strong><\/a>: Standard per la misurazione dello spessore dei tessuti sotto pressione specifica.<\/li>\n<li><a href=\"https:\/\/www.iso.org\/standard\/16652.html\" target=\"_blank\" rel=\"noopener nofollow\"><strong>ISO 9073-2<\/strong><\/a>: Determinazione dello spessore dei tessuti non tessuti.<\/li>\n<li><a href=\"https:\/\/www.iso.org\/standard\/59641.html\" target=\"_blank\" rel=\"noopener nofollow\"><strong>ISO 9863<\/strong><\/a>: Linee guida per la misurazione dello spessore dei geosintetici.<\/li>\n<li><a href=\"https:\/\/www.astm.org\/d1777-96r19.html\" target=\"_blank\" rel=\"noopener nofollow\"><strong>ASTM D1777<\/strong><\/a>: Metodi di misurazione dello spessore dei materiali tessili.<\/li>\n<li><strong>GB\/T 24218.2 E GB\/T 3820<\/strong>: Standard cinesi per la verifica dello spessore dei tessuti.<\/li>\n<li><strong>FZ\/T 01003 E FZ\/T 60004<\/strong>: Standard per prodotti tessili specifici nel mercato cinese.<\/li>\n<\/ul>\n<p>Queste certificazioni garantiscono che il tester sia adatto ad applicazioni nazionali e internazionali.<\/p>\n<h2><strong>Specifiche tecniche<\/strong><\/h2>\n<table>\n<thead>\n<tr>\n<th><strong>Parametro<\/strong><\/th>\n<th><strong>Dettagli<\/strong><\/th>\n<\/tr>\n<\/thead>\n<tbody>\n<tr>\n<td style=\"text-align: center;\">Campo di misura<\/td>\n<td style=\"text-align: center;\">0,001-25 mm<\/td>\n<\/tr>\n<tr>\n<td style=\"text-align: center;\">Risoluzione<\/td>\n<td style=\"text-align: center;\">0,001 mm<\/td>\n<\/tr>\n<tr>\n<td style=\"text-align: center;\">Piedino premistoffa (mm)<\/td>\n<td style=\"text-align: center;\">11.28, 50.48, 56.42, 112.84<\/td>\n<\/tr>\n<tr>\n<td style=\"text-align: center;\">Area di contatto (mm\u00b2)<\/td>\n<td style=\"text-align: center;\">\u03c6100, \u03c62000, \u03c62500, \u03c610000<\/td>\n<\/tr>\n<tr>\n<td style=\"text-align: center;\">Opzioni di peso (cN)<\/td>\n<td style=\"text-align: center;\">5, 10, 50, 100, 200, 500<\/td>\n<\/tr>\n<tr>\n<td style=\"text-align: center;\">Premere Impostazioni ora<\/td>\n<td style=\"text-align: center;\">10s, 30s<\/td>\n<\/tr>\n<tr>\n<td style=\"text-align: center;\">Dimensioni (mm)<\/td>\n<td style=\"text-align: center;\">410 \u00d7 160 \u00d7 395<\/td>\n<\/tr>\n<tr>\n<td style=\"text-align: center;\">Peso (kg)<\/td>\n<td style=\"text-align: center;\">35<\/td>\n<\/tr>\n<tr>\n<td style=\"text-align: center;\">Alimentazione<\/td>\n<td style=\"text-align: center;\">220V, 50Hz<\/td>\n<\/tr>\n<\/tbody>\n<\/table>\n<h2><strong>Come funziona il tester di spessore del tessuto<\/strong><\/h2>\n<ol>\n<li><strong>Preparazione del campione<\/strong>: Posizionare saldamente il campione di tessuto sulla piattaforma di prova.<\/li>\n<li><strong>Regolazione del piedino premistoffa<\/strong>: Scegliere la dimensione del piedino e l'area di contatto adeguate al materiale.<\/li>\n<li><strong>Peso e tempo di pressatura<\/strong>: Applicare il peso desiderato e impostare il tempo di pressione (10s o 30s).<\/li>\n<li><strong>Misurazione<\/strong>: Lo strumento misura lo spessore in base alle impostazioni specificate, fornendo risultati precisi che sono fondamentali per il controllo della qualit\u00e0.<\/li>\n<\/ol>\n<h2><strong>Vantaggi in vari settori<\/strong><\/h2>\n<ul>\n<li><strong>Industria tessile<\/strong>: Garantisce uno spessore costante del tessuto, migliorando la qualit\u00e0 e la durata del prodotto.<\/li>\n<li><strong>Dispositivi medici<\/strong>: Verifica l'uniformit\u00e0 dei materiali non tessuti utilizzati nelle maschere e nei camici chirurgici.<\/li>\n<li><strong>Materiali da imballaggio<\/strong>: Assicura uno spessore ottimale del materiale per prestazioni affidabili nelle applicazioni di imballaggio.<\/li>\n<li><strong>Ricerca e sviluppo<\/strong>: Sostiene lo sviluppo di materiali e prodotti innovativi.<\/li>\n<\/ul>\n<h2><strong>Servizi di personalizzazione e automazione<\/strong><\/h2>\n<p>Cell Instruments offre opzioni di personalizzazione per soddisfare requisiti di test unici, come pesi personalizzati, tempi di pressatura e servizi di trasformazione dell'automazione per ambienti ad alta produttivit\u00e0.<\/p>\n<p>Il <strong>FTT-02 Tester di spessore del tessuto<\/strong> \u00e8 uno strumento versatile e indispensabile per la misurazione dello spessore dei tessuti, che garantisce la conformit\u00e0 agli standard internazionali e soddisfa le rigorose esigenze di diversi settori industriali. Grazie alla sua precisione, alla flessibilit\u00e0 e al design robusto, consente alle aziende di ottenere una qualit\u00e0 e un'affidabilit\u00e0 superiori nei loro prodotti.<\/p>\n<h2><strong>Sezione FAQ<\/strong><\/h2>\n<ol>\n<li><strong>Quali materiali pu\u00f2 testare l'FTT-02?<\/strong><br \/>\nMisura lo spessore dei tessuti, delle maglie e dei non tessuti, compresi i tessuti SMS, spunlace e agugliati.<\/li>\n<li><strong>A quali standard \u00e8 conforme l'FTT-02?<\/strong><br \/>\nAderisce alle norme ISO 5084, ISO 9073-2, ASTM D1777 e a numerosi altri standard globali e regionali.<\/li>\n<li><strong>Il tester \u00e8 adatto alle applicazioni mediche?<\/strong><br \/>\nS\u00ec, \u00e8 ampiamente utilizzato per testare i tessuti non tessuti utilizzati per maschere chirurgiche, camici e altri materiali medici.<\/li>\n<li><strong>Il dispositivo pu\u00f2 essere personalizzato per esigenze specifiche?<\/strong><br \/>\nS\u00ec, Cell Instruments offre opzioni di personalizzazione per pesi, impostazioni e persino funzioni di automazione.<\/li>\n<li><strong>Perch\u00e9 \u00e8 importante testare lo spessore del tessuto?<\/strong><br \/>\nAssicura la coerenza dei materiali, migliora le prestazioni dei prodotti e garantisce la conformit\u00e0 agli standard industriali.<\/li>\n<\/ol>","protected":false},"excerpt":{"rendered":"<p>Il <strong>FTT-02 Tester di spessore del tessuto<\/strong> \u00e8 uno strumento di grande precisione progettato per misurare lo spessore di vari tessuti, tra cui non-tessuti melt-blown, spun-bonded, SMS (spun-bond\/melt-blown\/spun-bond), spunlace, agugliati, tessuti e maglieria. Progettato per garantire affidabilit\u00e0 e accuratezza, assicura la conformit\u00e0 agli standard di prova globali, rendendolo uno strumento essenziale per settori come quello tessile, dei dispositivi medici, dell'imballaggio e dell'ispezione della qualit\u00e0.<\/p>","protected":false},"featured_media":6302,"comment_status":"closed","ping_status":"closed","template":"","meta":{"site-sidebar-layout":"default","site-content-layout":"default","ast-global-header-display":"","ast-main-header-display":"","ast-hfb-above-header-display":"","ast-hfb-below-header-display":"","ast-hfb-mobile-header-display":"","site-post-title":"","ast-breadcrumbs-content":"","ast-featured-img":"","footer-sml-layout":"","theme-transparent-header-meta":"default","adv-header-id-meta":"","stick-header-meta":"","header-above-stick-meta":"","header-main-stick-meta":"","header-below-stick-meta":""},"product_cat":[95,953,956,955,845,1117,954,957,958,952,959,938,962,685,120,163,172],"product_tag":[],"class_list":{"0":"post-5401","1":"product","2":"type-product","3":"status-publish","4":"has-post-thumbnail","6":"product_cat-products","7":"product_cat-bursting-tester","8":"product_cat-cobb-tester","9":"product_cat-crush-tester","10":"product_cat-customization","11":"product_cat-iso-9863","12":"product_cat-paper-tear-tester","13":"product_cat-plybond-tester","14":"product_cat-puncture-tester","15":"product_cat-rub-tester","16":"product_cat-stiffness-tester","17":"product_cat-textile-tester","18":"product_cat-thickness-gauges","19":"product_cat-thickness-tester","20":"product_cat-astm-d1777","21":"product_cat-iso-5084","22":"product_cat-iso-9073-2","23":"desktop-align-left","24":"tablet-align-left","25":"mobile-align-left","27":"first","28":"instock","29":"shipping-taxable","30":"product-type-simple"},"_links":{"self":[{"href":"https:\/\/www.qualitester.com\/it\/wp-json\/wp\/v2\/product\/5401","targetHints":{"allow":["GET"]}}],"collection":[{"href":"https:\/\/www.qualitester.com\/it\/wp-json\/wp\/v2\/product"}],"about":[{"href":"https:\/\/www.qualitester.com\/it\/wp-json\/wp\/v2\/types\/product"}],"replies":[{"embeddable":true,"href":"https:\/\/www.qualitester.com\/it\/wp-json\/wp\/v2\/comments?post=5401"}],"version-history":[{"count":0,"href":"https:\/\/www.qualitester.com\/it\/wp-json\/wp\/v2\/product\/5401\/revisions"}],"wp:featuredmedia":[{"embeddable":true,"href":"https:\/\/www.qualitester.com\/it\/wp-json\/wp\/v2\/media\/6302"}],"wp:attachment":[{"href":"https:\/\/www.qualitester.com\/it\/wp-json\/wp\/v2\/media?parent=5401"}],"wp:term":[{"taxonomy":"product_cat","embeddable":true,"href":"https:\/\/www.qualitester.com\/it\/wp-json\/wp\/v2\/product_cat?post=5401"},{"taxonomy":"product_tag","embeddable":true,"href":"https:\/\/www.qualitester.com\/it\/wp-json\/wp\/v2\/product_tag?post=5401"}],"curies":[{"name":"wp","href":"https:\/\/api.w.org\/{rel}","templated":true}]}}