{"id":5398,"date":"2024-11-18T10:59:49","date_gmt":"2024-11-18T02:59:49","guid":{"rendered":"https:\/\/www.qualitester.com\/?post_type=product&#038;p=5398"},"modified":"2024-12-05T15:28:34","modified_gmt":"2024-12-05T07:28:34","slug":"sale-high-speed-unwinding-tester","status":"publish","type":"product","link":"https:\/\/www.qualitester.com\/it\/prodotto-2\/sale-high-speed-unwinding-tester\/","title":{"rendered":"HSU-01 Tester di svolgimento ad alta velocit\u00e0"},"content":{"rendered":"<p>Il <strong>HSU-01 Tester di svolgimento ad alta velocit\u00e0<\/strong> \u00e8 uno strumento avanzato progettato per misurare la forza necessaria per srotolare i nastri adesivi dai loro rotoli a una velocit\u00e0 elevata e controllata. Questo dispositivo innovativo \u00e8 fondamentale per l'assicurazione della qualit\u00e0, in quanto garantisce che i nastri adesivi soddisfino gli standard industriali e funzionino in modo affidabile durante l'applicazione. Dall'imballaggio all'industria automobilistica, medicale ed elettronica, l'HSU-01 \u00e8 la soluzione ideale per il test della forza di srotolamento.<\/p>\n<h2>Applicazioni<\/h2>\n<p>Le prove di forza di srotolamento valutano il comportamento dei nastri adesivi in condizioni realistiche. Ci\u00f2 garantisce una qualit\u00e0 costante e la conformit\u00e0 agli standard industriali in applicazioni quali:<\/p>\n<ul>\n<li><strong>Imballaggio<\/strong>: Garantire le prestazioni del nastro durante la sigillatura e lo stoccaggio.<\/li>\n<li><strong>Dispositivi medici<\/strong>: Garantire l'affidabilit\u00e0 dell'adesivo nelle applicazioni sanitarie critiche.<\/li>\n<li><strong>Automotive<\/strong>: Valutazione della durata del nastro per l'assemblaggio e la riparazione.<\/li>\n<li><strong>Elettronica<\/strong>: Nastri di convalida per l'isolamento e la protezione dei componenti.<\/li>\n<\/ul>\n<h2>Standard e metodi di prova<\/h2>\n<p>Il <strong>HSU-01 Tester di svolgimento ad alta velocit\u00e0<\/strong>\u00a0\u00e8 conforme ai principali standard industriali:<\/p>\n<h3>PSTC-13:<\/h3>\n<p>Il gold standard per il test dei nastri adesivi, che garantisce una misurazione accurata della forza di svolgimento ad alta velocit\u00e0 per mantenere la coerenza del prodotto.<\/p>\n<h3>ASTM D1000:<\/h3>\n<p>Definisce i metodi di prova per i nastri sensibili alla pressione utilizzati nelle applicazioni elettriche ed elettroniche.<\/p>\n<h3>EN 12026:<\/h3>\n<p>Copre la durata dei nastri adesivi nei mercati europei.<\/p>\n<h3>AFERA 4008:<\/h3>\n<p>Standard per la valutazione delle prestazioni dei nastri adesivi secondo le linee guida europee.<\/p>\n<p><strong>Metodi di prova:<\/strong><\/p>\n<ul>\n<li>Fissare un'estremit\u00e0 del nastro a un fuso o a un mandrino rotante per simulare lo svolgimento reale.<\/li>\n<li>L'altra estremit\u00e0 viene ancorata e il tester srotola il nastro a una velocit\u00e0 prestabilita (misurata in IPM o mm\/s).<\/li>\n<li>Misurare e registrare la forza necessaria per mantenere il movimento, comprese le forze massime e medie.<\/li>\n<\/ul>\n<hr \/>\n<h2>Caratteristiche principali del tester di svolgimento ad alta velocit\u00e0 HSU-01<\/h2>\n<h3>Design e funzionalit\u00e0 avanzate<\/h3>\n<p>L'HSU-01 \u00e8 uno strumento appositamente costruito per effettuare test di precisione. Fornisce dati in tempo reale e informazioni dettagliate sul comportamento dei nastri adesivi ad alta velocit\u00e0.<\/p>\n<h3>Specifiche tecniche:<\/h3>\n<table style=\"height: 274px;\" width=\"573\">\n<tbody>\n<tr>\n<td width=\"133\">Dimensione del campione<\/td>\n<td width=\"660\">Diametro bobina 75 mm, larghezza 75 mm. Diametro esterno massimo 300 mm (personalizzazione disponibile)<\/td>\n<\/tr>\n<tr>\n<td width=\"133\">Cella di carico<\/td>\n<td width=\"660\">10 kg, 20 kg e 50 kg sono opzionali.<\/td>\n<\/tr>\n<tr>\n<td width=\"133\">Risoluzione della forza<\/td>\n<td width=\"660\">0.01N<\/td>\n<\/tr>\n<tr>\n<td width=\"133\">Motore<\/td>\n<td width=\"660\">Tipo di servo<\/td>\n<\/tr>\n<tr>\n<td width=\"133\">Controllo<\/td>\n<td width=\"660\">PLC e HMI touch screen<\/td>\n<\/tr>\n<tr>\n<td width=\"133\">Potenza<\/td>\n<td width=\"660\">AC 110~220V 50Hz<\/td>\n<\/tr>\n<\/tbody>\n<\/table>\n<h3>Efficienza e affidabilit\u00e0<\/h3>\n<ul>\n<li>Test stabili ad alte velocit\u00e0 predefinite.<\/li>\n<li>Misurazioni accurate assicurano la qualit\u00e0 del prodotto e la conformit\u00e0 agli standard, come ad esempio <strong>PSTC-13<\/strong>.<\/li>\n<li>Il robusto servomotore e i sistemi di controllo avanzati garantiscono risultati costanti.<\/li>\n<\/ul>\n<h2>Vantaggi dell'HSU-01<\/h2>\n<h3>Garanzia di qualit\u00e0 migliorata<\/h3>\n<p>Misurando con precisione la forza di svolgimento, l'HSU-01 aiuta i produttori a mantenere standard di alta qualit\u00e0, garantendo che i loro prodotti soddisfino le aspettative dei clienti e i requisiti del settore.<\/p>\n<h3>Personalizzazione e flessibilit\u00e0<\/h3>\n<p>Il tester pu\u00f2 essere adattato alle varie dimensioni del nastro, alle capacit\u00e0 delle celle di carico e alle esigenze applicative.<\/p>\n<h3>Funzionamento facile da usare<\/h3>\n<p>Grazie al controllo PLC e al touch screen HMI, l'HSU-01 garantisce facilit\u00e0 di impostazione, funzionamento e analisi dei dati.<\/p>\n<h2>Domande frequenti<\/h2>\n<p><strong>1. Qual \u00e8 la funzione principale del tester di svolgimento ad alta velocit\u00e0 HSU-01?<\/strong><br \/>\nL'HSU-01 misura la forza necessaria per srotolare i nastri adesivi ad alta velocit\u00e0, garantendo la qualit\u00e0 e la costanza delle prestazioni.<\/p>\n<p><strong>2. Perch\u00e9 \u00e8 essenziale testare la forza di svolgimento?<\/strong><br \/>\nIl test della forza di srotolamento garantisce l'affidabilit\u00e0 del nastro adesivo durante l'applicazione, aiutando i produttori a rispettare gli standard industriali come il PSTC-13.<\/p>\n<p><strong>3. Quali industrie utilizzano il test della forza di svolgimento?<\/strong><br \/>\nSettori come l'imballaggio, l'automotive, il medicale e l'elettronica si affidano a questi test per garantire le prestazioni dei prodotti.<\/p>\n<p><strong>4. Cosa distingue l'HSU-01 dagli altri tester?<\/strong><br \/>\nL'HSU-01 offre una precisione senza pari, opzioni personalizzabili e controlli intuitivi, supportati dalla tecnologia PLC e HMI.<\/p>\n<p><strong>5. L'HSU-01 pu\u00f2 essere personalizzato?<\/strong><br \/>\nS\u00ec, l'HSU-01 pu\u00f2 essere personalizzato per soddisfare requisiti di prova specifici, tra cui le dimensioni delle bobine, le capacit\u00e0 delle celle di carico e le velocit\u00e0 di prova.<\/p>\n<p>Il <strong>HSU-01 Tester di svolgimento ad alta velocit\u00e0<\/strong>\u00a0\u00e8 una soluzione all'avanguardia per le prove di forza di svolgimento. Conforme a standard come <strong>PSTC-13<\/strong>, garantisce le prestazioni e la qualit\u00e0 dei nastri adesivi in diversi settori industriali. Grazie alle sue funzioni avanzate, ai controlli di facile utilizzo e alle opzioni di personalizzazione, l'HSU-01 \u00e8 lo strumento definitivo per i produttori impegnati nell'eccellenza del controllo qualit\u00e0.<\/p>\n<div id=\"gtx-anchor\" style=\"position: absolute; visibility: hidden; left: 475.688px; top: 26px; width: 84px; height: 19px;\"><\/div>\n<div class=\"jfk-bubble gtx-bubble\" style=\"visibility: visible; left: -150px; top: 55px; opacity: 1;\" role=\"alertdialog\" aria-describedby=\"bubble-12\">\n<div id=\"bubble-12\" class=\"jfk-bubble-content-id\">\n<div id=\"gtx-host\" style=\"min-width: 200px; max-width: 400px;\"><\/div>\n<\/div>\n<div class=\"jfk-bubble-closebtn-id jfk-bubble-closebtn\" tabindex=\"0\" role=\"button\" aria-label=\"Chiudere\"><\/div>\n<div class=\"jfk-bubble-arrow-id jfk-bubble-arrow jfk-bubble-arrowup\" style=\"left: 517.688px;\">\n<div class=\"jfk-bubble-arrowimplbefore\"><\/div>\n<div class=\"jfk-bubble-arrowimplafter\"><\/div>\n<\/div>\n<\/div>","protected":false},"excerpt":{"rendered":"<p>Il <strong>HSU-01 Tester di svolgimento ad alta velocit\u00e0<\/strong> \u00e8 uno strumento avanzato progettato per misurare la forza necessaria per srotolare i nastri adesivi dai loro rotoli a una velocit\u00e0 elevata e controllata. Questo dispositivo innovativo \u00e8 fondamentale per l'assicurazione della qualit\u00e0, in quanto garantisce che i nastri adesivi soddisfino gli standard industriali e funzionino in modo affidabile durante l'applicazione. Dall'imballaggio all'industria automobilistica, medicale ed elettronica, l'HSU-01 \u00e8 la soluzione ideale per il test della forza di srotolamento.<\/p>","protected":false},"featured_media":6296,"comment_status":"closed","ping_status":"closed","template":"","meta":{"site-sidebar-layout":"default","site-content-layout":"default","ast-global-header-display":"","ast-main-header-display":"","ast-hfb-above-header-display":"","ast-hfb-below-header-display":"","ast-hfb-mobile-header-display":"","site-post-title":"","ast-breadcrumbs-content":"","ast-featured-img":"","footer-sml-layout":"","theme-transparent-header-meta":"default","adv-header-id-meta":"","stick-header-meta":"","header-above-stick-meta":"","header-main-stick-meta":"","header-below-stick-meta":""},"product_cat":[953,956,955,845,947,954,957,1116,958,952,959,673,118,95],"product_tag":[],"class_list":{"0":"post-5398","1":"product","2":"type-product","3":"status-publish","4":"has-post-thumbnail","6":"product_cat-bursting-tester","7":"product_cat-cobb-tester","8":"product_cat-crush-tester","9":"product_cat-customization","10":"product_cat-high-speed-unwinding-force","11":"product_cat-paper-tear-tester","12":"product_cat-plybond-tester","13":"product_cat-pstc-13","14":"product_cat-puncture-tester","15":"product_cat-rub-tester","16":"product_cat-stiffness-tester","17":"product_cat-adhesive-tester","18":"product_cat-astm-d1000","19":"product_cat-products","20":"desktop-align-left","21":"tablet-align-left","22":"mobile-align-left","24":"first","25":"instock","26":"shipping-taxable","27":"product-type-simple"},"_links":{"self":[{"href":"https:\/\/www.qualitester.com\/it\/wp-json\/wp\/v2\/product\/5398","targetHints":{"allow":["GET"]}}],"collection":[{"href":"https:\/\/www.qualitester.com\/it\/wp-json\/wp\/v2\/product"}],"about":[{"href":"https:\/\/www.qualitester.com\/it\/wp-json\/wp\/v2\/types\/product"}],"replies":[{"embeddable":true,"href":"https:\/\/www.qualitester.com\/it\/wp-json\/wp\/v2\/comments?post=5398"}],"version-history":[{"count":0,"href":"https:\/\/www.qualitester.com\/it\/wp-json\/wp\/v2\/product\/5398\/revisions"}],"wp:featuredmedia":[{"embeddable":true,"href":"https:\/\/www.qualitester.com\/it\/wp-json\/wp\/v2\/media\/6296"}],"wp:attachment":[{"href":"https:\/\/www.qualitester.com\/it\/wp-json\/wp\/v2\/media?parent=5398"}],"wp:term":[{"taxonomy":"product_cat","embeddable":true,"href":"https:\/\/www.qualitester.com\/it\/wp-json\/wp\/v2\/product_cat?post=5398"},{"taxonomy":"product_tag","embeddable":true,"href":"https:\/\/www.qualitester.com\/it\/wp-json\/wp\/v2\/product_tag?post=5398"}],"curies":[{"name":"wp","href":"https:\/\/api.w.org\/{rel}","templated":true}]}}