{"id":5345,"date":"2024-11-14T11:12:56","date_gmt":"2024-11-14T03:12:56","guid":{"rendered":"https:\/\/www.qualitester.com\/?post_type=product&#038;p=5345"},"modified":"2024-12-05T15:21:34","modified_gmt":"2024-12-05T07:21:34","slug":"sale-taber-stiffness-tester-for-paper","status":"publish","type":"product","link":"https:\/\/www.qualitester.com\/it\/prodotto-2\/sale-taber-stiffness-tester-for-paper\/","title":{"rendered":"Tester di rigidit\u00e0 Taber WTD-02"},"content":{"rendered":"<p>Il <strong>Tester di rigidit\u00e0 Taber<\/strong> \u00e8 uno strumento essenziale progettato per valutare la resistenza alla flessione di carta, cartone e altri materiali ad alto peso. Con applicazioni in settori quali l'imballaggio, i dispositivi medici, l'elettronica e l'ispezione della qualit\u00e0, questo strumento aiuta i produttori a garantire la durata e l'integrit\u00e0 strutturale dei prodotti. Il tester di rigidit\u00e0 Taber fornisce misure accurate e affidabili, rendendolo ideale per i processi di garanzia della qualit\u00e0 in cui i dati precisi sulla rigidit\u00e0 sono fondamentali.<\/p>\n<h2>Applicazioni del tester di rigidit\u00e0 Taber<\/h2>\n<p>Il tester di rigidit\u00e0 Taber \u00e8 ampiamente utilizzato per misurare la rigidit\u00e0 dei materiali che richiedono una forte resistenza alla flessione, come i materiali da imballaggio, le etichette e gli strati strutturali dei dispositivi elettronici e medici. Grazie alla sua capacit\u00e0 di valutare con precisione la resistenza alla flessione dei materiali, aiuta le industrie a garantire la conformit\u00e0 agli standard di prestazione, la longevit\u00e0 dei prodotti e la coerenza della qualit\u00e0 degli imballaggi.<\/p>\n<h2>Principio di prova e processo di misurazione<\/h2>\n<p>Il <strong>Tester di rigidit\u00e0 Taber<\/strong> funziona bloccando un campione di prova e piegandolo attraverso un angolo predeterminato per misurare il momento flettente risultante. Il momento flettente, espresso in millinewton metri (mN-m), riflette direttamente la rigidit\u00e0 del materiale. Per i materiali generici, l'angolo standard \u00e8 di 15\u00b0, mentre \u00e8 disponibile un angolo di 7,5\u00b0 per i materiali sensibili che tendono a deformarsi in modo permanente con angoli maggiori. Il design del tester di rigidit\u00e0 Taber assicura una lunghezza e una velocit\u00e0 di piegatura precise, garantendo risultati coerenti per il controllo qualit\u00e0 e la ricerca.<\/p>\n<h2>Standard chiave conformi al test di rigidit\u00e0 Taber<\/h2>\n<p>Il <strong>Tester di rigidit\u00e0 Taber<\/strong> soddisfa diversi standard industriali, garantendo versatilit\u00e0 e affidabilit\u00e0 in vari ambienti di prova:<\/p>\n<ul>\n<li><a href=\"https:\/\/www.astm.org\/d5342-97r07.html\" target=\"_blank\" rel=\"noopener nofollow\"><strong>ASTM D5342<\/strong><\/a>: Questo standard \u00e8 ampiamente utilizzato per misurare la rigidit\u00e0 di carta e cartone, offrendo preziose indicazioni sulla resistenza alla flessione del materiale e sulla sua idoneit\u00e0 all'imballaggio.<\/li>\n<li><a href=\"https:\/\/www.astm.org\/d5650-97r02.html\" target=\"_blank\" rel=\"noopener nofollow\"><strong>ASTM D5650<\/strong><\/a>: Specifica i requisiti per la verifica della rigidit\u00e0 dei prodotti di carta ad alto peso, comunemente utilizzati per l'imballaggio di beni industriali e di consumo.<\/li>\n<li><a href=\"https:\/\/www.astm.org\/d3301-00.html\" target=\"_blank\" rel=\"noopener nofollow\"><strong>ASTM D3301<\/strong><\/a>: Definisce i metodi per misurare la resistenza alla flessione di diversi tipi di carta, aiutando i produttori a ottenere una qualit\u00e0 costante.<\/li>\n<li><strong>BS ISO 2493.2 &amp; ISO 2493.2<\/strong>: Questi standard si applicano alla misurazione della rigidit\u00e0 di flessione su scala globale, fornendo un punto di riferimento per la qualit\u00e0 internazionale.<\/li>\n<li><strong>JIS P8125.2<\/strong>: Utilizzato nelle industrie giapponesi, questo standard offre linee guida specifiche per le prove di rigidit\u00e0 dei prodotti a base di carta.<\/li>\n<li><strong>TAPPI T489<\/strong>: Uno standard nordamericano a cui si fa spesso riferimento nell'industria del cartone, in particolare per gli imballaggi.<\/li>\n<li><strong>TAPPI T566<\/strong>: Questo standard definisce i metodi di prova per la flessibilit\u00e0 e la rigidit\u00e0 dei materiali ad alto peso, garantendo la durata nelle applicazioni di imballaggio.<\/li>\n<\/ul>\n<h2>Principali caratteristiche tecniche<\/h2>\n<table>\n<tbody>\n<tr>\n<td style=\"text-align: center;\" width=\"117\">Campo di prova<\/td>\n<td style=\"text-align: center;\" width=\"196\">1~500 mN.m (in 7 intervalli)<\/td>\n<\/tr>\n<tr>\n<td style=\"text-align: center;\" width=\"117\">Errore di indicazione<\/td>\n<td style=\"text-align: center;\" width=\"196\">\u00b12%<\/td>\n<\/tr>\n<tr>\n<td style=\"text-align: center;\" width=\"117\">Lunghezza di curvatura<\/td>\n<td style=\"text-align: center;\" width=\"196\">50 mm\u00b10,1 mm<\/td>\n<\/tr>\n<tr>\n<td style=\"text-align: center;\" width=\"117\">Velocit\u00e0 di test<\/td>\n<td style=\"text-align: center;\" width=\"196\">\uff08200\u00b0\u00b120\u00b0\uff09\/min<\/td>\n<\/tr>\n<tr>\n<td style=\"text-align: center;\" width=\"117\">angolo di curvatura<\/td>\n<td style=\"text-align: center;\" width=\"196\">15\u00b0\u00b10,3\u00b0 e 7,5\u00b0\u00b10,3\u00b0<\/td>\n<\/tr>\n<tr>\n<td style=\"text-align: center;\" width=\"117\">\u00a0Dimensione del campione<\/td>\n<td style=\"text-align: center;\" width=\"196\">38*70 mm<\/td>\n<\/tr>\n<tr>\n<td style=\"text-align: center;\" width=\"117\">Dimensione<\/td>\n<td style=\"text-align: center;\" width=\"196\">220*230*350 mm<\/td>\n<\/tr>\n<tr>\n<td style=\"text-align: center;\" width=\"117\">Peso netto<\/td>\n<td style=\"text-align: center;\" width=\"196\">15 kg<\/td>\n<\/tr>\n<tr>\n<td style=\"text-align: center;\" width=\"117\">Potenza<\/td>\n<td style=\"text-align: center;\" width=\"196\">AC 220V 50Hz<\/td>\n<\/tr>\n<\/tbody>\n<\/table>\n<h2>Vantaggi dell'uso del tester di rigidit\u00e0 Taber<\/h2>\n<ol>\n<li><strong>Alta precisione<\/strong>: Con un margine di errore di soli \u00b12%, il tester di rigidit\u00e0 Taber fornisce misure affidabili e precise per il controllo della qualit\u00e0.<\/li>\n<li><strong>Conformit\u00e0 agli standard<\/strong>: Conforme agli standard ASTM, ISO, JIS e TAPPI, soddisfa un'ampia gamma di esigenze normative e si adatta a diversi settori.<\/li>\n<li><strong>Design facile da usare<\/strong>: Gli angoli di piegatura regolabili e le dimensioni compatte ne facilitano l'integrazione in laboratorio e in produzione.<\/li>\n<\/ol>\n<h2>Come il tester di rigidit\u00e0 Taber migliora il controllo di qualit\u00e0<\/h2>\n<p>Misurando la resistenza alla flessione dei materiali da imballaggio e di altri prodotti ad alto peso, il tester di rigidit\u00e0 Taber aiuta i produttori a garantire che i loro prodotti soddisfino gli standard industriali di durata e integrit\u00e0 strutturale. Questo strumento svolge un ruolo cruciale nel controllo qualit\u00e0 dei settori dell'imballaggio, alimentare, medicale e dei beni di consumo, consentendo alle aziende di garantire la qualit\u00e0 e le prestazioni dei prodotti.<\/p>\n<h2>Domande frequenti<\/h2>\n<p><strong>D1: Quali materiali possono essere testati con il tester di rigidit\u00e0 Taber?<\/strong><br \/>\n<em>Il tester di rigidit\u00e0 Taber \u00e8 progettato per carta, cartone e materiali simili ad alto peso utilizzati in applicazioni strutturali e di imballaggio.<\/em><\/p>\n<p><strong>D2: Come viene espressa la resistenza alla flessione nei risultati dei test?<\/strong><br \/>\n<em>La resistenza alla flessione viene registrata come momento flettente, misurato in millinewton metri (mN-m).<\/em><\/p>\n<p><strong>D3: Qual \u00e8 la differenza tra gli angoli di flessione di 15\u00b0 e 7,5\u00b0?<\/strong><br \/>\n<em>L'angolo di 15\u00b0 \u00e8 standard per la maggior parte dei materiali, mentre l'angolo di 7,5\u00b0 \u00e8 utilizzato per i materiali che potrebbero deformarsi se piegati con angoli maggiori.<\/em><\/p>\n<p><strong>D4: A quali standard \u00e8 conforme questo tester?<\/strong><br \/>\n<em>Il Tester di rigidit\u00e0 Taber \u00e8 conforme alle norme ASTM D5342, ASTM D5650, ASTM D3301, BS ISO 2493.2, ISO 2493.2, JIS P8125.2, TAPPI T489 e TAPPI T566.<\/em><\/p>\n<p><strong>D5: Quali settori industriali utilizzano comunemente il tester di rigidit\u00e0 Taber?<\/strong><br \/>\n<em>Settori come l'imballaggio, la farmaceutica, l'alimentare, l'elettronica e l'ispezione della qualit\u00e0 utilizzano spesso il tester di rigidit\u00e0 Taber per garantire l'integrit\u00e0 del prodotto.<\/em><\/p>","protected":false},"excerpt":{"rendered":"<p>Il <strong>Tester di rigidit\u00e0 Taber<\/strong> \u00e8 uno strumento essenziale progettato per valutare la resistenza alla flessione di carta, cartone e altri materiali ad alto peso. Con applicazioni in settori quali l'imballaggio, i dispositivi medici, l'elettronica e l'ispezione della qualit\u00e0, questo strumento aiuta i produttori a garantire la durata e l'integrit\u00e0 strutturale dei prodotti. Il tester di rigidit\u00e0 Taber fornisce misure accurate e affidabili, rendendolo ideale per i processi di garanzia della qualit\u00e0 in cui i dati precisi sulla rigidit\u00e0 sono fondamentali.<\/p>","protected":false},"featured_media":6292,"comment_status":"closed","ping_status":"closed","template":"","meta":{"site-sidebar-layout":"default","site-content-layout":"default","ast-global-header-display":"","ast-main-header-display":"","ast-hfb-above-header-display":"","ast-hfb-below-header-display":"","ast-hfb-mobile-header-display":"","site-post-title":"","ast-breadcrumbs-content":"","ast-featured-img":"","footer-sml-layout":"","theme-transparent-header-meta":"default","adv-header-id-meta":"","stick-header-meta":"","header-above-stick-meta":"","header-main-stick-meta":"","header-below-stick-meta":""},"product_cat":[1096,1094,1095,845,1097,1171,1098,1099,44,95],"product_tag":[],"class_list":{"0":"post-5345","1":"product","2":"type-product","3":"status-publish","4":"has-post-thumbnail","6":"product_cat-astm-d3301","7":"product_cat-astm-d5342","8":"product_cat-astm-d5650","9":"product_cat-customization","10":"product_cat-iso-2493-2","11":"product_cat-jis-p8125-2","12":"product_cat-tappi-t489","13":"product_cat-tappi-t566","14":"product_cat-paper-and-board-testers","15":"product_cat-products","16":"desktop-align-left","17":"tablet-align-left","18":"mobile-align-left","20":"first","21":"instock","22":"shipping-taxable","23":"product-type-simple"},"_links":{"self":[{"href":"https:\/\/www.qualitester.com\/it\/wp-json\/wp\/v2\/product\/5345","targetHints":{"allow":["GET"]}}],"collection":[{"href":"https:\/\/www.qualitester.com\/it\/wp-json\/wp\/v2\/product"}],"about":[{"href":"https:\/\/www.qualitester.com\/it\/wp-json\/wp\/v2\/types\/product"}],"replies":[{"embeddable":true,"href":"https:\/\/www.qualitester.com\/it\/wp-json\/wp\/v2\/comments?post=5345"}],"version-history":[{"count":0,"href":"https:\/\/www.qualitester.com\/it\/wp-json\/wp\/v2\/product\/5345\/revisions"}],"wp:featuredmedia":[{"embeddable":true,"href":"https:\/\/www.qualitester.com\/it\/wp-json\/wp\/v2\/media\/6292"}],"wp:attachment":[{"href":"https:\/\/www.qualitester.com\/it\/wp-json\/wp\/v2\/media?parent=5345"}],"wp:term":[{"taxonomy":"product_cat","embeddable":true,"href":"https:\/\/www.qualitester.com\/it\/wp-json\/wp\/v2\/product_cat?post=5345"},{"taxonomy":"product_tag","embeddable":true,"href":"https:\/\/www.qualitester.com\/it\/wp-json\/wp\/v2\/product_tag?post=5345"}],"curies":[{"name":"wp","href":"https:\/\/api.w.org\/{rel}","templated":true}]}}