{"id":5335,"date":"2024-11-13T11:57:32","date_gmt":"2024-11-13T03:57:32","guid":{"rendered":"https:\/\/www.qualitester.com\/?post_type=product&#038;p=5335"},"modified":"2024-12-05T15:11:48","modified_gmt":"2024-12-05T07:11:48","slug":"sale-paper-vertical-tensile-tester","status":"publish","type":"product","link":"https:\/\/www.qualitester.com\/it\/prodotto-2\/sale-paper-vertical-tensile-tester\/","title":{"rendered":"TST-V Tester di trazione verticale"},"content":{"rendered":"<h2><strong>Introduzione alle prove di trazione verticale della carta<\/strong><\/h2>\n<p>Il <strong>Tester di trazione verticale per carta<\/strong> (TST-V) \u00e8 uno strumento di prova altamente specializzato progettato per valutare le propriet\u00e0 meccaniche dei materiali cartacei, tra cui cartone, carta tissue e altri prodotti a base di carta. Svolge un ruolo fondamentale nell'industria della carta e degli imballaggi, misurando propriet\u00e0 chiave come la resistenza alla trazione, l'allungamento alla forza massima, l'assorbimento dell'energia di trazione e la rigidit\u00e0 di trazione. Grazie alla determinazione di queste propriet\u00e0, i produttori possono garantire che i loro prodotti soddisfino i pi\u00f9 severi standard di prestazione e di qualit\u00e0, soprattutto nelle applicazioni di imballaggio, mediche e alimentari.<\/p>\n<h2><strong>Principio di prova della prova di trazione verticale della carta<\/strong><\/h2>\n<p>Il TST-V funziona allungando un provino a un tasso di allungamento costante fino alla sua rottura. Durante questo processo, lo strumento misura e registra continuamente la forza di trazione in relazione all'allungamento del provino. Da questi dati, il <strong>resistenza alla trazione<\/strong>, <strong>allungamento alla forza massima<\/strong>, e <strong>assorbimento dell'energia di trazione<\/strong> possono essere calcolati. Questi valori sono essenziali per valutare le prestazioni del materiale nelle applicazioni reali, come la durata dell'imballaggio, l'estensibilit\u00e0 e la resistenza complessiva.<\/p>\n<hr \/>\n<h2><strong>ISO 1924 e la sua rilevanza per i test sulla carta<\/strong><\/h2>\n<h3><strong>Panoramica degli standard ISO 1924<\/strong><\/h3>\n<p>La norma ISO 1924 \u00e8 un insieme di standard riconosciuti a livello internazionale che fornisce le linee guida per testare le propriet\u00e0 di trazione di carta e cartone. Il rispetto di questi standard garantisce risultati coerenti e affidabili, fondamentali per mantenere il controllo di qualit\u00e0 nella produzione della carta. La ISO 1924 comprende le seguenti parti fondamentali:<\/p>\n<ul>\n<li><a href=\"https:\/\/www.iso.org\/standard\/6616.html\" target=\"_blank\" rel=\"noopener nofollow\"><strong>ISO 1924-1<\/strong><\/a>: Principi generali e definizioni per le prove di trazione della carta.<\/li>\n<li><a href=\"https:\/\/www.iso.org\/standard\/41397.html\" target=\"_blank\" rel=\"noopener nofollow\"><strong>ISO 1924-2<\/strong><\/a>: Metodi per la determinazione della resistenza alla trazione e dell'allungamento della carta.<\/li>\n<li><a href=\"https:\/\/www.iso.org\/standard\/32206.html\" rel=\"nofollow noopener\" target=\"_blank\"><strong>ISO 1924-3<\/strong><\/a>: Linee guida per il calcolo dell'indice di trazione e dell'indice di assorbimento energetico.<\/li>\n<\/ul>\n<p>Questi standard sono essenziali per garantire che i prodotti cartacei soddisfino i parametri di riferimento del settore in termini di qualit\u00e0 e prestazioni. Seguendo queste linee guida, i risultati dei test diventano standardizzati a livello globale, consentendo alle aziende di produrre materiali coerenti per qualit\u00e0 e durata.<\/p>\n<h3><strong>Come il modello TST-V \u00e8 conforme alla norma ISO 1924<\/strong><\/h3>\n<p>Il <strong>TST-V Tester verticale per carta<\/strong> \u00e8 pienamente conforme a <strong>ISO 1924<\/strong> e fornisce misure accurate e ripetibili in conformit\u00e0 ai protocolli di prova internazionali. Questo lo rende la scelta ideale per le aziende del settore della carta e dell'imballaggio che devono rispettare gli standard di qualit\u00e0 globali. Che si tratti di prove di resistenza alla trazione, allungamento a rottura o assorbimento di energia, il TST-V garantisce risultati conformi agli standard ISO per le prove sulla carta.<\/p>\n<hr \/>\n<h2><strong>Caratteristiche principali del tester verticale per carta TST-V<\/strong><\/h2>\n<ul>\n<li><strong>Capacit\u00e0 di test di precisione<\/strong>: Il TST-V \u00e8 dotato di un <strong>meccanismo di precisione con vite a ricircolo di sfere<\/strong>, assicurando che la velocit\u00e0 di allungamento e lo spostamento siano controllati con elevata precisione.<\/li>\n<li><strong>Funzionamento facile da usare<\/strong>: Lo strumento \u00e8 dotato di un <strong>Touch screen HMI da 7 pollici<\/strong>che offre un'interfaccia intuitiva e facile da usare per un funzionamento senza problemi, anche per gli utenti con un'esperienza minima.<\/li>\n<li><strong>Velocit\u00e0 di test regolabile<\/strong>: La velocit\u00e0 del test \u00e8 altamente regolabile, da <strong>Da 1 mm\/min a 500 mm\/min<\/strong>che consente di personalizzare il processo di analisi in base alle propriet\u00e0 del materiale.<\/li>\n<li><strong>Compatibilit\u00e0 versatile con gli apparecchi<\/strong>: Il TST-V \u00e8 compatibile con un'ampia gamma di attrezzature, che gli consentono di trattare diversi campioni di carta, dalla carta velina sottile al cartone pi\u00f9 spesso.<\/li>\n<li><strong>Alta stabilit\u00e0<\/strong>: Il sistema funziona con <strong>Controllo PLC<\/strong>garantendo prestazioni stabili e affidabili e riducendo al minimo gli errori durante i test.<\/li>\n<li><strong>Caratteristiche automatiche<\/strong>: Il tester \u00e8 dotato di un dispositivo di limitazione e di una funzione di ritorno automatico, per aumentare la sicurezza e la convenienza durante i test.<\/li>\n<li><strong>Accessori opzionali<\/strong>: Accessori aggiuntivi come una microstampante e una porta RS232 con software professionale (opzionale) offrono una maggiore flessibilit\u00e0 per l'analisi dei dati e la creazione di rapporti.<\/li>\n<\/ul>\n<hr \/>\n<h2><strong>Applicazioni del Tester verticale per carta<\/strong><\/h2>\n<p>Il <strong>TST-V Tester verticale per carta<\/strong> \u00e8 ideale per i settori in cui le propriet\u00e0 della carta sono fondamentali per le prestazioni dei prodotti. Le sue applicazioni includono:<\/p>\n<ul>\n<li><strong>Industria dell'imballaggio<\/strong>: Indispensabile per testare la durata e la resistenza dei materiali di imballaggio, per garantire che possano resistere alle sollecitazioni durante il trasporto e la movimentazione.<\/li>\n<li><strong>Produzione di carta tissue<\/strong>: Utilizzato per testare la resistenza alla trazione e la flessibilit\u00e0 dei prodotti in carta tissue, fondamentali per garantire la qualit\u00e0 e la soddisfazione degli utenti.<\/li>\n<li><strong>Produzione di cartone<\/strong>: Aiuta a valutare la resistenza e l'allungamento del cartone, utilizzato nella produzione di imballaggi e contenitori.<\/li>\n<li><strong>Ricerca e sviluppo<\/strong>: Ideale per i reparti di ricerca e sviluppo che desiderano sviluppare nuovi prodotti cartacei o migliorare le prestazioni dei materiali esistenti.<\/li>\n<\/ul>\n<hr \/>\n<h2><strong>Specifiche tecniche<\/strong><\/h2>\n<table>\n<tbody>\n<tr>\n<td style=\"text-align: center;\" colspan=\"2\" rowspan=\"1\" width=\"381\"><strong>TST-V Tester di trazione verticale<\/strong><\/td>\n<\/tr>\n<tr>\n<td style=\"text-align: center;\" width=\"209\">Campo di misura<\/td>\n<td style=\"text-align: center;\" width=\"172\">500N o come richiesto<\/td>\n<\/tr>\n<tr>\n<td style=\"text-align: center;\" width=\"209\">Gamma di allungamento<\/td>\n<td style=\"text-align: center;\" width=\"172\">800 mm<\/td>\n<\/tr>\n<tr>\n<td style=\"text-align: center;\" width=\"209\">Velocit\u00e0 di allungamento<\/td>\n<td style=\"text-align: center;\" width=\"172\">1~500 mm\/min<\/td>\n<\/tr>\n<tr>\n<td style=\"text-align: center;\" width=\"209\">Accuratezza della velocit\u00e0 del test<\/td>\n<td style=\"text-align: center;\" width=\"172\">\u00b10,1 mm\/min<\/td>\n<\/tr>\n<tr>\n<td style=\"text-align: center;\" width=\"209\">Precisione della forza<\/td>\n<td style=\"text-align: center;\" width=\"172\">0,5% F.S.<\/td>\n<\/tr>\n<tr>\n<td style=\"text-align: center;\" width=\"209\">Precisione della forza<\/td>\n<td style=\"text-align: center;\" width=\"172\">\u00b10,1% (20~100%FS)<\/td>\n<\/tr>\n<tr>\n<td style=\"text-align: center;\" width=\"209\">Risoluzione della deformazione<\/td>\n<td style=\"text-align: center;\" width=\"172\">\u22640,01 mm<\/td>\n<\/tr>\n<tr>\n<td style=\"text-align: center;\" width=\"209\">Bloccaggio del campione<\/td>\n<td style=\"text-align: center;\" width=\"172\">Manuale<\/td>\n<\/tr>\n<tr>\n<td style=\"text-align: center;\" width=\"209\">Dimensione del campione<\/td>\n<td style=\"text-align: center;\" width=\"172\">1-25 mm<\/td>\n<\/tr>\n<tr>\n<td style=\"text-align: center;\" width=\"209\">Interfaccia uomo-macchina<\/td>\n<td style=\"text-align: center;\" width=\"172\">7 in touch screen<\/td>\n<\/tr>\n<tr>\n<td style=\"text-align: center;\" width=\"209\">Potenza<\/td>\n<td style=\"text-align: center;\" width=\"172\">AC 110~220V 50\/60Hz<\/td>\n<\/tr>\n<tr>\n<td style=\"text-align: center;\" colspan=\"2\" rowspan=\"1\" width=\"381\"><strong>Taglierina per campioni (opzionale)<\/strong><\/td>\n<\/tr>\n<tr>\n<td style=\"text-align: center;\" width=\"209\">Dimensione del campione<\/td>\n<td style=\"text-align: center;\" width=\"172\">15*300 mm<\/td>\n<\/tr>\n<tr>\n<td style=\"text-align: center;\" width=\"209\">Spessore del campione<\/td>\n<td style=\"text-align: center;\" width=\"172\">0,1~1 mm<\/td>\n<\/tr>\n<tr>\n<td style=\"text-align: center;\" width=\"209\">Parallelismo dei lati<\/td>\n<td style=\"text-align: center;\" width=\"172\">\uff1c0,03 mm<\/td>\n<\/tr>\n<\/tbody>\n<\/table>\n<hr \/>\n<h2><strong>Principali standard rispettati<\/strong><\/h2>\n<p>Il <strong>TST-V Tester verticale per carta<\/strong> aderisce a una serie di standard internazionali, garantendo la conformit\u00e0 alle norme del settore e migliorando l'affidabilit\u00e0 dei risultati dei test. Questi includono:<\/p>\n<ul>\n<li><strong>ISO 1924-1<\/strong>, <strong>ISO 1924-2<\/strong>, <strong>ISO 1924-3<\/strong> (per prove di trazione di carta e cartone)<\/li>\n<li><strong>ISO 12625-4<\/strong>, <strong>ISO 12625-5<\/strong> (per testare la carta velina)<\/li>\n<li><strong>TAPPI T494<\/strong> (standard statunitense per i test sulla carta)<\/li>\n<li><strong>GB\/T 12914<\/strong>, <strong>GB\/T 24328<\/strong> (varie parti) (norme cinesi per il collaudo della carta)<\/li>\n<\/ul>\n<hr \/>\n<h2><strong>Perch\u00e9 scegliere il TST-V Tester verticale per carta?<\/strong><\/h2>\n<ul>\n<li><strong>Precisione e affidabilit\u00e0<\/strong>: Il TST-V garantisce misurazioni altamente accurate delle propriet\u00e0 di trazione, essenziali per il controllo qualit\u00e0 e lo sviluppo del prodotto.<\/li>\n<li><strong>Conforme alla norma ISO 1924<\/strong>: \u00c8 pienamente conforme a <strong>ISO 1924<\/strong>garantendo che i vostri test siano conformi agli standard industriali globali per i test sulla carta.<\/li>\n<li><strong>Interfaccia facile da usare<\/strong>: L'intuitivo touch screen da 7 pollici facilita il funzionamento e la gestione dei test.<\/li>\n<li><strong>Personalizzabile e versatile<\/strong>: Con velocit\u00e0 di prova regolabili, una variet\u00e0 di dispositivi di fissaggio dei campioni e opzioni aggiuntive per la raccolta dei dati, il TST-V \u00e8 abbastanza versatile da gestire una vasta gamma di prodotti cartacei.<\/li>\n<\/ul>\n<hr \/>\n<h2><strong>Domande frequenti: Tester verticale per carta<\/strong><\/h2>\n<ol>\n<li><strong>Qual \u00e8 lo scopo principale del Tester verticale per carta?<\/strong><br \/>\nIl TST-V misura la resistenza alla trazione, l'allungamento alla forza massima e l'assorbimento di energia di carta, cartone e prodotti tissue per valutarne le propriet\u00e0 meccaniche.<\/li>\n<li><strong>In che modo la norma ISO 1924 si riferisce ai test sulla carta?<\/strong><br \/>\nLa norma ISO 1924 stabilisce gli standard internazionali per la verifica delle propriet\u00e0 di trazione della carta e del cartone, assicurando che i risultati siano coerenti, affidabili e comparabili tra i vari settori.<\/li>\n<li><strong>Quali tipi di materiali possono essere testati con il TST-V?<\/strong><br \/>\nIl TST-V \u00e8 in grado di testare la resistenza alla trazione e la flessibilit\u00e0 di diversi materiali cartacei, tra cui cartone, carta tissue e altri prodotti a base di carta.<\/li>\n<li><strong>Quali sono le caratteristiche principali del modello TST-V?<\/strong><br \/>\nIl TST-V \u00e8 dotato di controllo PLC, schermo tattile da 7 pollici, meccanismo di precisione con vite a ricircolo di sfere, velocit\u00e0 di prova regolabile e compatibilit\u00e0 con diversi dispositivi.<\/li>\n<li><strong>A quali standard \u00e8 conforme il TST-V?<\/strong><br \/>\nIl TST-V \u00e8 conforme a <strong>ISO 1924<\/strong>, <strong>ISO 12625<\/strong>, <strong>TAPPI T494<\/strong>e altri standard internazionali per il controllo della carta.<\/li>\n<\/ol>","protected":false},"excerpt":{"rendered":"<p>Il <strong>Tester di trazione verticale per carta<\/strong> (TST-V) \u00e8 uno strumento di prova altamente specializzato progettato per valutare le propriet\u00e0 meccaniche dei materiali cartacei, tra cui cartone, carta tissue e altri prodotti a base di carta. Svolge un ruolo fondamentale nell'industria della carta e degli imballaggi, misurando propriet\u00e0 chiave come la resistenza alla trazione, l'allungamento alla forza massima, l'assorbimento dell'energia di trazione e la rigidit\u00e0 di trazione. Grazie alla determinazione di queste propriet\u00e0, i produttori possono garantire che i loro prodotti soddisfino i pi\u00f9 severi standard di prestazione e di qualit\u00e0, soprattutto nelle applicazioni di imballaggio, mediche e alimentari.<\/p>","protected":false},"featured_media":6283,"comment_status":"closed","ping_status":"closed","template":"","meta":{"site-sidebar-layout":"default","site-content-layout":"default","ast-global-header-display":"","ast-main-header-display":"","ast-hfb-above-header-display":"","ast-hfb-below-header-display":"","ast-hfb-mobile-header-display":"","site-post-title":"","ast-breadcrumbs-content":"","ast-featured-img":"","footer-sml-layout":"","theme-transparent-header-meta":"default","adv-header-id-meta":"","stick-header-meta":"","header-above-stick-meta":"","header-main-stick-meta":"","header-below-stick-meta":""},"product_cat":[845,953,956,955,1166,1167,1090,1163,1164,1165,954,957,958,952,959,1168,679,44,95],"product_tag":[],"class_list":{"0":"post-5335","1":"product","2":"type-product","3":"status-publish","4":"has-post-thumbnail","6":"product_cat-customization","7":"product_cat-bursting-tester","8":"product_cat-cobb-tester","9":"product_cat-crush-tester","10":"product_cat-iso-12625-4","11":"product_cat-iso-12625-5","12":"product_cat-iso-1924","13":"product_cat-iso-1924-1","14":"product_cat-iso-1924-2","15":"product_cat-iso-1924-3","16":"product_cat-paper-tear-tester","17":"product_cat-plybond-tester","18":"product_cat-puncture-tester","19":"product_cat-rub-tester","20":"product_cat-stiffness-tester","21":"product_cat-tappi-t494","22":"product_cat-tensile-tester","23":"product_cat-paper-and-board-testers","24":"product_cat-products","25":"desktop-align-left","26":"tablet-align-left","27":"mobile-align-left","29":"first","30":"instock","31":"shipping-taxable","32":"product-type-simple"},"_links":{"self":[{"href":"https:\/\/www.qualitester.com\/it\/wp-json\/wp\/v2\/product\/5335","targetHints":{"allow":["GET"]}}],"collection":[{"href":"https:\/\/www.qualitester.com\/it\/wp-json\/wp\/v2\/product"}],"about":[{"href":"https:\/\/www.qualitester.com\/it\/wp-json\/wp\/v2\/types\/product"}],"replies":[{"embeddable":true,"href":"https:\/\/www.qualitester.com\/it\/wp-json\/wp\/v2\/comments?post=5335"}],"version-history":[{"count":0,"href":"https:\/\/www.qualitester.com\/it\/wp-json\/wp\/v2\/product\/5335\/revisions"}],"wp:featuredmedia":[{"embeddable":true,"href":"https:\/\/www.qualitester.com\/it\/wp-json\/wp\/v2\/media\/6283"}],"wp:attachment":[{"href":"https:\/\/www.qualitester.com\/it\/wp-json\/wp\/v2\/media?parent=5335"}],"wp:term":[{"taxonomy":"product_cat","embeddable":true,"href":"https:\/\/www.qualitester.com\/it\/wp-json\/wp\/v2\/product_cat?post=5335"},{"taxonomy":"product_tag","embeddable":true,"href":"https:\/\/www.qualitester.com\/it\/wp-json\/wp\/v2\/product_tag?post=5335"}],"curies":[{"name":"wp","href":"https:\/\/api.w.org\/{rel}","templated":true}]}}