{"id":5332,"date":"2024-11-13T11:52:19","date_gmt":"2024-11-13T03:52:19","guid":{"rendered":"https:\/\/www.qualitester.com\/?post_type=product&#038;p=5332"},"modified":"2024-12-05T15:09:02","modified_gmt":"2024-12-05T07:09:02","slug":"sale-paper-horizontal-tensile-tester","status":"publish","type":"product","link":"https:\/\/www.qualitester.com\/it\/prodotto-2\/sale-paper-horizontal-tensile-tester\/","title":{"rendered":"TST-H Tester di trazione orizzontale"},"content":{"rendered":"<h2><strong>Introduzione: Tester di trazione orizzontale per carta<\/strong><\/h2>\n<p>Il <strong>TST-H Tester di trazione orizzontale<\/strong> \u00e8 uno strumento di prova all'avanguardia, a tasso di allungamento costante, progettato per misurare le propriet\u00e0 di trazione di carta, cartone, carta tissue e altri materiali cartacei. Grazie alle sue precise capacit\u00e0 di analisi, determina caratteristiche importanti come la resistenza alla trazione, l'allungamento alla forza massima, l'assorbimento dell'energia di trazione e la rigidit\u00e0 di trazione. Il tester \u00e8 ideale per la valutazione dei materiali da imballaggio, dei prodotti cartacei e dei prodotti in carta tissue, fornendo dati cruciali per settori quali l'imballaggio, gli alimenti, i prodotti farmaceutici, gli adesivi e le agenzie di controllo qualit\u00e0.<\/p>\n<p>Il <strong>TST-H Tester di trazione orizzontale<\/strong> offre risultati accurati e riproducibili, consentendo ai produttori di mantenere una qualit\u00e0 costante e di garantire la conformit\u00e0 dei loro prodotti agli standard internazionali. Che si tratti di controllo qualit\u00e0 o di ricerca, il TST-H fornisce misure di trazione affidabili e precise, fondamentali per ottimizzare le prestazioni dei prodotti.<\/p>\n<hr \/>\n<h2><strong>Metodi di prova e standard per le prove di trazione orizzontale della carta<\/strong><\/h2>\n<h3><strong>ISO 1924: Norme fondamentali per le prove di trazione della carta<\/strong><\/h3>\n<p>Il <strong>ISO 1924<\/strong> \u00e8 lo standard internazionale pi\u00f9 accettato per testare le propriet\u00e0 di trazione di carta e cartone. La serie \u00e8 composta da tre parti che descrivono in dettaglio i metodi per le prove di trazione in diverse condizioni:<\/p>\n<ul>\n<li><a href=\"https:\/\/www.iso.org\/standard\/6616.html\" target=\"_blank\" rel=\"noopener nofollow\"><strong>ISO 1924-1<\/strong><\/a>: Si concentra sulla determinazione della resistenza alla trazione, dell'allungamento e dell'allungamento alla massima forza di carta e cartone.<\/li>\n<li><a href=\"https:\/\/www.iso.org\/standard\/41397.html\" target=\"_blank\" rel=\"noopener nofollow\"><strong>ISO 1924-2<\/strong><\/a>: Si occupa specificamente di testare la resistenza alla trazione a umido di carta e cartone in condizioni di umidit\u00e0.<\/li>\n<li><a href=\"https:\/\/www.iso.org\/standard\/32206.html\" target=\"_blank\" rel=\"noopener nofollow\"><strong>ISO 1924-3<\/strong><\/a>: Copre il metodo continuo per la determinazione delle propriet\u00e0 di trazione della carta per studi di durabilit\u00e0 a lungo termine.<\/li>\n<\/ul>\n<p>Questi standard forniscono chiare linee guida per l'esecuzione di prove di trazione e per garantire che i prodotti cartacei soddisfino i necessari parametri di qualit\u00e0. Il tester di trazione orizzontale TST-H aderisce a questi standard ISO, garantendo la conformit\u00e0 e la coerenza dei risultati dei test.<\/p>\n<h4><strong>ISO 1924-1: Determinazione delle propriet\u00e0 di trazione<\/strong><\/h4>\n<p><strong>ISO 1924-1<\/strong> delinea il metodo di prova per determinare la resistenza alla trazione, l'allungamento alla forza massima e l'allungamento della carta. Il <strong>TST-H Tester di trazione orizzontale<\/strong> utilizza questo metodo applicando un tasso di allungamento costante a un campione di carta fino alla sua rottura. I dati relativi alla forza e all'allungamento raccolti durante il test vengono utilizzati per calcolare parametri chiave, tra cui:<\/p>\n<ul>\n<li><strong>Resistenza alla trazione<\/strong>: La forza massima che la carta pu\u00f2 sopportare prima di rompersi.<\/li>\n<li><strong>Allungamento alla massima forza<\/strong>: La quantit\u00e0 di allungamento che la carta subisce nel punto di massima resistenza alla trazione.<\/li>\n<li><strong>Assorbimento dell'energia di trazione<\/strong>: L'energia assorbita dalla carta durante il test.<\/li>\n<\/ul>\n<p>I dati forniti dal TST-H consentono ai produttori di valutare la durata e le prestazioni dei prodotti cartacei per varie applicazioni.<\/p>\n<h4><strong>ISO 1924-2: Prova di resistenza alla trazione a umido<\/strong><\/h4>\n<p><strong>ISO 1924-2<\/strong> si concentra sulla misurazione del <strong>resistenza alla trazione a umido<\/strong> di carta e cartone, particolarmente importante per i prodotti cartacei utilizzati in condizioni di umidit\u00e0 (ad esempio, carta tissue, materiali da imballaggio). Il <strong>TST-H Tester di trazione orizzontale<\/strong> \u00e8 dotato di un sistema opzionale <strong>serbatoio dell'acqua con resistenza alla trazione a umido<\/strong> per accogliere i test secondo <strong>ISO 1924-2<\/strong>. Questa caratteristica garantisce che il tester possa gestire materiali soggetti all'umidit\u00e0 e misurare con precisione la riduzione della resistenza alla trazione che si verifica quando la carta \u00e8 bagnata.<\/p>\n<h4><strong>ISO 1924-3: Metodo continuo per il collaudo della carta<\/strong><\/h4>\n<p><strong>ISO 1924-3<\/strong> introduce un metodo continuo per determinare le propriet\u00e0 di trazione di carta e cartone. Questo metodo \u00e8 utilizzato per i test di durata a lungo termine, in particolare per materiali come il cartone ondulato. Il <strong>TST-H Tester di trazione orizzontale<\/strong> pu\u00f2 essere configurato per condurre test continui, fornendo preziose informazioni sul comportamento dei prodotti cartacei sottoposti a sollecitazioni prolungate.<\/p>\n<h3><strong>Altri standard rilevanti<\/strong><\/h3>\n<p>Oltre a <strong>ISO 1924<\/strong>, il <strong>TST-H Tester di trazione orizzontale<\/strong> \u00e8 conforme a diversi altri standard, tra cui:<\/p>\n<ul>\n<li><strong>ISO 12625-4<\/strong>: Test di trazione della carta tissue.<\/li>\n<li><strong>ISO 12625-5<\/strong>: Metodi di prova generali per la determinazione della resistenza alla trazione di carta e cartone.<\/li>\n<li><strong>TAPPI T494<\/strong>: Metodo di prova standard per le propriet\u00e0 di trazione di carta e cartone.<\/li>\n<\/ul>\n<p>Questi standard garantiscono che il <strong>TST-H<\/strong> fornisce risultati coerenti, accurati e affidabili per un'ampia gamma di prodotti a base di carta.<\/p>\n<hr \/>\n<h2><strong>Vantaggi dell'utilizzo del Tester di trazione orizzontale per carta<\/strong><\/h2>\n<ul>\n<li><strong>Precisione e stabilit\u00e0<\/strong> Il <strong>TST-H<\/strong> \u00e8 costruito con un <strong>struttura a colonna singola<\/strong> e un <strong>vite a sfere di precisione<\/strong> per una trasmissione stabile e una maggiore accuratezza dei test. Questo garantisce una misurazione precisa delle propriet\u00e0 di trazione, rendendolo uno strumento affidabile per il controllo della qualit\u00e0.<\/li>\n<li><strong>Interfaccia facile da usare<\/strong> Dotato di un <strong>Schermo touchscreen da 7 pollici<\/strong>, Il tester offre un'interfaccia intuitiva e facile da usare. Gli utenti possono impostare rapidamente i test, monitorare i risultati e regolare i parametri, rendendolo adatto sia agli operatori alle prime armi che a quelli esperti.<\/li>\n<li><strong>Funzione opzionale di test a umido<\/strong> Il <strong>serbatoio dell'acqua con resistenza alla trazione a umido<\/strong> consente di testare la carta in condizioni di umidit\u00e0, una caratteristica essenziale per valutare i materiali utilizzati in ambienti umidi o bagnati, come la carta tissue e gli imballaggi.<\/li>\n<li><strong>Gestione avanzata dei dati<\/strong> Il <strong>TST-H<\/strong> \u00e8 compatibile con <strong>connettivit\u00e0 del computer<\/strong> (opzionale), che consente l'archiviazione avanzata dei dati, l'analisi e la generazione di report. Il <strong>stampante termica modulare<\/strong> fornisce risultati immediati dei test, garantendo un rapido accesso ai dati pi\u00f9 importanti.<\/li>\n<li><strong>Versatile e personalizzabile<\/strong> Il <strong>TST-H<\/strong> \u00e8 adattabile a una variet\u00e0 di esigenze di analisi, compresi diversi prodotti cartacei e campioni di dimensioni personalizzate. I suoi parametri di analisi flessibili e le sue caratteristiche opzionali lo rendono una scelta versatile per diverse applicazioni.<\/li>\n<\/ul>\n<hr \/>\n<h2><strong>Parametri e specifiche del test<\/strong><\/h2>\n<table>\n<tbody>\n<tr>\n<td style=\"text-align: center;\" width=\"237\">Campo di misura<\/td>\n<td style=\"text-align: center;\" width=\"224\">30N, 500N o come richiesto<\/td>\n<\/tr>\n<tr>\n<td style=\"text-align: center;\" width=\"237\">Campo di misura dell'allungamento<\/td>\n<td style=\"text-align: center;\" width=\"224\">45-260 mm<\/td>\n<\/tr>\n<tr>\n<td style=\"text-align: center;\" width=\"237\">Velocit\u00e0 di allungamento:<\/td>\n<td style=\"text-align: center;\" width=\"224\">(1~500) mm\/min<\/td>\n<\/tr>\n<tr>\n<td style=\"text-align: center;\" width=\"237\">Velocit\u00e0 di ritorno<\/td>\n<td style=\"text-align: center;\" width=\"224\">100 mm\/min<\/td>\n<\/tr>\n<tr>\n<td style=\"text-align: center;\" width=\"237\">Distanza tra i morsetti<\/td>\n<td style=\"text-align: center;\" width=\"224\">1~250 mm<\/td>\n<\/tr>\n<tr>\n<td style=\"text-align: center;\" width=\"237\">Accuratezza della velocit\u00e0 del test<\/td>\n<td style=\"text-align: center;\" width=\"224\">(1~10) mm\/min: \u00b10,1 mm\/min<\/td>\n<\/tr>\n<tr>\n<td style=\"text-align: center;\" width=\"237\">frequenza di campionamento<\/td>\n<td style=\"text-align: center;\" width=\"224\">400 volte\/S<\/td>\n<\/tr>\n<tr>\n<td style=\"text-align: center;\" width=\"237\">Precisione<\/td>\n<td style=\"text-align: center;\" width=\"224\">\u2264\u00b10,5%<\/td>\n<\/tr>\n<tr>\n<td style=\"text-align: center;\" width=\"237\">Precisione della forza<\/td>\n<td style=\"text-align: center;\" width=\"224\">\u00b10,1% (20~100%FS)<\/td>\n<\/tr>\n<tr>\n<td style=\"text-align: center;\" width=\"237\">Risoluzione della deformazione<\/td>\n<td style=\"text-align: center;\" width=\"224\">\u22640,1 mm<\/td>\n<\/tr>\n<tr>\n<td style=\"text-align: center;\" width=\"237\">Bloccaggio del campione<\/td>\n<td style=\"text-align: center;\" width=\"224\">pneumatico<\/td>\n<\/tr>\n<tr>\n<td style=\"text-align: center;\" width=\"237\">Pressione di serraggio<\/td>\n<td style=\"text-align: center;\" width=\"224\">0,2-0,7Mpa (regolabile)<\/td>\n<\/tr>\n<tr>\n<td style=\"text-align: center;\" width=\"237\">Dimensione del campione<\/td>\n<td style=\"text-align: center;\" width=\"224\">1-25 mm<\/td>\n<\/tr>\n<tr>\n<td style=\"text-align: center;\" width=\"237\">Interfaccia uomo-macchina<\/td>\n<td style=\"text-align: center;\" width=\"224\">7 in touch screen<\/td>\n<\/tr>\n<tr>\n<td style=\"text-align: center;\" width=\"237\">Stampa<\/td>\n<td style=\"text-align: center;\" width=\"224\">stampante termica incorporata.<\/td>\n<\/tr>\n<tr>\n<td style=\"text-align: center;\" width=\"237\">Potenza<\/td>\n<td style=\"text-align: center;\" width=\"224\">AC 220V 50Hz<\/td>\n<\/tr>\n<tr>\n<td style=\"text-align: center;\" width=\"237\">Dimensione<\/td>\n<td style=\"text-align: center;\" width=\"224\">650*500*400mm<\/td>\n<\/tr>\n<\/tbody>\n<\/table>\n<hr \/>\n<h2><strong>Perch\u00e9 scegliere il Tester di trazione orizzontale per carta?<\/strong><\/h2>\n<p>Il <strong>TST-H Tester di trazione orizzontale<\/strong> offre una combinazione impareggiabile di precisione, flessibilit\u00e0 e facilit\u00e0 d'uso, che lo rende la scelta ideale per testare le propriet\u00e0 di trazione di carta, cartone, carta velina e altri materiali simili. Grazie alla capacit\u00e0 di misurare propriet\u00e0 chiave come la resistenza alla trazione, l'allungamento e l'assorbimento di energia, questo tester aiuta i produttori a ottimizzare la qualit\u00e0 dei prodotti e a garantire la conformit\u00e0 agli standard internazionali, come ad esempio <strong>ISO 1924<\/strong>, <strong>ISO 12625<\/strong>, e <strong>TAPPI T494<\/strong>.<\/p>\n<p>Che si tratti di test per il controllo qualit\u00e0, la ricerca o lo sviluppo di un prodotto, il sistema <strong>TST-H Tester di trazione orizzontale<\/strong> \u00e8 una soluzione affidabile ed efficiente per tutte le vostre esigenze di analisi della carta.<\/p>\n<hr \/>\n<h2><strong>Domande frequenti (FAQ)<\/strong><\/h2>\n<ol>\n<li><strong>Quali tipi di materiali possono essere testati con il Tester orizzontale per carta?<\/strong>\n<ul>\n<li>Il TST-H \u00e8 progettato per testare carta, cartone, carta velina e prodotti simili a base di carta.<\/li>\n<\/ul>\n<\/li>\n<li><strong>Come si esegue un test di resistenza alla trazione a umido con il TST-H?<\/strong>\n<ul>\n<li>Il TST-H include un dispositivo opzionale <strong>serbatoio dell'acqua con resistenza alla trazione a umido<\/strong> per condurre test in condizioni di bagnato, soddisfacendo <strong>ISO 1924-2<\/strong> standard.<\/li>\n<\/ul>\n<\/li>\n<li><strong>Quali sono i principali vantaggi del touchscreen da 7 pollici del tester di trazione orizzontale per carta?<\/strong>\n<ul>\n<li>Lo schermo tattile offre un'interfaccia facile da usare, che consente di impostare, utilizzare e monitorare facilmente i risultati dei test.<\/li>\n<\/ul>\n<\/li>\n<li><strong>Il TST-H pu\u00f2 essere collegato a un computer per l'archiviazione dei dati?<\/strong>\n<ul>\n<li>S\u00ec, offre <strong>connettivit\u00e0 del computer<\/strong> per l'archiviazione avanzata dei dati, l'analisi e la generazione di report.<\/li>\n<\/ul>\n<\/li>\n<li><strong>A quali standard si attiene il Tester di trazione orizzontale per carta?<\/strong>\n<ul>\n<li>Il tester \u00e8 conforme a <strong>ISO 1924<\/strong> (Parti 1, 2 e 3), <strong>ISO 12625<\/strong>, <strong>TAPPI T494<\/strong>, e altri standard pertinenti per i test sulla carta.<\/li>\n<\/ul>\n<\/li>\n<\/ol>","protected":false},"excerpt":{"rendered":"<p>Il <strong>TST-H Tester di trazione orizzontale<\/strong> offre risultati accurati e riproducibili, consentendo ai produttori di mantenere una qualit\u00e0 costante e di garantire la conformit\u00e0 dei loro prodotti agli standard internazionali. Che si tratti di controllo qualit\u00e0 o di ricerca, il TST-H fornisce misure di trazione affidabili e precise, fondamentali per ottimizzare le prestazioni dei prodotti.<\/p>","protected":false},"featured_media":6280,"comment_status":"closed","ping_status":"closed","template":"","meta":{"site-sidebar-layout":"default","site-content-layout":"default","ast-global-header-display":"","ast-main-header-display":"","ast-hfb-above-header-display":"","ast-hfb-below-header-display":"","ast-hfb-mobile-header-display":"","site-post-title":"","ast-breadcrumbs-content":"","ast-featured-img":"","footer-sml-layout":"","theme-transparent-header-meta":"default","adv-header-id-meta":"","stick-header-meta":"","header-above-stick-meta":"","header-main-stick-meta":"","header-below-stick-meta":""},"product_cat":[845,953,956,955,1166,1167,1163,1164,1165,954,957,958,952,959,1168,679,95],"product_tag":[],"class_list":{"0":"post-5332","1":"product","2":"type-product","3":"status-publish","4":"has-post-thumbnail","6":"product_cat-customization","7":"product_cat-bursting-tester","8":"product_cat-cobb-tester","9":"product_cat-crush-tester","10":"product_cat-iso-12625-4","11":"product_cat-iso-12625-5","12":"product_cat-iso-1924-1","13":"product_cat-iso-1924-2","14":"product_cat-iso-1924-3","15":"product_cat-paper-tear-tester","16":"product_cat-plybond-tester","17":"product_cat-puncture-tester","18":"product_cat-rub-tester","19":"product_cat-stiffness-tester","20":"product_cat-tappi-t494","21":"product_cat-tensile-tester","22":"product_cat-products","23":"desktop-align-left","24":"tablet-align-left","25":"mobile-align-left","27":"first","28":"instock","29":"shipping-taxable","30":"product-type-simple"},"_links":{"self":[{"href":"https:\/\/www.qualitester.com\/it\/wp-json\/wp\/v2\/product\/5332","targetHints":{"allow":["GET"]}}],"collection":[{"href":"https:\/\/www.qualitester.com\/it\/wp-json\/wp\/v2\/product"}],"about":[{"href":"https:\/\/www.qualitester.com\/it\/wp-json\/wp\/v2\/types\/product"}],"replies":[{"embeddable":true,"href":"https:\/\/www.qualitester.com\/it\/wp-json\/wp\/v2\/comments?post=5332"}],"version-history":[{"count":0,"href":"https:\/\/www.qualitester.com\/it\/wp-json\/wp\/v2\/product\/5332\/revisions"}],"wp:featuredmedia":[{"embeddable":true,"href":"https:\/\/www.qualitester.com\/it\/wp-json\/wp\/v2\/media\/6280"}],"wp:attachment":[{"href":"https:\/\/www.qualitester.com\/it\/wp-json\/wp\/v2\/media?parent=5332"}],"wp:term":[{"taxonomy":"product_cat","embeddable":true,"href":"https:\/\/www.qualitester.com\/it\/wp-json\/wp\/v2\/product_cat?post=5332"},{"taxonomy":"product_tag","embeddable":true,"href":"https:\/\/www.qualitester.com\/it\/wp-json\/wp\/v2\/product_tag?post=5332"}],"curies":[{"name":"wp","href":"https:\/\/api.w.org\/{rel}","templated":true}]}}