{"id":5324,"date":"2024-11-13T11:36:35","date_gmt":"2024-11-13T03:36:35","guid":{"rendered":"https:\/\/www.qualitester.com\/?post_type=product&#038;p=5324"},"modified":"2024-12-05T11:23:52","modified_gmt":"2024-12-05T03:23:52","slug":"sale-tissue-thickness-gauge","status":"publish","type":"product","link":"https:\/\/www.qualitester.com\/it\/prodotto-2\/sale-tissue-thickness-gauge\/","title":{"rendered":"THD-01 Misuratore di spessore del tessuto"},"content":{"rendered":"<h2><strong>Introduzione allo spessore dei tessuti e ai metodi di misurazione dello spessore dei tessuti<\/strong><\/h2>\n<p>Lo spessore del tessuto \u00e8 un attributo qualitativo fondamentale per i prodotti in carta tissue, in quanto ne influenza la resistenza, l'assorbenza e la morbidezza. La misurazione accurata dello spessore del tissue \u00e8 fondamentale per i produttori per garantire la coerenza del prodotto e la conformit\u00e0 agli standard industriali. I test sullo spessore sono particolarmente importanti per i prodotti in carta tissue utilizzati per l'imballaggio, il settore medico e i beni di consumo.<\/p>\n<p>Il test dello spessore del tissue consiste nel misurare la distanza tra due superfici principali dei prodotti in carta tissue sotto una determinata pressione. I risultati forniscono indicazioni sulla voluminosit\u00e0, la resistenza e la qualit\u00e0 della carta tissue, che influiscono direttamente sulle sue prestazioni in varie applicazioni, come tovaglioli, fazzoletti per il viso e carta per rotoli da cucina.<\/p>\n<h2><strong>Il misuratore di spessore tissutale THD-01: Panoramica del prodotto<\/strong><\/h2>\n<p>Il <strong>THD-01 Misuratore di spessore del tessuto<\/strong>\u00a0\u00e8 uno strumento di precisione progettato per misurare lo spessore e il rigonfiamento di prodotti in carta tissue come tovaglioli, asciugamani di carta, fazzoletti e altri prodotti a base di carta tissue. Utilizza una pressione standardizzata di 2KPa per garantire misure accurate e coerenti di fogli di tissue sia monostrato che laminati. Il dispositivo \u00e8 ideale per il controllo qualit\u00e0 e le applicazioni di ricerca nell'industria della produzione di carta tissue.<\/p>\n<h2><strong>Come funziona il misuratore di spessore tissutale THD-01?<\/strong><\/h2>\n<p>Il misuratore di spessore THD-01 funziona secondo il principio di misurare lo spessore della carta velina applicando una pressione costante di 2KPa tra due superfici piane e parallele. Il campione viene posizionato tra la piastra di riferimento fissa inferiore e un piede di pressione superiore mobile. Il piede di pressione esercita un carico di 2KPa, garantendo condizioni di prova standardizzate. Il dispositivo misura quindi la distanza tra le superfici per determinare lo spessore del tessuto.<\/p>\n<p>Questo metodo garantisce l'accuratezza della misurazione dei prodotti tissue durante la produzione e per i prodotti finiti, fornendo dati affidabili per la valutazione della qualit\u00e0 del prodotto.<\/p>\n<h2><strong>Caratteristiche e vantaggi principali<\/strong><\/h2>\n<ul>\n<li>\n<h3><strong>Precisione e accuratezza<\/strong><\/h3>\n<ul>\n<li><strong>Risoluzione<\/strong>: 0,001 mm per misure di spessore estremamente precise.<\/li>\n<li><strong>Errore di indicazione<\/strong>\u00b10,05% per garantire letture precise con deviazioni minime.<\/li>\n<\/ul>\n<\/li>\n<li>\n<h3><strong>Condizioni di test coerenti<\/strong><\/h3>\n<ul>\n<li><strong>Pressione di contatto<\/strong>: Mantiene una pressione di 2,0 \u00b1 0,1 KPa, assicurando che tutti i campioni siano misurati alla stessa pressione standardizzata.<\/li>\n<li><strong>Velocit\u00e0 del test<\/strong>: La velocit\u00e0 di misura \u00e8 controllata a 2,0 \u00b1 0,2 mm\/s, per garantire risultati coerenti e ripetibili.<\/li>\n<\/ul>\n<\/li>\n<li>\n<h3><strong>Versatilit\u00e0<\/strong><\/h3>\n<ul>\n<li>Il misuratore di spessore per tessuti THD-01 \u00e8 in grado di testare un'ampia gamma di prodotti in tissue, compresi i fogli monostrato e multistrato, nonch\u00e9 i materiali in tissue laminati e non laminati.<\/li>\n<\/ul>\n<\/li>\n<li>\n<h3><strong>Facilit\u00e0 d'uso<\/strong><\/h3>\n<ul>\n<li>Il misuratore \u00e8 semplice da utilizzare, con un'interfaccia intuitiva e un chiaro display di misura, che lo rende adatto sia per applicazioni di laboratorio che di produzione.<\/li>\n<\/ul>\n<\/li>\n<\/ul>\n<h2><strong>Dati tecnici<\/strong><\/h2>\n<table>\n<tbody>\n<tr>\n<td style=\"text-align: center;\" width=\"142\">Campo di prova<\/td>\n<td style=\"text-align: center;\" width=\"110\">0\uff5e4 mm<\/td>\n<\/tr>\n<tr>\n<td style=\"text-align: center;\" width=\"142\">Risoluzione<\/td>\n<td style=\"text-align: center;\" width=\"110\">0,001 mm<\/td>\n<\/tr>\n<tr>\n<td style=\"text-align: center;\" width=\"142\">Area di contatto<\/td>\n<td style=\"text-align: center;\" width=\"110\">1000\u00b120 mm\u00b2<\/td>\n<\/tr>\n<tr>\n<td style=\"text-align: center;\" width=\"142\">Contatto Pressione<\/td>\n<td style=\"text-align: center;\" width=\"110\">2\u00b10,1 kPa<\/td>\n<\/tr>\n<tr>\n<td style=\"text-align: center;\" width=\"142\">Parallelismo di superficie<\/td>\n<td style=\"text-align: center;\" width=\"110\">\u22640,001 mm<\/td>\n<\/tr>\n<tr>\n<td style=\"text-align: center;\" width=\"142\">Errore di indicazione<\/td>\n<td style=\"text-align: center;\" width=\"110\">\u00b10.05\uff05<\/td>\n<\/tr>\n<\/tbody>\n<\/table>\n<h2><strong>Metodi di prova e standard<\/strong><\/h2>\n<h3><strong>Principio di misurazione<\/strong><\/h3>\n<p>Il misuratore di spessore THD-01 misura lo spessore della carta tissue applicando una pressione costante di 2KPa tra due superfici parallele. Il campione viene posizionato sulla superficie inferiore fissa e il piede di pressione circolare superiore viene spostato verso il basso, esercitando il carico specificato. La distanza tra le due superfici viene registrata come spessore del tessuto.<\/p>\n<p>Questo metodo \u00e8 conforme alle procedure di analisi standard utilizzate nell'industria della carta tissue per garantire risultati accurati e ripetibili.<\/p>\n<h3><strong>Standard rilevanti per l'analisi dello spessore del tessuto<\/strong><\/h3>\n<ul>\n<li><a href=\"https:\/\/www.iso.org\/standard\/62536.html\" target=\"_blank\" rel=\"noopener nofollow\"><strong>ISO 12625-3<\/strong><\/a>: Standard per il controllo della carta tissue, compresa la misurazione dello spessore.<\/li>\n<li><a href=\"https:\/\/imisrise.tappi.org\/TAPPI\/Products\/01\/T\/0104T401.aspx\" target=\"_blank\" rel=\"noopener nofollow\"><strong>TAPPI T401<\/strong><\/a>: Metodo di prova standard per la misurazione dello spessore di carta e cartone.<\/li>\n<li><a href=\"https:\/\/www.astm.org\/d1777-96r19.html\" target=\"_blank\" rel=\"noopener nofollow\"><strong>ASTM D1777<\/strong><\/a>: Metodo di prova standard per lo spessore di carta e cartone, che garantisce la coerenza dei test sui materiali.<\/li>\n<\/ul>\n<h2><strong>Aree di applicazione<\/strong><\/h2>\n<p>Il misuratore di spessore per tessuti THD-01 \u00e8 essenziale per le industrie che producono prodotti in carta tissue, tra cui:<\/p>\n<ul>\n<li><strong>Produttori di carta velina<\/strong><br \/>\nIdeale per testare lo spessore di vari prodotti in carta tissue come asciugamani di carta, tovaglioli, fazzoletti per il viso e rotoli di carta da cucina.<\/li>\n<li><strong>Controllo qualit\u00e0 e ricerca<\/strong><br \/>\nUtilizzato nei laboratori e negli impianti di produzione per l'assicurazione della qualit\u00e0, la ricerca e lo sviluppo, aiuta i produttori a garantire la consistenza e le prestazioni dei prodotti tissue.<\/li>\n<li><strong>Imballaggio e beni di consumo<\/strong><br \/>\nIl THD-01 \u00e8 prezioso anche per i produttori di materiali da imballaggio a base di tessuto, in quanto garantisce lo spessore e la qualit\u00e0 del tessuto utilizzato nelle applicazioni di imballaggio.<\/li>\n<\/ul>\n<h2><strong>Domande frequenti (FAQ)<\/strong><\/h2>\n<ol>\n<li><strong>Qual \u00e8 lo spessore di un singolo strato?<\/strong><br \/>\nLo spessore di un singolo velo si riferisce alla distanza tra le due superfici principali di un singolo velo di carta tissue, misurata sotto un carico statico di 2KPa. Un \"velo\" di carta tissue \u00e8 un foglio di carta non laminato.<\/li>\n<li><strong>Che cos'\u00e8 lo spessore del foglio singolo?<\/strong><br \/>\nLo spessore del foglio singolo \u00e8 la distanza tra le due superfici principali di un singolo foglio di prodotto tissue (laminato o non laminato), misurata sotto un carico statico applicato di 2KPa.<\/li>\n<li><strong>Che cos'\u00e8 lo spessore per il bulking?<\/strong><br \/>\nLo spessore di riempimento si riferisce allo spessore di un singolo foglio di carta tissue o di un prodotto in carta tissue, calcolato misurando lo spessore di diversi fogli sovrapposti sotto un carico statico di 2KPa.<\/li>\n<li><strong>In che modo il misuratore di spessore tissutale THD-01 garantisce risultati accurati?<\/strong><br \/>\nIl THD-01 garantisce risultati precisi e ripetibili grazie all'applicazione di una pressione costante di 2KPa, all'utilizzo di sensori ad alta precisione per la misurazione e alla risoluzione di 0,001 mm per rilevare anche le pi\u00f9 piccole variazioni di spessore dei tessuti.<\/li>\n<li><strong>Il misuratore di spessore THD-01 pu\u00f2 essere utilizzato per tessuti multistrato?<\/strong><br \/>\nS\u00ec, il THD-01 pu\u00f2 essere utilizzato per misurare prodotti in tissue sia a singolo strato che a pi\u00f9 strati, fornendo misure di spessore accurate per un'ampia gamma di materiali in tissue, compresi i fogli laminati e non laminati.<\/li>\n<\/ol>","protected":false},"excerpt":{"rendered":"<p>Il test dello spessore del tissue consiste nel misurare la distanza tra due superfici principali dei prodotti in carta tissue sotto una determinata pressione. I risultati forniscono indicazioni sulla voluminosit\u00e0, la resistenza e la qualit\u00e0 della carta tissue, che influiscono direttamente sulle sue prestazioni in varie applicazioni, come tovaglioli, fazzoletti per il viso e carta per rotoli da cucina.<\/p>","protected":false},"featured_media":6201,"comment_status":"closed","ping_status":"closed","template":"","meta":{"site-sidebar-layout":"default","site-content-layout":"default","ast-global-header-display":"","ast-main-header-display":"","ast-hfb-above-header-display":"","ast-hfb-below-header-display":"","ast-hfb-mobile-header-display":"","site-post-title":"","ast-breadcrumbs-content":"","ast-featured-img":"","footer-sml-layout":"","theme-transparent-header-meta":"default","adv-header-id-meta":"","stick-header-meta":"","header-above-stick-meta":"","header-main-stick-meta":"","header-below-stick-meta":""},"product_cat":[845,953,956,955,1089,954,957,958,952,959,962,685,44,95],"product_tag":[],"class_list":{"0":"post-5324","1":"product","2":"type-product","3":"status-publish","4":"has-post-thumbnail","6":"product_cat-customization","7":"product_cat-bursting-tester","8":"product_cat-cobb-tester","9":"product_cat-crush-tester","10":"product_cat-iso-12625-3","11":"product_cat-paper-tear-tester","12":"product_cat-plybond-tester","13":"product_cat-puncture-tester","14":"product_cat-rub-tester","15":"product_cat-stiffness-tester","16":"product_cat-thickness-gauges","17":"product_cat-thickness-tester","18":"product_cat-paper-and-board-testers","19":"product_cat-products","20":"desktop-align-left","21":"tablet-align-left","22":"mobile-align-left","24":"first","25":"instock","26":"shipping-taxable","27":"product-type-simple"},"_links":{"self":[{"href":"https:\/\/www.qualitester.com\/it\/wp-json\/wp\/v2\/product\/5324","targetHints":{"allow":["GET"]}}],"collection":[{"href":"https:\/\/www.qualitester.com\/it\/wp-json\/wp\/v2\/product"}],"about":[{"href":"https:\/\/www.qualitester.com\/it\/wp-json\/wp\/v2\/types\/product"}],"replies":[{"embeddable":true,"href":"https:\/\/www.qualitester.com\/it\/wp-json\/wp\/v2\/comments?post=5324"}],"version-history":[{"count":0,"href":"https:\/\/www.qualitester.com\/it\/wp-json\/wp\/v2\/product\/5324\/revisions"}],"wp:featuredmedia":[{"embeddable":true,"href":"https:\/\/www.qualitester.com\/it\/wp-json\/wp\/v2\/media\/6201"}],"wp:attachment":[{"href":"https:\/\/www.qualitester.com\/it\/wp-json\/wp\/v2\/media?parent=5324"}],"wp:term":[{"taxonomy":"product_cat","embeddable":true,"href":"https:\/\/www.qualitester.com\/it\/wp-json\/wp\/v2\/product_cat?post=5324"},{"taxonomy":"product_tag","embeddable":true,"href":"https:\/\/www.qualitester.com\/it\/wp-json\/wp\/v2\/product_tag?post=5324"}],"curies":[{"name":"wp","href":"https:\/\/api.w.org\/{rel}","templated":true}]}}