{"id":5298,"date":"2024-11-12T16:52:09","date_gmt":"2024-11-12T08:52:09","guid":{"rendered":"https:\/\/www.qualitester.com\/?post_type=product&#038;p=5298"},"modified":"2024-12-05T11:12:04","modified_gmt":"2024-12-05T03:12:04","slug":"sale-short-span-compression-tester","status":"publish","type":"product","link":"https:\/\/www.qualitester.com\/it\/prodotto-2\/sale-short-span-compression-tester\/","title":{"rendered":"SCT-01 Tester di compressione di breve durata"},"content":{"rendered":"<h2>Introduzione al tester di compressione a breve distanza<\/h2>\n<p>Il <strong>SCT-01 Tester di compressione di breve durata<\/strong> \u00e8 uno strumento di alta precisione progettato per valutare la resistenza alla compressione di carta e cartone, fornendo indicazioni essenziali sulla qualit\u00e0 dei materiali utilizzati nella produzione di contenitori e scatole. Questo tester \u00e8 particolarmente adatto per carte e cartoni con grammatura compresa tra 100 g\/m\u00b2 e 400 g\/m\u00b2, garantendo che solo i materiali che soddisfano i livelli di resistenza richiesti siano approvati per la produzione. Grazie al suo design robusto e alle sue caratteristiche avanzate, l'SCT-01 contribuisce a ottimizzare la durata dei prodotti, rendendolo uno strumento prezioso per il controllo qualit\u00e0 in diversi settori, tra cui quello dell'imballaggio, della produzione della carta e delle agenzie di ispezione della qualit\u00e0.<\/p>\n<h2>Applicazioni chiave<\/h2>\n<p>L'SCT-01 <strong>Tester di compressione a breve distanza <\/strong>\u00e8 ampiamente applicabile in tutti i settori che richiedono una resistenza e un'affidabilit\u00e0 costanti dei materiali:<\/p>\n<ul>\n<li><strong>Industria dell'imballaggio:<\/strong> Verifica della qualit\u00e0 dei materiali per la produzione di scatole e contenitori, fondamentali per il trasporto e lo stoccaggio.<\/li>\n<li><strong>Produzione di carta e cartone:<\/strong> Garantire che i materiali siano in grado di resistere alle sollecitazioni in entrambe le direzioni, aumentandone la durata.<\/li>\n<li><strong>Agenzie di ispezione della qualit\u00e0:<\/strong> Fornisce un metodo di prova standardizzato per i controlli di conformit\u00e0 in linea con la norma ISO 9895.<\/li>\n<\/ul>\n<h2>Descrizione del sistema del tester di compressione a breve distanza SCT-01<\/h2>\n<p>Il <strong>SCT-01 Tester di compressione di breve durata<\/strong> \u00e8 progettato con morsetti di precisione e un robusto meccanismo di serraggio per garantire test accurati:<\/p>\n<ul>\n<li><strong>Morsetti:<\/strong> Il tester \u00e8 dotato di due morsetti, ciascuno di 30 mm di lunghezza, con ganasce fisse e mobili. Le ganasce sono realizzate con una superficie ad alto attrito per garantire una presa salda e costante durante i test.<\/li>\n<li><strong>Forza di serraggio:<\/strong> Applica una forza di serraggio costante di 2300 \u00b1 500 N, tenendo saldamente il pezzo da testare per tutta la sua larghezza.<\/li>\n<li><strong>Allineamento delle mascelle:<\/strong> Le ganasce fisse e mobili sono parallele, per mantenere l'uniformit\u00e0 in ogni test e supportare misure accurate.<\/li>\n<li><strong>Serraggio pneumatico e velocit\u00e0 di prova regolabile:<\/strong> Il sistema di serraggio pneumatico del tester, con forza personalizzabile e velocit\u00e0 regolabile, consente una certa flessibilit\u00e0, adattandosi a vari requisiti di prova e tipi di materiali.<\/li>\n<\/ul>\n<h2>Principio di prova delle prove di compressione a campata corta<\/h2>\n<p>L'SCT-01 <strong>Tester di compressione a breve distanza <\/strong>funziona secondo un principio di test semplice e affidabile:<\/p>\n<ul>\n<li>Un campione di prova largo 15 mm viene bloccato tra due ganasce inizialmente distanziate di 0,70 mm.<\/li>\n<li>Le ganasce comprimono quindi il campione di prova finch\u00e9 non cede sotto la forza applicata.<\/li>\n<li>La forza massima applicata prima della rottura per compressione viene registrata e questo valore viene utilizzato per calcolare la resistenza alla compressione del materiale.<\/li>\n<\/ul>\n<p>Questo metodo offre risultati affidabili e ripetibili, aiutando i produttori a determinare la resistenza del materiale nelle applicazioni reali.<\/p>\n<h2>Panoramica della norma ISO 9895 e dei suoi metodi di prova<\/h2>\n<p>Il tester di compressione a breve distanza SCT-01 soddisfa i requisiti di <a href=\"https:\/\/www.iso.org\/standard\/41400.html\" target=\"_blank\" rel=\"noopener nofollow\"><strong>ISO 9895<\/strong><\/a> un parametro di riferimento riconosciuto a livello mondiale per la valutazione della resistenza alla compressione a breve termine di carta e cartone.<\/p>\n<ul>\n<li><strong>Introduzione a <a href=\"https:\/\/www.qualitester.com\/it\/categoria-prodotto\/iso\/iso-9895\/\" target=\"_blank\" rel=\"noopener\">ISO 9895<\/a>:<\/strong> La norma ISO 9895 specifica le procedure per la determinazione della resistenza alla compressione, guidando l'impostazione e il processo di prova per garantire la coerenza tra i diversi laboratori e settori.<\/li>\n<li><strong>Requisiti del metodo di prova:<\/strong> La norma ISO 9895 definisce le dimensioni dei provini, le forze di serraggio specifiche, la velocit\u00e0 di serraggio e i calcoli per la resistenza alla compressione, consentendo di eseguire prove standardizzate per ottenere risultati accurati e comparabili.<\/li>\n<li><strong>Importanza della conformit\u00e0 ISO 9895:<\/strong> La conformit\u00e0 alla norma ISO 9895 garantisce che l'SCT-01 fornisca misurazioni affidabili e accurate della resistenza alla compressione, fondamentali per le industrie che intendono soddisfare gli standard internazionali di qualit\u00e0 e durata.<\/li>\n<\/ul>\n<h2>Vantaggi del tester di compressione a breve distanza SCT-01<\/h2>\n<p>L'SCT-01 <strong>Tester di compressione a breve distanza <\/strong>offre diversi vantaggi che lo rendono una scelta ideale per le prove di compressione a breve distanza:<\/p>\n<ul>\n<li><strong>Funzionamento facile da usare:<\/strong> Dotato di un sistema di controllo PLC e di una HMI per un funzionamento semplice, l'SCT-01 riduce al minimo gli errori dell'operatore.<\/li>\n<li><strong>Caratteristiche di sicurezza avanzate:<\/strong> Include un pulsante di arresto di emergenza e una protezione da sovraccarico per garantire un funzionamento sicuro.<\/li>\n<li><strong>Opzioni di visualizzazione multi-unit\u00e0:<\/strong> Visualizza i risultati dei test in pi\u00f9 unit\u00e0 (N, kgf, lbf) per una maggiore flessibilit\u00e0 in base alle esigenze dell'utente.<\/li>\n<li><strong>Gestione avanzata dei dati:<\/strong> Dispone di una stampante a matrice di punti incorporata per la stampa immediata dei risultati e di una porta COM RS-232 opzionale con software per il trasferimento e l'archiviazione efficiente dei dati.<\/li>\n<\/ul>\n<h2>Specifiche tecniche dell'SCT-01<\/h2>\n<p>Di seguito una sintesi dei principali parametri tecnici dell'SCT-01:<\/p>\n<table>\n<thead>\n<tr>\n<th>Parametro<\/th>\n<th>Specifiche<\/th>\n<\/tr>\n<\/thead>\n<tbody>\n<tr>\n<td style=\"text-align: center;\">Campo di prova<\/td>\n<td style=\"text-align: center;\">1~500N (0,06~33,3 KN\/m)<\/td>\n<\/tr>\n<tr>\n<td style=\"text-align: center;\">Distanza di compressione<\/td>\n<td style=\"text-align: center;\">0,3~0,7 mm<\/td>\n<\/tr>\n<tr>\n<td style=\"text-align: center;\">Lunghezza di serraggio<\/td>\n<td style=\"text-align: center;\">30 \u00b1 0,5 mm<\/td>\n<\/tr>\n<tr>\n<td style=\"text-align: center;\">Velocit\u00e0 del test<\/td>\n<td style=\"text-align: center;\">3 \u00b1 0,1 mm\/min<\/td>\n<\/tr>\n<tr>\n<td style=\"text-align: center;\">Risoluzione<\/td>\n<td style=\"text-align: center;\">0.01 N<\/td>\n<\/tr>\n<tr>\n<td style=\"text-align: center;\">Dimensione del campione<\/td>\n<td style=\"text-align: center;\">15 mm (larghezza) x 75 mm (lunghezza)<\/td>\n<\/tr>\n<tr>\n<td style=\"text-align: center;\">Pressione del gas richiesta<\/td>\n<td style=\"text-align: center;\">0,5 MPa<\/td>\n<\/tr>\n<tr>\n<td style=\"text-align: center;\">Dimensione dell'attacco del gas<\/td>\n<td style=\"text-align: center;\">\u04246 mm<\/td>\n<\/tr>\n<tr>\n<td style=\"text-align: center;\">Requisiti di potenza<\/td>\n<td style=\"text-align: center;\">AC 110~220V, 50Hz<\/td>\n<\/tr>\n<\/tbody>\n<\/table>\n<p>Queste specifiche assicurano all'SCT-01 versatilit\u00e0, precisione e adattabilit\u00e0, rendendolo ideale per un uso industriale rigoroso.<\/p>\n<h2>Conformit\u00e0 e standard di <strong>Tester di compressione a breve distanza<\/strong><\/h2>\n<p>Il tester di compressione a breve distanza SCT-01 \u00e8 conforme a diversi standard, il che ne aumenta la credibilit\u00e0 e la rilevanza in ambito professionale:<\/p>\n<ul>\n<li><strong><a href=\"https:\/\/www.iso.org\/standard\/41400.html\" target=\"_blank\" rel=\"noopener nofollow\">ISO 9895<\/a>:<\/strong> Garantisce misure affidabili della resistenza alla compressione a breve distanza.<\/li>\n<li><strong>GB\/T 2679.10:<\/strong> Garantisce la conformit\u00e0 regionale, assicurando la compatibilit\u00e0 con gli standard del settore nei vari mercati.<\/li>\n<\/ul>\n<h2>Domande frequenti (FAQ)<\/h2>\n<ol>\n<li><strong>Quali tipi di materiali possono essere testati con l'SCT-01?<\/strong>\n<ul>\n<li>Il sistema SCT-01 \u00e8 adatto a carte e cartoni con grammatura compresa tra 100 g\/m\u00b2 e 400 g\/m\u00b2, comunemente utilizzati nella produzione di imballaggi e scatole.<\/li>\n<\/ul>\n<\/li>\n<li><strong>Come fa l'SCT-01 a garantire risultati accurati dei test di compressione?<\/strong>\n<ul>\n<li>Le ganasce parallele e ad alto attrito dell'SCT-01, la forza di serraggio costante e la conformit\u00e0 agli standard ISO 9895 assicurano risultati di prova altamente precisi e ripetibili.<\/li>\n<\/ul>\n<\/li>\n<li><strong>Perch\u00e9 la conformit\u00e0 alla norma ISO 9895 \u00e8 importante per le prove di compressione?<\/strong>\n<ul>\n<li>La norma ISO 9895 stabilisce standard globali per i metodi di analisi, assicurando che i risultati siano affidabili e comparabili tra i vari settori.<\/li>\n<\/ul>\n<\/li>\n<li><strong>In che modo il bloccaggio pneumatico migliora l'accuratezza dei test?<\/strong>\n<ul>\n<li>Il bloccaggio pneumatico fornisce una pressione costante sul campione, evitando slittamenti o danni che potrebbero influire sui risultati del test.<\/li>\n<\/ul>\n<\/li>\n<li><strong>Quali sono i vantaggi dell'utilizzo di un software di visualizzazione e gestione dei dati per pi\u00f9 unit\u00e0?<\/strong>\n<ul>\n<li>Il display multi-unit\u00e0 consente agli utenti di visualizzare i risultati in unit\u00e0 diverse, mentre il software di gestione dei dati facilita l'analisi dei risultati e la registrazione a lungo termine, migliorando l'efficienza dei test.<\/li>\n<\/ul>\n<\/li>\n<\/ol>","protected":false},"excerpt":{"rendered":"<p>Il <strong>SCT-01 Tester di compressione di breve durata<\/strong> \u00e8 uno strumento di alta precisione progettato per valutare la resistenza alla compressione di carta e cartone, fornendo indicazioni essenziali sulla qualit\u00e0 dei materiali utilizzati nella produzione di contenitori e scatole. Questo tester \u00e8 particolarmente adatto per carte e cartoni con grammatura compresa tra 100 g\/m\u00b2 e 400 g\/m\u00b2, garantendo che solo i materiali che soddisfano i livelli di resistenza richiesti siano approvati per la produzione. Grazie al suo design robusto e alle sue caratteristiche avanzate, l'SCT-01 contribuisce a ottimizzare la durata dei prodotti, rendendolo uno strumento prezioso per il controllo qualit\u00e0 in diversi settori, tra cui quello dell'imballaggio, della produzione della carta e delle agenzie di ispezione della qualit\u00e0.<\/p>","protected":false},"featured_media":6195,"comment_status":"closed","ping_status":"closed","template":"","meta":{"site-sidebar-layout":"default","site-content-layout":"default","ast-global-header-display":"","ast-main-header-display":"","ast-hfb-above-header-display":"","ast-hfb-below-header-display":"","ast-hfb-mobile-header-display":"","site-post-title":"","ast-breadcrumbs-content":"","ast-featured-img":"","footer-sml-layout":"","theme-transparent-header-meta":"default","adv-header-id-meta":"","stick-header-meta":"","header-above-stick-meta":"","header-main-stick-meta":"","header-below-stick-meta":""},"product_cat":[964,845,1088,965,44,95],"product_tag":[],"class_list":{"0":"post-5298","1":"product","2":"type-product","3":"status-publish","4":"has-post-thumbnail","6":"product_cat-box-compression-tester","7":"product_cat-customization","8":"product_cat-iso-9895","9":"product_cat-package-compression-tester","10":"product_cat-paper-and-board-testers","11":"product_cat-products","12":"desktop-align-left","13":"tablet-align-left","14":"mobile-align-left","16":"first","17":"instock","18":"shipping-taxable","19":"product-type-simple"},"_links":{"self":[{"href":"https:\/\/www.qualitester.com\/it\/wp-json\/wp\/v2\/product\/5298","targetHints":{"allow":["GET"]}}],"collection":[{"href":"https:\/\/www.qualitester.com\/it\/wp-json\/wp\/v2\/product"}],"about":[{"href":"https:\/\/www.qualitester.com\/it\/wp-json\/wp\/v2\/types\/product"}],"replies":[{"embeddable":true,"href":"https:\/\/www.qualitester.com\/it\/wp-json\/wp\/v2\/comments?post=5298"}],"version-history":[{"count":0,"href":"https:\/\/www.qualitester.com\/it\/wp-json\/wp\/v2\/product\/5298\/revisions"}],"wp:featuredmedia":[{"embeddable":true,"href":"https:\/\/www.qualitester.com\/it\/wp-json\/wp\/v2\/media\/6195"}],"wp:attachment":[{"href":"https:\/\/www.qualitester.com\/it\/wp-json\/wp\/v2\/media?parent=5298"}],"wp:term":[{"taxonomy":"product_cat","embeddable":true,"href":"https:\/\/www.qualitester.com\/it\/wp-json\/wp\/v2\/product_cat?post=5298"},{"taxonomy":"product_tag","embeddable":true,"href":"https:\/\/www.qualitester.com\/it\/wp-json\/wp\/v2\/product_tag?post=5298"}],"curies":[{"name":"wp","href":"https:\/\/api.w.org\/{rel}","templated":true}]}}