{"id":5295,"date":"2024-11-12T16:42:22","date_gmt":"2024-11-12T08:42:22","guid":{"rendered":"https:\/\/www.qualitester.com\/?post_type=product&#038;p=5295"},"modified":"2024-12-05T11:00:26","modified_gmt":"2024-12-05T03:00:26","slug":"sale-paper-softness-tester","status":"publish","type":"product","link":"https:\/\/www.qualitester.com\/it\/prodotto-2\/sale-paper-softness-tester\/","title":{"rendered":"RRD-01 Tester di morbidezza della carta"},"content":{"rendered":"<h2>Introduzione<\/h2>\n<p>Il tester di morbidezza della carta \u00e8 uno strumento di precisione progettato per misurare la morbidezza di materiali quali tessuti, tessuti non tessuti e altri materiali da imballaggio morbidi. Questo dispositivo svolge un ruolo fondamentale nel controllo della qualit\u00e0, fornendo dati accurati sulla morbidezza e sulla flessibilit\u00e0 di vari materiali, fattori essenziali in settori come l'imballaggio, i dispositivi medici, i tessuti e i beni di consumo quotidiano. Dotato di un'avanzata tecnologia di automazione e misurazione elettronica, il tester di morbidezza della carta garantisce risultati rapidi, affidabili e ripetibili, aiutando i produttori a rispettare gli standard di prodotto e a soddisfare le aspettative dei consumatori.<\/p>\n<h2>Principio di funzionamento<\/h2>\n<p>Il tester per la morbidezza della carta funziona con un meccanismo a lama e fessura. Durante il test, un campione viene posizionato attraverso una fessura sulla piattaforma di prova, dove una lama (sonda) applica una forza per spingere il materiale nella fessura. Questa forza, misurata dal tester, indica il livello di morbidezza del campione, in quanto rappresenta la resistenza del campione alla flessione o la sua flessibilit\u00e0. Il design del tester garantisce la precisione riducendo al minimo l'interferenza dell'utente, rendendolo una scelta affidabile sia per i laboratori che per le linee di produzione.<\/p>\n<h2>Aree di applicazione<\/h2>\n<p>Il tester di morbidezza della carta \u00e8 essenziale per valutare le propriet\u00e0 fisiche dei prodotti in vari settori:<\/p>\n<ul>\n<li><strong>Materiali da imballaggio<\/strong>: Garantisce che i materiali da imballaggio come la carta velina, i film plastici sottili e il cartone soddisfino i requisiti di morbidezza e flessibilit\u00e0.<\/li>\n<li><strong>Prodotti di carta<\/strong>: Ideale per testare la carta tissue, la carta igienica e altri prodotti cartacei di consumo per garantire una morbidezza ottimale.<\/li>\n<li><strong>Medico e farmaceutico<\/strong>: Adatto a materiali come carte e tessuti non tessuti per uso medico, che necessitano di una morbidezza specifica per la funzionalit\u00e0 e il comfort.<\/li>\n<li><strong>Tessili e adesivi<\/strong>: Valuta la morbidezza e la flessibilit\u00e0 di tessuti e adesivi, assicurando che soddisfino gli standard industriali di comfort e usabilit\u00e0.<\/li>\n<\/ul>\n<p>Questa versatilit\u00e0 rende il tester indispensabile in settori come l'imballaggio, l'alimentare, il farmaceutico, il tessile e le agenzie di ispezione della qualit\u00e0.<\/p>\n<h2>Standard chiave<\/h2>\n<p>Il tester di morbidezza della carta \u00e8 pienamente conforme ai seguenti requisiti <a href=\"https:\/\/www.qualitester.com\/it\/categoria-prodotto\/astm\/\" target=\"_blank\" rel=\"noopener\">Norme ASTM<\/a>, che fornisce metodi di analisi standardizzati e risultati affidabili:<\/p>\n<ul>\n<li><strong>GB\/T 8942<\/strong> Carta - Determinazione della morbidezza<\/li>\n<li><a href=\"https:\/\/www.astm.org\/d2923-06.html\" target=\"_blank\" rel=\"noopener nofollow\"><strong>ASTM D2923<\/strong><\/a> Metodo di prova per la rigidit\u00e0 di film e fogli di poliolefina<\/li>\n<li><strong>QB\/T 1060<\/strong> Tester di morbidezza<\/li>\n<li><a href=\"https:\/\/www.tappi.org\/product_pull\/09\/dec__06\/__30\/softness-of-sanitary-tissues\/\" target=\"_blank\" rel=\"noopener nofollow\"><strong>TAPPI T498<\/strong><\/a> Morbidezza dei tessuti sanitari<\/li>\n<li><strong><a href=\"https:\/\/www.astm.org\/d6828-02r19.html\" target=\"_blank\" rel=\"noopener nofollow\">ASTM D6828<\/a>-02<\/strong> (Riapprovato nel 2019) Metodo di prova standard per la rigidit\u00e0 dei tessuti con procedura a lama\/scanalatura<\/li>\n<\/ul>\n<p>L'adesione a questi standard ASTM garantisce che il Paper Softness Tester soddisfi i requisiti di prova internazionali, offrendo agli utenti fiducia nella qualit\u00e0 e nell'accuratezza dei risultati.<\/p>\n<h2>Vantaggi del tester di morbidezza della carta<\/h2>\n<ul>\n<li><strong>Misure automatizzate e precise<\/strong>: Il design automatizzato del tester riduce al minimo la possibilit\u00e0 di errore umano, fornendo risultati sempre precisi senza regolazioni manuali.<\/li>\n<li><strong>Funzionamento facile da usare<\/strong>: Grazie al semplice posizionamento dei campioni e alla procedura di analisi automatica, gli operatori possono condurre facilmente i test senza una formazione approfondita.<\/li>\n<li><strong>Affidabilit\u00e0 migliorata<\/strong>: Il sistema di controllo elettronico fornisce risultati altamente ripetibili, garantendo la coerenza nelle valutazioni del controllo qualit\u00e0.<\/li>\n<\/ul>\n<h2>Specifiche tecniche<\/h2>\n<table>\n<tbody>\n<tr>\n<td style=\"text-align: center;\" width=\"126\">Campo di prova<\/td>\n<td style=\"text-align: center;\" width=\"222\">(10~1000) mN<\/td>\n<\/tr>\n<tr>\n<td style=\"text-align: center;\" width=\"126\">Dimensione della lama di prova<\/td>\n<td style=\"text-align: center;\" width=\"222\">R. mm, 120mm*2mm L*D<\/td>\n<\/tr>\n<tr>\n<td style=\"text-align: center;\" width=\"126\">Corsa della lama<\/td>\n<td style=\"text-align: center;\" width=\"222\">8\u00b10,5 mm<\/td>\n<\/tr>\n<tr>\n<td style=\"text-align: center;\" width=\"126\">Velocit\u00e0 del test<\/td>\n<td style=\"text-align: center;\" width=\"222\">1,2 mm\/s<\/td>\n<\/tr>\n<tr>\n<td style=\"text-align: center;\" width=\"126\">Risoluzione della forza<\/td>\n<td style=\"text-align: center;\" width=\"222\">1mN<\/td>\n<\/tr>\n<tr>\n<td style=\"text-align: center;\" width=\"126\">Precisione<\/td>\n<td style=\"text-align: center;\" width=\"222\">\u00b11%<\/td>\n<\/tr>\n<tr>\n<td style=\"text-align: center;\" width=\"126\">Larghezza dello slot<\/td>\n<td style=\"text-align: center;\" width=\"222\">5 mm, 6,35 mm, 10 mm, 20 mm<\/td>\n<\/tr>\n<tr>\n<td style=\"text-align: center;\" width=\"126\">Potenza<\/td>\n<td style=\"text-align: center;\" width=\"222\">AC 220V 50Hz<\/td>\n<\/tr>\n<\/tbody>\n<\/table>\n<h2>Perch\u00e9 scegliere il nostro tester di morbidezza della carta?<\/h2>\n<p>Il nostro tester per la morbidezza della carta si distingue per la sua durata, precisione e aderenza agli standard ASTM (ASTM D2063, ASTM D3198 e ASTM D3474). Questo tester \u00e8 ideale per il controllo qualit\u00e0 nei settori che danno priorit\u00e0 alla morbidezza dei materiali, come l'imballaggio, i beni di consumo e la sanit\u00e0. Inoltre, sono disponibili opzioni di personalizzazione per soddisfare requisiti di prova specifici, assicurando che questo strumento soddisfi le esigenze uniche di ogni utente.<\/p>\n<h2>Domande frequenti (FAQ)<\/h2>\n<p><strong>1. In che modo il tester di morbidezza della carta si differenzia da altri metodi di verifica della morbidezza?<\/strong><br \/>\nA differenza dei tester manuali, questo tester automatico riduce al minimo le distorsioni dell'utente e migliora l'accuratezza misurando elettronicamente la forza necessaria per penetrare il campione.<\/p>\n<p><strong>2. Quali tipi di materiali possono essere testati con questo strumento?<\/strong><br \/>\nQuesto tester \u00e8 adatto a materiali morbidi come la carta tissue, i tessuti non tessuti, i tessuti e alcuni materiali da imballaggio, offrendo flessibilit\u00e0 di applicazione.<\/p>\n<p><strong>3. Quanto sono accurati i risultati e sono ripetibili?<\/strong><br \/>\nIl sistema di controllo elettronico garantisce un'elevata precisione e ripetibilit\u00e0, rendendo questo tester altamente affidabile per il controllo della qualit\u00e0.<\/p>\n<p><strong>4. Il tester di morbidezza della carta \u00e8 facile da usare per il personale non tecnico?<\/strong><br \/>\nS\u00ec, il processo di test automatizzato e il semplice posizionamento dei campioni lo rendono facile da usare, anche per gli operatori con un'esperienza tecnica minima.<\/p>","protected":false},"excerpt":{"rendered":"<p>Il tester di morbidezza della carta \u00e8 uno strumento di precisione progettato per misurare la morbidezza di materiali quali tessuti, tessuti non tessuti e altri materiali da imballaggio morbidi. Questo dispositivo svolge un ruolo fondamentale nel controllo della qualit\u00e0, fornendo dati accurati sulla morbidezza e sulla flessibilit\u00e0 di vari materiali, fattori essenziali in settori come l'imballaggio, i dispositivi medici, i tessuti e i beni di consumo quotidiano. Dotato di un'avanzata tecnologia di automazione e misurazione elettronica, il tester di morbidezza della carta garantisce risultati rapidi, affidabili e ripetibili, aiutando i produttori a rispettare gli standard di prodotto e a soddisfare le aspettative dei consumatori.<\/p>","protected":false},"featured_media":6192,"comment_status":"closed","ping_status":"closed","template":"","meta":{"site-sidebar-layout":"default","site-content-layout":"default","ast-global-header-display":"","ast-main-header-display":"","ast-hfb-above-header-display":"","ast-hfb-below-header-display":"","ast-hfb-mobile-header-display":"","site-post-title":"","ast-breadcrumbs-content":"","ast-featured-img":"","footer-sml-layout":"","theme-transparent-header-meta":"default","adv-header-id-meta":"","stick-header-meta":"","header-above-stick-meta":"","header-main-stick-meta":"","header-below-stick-meta":""},"product_cat":[845,1151,1153,953,956,955,954,957,958,952,959,1152,44,95],"product_tag":[],"class_list":{"0":"post-5295","1":"product","2":"type-product","3":"status-publish","4":"has-post-thumbnail","6":"product_cat-customization","7":"product_cat-astm-d2923","8":"product_cat-astm-d6828","9":"product_cat-bursting-tester","10":"product_cat-cobb-tester","11":"product_cat-crush-tester","12":"product_cat-paper-tear-tester","13":"product_cat-plybond-tester","14":"product_cat-puncture-tester","15":"product_cat-rub-tester","16":"product_cat-stiffness-tester","17":"product_cat-tappi-t498","18":"product_cat-paper-and-board-testers","19":"product_cat-products","20":"desktop-align-left","21":"tablet-align-left","22":"mobile-align-left","24":"first","25":"instock","26":"shipping-taxable","27":"product-type-simple"},"_links":{"self":[{"href":"https:\/\/www.qualitester.com\/it\/wp-json\/wp\/v2\/product\/5295","targetHints":{"allow":["GET"]}}],"collection":[{"href":"https:\/\/www.qualitester.com\/it\/wp-json\/wp\/v2\/product"}],"about":[{"href":"https:\/\/www.qualitester.com\/it\/wp-json\/wp\/v2\/types\/product"}],"replies":[{"embeddable":true,"href":"https:\/\/www.qualitester.com\/it\/wp-json\/wp\/v2\/comments?post=5295"}],"version-history":[{"count":0,"href":"https:\/\/www.qualitester.com\/it\/wp-json\/wp\/v2\/product\/5295\/revisions"}],"wp:featuredmedia":[{"embeddable":true,"href":"https:\/\/www.qualitester.com\/it\/wp-json\/wp\/v2\/media\/6192"}],"wp:attachment":[{"href":"https:\/\/www.qualitester.com\/it\/wp-json\/wp\/v2\/media?parent=5295"}],"wp:term":[{"taxonomy":"product_cat","embeddable":true,"href":"https:\/\/www.qualitester.com\/it\/wp-json\/wp\/v2\/product_cat?post=5295"},{"taxonomy":"product_tag","embeddable":true,"href":"https:\/\/www.qualitester.com\/it\/wp-json\/wp\/v2\/product_tag?post=5295"}],"curies":[{"name":"wp","href":"https:\/\/api.w.org\/{rel}","templated":true}]}}