{"id":5289,"date":"2024-11-13T09:14:26","date_gmt":"2024-11-13T01:14:26","guid":{"rendered":"https:\/\/www.qualitester.com\/?post_type=product&#038;p=5289"},"modified":"2024-12-04T16:29:42","modified_gmt":"2024-12-04T08:29:42","slug":"sale-vertical-motorized-test-stand","status":"publish","type":"product","link":"https:\/\/www.qualitester.com\/it\/prodotto-2\/sale-vertical-motorized-test-stand\/","title":{"rendered":"Banco di prova verticale motorizzato DTS-01"},"content":{"rendered":"<h2><strong>Panoramica del banco prova verticale motorizzato<\/strong><\/h2>\n<p>Il <strong>Banco di prova verticale motorizzato (DTS-01)<\/strong> \u00e8 uno strumento di prova ad alta precisione progettato per fornire risultati affidabili e accurati sulla resistenza e la durata dei materiali. Costruito con una robusta struttura a doppio palo, questo banco di prova garantisce un'eccezionale stabilit\u00e0 durante le prove, rendendolo adatto ad applicazioni impegnative in diversi settori industriali. Grazie a funzioni avanzate come la regolazione continua della velocit\u00e0 e la doppia modalit\u00e0 di controllo, manuale (jog) e automatica, questo banco \u00e8 versatile, facile da usare e adattabile a una serie di scenari di prova.<\/p>\n<h2><strong>Applicazioni del banco prova verticale motorizzato<\/strong><\/h2>\n<p>Il banco di prova verticale motorizzato DTS-01 \u00e8 ideale per un'ampia gamma di applicazioni di prova, in particolare:<\/p>\n<ul>\n<li><strong>Test di trazione sui materiali<\/strong>: Progettato specificamente per supportare le prove di trazione dei materiali, questo stativo consente di misurare con precisione la resistenza alla trazione, l'allungamento e l'elasticit\u00e0. Fornisce dati cruciali sulle prestazioni di un materiale sotto sforzo, essenziali per il controllo di qualit\u00e0 e la conformit\u00e0.<\/li>\n<li><strong>Altre applicazioni di test<\/strong>: Oltre alle prove di trazione, il DTS-01 pu\u00f2 eseguire prove di carico push-pull, misurazioni della forza di inserimento e di estrazione e prove di danneggiamento. La sua versatilit\u00e0 lo rende uno strumento prezioso in tutti i settori industriali, tra cui gomma, plastica, tessuti industriali leggeri, materiali da costruzione, parti di automobili, macchinari elettrici e ricerca scientifica.<\/li>\n<\/ul>\n<h2><strong>Specifiche tecniche e caratteristiche<\/strong><\/h2>\n<p>Il DTS-01 \u00e8 stato progettato per offrire funzionalit\u00e0 ottimali e facilit\u00e0 d'uso:<\/p>\n<ul>\n<li><strong>Struttura robusta e stabilit\u00e0<\/strong>: Grazie al design a doppio polo e al sistema di trasmissione a ingranaggi, il banco di prova mantiene un funzionamento stabile per tutta la durata delle procedure di prova, garantendo precisione e ripetibilit\u00e0 dei risultati.<\/li>\n<li><strong>Funzioni di controllo intuitive<\/strong>: Il DTS-01 \u00e8 dotato di un pannello di controllo accessibile per un facile utilizzo:\n<ul>\n<li><strong>Interruttore di alimentazione<\/strong>: Attiva l'alimentazione, indicata da una spia sul display del contatore.<\/li>\n<li><strong>Manopola di regolazione della velocit\u00e0<\/strong>: Permette un controllo continuo della velocit\u00e0 in un intervallo compreso tra 60 e 500 mm\/min, consentendo agli operatori di adattare la velocit\u00e0 di prova in base a requisiti specifici.<\/li>\n<li><strong>Pulsanti UP\/STOP\/DOWN<\/strong>: Fornisce un movimento preciso del misuratore di forza in entrambe le direzioni, consentendo un'applicazione accurata della forza.<\/li>\n<li><strong>Commutazione manuale\/automatica<\/strong>: Aumenta la flessibilit\u00e0 consentendo agli operatori di scegliere tra modalit\u00e0 di controllo manuali e automatiche, a seconda delle esigenze di prova.<\/li>\n<\/ul>\n<\/li>\n<li><strong>Personalizzazione e compatibilit\u00e0<\/strong>: Progettato per funzionare con una variet\u00e0 di dispositivi e misuratori di forza, il DTS-01 pu\u00f2 essere facilmente personalizzato per soddisfare requisiti di prova specifici, offrendo una maggiore flessibilit\u00e0 per diversi scenari di prova.<\/li>\n<\/ul>\n<h2>Parametro principale<\/h2>\n<table style=\"height: 141px;\" width=\"1173\">\n<tbody>\n<tr>\n<td style=\"text-align: center;\" width=\"125\">Carico massimo<\/td>\n<td style=\"text-align: center;\" colspan=\"3\" rowspan=\"1\" width=\"228\">500N<\/td>\n<td style=\"text-align: center;\" colspan=\"3\" rowspan=\"1\" width=\"228\">1000N<\/td>\n<\/tr>\n<tr>\n<td style=\"text-align: center;\" width=\"125\">Stoke efficace<\/td>\n<td style=\"text-align: center;\" width=\"73\">200 mm<\/td>\n<td style=\"text-align: center;\" width=\"73\">400 mm<\/td>\n<td style=\"text-align: center;\" width=\"82\">700 mm<\/td>\n<td style=\"text-align: center;\" width=\"82\">200 mm<\/td>\n<td style=\"text-align: center;\" width=\"73\">400 mm<\/td>\n<td style=\"text-align: center;\" width=\"73\">700 mm<\/td>\n<\/tr>\n<tr>\n<td style=\"text-align: center;\" width=\"125\">Dimensioni cm<\/td>\n<td style=\"text-align: center;\" width=\"73\">28*34*78<\/td>\n<td style=\"text-align: center;\" width=\"73\">28*34*98<\/td>\n<td style=\"text-align: center;\" width=\"82\">28*34*127<\/td>\n<td style=\"text-align: center;\" width=\"82\">28*34*127<\/td>\n<td style=\"text-align: center;\" width=\"73\">28*34*78<\/td>\n<td style=\"text-align: center;\" width=\"73\">28*34*98<\/td>\n<\/tr>\n<tr>\n<td style=\"text-align: center;\" width=\"125\">Peso netto<\/td>\n<td style=\"text-align: center;\" width=\"73\">38KG<\/td>\n<td style=\"text-align: center;\" width=\"73\">40KG<\/td>\n<td style=\"text-align: center;\" width=\"82\">42KG<\/td>\n<td style=\"text-align: center;\" width=\"82\">42KG<\/td>\n<td style=\"text-align: center;\" width=\"73\">38KG<\/td>\n<td style=\"text-align: center;\" width=\"73\">40KG<\/td>\n<\/tr>\n<tr>\n<td style=\"text-align: center;\" width=\"125\">Velocit\u00e0 del test<\/td>\n<td style=\"text-align: center;\" colspan=\"6\" rowspan=\"1\" width=\"456\">70~270 mm\/min<\/td>\n<\/tr>\n<tr>\n<td style=\"text-align: center;\" width=\"125\">Potenza<\/td>\n<td style=\"text-align: center;\" colspan=\"6\" rowspan=\"1\" width=\"456\">AC110\/220V<\/td>\n<\/tr>\n<\/tbody>\n<\/table>\n<h2><strong>Processo di installazione e montaggio del misuratore di forza<\/strong><\/h2>\n<p>L'installazione del misuratore di forza sul DTS-01 \u00e8 semplice e garantisce un montaggio sicuro per ottenere risultati accurati. Per l'installazione, attenersi alla seguente procedura:<\/p>\n<ol>\n<li>Inserire quattro viti M6 nei fori designati \u03c66,2 del blocco fisso, inserendo delle rondelle in ogni direzione della filettatura.<\/li>\n<li>Serrare le viti per fissare il misuratore di forza alla piastra di montaggio. La piastra di montaggio offre due serie di fori di montaggio (30\u00d7145 mm e 40\u00d790 mm) per la compatibilit\u00e0 con varie configurazioni di misuratori.<\/li>\n<\/ol>\n<h2><strong>Prove di trazione sui materiali: Metodi di prova e standard<\/strong><\/h2>\n<p>Le prove di trazione dei materiali sono essenziali per valutarne la resistenza, l'elasticit\u00e0 e la durata complessiva. Il banco di prova verticale motorizzato DTS-01 esegue prove di trazione applicando una forza precisa e controllata, registrando misure che indicano come un materiale risponde alle forze di allungamento o di trazione.<\/p>\n<h3><strong>Metodologia di test<\/strong><\/h3>\n<p>Il processo di prova di trazione comprende generalmente la preparazione del campione di materiale, il fissaggio sicuro al banco di prova, l'applicazione della forza attraverso il misuratore di forza e la registrazione dei dati. La velocit\u00e0 e la forza applicate possono essere regolate in base alle specifiche del materiale, garantendo risultati accurati e rappresentativi delle prestazioni reali.<\/p>\n<h3><strong>Standard pertinenti<\/strong><\/h3>\n<p>Le seguenti norme ASTM sono comunemente seguite nelle prove di trazione, ognuna delle quali specifica le linee guida per diversi tipi di materiali:<\/p>\n<ul>\n<li><strong>ASTM D638<\/strong>: Metodo di prova standard per le propriet\u00e0 di trazione delle materie plastiche, che descrive le procedure per la determinazione della resistenza alla trazione, dell'allungamento e del modulo.<\/li>\n<li><strong>ASTM D882<\/strong>: Riguarda i fogli di plastica sottili e delinea i metodi per valutare le propriet\u00e0 di trazione di film e fogli di plastica.<\/li>\n<li><strong>ASTM D412<\/strong>: Specifica le procedure di prova per la gomma e i materiali elastomerici, compresi i metodi di misurazione della resistenza alla trazione, dell'allungamento e delle sollecitazioni.<\/li>\n<\/ul>\n<h3><strong>Vantaggi tecnici del banco prova verticale motorizzato<\/strong><\/h3>\n<ul>\n<li><strong>Maggiore precisione e stabilit\u00e0<\/strong>: Grazie a caratteristiche quali la trasmissione a ingranaggi e la regolazione continua della velocit\u00e0, il DTS-01 offre un'elevata precisione, in grado di soddisfare i requisiti di test pi\u00f9 severi.<\/li>\n<li><strong>Funzionamento facile da usare<\/strong>: Gli operatori possono facilmente passare dalla modalit\u00e0 manuale a quella automatica e regolare la velocit\u00e0 del test, semplificando il processo di test e garantendo un controllo flessibile delle condizioni di test.<\/li>\n<\/ul>\n<h3><strong>Applicazioni consigliate in tutti i settori<\/strong><\/h3>\n<p>Grazie alla sua versatilit\u00e0, il DTS-01 viene utilizzato in numerosi settori, tra cui:<\/p>\n<ul>\n<li><strong>Imballaggio e ispezione della qualit\u00e0<\/strong>: Ideale per garantire la durata e la conformit\u00e0 dei prodotti nei materiali di imballaggio.<\/li>\n<li><strong>Automotive ed elettronica<\/strong>: Utilizzato per testare la resistenza e la flessibilit\u00e0 dei componenti nelle parti automobilistiche e nei dispositivi elettronici.<\/li>\n<li><strong>Farmaceutico e alimentare<\/strong>: Garantire la conformit\u00e0 dei materiali agli standard normativi per il confezionamento di prodotti farmaceutici e alimentari.<\/li>\n<li><strong>Tessili e adesivi<\/strong>: Utilizzato per valutare le prestazioni dei materiali per la produzione tessile e i prodotti adesivi.<\/li>\n<\/ul>\n<h3><strong>Domande frequenti (FAQ)<\/strong><\/h3>\n<ol>\n<li><strong>Quali tipi di test pu\u00f2 eseguire il banco prova verticale motorizzato?<\/strong><br \/>\nIl banco di prova \u00e8 in grado di eseguire prove di trazione del materiale, prove di carico push-pull, prove di inserimento e di estrazione e prove di danneggiamento di vari materiali.<\/li>\n<li><strong>Come si regola la velocit\u00e0 sul banco di prova?<\/strong><br \/>\nLa manopola di regolazione della velocit\u00e0 sul pannello di controllo consente di impostare la velocit\u00e0 di movimento del misuratore di forza tra 60 e 500 mm\/min per ottenere condizioni di prova ottimali.<\/li>\n<li><strong>Quali sono i settori che beneficiano maggiormente di questo banco di prova?<\/strong><br \/>\nSettori come l'imballaggio, l'automotive, l'alimentare, il farmaceutico, gli adesivi e il tessile utilizzano spesso questo stativo per il controllo qualit\u00e0 e i test di conformit\u00e0.<\/li>\n<li><strong>Il banco di prova verticale motorizzato \u00e8 compatibile con vari misuratori di forza?<\/strong><br \/>\nS\u00ec, il DTS-01 \u00e8 compatibile con una serie di misuratori di forza e dispositivi di fissaggio, consentendo la personalizzazione in base ai requisiti di prova.<\/li>\n<li><strong>In che modo la funzione di commutazione manuale\/automatica migliora la flessibilit\u00e0 dei test?<\/strong><br \/>\nL'interruttore manuale\/automatico consente agli utenti di scegliere la modalit\u00e0 di controllo pi\u00f9 adatta alle loro esigenze di test, sia che si tratti di regolazioni manuali precise che di test automatici a mani libere.<\/li>\n<\/ol>","protected":false},"excerpt":{"rendered":"<p>Il <strong>Banco di prova verticale motorizzato (DTS-01)<\/strong> \u00e8 uno strumento di prova ad alta precisione progettato per fornire risultati affidabili e accurati sulla resistenza e la durata dei materiali. Costruito con una robusta struttura a doppio palo, questo banco di prova garantisce un'eccezionale stabilit\u00e0 durante le prove, rendendolo adatto ad applicazioni impegnative in diversi settori industriali. Grazie a funzioni avanzate come la regolazione continua della velocit\u00e0 e la doppia modalit\u00e0 di controllo, manuale (jog) e automatica, questo banco \u00e8 versatile, facile da usare e adattabile a una serie di scenari di prova.<\/p>","protected":false},"featured_media":6146,"comment_status":"closed","ping_status":"closed","template":"","meta":{"site-sidebar-layout":"default","site-content-layout":"default","ast-global-header-display":"","ast-main-header-display":"","ast-hfb-above-header-display":"","ast-hfb-below-header-display":"","ast-hfb-mobile-header-display":"","site-post-title":"","ast-breadcrumbs-content":"","ast-featured-img":"","footer-sml-layout":"","theme-transparent-header-meta":"default","adv-header-id-meta":"","stick-header-meta":"","header-above-stick-meta":"","header-main-stick-meta":"","header-below-stick-meta":""},"product_cat":[845,938,679,673,17,44,149,16,95],"product_tag":[],"class_list":{"0":"post-5289","1":"product","2":"type-product","3":"status-publish","4":"has-post-thumbnail","6":"product_cat-customization","7":"product_cat-textile-tester","8":"product_cat-tensile-tester","9":"product_cat-adhesive-tester","10":"product_cat-package-container-testers","11":"product_cat-paper-and-board-testers","12":"product_cat-pharma-and-medical-testers","13":"product_cat-plastic-packaging-testers","14":"product_cat-products","15":"desktop-align-left","16":"tablet-align-left","17":"mobile-align-left","19":"first","20":"instock","21":"shipping-taxable","22":"product-type-simple"},"_links":{"self":[{"href":"https:\/\/www.qualitester.com\/it\/wp-json\/wp\/v2\/product\/5289","targetHints":{"allow":["GET"]}}],"collection":[{"href":"https:\/\/www.qualitester.com\/it\/wp-json\/wp\/v2\/product"}],"about":[{"href":"https:\/\/www.qualitester.com\/it\/wp-json\/wp\/v2\/types\/product"}],"replies":[{"embeddable":true,"href":"https:\/\/www.qualitester.com\/it\/wp-json\/wp\/v2\/comments?post=5289"}],"version-history":[{"count":0,"href":"https:\/\/www.qualitester.com\/it\/wp-json\/wp\/v2\/product\/5289\/revisions"}],"wp:featuredmedia":[{"embeddable":true,"href":"https:\/\/www.qualitester.com\/it\/wp-json\/wp\/v2\/media\/6146"}],"wp:attachment":[{"href":"https:\/\/www.qualitester.com\/it\/wp-json\/wp\/v2\/media?parent=5289"}],"wp:term":[{"taxonomy":"product_cat","embeddable":true,"href":"https:\/\/www.qualitester.com\/it\/wp-json\/wp\/v2\/product_cat?post=5289"},{"taxonomy":"product_tag","embeddable":true,"href":"https:\/\/www.qualitester.com\/it\/wp-json\/wp\/v2\/product_tag?post=5289"}],"curies":[{"name":"wp","href":"https:\/\/api.w.org\/{rel}","templated":true}]}}