{"id":5271,"date":"2024-11-07T10:59:28","date_gmt":"2024-11-07T02:59:28","guid":{"rendered":"https:\/\/www.qualitester.com\/?post_type=product&#038;p=5271"},"modified":"2024-12-05T10:19:31","modified_gmt":"2024-12-05T02:19:31","slug":"sale-corrugated-concora-medium-fluter","status":"publish","type":"product","link":"https:\/\/www.qualitester.com\/it\/prodotto-2\/sale-corrugated-concora-medium-fluter\/","title":{"rendered":"CWY-01 Fluter medio Concora"},"content":{"rendered":"<h2>Introduzione<\/h2>\n<p>Il <strong>CWY-01 Fluter medio Concora<\/strong> \u00e8 uno strumento di alta qualit\u00e0 progettato per produrre campioni standardizzati e scanalati da materiali ondulati. Utilizzato nei settori dell'imballaggio, farmaceutico, alimentare, elettronico e del controllo qualit\u00e0, questo strumento \u00e8 essenziale per garantire la resistenza e la durata dei materiali ondulati. Preparando i campioni per la <strong>Test del mezzo di ondulazione (CMT)<\/strong> e <strong>Prova di schiacciamento su ondulato (CCT)<\/strong>, Il CWY-01 consente ai produttori di soddisfare gli standard di qualit\u00e0 e di mantenere la coerenza dei prodotti.<\/p>\n<h2>Applicazioni principali del fluter medio CWY-01 Concora<\/h2>\n<p>Il <strong>CWY-01 Fluter medio Concora<\/strong> \u00e8 essenziale per valutare la resistenza del supporto ondulato e di altri materiali utilizzati nella produzione di cartone ondulato. La sua funzione principale \u00e8 quella di preparare campioni uniformi e scanalati da sottoporre a prove di resistenza alla compressione, consentendo agli utenti di determinare la capacit\u00e0 di un materiale di resistere alla pressione e di mantenere l'integrit\u00e0 strutturale sotto carico. Le applicazioni includono:<\/p>\n<ul>\n<li><strong>CMT<\/strong> per misurare la resistenza allo schiacciamento in piano dei campioni scanalati<\/li>\n<li><strong>CCT<\/strong> per valutare la resistenza alla compressione perimetrale del cartone ondulato<\/li>\n<\/ul>\n<p>Utilizzato ampiamente in <strong>imballaggi, dispositivi medici, prodotti farmaceutici e ispezioni di qualit\u00e0.<\/strong>, Il CWY-01 aiuta i produttori a testare i materiali con grande affidabilit\u00e0 ed efficienza.<\/p>\n<h2>Principi di funzionamento<\/h2>\n<p>Il fluter medio CWY-01 Concora \u00e8 stato progettato all'insegna della precisione e della facilit\u00e0 d'uso. Il suo funzionamento richiede pochi e semplici passaggi:<\/p>\n<ol>\n<li><strong>Impostazione della temperatura<\/strong>: Una volta accesa la macchina, l'operatore imposta la temperatura per garantire che i dischi ondulatori raggiungano una temperatura ottimale e stabile. Questa distribuzione uniforme del calore \u00e8 fondamentale per la formazione di scanalature precise.<\/li>\n<li><strong>Esempio di alimentazione<\/strong>: Il campione di materiale ondulato viene inserito dall'alto, dove passa attraverso i dischi riscaldati, creando una forma scanalata uniforme.<\/li>\n<li><strong>Preparazione ai test<\/strong>: Il campione scanalato viene quindi posto in un <strong>Rack CMT o supporto CCT<\/strong> ed \u00e8 pronto per le prove di resistenza alla compressione con apparecchiature di prova ad alta precisione.<\/li>\n<\/ol>\n<p>Questo processo sistematico assicura risultati coerenti e ripetibili, consentendo un controllo di qualit\u00e0 preciso in linea con gli standard del settore.<\/p>\n<h2>Standard e metodi di test rilevanti<\/h2>\n<p>Il fluter medio CWY-01 Concora \u00e8 conforme ai principali standard industriali, garantendo risultati di alta qualit\u00e0 e standardizzati:<\/p>\n<ul>\n<li><strong><a href=\"https:\/\/www.iso.org\/standard\/56171.html\" target=\"_blank\" rel=\"noopener nofollow\">ISO 7263<\/a>: Test del mezzo di ondulazione (CMT)<\/strong>\n<ul>\n<li>ISO 7263 specifica il <strong>Test del mezzo di ondulazione (CMT)<\/strong>, per la misurazione della resistenza allo schiacciamento in piano del supporto ondulato dopo la scanalatura. Questo standard include sia <a href=\"https:\/\/www.qualitester.com\/it\/categoria-prodotto\/iso\/iso-7263-1\/\" target=\"_blank\" rel=\"noopener\"><strong>ISO 7263-1<\/strong><\/a> per i campioni condizionati e <strong>ISO 7263-2<\/strong> per campioni umidi. Il CWY-01 consente la preparazione di campioni conformi ai requisiti ISO, garantendo risultati accurati e affidabili.<\/li>\n<\/ul>\n<\/li>\n<li><strong><a href=\"https:\/\/www.iso.org\/standard\/57983.html\" target=\"_blank\" rel=\"noopener nofollow\">ISO 16945<\/a>: Prova di schiacciamento su ondulato (CCT)<\/strong>\n<ul>\n<li><a href=\"https:\/\/www.qualitester.com\/it\/categoria-prodotto\/iso\/iso16945\/\" target=\"_blank\" rel=\"noopener\">ISO 16945<\/a> si concentra sul <strong>Prova di schiacciamento su ondulato (CCT)<\/strong>, che valuta la resistenza allo schiacciamento dei bordi del cartone ondulato, una misura critica della durata del materiale negli imballaggi. La capacit\u00e0 del CWY-01 di creare campioni scanalati precisi \u00e8 conforme alla norma ISO 16945 e consente di eseguire test di resistenza alla compressione coerenti e conformi agli standard.<\/li>\n<\/ul>\n<\/li>\n<li><strong><a href=\"https:\/\/imisrise.tappi.org\/TAPPI\/Products\/01\/T\/0104t843.aspx\" target=\"_blank\" rel=\"noopener nofollow\">TAPPI T843<\/a>: Test di schiacciamento in piano per il materiale ondulato<\/strong>\n<ul>\n<li><a href=\"https:\/\/www.qualitester.com\/it\/categoria-prodotto\/tappi\/tappi-t843\/\" target=\"_blank\" rel=\"noopener\">TAPPI T843<\/a> delinea le procedure per la verifica del <strong>resistenza allo schiacciamento in piano<\/strong> di carta scanalata. L'uso del CWY-01 per produrre campioni standardizzati in conformit\u00e0 con la norma TAPPI T843 migliora l'accuratezza e la comparabilit\u00e0 dei test, fondamentali per l'assicurazione della qualit\u00e0 nelle applicazioni di imballaggio in cartone ondulato.<\/li>\n<\/ul>\n<\/li>\n<\/ul>\n<h2>Caratteristiche e vantaggi principali del fluter medio CWY-01 Concora<\/h2>\n<ol>\n<li><strong>Costruzione resistente e versatile<\/strong>\n<ul>\n<li>Costruito per resistere a un uso intensivo, il CWY-01 offre affidabilit\u00e0 per operazioni a lungo termine, ideale per gli ambienti di test pi\u00f9 esigenti.<\/li>\n<\/ul>\n<\/li>\n<li><strong>Dischi ondulatori intercambiabili<\/strong>\n<ul>\n<li>Facilmente adattabile, il CWY-01 consente di sostituire i dischi con profili di flauto diversi, offrendo versatilit\u00e0 nella preparazione dei campioni.<\/li>\n<\/ul>\n<\/li>\n<li><strong>Campo di pressione regolabile con opzioni di calibrazione<\/strong>\n<ul>\n<li>Le impostazioni di pressione personalizzabili consentono regolazioni precise per i vari requisiti di test, mantenendo la conformit\u00e0 agli standard internazionali.<\/li>\n<\/ul>\n<\/li>\n<li><strong>Design verticale efficiente dal punto di vista dello spazio<\/strong>\n<ul>\n<li>La struttura verticale del CWY-01 semplifica l'alimentazione dei campioni, riducendo al minimo l'ingombro e massimizzando la facilit\u00e0 d'uso.<\/li>\n<\/ul>\n<\/li>\n<li><strong>Meccanismo di riscaldamento incorporato per una distribuzione uniforme della temperatura<\/strong>\n<ul>\n<li>Il riscaldamento integrato assicura una distribuzione uniforme della temperatura su entrambi i dischi, fondamentale per creare scanalature uniformi e di alta qualit\u00e0.<\/li>\n<\/ul>\n<\/li>\n<li><strong>Controllo preciso della temperatura<\/strong>\n<ul>\n<li>Gli utenti possono impostare e controllare la temperatura con precisione, garantendo l'affidabilit\u00e0 della preparazione dei campioni e l'integrit\u00e0 dei test.<\/li>\n<\/ul>\n<\/li>\n<\/ol>\n<h2>Parametri principali del fluter medio CWY-01 Concora<\/h2>\n<ul>\n<li><strong>Larghezza del campione<\/strong>: 0,5 pollici (12,7 mm)<\/li>\n<li><strong>Intervallo di temperatura<\/strong>: Regolabile per ambienti di prova specifici<\/li>\n<li><strong>Intervallo di pressione<\/strong>: Regolabile, calibrato per soddisfare diversi standard di test<\/li>\n<\/ul>\n<h2>Domande frequenti<\/h2>\n<ol>\n<li><strong>A cosa serve il fluter medio CWY-01 Concora?<\/strong>\n<ul>\n<li>Il CWY-01 prepara campioni scanalati da supporti ondulati, essenziali per le prove di resistenza con i metodi CMT e CCT.<\/li>\n<\/ul>\n<\/li>\n<li><strong>In che modo il fluter medio CWY-01 Concora \u00e8 conforme alla norma ISO 7263?<\/strong>\n<ul>\n<li>Il CWY-01 consente di produrre campioni scanalati come specificato nella norma ISO 7263, assicurando risultati standardizzati nei test di resistenza media dell'ondulazione.<\/li>\n<\/ul>\n<\/li>\n<li><strong>Quali tipi di materiali possono essere testati con il CWY-01?<\/strong>\n<ul>\n<li>Il CWY-01 \u00e8 stato progettato per il materiale ondulato, ma \u00e8 adatto anche ad altri materiali che richiedono prove di resistenza alla compressione negli imballaggi ondulati.<\/li>\n<\/ul>\n<\/li>\n<li><strong>Come viene controllata la temperatura nel CWY-01?<\/strong>\n<ul>\n<li>Il meccanismo di riscaldamento incorporato fornisce un controllo preciso, con un calore uniformemente distribuito sui dischi, assicurando una formazione accurata del campione.<\/li>\n<\/ul>\n<\/li>\n<li><strong>Il CWY-01 pu\u00f2 adattarsi a diversi tipi di flauto?<\/strong>\n<ul>\n<li>S\u00ec, il CWY-01 \u00e8 dotato di dischi intercambiabili, che consentono di ottenere diversi profili di flauto in base alle specifiche esigenze di test.<\/li>\n<\/ul>\n<\/li>\n<\/ol>\n<p>Il <strong>CWY-01 Fluter medio Concora<\/strong> \u00e8 uno strumento robusto, adattabile e preciso, progettato per la produzione di campioni scanalati che soddisfano i rigorosi standard del settore, come ad esempio <strong>ISO 7263<\/strong>, <strong>ISO 16945<\/strong>, e <strong>TAPPI T843<\/strong>. Questo strumento versatile \u00e8 ideale per i produttori e i team di controllo qualit\u00e0 che cercano di garantire i massimi livelli di prestazioni e affidabilit\u00e0 dei materiali di imballaggio ondulati.<\/p>","protected":false},"excerpt":{"rendered":"<p>Il <strong>CWY-01 Fluter medio Concora<\/strong> \u00e8 uno strumento di alta qualit\u00e0 progettato per produrre campioni standardizzati e scanalati da materiali ondulati. Utilizzato nei settori dell'imballaggio, farmaceutico, alimentare, elettronico e del controllo qualit\u00e0, questo strumento \u00e8 essenziale per garantire la resistenza e la durata dei materiali ondulati. Preparando i campioni per la <strong>Test del mezzo di ondulazione (CMT)<\/strong> e <strong>Prova di schiacciamento su ondulato (CCT)<\/strong>, Il CWY-01 consente ai produttori di soddisfare gli standard di qualit\u00e0 e di mantenere la coerenza dei prodotti.<\/p>","protected":false},"featured_media":6180,"comment_status":"closed","ping_status":"closed","template":"","meta":{"site-sidebar-layout":"default","site-content-layout":"default","ast-global-header-display":"","ast-main-header-display":"","ast-hfb-above-header-display":"","ast-hfb-below-header-display":"","ast-hfb-mobile-header-display":"","site-post-title":"","ast-breadcrumbs-content":"","ast-featured-img":"","footer-sml-layout":"","theme-transparent-header-meta":"default","adv-header-id-meta":"","stick-header-meta":"","header-above-stick-meta":"","header-main-stick-meta":"","header-below-stick-meta":""},"product_cat":[845,953,956,955,1082,1081,954,957,958,952,959,95],"product_tag":[],"class_list":{"0":"post-5271","1":"product","2":"type-product","3":"status-publish","4":"has-post-thumbnail","6":"product_cat-customization","7":"product_cat-bursting-tester","8":"product_cat-cobb-tester","9":"product_cat-crush-tester","10":"product_cat-iso-16945","11":"product_cat-iso-7263-1","12":"product_cat-paper-tear-tester","13":"product_cat-plybond-tester","14":"product_cat-puncture-tester","15":"product_cat-rub-tester","16":"product_cat-stiffness-tester","17":"product_cat-products","18":"desktop-align-left","19":"tablet-align-left","20":"mobile-align-left","22":"first","23":"instock","24":"shipping-taxable","25":"product-type-simple"},"_links":{"self":[{"href":"https:\/\/www.qualitester.com\/it\/wp-json\/wp\/v2\/product\/5271","targetHints":{"allow":["GET"]}}],"collection":[{"href":"https:\/\/www.qualitester.com\/it\/wp-json\/wp\/v2\/product"}],"about":[{"href":"https:\/\/www.qualitester.com\/it\/wp-json\/wp\/v2\/types\/product"}],"replies":[{"embeddable":true,"href":"https:\/\/www.qualitester.com\/it\/wp-json\/wp\/v2\/comments?post=5271"}],"version-history":[{"count":0,"href":"https:\/\/www.qualitester.com\/it\/wp-json\/wp\/v2\/product\/5271\/revisions"}],"wp:featuredmedia":[{"embeddable":true,"href":"https:\/\/www.qualitester.com\/it\/wp-json\/wp\/v2\/media\/6180"}],"wp:attachment":[{"href":"https:\/\/www.qualitester.com\/it\/wp-json\/wp\/v2\/media?parent=5271"}],"wp:term":[{"taxonomy":"product_cat","embeddable":true,"href":"https:\/\/www.qualitester.com\/it\/wp-json\/wp\/v2\/product_cat?post=5271"},{"taxonomy":"product_tag","embeddable":true,"href":"https:\/\/www.qualitester.com\/it\/wp-json\/wp\/v2\/product_tag?post=5271"}],"curies":[{"name":"wp","href":"https:\/\/api.w.org\/{rel}","templated":true}]}}