{"id":5218,"date":"2024-11-05T11:57:50","date_gmt":"2024-11-05T03:57:50","guid":{"rendered":"https:\/\/www.qualitester.com\/?post_type=product&#038;p=5218"},"modified":"2025-02-27T14:50:00","modified_gmt":"2025-02-27T06:50:00","slug":"sale-tape-loop-tack-testing-machine","status":"publish","type":"product","link":"https:\/\/www.qualitester.com\/it\/prodotto-2\/sale-tape-loop-tack-testing-machine\/","title":{"rendered":"LTT-01 Tester di Loop Tack"},"content":{"rendered":"<p data-start=\"157\" data-end=\"663\">Il <strong data-start=\"161\" data-end=\"188\">LTT-01 Tester di Loop Tack<\/strong> \u00e8 uno strumento essenziale per misurare la forza di adesione di adesivi, nastri, etichette e altri materiali sensibili alla pressione. Progettato per garantire precisione e affidabilit\u00e0, l'LTT-01 aiuta a garantire che gli adesivi funzionino come previsto in varie condizioni. Aderisce a standard rinomati come <strong data-start=\"474\" data-end=\"509\">Metodo di prova FINAT n. 9 (FTM-9)<\/strong>, <strong data-start=\"511\" data-end=\"532\">PSTC-16 Tack ad anello<\/strong>, e <strong data-start=\"538\" data-end=\"552\">ASTM D6195<\/strong>, che lo rendono indispensabile in settori che vanno dall'imballaggio ai dispositivi medici, dagli alimenti ai prodotti farmaceutici.<\/p>\n<h2>Principio di prova del tester Loop Tack<\/h2>\n<p data-start=\"718\" data-end=\"979\">Il <strong data-start=\"722\" data-end=\"740\">test di adesivit\u00e0 ad anello<\/strong> misura la forza necessaria per separare un campione di adesivo ad anello da un aderente (di solito una lastra di vetro) subito dopo il contatto. Questo test \u00e8 fondamentale per capire la velocit\u00e0 e la forza di adesione di un adesivo al primo contatto.<\/p>\n<p data-start=\"981\" data-end=\"1383\">Nell'LTT-01, una striscia di adesivo, in genere larga 25 mm e lunga 125 mm, viene formata in un anello e posizionata contro una lastra di vetro a una velocit\u00e0 controllata di 300 mm\/min. Dopo il contatto con il vetro, l'adesivo viene ritirato alla stessa velocit\u00e0 e viene misurata la forza massima necessaria per staccarlo. Questa forza \u00e8 il \u201cloop tack\u201d, un indicatore essenziale della forza di adesione immediata dell'adesivo.<\/p>\n<h2 data-start=\"4338\" data-end=\"4371\"><strong data-start=\"4342\" data-end=\"4371\">Metodo e procedura di prova<\/strong><\/h2>\n<p data-start=\"4373\" data-end=\"4454\">Il <strong data-start=\"4377\" data-end=\"4404\">LTT-01 Tester di Loop Tack<\/strong> segue una procedura di test semplice ma efficace:<\/p>\n<ol data-start=\"4455\" data-end=\"4816\">\n<li data-start=\"4455\" data-end=\"4545\">Un campione di nastro o materiale adesivo, largo 25 mm e lungo 175 mm, viene formato in un anello.<\/li>\n<li data-start=\"4546\" data-end=\"4626\">Il loop viene premuto contro una lastra di vetro a una velocit\u00e0 controllata di 300 mm\/min.<\/li>\n<li data-start=\"4627\" data-end=\"4697\">Dopo il contatto, il cappio viene immediatamente ritirato alla stessa velocit\u00e0.<\/li>\n<li data-start=\"4698\" data-end=\"4816\">Si registra la forza massima necessaria per separare l'ansa dalla lastra di vetro, che \u00e8 il valore di <strong data-start=\"4796\" data-end=\"4809\">imbastitura ad anello<\/strong> valore.<\/li>\n<\/ol>\n<h3 data-start=\"4818\" data-end=\"4967\">Parametro principale<\/h3>\n<table>\n<tbody>\n<tr>\n<td style=\"text-align: center;\" width=\"194\">Campo di prova<\/td>\n<td style=\"text-align: center;\" width=\"178\">200N (o altri)<\/td>\n<\/tr>\n<tr>\n<td style=\"text-align: center;\" width=\"194\">Gamma di velocit\u00e0<\/td>\n<td style=\"text-align: center;\" width=\"178\">1-500 mm\/m<\/td>\n<\/tr>\n<tr>\n<td style=\"text-align: center;\" width=\"194\">Ictus<\/td>\n<td style=\"text-align: center;\" width=\"178\">200 mm<\/td>\n<\/tr>\n<tr>\n<td style=\"text-align: center;\" width=\"194\">Dimensione del campione<\/td>\n<td style=\"text-align: center;\" width=\"178\">125 mm*25 mm<\/td>\n<\/tr>\n<tr>\n<td style=\"text-align: center;\" width=\"194\">Potenza<\/td>\n<td style=\"text-align: center;\" width=\"178\">AC 110~220V, 50\/60HZ<\/td>\n<\/tr>\n<\/tbody>\n<\/table>\n<h2 data-start=\"1390\" data-end=\"1429\"><strong data-start=\"1394\" data-end=\"1429\">Standard per il test di Loop Tack<\/strong><\/h2>\n<ol>\n<li data-start=\"1431\" data-end=\"1471\"><strong data-start=\"1436\" data-end=\"1471\">Metodo di prova FINAT n. 9 (FTM-9) Misurazione dell'adesivit\u00e0 del loop<br \/>\n<\/strong>Il <strong data-start=\"1477\" data-end=\"1512\">Metodo di prova FINAT n. 9 (FTM-9)<\/strong> \u00e8 uno degli standard pi\u00f9 riconosciuti nel settore delle etichette e degli adesivi. Valuta l'aderenza ad anello degli adesivi sensibili alla pressione, come quelli utilizzati per etichette e nastri. L'FTM-9 garantisce che gli adesivi soddisfino i criteri di prestazione necessari per un rapido incollaggio e una facile applicazione.<\/li>\n<li data-start=\"1431\" data-end=\"1471\"><strong style=\"font-size: 16px;\" data-start=\"1814\" data-end=\"1835\">PSTC-16 Test di tenuta del loop del nastro sensibile alla pressione<br \/>\n<\/strong><a href=\"https:\/\/www.qualitester.com\/it\/categoria-prodotto\/pstc\/pstc-16\/\" target=\"_blank\" rel=\"noopener\"><strong style=\"font-size: 16px;\" data-start=\"1837\" data-end=\"1848\">PSTC-16<\/strong><\/a><span style=\"font-size: 16px;\"> \u00e8 uno standard sviluppato dal Pressure Sensitive Tape Council (PSTC), incentrato sulla valutazione delle propriet\u00e0 di adesione al loop degli adesivi sensibili alla pressione. \u00c8 comunemente utilizzato per testare nastri, etichette e prodotti adesivi simili.<\/span><\/li>\n<li data-start=\"1431\" data-end=\"1471\"><strong style=\"font-size: 16px;\" data-start=\"2234\" data-end=\"2248\">ASTM D6195 Metodi di prova standard per l'aderenza ad anello<br \/>\n<\/strong><a href=\"https:\/\/www.qualitester.com\/it\/categoria-prodotto\/astm\/astm-d6195\/\" target=\"_blank\" rel=\"noopener\"><strong style=\"font-size: 16px;\" data-start=\"2250\" data-end=\"2264\">ASTM D6195<\/strong><\/a><span style=\"font-size: 16px;\"> fornisce le linee guida per la misurazione dell'aderenza ad anello degli adesivi sensibili alla pressione. Questo standard \u00e8 ampiamente utilizzato in vari settori, tra cui l'imballaggio, i dispositivi medici e i prodotti farmaceutici, per verificare che gli adesivi soddisfino la forza di adesione richiesta.<\/span><\/li>\n<\/ol>\n<h2>Caratteristiche e specifiche tecniche<\/h2>\n<p>Il <strong>Macchina per il collaudo del ciclo del nastro<\/strong> \u00e8 dotato di funzioni avanzate per un test di adesivit\u00e0 preciso e affidabile.<\/p>\n<ul>\n<li><strong>Display facile da usare<\/strong>: A <strong>Touch screen HMI da 7 pollici<\/strong> L'interfaccia consente di semplificare l'impostazione, il monitoraggio e il funzionamento, snellendo il processo di test.<\/li>\n<li><strong>Controllo PLC<\/strong>: Dotato di <strong>Controllo logico programmabile (PLC)<\/strong> per l'alta precisione e le capacit\u00e0 di test automatizzati.<\/li>\n<li><strong>Ampia gamma di test<\/strong>: Lo strumento copre un <strong>campo di prova fino a 200N<\/strong>, consentendo una certa flessibilit\u00e0 per le diverse resistenze dell'adesivo.<\/li>\n<li><strong>Gamma di velocit\u00e0 regolabile<\/strong>: Opzioni di velocit\u00e0 da <strong>1-500 mm\/min<\/strong> supportare diversi requisiti di test.<\/li>\n<li><strong>Meccanica di precisione<\/strong>: A <strong>vite a sfere di precisione<\/strong> garantisce movimenti fluidi e coerenti e una misurazione accurata della velocit\u00e0 e dello spostamento, mantenendo un'elevata accuratezza dei test.<\/li>\n<li><strong>Parametri personalizzabili<\/strong>: Gli operatori possono regolare la velocit\u00e0, la corsa e il tempo di permanenza per soddisfare le esigenze specifiche dei test.<\/li>\n<li><strong>Sicurezza migliorata<\/strong>: I meccanismi di sicurezza includono un <strong>funzione di ritorno automatico<\/strong> e il dispositivo di limitazione, garantendo la sicurezza dell'operatore durante il test.<\/li>\n<li><strong>Microstampante integrata<\/strong>: Un built-in <strong>microstampante a matrice di punti<\/strong> consente di produrre istantaneamente i risultati dei test a scopo di documentazione e reportistica.<\/li>\n<li><strong>Piastra di vetro conforme agli standard<\/strong>: Include un sistema di controllo della temperatura conforme agli standard. <strong>lastra di vetro float<\/strong>, garantendo misurazioni accurate dell'adesivit\u00e0 e condizioni di prova coerenti.<\/li>\n<\/ul>\n<h2>Configurazione e accessori<\/h2>\n<p>Il <strong>Macchina per il collaudo del ciclo del nastro<\/strong> \u00e8 dotato di componenti standard e opzionali che ne aumentano la versatilit\u00e0 e la comodit\u00e0 per l'utente.<\/p>\n<ul>\n<li>\n<h3><strong>Configurazione standard<\/strong>:<\/h3>\n<ul>\n<li><strong>LTT-01 Tester di Loop Tack<\/strong> unit\u00e0<\/li>\n<li>Accessori: Pannello di vetro, ganascia superiore, dima inferiore, fusibili, manuale d'uso, certificato di calibrazione e cavo di alimentazione.<\/li>\n<\/ul>\n<\/li>\n<li>\n<h3><strong>Configurazione opzionale<\/strong>:<\/h3>\n<ul>\n<li><strong>Pannello in acciaio inox<\/strong> per una maggiore durata<\/li>\n<li><strong>Porta RS232<\/strong> per la comunicazione e il trasferimento dei dati<\/li>\n<li><strong>Linea COM<\/strong> e software specializzato per l'analisi avanzata dei dati e la creazione di rapporti<\/li>\n<\/ul>\n<\/li>\n<\/ul>\n<h2>Applicazioni della macchina per il test di tenuta del ciclo del nastro<\/h2>\n<p>Questo strumento \u00e8 ideale per un'ampia gamma di settori in cui l'affidabilit\u00e0 degli adesivi \u00e8 essenziale, come ad esempio:<\/p>\n<ul>\n<li><strong>Imballaggio ed etichettatura<\/strong> - Garantire che nastri, adesivi ed etichette mantengano il loro legame subito dopo l'applicazione.<\/li>\n<li><strong>Medico e farmaceutico<\/strong> - Testare i nastri adesivi e le bende per verificarne le prestazioni.<\/li>\n<li><strong>Cibo e bevande<\/strong> - Assicurare la qualit\u00e0 dei sigilli e delle chiusure adesive degli imballaggi.<\/li>\n<li><strong>Elettronica e prodotti chimici di uso quotidiano<\/strong> - Verifica dell'adesivit\u00e0 dei componenti adesivi per un utilizzo sicuro e affidabile.<\/li>\n<\/ul>\n<p>Il <strong>Macchina per il collaudo del ciclo del nastro<\/strong> \u00e8 una soluzione robusta per i produttori, i reparti di controllo qualit\u00e0 e i laboratori di analisi che cercano una soluzione coerente e affidabile. <strong>valutazione delle prestazioni dell'adesivo<\/strong>. Grazie all'aderenza alla norma ASTM D6195 e ad altri standard internazionali, alle impostazioni personalizzabili e alle caratteristiche di sicurezza, \u00e8 la scelta principale per i test di adesivit\u00e0 ad alta precisione.<\/p>","protected":false},"excerpt":{"rendered":"<p>Il <strong>Macchina per il collaudo del ciclo del nastro<\/strong> \u00e8 una soluzione robusta per i produttori, i reparti di controllo qualit\u00e0 e i laboratori di analisi che cercano una soluzione coerente e affidabile. <strong>valutazione delle prestazioni dell'adesivo<\/strong>. Grazie all'aderenza alla norma ASTM D6195 e ad altri standard internazionali, alle impostazioni personalizzabili e alle caratteristiche di sicurezza, \u00e8 la scelta principale per i test di adesivit\u00e0 ad alta precisione.<\/p>","protected":false},"featured_media":6259,"comment_status":"closed","ping_status":"closed","template":"","meta":{"site-sidebar-layout":"default","site-content-layout":"default","ast-global-header-display":"","ast-main-header-display":"","ast-hfb-above-header-display":"","ast-hfb-below-header-display":"","ast-hfb-mobile-header-display":"","site-post-title":"","ast-breadcrumbs-content":"","ast-featured-img":"","footer-sml-layout":"","theme-transparent-header-meta":"default","adv-header-id-meta":"","stick-header-meta":"","header-above-stick-meta":"","header-main-stick-meta":"","header-below-stick-meta":""},"product_cat":[845,1075,1074,1162,672,673,95],"product_tag":[],"class_list":{"0":"post-5218","1":"product","2":"type-product","3":"status-publish","4":"has-post-thumbnail","6":"product_cat-customization","7":"product_cat-astm-d6195","8":"product_cat-loop-tack-tester","9":"product_cat-pstc-16","10":"product_cat-applied-materials","11":"product_cat-adhesive-tester","12":"product_cat-products","13":"desktop-align-left","14":"tablet-align-left","15":"mobile-align-left","17":"first","18":"instock","19":"shipping-taxable","20":"product-type-simple"},"_links":{"self":[{"href":"https:\/\/www.qualitester.com\/it\/wp-json\/wp\/v2\/product\/5218","targetHints":{"allow":["GET"]}}],"collection":[{"href":"https:\/\/www.qualitester.com\/it\/wp-json\/wp\/v2\/product"}],"about":[{"href":"https:\/\/www.qualitester.com\/it\/wp-json\/wp\/v2\/types\/product"}],"replies":[{"embeddable":true,"href":"https:\/\/www.qualitester.com\/it\/wp-json\/wp\/v2\/comments?post=5218"}],"version-history":[{"count":0,"href":"https:\/\/www.qualitester.com\/it\/wp-json\/wp\/v2\/product\/5218\/revisions"}],"wp:featuredmedia":[{"embeddable":true,"href":"https:\/\/www.qualitester.com\/it\/wp-json\/wp\/v2\/media\/6259"}],"wp:attachment":[{"href":"https:\/\/www.qualitester.com\/it\/wp-json\/wp\/v2\/media?parent=5218"}],"wp:term":[{"taxonomy":"product_cat","embeddable":true,"href":"https:\/\/www.qualitester.com\/it\/wp-json\/wp\/v2\/product_cat?post=5218"},{"taxonomy":"product_tag","embeddable":true,"href":"https:\/\/www.qualitester.com\/it\/wp-json\/wp\/v2\/product_tag?post=5218"}],"curies":[{"name":"wp","href":"https:\/\/api.w.org\/{rel}","templated":true}]}}