{"id":5149,"date":"2024-10-31T11:42:15","date_gmt":"2024-10-31T03:42:15","guid":{"rendered":"https:\/\/www.qualitester.com\/?post_type=product&#038;p=5149"},"modified":"2024-12-04T16:20:18","modified_gmt":"2024-12-04T08:20:18","slug":"sale-film-friction-peel-tester","status":"publish","type":"product","link":"https:\/\/www.qualitester.com\/it\/prodotto-2\/sale-film-friction-peel-tester\/","title":{"rendered":"FPT-01 Film Friction\/Peel Tester"},"content":{"rendered":"<h2>Introduzione del tester per film di attrito\/pelle<\/h2>\n<p>Il Film Friction\/Peel Tester \u00e8 uno strumento avanzato progettato per misurare con precisione la resistenza all'attrito e alla pelatura di un'ampia gamma di materiali. Con applicazioni in settori quali l'imballaggio, i dispositivi medici, i prodotti farmaceutici e i tessuti, questo versatile strumento svolge un ruolo cruciale nel controllo qualit\u00e0, nello sviluppo dei prodotti e nella ricerca.<\/p>\n<h2>Caratteristiche principali del tester per film di attrito\/pelle<\/h2>\n<h3>Test COF<\/h3>\n<p>Questo tester misura con precisione i coefficienti di attrito statico e cinetico, essenziali per comprendere le interazioni tra i materiali.<\/p>\n<h3>Test della buccia<\/h3>\n<p>Esegue anche delicati test di forza di distacco su vari materiali, tra cui carte di rilascio, nastri adesivi e pellicole protettive.<\/p>\n<h2>Specifiche tecniche<\/h2>\n<ul>\n<li>Design del sistema: Il tester comprende una cella di carico fissa con copertura protettiva, che garantisce un funzionamento sicuro. Il meccanismo a slitta facilita l'esecuzione di test accurati, in cui i campioni vengono bloccati in modo sicuro e le forze di distacco vengono registrate durante la separazione.<\/li>\n<li>Interfaccia facile da usare: Dotato di un sistema controllato da PLC, il Film Friction\/Peel Tester funziona attraverso un touch screen HMI intuitivo, che ne facilita la navigazione e l'utilizzo.<\/li>\n<\/ul>\n<h3>Parametro principale<\/h3>\n<table>\n<tbody>\n<tr>\n<td width=\"156\">Gamma di forza<\/td>\n<td width=\"152\">5 N (o come richiesto)<\/td>\n<\/tr>\n<tr>\n<td width=\"156\">Precisione<\/td>\n<td width=\"152\">\u00b10,5%<\/td>\n<\/tr>\n<tr>\n<td width=\"156\">Risoluzione<\/td>\n<td width=\"152\">0.001N<\/td>\n<\/tr>\n<tr>\n<td width=\"156\">Gamma di spostamento<\/td>\n<td width=\"152\">0,1 ~ 95 mm<\/td>\n<\/tr>\n<tr>\n<td width=\"156\">Precisione<\/td>\n<td width=\"152\">\u00b10,1 mm<\/td>\n<\/tr>\n<tr>\n<td width=\"156\">Intervallo di temperatura<\/td>\n<td width=\"152\">Ambiente ~ 210\u00b0C<\/td>\n<\/tr>\n<tr>\n<td width=\"156\">Precisione<\/td>\n<td width=\"152\">\u00b10.5\u00b0C<\/td>\n<\/tr>\n<tr>\n<td width=\"156\">Numero di campioni<\/td>\n<td width=\"152\">2<\/td>\n<\/tr>\n<tr>\n<td width=\"156\">Dimensione del campione<\/td>\n<td width=\"152\">110*15 mm, L*L<\/td>\n<\/tr>\n<tr>\n<td width=\"156\">Alimentazione<\/td>\n<td width=\"152\">220V 50Hz<\/td>\n<\/tr>\n<\/tbody>\n<\/table>\n<h2>Conformit\u00e0 agli standard del settore<\/h2>\n<ul>\n<li><a href=\"https:\/\/www.astm.org\/d1894-14.html\" target=\"_blank\" rel=\"noopener nofollow\"><strong>ASTM D1894<\/strong><\/a>: Coefficiente di attrito per le materie plastiche<\/li>\n<li><strong>ASTM D3330<\/strong>: Adesione a strappo per nastri sensibili alla pressione (180\u00b0)<\/li>\n<li><strong>ISO 8295<\/strong>: Coefficiente di attrito per le materie plastiche, che garantisce la qualit\u00e0 del materiale nella produzione.<\/li>\n<li><strong>TAPPI T816<\/strong>: Coefficiente di attrito per cartone e cartone ondulato.<\/li>\n<li><strong>TAPPI T549<\/strong>: Coefficiente di attrito per carta da scrivere e da stampa non patinata.<\/li>\n<\/ul>\n<h2>Applicazioni del tester per film di attrito\/pelle<\/h2>\n<p>Il Film Friction\/Peel Tester viene utilizzato in diversi settori, tra cui:<\/p>\n<ol>\n<li><strong>Imballaggio<\/strong>: Garantire che i materiali di imballaggio soddisfino gli standard di prestazione.<\/li>\n<li><strong>Adesivo<\/strong>: Verifica dell'affidabilit\u00e0 di adesivi e materiali barriera.<\/li>\n<li><strong>Industria alimentare<\/strong>: Valutazione della resistenza delle guarnizioni e dell'interazione dei materiali per la sicurezza e la qualit\u00e0.<\/li>\n<li><strong>Tessile<\/strong> <strong>e consumatore<\/strong> <strong>Merci<\/strong>: Valutazione delle propriet\u00e0 dei materiali per migliorare la durata e la funzionalit\u00e0 dei prodotti.<\/li>\n<\/ol>\n<h2>Vantaggi del tester per film di attrito\/peel Tester<\/h2>\n<ul>\n<li><strong>Migliori prestazioni del prodotto<\/strong>: Misurando con precisione la resistenza all'attrito e alla pelatura, i produttori possono migliorare la qualit\u00e0 e la durata dei prodotti.<\/li>\n<li><strong>Analisi dei dati in tempo reale<\/strong>: Il sistema fornisce risultati immediati, comprese rappresentazioni grafiche dei dati per una facile interpretazione.<\/li>\n<li><strong>Caratteristiche avanzate<\/strong>: Le funzionalit\u00e0 aggiuntive includono la stampa integrata e il software opzionale per la gestione completa dei dati.<\/li>\n<\/ul>\n<p>Il <strong><a href=\"https:\/\/www.qualitester.com\/it\/prodotto-2\/coefficient-of-friction-tester-cof-01\/\" target=\"_blank\" rel=\"noopener\">Attrito del film<\/a>\/Tester di buccia<\/strong> \u00e8 uno strumento essenziale per qualsiasi organizzazione che si concentri sulla qualit\u00e0 dei materiali e sulla conformit\u00e0 agli standard industriali. Fornendo misurazioni precise e aderendo a protocolli di prova riconosciuti, questo tester supporta i produttori nel raggiungimento di prestazioni ottimali dei prodotti. Esplorate oggi stesso le capacit\u00e0 del Film Friction\/Peel Tester per garantire che i vostri materiali soddisfino i pi\u00f9 elevati standard di qualit\u00e0.<\/p>\n<h2>Prodotti correlati<\/h2>\n<blockquote class=\"wp-embedded-content\" data-secret=\"hdCaSFydsl\"><p><a href=\"https:\/\/www.qualitester.com\/it\/prodotto-2\/coefficient-of-friction-tester-cof-01\/\">COF-01 Tester del coefficiente di attrito<\/a><\/p><\/blockquote>\n<p><iframe class=\"wp-embedded-content\" sandbox=\"allow-scripts\" security=\"restricted\" style=\"position: absolute; visibility: hidden;\" title=\"\u300a COF-01 Coefficient of Friction Tester \u300b\u2014Material Quality Tester\" src=\"https:\/\/www.qualitester.com\/product\/coefficient-of-friction-tester-cof-01\/embed\/#?secret=KfrAZiIKcT#?secret=hdCaSFydsl\" data-secret=\"hdCaSFydsl\" width=\"500\" height=\"282\" frameborder=\"0\" marginwidth=\"0\" marginheight=\"0\" scrolling=\"no\"><\/iframe><\/p>","protected":false},"excerpt":{"rendered":"<p>Il Film Friction\/Peel Tester \u00e8 uno strumento avanzato progettato per misurare con precisione la resistenza all'attrito e alla pelatura di un'ampia gamma di materiali. Con applicazioni in settori quali l'imballaggio, i dispositivi medici, i prodotti farmaceutici e i tessuti, questo versatile strumento svolge un ruolo cruciale nel controllo qualit\u00e0, nello sviluppo dei prodotti e nella ricerca.<\/p>","protected":false},"featured_media":6139,"comment_status":"closed","ping_status":"closed","template":"","meta":{"site-sidebar-layout":"default","site-content-layout":"default","ast-global-header-display":"","ast-main-header-display":"","ast-hfb-above-header-display":"","ast-hfb-below-header-display":"","ast-hfb-mobile-header-display":"","site-post-title":"","ast-breadcrumbs-content":"","ast-featured-img":"","footer-sml-layout":"","theme-transparent-header-meta":"default","adv-header-id-meta":"","stick-header-meta":"","header-above-stick-meta":"","header-main-stick-meta":"","header-below-stick-meta":""},"product_cat":[945,953,956,955,845,954,957,958,952,959,1063,1062,683,681,106,126,132,170,171,95],"product_tag":[],"class_list":{"0":"post-5149","1":"product","2":"type-product","3":"status-publish","4":"has-post-thumbnail","6":"product_cat-180-peeling-tester","7":"product_cat-bursting-tester","8":"product_cat-cobb-tester","9":"product_cat-crush-tester","10":"product_cat-customization","11":"product_cat-paper-tear-tester","12":"product_cat-plybond-tester","13":"product_cat-puncture-tester","14":"product_cat-rub-tester","15":"product_cat-stiffness-tester","16":"product_cat-tappi-t549","17":"product_cat-tappi-t816","18":"product_cat-coefficient-of-friction-tester","19":"product_cat-peel-tester","20":"product_cat-astm-d1894","21":"product_cat-astm-d3330","22":"product_cat-astm-d4917","23":"product_cat-iso-8295","24":"product_cat-iso-8510-2","25":"product_cat-products","26":"desktop-align-left","27":"tablet-align-left","28":"mobile-align-left","30":"first","31":"instock","32":"shipping-taxable","33":"product-type-simple"},"_links":{"self":[{"href":"https:\/\/www.qualitester.com\/it\/wp-json\/wp\/v2\/product\/5149","targetHints":{"allow":["GET"]}}],"collection":[{"href":"https:\/\/www.qualitester.com\/it\/wp-json\/wp\/v2\/product"}],"about":[{"href":"https:\/\/www.qualitester.com\/it\/wp-json\/wp\/v2\/types\/product"}],"replies":[{"embeddable":true,"href":"https:\/\/www.qualitester.com\/it\/wp-json\/wp\/v2\/comments?post=5149"}],"version-history":[{"count":0,"href":"https:\/\/www.qualitester.com\/it\/wp-json\/wp\/v2\/product\/5149\/revisions"}],"wp:featuredmedia":[{"embeddable":true,"href":"https:\/\/www.qualitester.com\/it\/wp-json\/wp\/v2\/media\/6139"}],"wp:attachment":[{"href":"https:\/\/www.qualitester.com\/it\/wp-json\/wp\/v2\/media?parent=5149"}],"wp:term":[{"taxonomy":"product_cat","embeddable":true,"href":"https:\/\/www.qualitester.com\/it\/wp-json\/wp\/v2\/product_cat?post=5149"},{"taxonomy":"product_tag","embeddable":true,"href":"https:\/\/www.qualitester.com\/it\/wp-json\/wp\/v2\/product_tag?post=5149"}],"curies":[{"name":"wp","href":"https:\/\/api.w.org\/{rel}","templated":true}]}}