{"id":5134,"date":"2024-10-30T17:11:11","date_gmt":"2024-10-30T09:11:11","guid":{"rendered":"https:\/\/www.qualitester.com\/?post_type=product&#038;p=5134"},"modified":"2024-12-05T13:39:49","modified_gmt":"2024-12-05T05:39:49","slug":"sale-bag-compression-tester","status":"publish","type":"product","link":"https:\/\/www.qualitester.com\/it\/prodotto-2\/sale-bag-compression-tester\/","title":{"rendered":"PCT-01 Tester di compressione"},"content":{"rendered":"<h2><strong>Introduzione al tester di compressione per sacchi<\/strong><\/h2>\n<p>Il tester di compressione per sacchi \u00e8 uno strumento fondamentale per il controllo della qualit\u00e0 dei materiali di imballaggio. Poich\u00e9 l'integrit\u00e0 dell'imballaggio \u00e8 fondamentale per garantire la sicurezza e l'efficacia del prodotto, questo strumento svolge un ruolo cruciale in diversi settori, tra cui quello alimentare, farmaceutico, cosmetico e medico. Progettato per valutare la durata e le prestazioni dei diversi materiali di imballaggio, il tester di compressione per sacchi garantisce che i prodotti possano resistere ai rigori del trasporto e dello stoccaggio.<\/p>\n<h2><strong>Applicazione del tester di compressione per sacchi<\/strong><\/h2>\n<p>Questo strumento versatile e di precisione \u00e8 stato progettato per valutare la resistenza alla pressione di un'ampia gamma di materiali da imballaggio. \u00c8 particolarmente efficace per testare confezioni in film composito, sacche per infusione, flaconi di plastica per infusione, sacche per il sangue, sacche per il ghiaccio e contenitori vari. Simulando le condizioni reali, il tester di compressione per sacchetti aiuta i produttori a mantenere l'integrit\u00e0 del prodotto e la conformit\u00e0 agli standard industriali, riducendo cos\u00ec il rischio di guasti all'imballaggio che potrebbero portare a costosi richiami o a problemi di sicurezza.<\/p>\n<h2><strong>Principio del test<\/strong><\/h2>\n<h3><strong>Posizionamento<\/strong><\/h3>\n<p>Il processo di prova inizia con il posizionamento del materiale campione in modo sicuro tra le piastre di pressione superiore e inferiore del tester. Ci\u00f2 garantisce risultati accurati e coerenti durante la prova di compressione.<\/p>\n<h3><strong>Compressione<\/strong><\/h3>\n<p>Una volta posizionato il campione, la piastra di pressione superiore viene attivata per muoversi verso il basso contro il materiale dell'imballaggio. Questa azione simula le pressioni esterne che l'imballaggio pu\u00f2 incontrare durante la movimentazione, la spedizione e lo stoccaggio, consentendo una valutazione realistica della resistenza del materiale.<\/p>\n<h3><strong>Misurazione della forza<\/strong><\/h3>\n<p>Durante la compressione, la forza esercitata dalla piastra di pressione inferiore viene misurata in tempo reale. Questi dati sono fondamentali per valutare le prestazioni di scoppio del campione e la sua capacit\u00e0 di resistere a una pressione costante. Le informazioni ottenute da queste misurazioni informano i produttori sull'idoneit\u00e0 dei diversi materiali e progetti in condizioni di stress.<\/p>\n<h2><strong>Metodi di prova<\/strong><\/h2>\n<h3><strong>Test di compressione della confezione<\/strong><\/h3>\n<p>Il test di compressione delle confezioni \u00e8 parte integrante del protocollo di prova complessivo. Il tester di compressione per sacchi offre due modalit\u00e0 di test principali: forza massima di scoppio e resistenza alla pressione costante. Questi metodi forniscono dati essenziali sulla capacit\u00e0 dei diversi materiali di imballaggio di resistere alle forze esterne, il che \u00e8 fondamentale per garantire la sicurezza dei prodotti e la conformit\u00e0 agli standard industriali.<\/p>\n<h3><strong>Caratteristiche tecniche<\/strong><\/h3>\n<ol>\n<li><strong>Touch screen HMI di facile utilizzo<\/strong>: Semplifica l'impostazione dei parametri e le operazioni di test per una maggiore facilit\u00e0 d'uso.<\/li>\n<li><strong>Sistema di controllo PLC di livello industriale<\/strong>: Assicura un controllo affidabile e preciso durante i test.<\/li>\n<li><strong>Due modalit\u00e0 di test<\/strong>: Opzioni per la massima forza di scoppio e la resistenza a pressione costante.<\/li>\n<li><strong>Compensazione automatica della pressione costante<\/strong>: Regola la pressione in modo dinamico per mantenere la precisione del test.<\/li>\n<li><strong>Statistiche dei dati<\/strong>: Raccolta e analisi automatica dei dati per una reportistica semplificata.<\/li>\n<li><strong>Dispositivo di raccolta dei liquidi<\/strong>: Impedisce la contaminazione durante la rottura del campione.<\/li>\n<li><strong>Dimensioni del test non standard personalizzabili<\/strong>: Personalizza le capacit\u00e0 di test per soddisfare esigenze specifiche.<\/li>\n<li><strong>Porta RS232 e software opzionali<\/strong>: Fornisce opzioni avanzate di analisi e integrazione dei dati.<\/li>\n<\/ol>\n<h3><strong>Parametri principali<\/strong><\/h3>\n<table>\n<tbody>\n<tr>\n<td style=\"text-align: center;\" width=\"175\">Campo di misura<\/td>\n<td style=\"text-align: center;\" width=\"277\">2000N (altri optional)<\/td>\n<\/tr>\n<tr>\n<td style=\"text-align: center;\" width=\"175\">Accuratezza della misurazione<\/td>\n<td style=\"text-align: center;\" width=\"277\">0.5%<\/td>\n<\/tr>\n<tr>\n<td style=\"text-align: center;\" width=\"175\">Intervallo di tempo<\/td>\n<td style=\"text-align: center;\" width=\"277\">0~10000S<\/td>\n<\/tr>\n<tr>\n<td style=\"text-align: center;\" width=\"175\">Dimensioni del piano<\/td>\n<td style=\"text-align: center;\" width=\"277\">250mm*300mm (pu\u00f2 essere personalizzato)<\/td>\n<\/tr>\n<tr>\n<td style=\"text-align: center;\" width=\"175\">Alimentazione<\/td>\n<td style=\"text-align: center;\" width=\"277\">220V, 50HZ<\/td>\n<\/tr>\n<tr>\n<td style=\"text-align: center;\" width=\"175\">Dimensione<\/td>\n<td style=\"text-align: center;\" width=\"277\">460 mm*410 mm*590 mm<\/td>\n<\/tr>\n<\/tbody>\n<\/table>\n<h2><strong>Domande frequenti<\/strong><\/h2>\n<ol>\n<li><strong>Quali tipi di materiali pu\u00f2 valutare il Bag Compression Tester?<\/strong>\n<ul>\n<li>Il tester \u00e8 in grado di valutare una variet\u00e0 di materiali, tra cui film compositi, sacchetti di plastica e contenitori utilizzati in campo alimentare, farmaceutico e cosmetico.<\/li>\n<\/ul>\n<\/li>\n<li><strong>In che modo il test di compressione delle confezioni \u00e8 diverso dagli altri test di compressione?<\/strong>\n<ul>\n<li>Il test di compressione degli imballaggi valuta in modo specifico la capacit\u00e0 dell'imballaggio di resistere alle forze che si possono incontrare durante il trasporto e lo stoccaggio, concentrandosi sulle applicazioni reali.<\/li>\n<\/ul>\n<\/li>\n<li><strong>Il tester di compressione per sacchi pu\u00f2 essere personalizzato per requisiti di prova specifici?<\/strong>\n<ul>\n<li>S\u00ec, il tester di compressione per sacchi pu\u00f2 essere personalizzato per adattarsi a dimensioni di prova non standard e a materiali specifici.<\/li>\n<\/ul>\n<\/li>\n<li><strong>Qual \u00e8 la forza massima che il tester pu\u00f2 misurare?<\/strong>\n<ul>\n<li>Il campo di misura standard \u00e8 di 2000N, con opzioni disponibili per capacit\u00e0 superiori.<\/li>\n<\/ul>\n<\/li>\n<li><strong>In che modo la raccolta dei dati in tempo reale migliora l'accuratezza dei test?<\/strong>\n<ul>\n<li>La raccolta dei dati in tempo reale consente un'analisi immediata delle prestazioni del materiale sotto sforzo, migliorando l'accuratezza e l'affidabilit\u00e0 dei risultati dei test.<\/li>\n<\/ul>\n<\/li>\n<\/ol>\n<p>Il tester di compressione per sacchi \u00e8 essenziale per migliorare la qualit\u00e0 dell'imballaggio e garantire che i prodotti possano resistere a varie pressioni durante il trasporto. Investendo in questa apparecchiatura di prova all'avanguardia, i produttori possono ridurre significativamente il rischio di guasti agli imballaggi, salvaguardare i loro prodotti e difendere la loro reputazione sul mercato.<\/p>","protected":false},"excerpt":{"rendered":"<p>Il tester di compressione per sacchi \u00e8 uno strumento fondamentale per il controllo della qualit\u00e0 dei materiali di imballaggio. Poich\u00e9 l'integrit\u00e0 dell'imballaggio \u00e8 fondamentale per garantire la sicurezza e l'efficacia del prodotto, questo strumento svolge un ruolo cruciale in diversi settori, tra cui quello alimentare, farmaceutico, cosmetico e medico. Progettato per valutare la durata e le prestazioni dei diversi materiali di imballaggio, il tester di compressione per sacchi garantisce che i prodotti possano resistere ai rigori del trasporto e dello stoccaggio.<\/p>","protected":false},"featured_media":6245,"comment_status":"closed","ping_status":"closed","template":"","meta":{"site-sidebar-layout":"default","site-content-layout":"default","ast-global-header-display":"","ast-main-header-display":"","ast-hfb-above-header-display":"","ast-hfb-below-header-display":"","ast-hfb-mobile-header-display":"","site-post-title":"","ast-breadcrumbs-content":"","ast-featured-img":"","footer-sml-layout":"","theme-transparent-header-meta":"default","adv-header-id-meta":"","stick-header-meta":"","header-above-stick-meta":"","header-main-stick-meta":"","header-below-stick-meta":""},"product_cat":[1069,1068,953,956,955,845,1065,1064,1067,1066,1159,965,954,957,958,952,959,1070,17,149,16,160,161,162,163,164,165,166,167,168,169,170,171,172,173,95],"product_tag":[],"class_list":{"0":"post-5134","1":"product","2":"type-product","3":"status-publish","4":"has-post-thumbnail","6":"product_cat-astm-d4169","7":"product_cat-astm-d642","8":"product_cat-bursting-tester","9":"product_cat-cobb-tester","10":"product_cat-crush-tester","11":"product_cat-customization","12":"product_cat-iso-12048","13":"product_cat-iso-2234","14":"product_cat-iso-2872","15":"product_cat-iso-2874","16":"product_cat-jis-z0212","17":"product_cat-package-compression-tester","18":"product_cat-paper-tear-tester","19":"product_cat-plybond-tester","20":"product_cat-puncture-tester","21":"product_cat-rub-tester","22":"product_cat-stiffness-tester","23":"product_cat-tappi-t804","24":"product_cat-package-container-testers","25":"product_cat-pharma-and-medical-testers","26":"product_cat-plastic-packaging-testers","27":"product_cat-iso-3034","28":"product_cat-iso-37","29":"product_cat-iso-4593","30":"product_cat-iso-5084","31":"product_cat-iso-534","32":"product_cat-iso-6383","33":"product_cat-iso-6710","34":"product_cat-iso-719","35":"product_cat-iso-720","36":"product_cat-iso-7765-1","37":"product_cat-iso-8295","38":"product_cat-iso-8510-2","39":"product_cat-iso-9073-2","40":"product_cat-iso-9187","41":"product_cat-products","42":"desktop-align-left","43":"tablet-align-left","44":"mobile-align-left","46":"first","47":"instock","48":"shipping-taxable","49":"product-type-simple"},"_links":{"self":[{"href":"https:\/\/www.qualitester.com\/it\/wp-json\/wp\/v2\/product\/5134","targetHints":{"allow":["GET"]}}],"collection":[{"href":"https:\/\/www.qualitester.com\/it\/wp-json\/wp\/v2\/product"}],"about":[{"href":"https:\/\/www.qualitester.com\/it\/wp-json\/wp\/v2\/types\/product"}],"replies":[{"embeddable":true,"href":"https:\/\/www.qualitester.com\/it\/wp-json\/wp\/v2\/comments?post=5134"}],"version-history":[{"count":0,"href":"https:\/\/www.qualitester.com\/it\/wp-json\/wp\/v2\/product\/5134\/revisions"}],"wp:featuredmedia":[{"embeddable":true,"href":"https:\/\/www.qualitester.com\/it\/wp-json\/wp\/v2\/media\/6245"}],"wp:attachment":[{"href":"https:\/\/www.qualitester.com\/it\/wp-json\/wp\/v2\/media?parent=5134"}],"wp:term":[{"taxonomy":"product_cat","embeddable":true,"href":"https:\/\/www.qualitester.com\/it\/wp-json\/wp\/v2\/product_cat?post=5134"},{"taxonomy":"product_tag","embeddable":true,"href":"https:\/\/www.qualitester.com\/it\/wp-json\/wp\/v2\/product_tag?post=5134"}],"curies":[{"name":"wp","href":"https:\/\/api.w.org\/{rel}","templated":true}]}}