{"id":5110,"date":"2024-10-29T16:23:12","date_gmt":"2024-10-29T08:23:12","guid":{"rendered":"https:\/\/www.qualitester.com\/?post_type=product&#038;p=5110"},"modified":"2024-12-05T11:31:23","modified_gmt":"2024-12-05T03:31:23","slug":"sale-soft-gel-capsule-hardness-tester","status":"publish","type":"product","link":"https:\/\/www.qualitester.com\/it\/prodotto-2\/sale-soft-gel-capsule-hardness-tester\/","title":{"rendered":"Tester di durezza per capsule di gel morbido CHT-01"},"content":{"rendered":"<h2><strong>Introduzione al tester di durezza per capsule di gel morbido<\/strong><\/h2>\n<p>Nelle industrie farmaceutiche e nutraceutiche, il controllo della qualit\u00e0 \u00e8 fondamentale. \u00c8 fondamentale garantire che le capsule in gel morbido mantengano la loro integrit\u00e0 strutturale durante i processi di confezionamento, stoccaggio e distribuzione. Il <strong>Tester di durezza per capsule in gel morbido<\/strong>, in particolare il <strong>CHT-01 Tester di durezza per capsule e softgel<\/strong>, \u00e8 uno strumento di alta precisione progettato per misurare la compattezza, la resilienza e la resistenza complessiva delle capsule. Valutando fattori chiave come la durezza, la deformazione e la tenuta, questo tester aiuta i produttori a garantire che i loro prodotti siano sicuri, efficaci e di alta qualit\u00e0.<\/p>\n<h2><strong>Perch\u00e9 testare la durezza e la solidit\u00e0 delle capsule di gel morbido?<\/strong><\/h2>\n<p>Le capsule in gel morbido sono ampiamente utilizzate per fornire vitamine, minerali e farmaci in un guscio di gelatina stabile e protettivo. Per queste capsule, mantenere un livello di durezza ideale \u00e8 essenziale, non solo per proteggere i principi attivi all'interno, ma anche per garantire un rilascio controllato del contenuto al momento dell'ingestione. Il test di durezza rivela come la capsula si comporter\u00e0 in varie condizioni, dall'imballaggio al trasporto, fino all'esperienza del consumatore. Il <strong>Tester di durezza per capsule in gel morbido<\/strong> \u00e8 fondamentale per identificare eventuali punti deboli nelle pareti delle capsule o nelle guarnizioni, prevenendo i problemi prima che raggiungano il mercato.<\/p>\n<h2><strong>Caratteristiche principali del tester di durezza per capsule in gel morbido<\/strong><\/h2>\n<ul>\n<li><strong>Capacit\u00e0 di test di alta precisione<\/strong><br \/>\nDotato di tecnologia avanzata, come l'unit\u00e0 di controllo PLC, la vite a ricircolo di sfere di precisione e il motore passo-passo, questo tester fornisce risultati affidabili e accurati che supportano i rigorosi standard di qualit\u00e0.<\/li>\n<li><strong>Programmi di test versatili<\/strong><br \/>\nOfferta di pi\u00f9 programmi standard.<strong>Forza<\/strong> (applicazione di una forza specifica e misurazione della distanza), <strong>Picco<\/strong> (misura della forza massima per la rottura della capsula) e <strong>Distanza<\/strong> (che misura la forza a una distanza fissa) - il tester di durezza per capsule in gel morbido consente di eseguire test completi per comprendere ogni aspetto dell'integrit\u00e0 della capsula.<\/li>\n<li><strong>Interfaccia e controllo di facile utilizzo<\/strong><br \/>\nUn touch screen HMI da 7 pollici consente agli utenti di configurare facilmente le impostazioni, gestire i programmi di test e visualizzare i risultati. Questo design intuitivo migliora il flusso di lavoro e facilita le regolazioni rapide in base ai requisiti di prova.<\/li>\n<li><strong>Caratteristiche di efficienza e sicurezza migliorate<\/strong><br \/>\nIl tavolo rotante, la statica automatica per la raccolta dei dati e la protezione da sovraccarico migliorano l'efficienza e la sicurezza. Queste caratteristiche semplificano i test e proteggono lo strumento dall'uso eccessivo, massimizzandone la durata e l'affidabilit\u00e0.<\/li>\n<\/ul>\n<h2><strong>Metodi di prova dettagliati per la durezza e la compattezza delle capsule di gel morbido<\/strong><\/h2>\n<ul>\n<li><strong>Test di compressione<\/strong><br \/>\nNel test di compressione, una sonda cilindrica di 10 mm di diametro o 10 mm\u00b2 di superficie esercita una pressione sulla capsula fino a provocarne la deformazione o la rottura. In questo modo si simulano le sollecitazioni fisiche che la capsula potrebbe subire in condizioni reali, come l'imballaggio e il trasporto. Con il test di compressione, i produttori ottengono informazioni sulla durata della capsula e sulla sua resistenza ai danni.<\/li>\n<li><strong>Test di compattezza e resistenza alla tenuta<\/strong><br \/>\nIl test di compattezza valuta quanto si deforma una capsula sotto uno specifico carico di compressione, fornendo indicazioni sulla sua elasticit\u00e0 e resilienza. Inoltre, il test di resistenza alla tenuta misura la forza necessaria per rompere il sigillo della capsula, assicurando che non si rompa prematuramente e che rilasci il contenuto solo nelle condizioni previste.<\/li>\n<\/ul>\n<h2><strong>Specifiche tecniche e parametri<\/strong><\/h2>\n<table>\n<tbody>\n<tr>\n<td width=\"184\">Campo di prova<\/td>\n<td width=\"289\">0~200N (o come richiesto)<\/td>\n<\/tr>\n<tr>\n<td width=\"184\">Ictus<\/td>\n<td width=\"289\">200 mm (senza morsetto)<\/td>\n<\/tr>\n<tr>\n<td width=\"184\">Velocit\u00e0<\/td>\n<td width=\"289\">1~300mm\/min (o come richiesto)<\/td>\n<\/tr>\n<tr>\n<td width=\"184\">Precisione dello spostamento<\/td>\n<td width=\"289\">0,01 mm<\/td>\n<\/tr>\n<tr>\n<td width=\"184\">Precisione<\/td>\n<td width=\"289\">0,5% F.S.<\/td>\n<\/tr>\n<tr>\n<td width=\"184\">Uscita<\/td>\n<td width=\"289\">Schermo, microstampante, RS232 (opzionale)<\/td>\n<\/tr>\n<tr>\n<td width=\"184\">Potenza<\/td>\n<td width=\"289\">110~ 220V 50\/60Hz<\/td>\n<\/tr>\n<\/tbody>\n<\/table>\n<h2><strong>Vantaggi del tester di durezza per capsule in gel morbido<\/strong><\/h2>\n<ul>\n<li><strong>Test completi di garanzia della qualit\u00e0<\/strong><br \/>\nGrazie alle funzionalit\u00e0 multi-test, questo tester consente ai produttori di valutare la durata, l'uniformit\u00e0 e la resistenza strutturale delle capsule. Ci\u00f2 si traduce in un miglioramento della qualit\u00e0 del prodotto e della soddisfazione del cliente.<\/li>\n<li><strong>Opzioni personalizzabili per test versatili<\/strong><br \/>\nGrazie a diverse attrezzature e dime, il tester pu\u00f2 accogliere capsule di diverse dimensioni e forme, rendendolo versatile per un'ampia gamma di applicazioni di gel morbido.<\/li>\n<li><strong>Costruito per durare a lungo<\/strong><br \/>\nCostruito con componenti robusti e meccanismi avanzati, il tester \u00e8 costruito per garantire una lunga durata, massimizzando il ritorno sull'investimento e riducendo i tempi di inattivit\u00e0 e manutenzione.<\/li>\n<\/ul>\n<h2><strong>Applicazioni del tester di durezza per capsule di gel morbido<\/strong><\/h2>\n<p>Questo strumento \u00e8 essenziale negli ambienti di produzione farmaceutica e nutraceutica, dove le capsule di gel morbido contenenti vitamine, minerali e altri farmaci liquidi richiedono un rigoroso controllo di qualit\u00e0. Il tester di durezza per capsule in gel morbido svolge un ruolo cruciale nell'assicurazione della qualit\u00e0 per la produzione, il confezionamento e la manipolazione, garantendo che le capsule mantengano la loro integrit\u00e0 ed efficacia fino al consumatore.<\/p>\n<hr \/>\n<h2><strong>Sezione FAQ<\/strong><\/h2>\n<ul>\n<li><strong>Q1<\/strong>: <em>Quali tipi di capsule possono essere testati con questo strumento?<\/em><br \/>\n<strong>A<\/strong>: Il tester per la durezza delle capsule in gel morbido \u00e8 ideale per testare le capsule in gel morbido utilizzate nei prodotti farmaceutici e nutraceutici, comprese quelle contenenti vitamine e farmaci liquidi.<\/li>\n<li><strong>Q2<\/strong>: <em>Qual \u00e8 il significato del test di fermezza?<\/em><br \/>\n<strong>A<\/strong>: Il test di solidit\u00e0 valuta la resistenza e la flessibilit\u00e0 della parete della capsula, contribuendo a garantire che le capsule non si rompano durante la normale manipolazione, conservazione o confezionamento.<\/li>\n<li><strong>Q3<\/strong>: <em>Questo tester \u00e8 in grado di misurare l'elasticit\u00e0?<\/em><br \/>\n<strong>A<\/strong>: S\u00ec, quantifica l'elasticit\u00e0 della capsula misurando la deformazione della parete sotto un determinato carico di compressione, assicurando che le capsule siano flessibili ma resistenti.<\/li>\n<li><strong>Q4<\/strong>: <em>Il CHT-01 \u00e8 personalizzabile per tipi specifici di capsule?<\/em><br \/>\n<strong>A<\/strong>: S\u00ec, il tester pu\u00f2 essere personalizzato con vari dispositivi e maschere per adattarsi alle diverse forme e dimensioni delle capsule, rendendolo adatto a diverse esigenze di test.<\/li>\n<li><strong>Q5<\/strong>: <em>Quali sono le opzioni di uscita disponibili per la registrazione dei dati?<\/em><br \/>\n<strong>A<\/strong>: Il tester visualizza i dati sullo schermo, consente la stampa tramite una microstampante e offre una connettivit\u00e0 RS232 opzionale per l'esportazione dei dati digitali.<\/li>\n<\/ul>","protected":false},"excerpt":{"rendered":"<p>Nelle industrie farmaceutiche e nutraceutiche, il controllo della qualit\u00e0 \u00e8 fondamentale. \u00c8 fondamentale garantire che le capsule in gel morbido mantengano la loro integrit\u00e0 strutturale durante i processi di confezionamento, stoccaggio e distribuzione. Il <strong>Tester di durezza per capsule in gel morbido<\/strong>, in particolare il <strong>CHT-01 Tester di durezza per capsule e softgel<\/strong>, \u00e8 uno strumento di alta precisione progettato per misurare la compattezza, la resilienza e la resistenza complessiva delle capsule. Valutando fattori chiave come la durezza, la deformazione e la tenuta, questo tester aiuta i produttori a garantire che i loro prodotti siano sicuri, efficaci e di alta qualit\u00e0.<\/p>","protected":false},"featured_media":6205,"comment_status":"closed","ping_status":"closed","template":"","meta":{"site-sidebar-layout":"default","site-content-layout":"default","ast-global-header-display":"","ast-main-header-display":"","ast-hfb-above-header-display":"","ast-hfb-below-header-display":"","ast-hfb-mobile-header-display":"","site-post-title":"","ast-breadcrumbs-content":"","ast-featured-img":"","footer-sml-layout":"","theme-transparent-header-meta":"default","adv-header-id-meta":"","stick-header-meta":"","header-above-stick-meta":"","header-main-stick-meta":"","header-below-stick-meta":""},"product_cat":[845,953,956,955,1054,954,957,958,952,959,149,95],"product_tag":[],"class_list":{"0":"post-5110","1":"product","2":"type-product","3":"status-publish","4":"has-post-thumbnail","6":"product_cat-customization","7":"product_cat-bursting-tester","8":"product_cat-cobb-tester","9":"product_cat-crush-tester","10":"product_cat-hardness-tester","11":"product_cat-paper-tear-tester","12":"product_cat-plybond-tester","13":"product_cat-puncture-tester","14":"product_cat-rub-tester","15":"product_cat-stiffness-tester","16":"product_cat-pharma-and-medical-testers","17":"product_cat-products","18":"desktop-align-left","19":"tablet-align-left","20":"mobile-align-left","22":"first","23":"instock","24":"shipping-taxable","25":"product-type-simple"},"_links":{"self":[{"href":"https:\/\/www.qualitester.com\/it\/wp-json\/wp\/v2\/product\/5110","targetHints":{"allow":["GET"]}}],"collection":[{"href":"https:\/\/www.qualitester.com\/it\/wp-json\/wp\/v2\/product"}],"about":[{"href":"https:\/\/www.qualitester.com\/it\/wp-json\/wp\/v2\/types\/product"}],"replies":[{"embeddable":true,"href":"https:\/\/www.qualitester.com\/it\/wp-json\/wp\/v2\/comments?post=5110"}],"version-history":[{"count":0,"href":"https:\/\/www.qualitester.com\/it\/wp-json\/wp\/v2\/product\/5110\/revisions"}],"wp:featuredmedia":[{"embeddable":true,"href":"https:\/\/www.qualitester.com\/it\/wp-json\/wp\/v2\/media\/6205"}],"wp:attachment":[{"href":"https:\/\/www.qualitester.com\/it\/wp-json\/wp\/v2\/media?parent=5110"}],"wp:term":[{"taxonomy":"product_cat","embeddable":true,"href":"https:\/\/www.qualitester.com\/it\/wp-json\/wp\/v2\/product_cat?post=5110"},{"taxonomy":"product_tag","embeddable":true,"href":"https:\/\/www.qualitester.com\/it\/wp-json\/wp\/v2\/product_tag?post=5110"}],"curies":[{"name":"wp","href":"https:\/\/api.w.org\/{rel}","templated":true}]}}