{"id":4162,"date":"2024-04-15T16:39:45","date_gmt":"2024-04-15T08:39:45","guid":{"rendered":"https:\/\/www.qualitester.com\/?post_type=product&#038;p=4162"},"modified":"2024-12-05T13:03:46","modified_gmt":"2024-12-05T05:03:46","slug":"medical-needle-puncture-tester","status":"publish","type":"product","link":"https:\/\/www.qualitester.com\/it\/prodotto-2\/medical-needle-puncture-tester\/","title":{"rendered":"Tester di perforazione ad ago NPT-01"},"content":{"rendered":"<h2>Introduzione del tester di puntura dell'ago medico NPT-01<\/h2>\n<p>Nel campo dei test sui dispositivi medici, la precisione e l'affidabilit\u00e0 sono molto importanti. Cell Instruments, produttore avanzato di strumenti per il collaudo dei materiali, presenta una soluzione per la sicurezza medica - il <strong>Tester medico per la perforazione degli aghi<\/strong>. Progettato per soddisfare le rigorose esigenze del settore medico, questo dispositivo all'avanguardia garantisce l'integrit\u00e0 e la sicurezza degli aghi medicali durante l'uso, migliorando la cura del paziente e la fiducia nelle procedure mediche.<\/p>\n<h2>Perch\u00e9 scegliere il tester per aghi medicali NPT-01?<\/h2>\n<p>Il tester per aghi medicali \u00e8 uno strumento indispensabile per i produttori di dispositivi medici, le agenzie di controllo qualit\u00e0 e le strutture sanitarie. Ecco i vantaggi che il tester per aghi medicali porta con s\u00e9: - la qualit\u00e0 del prodotto \u00e8 un fattore di successo.<\/p>\n<p><img fetchpriority=\"high\" decoding=\"async\" class=\"wp-image-4166 size-woocommerce_single aligncenter\" src=\"https:\/\/www.qualitester.com\/wp-content\/uploads\/2024\/04\/usp-381-needle-puncture-tester-600x600.jpg\" alt=\"Tester per aghi usp 381\" width=\"600\" height=\"600\" srcset=\"https:\/\/www.qualitester.com\/wp-content\/uploads\/2024\/04\/usp-381-needle-puncture-tester-600x600.jpg 600w, https:\/\/www.qualitester.com\/wp-content\/uploads\/2024\/04\/usp-381-needle-puncture-tester-300x300.jpg 300w, https:\/\/www.qualitester.com\/wp-content\/uploads\/2024\/04\/usp-381-needle-puncture-tester-150x150.jpg 150w, https:\/\/www.qualitester.com\/wp-content\/uploads\/2024\/04\/usp-381-needle-puncture-tester-100x100.jpg 100w, https:\/\/www.qualitester.com\/wp-content\/uploads\/2024\/04\/usp-381-needle-puncture-tester.jpg 750w\" sizes=\"(max-width: 600px) 100vw, 600px\" \/><\/p>\n<h3>1. Controllo qualit\u00e0<\/h3>\n<p>Nel rispetto delle severe normative del settore dei dispositivi medici, per garantire l'affidabilit\u00e0 e la sicurezza degli aghi medicali. Il tester di perforazione per aghi medicali consente alle aziende di aderire agli standard del settore e di mantenere una qualit\u00e0 di prim'ordine.<\/p>\n<h3>2. Esame accurato<\/h3>\n<p>La precisione riveste un'importanza fondamentale nella diagnosi e nella terapia medica. L'adozione di questo dispositivo di analisi avanzato consente di effettuare valutazioni meticolose delle punture sugli aghi medici, garantendo la massima funzionalit\u00e0 e riducendo la probabilit\u00e0 di incidenti durante le procedure mediche.<\/p>\n<h2>Funzioni principali<\/h2>\n<p><img decoding=\"async\" class=\"wp-image-4165 size-woocommerce_single aligncenter\" src=\"https:\/\/www.qualitester.com\/wp-content\/uploads\/2024\/04\/medical-needle-puncture-tester-600x600.jpg\" alt=\"tester per aghi medici\" width=\"600\" height=\"600\" srcset=\"https:\/\/www.qualitester.com\/wp-content\/uploads\/2024\/04\/medical-needle-puncture-tester-600x600.jpg 600w, https:\/\/www.qualitester.com\/wp-content\/uploads\/2024\/04\/medical-needle-puncture-tester-300x300.jpg 300w, https:\/\/www.qualitester.com\/wp-content\/uploads\/2024\/04\/medical-needle-puncture-tester-150x150.jpg 150w, https:\/\/www.qualitester.com\/wp-content\/uploads\/2024\/04\/medical-needle-puncture-tester-100x100.jpg 100w, https:\/\/www.qualitester.com\/wp-content\/uploads\/2024\/04\/medical-needle-puncture-tester.jpg 750w\" sizes=\"(max-width: 600px) 100vw, 600px\" \/><\/p>\n<h3>1. Applicazione del tester di resistenza alla perforazione con ago<\/h3>\n<p>Questo tester \u00e8 stato progettato specificamente per valutare la resistenza alla perforazione di <strong>aghi medici<\/strong>, tra cui, a titolo esemplificativo ma non esaustivo <strong>aghi ipodermici<\/strong>, i<strong>aghi da iniezione<\/strong>, <strong>aghi per agopuntura<\/strong>, e <strong>aghi per biopsia<\/strong>. La sua versatilit\u00e0 consente di eseguire test completi su vari tipi e dimensioni di aghi, garantendo una valutazione completa delle prestazioni del prodotto.<\/p>\n<h3>2. Quali benefici si possono ottenere?<\/h3>\n<p>Utilizzando il tester medico per la perforazione degli aghi, gli utenti possono trarre diversi vantaggi degni di nota:<\/p>\n<ul>\n<li>Maggiore sicurezza: Mettendo al primo posto la sicurezza del paziente, questo strumento aiuta a individuare eventuali problemi o difetti negli aghi medici, riducendo la possibilit\u00e0 che gli aghi si rompano o non funzionino correttamente durante le procedure mediche.<\/li>\n<li>Rispetto delle normative: In un settore sempre pi\u00f9 regolamentato, \u00e8 fondamentale rispettare standard rigorosi. Questo tester facilita il rispetto delle regole e degli standard, prevenendo possibili problemi legali e mantenendo il prodotto affidabile.<\/li>\n<li>Risparmio sui costi: Individuare precocemente i problemi degli aghi attraverso test approfonditi consente alle aziende di risparmiare denaro. Riduce il rischio di dover richiamare i prodotti, di dover affrontare cause legali e di danneggiare la propria reputazione.<\/li>\n<\/ul>\n<h2>Come utilizzare il tester per aghi medici NPT-01<\/h2>\n<h3>1. Processo operativo<\/h3>\n<p>Gli ingegneri hanno implementato un'interfaccia di interazione uomo-macchina di facile utilizzo attraverso l'unit\u00e0 di controllo PLC. Pertanto, il funzionamento del tester medico per aghi \u00e8 molto semplice:<\/p>\n<ol>\n<li>Fissare il campione con ago medico e i campioni perforati nell'apposito dispositivo.<\/li>\n<li>Regolare i parametri di prova, tra cui la forza di perforazione e la velocit\u00e0, per allinearsi ai requisiti di prova specifici.<\/li>\n<li>Avviare il processo di test, consentendo al dispositivo di valutare la resistenza alla puntura dell'ago.<\/li>\n<li>Valutare i risultati del test per determinare le prestazioni dell'ago e identificare eventuali deviazioni dagli standard previsti.<\/li>\n<\/ol>\n<h3>2. Video di riferimento sul tester di puntura dell'ago medico NPT-01<\/h3>\n<div class=\"ast-oembed-container\" style=\"height: 100%;\"><iframe title=\"Test di puntura dell&#039;ago della siringa medica | Personalizzazione dello strumento di prova\" width=\"500\" height=\"281\" src=\"https:\/\/www.youtube.com\/embed\/6D2saICCxCA?feature=oembed\" frameborder=\"0\" allow=\"accelerometer; autoplay; clipboard-write; encrypted-media; gyroscope; picture-in-picture; web-share\" referrerpolicy=\"strict-origin-when-cross-origin\" allowfullscreen><\/iframe><\/div>\n<h2>Applicazioni comuni<\/h2>\n<p>La versatilit\u00e0 del tester per aghi medicali lo rende indispensabile in diverse applicazioni del settore medico:<\/p>\n<ul>\n<li>Controllo qualit\u00e0 nella produzione: I produttori di dispositivi medici si affidano a questo tester per condurre valutazioni approfondite della qualit\u00e0 degli aghi medicali, garantendo la conformit\u00e0 agli standard normativi e mantenendo l'eccellenza del prodotto.<\/li>\n<li>Ricerca e sviluppo: Nella ricerca dell'innovazione, i ricercatori utilizzano il tester per valutare nuovi design e materiali degli aghi, migliorando l'efficacia e la sicurezza dei dispositivi medici.<\/li>\n<\/ul>\n<p><img decoding=\"async\" class=\"wp-image-4164 size-woocommerce_single aligncenter\" src=\"https:\/\/www.qualitester.com\/wp-content\/uploads\/2024\/04\/NPT-01-needle-puncture-tester-600x600.jpg\" alt=\"Tester per aghi NPT-01\" width=\"600\" height=\"600\" srcset=\"https:\/\/www.qualitester.com\/wp-content\/uploads\/2024\/04\/NPT-01-needle-puncture-tester-600x600.jpg 600w, https:\/\/www.qualitester.com\/wp-content\/uploads\/2024\/04\/NPT-01-needle-puncture-tester-300x300.jpg 300w, https:\/\/www.qualitester.com\/wp-content\/uploads\/2024\/04\/NPT-01-needle-puncture-tester-150x150.jpg 150w, https:\/\/www.qualitester.com\/wp-content\/uploads\/2024\/04\/NPT-01-needle-puncture-tester-100x100.jpg 100w, https:\/\/www.qualitester.com\/wp-content\/uploads\/2024\/04\/NPT-01-needle-puncture-tester.jpg 750w\" sizes=\"(max-width: 600px) 100vw, 600px\" \/><\/p>\n<h2>Parametro principale<\/h2>\n<table style=\"height: 262px;\" width=\"429\">\n<tbody>\n<tr>\n<td width=\"181\">Campo di prova<\/td>\n<td width=\"284\">0~200N (o come richiesto)<\/td>\n<\/tr>\n<tr>\n<td>Ictus<\/td>\n<td>200 mm (senza morsetto)<\/td>\n<\/tr>\n<tr>\n<td>Velocit\u00e0<\/td>\n<td>1~500mm\/min (o come richiesto)<\/td>\n<\/tr>\n<tr>\n<td>Precisione dello spostamento<\/td>\n<td>0,01 mm<\/td>\n<\/tr>\n<tr>\n<td>Precisione<\/td>\n<td>0,5% F.S.<\/td>\n<\/tr>\n<tr>\n<td>Uscita<\/td>\n<td>Schermo, microstampante, RS232 (opzionale)<\/td>\n<\/tr>\n<tr>\n<td>Potenza<\/td>\n<td>110~ 220V 50\/60Hz<\/td>\n<\/tr>\n<\/tbody>\n<\/table>\n<h2>Processo di produzione<\/h2>\n<p>&nbsp;<\/p>\n<h2>Supporto pre-vendita<\/h2>\n<p>&nbsp;<\/p>\n<h2>Servizio post vendita<\/h2>\n<p>&nbsp;<\/p>\n<p><img loading=\"lazy\" decoding=\"async\" class=\"wp-image-4163 size-woocommerce_single aligncenter\" src=\"https:\/\/www.qualitester.com\/wp-content\/uploads\/2024\/04\/needle-puncture-resistance-test-600x600.jpg\" alt=\"test di resistenza alla puntura dell&#039;ago\" width=\"600\" height=\"600\" srcset=\"https:\/\/www.qualitester.com\/wp-content\/uploads\/2024\/04\/needle-puncture-resistance-test-600x600.jpg 600w, https:\/\/www.qualitester.com\/wp-content\/uploads\/2024\/04\/needle-puncture-resistance-test-300x300.jpg 300w, https:\/\/www.qualitester.com\/wp-content\/uploads\/2024\/04\/needle-puncture-resistance-test-150x150.jpg 150w, https:\/\/www.qualitester.com\/wp-content\/uploads\/2024\/04\/needle-puncture-resistance-test-100x100.jpg 100w, https:\/\/www.qualitester.com\/wp-content\/uploads\/2024\/04\/needle-puncture-resistance-test.jpg 750w\" sizes=\"(max-width: 600px) 100vw, 600px\" \/><\/p>\n<h2>Standard principale<\/h2>\n<p><a href=\"https:\/\/www.uspnf.com\/sites\/default\/files\/usp_pdf\/EN\/USPNF\/revisions\/381_elastomeric_closure_for_injections_rb_notice.pdf\" target=\"_blank\" rel=\"noopener nofollow\">USP 381<\/a><\/p>\n<p><a href=\"https:\/\/www.iso.org\/standard\/68560.html\" target=\"_blank\" rel=\"noopener nofollow\">ISO 8871-5<\/a><\/p>\n<h2>Articolo consigliato<\/h2>\n<p><span style=\"text-decoration: underline;\"><span style=\"color: #99ccff; text-decoration: underline;\"><a style=\"color: #99ccff; text-decoration: underline;\" title=\"test di resistenza alla perforazione dell&#039;ago\" href=\"https:\/\/www.qualitester.com\/it\/3-reasons-to-test-needle-puncture-resistance\/\" target=\"_blank\" rel=\"noopener\">3 motivi per testare la resistenza alla perforazione degli aghi<\/a><\/span><\/span><\/p>\n<p><span style=\"text-decoration: underline;\"><span style=\"color: #99ccff; text-decoration: underline;\"><a class=\"row-title\" style=\"color: #99ccff; text-decoration: underline;\" href=\"https:\/\/www.qualitester.com\/it\/what-is-penetrability-testing-iso-8871-5\/\" target=\"_blank\" rel=\"noopener\" aria-label=\"&quot;Cos&#039;\u00e8 il test di penetrabilit\u00e0? | ISO 8871-5\u300d\uff08\u7f16\u8f91\uff09\">Che cos'\u00e8 il test di penetrabilit\u00e0? | ISO 8871-5<\/a><\/span><\/span><\/p>\n<p><span style=\"text-decoration: underline;\"><span style=\"color: #99ccff; text-decoration: underline;\"><a class=\"row-title\" style=\"color: #99ccff; text-decoration: underline;\" href=\"https:\/\/www.qualitester.com\/it\/penetrability-tester-for-vial-stopper-iso-8871-5\/\" target=\"_blank\" rel=\"noopener\" aria-label=\"&quot;Tester di penetrabilit\u00e0 per tappi di fiale | ISO 8871-5\u300d\uff08\u7f16\u8f91\uff09\">Tester di penetrabilit\u00e0 per tappi per fiale | ISO 8871-5<\/a><\/span><\/span><\/p>\n<p><span style=\"text-decoration: underline;\"><span style=\"color: #99ccff; text-decoration: underline;\"><a class=\"row-title\" style=\"color: #99ccff; text-decoration: underline;\" href=\"https:\/\/www.qualitester.com\/it\/needle-penetrability-tester-for-vial-stopper\/\" aria-label=\"&quot;Tester di penetrabilit\u00e0 dell&#039;ago per il tappo della fiala | ISO 8871-5\u300d\uff08\u7f16\u8f91\uff09\">Tester di penetrabilit\u00e0 dell'ago per tappi di fiale | ISO 8871-5<\/a><\/span><\/span><\/p>\n<p><span style=\"text-decoration: underline;\"><span style=\"color: #99ccff; text-decoration: underline;\"><a class=\"row-title\" style=\"color: #99ccff; text-decoration: underline;\" href=\"https:\/\/www.qualitester.com\/it\/needle-penetration-test-equipment\/\" target=\"_blank\" rel=\"noopener\" aria-label=\"&quot;La migliore apparecchiatura di prova di penetrazione dell&#039;ago ISO 8771-5\u300d\uff08\u7f16\u8f91\uff09\">Le migliori apparecchiature per il test di penetrazione degli aghi ISO 8771-5<\/a><\/span><\/span><\/p>\n<p><span style=\"text-decoration: underline;\"><span style=\"color: #99ccff; text-decoration: underline;\"><a class=\"row-title\" style=\"color: #99ccff; text-decoration: underline;\" href=\"https:\/\/www.qualitester.com\/it\/penetration-force-tester-to-meet-iso-8871-5\/\" target=\"_blank\" rel=\"noopener\" aria-label=\"&quot;Come usare il tester della forza di penetrazione per soddisfare la norma ISO 8871-5\u300d\uff08\u7f16\u8f91\uff09\">Come utilizzare il tester della forza di penetrazione per soddisfare la norma ISO 8871-5<\/a><\/span><\/span><\/p>\n<p><span style=\"text-decoration: underline;\"><span style=\"color: #99ccff; text-decoration: underline;\"><a class=\"row-title\" style=\"color: #99ccff; text-decoration: underline;\" href=\"https:\/\/www.qualitester.com\/it\/needle-penetration-test-for-vial-stopper\/\" aria-label=\"&quot;Test di penetrazione dell&#039;ago per la garanzia di qualit\u00e0 del tappo della fiala ISO 8871-5\u300d\uff08\u7f16\u8f91\uff09\">Test di penetrazione dell'ago per la garanzia di qualit\u00e0 del tappo della fiala ISO 8871-5<\/a><\/span><\/span><\/p>\n<p><span style=\"text-decoration: underline;\"><span style=\"color: #99ccff; text-decoration: underline;\"><a class=\"row-title\" style=\"color: #99ccff; text-decoration: underline;\" href=\"https:\/\/www.qualitester.com\/it\/rubber-stoppers-needle-penetration-test-method\/\" aria-label=\"&quot;Metodo di prova di penetrazione dell&#039;ago per i tappi di gomma\u300d\uff08\u7f16\u8f91\uff09.\">Metodo di prova di penetrazione dell'ago per i tappi di gomma<\/a><\/span><\/span><\/p>\n<div id=\"gtx-anchor\" style=\"position: absolute; visibility: hidden; left: 20px; top: 5443.94px; width: 80.4062px; height: 64.7031px;\"><\/div>\n<div class=\"jfk-bubble gtx-bubble\" style=\"visibility: visible; left: 45px; top: 5276px; opacity: 1;\" role=\"alertdialog\" aria-describedby=\"bubble-7\">\n<div id=\"bubble-7\" class=\"jfk-bubble-content-id\">\n<div id=\"gtx-host\" style=\"min-width: 200px; max-width: 400px;\"><\/div>\n<\/div>\n<div class=\"jfk-bubble-closebtn-id jfk-bubble-closebtn\" tabindex=\"0\" role=\"button\" aria-label=\"Chiudere\"><\/div>\n<div class=\"jfk-bubble-arrow-id jfk-bubble-arrow jfk-bubble-arrowdown\" style=\"left: 60px;\">\n<div class=\"jfk-bubble-arrowimplbefore\"><\/div>\n<div class=\"jfk-bubble-arrowimplafter\"><\/div>\n<\/div>\n<\/div>","protected":false},"excerpt":{"rendered":"<p>Il tester per aghi \u00e8 progettato per valutare la resistenza alla perforazione di diversi tipi di aghi medici, tra cui aghi ipodermici, aghi da iniezione, ecc.<\/p>","protected":false},"featured_media":6226,"comment_status":"closed","ping_status":"closed","template":"","meta":{"site-sidebar-layout":"default","site-content-layout":"default","ast-global-header-display":"","ast-main-header-display":"","ast-hfb-above-header-display":"","ast-hfb-below-header-display":"","ast-hfb-mobile-header-display":"","site-post-title":"","ast-breadcrumbs-content":"","ast-featured-img":"","footer-sml-layout":"","theme-transparent-header-meta":"default","adv-header-id-meta":"","stick-header-meta":"","header-above-stick-meta":"","header-main-stick-meta":"","header-below-stick-meta":""},"product_cat":[958,845,1038,1158,672,149,100,95],"product_tag":[1036,1028,1031,1033],"class_list":{"0":"post-4162","1":"product","2":"type-product","3":"status-publish","4":"has-post-thumbnail","6":"product_cat-puncture-tester","7":"product_cat-customization","8":"product_cat-iso-8871-5","9":"product_cat-usp-381","10":"product_cat-applied-materials","11":"product_cat-pharma-and-medical-testers","12":"product_cat-iso","13":"product_cat-products","14":"product_tag-iso-8871-5","15":"product_tag-needle-puncture-testesr","16":"product_tag-penetrability-tester","17":"product_tag-usp-381","18":"desktop-align-left","19":"tablet-align-left","20":"mobile-align-left","22":"first","23":"instock","24":"featured","25":"shipping-taxable","26":"product-type-simple"},"_links":{"self":[{"href":"https:\/\/www.qualitester.com\/it\/wp-json\/wp\/v2\/product\/4162","targetHints":{"allow":["GET"]}}],"collection":[{"href":"https:\/\/www.qualitester.com\/it\/wp-json\/wp\/v2\/product"}],"about":[{"href":"https:\/\/www.qualitester.com\/it\/wp-json\/wp\/v2\/types\/product"}],"replies":[{"embeddable":true,"href":"https:\/\/www.qualitester.com\/it\/wp-json\/wp\/v2\/comments?post=4162"}],"version-history":[{"count":0,"href":"https:\/\/www.qualitester.com\/it\/wp-json\/wp\/v2\/product\/4162\/revisions"}],"wp:featuredmedia":[{"embeddable":true,"href":"https:\/\/www.qualitester.com\/it\/wp-json\/wp\/v2\/media\/6226"}],"wp:attachment":[{"href":"https:\/\/www.qualitester.com\/it\/wp-json\/wp\/v2\/media?parent=4162"}],"wp:term":[{"taxonomy":"product_cat","embeddable":true,"href":"https:\/\/www.qualitester.com\/it\/wp-json\/wp\/v2\/product_cat?post=4162"},{"taxonomy":"product_tag","embeddable":true,"href":"https:\/\/www.qualitester.com\/it\/wp-json\/wp\/v2\/product_tag?post=4162"}],"curies":[{"name":"wp","href":"https:\/\/api.w.org\/{rel}","templated":true}]}}