{"id":3478,"date":"2023-08-18T13:29:34","date_gmt":"2023-08-18T05:29:34","guid":{"rendered":"https:\/\/www.qualitester.com\/?post_type=product&#038;p=3478"},"modified":"2024-12-04T14:25:09","modified_gmt":"2024-12-04T06:25:09","slug":"vacuum-blood-collection-tube-vacutainer-working-principle","status":"publish","type":"product","link":"https:\/\/www.qualitester.com\/it\/prodotto-2\/vacuum-blood-collection-tube-vacutainer-working-principle\/","title":{"rendered":"Vacuum blood collection tube\/Vacutainer Working Principle"},"content":{"rendered":"<div data-elementor-type=\"wp-post\" data-elementor-id=\"3478\" class=\"elementor elementor-3478\" data-elementor-post-type=\"product\">\n\t\t\t\t<div class=\"elementor-element elementor-element-e8546d3 e-flex e-con-boxed e-con e-parent\" data-id=\"e8546d3\" data-element_type=\"container\">\n\t\t\t\t\t<div class=\"e-con-inner\">\n\t\t<div class=\"elementor-element elementor-element-d2e896b e-con-full e-flex e-con e-parent\" data-id=\"d2e896b\" data-element_type=\"container\">\n\t\t\t\t<div class=\"elementor-element elementor-element-9bf01e5 elementor-widget elementor-widget-image\" data-id=\"9bf01e5\" data-element_type=\"widget\" data-widget_type=\"image.default\">\n\t\t\t\t<div class=\"elementor-widget-container\">\n\t\t\t\t\t\t\t\t\t\t\t\t\t<img fetchpriority=\"high\" decoding=\"async\" width=\"750\" height=\"750\" src=\"https:\/\/www.qualitester.com\/wp-content\/uploads\/2023\/04\/Drawing-Volume-Tester-RDVT-01-1.jpg\" class=\"attachment-large size-large wp-image-1800\" alt=\"\" srcset=\"https:\/\/www.qualitester.com\/wp-content\/uploads\/2023\/04\/Drawing-Volume-Tester-RDVT-01-1.jpg 750w, https:\/\/www.qualitester.com\/wp-content\/uploads\/2023\/04\/Drawing-Volume-Tester-RDVT-01-1-300x300.jpg 300w, https:\/\/www.qualitester.com\/wp-content\/uploads\/2023\/04\/Drawing-Volume-Tester-RDVT-01-1-150x150.jpg 150w, https:\/\/www.qualitester.com\/wp-content\/uploads\/2023\/04\/Drawing-Volume-Tester-RDVT-01-1-600x600.jpg 600w, https:\/\/www.qualitester.com\/wp-content\/uploads\/2023\/04\/Drawing-Volume-Tester-RDVT-01-1-100x100.jpg 100w\" sizes=\"(max-width: 750px) 100vw, 750px\" \/>\t\t\t\t\t\t\t\t\t\t\t\t\t<\/div>\n\t\t\t\t<\/div>\n\t\t\t\t<\/div>\n\t\t<div class=\"elementor-element elementor-element-9d890d4 e-con-full e-flex e-con e-parent\" data-id=\"9d890d4\" data-element_type=\"container\">\n\t\t\t\t<div class=\"elementor-element elementor-element-bd00a62 elementor-widget elementor-widget-text-editor\" data-id=\"bd00a62\" data-element_type=\"widget\" data-widget_type=\"text-editor.default\">\n\t\t\t\t<div class=\"elementor-widget-container\">\n\t\t\t\t\t\t\t<h6><strong>Sfondo<\/strong><\/h6><p><em>Una provetta per il prelievo di sangue vacutainer \u00e8 una provetta sterile di vetro o plastica con un tappo di gomma colorato che crea un vuoto all'interno della provetta, facilitando il prelievo di un volume predeterminato di liquido. Le provette vacutainer possono contenere additivi per stabilizzare e conservare il campione prima dell'analisi.<\/em><\/p><p><em>Le provette sono disponibili con tappo di sicurezza, con diverse opzioni di etichettatura e volumi di prelievo. Il colore della parte superiore indica gli additivi contenuti nella fiala.<\/em><\/p><p>\u00a0<\/p>\t\t\t\t\t\t<\/div>\n\t\t\t\t<\/div>\n\t\t\t\t<\/div>\n\t\t\t\t\t<\/div>\n\t\t\t\t<\/div>\n\t\t<div class=\"elementor-element elementor-element-6fbbd3c e-flex e-con-boxed e-con e-parent\" data-id=\"6fbbd3c\" data-element_type=\"container\">\n\t\t\t\t\t<div class=\"e-con-inner\">\n\t\t<div class=\"elementor-element elementor-element-35ac726 e-con-full e-flex e-con e-parent\" data-id=\"35ac726\" data-element_type=\"container\">\n\t\t\t\t<div class=\"elementor-element elementor-element-86c1ab3 elementor-widget elementor-widget-image\" data-id=\"86c1ab3\" data-element_type=\"widget\" data-widget_type=\"image.default\">\n\t\t\t\t<div class=\"elementor-widget-container\">\n\t\t\t\t\t\t\t\t\t\t\t\t\t<img decoding=\"async\" width=\"750\" height=\"750\" src=\"https:\/\/www.qualitester.com\/wp-content\/uploads\/2023\/04\/RDVT-01-Drawing-Volume-Tester-1.jpg\" class=\"attachment-large size-large wp-image-1801\" alt=\"\" srcset=\"https:\/\/www.qualitester.com\/wp-content\/uploads\/2023\/04\/RDVT-01-Drawing-Volume-Tester-1.jpg 750w, https:\/\/www.qualitester.com\/wp-content\/uploads\/2023\/04\/RDVT-01-Drawing-Volume-Tester-1-300x300.jpg 300w, https:\/\/www.qualitester.com\/wp-content\/uploads\/2023\/04\/RDVT-01-Drawing-Volume-Tester-1-150x150.jpg 150w, https:\/\/www.qualitester.com\/wp-content\/uploads\/2023\/04\/RDVT-01-Drawing-Volume-Tester-1-600x600.jpg 600w, https:\/\/www.qualitester.com\/wp-content\/uploads\/2023\/04\/RDVT-01-Drawing-Volume-Tester-1-100x100.jpg 100w\" sizes=\"(max-width: 750px) 100vw, 750px\" \/>\t\t\t\t\t\t\t\t\t\t\t\t\t<\/div>\n\t\t\t\t<\/div>\n\t\t\t\t<\/div>\n\t\t<div class=\"elementor-element elementor-element-3b27eec e-con-full e-flex e-con e-parent\" data-id=\"3b27eec\" data-element_type=\"container\">\n\t\t\t\t<div class=\"elementor-element elementor-element-9167e29 elementor-widget elementor-widget-text-editor\" data-id=\"9167e29\" data-element_type=\"widget\" data-widget_type=\"text-editor.default\">\n\t\t\t\t<div class=\"elementor-widget-container\">\n\t\t\t\t\t\t\t<h6><strong>Descrizione<\/strong><\/h6><p><em>Gli aghi Vacutainer sono a doppia estremit\u00e0, con un lato ricoperto da un sottile rivestimento in gomma per garantire la sicurezza. Quando l'ago viene avvitato nel porta-aghi di plastica traslucida, l'ago di gomma si trova all'interno del porta-aghi e l'ago esposto viene inserito nella vena.<\/em><\/p><p><em>Quando una provetta vacutainer viene inserita nel supporto, il suo tappo di gomma viene forato dall'ago interno e il vuoto nella provetta spinge il sangue attraverso l'ago e nella provetta. La provetta riempita viene quindi rimossa e un'altra pu\u00f2 essere inserita e riempita allo stesso modo.<\/em><\/p><p><em>La quantit\u00e0 di aria evacuata dal tubo predetermina la quantit\u00e0 di sangue che riempir\u00e0 il tubo prima che il sangue smetta di fluire.<\/em><\/p>\t\t\t\t\t\t<\/div>\n\t\t\t\t<\/div>\n\t\t\t\t<\/div>\n\t\t\t\t\t<\/div>\n\t\t\t\t<\/div>\n\t\t<div class=\"elementor-element elementor-element-079d546 e-flex e-con-boxed e-con e-parent\" data-id=\"079d546\" data-element_type=\"container\">\n\t\t\t\t\t<div class=\"e-con-inner\">\n\t\t<div class=\"elementor-element elementor-element-96d5674 e-con-full e-flex e-con e-parent\" data-id=\"96d5674\" data-element_type=\"container\">\n\t\t\t\t<div class=\"elementor-element elementor-element-0723ea6 elementor-widget elementor-widget-image\" data-id=\"0723ea6\" data-element_type=\"widget\" data-widget_type=\"image.default\">\n\t\t\t\t<div class=\"elementor-widget-container\">\n\t\t\t\t\t\t\t\t\t\t\t\t\t<img decoding=\"async\" width=\"750\" height=\"750\" src=\"https:\/\/www.qualitester.com\/wp-content\/uploads\/2023\/04\/RDVT-01-Drawing-Volume-Tester-1.jpg\" class=\"attachment-large size-large wp-image-1801\" alt=\"\" srcset=\"https:\/\/www.qualitester.com\/wp-content\/uploads\/2023\/04\/RDVT-01-Drawing-Volume-Tester-1.jpg 750w, https:\/\/www.qualitester.com\/wp-content\/uploads\/2023\/04\/RDVT-01-Drawing-Volume-Tester-1-300x300.jpg 300w, https:\/\/www.qualitester.com\/wp-content\/uploads\/2023\/04\/RDVT-01-Drawing-Volume-Tester-1-150x150.jpg 150w, https:\/\/www.qualitester.com\/wp-content\/uploads\/2023\/04\/RDVT-01-Drawing-Volume-Tester-1-600x600.jpg 600w, https:\/\/www.qualitester.com\/wp-content\/uploads\/2023\/04\/RDVT-01-Drawing-Volume-Tester-1-100x100.jpg 100w\" sizes=\"(max-width: 750px) 100vw, 750px\" \/>\t\t\t\t\t\t\t\t\t\t\t\t\t<\/div>\n\t\t\t\t<\/div>\n\t\t\t\t<\/div>\n\t\t<div class=\"elementor-element elementor-element-61dd7de e-con-full e-flex e-con e-parent\" data-id=\"61dd7de\" data-element_type=\"container\">\n\t\t\t\t<div class=\"elementor-element elementor-element-3dda4cd elementor-widget elementor-widget-text-editor\" data-id=\"3dda4cd\" data-element_type=\"widget\" data-widget_type=\"text-editor.default\">\n\t\t\t\t<div class=\"elementor-widget-container\">\n\t\t\t\t\t\t\t<p><strong>Caratteristiche tecniche<\/strong><\/p><ul><li><em>Si tratta di un'unit\u00e0 controllata da PLC (stabile a livello industriale) e gestita da HMI touch screen.<\/em><\/li><li><em>\u00c8 comodo da usare, ha un ingresso digitale e il sistema mantiene automaticamente una pressione costante in base alla variazione del livello del liquido nel serbatoio, in modo da garantire l'accuratezza del test.<\/em><\/li><li><em>Pompa del vuoto incorporata per risparmiare spazio e costi aggiuntivi per l'utente.<\/em><\/li><\/ul><h6><strong>Dati<\/strong><\/h6><p><em>Grado di vuoto 0~-40 KPa <\/em><br \/><em>\u00a0 \u00a0 \u00a0 \u00a0 \u00a0 \u00a0 \u00a0 \u00a0 \u00a0 \u00a0 \u00a0 \u00a0 \u00a0 \u00a0 \u00a0 \u00a0 \u00a0 \u00a0 \u00a0 \u00a0 \u00a0 \u00a0 \u00a0 \u00a0 \u00a0 (Simile all'altitudine di 3600 m)<\/em><\/p><p><em>PLC di controllo e interfaccia uomo-macchina<\/em><\/p><p><em>Alimentazione 220V, 50\/60Hz<\/em><\/p>\t\t\t\t\t\t<\/div>\n\t\t\t\t<\/div>\n\t\t\t\t<\/div>\n\t\t\t\t\t<\/div>\n\t\t\t\t<\/div>\n\t\t<div class=\"elementor-element elementor-element-50ec8cb e-flex e-con-boxed e-con e-parent\" data-id=\"50ec8cb\" data-element_type=\"container\">\n\t\t\t\t\t<div class=\"e-con-inner\">\n\t\t\t\t<div class=\"elementor-element elementor-element-d7531f7 elementor-widget elementor-widget-wpforms\" data-id=\"d7531f7\" data-element_type=\"widget\" data-widget_type=\"wpforms.default\">\n\t\t\t\t<div class=\"elementor-widget-container\">\n\t\t\t<div class=\"wpforms-container\" id=\"wpforms-11\"><form id=\"wpforms-form-11\" class=\"wpforms-validate wpforms-form wpforms-ajax-form\" data-formid=\"11\" method=\"post\" enctype=\"multipart\/form-data\" action=\"\/it\/wp-json\/wp\/v2\/product\/3478\" data-token=\"e79a37c8e1278f1434d715431c5ed954\" data-trp-original-action=\"\/it\/wp-json\/wp\/v2\/product\/3478\"><noscript class=\"wpforms-error-noscript\">Abilita JavaScript nel browser per completare questo modulo.<\/noscript><div class=\"wpforms-field-container\"><div id=\"wpforms-11-field_1-container\" class=\"wpforms-field wpforms-field-text\" data-field-id=\"1\"><label class=\"wpforms-field-label\" for=\"wpforms-11-field_1\">Nome <span class=\"wpforms-required-label\">*<\/span><\/label><input type=\"text\" id=\"wpforms-11-field_1\" class=\"wpforms-field-medium wpforms-field-required\" name=\"wpforms[fields][1]\" placeholder=\"Nome\" required><\/div><div id=\"wpforms-11-field_5-container\" class=\"wpforms-field wpforms-field-text\" data-field-id=\"5\"><label class=\"wpforms-field-label\" for=\"wpforms-11-field_5\">Azienda<\/label><input type=\"text\" id=\"wpforms-11-field_5\" class=\"wpforms-field-medium\" name=\"wpforms[fields][5]\" ><\/div><div id=\"wpforms-11-field_4-container\" class=\"wpforms-field wpforms-field-number\" data-field-id=\"4\"><label class=\"wpforms-field-label\" for=\"wpforms-11-field_4\">Telefono<\/label><input type=\"number\" pattern=\"\\d*\" id=\"wpforms-11-field_4\" class=\"wpforms-field-medium\" name=\"wpforms[fields][4]\" placeholder=\"Telefono\" ><\/div><div id=\"wpforms-11-field_3-container\" class=\"wpforms-field wpforms-field-email\" data-field-id=\"3\"><label class=\"wpforms-field-label\" for=\"wpforms-11-field_3\">Email <span class=\"wpforms-required-label\">*<\/span><\/label><input type=\"email\" id=\"wpforms-11-field_3\" class=\"wpforms-field-medium wpforms-field-required\" name=\"wpforms[fields][3]\" placeholder=\"Email\" spellcheck=\"false\" required><\/div><div id=\"wpforms-11-field_2-container\" class=\"wpforms-field wpforms-field-textarea\" data-field-id=\"2\"><label class=\"wpforms-field-label\" for=\"wpforms-11-field_2\">Messaggio<\/label><textarea id=\"wpforms-11-field_2\" class=\"wpforms-field-large\" name=\"wpforms[fields][2]\" ><\/textarea><\/div><\/div><!-- .wpforms-field-container --><input type=\"hidden\" name=\"wpforms[recaptcha]\" value=\"\"><div class=\"wpforms-submit-container\" ><input type=\"hidden\" name=\"wpforms[id]\" value=\"11\"><input type=\"hidden\" name=\"wpforms[author]\" value=\"4\"><button type=\"submit\" name=\"wpforms[submit]\" id=\"wpforms-submit-11\" class=\"wpforms-submit\" data-alt-text=\"Submitting\" data-submit-text=\"Submit\" aria-live=\"assertive\" value=\"wpforms-submit\">Invia<\/button><img decoding=\"async\" src=\"https:\/\/www.qualitester.com\/wp-content\/plugins\/wpforms-lite\/assets\/images\/submit-spin.svg\" class=\"wpforms-submit-spinner\" style=\"display: none;\" width=\"26\" height=\"26\" alt=\"Caricamento\"><\/div><input type=\"hidden\" name=\"trp-form-language\" value=\"it\"\/><\/form><\/div>  <!-- .wpforms-container -->\t\t<\/div>\n\t\t\t\t<\/div>\n\t\t\t\t\t<\/div>\n\t\t\t\t<\/div>\n\t\t\t\t<\/div>","protected":false},"excerpt":{"rendered":"<p>RDVT-01 pu\u00f2 testare il volume di sangue che pu\u00f2 essere aspirato automaticamente dai vasi sanguigni sottovuoto.<\/p>","protected":false},"featured_media":1801,"comment_status":"closed","ping_status":"closed","template":"","meta":{"site-sidebar-layout":"default","site-content-layout":"default","ast-global-header-display":"","ast-main-header-display":"","ast-hfb-above-header-display":"","ast-hfb-below-header-display":"","ast-hfb-mobile-header-display":"","site-post-title":"disabled","ast-breadcrumbs-content":"","ast-featured-img":"disabled","footer-sml-layout":"","theme-transparent-header-meta":"default","adv-header-id-meta":"","stick-header-meta":"","header-above-stick-meta":"","header-main-stick-meta":"","header-below-stick-meta":""},"product_cat":[934,936,149,16,95],"product_tag":[966,184,384],"class_list":{"0":"post-3478","1":"product","2":"type-product","3":"status-publish","4":"has-post-thumbnail","6":"product_cat-medical-packaging-tester","7":"product_cat-vacutainer-drawing-volume-tester","8":"product_cat-pharma-and-medical-testers","9":"product_cat-plastic-packaging-testers","10":"product_cat-products","11":"product_tag-drawing-volume-of-the-vacutainer","12":"product_tag-vacutainer-blood-collection-tube","13":"product_tag-vacuum-tube-suction-volume","14":"desktop-align-left","15":"tablet-align-left","16":"mobile-align-left","18":"first","19":"instock","20":"shipping-taxable","21":"product-type-simple"},"_links":{"self":[{"href":"https:\/\/www.qualitester.com\/it\/wp-json\/wp\/v2\/product\/3478","targetHints":{"allow":["GET"]}}],"collection":[{"href":"https:\/\/www.qualitester.com\/it\/wp-json\/wp\/v2\/product"}],"about":[{"href":"https:\/\/www.qualitester.com\/it\/wp-json\/wp\/v2\/types\/product"}],"replies":[{"embeddable":true,"href":"https:\/\/www.qualitester.com\/it\/wp-json\/wp\/v2\/comments?post=3478"}],"version-history":[{"count":0,"href":"https:\/\/www.qualitester.com\/it\/wp-json\/wp\/v2\/product\/3478\/revisions"}],"wp:featuredmedia":[{"embeddable":true,"href":"https:\/\/www.qualitester.com\/it\/wp-json\/wp\/v2\/media\/1801"}],"wp:attachment":[{"href":"https:\/\/www.qualitester.com\/it\/wp-json\/wp\/v2\/media?parent=3478"}],"wp:term":[{"taxonomy":"product_cat","embeddable":true,"href":"https:\/\/www.qualitester.com\/it\/wp-json\/wp\/v2\/product_cat?post=3478"},{"taxonomy":"product_tag","embeddable":true,"href":"https:\/\/www.qualitester.com\/it\/wp-json\/wp\/v2\/product_tag?post=3478"}],"curies":[{"name":"wp","href":"https:\/\/api.w.org\/{rel}","templated":true}]}}