{"id":2341,"date":"2023-06-01T13:41:52","date_gmt":"2023-06-01T05:41:52","guid":{"rendered":"https:\/\/www.qualitester.com\/?post_type=product&#038;p=2341"},"modified":"2024-11-20T13:13:13","modified_gmt":"2024-11-20T05:13:13","slug":"cof-01-conveyor-belt-friction-coefficient-detection-machine","status":"publish","type":"product","link":"https:\/\/www.qualitester.com\/it\/prodotto-2\/cof-01-conveyor-belt-friction-coefficient-detection-machine\/","title":{"rendered":"Macchina di rilevamento del coefficiente di attrito del nastro trasportatore COF-01"},"content":{"rendered":"<div data-elementor-type=\"wp-post\" data-elementor-id=\"2341\" class=\"elementor elementor-2341\" data-elementor-post-type=\"product\">\n\t\t\t\t\t\t<section class=\"elementor-section elementor-top-section elementor-element elementor-element-3c6dd13 elementor-section-boxed elementor-section-height-default elementor-section-height-default\" data-id=\"3c6dd13\" data-element_type=\"section\">\n\t\t\t\t\t\t<div class=\"elementor-container elementor-column-gap-default\">\n\t\t\t\t\t<div class=\"elementor-column elementor-col-50 elementor-top-column elementor-element elementor-element-20957ab\" data-id=\"20957ab\" data-element_type=\"column\">\n\t\t\t<div class=\"elementor-widget-wrap elementor-element-populated\">\n\t\t\t\t\t\t<div class=\"elementor-element elementor-element-d9ef681 elementor-widget elementor-widget-image\" data-id=\"d9ef681\" data-element_type=\"widget\" data-widget_type=\"image.default\">\n\t\t\t\t<div class=\"elementor-widget-container\">\n\t\t\t\t\t\t\t\t\t\t\t\t\t<img fetchpriority=\"high\" decoding=\"async\" width=\"750\" height=\"750\" src=\"https:\/\/www.qualitester.com\/wp-content\/uploads\/2023\/04\/Coefficient-of-Friction-Tester-COF-01-1.jpg\" class=\"attachment-large size-large wp-image-1472\" alt=\"\" srcset=\"https:\/\/www.qualitester.com\/wp-content\/uploads\/2023\/04\/Coefficient-of-Friction-Tester-COF-01-1.jpg 750w, https:\/\/www.qualitester.com\/wp-content\/uploads\/2023\/04\/Coefficient-of-Friction-Tester-COF-01-1-300x300.jpg 300w, https:\/\/www.qualitester.com\/wp-content\/uploads\/2023\/04\/Coefficient-of-Friction-Tester-COF-01-1-100x100.jpg 100w, https:\/\/www.qualitester.com\/wp-content\/uploads\/2023\/04\/Coefficient-of-Friction-Tester-COF-01-1-600x600.jpg 600w, https:\/\/www.qualitester.com\/wp-content\/uploads\/2023\/04\/Coefficient-of-Friction-Tester-COF-01-1-150x150.jpg 150w\" sizes=\"(max-width: 750px) 100vw, 750px\" \/>\t\t\t\t\t\t\t\t\t\t\t\t\t<\/div>\n\t\t\t\t<\/div>\n\t\t\t\t\t<\/div>\n\t\t<\/div>\n\t\t\t\t<div class=\"elementor-column elementor-col-50 elementor-top-column elementor-element elementor-element-7a05e15\" data-id=\"7a05e15\" data-element_type=\"column\">\n\t\t\t<div class=\"elementor-widget-wrap elementor-element-populated\">\n\t\t\t\t\t\t<div class=\"elementor-element elementor-element-38ae7a1 elementor-widget elementor-widget-text-editor\" data-id=\"38ae7a1\" data-element_type=\"widget\" data-widget_type=\"text-editor.default\">\n\t\t\t\t<div class=\"elementor-widget-container\">\n\t\t\t\t\t\t\t<h6><strong>Sfondo<\/strong><\/h6><p><em>Il coefficiente di attrito \u00e8 la quantit\u00e0 di attrito esistente tra due superfici. Un valore basso del coefficiente di attrito significa che \u00e8 necessaria una forza minore per lo scorrimento. Un valore pi\u00f9 alto significa che \u00e8 necessaria una forza maggiore. <\/em><br \/><em>Il COF varia a seconda dei materiali che interagiscono tra loro. Il COF del film di imballaggio si riferisce al livello di \u2018scivolamento\u2019 che il materiale di imballaggio ha quando interagisce con le diverse parti della macchina di imballaggio o con i materiali. <\/em><br \/><em>Il controllo della COF \u00e8 importante per ottimizzare le prestazioni ed evitare problemi nella formazione, nel trasporto e nello stoccaggio delle confezioni. La COF pu\u00f2 essere influenzata da diversi fattori, tra cui additivi antibloccaggio, trattamento corona, antistatici, inchiostri, vernici e adesivi.<\/em><\/p><h6><strong>Applicazione<\/strong><\/h6><p><em>Il tester per il coefficiente di attrito COF-01 serve a misurare i coefficienti di attrito statico e cinetico di film plastici, fogli, gomma, carta, cartone, tessuto e non tessuto, tessuti, nastri compositi metallo-plastica per cavi di comunicazione, nastri trasportatori, legno, rivestimenti, pastiglie dei freni, tergicristalli, materiali per scarpe e pneumatici. Con una modifica, pu\u00f2 essere utilizzato per molti altri tipi di materiali e standard di prova.<\/em><\/p>\t\t\t\t\t\t<\/div>\n\t\t\t\t<\/div>\n\t\t\t\t\t<\/div>\n\t\t<\/div>\n\t\t\t\t\t<\/div>\n\t\t<\/section>\n\t\t\t\t<section class=\"elementor-section elementor-top-section elementor-element elementor-element-f2765f3 elementor-section-boxed elementor-section-height-default elementor-section-height-default\" data-id=\"f2765f3\" data-element_type=\"section\">\n\t\t\t\t\t\t<div class=\"elementor-container elementor-column-gap-default\">\n\t\t\t\t\t<div class=\"elementor-column elementor-col-50 elementor-top-column elementor-element elementor-element-61f4ef5\" data-id=\"61f4ef5\" data-element_type=\"column\">\n\t\t\t<div class=\"elementor-widget-wrap elementor-element-populated\">\n\t\t\t\t\t\t<div class=\"elementor-element elementor-element-5c727b4 elementor-widget elementor-widget-image\" data-id=\"5c727b4\" data-element_type=\"widget\" data-widget_type=\"image.default\">\n\t\t\t\t<div class=\"elementor-widget-container\">\n\t\t\t\t\t\t\t\t\t\t\t\t\t<img decoding=\"async\" width=\"750\" height=\"750\" src=\"https:\/\/www.qualitester.com\/wp-content\/uploads\/2023\/04\/COF-01-Coefficient-of-Friction-Tester.jpg\" class=\"attachment-large size-large wp-image-1474\" alt=\"\" srcset=\"https:\/\/www.qualitester.com\/wp-content\/uploads\/2023\/04\/COF-01-Coefficient-of-Friction-Tester.jpg 750w, https:\/\/www.qualitester.com\/wp-content\/uploads\/2023\/04\/COF-01-Coefficient-of-Friction-Tester-300x300.jpg 300w, https:\/\/www.qualitester.com\/wp-content\/uploads\/2023\/04\/COF-01-Coefficient-of-Friction-Tester-100x100.jpg 100w, https:\/\/www.qualitester.com\/wp-content\/uploads\/2023\/04\/COF-01-Coefficient-of-Friction-Tester-600x600.jpg 600w, https:\/\/www.qualitester.com\/wp-content\/uploads\/2023\/04\/COF-01-Coefficient-of-Friction-Tester-150x150.jpg 150w\" sizes=\"(max-width: 750px) 100vw, 750px\" \/>\t\t\t\t\t\t\t\t\t\t\t\t\t<\/div>\n\t\t\t\t<\/div>\n\t\t\t\t\t<\/div>\n\t\t<\/div>\n\t\t\t\t<div class=\"elementor-column elementor-col-50 elementor-top-column elementor-element elementor-element-f97400e\" data-id=\"f97400e\" data-element_type=\"column\">\n\t\t\t<div class=\"elementor-widget-wrap elementor-element-populated\">\n\t\t\t\t\t\t<div class=\"elementor-element elementor-element-fa99f8f elementor-widget elementor-widget-text-editor\" data-id=\"fa99f8f\" data-element_type=\"widget\" data-widget_type=\"text-editor.default\">\n\t\t\t\t<div class=\"elementor-widget-container\">\n\t\t\t\t\t\t\t<h6><strong>Caratteristiche tecniche<\/strong><\/h6><p><em>Il tester del coefficiente di attrito COF-01 ha aiutato l'industria della flessibilit\u00e0 fin dalla sua nascita. Utilizza il controllo PLC e il touch screen HMI (interfaccia uomo-macchina). Il design di classe industriale ne garantisce la stabilit\u00e0 e la lunga durata.<\/em><\/p><ul><li><em>Utilizza unit\u00e0 di controllo PLC e touch screen HMI.<\/em><\/li><li><em>Motore passo-passo e meccanismo di guida con vite di precisione a sfera.<\/em><\/li><li><em>Visualizzazione in tempo reale della curva di prova, registrazione automatica dei risultati massimi, minimi e medi.<\/em><\/li><li><em>Il coefficiente di attrito statico e cinetico \u00e8 stato misurato.<\/em><\/li><li><em>Rispettare gli standard dei test multipli.<\/em><\/li><li><em>Micro stampante a matrice di punti incorporata.<\/em><\/li><li><em>Piano di prova interamente in alluminio.<\/em><\/li><li><em>Uscita RS232 e software professionale (opzionale)<\/em><\/li><li><em>Supporto della visualizzazione in lingua locale<\/em><\/li><\/ul>\t\t\t\t\t\t<\/div>\n\t\t\t\t<\/div>\n\t\t\t\t\t<\/div>\n\t\t<\/div>\n\t\t\t\t\t<\/div>\n\t\t<\/section>\n\t\t\t\t<section class=\"elementor-section elementor-top-section elementor-element elementor-element-1ccdde6 elementor-section-boxed elementor-section-height-default elementor-section-height-default\" data-id=\"1ccdde6\" data-element_type=\"section\">\n\t\t\t\t\t\t<div class=\"elementor-container elementor-column-gap-default\">\n\t\t\t\t\t<div class=\"elementor-column elementor-col-50 elementor-top-column elementor-element elementor-element-649e46d\" data-id=\"649e46d\" data-element_type=\"column\">\n\t\t\t<div class=\"elementor-widget-wrap elementor-element-populated\">\n\t\t\t\t\t\t<div class=\"elementor-element elementor-element-351b82d elementor-widget elementor-widget-image\" data-id=\"351b82d\" data-element_type=\"widget\" data-widget_type=\"image.default\">\n\t\t\t\t<div class=\"elementor-widget-container\">\n\t\t\t\t\t\t\t\t\t\t\t\t\t<img decoding=\"async\" width=\"750\" height=\"750\" src=\"https:\/\/www.qualitester.com\/wp-content\/uploads\/2023\/04\/COF-01-Coefficient-of-Friction-Tester.jpg\" class=\"attachment-large size-large wp-image-1474\" alt=\"\" srcset=\"https:\/\/www.qualitester.com\/wp-content\/uploads\/2023\/04\/COF-01-Coefficient-of-Friction-Tester.jpg 750w, https:\/\/www.qualitester.com\/wp-content\/uploads\/2023\/04\/COF-01-Coefficient-of-Friction-Tester-300x300.jpg 300w, https:\/\/www.qualitester.com\/wp-content\/uploads\/2023\/04\/COF-01-Coefficient-of-Friction-Tester-100x100.jpg 100w, https:\/\/www.qualitester.com\/wp-content\/uploads\/2023\/04\/COF-01-Coefficient-of-Friction-Tester-600x600.jpg 600w, https:\/\/www.qualitester.com\/wp-content\/uploads\/2023\/04\/COF-01-Coefficient-of-Friction-Tester-150x150.jpg 150w\" sizes=\"(max-width: 750px) 100vw, 750px\" \/>\t\t\t\t\t\t\t\t\t\t\t\t\t<\/div>\n\t\t\t\t<\/div>\n\t\t\t\t\t<\/div>\n\t\t<\/div>\n\t\t\t\t<div class=\"elementor-column elementor-col-50 elementor-top-column elementor-element elementor-element-c4a7507\" data-id=\"c4a7507\" data-element_type=\"column\">\n\t\t\t<div class=\"elementor-widget-wrap elementor-element-populated\">\n\t\t\t\t\t\t<div class=\"elementor-element elementor-element-3d3b93a elementor-widget elementor-widget-text-editor\" data-id=\"3d3b93a\" data-element_type=\"widget\" data-widget_type=\"text-editor.default\">\n\t\t\t\t<div class=\"elementor-widget-container\">\n\t\t\t\t\t\t\t<h6><strong>Parametri principali<\/strong><\/h6><p><em>Cella di carico 5 N (o come richiesto)<\/em><\/p><p><em>Precisione 0,5 F.S.<\/em><\/p><p><em>Slitta 200 g (o secondo necessit\u00e0)<\/em><\/p><p><em>Dimensione slitta 63,5 mm*63,5 mm (o come richiesto)<\/em><\/p><p><em>Velocit\u00e0 di prova 100 mm\/min (ISO), 150 mm\/min (ASTM)<\/em><\/p><p><em>Dimensions 540mm(L)*380mm(W)*240mm(H)<\/em><\/p><p><em>Peso NW 21 kg<\/em><\/p><p><em>Alimentazione 110-~220V 50\/60Hz\u00a0<\/em><\/p><h6><strong>Standard principali<\/strong><\/h6><p><em>ASTM D1894, ISO 8295, TAPPI T816, GB 10006 <\/em><\/p>\t\t\t\t\t\t<\/div>\n\t\t\t\t<\/div>\n\t\t\t\t\t<\/div>\n\t\t<\/div>\n\t\t\t\t\t<\/div>\n\t\t<\/section>\n\t\t\t\t<section class=\"elementor-section elementor-top-section elementor-element elementor-element-8809266 elementor-section-boxed elementor-section-height-default elementor-section-height-default\" data-id=\"8809266\" data-element_type=\"section\">\n\t\t\t\t\t\t<div class=\"elementor-container elementor-column-gap-default\">\n\t\t\t\t\t<div class=\"elementor-column elementor-col-100 elementor-top-column elementor-element elementor-element-1561530\" data-id=\"1561530\" data-element_type=\"column\">\n\t\t\t<div class=\"elementor-widget-wrap elementor-element-populated\">\n\t\t\t\t\t\t<div class=\"elementor-element elementor-element-f358ec6 elementor-widget elementor-widget-wpforms\" data-id=\"f358ec6\" data-element_type=\"widget\" data-widget_type=\"wpforms.default\">\n\t\t\t\t<div class=\"elementor-widget-container\">\n\t\t\t<div class=\"wpforms-container\" id=\"wpforms-11\"><form id=\"wpforms-form-11\" class=\"wpforms-validate wpforms-form wpforms-ajax-form\" data-formid=\"11\" method=\"post\" enctype=\"multipart\/form-data\" action=\"\/it\/wp-json\/wp\/v2\/product\/2341\" data-token=\"e79a37c8e1278f1434d715431c5ed954\" data-trp-original-action=\"\/it\/wp-json\/wp\/v2\/product\/2341\"><noscript class=\"wpforms-error-noscript\">Abilita JavaScript nel browser per completare questo modulo.<\/noscript><div class=\"wpforms-field-container\"><div id=\"wpforms-11-field_1-container\" class=\"wpforms-field wpforms-field-text\" data-field-id=\"1\"><label class=\"wpforms-field-label\" for=\"wpforms-11-field_1\">Nome <span class=\"wpforms-required-label\">*<\/span><\/label><input type=\"text\" id=\"wpforms-11-field_1\" class=\"wpforms-field-medium wpforms-field-required\" name=\"wpforms[fields][1]\" placeholder=\"Nome\" required><\/div><div id=\"wpforms-11-field_5-container\" class=\"wpforms-field wpforms-field-text\" data-field-id=\"5\"><label class=\"wpforms-field-label\" for=\"wpforms-11-field_5\">Azienda<\/label><input type=\"text\" id=\"wpforms-11-field_5\" class=\"wpforms-field-medium\" name=\"wpforms[fields][5]\" ><\/div><div id=\"wpforms-11-field_4-container\" class=\"wpforms-field wpforms-field-number\" data-field-id=\"4\"><label class=\"wpforms-field-label\" for=\"wpforms-11-field_4\">Telefono<\/label><input type=\"number\" pattern=\"\\d*\" id=\"wpforms-11-field_4\" class=\"wpforms-field-medium\" name=\"wpforms[fields][4]\" placeholder=\"Telefono\" ><\/div><div id=\"wpforms-11-field_3-container\" class=\"wpforms-field wpforms-field-email\" data-field-id=\"3\"><label class=\"wpforms-field-label\" for=\"wpforms-11-field_3\">Email <span class=\"wpforms-required-label\">*<\/span><\/label><input type=\"email\" id=\"wpforms-11-field_3\" class=\"wpforms-field-medium wpforms-field-required\" name=\"wpforms[fields][3]\" placeholder=\"Email\" spellcheck=\"false\" required><\/div><div id=\"wpforms-11-field_2-container\" class=\"wpforms-field wpforms-field-textarea\" data-field-id=\"2\"><label class=\"wpforms-field-label\" for=\"wpforms-11-field_2\">Messaggio<\/label><textarea id=\"wpforms-11-field_2\" class=\"wpforms-field-large\" name=\"wpforms[fields][2]\" ><\/textarea><\/div><\/div><!-- .wpforms-field-container --><input type=\"hidden\" name=\"wpforms[recaptcha]\" value=\"\"><div class=\"wpforms-submit-container\" ><input type=\"hidden\" name=\"wpforms[id]\" value=\"11\"><input type=\"hidden\" name=\"wpforms[author]\" value=\"3\"><button type=\"submit\" name=\"wpforms[submit]\" id=\"wpforms-submit-11\" class=\"wpforms-submit\" data-alt-text=\"Submitting\" data-submit-text=\"Submit\" aria-live=\"assertive\" value=\"wpforms-submit\">Invia<\/button><img decoding=\"async\" src=\"https:\/\/www.qualitester.com\/wp-content\/plugins\/wpforms-lite\/assets\/images\/submit-spin.svg\" class=\"wpforms-submit-spinner\" style=\"display: none;\" width=\"26\" height=\"26\" alt=\"Caricamento\"><\/div><input type=\"hidden\" name=\"trp-form-language\" value=\"it\"\/><\/form><\/div>  <!-- .wpforms-container -->\t\t<\/div>\n\t\t\t\t<\/div>\n\t\t\t\t\t<\/div>\n\t\t<\/div>\n\t\t\t\t\t<\/div>\n\t\t<\/section>\n\t\t\t\t<\/div>","protected":false},"excerpt":{"rendered":"<p>Aumentate l'efficienza dell'imballaggio con il tester del coefficiente di attrito del nastro trasportatore COF-01. Scoprite le sue applicazioni, le caratteristiche tecniche e la conformit\u00e0 agli standard per un test preciso dei materiali. Ottimizzate i processi con misurazioni affidabili del coefficiente di attrito.<\/p>","protected":false},"featured_media":4012,"comment_status":"closed","ping_status":"closed","template":"","meta":{"site-sidebar-layout":"default","site-content-layout":"default","ast-global-header-display":"","ast-main-header-display":"","ast-hfb-above-header-display":"","ast-hfb-below-header-display":"","ast-hfb-mobile-header-display":"","site-post-title":"disabled","ast-breadcrumbs-content":"","ast-featured-img":"","footer-sml-layout":"","theme-transparent-header-meta":"default","adv-header-id-meta":"","stick-header-meta":"","header-above-stick-meta":"","header-main-stick-meta":"","header-below-stick-meta":""},"product_cat":[845,938,674,683,672,44,16,99,106,170,95],"product_tag":[37,405,1011,38,308,307,309,404],"class_list":{"0":"post-2341","1":"product","2":"type-product","3":"status-publish","4":"has-post-thumbnail","6":"product_cat-customization","7":"product_cat-textile-tester","8":"product_cat-test-items","9":"product_cat-coefficient-of-friction-tester","10":"product_cat-applied-materials","11":"product_cat-paper-and-board-testers","12":"product_cat-plastic-packaging-testers","13":"product_cat-astm","14":"product_cat-astm-d1894","15":"product_cat-iso-8295","16":"product_cat-products","17":"product_tag-coefficient-of-friction","18":"product_tag-conveyor-belt","19":"product_tag-conveyor-belt-coefficient-of-friction-coefficient-of-friction","20":"product_tag-friction","21":"product_tag-rubber","22":"product_tag-sheet","23":"product_tag-tappi-t816","24":"product_tag-transmission-belt","25":"desktop-align-left","26":"tablet-align-left","27":"mobile-align-left","29":"first","30":"instock","31":"shipping-taxable","32":"product-type-simple"},"_links":{"self":[{"href":"https:\/\/www.qualitester.com\/it\/wp-json\/wp\/v2\/product\/2341","targetHints":{"allow":["GET"]}}],"collection":[{"href":"https:\/\/www.qualitester.com\/it\/wp-json\/wp\/v2\/product"}],"about":[{"href":"https:\/\/www.qualitester.com\/it\/wp-json\/wp\/v2\/types\/product"}],"replies":[{"embeddable":true,"href":"https:\/\/www.qualitester.com\/it\/wp-json\/wp\/v2\/comments?post=2341"}],"version-history":[{"count":0,"href":"https:\/\/www.qualitester.com\/it\/wp-json\/wp\/v2\/product\/2341\/revisions"}],"wp:featuredmedia":[{"embeddable":true,"href":"https:\/\/www.qualitester.com\/it\/wp-json\/wp\/v2\/media\/4012"}],"wp:attachment":[{"href":"https:\/\/www.qualitester.com\/it\/wp-json\/wp\/v2\/media?parent=2341"}],"wp:term":[{"taxonomy":"product_cat","embeddable":true,"href":"https:\/\/www.qualitester.com\/it\/wp-json\/wp\/v2\/product_cat?post=2341"},{"taxonomy":"product_tag","embeddable":true,"href":"https:\/\/www.qualitester.com\/it\/wp-json\/wp\/v2\/product_tag?post=2341"}],"curies":[{"name":"wp","href":"https:\/\/api.w.org\/{rel}","templated":true}]}}