{"id":1790,"date":"2023-04-26T15:37:49","date_gmt":"2023-04-26T07:37:49","guid":{"rendered":"https:\/\/www.qualitester.com\/?post_type=product&#038;p=1790"},"modified":"2024-12-04T14:16:57","modified_gmt":"2024-12-04T06:16:57","slug":"tear-tester-sld-01","status":"publish","type":"product","link":"https:\/\/www.qualitester.com\/it\/prodotto-2\/tear-tester-sld-01\/","title":{"rendered":"Tester a strappo SLD-01"},"content":{"rendered":"<div data-elementor-type=\"wp-post\" data-elementor-id=\"1790\" class=\"elementor elementor-1790\" data-elementor-post-type=\"product\">\n\t\t\t\t<div class=\"elementor-element elementor-element-58e3667 e-flex e-con-boxed e-con e-parent\" data-id=\"58e3667\" data-element_type=\"container\">\n\t\t\t\t\t<div class=\"e-con-inner\">\n\t\t<div class=\"elementor-element elementor-element-7a22116 e-con-full e-flex e-con e-child\" data-id=\"7a22116\" data-element_type=\"container\">\n\t\t\t\t<div class=\"elementor-element elementor-element-d26c024 elementor-widget elementor-widget-image\" data-id=\"d26c024\" data-element_type=\"widget\" data-widget_type=\"image.default\">\n\t\t\t\t<div class=\"elementor-widget-container\">\n\t\t\t\t\t\t\t\t\t\t\t\t\t<img fetchpriority=\"high\" decoding=\"async\" width=\"640\" height=\"640\" src=\"https:\/\/www.qualitester.com\/wp-content\/uploads\/2023\/04\/Tearing-Tester-SLD-01-1.jpg\" class=\"attachment-large size-large wp-image-1808\" alt=\"\" srcset=\"https:\/\/www.qualitester.com\/wp-content\/uploads\/2023\/04\/Tearing-Tester-SLD-01-1.jpg 640w, https:\/\/www.qualitester.com\/wp-content\/uploads\/2023\/04\/Tearing-Tester-SLD-01-1-300x300.jpg 300w, https:\/\/www.qualitester.com\/wp-content\/uploads\/2023\/04\/Tearing-Tester-SLD-01-1-150x150.jpg 150w, https:\/\/www.qualitester.com\/wp-content\/uploads\/2023\/04\/Tearing-Tester-SLD-01-1-600x600.jpg 600w, https:\/\/www.qualitester.com\/wp-content\/uploads\/2023\/04\/Tearing-Tester-SLD-01-1-100x100.jpg 100w\" sizes=\"(max-width: 640px) 100vw, 640px\" \/>\t\t\t\t\t\t\t\t\t\t\t\t\t<\/div>\n\t\t\t\t<\/div>\n\t\t\t\t<\/div>\n\t\t<div class=\"elementor-element elementor-element-ee24d79 e-con-full e-flex e-con e-child\" data-id=\"ee24d79\" data-element_type=\"container\">\n\t\t\t\t<div class=\"elementor-element elementor-element-1cfae69 elementor-widget elementor-widget-text-editor\" data-id=\"1cfae69\" data-element_type=\"widget\" data-widget_type=\"text-editor.default\">\n\t\t\t\t<div class=\"elementor-widget-container\">\n\t\t\t\t\t\t\t<h6><strong>Applicazione<\/strong><\/h6><p><em>La resistenza allo strappo \u00e8 uno degli importanti parametri meccanici dei materiali. La resistenza allo strappo (o resistenza allo strappo) \u00e8 una misura della capacit\u00e0 di un materiale di resistere agli effetti dello strappo. Si tratta di una misura ingegneristica utile per un'ampia variet\u00e0 di materiali con molti metodi di prova diversi.<\/em><\/p><p><em>Il tester per strappi SLD-01 \u00e8 un test standard per la determinazione della resistenza allo strappo che prende il nome dal suo inventore, Armin Elmendorf. Il test Elmendorf determina la forza media necessaria, espressa in grammi o mN, per strappare un campione dopo l'inizio della lacerazione. Per eseguire il test, uno o pi\u00f9 fogli vengono strappati attraverso una distanza fissa per mezzo di un pendolo. Lo sforzo compiuto per la lacerazione \u00e8 misurato dalla perdita di energia potenziale del pendolo.<\/em><\/p><h6><strong>Processo di test<\/strong><\/h6><p><em>Un coltello da taglio nel tester viene utilizzato per creare una fenditura nel campione che termina a 43 mm dall'estremit\u00e0 del campione. Agendo per gravit\u00e0, il pendolo viene rilasciato per propagare la fenditura attraverso i restanti 43 mm. L'energia persa dal pendolo viene utilizzata per calcolare una forza di lacerazione media.<\/em><\/p>\t\t\t\t\t\t<\/div>\n\t\t\t\t<\/div>\n\t\t\t\t<\/div>\n\t\t\t\t\t<\/div>\n\t\t\t\t<\/div>\n\t\t<div class=\"elementor-element elementor-element-38eadb7 e-flex e-con-boxed e-con e-parent\" data-id=\"38eadb7\" data-element_type=\"container\">\n\t\t\t\t\t<div class=\"e-con-inner\">\n\t\t<div class=\"elementor-element elementor-element-5d823eb e-con-full e-flex e-con e-child\" data-id=\"5d823eb\" data-element_type=\"container\">\n\t\t\t\t<div class=\"elementor-element elementor-element-c4c6a3a elementor-widget elementor-widget-image\" data-id=\"c4c6a3a\" data-element_type=\"widget\" data-widget_type=\"image.default\">\n\t\t\t\t<div class=\"elementor-widget-container\">\n\t\t\t\t\t\t\t\t\t\t\t\t\t<img fetchpriority=\"high\" decoding=\"async\" width=\"640\" height=\"640\" src=\"https:\/\/www.qualitester.com\/wp-content\/uploads\/2023\/04\/Tearing-Tester-SLD-01-1.jpg\" class=\"attachment-large size-large wp-image-1808\" alt=\"\" srcset=\"https:\/\/www.qualitester.com\/wp-content\/uploads\/2023\/04\/Tearing-Tester-SLD-01-1.jpg 640w, https:\/\/www.qualitester.com\/wp-content\/uploads\/2023\/04\/Tearing-Tester-SLD-01-1-300x300.jpg 300w, https:\/\/www.qualitester.com\/wp-content\/uploads\/2023\/04\/Tearing-Tester-SLD-01-1-150x150.jpg 150w, https:\/\/www.qualitester.com\/wp-content\/uploads\/2023\/04\/Tearing-Tester-SLD-01-1-600x600.jpg 600w, https:\/\/www.qualitester.com\/wp-content\/uploads\/2023\/04\/Tearing-Tester-SLD-01-1-100x100.jpg 100w\" sizes=\"(max-width: 640px) 100vw, 640px\" \/>\t\t\t\t\t\t\t\t\t\t\t\t\t<\/div>\n\t\t\t\t<\/div>\n\t\t\t\t<\/div>\n\t\t<div class=\"elementor-element elementor-element-c342d74 e-con-full e-flex e-con e-child\" data-id=\"c342d74\" data-element_type=\"container\">\n\t\t\t\t<div class=\"elementor-element elementor-element-eb7fdce elementor-widget elementor-widget-text-editor\" data-id=\"eb7fdce\" data-element_type=\"widget\" data-widget_type=\"text-editor.default\">\n\t\t\t\t<div class=\"elementor-widget-container\">\n\t\t\t\t\t\t\t<h6><strong>Caratteristiche tecniche<\/strong><\/h6><p><em>Si tratta di un'unit\u00e0 controllata da PLC (stabile a livello industriale) e gestita da HMI touch screen. Tutte le parti sono rigorosamente conformi agli standard. Con la nostra precisione nella progettazione, abbiamo attrezzato un peso di controllo che pu\u00f2 essere utilizzato per calibrare diversi campi di prova.<\/em><\/p><p><em>Per gli utenti della carta, \u00e8 possibile aggiungere unit\u00e0 di misura in mN e parametri di indice di lacerazione.<\/em><\/p><ul><li><em>Tecnologia PLC e interfaccia uomo-macchina.<\/em><\/li><li><em>Ampia gamma di test per diversi materiali<\/em><\/li><li><em>Bloccaggio pneumatico del campione<\/em><\/li><li><em>Sblocco automatico a pendolo<\/em><\/li><li><em>Statistiche auto dei dati, archiviazione<\/em><\/li><li><em>Porta RS 232 e software professionale (opzionale) <\/em><\/li><li><em>Microstampante\u00a0<\/em><\/li><\/ul>\t\t\t\t\t\t<\/div>\n\t\t\t\t<\/div>\n\t\t\t\t<\/div>\n\t\t\t\t\t<\/div>\n\t\t\t\t<\/div>\n\t\t<div class=\"elementor-element elementor-element-3f82be9 e-flex e-con-boxed e-con e-parent\" data-id=\"3f82be9\" data-element_type=\"container\">\n\t\t\t\t\t<div class=\"e-con-inner\">\n\t\t<div class=\"elementor-element elementor-element-5cefc31 e-con-full e-flex e-con e-child\" data-id=\"5cefc31\" data-element_type=\"container\">\n\t\t\t\t<div class=\"elementor-element elementor-element-ba50fe3 elementor-widget elementor-widget-image\" data-id=\"ba50fe3\" data-element_type=\"widget\" data-widget_type=\"image.default\">\n\t\t\t\t<div class=\"elementor-widget-container\">\n\t\t\t\t\t\t\t\t\t\t\t\t\t<img fetchpriority=\"high\" decoding=\"async\" width=\"640\" height=\"640\" src=\"https:\/\/www.qualitester.com\/wp-content\/uploads\/2023\/04\/Tearing-Tester-SLD-01-1.jpg\" class=\"attachment-large size-large wp-image-1808\" alt=\"\" srcset=\"https:\/\/www.qualitester.com\/wp-content\/uploads\/2023\/04\/Tearing-Tester-SLD-01-1.jpg 640w, https:\/\/www.qualitester.com\/wp-content\/uploads\/2023\/04\/Tearing-Tester-SLD-01-1-300x300.jpg 300w, https:\/\/www.qualitester.com\/wp-content\/uploads\/2023\/04\/Tearing-Tester-SLD-01-1-150x150.jpg 150w, https:\/\/www.qualitester.com\/wp-content\/uploads\/2023\/04\/Tearing-Tester-SLD-01-1-600x600.jpg 600w, https:\/\/www.qualitester.com\/wp-content\/uploads\/2023\/04\/Tearing-Tester-SLD-01-1-100x100.jpg 100w\" sizes=\"(max-width: 640px) 100vw, 640px\" \/>\t\t\t\t\t\t\t\t\t\t\t\t\t<\/div>\n\t\t\t\t<\/div>\n\t\t\t\t<\/div>\n\t\t<div class=\"elementor-element elementor-element-a1fe0d8 e-con-full e-flex e-con e-child\" data-id=\"a1fe0d8\" data-element_type=\"container\">\n\t\t\t\t<div class=\"elementor-element elementor-element-b212c1f elementor-widget elementor-widget-text-editor\" data-id=\"b212c1f\" data-element_type=\"widget\" data-widget_type=\"text-editor.default\">\n\t\t\t\t<div class=\"elementor-widget-container\">\n\t\t\t\t\t\t\t<h6><strong>Dati chiave<\/strong><\/h6><p>Capacit\u00e0 del pendolo (gf) 200,400,800,1600,3200,6400<\/p><p>Sorgente di gas 0,6 MPa<\/p><p>Braccio di strappo 104\u00b11 mm<\/p><p>Angolo iniziale di lacerazione 27,5 \u00b10,5<\/p><p>Alimentazione 110~220V 50\/60Hz<\/p>\t\t\t\t\t\t<\/div>\n\t\t\t\t<\/div>\n\t\t\t\t<\/div>\n\t\t\t\t\t<\/div>\n\t\t\t\t<\/div>\n\t\t<div class=\"elementor-element elementor-element-20cebe4 e-flex e-con-boxed e-con e-parent\" data-id=\"20cebe4\" data-element_type=\"container\">\n\t\t\t\t\t<div class=\"e-con-inner\">\n\t\t\t\t<div class=\"elementor-element elementor-element-ca72f40 elementor-widget elementor-widget-wpforms\" data-id=\"ca72f40\" data-element_type=\"widget\" data-widget_type=\"wpforms.default\">\n\t\t\t\t<div class=\"elementor-widget-container\">\n\t\t\t<div class=\"wpforms-container\" id=\"wpforms-11\"><form id=\"wpforms-form-11\" class=\"wpforms-validate wpforms-form wpforms-ajax-form\" data-formid=\"11\" method=\"post\" enctype=\"multipart\/form-data\" action=\"\/it\/wp-json\/wp\/v2\/product\/1790\" data-token=\"04df857188661b35ec3ce44c64e02aa2\" data-trp-original-action=\"\/it\/wp-json\/wp\/v2\/product\/1790\"><noscript class=\"wpforms-error-noscript\">Abilita JavaScript nel browser per completare questo modulo.<\/noscript><div class=\"wpforms-field-container\"><div id=\"wpforms-11-field_1-container\" class=\"wpforms-field wpforms-field-text\" data-field-id=\"1\"><label class=\"wpforms-field-label\" for=\"wpforms-11-field_1\">Nome <span class=\"wpforms-required-label\">*<\/span><\/label><input type=\"text\" id=\"wpforms-11-field_1\" class=\"wpforms-field-medium wpforms-field-required\" name=\"wpforms[fields][1]\" placeholder=\"Nome\" required><\/div><div id=\"wpforms-11-field_5-container\" class=\"wpforms-field wpforms-field-text\" data-field-id=\"5\"><label class=\"wpforms-field-label\" for=\"wpforms-11-field_5\">Azienda<\/label><input type=\"text\" id=\"wpforms-11-field_5\" class=\"wpforms-field-medium\" name=\"wpforms[fields][5]\" ><\/div><div id=\"wpforms-11-field_4-container\" class=\"wpforms-field wpforms-field-number\" data-field-id=\"4\"><label class=\"wpforms-field-label\" for=\"wpforms-11-field_4\">Telefono<\/label><input type=\"number\" pattern=\"\\d*\" id=\"wpforms-11-field_4\" class=\"wpforms-field-medium\" name=\"wpforms[fields][4]\" placeholder=\"Telefono\" ><\/div><div id=\"wpforms-11-field_3-container\" class=\"wpforms-field wpforms-field-email\" data-field-id=\"3\"><label class=\"wpforms-field-label\" for=\"wpforms-11-field_3\">Email <span class=\"wpforms-required-label\">*<\/span><\/label><input type=\"email\" id=\"wpforms-11-field_3\" class=\"wpforms-field-medium wpforms-field-required\" name=\"wpforms[fields][3]\" placeholder=\"Email\" spellcheck=\"false\" required><\/div><div id=\"wpforms-11-field_2-container\" class=\"wpforms-field wpforms-field-textarea\" data-field-id=\"2\"><label class=\"wpforms-field-label\" for=\"wpforms-11-field_2\">Messaggio<\/label><textarea id=\"wpforms-11-field_2\" class=\"wpforms-field-large\" name=\"wpforms[fields][2]\" ><\/textarea><\/div><\/div><!-- .wpforms-field-container --><input type=\"hidden\" name=\"wpforms[recaptcha]\" value=\"\"><div class=\"wpforms-submit-container\" ><input type=\"hidden\" name=\"wpforms[id]\" value=\"11\"><input type=\"hidden\" name=\"wpforms[author]\" value=\"3\"><button type=\"submit\" name=\"wpforms[submit]\" id=\"wpforms-submit-11\" class=\"wpforms-submit\" data-alt-text=\"Submitting\" data-submit-text=\"Submit\" aria-live=\"assertive\" value=\"wpforms-submit\">Invia<\/button><img decoding=\"async\" src=\"https:\/\/www.qualitester.com\/wp-content\/plugins\/wpforms-lite\/assets\/images\/submit-spin.svg\" class=\"wpforms-submit-spinner\" style=\"display: none;\" width=\"26\" height=\"26\" alt=\"Caricamento\"><\/div><input type=\"hidden\" name=\"trp-form-language\" value=\"it\"\/><\/form><\/div>  <!-- .wpforms-container -->\t\t<\/div>\n\t\t\t\t<\/div>\n\t\t\t\t\t<\/div>\n\t\t\t\t<\/div>\n\t\t\t\t<\/div>","protected":false},"excerpt":{"rendered":"<p>Il tester SLD-01 \u00e8 un test standard per la determinazione della resistenza allo strappo che prende il nome dal suo inventore, Armin Elmendorf.<\/p>","protected":false},"featured_media":1808,"comment_status":"closed","ping_status":"closed","template":"","meta":{"site-sidebar-layout":"default","site-content-layout":"default","ast-global-header-display":"","ast-main-header-display":"","ast-hfb-above-header-display":"","ast-hfb-below-header-display":"","ast-hfb-mobile-header-display":"","site-post-title":"disabled","ast-breadcrumbs-content":"","ast-featured-img":"disabled","footer-sml-layout":"","theme-transparent-header-meta":"default","adv-header-id-meta":"","stick-header-meta":"","header-above-stick-meta":"","header-main-stick-meta":"","header-below-stick-meta":""},"product_cat":[845,954,674,680,672,44,16,99,119,121,137,100,159,165],"product_tag":[45,46,47,386,385,34],"class_list":{"0":"post-1790","1":"product","2":"type-product","3":"status-publish","4":"has-post-thumbnail","6":"product_cat-customization","7":"product_cat-paper-tear-tester","8":"product_cat-test-items","9":"product_cat-tear-tester","10":"product_cat-applied-materials","11":"product_cat-paper-and-board-testers","12":"product_cat-plastic-packaging-testers","13":"product_cat-astm","14":"product_cat-astm-d1424","15":"product_cat-astm-d1922","16":"product_cat-astm-d689","17":"product_cat-iso","18":"product_cat-iso-1974","19":"product_cat-iso-6383","20":"product_tag-astm-d1424","21":"product_tag-astm-d1922","22":"product_tag-astm-d689","23":"product_tag-iso-1974","24":"product_tag-iso-6383","25":"product_tag-tear","26":"desktop-align-left","27":"tablet-align-left","28":"mobile-align-left","30":"first","31":"instock","32":"shipping-taxable","33":"product-type-simple"},"_links":{"self":[{"href":"https:\/\/www.qualitester.com\/it\/wp-json\/wp\/v2\/product\/1790","targetHints":{"allow":["GET"]}}],"collection":[{"href":"https:\/\/www.qualitester.com\/it\/wp-json\/wp\/v2\/product"}],"about":[{"href":"https:\/\/www.qualitester.com\/it\/wp-json\/wp\/v2\/types\/product"}],"replies":[{"embeddable":true,"href":"https:\/\/www.qualitester.com\/it\/wp-json\/wp\/v2\/comments?post=1790"}],"version-history":[{"count":0,"href":"https:\/\/www.qualitester.com\/it\/wp-json\/wp\/v2\/product\/1790\/revisions"}],"wp:featuredmedia":[{"embeddable":true,"href":"https:\/\/www.qualitester.com\/it\/wp-json\/wp\/v2\/media\/1808"}],"wp:attachment":[{"href":"https:\/\/www.qualitester.com\/it\/wp-json\/wp\/v2\/media?parent=1790"}],"wp:term":[{"taxonomy":"product_cat","embeddable":true,"href":"https:\/\/www.qualitester.com\/it\/wp-json\/wp\/v2\/product_cat?post=1790"},{"taxonomy":"product_tag","embeddable":true,"href":"https:\/\/www.qualitester.com\/it\/wp-json\/wp\/v2\/product_tag?post=1790"}],"curies":[{"name":"wp","href":"https:\/\/api.w.org\/{rel}","templated":true}]}}