{"id":7807,"date":"2026-01-04T08:23:53","date_gmt":"2026-01-04T00:23:53","guid":{"rendered":"https:\/\/www.qualitester.com\/?page_id=7807"},"modified":"2026-01-04T08:30:05","modified_gmt":"2026-01-04T00:30:05","slug":"iso-8113","status":"publish","type":"page","link":"https:\/\/www.qualitester.com\/it\/standards\/iso-8113\/","title":{"rendered":"ISO 8113"},"content":{"rendered":"<h1 style=\"text-align: center\" data-start=\"370\" data-end=\"882\">ISO 8113<\/h1>\n<h1 style=\"text-align: center\" data-start=\"370\" data-end=\"882\">Test di carico superiore<\/h1>\n<h2 data-start=\"410\" data-end=\"426\">Introduzione<\/h2>\n<p><a href=\"https:\/\/www.qualitester.com\/it\/prodotto-2\/sale-container-top-load-testing-machine-astm-d2659\/\" target=\"_blank\" rel=\"noopener\"><img fetchpriority=\"high\" decoding=\"async\" class=\"size-medium wp-image-7813 alignright\" src=\"https:\/\/www.qualitester.com\/wp-content\/uploads\/2026\/01\/ISO-8113-Top-Load-Test-300x300.webp\" alt=\"Prova di carico superiore ISO 8113\" width=\"300\" height=\"300\" srcset=\"https:\/\/www.qualitester.com\/wp-content\/uploads\/2026\/01\/ISO-8113-Top-Load-Test-300x300.webp 300w, https:\/\/www.qualitester.com\/wp-content\/uploads\/2026\/01\/ISO-8113-Top-Load-Test-150x150.webp 150w, https:\/\/www.qualitester.com\/wp-content\/uploads\/2026\/01\/ISO-8113-Top-Load-Test-12x12.webp 12w, https:\/\/www.qualitester.com\/wp-content\/uploads\/2026\/01\/ISO-8113-Top-Load-Test-100x100.webp 100w, https:\/\/www.qualitester.com\/wp-content\/uploads\/2026\/01\/ISO-8113-Top-Load-Test.webp 600w\" sizes=\"(max-width: 300px) 100vw, 300px\" \/><\/a><\/p>\n<p data-start=\"505\" data-end=\"987\"><strong data-start=\"505\" data-end=\"522\">ISO 8113<\/strong>\u00a0specifica un metodo per determinare il <strong data-start=\"562\" data-end=\"596\">resistenza dei contenitori in vetro<\/strong> alla forza esterna lungo l'asse verticale. Questo test \u00e8 fondamentale nell'industria dell'imballaggio, in particolare per le bottiglie di vetro, i barattoli e altri contenitori utilizzati per alimenti, prodotti farmaceutici e bevande. <strong data-start=\"794\" data-end=\"819\">Test di carico verticale<\/strong> aiuta i produttori a garantire che i contenitori in vetro possano resistere alle pressioni cui sono sottoposti durante il trasporto, la movimentazione e lo stoccaggio senza rompersi o deformarsi.<\/p>\n<p data-start=\"989\" data-end=\"1271\">In questo articolo, discuteremo il <strong data-start=\"1026\" data-end=\"1043\">test di carico superiore<\/strong> e le sue procedure, come indicato nella norma ISO 8113. Esploreremo anche il <strong data-start=\"1113\" data-end=\"1143\">forza di compressione verticale<\/strong> metodi di prova, come vengono eseguiti e perch\u00e9 sono importanti per valutare la resistenza dei materiali di imballaggio in vetro.<\/p>\n<hr \/>\n<h2 data-start=\"984\" data-end=\"1028\">Che cos'\u00e8 la norma ISO 8113: il test di carico dall'alto dei contenitori in vetro?<\/h2>\n<p data-start=\"1030\" data-end=\"1396\"><strong data-start=\"1336\" data-end=\"1353\">ISO 8113 <\/strong>\u00a0\u00e8 il metodo di prova standard utilizzato per valutare la <strong data-start=\"1401\" data-end=\"1435\">resistenza dei contenitori in vetro<\/strong> a <strong data-start=\"1439\" data-end=\"1470\">forze di compressione verticale<\/strong>. Il test garantisce che i contenitori in vetro possano sopportare la pressione esterna, come il peso delle merci impilate, senza incrinarsi o rompersi. Questo aspetto \u00e8 particolarmente importante per gli imballaggi utilizzati nelle spedizioni, poich\u00e9 i contenitori di vetro impilati sono esposti alla pressione di altri imballaggi durante il trasporto.<\/p>\n<p data-start=\"1537\" data-end=\"1691\">Il <strong data-start=\"1771\" data-end=\"1788\">Test di carico superiore<\/strong> \u00e8 una parte fondamentale di questo standard. Il test applica una <strong data-start=\"1848\" data-end=\"1865\">carico verticale<\/strong> a un contenitore di vetro per simulare la pressione che verrebbe esercitata su di esso durante l'impilamento o lo stoccaggio. Determinando il carico massimo che un contenitore di vetro pu\u00f2 sopportare, i produttori possono progettare un imballaggio che mantenga l'integrit\u00e0 del contenitore nelle tipiche condizioni di spedizione.<\/p>\n<hr \/>\n<h2 data-start=\"1698\" data-end=\"1751\">Contenitori in vetro rivestito e resistenza al carico verticale<\/h2>\n<p data-start=\"2213\" data-end=\"2495\"><strong data-start=\"2213\" data-end=\"2233\">Contenitori in vetro<\/strong> sono comunemente utilizzati per l'imballaggio di prodotti come bevande, prodotti farmaceutici e cosmetici. Questi contenitori devono essere in grado di resistere alla pressione sia del contenuto interno che dei fattori ambientali esterni, soprattutto quando vengono impilati durante lo stoccaggio o il trasporto.<\/p>\n<p data-start=\"2497\" data-end=\"2796\">Il <strong data-start=\"2501\" data-end=\"2535\">resistenza dei contenitori in vetro<\/strong> \u00e8 misurato attraverso il <strong data-start=\"2560\" data-end=\"2577\">test di carico superiore<\/strong> sotto il <strong data-start=\"2588\" data-end=\"2620\">metodo di prova del carico verticale<\/strong>, che fa parte del progetto <strong data-start=\"2643\" data-end=\"2664\">Standard ISO 8113<\/strong>. Questo test serve a determinare la forza verticale che il contenitore di vetro pu\u00f2 sopportare prima di incrinarsi, deformarsi o rompersi.<\/p>\n<p data-start=\"2798\" data-end=\"2958\">Per questo motivo, \u00e8 fondamentale che i produttori testino i loro contenitori in vetro per assicurarsi che possano sopportare queste forze senza compromettere il contenuto all'interno.<\/p>\n<hr data-start=\"2960\" data-end=\"2963\" \/>\n<h3 data-start=\"2965\" data-end=\"3028\">Procedura per la prova di carico dall'alto: Fasi per una misurazione accurata<\/h3>\n<p>&nbsp;<\/p>\n<p data-start=\"3030\" data-end=\"3149\">Il <strong data-start=\"3034\" data-end=\"3051\">Test di carico superiore<\/strong> segue una procedura specifica come indicato in <strong data-start=\"3096\" data-end=\"3113\">ISO 8113:2004<\/strong>. Ecco una panoramica del processo:<\/p>\n<h3 data-start=\"3030\" data-end=\"3149\">1. <strong data-start=\"3159\" data-end=\"3178\">Configurazione dell'apparecchiatura<\/strong><\/h3>\n<p data-start=\"3179\" data-end=\"3294\">Per eseguire il test, un <strong data-start=\"3202\" data-end=\"3224\">apparecchio di pressatura<\/strong> che consiste in due piastre di pressione piane orizzontali in acciaio:<\/p>\n<ul>\n<li data-start=\"3297\" data-end=\"3399\"><strong data-start=\"3297\" data-end=\"3313\">Piastra superiore:<\/strong> Autoallineante, garantisce una distribuzione uniforme della pressione sulla superficie del contenitore.<\/li>\n<li data-start=\"3402\" data-end=\"3486\"><strong data-start=\"3402\" data-end=\"3418\">Piastra inferiore:<\/strong> Dotato di segni di centratura per posizionare con precisione il contenitore.<\/li>\n<li data-start=\"3489\" data-end=\"3569\"><strong data-start=\"3489\" data-end=\"3510\">Coperchio di protezione:<\/strong> Un coperchio serve a proteggere il contenitore durante il test.<\/li>\n<\/ul>\n<p data-start=\"3571\" data-end=\"3791\">Tra il vetro e le superfici di pressione metalliche vengono collocati dei tamponi (come fogli di cartone, plastica o gomma) per evitare il contatto diretto che potrebbe danneggiare il contenitore. Questi cuscinetti assicurano una distribuzione uniforme della pressione.<\/p>\n<h3 data-start=\"3793\" data-end=\"3823\">2. <strong data-start=\"3801\" data-end=\"3823\">Preparazione del campione<\/strong><\/h3>\n<p data-start=\"3824\" data-end=\"4116\">Il test deve essere condotto a temperatura ambiente, con il contenitore che non differisce di oltre 5 \u00b0C dalla temperatura circostante. Il contenitore di vetro viene posizionato sulla piastra inferiore con una <strong data-start=\"4018\" data-end=\"4030\">cuscinetto di base<\/strong> sotto di esso. Se necessario, un <strong data-start=\"4058\" data-end=\"4069\">chiusura<\/strong> pu\u00f2 essere applicato anche alla finitura del contenitore.<\/p>\n<h3 data-start=\"4118\" data-end=\"4147\">3. <strong data-start=\"4126\" data-end=\"4147\">Applicazione della forza<\/strong><\/h3>\n<p data-start=\"4148\" data-end=\"4228\">La forza viene applicata progressivamente o fino a un punto specifico per il test di superamento:<\/p>\n<ul>\n<li data-start=\"4231\" data-end=\"4348\"><strong data-start=\"4231\" data-end=\"4245\">Superare il test:<\/strong> La forza viene aumentata fino a un valore predeterminato e poi rimossa una volta raggiunto il valore specificato.<\/li>\n<li data-start=\"4349\" data-end=\"4500\">\n<p data-start=\"4351\" data-end=\"4500\"><strong data-start=\"4351\" data-end=\"4378\">Test progressivo totale:<\/strong> La forza viene aumentata gradualmente fino alla rottura del contenitore. Questo metodo viene applicato a tutti i contenitori del campione di prova.<\/p>\n<\/li>\n<\/ul>\n<h3 data-start=\"4502\" data-end=\"4546\">4. <strong data-start=\"4510\" data-end=\"4546\">Misurazione e valutazione della forza<\/strong><\/h3>\n<p data-start=\"4547\" data-end=\"4776\">La forza applicata al contenitore viene registrata da una lancetta o da un dispositivo di registrazione digitale con una precisione di almeno 2,5%. I risultati della prova vengono comunicati in base al superamento o meno del requisito di carico da parte del contenitore.<\/p>\n<hr \/>\n<h2 data-start=\"3001\" data-end=\"3047\">Perch\u00e9 le prove di carico verticali sono cruciali per i contenitori in vetro<\/h2>\n<ol data-start=\"3049\" data-end=\"4111\">\n<li data-start=\"3049\" data-end=\"3235\">\n<p data-start=\"4846\" data-end=\"5223\">I contenitori in vetro sono utilizzati in diversi settori, tra cui <strong data-start=\"4905\" data-end=\"4913\">cibo<\/strong>, <strong data-start=\"4915\" data-end=\"4928\">bevande<\/strong>, e <strong data-start=\"4934\" data-end=\"4953\">prodotti farmaceutici<\/strong>. Questi contenitori vengono spesso accatastati durante lo stoccaggio e il trasporto, sottoponendoli a <strong data-start=\"5039\" data-end=\"5070\">forze di compressione verticale<\/strong>. <strong data-start=\"5072\" data-end=\"5097\">Test di carico verticale<\/strong>, come il <strong data-start=\"5111\" data-end=\"5128\">test di carico superiore<\/strong> delineato nella norma ISO 8113, \u00e8 essenziale per garantire la sicurezza e la durata dei contenitori in vetro.<\/p>\n<h3 data-start=\"5225\" data-end=\"5268\">I vantaggi principali delle prove di carico verticali:<\/h3>\n<\/li>\n<\/ol>\n<ul>\n<li data-start=\"5271\" data-end=\"5372\"><strong data-start=\"5271\" data-end=\"5298\">Prevenzione delle rotture:<\/strong> Assicura che i contenitori possano resistere alla pressione di impilamento senza rompersi.<\/li>\n<li data-start=\"5375\" data-end=\"5494\"><strong data-start=\"5375\" data-end=\"5399\">Integrit\u00e0 dell'imballaggio:<\/strong> Verifica la resistenza e la durata dei materiali di imballaggio in vetro in condizioni reali.<\/li>\n<li data-start=\"5497\" data-end=\"5617\"><strong data-start=\"5497\" data-end=\"5518\">Garanzia di sicurezza:<\/strong> Aiuta a evitare incidenti e fuoriuscite che potrebbero compromettere il prodotto o rappresentare un rischio per i consumatori.<\/li>\n<\/ul>\n<hr \/>\n<h2 data-start=\"4118\" data-end=\"4153\">Applicazione delle prove di carico verticale nell'imballaggio<\/h2>\n<p data-start=\"5679\" data-end=\"5979\">Per i produttori del settore <strong data-start=\"5704\" data-end=\"5717\">imballaggio<\/strong> L'industria, le prove di carico verticale sono fondamentali per garantire che i contenitori di vetro soddisfino gli standard di resistenza necessari. Il <strong data-start=\"5838\" data-end=\"5862\">metodo di prova del carico superiore<\/strong> fornito da <strong data-start=\"5875\" data-end=\"5887\">ISO 8113<\/strong> simula la pressione e le sollecitazioni che i contenitori in vetro devono affrontare in condizioni reali.<\/p>\n<p data-start=\"5981\" data-end=\"6079\">Conducendo <strong data-start=\"5995\" data-end=\"6020\">test di carico verticale<\/strong>, i produttori possono verificare che i loro contenitori di vetro siano:<\/p>\n<ul>\n<li data-start=\"6082\" data-end=\"6157\">Resistente a <strong data-start=\"6095\" data-end=\"6107\">fessurazione<\/strong> e <strong data-start=\"6112\" data-end=\"6127\">deformazione<\/strong> durante lo stoccaggio e il trasporto.<\/li>\n<li data-start=\"6160\" data-end=\"6237\">In grado di resistere <strong data-start=\"6184\" data-end=\"6202\">peso impilato<\/strong> senza compromettere i contenuti.<\/li>\n<li data-start=\"6240\" data-end=\"6314\">In grado di soddisfare <strong data-start=\"6253\" data-end=\"6275\">standard di settore<\/strong> per la resistenza e la durata dell'imballaggio.<\/li>\n<\/ul>\n<hr \/>\n<h2 data-start=\"6411\" data-end=\"6601\">Forza di compressione verticale e integrit\u00e0 del contenitore<\/h2>\n<p>Il <strong data-start=\"6381\" data-end=\"6411\">forza di compressione verticale<\/strong> Il test valuta quanto carico verticale pu\u00f2 sopportare un contenitore di vetro prima che la sua struttura venga compromessa. Questo test \u00e8 fondamentale per determinare la capacit\u00e0 del contenitore di resistere alle forze esterne, in particolare durante il trasporto e lo stoccaggio. Il <strong data-start=\"6648\" data-end=\"6678\">forza di compressione verticale<\/strong> La forza di compressione viene applicata alla parte superiore del contenitore e le prestazioni del contenitore sotto questa forza vengono misurate per garantire che sia in grado di resistere alle condizioni di spedizione tipiche.<\/p>\n<hr \/>\n<h2>Rapporto di prova e risultati: Cosa includere<\/h2>\n<p data-start=\"6888\" data-end=\"6966\">Il <strong data-start=\"6892\" data-end=\"6907\">Rapporto di prova<\/strong> per <strong data-start=\"6912\" data-end=\"6924\">ISO 8113<\/strong> deve contenere le seguenti informazioni:<\/p>\n<ul>\n<li data-start=\"6969\" data-end=\"7037\"><strong data-start=\"6969\" data-end=\"6998\">Riferimento alla norma<\/strong>: Menzione della norma ISO 8113 per la trasparenza.<\/li>\n<li data-start=\"7040\" data-end=\"7125\"><strong data-start=\"7040\" data-end=\"7070\">Apparecchiatura di prova Descrizione<\/strong>: Descrizione dettagliata dell'apparecchiatura di prova utilizzata.<\/li>\n<li data-start=\"7128\" data-end=\"7240\"><strong data-start=\"7128\" data-end=\"7150\">Informazioni sui campioni<\/strong>: Informazioni sui contenitori analizzati, sul numero di campioni e sul metodo di campionamento.<\/li>\n<li data-start=\"7243\" data-end=\"7331\"><strong data-start=\"7243\" data-end=\"7262\">Condizioni di prova<\/strong>: Temperatura, velocit\u00e0 di avvicinamento ed eventuali chiusure utilizzate durante il test.<\/li>\n<li data-start=\"7334\" data-end=\"7346\"><strong data-start=\"7334\" data-end=\"7345\">Risultati<\/strong>:<\/li>\n<li data-start=\"7351\" data-end=\"7462\">Per <strong data-start=\"7355\" data-end=\"7369\">superare i test<\/strong>, segnalare il <strong data-start=\"7382\" data-end=\"7399\">forza di carico<\/strong> applicato e il <strong data-start=\"7416\" data-end=\"7440\">numero di contenitori<\/strong> che hanno superato il test.<\/li>\n<li data-start=\"7467\" data-end=\"7612\">Per <strong data-start=\"7471\" data-end=\"7498\">totale dei test progressivi<\/strong>, segnalare il <strong data-start=\"7511\" data-end=\"7553\">forza necessaria per rompere ogni contenitore<\/strong>, insieme al <strong data-start=\"7570\" data-end=\"7584\">valore medio<\/strong> e <strong data-start=\"7589\" data-end=\"7611\">deviazione standard<\/strong>.<\/li>\n<\/ul>\n<hr \/>\n<p data-start=\"7694\" data-end=\"8096\"><strong data-start=\"7694\" data-end=\"7711\">ISO 8113<\/strong>\u00a0fornisce un metodo affidabile per testare la <strong data-start=\"7755\" data-end=\"7789\">resistenza dei contenitori in vetro<\/strong> a <strong data-start=\"7793\" data-end=\"7824\">forze di compressione verticale<\/strong>, assicurando che i materiali di imballaggio soddisfino gli standard di resistenza richiesti. Il <strong data-start=\"7902\" data-end=\"7919\">test di carico superiore<\/strong> e <strong data-start=\"7924\" data-end=\"7957\">metodi di prova del carico verticale<\/strong> sono essenziali per valutare la durata dei contenitori in vetro utilizzati in vari settori, tra cui quello alimentare, farmaceutico e delle bevande.<\/p>\n<p data-start=\"8098\" data-end=\"8480\" data-is-last-node=\"\" data-is-only-node=\"\">Per i produttori, garantire che i contenitori in vetro superino le prove di carico verticale \u00e8 fondamentale per mantenere l'integrit\u00e0 del prodotto e assicurarne il trasporto e lo stoccaggio in sicurezza. <a href=\"https:\/\/www.qualitester.com\/it\/\" target=\"_blank\" rel=\"noopener\"><strong data-start=\"8281\" data-end=\"8301\">Strumenti a cella<\/strong><\/a> offre una gamma di apparecchiature di prova in grado di misurare e valutare con precisione le prestazioni dei contenitori in vetro, assicurando che soddisfino gli standard industriali di resistenza e durata.<\/p>\n<h2 data-start=\"8098\" data-end=\"8480\">FAQ<\/h2>\n<p data-start=\"106\" data-end=\"276\"><strong data-start=\"106\" data-end=\"140\">D1: A cosa serve l'ISO 8113?<\/strong><br data-start=\"140\" data-end=\"143\" \/>A1: La norma ISO 8113 \u00e8 utilizzata per valutare la resistenza dei contenitori in vetro alla forza di compressione verticale durante l'impilamento e il trasporto.<\/p>\n<p data-start=\"278\" data-end=\"460\"><strong data-start=\"278\" data-end=\"339\">D2: Cosa misura il Top Load Test negli imballaggi in vetro?<\/strong><br data-start=\"339\" data-end=\"342\" \/>A2: Il test di carico massimo misura il carico verticale massimo che un contenitore di vetro pu\u00f2 sopportare prima di deformarsi o rompersi.<\/p>\n<p data-start=\"462\" data-end=\"652\"><strong data-start=\"462\" data-end=\"530\">D3: Perch\u00e9 le prove di carico verticale sono importanti per i contenitori in vetro?<\/strong><br data-start=\"530\" data-end=\"533\" \/>A3: Le prove di carico verticale aiutano a garantire che i contenitori di vetro rimangano intatti sotto la pressione di impilamento nello stoccaggio e nella logistica.<\/p>\n<p data-start=\"654\" data-end=\"816\"><strong data-start=\"654\" data-end=\"706\">D4: Quali tipi di test sono definiti nella norma ISO 8113?<\/strong><br data-start=\"706\" data-end=\"709\" \/>A4: La norma ISO 8113 prevede un test di superamento a un carico specifico e un test totale progressivo fino al cedimento del contenitore.<\/p>\n<p data-start=\"818\" data-end=\"987\"><strong data-start=\"818\" data-end=\"874\">D5: Quali industrie applicano comunemente i test ISO 8113?<\/strong><br data-start=\"874\" data-end=\"877\" \/>A5: Lo standard trova ampia applicazione nell'industria delle bevande, degli alimenti, dei prodotti farmaceutici e dell'imballaggio chimico quotidiano.<\/p>\n<p data-start=\"989\" data-end=\"1162\"><strong data-start=\"989\" data-end=\"1058\">D6: Che ruolo hanno i tamponi nel metodo di prova del carico superiore del container?<\/strong><br data-start=\"1058\" data-end=\"1061\" \/>A6: I tamponi impediscono il contatto diretto vetro-metallo e aiutano a distribuire uniformemente la forza di compressione verticale.<\/p>\n<p data-start=\"1164\" data-end=\"1315\"><strong data-start=\"1164\" data-end=\"1219\">D7: La norma ISO 8113 pu\u00f2 simulare le reali condizioni di impilamento?<\/strong><br data-start=\"1219\" data-end=\"1222\" \/>A7: S\u00ec, la norma ISO 8113 simula i carichi di impilamento che si incontrano durante lo stoccaggio e il trasporto.<\/p>\n<p data-start=\"1317\" data-end=\"1473\"><strong data-start=\"1317\" data-end=\"1379\">D8: Quali sono le apparecchiature tipicamente utilizzate per i test ISO 8113?<\/strong><br data-start=\"1379\" data-end=\"1382\" \/>A8: In genere si utilizza un tester di carico verticale calibrato con piastre di pressione autoallineanti.<\/p>\n<p data-start=\"1475\" data-end=\"1669\"><strong data-start=\"1475\" data-end=\"1554\">D9: In che modo la forza di compressione verticale influisce sulle prestazioni del contenitore in vetro?<\/strong><br data-start=\"1554\" data-end=\"1557\" \/>A9: Un'eccessiva forza di compressione verticale pu\u00f2 causare fessurazioni, perdita di integrit\u00e0 strutturale o rottura improvvisa.<\/p>\n<p data-start=\"1671\" data-end=\"1853\"><strong data-start=\"1671\" data-end=\"1739\">Q10: I risultati della ISO 8113 possono supportare l'ottimizzazione della progettazione degli imballaggi?<\/strong><br data-start=\"1739\" data-end=\"1742\" \/>R10: S\u00ec, i risultati dei test aiutano a ottimizzare la geometria del contenitore e la resistenza del materiale per migliorare la resistenza al carico.<\/p>","protected":false},"excerpt":{"rendered":"<p>ISO 8113 Top Load Test Introduction ISO 8113\u00a0specifies a method for determining the resistance of glass containers to external force along the vertical axis. This test is critical in the packaging industry, particularly for glass bottles, jars, and other containers used in food, pharmaceuticals, and beverages. Vertical load testing helps manufacturers ensure that glass containers &hellip;<\/p>\n<p class=\"read-more\"> <a class=\"\" href=\"https:\/\/www.qualitester.com\/it\/standards\/iso-8113\/\"> <span class=\"screen-reader-text\">ISO 8113<\/span> Leggi altro \u00bb<\/a><\/p>","protected":false},"author":7,"featured_media":0,"parent":4948,"menu_order":0,"comment_status":"closed","ping_status":"closed","template":"","meta":{"site-sidebar-layout":"default","site-content-layout":"default","ast-global-header-display":"","ast-main-header-display":"","ast-hfb-above-header-display":"","ast-hfb-below-header-display":"","ast-hfb-mobile-header-display":"","site-post-title":"disabled","ast-breadcrumbs-content":"","ast-featured-img":"","footer-sml-layout":"","theme-transparent-header-meta":"default","adv-header-id-meta":"","stick-header-meta":"","header-above-stick-meta":"","header-main-stick-meta":"","header-below-stick-meta":"","footnotes":""},"class_list":["post-7807","page","type-page","status-publish","hentry"],"_links":{"self":[{"href":"https:\/\/www.qualitester.com\/it\/wp-json\/wp\/v2\/pages\/7807","targetHints":{"allow":["GET"]}}],"collection":[{"href":"https:\/\/www.qualitester.com\/it\/wp-json\/wp\/v2\/pages"}],"about":[{"href":"https:\/\/www.qualitester.com\/it\/wp-json\/wp\/v2\/types\/page"}],"author":[{"embeddable":true,"href":"https:\/\/www.qualitester.com\/it\/wp-json\/wp\/v2\/users\/7"}],"replies":[{"embeddable":true,"href":"https:\/\/www.qualitester.com\/it\/wp-json\/wp\/v2\/comments?post=7807"}],"version-history":[{"count":0,"href":"https:\/\/www.qualitester.com\/it\/wp-json\/wp\/v2\/pages\/7807\/revisions"}],"up":[{"embeddable":true,"href":"https:\/\/www.qualitester.com\/it\/wp-json\/wp\/v2\/pages\/4948"}],"wp:attachment":[{"href":"https:\/\/www.qualitester.com\/it\/wp-json\/wp\/v2\/media?parent=7807"}],"curies":[{"name":"wp","href":"https:\/\/api.w.org\/{rel}","templated":true}]}}