{"id":7730,"date":"2025-12-24T14:12:48","date_gmt":"2025-12-24T06:12:48","guid":{"rendered":"https:\/\/www.qualitester.com\/?page_id=7730"},"modified":"2025-12-24T14:13:00","modified_gmt":"2025-12-24T06:13:00","slug":"astm-d6392","status":"publish","type":"page","link":"https:\/\/www.qualitester.com\/it\/standards\/astm-d6392\/","title":{"rendered":"ASTM D6392"},"content":{"rendered":"<h1 style=\"text-align: center;\" data-start=\"370\" data-end=\"882\">ASTM D6392<\/h1>\n<h1 style=\"text-align: center;\" data-start=\"370\" data-end=\"882\">Test di integrit\u00e0 delle cuciture delle geomembrane<\/h1>\n<p>&nbsp;<\/p>\n<p data-start=\"387\" data-end=\"854\"><strong data-start=\"387\" data-end=\"401\">ASTM D6392<\/strong> \u00e8 uno standard fondamentale per testare l'integrit\u00e0 delle giunzioni di geomembrane non rinforzate prodotte con metodi di termofusione. Il test \u00e8 essenziale per garantire le prestazioni e l'affidabilit\u00e0 delle giunzioni di geomembrane utilizzate in varie applicazioni geotecniche e ambientali. Questo articolo esplora gli aspetti principali del <strong data-start=\"715\" data-end=\"729\">ASTM D6392<\/strong> test, concentrandosi sul <strong data-start=\"752\" data-end=\"786\">integrit\u00e0 delle giunture delle geomembrane<\/strong> test, test di taglio e di scorrimento, e la loro importanza nel controllo di qualit\u00e0.<\/p>\n<hr \/>\n<h2 data-start=\"387\" data-end=\"854\">Test sull'integrit\u00e0 delle cuciture delle geomembrane: Garantire la qualit\u00e0 delle cuciture<\/h2>\n<p data-start=\"924\" data-end=\"1374\">Il <strong data-start=\"928\" data-end=\"962\">integrit\u00e0 delle giunture delle geomembrane<\/strong> come specificato in <strong data-start=\"985\" data-end=\"999\">ASTM D6392<\/strong>, \u00e8 stato progettato per valutare le prestazioni delle giunzioni in <strong data-start=\"1051\" data-end=\"1081\">geomembrane non rinforzate<\/strong>. Queste geomembrane sono comunemente utilizzate in applicazioni che richiedono una barriera impermeabile, come i rivestimenti di discariche, i rivestimenti di laghetti e le applicazioni minerarie. Il test valuta il grado di tenuta delle giunture della geomembrana, realizzata con <strong data-start=\"1310\" data-end=\"1327\">termofusione<\/strong> possono resistere alle sollecitazioni senza cedere.<\/p>\n<p data-start=\"1376\" data-end=\"1431\">I metodi di termofusione per la creazione di queste cuciture includono:<\/p>\n<ul data-start=\"1433\" data-end=\"1775\">\n<li data-start=\"1433\" data-end=\"1565\">\n<p data-start=\"1435\" data-end=\"1565\"><strong data-start=\"1435\" data-end=\"1446\">Aria calda<\/strong>: L'aria ad alta temperatura viene utilizzata per fondere le superfici della geomembrana, che vengono poi pressate per formare un legame.<\/p>\n<\/li>\n<li data-start=\"1566\" data-end=\"1684\">\n<p data-start=\"1568\" data-end=\"1684\"><strong data-start=\"1568\" data-end=\"1592\">Cuneo caldo (o coltello)<\/strong>: Un cuneo di metallo caldo fonde le superfici e viene applicata una pressione per creare un'adesione continua.<\/p>\n<\/li>\n<li data-start=\"1685\" data-end=\"1775\">\n<p data-start=\"1687\" data-end=\"1775\"><strong data-start=\"1687\" data-end=\"1700\">Estrusione<\/strong>: La resina fusa viene estrusa tra le superfici della geomembrana per formare una giuntura.<\/p>\n<\/li>\n<\/ul>\n<p data-start=\"1777\" data-end=\"1919\">Ciascuno di questi metodi viene testato utilizzando <strong data-start=\"1815\" data-end=\"1824\">cesoia<\/strong> e <strong data-start=\"1829\" data-end=\"1852\">test di resistenza alla pelatura<\/strong>, assicurando che le cuciture soddisfino i requisiti di resistenza necessari.<a href=\"https:\/\/www.qualitester.com\/it\/prodotto-2\/tst-01-universal-testing-machine\/\" target=\"_blank\" rel=\"noopener\"><img fetchpriority=\"high\" decoding=\"async\" class=\"size-medium wp-image-7731 aligncenter\" src=\"https:\/\/www.qualitester.com\/wp-content\/uploads\/2025\/12\/ASTM-D6392-Integrity-of-Geomembrane-Seams-Test-300x300.webp\" alt=\"ASTM D6392 Test di integrit\u00e0 delle cuciture delle geomembrane\" width=\"300\" height=\"300\" srcset=\"https:\/\/www.qualitester.com\/wp-content\/uploads\/2025\/12\/ASTM-D6392-Integrity-of-Geomembrane-Seams-Test-300x300.webp 300w, https:\/\/www.qualitester.com\/wp-content\/uploads\/2025\/12\/ASTM-D6392-Integrity-of-Geomembrane-Seams-Test-150x150.webp 150w, https:\/\/www.qualitester.com\/wp-content\/uploads\/2025\/12\/ASTM-D6392-Integrity-of-Geomembrane-Seams-Test-12x12.webp 12w, https:\/\/www.qualitester.com\/wp-content\/uploads\/2025\/12\/ASTM-D6392-Integrity-of-Geomembrane-Seams-Test-100x100.webp 100w, https:\/\/www.qualitester.com\/wp-content\/uploads\/2025\/12\/ASTM-D6392-Integrity-of-Geomembrane-Seams-Test.webp 600w\" sizes=\"(max-width: 300px) 100vw, 300px\" \/><\/a><\/p>\n<hr \/>\n<h2 data-start=\"387\" data-end=\"854\">ASTM D6392 Metodo di prova: Prove di taglio e di spellatura<\/h2>\n<p>Il <strong data-start=\"1981\" data-end=\"1995\">ASTM D6392<\/strong> Il metodo include sia <strong data-start=\"2017\" data-end=\"2034\">prove di taglio<\/strong> e <strong data-start=\"2039\" data-end=\"2064\">test di resistenza alla pelatura<\/strong> per valutare la resistenza delle cuciture. Questi test sono condotti in condizioni controllate per valutare la capacit\u00e0 del materiale di resistere alla rottura sotto l'effetto di una forza applicata.<\/p>\n<h2>Test di taglio<\/h2>\n<p data-start=\"2250\" data-end=\"2522\">In <strong data-start=\"2253\" data-end=\"2270\">prove di taglio<\/strong>, La forza necessaria per separare la giunzione della geomembrana viene misurata applicando una forza parallela alla linea di giunzione. Il test misura la <strong data-start=\"2405\" data-end=\"2419\">allungamento<\/strong> della geomembrana e la sua capacit\u00e0 di resistere alle forze di taglio. Il <strong data-start=\"2483\" data-end=\"2507\">procedura di prova a taglio<\/strong> \u00e8 la seguente:<\/p>\n<ul data-start=\"2524\" data-end=\"2855\">\n<li data-start=\"2524\" data-end=\"2595\">\n<p data-start=\"2526\" data-end=\"2595\">I campioni sono fissati in morsetti con una larghezza minima di 25 mm (1 pollice).<\/p>\n<\/li>\n<li data-start=\"2596\" data-end=\"2746\">\n<p data-start=\"2598\" data-end=\"2746\">Il test viene eseguito con una velocit\u00e0 costante della testa trasversale della macchina, tipicamente <strong data-start=\"2671\" data-end=\"2684\">50 mm\/min<\/strong> per HDPE e <strong data-start=\"2698\" data-end=\"2712\">500 mm\/min<\/strong> per materiali come LLDPE e PVC.<\/p>\n<\/li>\n<li data-start=\"2747\" data-end=\"2855\">\n<p data-start=\"2749\" data-end=\"2855\">Il test prosegue fino a quando il campione non viene sottoposto a <strong data-start=\"2797\" data-end=\"2815\">50% allungamento<\/strong> o si rompe, a seconda del materiale.<\/p>\n<\/li>\n<\/ul>\n<p data-start=\"2857\" data-end=\"2989\">Questo test \u00e8 fondamentale per determinare se la geomembrana \u00e8 in grado di resistere alle sollecitazioni che pu\u00f2 incontrare nelle applicazioni reali.<\/p>\n<h2 data-start=\"2857\" data-end=\"2989\">Test della buccia<\/h2>\n<p data-start=\"3009\" data-end=\"3189\"><strong data-start=\"3009\" data-end=\"3025\">Test della buccia<\/strong> consiste nell'allontanare la cucitura con un angolo di 90 gradi. Questo test \u00e8 particolarmente utile per valutare la <strong data-start=\"3131\" data-end=\"3152\">forza di adesione<\/strong> della cucitura. La procedura comprende:<\/p>\n<ul data-start=\"3191\" data-end=\"3380\">\n<li data-start=\"3191\" data-end=\"3319\">\n<p data-start=\"3193\" data-end=\"3319\">Fissando il campione e applicando una velocit\u00e0 della testa a croce di <strong data-start=\"3249\" data-end=\"3262\">50 mm\/min<\/strong> per HDPE e <strong data-start=\"3276\" data-end=\"3290\">500 mm\/min<\/strong> per materiali pi\u00f9 flessibili.<\/p>\n<\/li>\n<li data-start=\"3320\" data-end=\"3380\">\n<p data-start=\"3322\" data-end=\"3380\">Monitorare la separazione mentre il campione viene staccato.<\/p>\n<\/li>\n<\/ul>\n<p data-start=\"3382\" data-end=\"3486\">La prova di distacco \u00e8 fondamentale per garantire che l'incollaggio rimanga intatto durante la normale manipolazione e sul campo.<\/p>\n<hr \/>\n<h2>Significato e applicazione di ASTM D6392<\/h2>\n<p>Il <strong data-start=\"3544\" data-end=\"3558\">ASTM D6392<\/strong> Il metodo di prova \u00e8 prezioso per <strong data-start=\"3589\" data-end=\"3610\">garanzia di qualit\u00e0<\/strong> e <strong data-start=\"3615\" data-end=\"3634\">controllo qualit\u00e0<\/strong> nella produzione di geomembrane. L'integrit\u00e0 delle cuciture influisce direttamente sulle prestazioni a lungo termine dei materiali delle geomembrane, che sono essenziali per prevenire la migrazione dei fluidi in varie applicazioni. Utilizzando <strong data-start=\"3841\" data-end=\"3850\">cesoia<\/strong> e <strong data-start=\"3855\" data-end=\"3871\">test della buccia<\/strong> I produttori possono valutare la qualit\u00e0 delle giunture e garantire la capacit\u00e0 della geomembrana di resistere alle sollecitazioni ambientali e operative.<\/p>\n<h2>Vantaggi principali:<\/h2>\n<ul>\n<li data-start=\"4027\" data-end=\"4167\">\n<p data-start=\"4030\" data-end=\"4167\"><strong data-start=\"4030\" data-end=\"4049\">Controllo qualit\u00e0<\/strong>: La norma ASTM D6392 garantisce che le cuciture delle geomembrane soddisfino gli standard prestazionali richiesti, evitando guasti sul campo.<\/p>\n<\/li>\n<li data-start=\"4168\" data-end=\"4322\">\n<p data-start=\"4171\" data-end=\"4322\"><strong data-start=\"4171\" data-end=\"4186\">Affidabilit\u00e0<\/strong>: Test regolari aiutano a garantire la durata delle giunture delle geomembrane, riducendo il rischio di perdite e guasti in applicazioni critiche.<\/p>\n<\/li>\n<li data-start=\"4323\" data-end=\"4519\">\n<p data-start=\"4326\" data-end=\"4519\"><strong data-start=\"4326\" data-end=\"4340\">Conformit\u00e0<\/strong>: L'adesione alla norma ASTM D6392 aiuta i produttori a rispettare gli standard del settore, garantendo che i materiali soddisfino le specifiche necessarie per i vari usi ambientali e geotecnici.<\/p>\n<\/li>\n<\/ul>\n<hr \/>\n<h2>Conclusione<\/h2>\n<p data-start=\"4541\" data-end=\"5045\">Il <strong data-start=\"4545\" data-end=\"4559\">ASTM D6392<\/strong> Il metodo di prova \u00e8 una procedura essenziale per la valutazione della <strong data-start=\"4617\" data-end=\"4651\">integrit\u00e0 delle giunture delle geomembrane<\/strong>, in particolare quelli prodotti con metodi di termofusione. Utilizzando <strong data-start=\"4718\" data-end=\"4727\">cesoia<\/strong> e <strong data-start=\"4732\" data-end=\"4755\">test di resistenza alla pelatura<\/strong>, Questo standard fornisce dati preziosi per garantire che le cuciture in <strong data-start=\"4822\" data-end=\"4852\">geomembrane non rinforzate<\/strong> soddisfare le rigorose esigenze delle applicazioni reali. Per i produttori, l'aderenza a questo standard aiuta a mantenere <strong data-start=\"4967\" data-end=\"4988\">garanzia di qualit\u00e0<\/strong> e migliorare l'affidabilit\u00e0 a lungo termine dei loro prodotti.<\/p>\n<p data-start=\"5047\" data-end=\"5306\">A <strong data-start=\"5050\" data-end=\"5070\">Strumenti a cella<\/strong>, offriamo strumenti di prova avanzati progettati per soddisfare gli standard ASTM D6392. Il nostro <strong data-start=\"5153\" data-end=\"5181\"><a href=\"https:\/\/www.qualitester.com\/it\/prodotto-2\/tst-01-universal-testing-machine\/\" target=\"_blank\" rel=\"noopener\">test di trazione<\/a> macchine<\/strong> sono ideali per eseguire <strong data-start=\"5207\" data-end=\"5216\">cesoia<\/strong> e <strong data-start=\"5221\" data-end=\"5235\">test della buccia<\/strong>, garantendo risultati accurati e affidabili nelle valutazioni dell'integrit\u00e0 delle cuciture.<\/p>\n<p>&nbsp;<\/p>\n<h2>FAQ<\/h2>\n<p data-start=\"119\" data-end=\"171\"><strong data-start=\"119\" data-end=\"171\">D1: Per cosa viene utilizzato il metodo di prova ASTM D6392?<\/strong><\/p>\n<p data-start=\"173\" data-end=\"625\"><strong data-start=\"173\" data-end=\"180\">A1:<\/strong> Il <strong data-start=\"185\" data-end=\"199\">ASTM D6392<\/strong> Il metodo di prova \u00e8 utilizzato per determinare l'integrit\u00e0 delle cuciture nelle geomembrane non rinforzate. Questo test \u00e8 fondamentale per il controllo e la garanzia della qualit\u00e0 nella produzione di geomembrane utilizzate in varie applicazioni, come rivestimenti di discariche, laghetti e siti minerari. Il test valuta le giunture prodotte con metodi di termofusione utilizzando <strong data-start=\"529\" data-end=\"538\">cesoia<\/strong> e <strong data-start=\"543\" data-end=\"557\">test della buccia<\/strong> per garantire la capacit\u00e0 della geomembrana di resistere alle sollecitazioni.<\/p>\n<hr data-start=\"627\" data-end=\"630\" \/>\n<p data-start=\"632\" data-end=\"704\"><strong data-start=\"632\" data-end=\"704\">D2: Quali tipi di materiali per geomembrane vengono testati con l'ASTM D6392?<\/strong><\/p>\n<p data-start=\"706\" data-end=\"811\"><strong data-start=\"706\" data-end=\"713\">A2:<\/strong> <strong data-start=\"714\" data-end=\"728\">ASTM D6392<\/strong> \u00e8 utilizzato per testare le geomembrane non rinforzate realizzate con diversi materiali, tra cui:<\/p>\n<ul>\n<li data-start=\"814\" data-end=\"851\">Polietilene a bassissima densit\u00e0 (VLDPE)<\/li>\n<li data-start=\"854\" data-end=\"893\">Polietilene lineare a bassa densit\u00e0 (LLDPE)<\/li>\n<li data-start=\"896\" data-end=\"929\">Polietilene molto flessibile (VFPE)<\/li>\n<li data-start=\"932\" data-end=\"974\">Polietilene lineare a media densit\u00e0 (LMDPE)<\/li>\n<li data-start=\"977\" data-end=\"1009\">Polietilene ad alta densit\u00e0 (HDPE)<\/li>\n<li data-start=\"1012\" data-end=\"1036\">Cloruro di polivinile (PVC)<\/li>\n<li data-start=\"1039\" data-end=\"1067\">Polipropilene flessibile (fPP)<\/li>\n<\/ul>\n<p data-start=\"1069\" data-end=\"1191\">Questi materiali sono comunemente utilizzati per la loro impermeabilit\u00e0 e flessibilit\u00e0 nelle applicazioni geotecniche e ambientali.<\/p>\n<hr data-start=\"1193\" data-end=\"1196\" \/>\n<p data-start=\"1198\" data-end=\"1266\"><strong data-start=\"1198\" data-end=\"1266\">D3: Quali sono i due metodi di prova principali utilizzati nella norma ASTM D6392?<\/strong><\/p>\n<p data-start=\"1268\" data-end=\"1371\"><strong data-start=\"1268\" data-end=\"1275\">A3:<\/strong> Il <strong data-start=\"1280\" data-end=\"1294\">ASTM D6392<\/strong> Il metodo di prova prevede due prove principali per valutare l'integrit\u00e0 delle giunture delle geomembrane:<\/p>\n<ol>\n<li data-start=\"1375\" data-end=\"1569\"><strong data-start=\"1375\" data-end=\"1392\">Test di taglio<\/strong>: Misura la forza necessaria per separare la cucitura applicando una sollecitazione parallela alla linea di giunzione. Questo test valuta la capacit\u00e0 della cucitura di resistere alle forze di taglio e all'allungamento.<\/li>\n<li data-start=\"1573\" data-end=\"1775\"><strong data-start=\"1573\" data-end=\"1589\">Test della buccia<\/strong>: Consiste nel separare la cucitura con un angolo di 90 gradi per misurare la forza di adesione. Questa prova valuta la capacit\u00e0 della giunzione della geomembrana di resistere alla separazione in presenza di una sollecitazione applicata.<\/li>\n<\/ol>\n<p data-start=\"1777\" data-end=\"1880\">Questi test vengono eseguiti per simulare le condizioni reali e valutare le prestazioni della geomembrana.<\/p>\n<hr data-start=\"1882\" data-end=\"1885\" \/>\n<p data-start=\"1887\" data-end=\"1969\"><strong data-start=\"1887\" data-end=\"1969\">D4: In che modo le prove di scorrimento e di taglio contribuiscono al controllo di qualit\u00e0 delle giunture delle geomembrane?<\/strong><\/p>\n<p data-start=\"1971\" data-end=\"2074\"><strong data-start=\"1971\" data-end=\"1978\">A4:<\/strong> Entrambi <strong data-start=\"1984\" data-end=\"1992\">buccia<\/strong> e <strong data-start=\"1997\" data-end=\"2012\">prove di taglio<\/strong> sono fondamentali per garantire la <strong data-start=\"2039\" data-end=\"2073\">integrit\u00e0 delle giunture delle geomembrane<\/strong>:<\/p>\n<ul>\n<li data-start=\"2077\" data-end=\"2206\"><strong data-start=\"2077\" data-end=\"2091\">Test della buccia<\/strong> misurare la forza adesiva della giunzione, assicurando che il legame della geomembrana rimanga intatto sotto sforzo di trazione.<\/li>\n<li data-start=\"2207\" data-end=\"2409\">\n<p data-start=\"2209\" data-end=\"2409\"><strong data-start=\"2209\" data-end=\"2224\">Prove di taglio<\/strong> valutare la resistenza della cucitura alla separazione sotto sforzo di taglio, che \u00e8 fondamentale per la durata a lungo termine delle geomembrane esposte a condizioni ambientali e carichi meccanici.<\/p>\n<\/li>\n<\/ul>\n<p data-start=\"2411\" data-end=\"2569\">Questi test forniscono ai produttori dati preziosi per garantire la qualit\u00e0 e l'affidabilit\u00e0 dei loro prodotti prima che vengano utilizzati in applicazioni critiche.<\/p>\n<hr data-start=\"2571\" data-end=\"2574\" \/>\n<p data-start=\"2576\" data-end=\"2653\"><strong data-start=\"2576\" data-end=\"2653\">D5: Come viene eseguita la procedura di prova a taglio in ASTM D6392?<\/strong><\/p>\n<p data-start=\"2655\" data-end=\"2742\"><strong data-start=\"2655\" data-end=\"2662\">A5:<\/strong> In <strong data-start=\"2666\" data-end=\"2683\">prove di taglio<\/strong> sotto <strong data-start=\"2690\" data-end=\"2704\">ASTM D6392<\/strong>, si segue la seguente procedura:<\/p>\n<ol>\n<li data-start=\"2746\" data-end=\"2855\">Il provino di geomembrana viene fissato nella macchina di prova utilizzando delle pinze con una larghezza minima di 25 mm (1 pollice).<\/li>\n<li data-start=\"2859\" data-end=\"3003\">Il test viene eseguito con una velocit\u00e0 costante della testa trasversale della macchina (tipicamente <strong data-start=\"2932\" data-end=\"2945\">50 mm\/min<\/strong> per HDPE e <strong data-start=\"2959\" data-end=\"2973\">500 mm\/min<\/strong> per materiali pi\u00f9 flessibili).<\/li>\n<li data-start=\"3007\" data-end=\"3113\">Il test prosegue fino a quando il campione non viene sottoposto a <strong data-start=\"3055\" data-end=\"3073\">50% allungamento<\/strong> o si rompe, a seconda del materiale.<\/li>\n<li data-start=\"3117\" data-end=\"3257\">Il <strong data-start=\"3121\" data-end=\"3130\">cesoia<\/strong> La forza necessaria per propagare la lacerazione viene quindi registrata, fornendo dati preziosi sulla capacit\u00e0 della cucitura di resistere alle sollecitazioni di taglio.<\/li>\n<\/ol>\n<p data-start=\"3259\" data-end=\"3379\">Questa procedura \u00e8 fondamentale per capire come la geomembrana si comporter\u00e0 sotto sforzo in condizioni reali.<\/p>\n<hr data-start=\"3381\" data-end=\"3384\" \/>\n<p data-start=\"3386\" data-end=\"3468\"><strong data-start=\"3386\" data-end=\"3468\">D6: Perch\u00e9 \u00e8 importante condizionare i campioni prima delle prove in ASTM D6392?<\/strong><\/p>\n<p data-start=\"3470\" data-end=\"3944\"><strong data-start=\"3470\" data-end=\"3477\">A6:<\/strong> <strong data-start=\"3478\" data-end=\"3494\">Condizionamento<\/strong> i campioni prima di analizzarli in <strong data-start=\"3525\" data-end=\"3539\">ASTM D6392<\/strong> \u00e8 essenziale per garantire risultati coerenti e accurati. Secondo lo standard, i campioni devono essere condizionati a <strong data-start=\"3656\" data-end=\"3668\">21 \u00b1 2\u00b0C<\/strong> (73,4 \u00b1 3,6\u00b0F) e <strong data-start=\"3688\" data-end=\"3718\">50 \u00b1 10% umidit\u00e0 relativa<\/strong> per almeno <strong data-start=\"3732\" data-end=\"3744\">40 ore<\/strong> prima del test. Il condizionamento dei campioni garantisce il raggiungimento dell'equilibrio in termini di temperatura e umidit\u00e0, impedendo qualsiasi variazione delle propriet\u00e0 del materiale che potrebbe influenzare i risultati delle prove.<\/p>\n<hr data-start=\"3946\" data-end=\"3949\" \/>\n<p data-start=\"3951\" data-end=\"4014\"><strong data-start=\"3951\" data-end=\"4014\">D7: Quale attrezzatura viene utilizzata per eseguire i test ASTM D6392?<\/strong><\/p>\n<p data-start=\"4016\" data-end=\"4452\"><strong data-start=\"4016\" data-end=\"4023\">A7:<\/strong> Il <strong data-start=\"4028\" data-end=\"4042\">ASTM D6392<\/strong> i test richiedono <strong data-start=\"4057\" data-end=\"4085\">macchine per prove di trazione<\/strong> dotato di un'adeguata <strong data-start=\"4109\" data-end=\"4118\">impugnature<\/strong> e in grado di controllare con precisione la velocit\u00e0 della testa trasversale della macchina. Il <strong data-start=\"4188\" data-end=\"4206\">tester di trazione<\/strong> devono soddisfare i requisiti indicati in <strong data-start=\"4246\" data-end=\"4259\">ASTM D638<\/strong> per la misurazione accurata della forza e dell'allungamento. L'apparecchiatura deve inoltre comprendere <strong data-start=\"4346\" data-end=\"4373\">sistemi di raccolta dati<\/strong> per la registrazione dei dati di forza-spostamento durante la <strong data-start=\"4423\" data-end=\"4431\">buccia<\/strong> e <strong data-start=\"4436\" data-end=\"4451\">prove di taglio<\/strong>.<\/p>\n<p data-start=\"4454\" data-end=\"4651\">A <strong data-start=\"4457\" data-end=\"4477\">Strumenti a cella<\/strong>, forniamo <strong data-start=\"4490\" data-end=\"4509\">tester di trazione<\/strong> e <strong data-start=\"4514\" data-end=\"4531\">dispositivi di presa<\/strong> che sono stati specificamente progettati per essere conformi agli standard ASTM D6392, garantendo un test affidabile delle giunture delle geomembrane.<\/p>","protected":false},"excerpt":{"rendered":"<p>ASTM D6392 Integrity of Geomembrane Seams Test &nbsp; ASTM D6392 is a crucial standard for testing the integrity of nonreinforced geomembrane seams produced by thermo-fusion methods. The test is essential for ensuring the performance and reliability of geomembrane seams used in various geotechnical and environmental applications. This article explores the core aspects of the ASTM &hellip;<\/p>\n<p class=\"read-more\"> <a class=\"\" href=\"https:\/\/www.qualitester.com\/it\/standards\/astm-d6392\/\"> <span class=\"screen-reader-text\">ASTM D6392<\/span> Leggi altro \u00bb<\/a><\/p>","protected":false},"author":7,"featured_media":0,"parent":4948,"menu_order":0,"comment_status":"closed","ping_status":"closed","template":"","meta":{"site-sidebar-layout":"default","site-content-layout":"default","ast-global-header-display":"","ast-main-header-display":"","ast-hfb-above-header-display":"","ast-hfb-below-header-display":"","ast-hfb-mobile-header-display":"","site-post-title":"disabled","ast-breadcrumbs-content":"","ast-featured-img":"","footer-sml-layout":"","theme-transparent-header-meta":"default","adv-header-id-meta":"","stick-header-meta":"","header-above-stick-meta":"","header-main-stick-meta":"","header-below-stick-meta":"","footnotes":""},"class_list":["post-7730","page","type-page","status-publish","hentry"],"_links":{"self":[{"href":"https:\/\/www.qualitester.com\/it\/wp-json\/wp\/v2\/pages\/7730","targetHints":{"allow":["GET"]}}],"collection":[{"href":"https:\/\/www.qualitester.com\/it\/wp-json\/wp\/v2\/pages"}],"about":[{"href":"https:\/\/www.qualitester.com\/it\/wp-json\/wp\/v2\/types\/page"}],"author":[{"embeddable":true,"href":"https:\/\/www.qualitester.com\/it\/wp-json\/wp\/v2\/users\/7"}],"replies":[{"embeddable":true,"href":"https:\/\/www.qualitester.com\/it\/wp-json\/wp\/v2\/comments?post=7730"}],"version-history":[{"count":0,"href":"https:\/\/www.qualitester.com\/it\/wp-json\/wp\/v2\/pages\/7730\/revisions"}],"up":[{"embeddable":true,"href":"https:\/\/www.qualitester.com\/it\/wp-json\/wp\/v2\/pages\/4948"}],"wp:attachment":[{"href":"https:\/\/www.qualitester.com\/it\/wp-json\/wp\/v2\/media?parent=7730"}],"curies":[{"name":"wp","href":"https:\/\/api.w.org\/{rel}","templated":true}]}}