{"id":7584,"date":"2025-11-20T16:01:15","date_gmt":"2025-11-20T08:01:15","guid":{"rendered":"https:\/\/www.qualitester.com\/?page_id=7584"},"modified":"2025-11-20T16:05:46","modified_gmt":"2025-11-20T08:05:46","slug":"astm-d624","status":"publish","type":"page","link":"https:\/\/www.qualitester.com\/it\/standards\/astm-d624\/","title":{"rendered":"ASTM D624"},"content":{"rendered":"<h1 style=\"text-align: center;\">ASTM D624<br \/>\n<small>Metodo di prova della resistenza allo strappo di gomma ed elastomeri<\/small><\/h1>\n<p data-start=\"496\" data-end=\"1022\">L'ASTM D624 \u00e8 uno degli standard pi\u00f9 utilizzati per la valutazione di <strong data-start=\"569\" data-end=\"593\">resistenza alla lacerazione della gomma<\/strong> nella gomma vulcanizzata convenzionale e negli elastomeri termoplastici (TPE). I produttori, gli ingegneri addetti al controllo qualit\u00e0 e i professionisti della ricerca si affidano a questo metodo per capire come i materiali in gomma iniziano e si propagano le lacerazioni in condizioni controllate.<\/p>\n<h2 data-start=\"1024\" data-end=\"1070\">Capire l'ASTM D624 e la sua importanza<\/h2>\n<p data-start=\"1071\" data-end=\"1420\">I componenti in gomma spesso si lacerano quando sono esposti a sollecitazioni concentrate, bordi taglienti o sollecitazioni ripetute. Questa modalit\u00e0 di rottura pu\u00f2 compromettere guarnizioni, suole di calzature, componenti medici o elastomeri da imballaggio. L'ASTM D624 fornisce un metodo standardizzato per misurare la forza necessaria per avviare o propagare la lacerazione attraverso un foglio di gomma.<\/p>\n<p data-start=\"1422\" data-end=\"1863\">Il test applica un carico di trazione continuo a una determinata velocit\u00e0 di separazione delle ganasce fino al completo cedimento del provino. Questo processo aiuta gli utenti a valutare la resistenza intrinseca all'innesco della lacerazione, la propagazione della lacerazione e l'effetto della geometria sul comportamento di rottura.<\/p>\n<hr data-start=\"1865\" data-end=\"1868\" \/>\n<h2 data-start=\"1870\" data-end=\"1931\">Resistenza allo strappo della gomma e relazione con la norma ASTM D624<\/h2>\n<p data-start=\"1932\" data-end=\"2364\"><strong data-start=\"1932\" data-end=\"1956\">Resistenza alla lacerazione della gomma<\/strong> riflette la capacit\u00e0 del materiale di resistere allo sviluppo e all'estensione di una lacerazione. Le geometrie del test ASTM D624 espongono intenzionalmente i materiali a diverse concentrazioni di sollecitazioni, rendendo i risultati molto sensibili alla formulazione, alla qualit\u00e0 della lavorazione e all'orientamento del provino. La comprensione di questa relazione aiuta i ricercatori e gli ingegneri di produzione a selezionare il tipo di provino corretto per la loro applicazione.<\/p>\n<p data-start=\"2366\" data-end=\"2624\">Le mescole di gomma con un'elevata resistenza alla lacerazione spesso mostrano una migliore durata quando sono esposte a deformazioni cicliche o a contatti meccanici bruschi. Al contrario, una bassa resistenza alla lacerazione pu\u00f2 indicare difetti interni, reticolazione debole o scarsa dispersione delle cariche di rinforzo.<\/p>\n<hr data-start=\"2626\" data-end=\"2629\" \/>\n<h2 data-start=\"3438\" data-end=\"3484\">Metodo di prova della resistenza allo strappo secondo ASTM D624<\/h2>\n<p data-start=\"3485\" data-end=\"3553\">Il <strong data-start=\"3489\" data-end=\"3518\">metodo di prova della resistenza allo strappo<\/strong> segue un processo chiaramente definito:<\/p>\n<ol>\n<li data-start=\"3558\" data-end=\"3608\">Preparare e condizionare il campione come specificato.<\/li>\n<li data-start=\"3612\" data-end=\"3679\">Montare il pezzo da testare con un allineamento completo per evitare un carico non uniforme.<\/li>\n<li data-start=\"3683\" data-end=\"3726\">Applicare un tasso costante di separazione della presa.<\/li>\n<li data-start=\"3730\" data-end=\"3791\">Continuare a caricare fino a quando il campione non si lacera completamente.<\/li>\n<li data-start=\"3795\" data-end=\"3888\">Registrare la forza massima per i tipi A, B, C o utilizzare il tracciato continuo della forza per i tipi T e CP.<\/li>\n<\/ol>\n<p data-start=\"3890\" data-end=\"4064\">La velocit\u00e0 precisa della testa a croce e il serraggio costante influiscono in modo significativo sull'accuratezza. L'uso di dispositivi di alta qualit\u00e0 e di un tester calibrato \u00e8 essenziale per ottenere misure riproducibili.<\/p>\n<h3 data-start=\"4071\" data-end=\"4092\">ASTM D624 Tipo A<\/h3>\n<p data-start=\"4093\" data-end=\"4447\"><strong data-start=\"4093\" data-end=\"4113\">ASTM D624 Tipo A<\/strong> utilizza un esemplare a forma di mezzaluna con un'incisione fatta a rasoio. Misura <strong data-start=\"4182\" data-end=\"4211\">forza di propagazione della lacerazione<\/strong>, Il taglio \u00e8 particolarmente adatto a situazioni in cui la lastra di gomma disponibile \u00e8 troppo piccola per altri tipi di provini. La forza applicata agisce perpendicolarmente al taglio, consentendo ai ricercatori di osservare come una lacerazione preesistente cresca sotto carico.<\/p>\n<h3 data-start=\"4454\" data-end=\"4475\">ASTM D624 Tipo B<\/h3>\n<p data-start=\"4476\" data-end=\"4810\"><strong data-start=\"4476\" data-end=\"4496\">ASTM D624 Tipo B<\/strong> utilizza anch'esso un design a forma di mezzaluna, ma include linguette di presa per migliorare la stabilit\u00e0. Questa configurazione migliora la manipolazione dei campioni e consente di ottenere risultati di propagazione pi\u00f9 uniformi. Il tipo B \u00e8 preferito al tipo A quando le dimensioni del materiale lo consentono, in quanto offre una maggiore precisione grazie alla riduzione dello slittamento e a un migliore allineamento.<\/p>\n<h3 data-start=\"4817\" data-end=\"4838\">ASTM D624 Tipo C<\/h3>\n<p data-start=\"4839\" data-end=\"5254\"><strong data-start=\"4839\" data-end=\"4859\">ASTM D624 Tipo C<\/strong> \u00e8 caratterizzato da un angolo di 90\u00b0 senza tacca pretagliata. Questa geometria valuta <strong data-start=\"4929\" data-end=\"4957\">resistenza all'innesco della lacerazione<\/strong>, concentrandosi sulla rottura che ha origine dall'apice. Se la lacerazione non inizia in corrispondenza della concentrazione di sollecitazioni prevista, la prova pu\u00f2 assomigliare a una rottura per trazione piuttosto che a una vera prova di lacerazione. I dati di tipo C sono utili per valutare la resistenza del punto di inizio quando i materiali subiscono impatti con spigoli vivi durante il servizio.<\/p>\n<h3 data-start=\"5261\" data-end=\"5282\">ASTM D624 Tipo T<\/h3>\n<p data-start=\"5283\" data-end=\"5616\"><strong data-start=\"5283\" data-end=\"5303\">ASTM D624 Tipo T<\/strong>, Il campione di strappo dei pantaloni comprende due gambe divaricate durante il carico. Questo campione misura direttamente <strong data-start=\"5414\" data-end=\"5434\">propagazione dello strappo<\/strong> in una direzione uniforme. La registrazione continua della forza aiuta gli utenti a comprendere le fluttuazioni della resistenza alla propagazione, rendendo il tipo T popolare nelle applicazioni di ricerca e controllo qualit\u00e0.<\/p>\n<h3 data-start=\"5623\" data-end=\"5645\">ASTM D624 Tipo CP<\/h3>\n<p data-start=\"5646\" data-end=\"6015\"><strong data-start=\"5646\" data-end=\"5667\">ASTM D624 Tipo CP<\/strong> modifica il design dei pantaloni aggiungendo un percorso vincolato, che assicura che lo strappo segua un percorso predefinito. Le gambe pi\u00f9 spesse riducono l'allungamento indesiderato, fornendo dati pi\u00f9 stabili sulla propagazione della lacerazione. Il tipo CP pu\u00f2 produrre risultati altamente riproducibili, particolarmente utili quando si valutano formulazioni difficili o materiali con strutture di rinforzo complesse.<\/p>\n<hr data-start=\"6017\" data-end=\"6020\" \/>\n<h2 data-start=\"2631\" data-end=\"2681\">Tester di resistenza allo strappo<\/h2>\n<p><a href=\"https:\/\/www.qualitester.com\/it\/prodotto-2\/tensile-tester-tst-01\/\"><img fetchpriority=\"high\" decoding=\"async\" class=\"alignleft wp-image-7585 size-medium\" src=\"https:\/\/www.qualitester.com\/wp-content\/uploads\/2025\/11\/ASTM-D624-Tear-Strength-Test-Method-of-Rubber-and-Elastomers-300x300.webp\" alt=\"ASTM D624 Metodo di prova della resistenza allo strappo di gomma ed elastomeri\" width=\"300\" height=\"300\" srcset=\"https:\/\/www.qualitester.com\/wp-content\/uploads\/2025\/11\/ASTM-D624-Tear-Strength-Test-Method-of-Rubber-and-Elastomers-300x300.webp 300w, https:\/\/www.qualitester.com\/wp-content\/uploads\/2025\/11\/ASTM-D624-Tear-Strength-Test-Method-of-Rubber-and-Elastomers-150x150.webp 150w, https:\/\/www.qualitester.com\/wp-content\/uploads\/2025\/11\/ASTM-D624-Tear-Strength-Test-Method-of-Rubber-and-Elastomers-12x12.webp 12w, https:\/\/www.qualitester.com\/wp-content\/uploads\/2025\/11\/ASTM-D624-Tear-Strength-Test-Method-of-Rubber-and-Elastomers-100x100.webp 100w, https:\/\/www.qualitester.com\/wp-content\/uploads\/2025\/11\/ASTM-D624-Tear-Strength-Test-Method-of-Rubber-and-Elastomers.webp 600w\" sizes=\"(max-width: 300px) 100vw, 300px\" \/><\/a><\/p>\n<p data-start=\"2682\" data-end=\"3056\">Un affidabile <strong data-start=\"2693\" data-end=\"2717\">tester di resistenza allo strappo<\/strong> gioca un ruolo fondamentale per ottenere risultati accurati e ripetibili. La macchina di prova deve mantenere una velocit\u00e0 costante di separazione della presa, garantire un allineamento stabile e fornire una precisione di misurazione della forza adatta a tutte le geometrie dei campioni. I requisiti di velocit\u00e0 della testa a croce variano a seconda del tipo di test, pertanto l'apparecchiatura deve supportare un controllo preciso della velocit\u00e0.<\/p>\n<p data-start=\"3058\" data-end=\"3431\">Per i laboratori che cercano prestazioni stabili e versatili, il sistema <strong data-start=\"3121\" data-end=\"3163\">Tester di trazione Cell Instruments TST-01<\/strong> offre una misura di forza ad alta precisione, dispositivi di fissaggio flessibili e un'eccellente ripetibilit\u00e0. Supporta i requisiti di velocit\u00e0 per i tipi A, B, C (500 \u00b1 50 mm\/min) e per i tipi T, CP (50 \u00b1 5 mm\/min), rendendolo ideale per <a href=\"https:\/\/www.astm.org\/d0624-00r20.html\" target=\"_blank\" rel=\"noopener nofollow\">ASTM D624<\/a> test su vari prodotti in gomma e TPE.<\/p>","protected":false},"excerpt":{"rendered":"<p>ASTM D624 Tear Strength Test Method of Rubber and Elastomers ASTM D624 stands as one of the most widely used standards for evaluating rubber tear strength in conventional vulcanized rubber and thermoplastic elastomers (TPE). Manufacturers, quality control engineers, and research professionals rely on this method to understand how rubber materials initiate and propagate tears under &hellip;<\/p>\n<p class=\"read-more\"> <a class=\"\" href=\"https:\/\/www.qualitester.com\/it\/standards\/astm-d624\/\"> <span class=\"screen-reader-text\">ASTM D624<\/span> Leggi altro \u00bb<\/a><\/p>","protected":false},"author":4,"featured_media":7585,"parent":4948,"menu_order":0,"comment_status":"closed","ping_status":"closed","template":"","meta":{"site-sidebar-layout":"default","site-content-layout":"default","ast-global-header-display":"","ast-main-header-display":"","ast-hfb-above-header-display":"","ast-hfb-below-header-display":"","ast-hfb-mobile-header-display":"","site-post-title":"disabled","ast-breadcrumbs-content":"","ast-featured-img":"disabled","footer-sml-layout":"","theme-transparent-header-meta":"default","adv-header-id-meta":"","stick-header-meta":"","header-above-stick-meta":"","header-main-stick-meta":"","header-below-stick-meta":"","footnotes":""},"class_list":["post-7584","page","type-page","status-publish","has-post-thumbnail","hentry"],"_links":{"self":[{"href":"https:\/\/www.qualitester.com\/it\/wp-json\/wp\/v2\/pages\/7584","targetHints":{"allow":["GET"]}}],"collection":[{"href":"https:\/\/www.qualitester.com\/it\/wp-json\/wp\/v2\/pages"}],"about":[{"href":"https:\/\/www.qualitester.com\/it\/wp-json\/wp\/v2\/types\/page"}],"author":[{"embeddable":true,"href":"https:\/\/www.qualitester.com\/it\/wp-json\/wp\/v2\/users\/4"}],"replies":[{"embeddable":true,"href":"https:\/\/www.qualitester.com\/it\/wp-json\/wp\/v2\/comments?post=7584"}],"version-history":[{"count":0,"href":"https:\/\/www.qualitester.com\/it\/wp-json\/wp\/v2\/pages\/7584\/revisions"}],"up":[{"embeddable":true,"href":"https:\/\/www.qualitester.com\/it\/wp-json\/wp\/v2\/pages\/4948"}],"wp:featuredmedia":[{"embeddable":true,"href":"https:\/\/www.qualitester.com\/it\/wp-json\/wp\/v2\/media\/7585"}],"wp:attachment":[{"href":"https:\/\/www.qualitester.com\/it\/wp-json\/wp\/v2\/media?parent=7584"}],"curies":[{"name":"wp","href":"https:\/\/api.w.org\/{rel}","templated":true}]}}