{"id":7328,"date":"2025-07-31T13:49:15","date_gmt":"2025-07-31T05:49:15","guid":{"rendered":"https:\/\/www.qualitester.com\/?page_id=7328"},"modified":"2025-07-31T13:52:22","modified_gmt":"2025-07-31T05:52:22","slug":"usp-1217","status":"publish","type":"page","link":"https:\/\/www.qualitester.com\/it\/standards\/usp-1217\/","title":{"rendered":"USP 1217"},"content":{"rendered":"<h1 style=\"text-align: center;\" data-start=\"529\" data-end=\"1070\"><strong data-start=\"529\" data-end=\"599\">\u00a0USP 1217<\/strong><\/h1>\n<h2 style=\"text-align: center;\" data-start=\"529\" data-end=\"1070\"><strong data-start=\"529\" data-end=\"599\">Lo standard per i test di resistenza delle compresse<\/strong><\/h2>\n<p data-start=\"529\" data-end=\"1070\"><br data-start=\"599\" data-end=\"602\" \/>Nella produzione farmaceutica, <strong data-start=\"632\" data-end=\"652\">integrit\u00e0 della tavoletta<\/strong> non riguarda solo l'aspetto estetico, ma influenza direttamente l'efficacia, la stabilit\u00e0 e l'esperienza del paziente. <strong data-start=\"750\" data-end=\"764\">USP<\/strong> stabilisce un quadro completo per la valutazione della resistenza meccanica delle compresse, concentrandosi su <strong data-start=\"858\" data-end=\"877\">durezza della compressa<\/strong>, <strong data-start=\"879\" data-end=\"897\">forza di rottura<\/strong>, e la durata strutturale. Questi parametri guidano la formulazione, informano il controllo di qualit\u00e0 e garantiscono che le compresse possano resistere alla produzione e alla manipolazione nel mondo reale senza subire guasti.<\/p>\n<p data-start=\"1072\" data-end=\"1318\">Strumentazione moderna, come quella di Cell Instruments\u2019 <strong data-start=\"1118\" data-end=\"1151\">Tester di durezza per compresse MPT-02<\/strong>-consente ai produttori di eseguire questi test con precisione e ripetibilit\u00e0, in linea con la USP , sostenendo l'efficienza dei processi e la conformit\u00e0 alle normative.<\/p>\n<hr data-start=\"1320\" data-end=\"1323\" \/>\n<h2 data-start=\"1325\" data-end=\"1398\"><strong data-start=\"1325\" data-end=\"1396\">Protocolli di test critici: Dal test di durezza delle compresse alla friabilit\u00e0<\/strong><\/h2>\n<p>&nbsp;<\/p>\n<h3 data-start=\"1400\" data-end=\"1810\"><strong data-start=\"1400\" data-end=\"1467\">Test di durezza delle compresse e test di rottura: Perch\u00e9 la forza di rottura \u00e8 importante<\/strong><\/h3>\n<h2 style=\"text-align: center;\" data-start=\"529\" data-end=\"1070\"><strong style=\"font-size: 27.2px;\" data-start=\"529\" data-end=\"599\"><img decoding=\"async\" class=\"wp-image-7332 alignright\" src=\"https:\/\/www.qualitester.com\/wp-content\/uploads\/2025\/07\/usp1217-tablet-hardness_11zon-150x150.webp\" alt=\"USP 1217 con tester di durezza per compresse\" width=\"212\" height=\"212\" srcset=\"https:\/\/www.qualitester.com\/wp-content\/uploads\/2025\/07\/usp1217-tablet-hardness_11zon-150x150.webp 150w, https:\/\/www.qualitester.com\/wp-content\/uploads\/2025\/07\/usp1217-tablet-hardness_11zon-300x300.webp 300w, https:\/\/www.qualitester.com\/wp-content\/uploads\/2025\/07\/usp1217-tablet-hardness_11zon-100x100.webp 100w\" sizes=\"(max-width: 212px) 100vw, 212px\" \/><\/strong><\/h2>\n<p data-start=\"1400\" data-end=\"1810\">Il <strong data-start=\"1474\" data-end=\"1498\">test di durezza delle compresse<\/strong> non si tratta semplicemente di misurare la resistenza superficiale. Nel contesto della USP , si riferisce alla <strong data-start=\"1595\" data-end=\"1609\">test di rottura<\/strong>-la forza di compressione necessaria per fratturare una tavoletta. Questa forza, chiamata anche <strong data-start=\"1689\" data-end=\"1717\">forza di frantumazione delle compresse<\/strong>, Il risultato \u00e8 un'analisi dell'adesione interna, dell'uniformit\u00e0 di compressione e delle prestazioni della formulazione.<\/p>\n<p data-start=\"1812\" data-end=\"2215\">Il <a href=\"https:\/\/www.qualitester.com\/it\/tablet-hardness-test\/\" target=\"_blank\" rel=\"noopener\"><strong data-start=\"1816\" data-end=\"1849\">Tester di durezza per compresse MPT-02<\/strong><\/a>, con un sensore di forza digitale e un movimento costante delle piastre, \u00e8 stato concepito per questo tipo di analisi. Registra il picco di forza applicato a un campione posizionato tra due piastre, aiutando gli utenti a determinare se la compressa soddisfa gli standard di resistenza richiesti. Il test \u00e8 particolarmente importante per le compresse masticabili, rivestite o con segni, dove la rottura pu\u00f2 alterare la somministrazione del farmaco o l'accuratezza del dosaggio.<\/p>\n<hr data-start=\"2217\" data-end=\"2220\" \/>\n<h2 data-start=\"2222\" data-end=\"2578\"><strong data-start=\"2222\" data-end=\"2288\">Friabilit\u00e0 della compressa: Robustezza meccanica oltre la compressione\u00a0\u00a0<\/strong><\/h2>\n<p data-start=\"2222\" data-end=\"2578\"><br data-start=\"2288\" data-end=\"2291\" \/>Mentre la forza di rottura verifica la resistenza alla pressione diretta, <strong data-start=\"2353\" data-end=\"2373\">test di friabilit\u00e0<\/strong> simulare l'abrasione e lo stress superficiale durante la manipolazione. Secondo USP , che integra USP , le compresse vengono fatte rotolare all'interno di un tamburo rotante per misurare <strong data-start=\"2537\" data-end=\"2577\">perdita di peso dovuta a scheggiature o erosioni<\/strong>.<\/p>\n<p data-start=\"2580\" data-end=\"2841\">La friabilit\u00e0 \u00e8 fondamentale quando si valutano formulazioni fragili o compresse con rivestimenti superficiali. Un'eccessiva friabilit\u00e0 suggerisce che una compressa potrebbe sbriciolarsi durante il confezionamento, la spedizione o la somministrazione. A <strong data-start=\"2781\" data-end=\"2814\">perdita di peso superiore a 1,0%<\/strong> \u00e8 tipicamente inaccettabile.<\/p>\n<p data-start=\"2843\" data-end=\"3138\">Per i produttori che vogliono ridurre al minimo i problemi di friabilit\u00e0, \u00e8 fondamentale regolare le concentrazioni di legante, ottimizzare le forze di compressione o perfezionare la forma delle compresse. Queste regolazioni devono sempre essere verificate utilizzando <strong data-start=\"3048\" data-end=\"3078\">un tester per compresse calibrato<\/strong> per evitare una correzione eccessiva che potrebbe ostacolare la disintegrazione.<\/p>\n<hr data-start=\"3140\" data-end=\"3143\" \/>\n<h2 data-start=\"3145\" data-end=\"3595\"><strong data-start=\"3145\" data-end=\"3218\">Test di flessione e test di fragilit\u00e0 delle compresse: Approfondimento strutturale avanzato<\/strong><\/h2>\n<p data-start=\"3145\" data-end=\"3595\"><br data-start=\"3218\" data-end=\"3221\" \/>Non tutte le tavolette si guastano allo stesso modo. Alcune mostrano <strong data-start=\"3272\" data-end=\"3291\">cedimento fragile<\/strong>, che si rompe sotto una sollecitazione minima, mentre altri si piegano o si deformano. Questo \u00e8 il caso in cui un <strong data-start=\"3369\" data-end=\"3385\">prova di flessione<\/strong>-spesso un <strong data-start=\"3394\" data-end=\"3422\">prova di flessione a tre punti<\/strong>-diventa prezioso. Valuta il comportamento delle tavolette in presenza di forze di flessione, simulando scenari di manipolazione che comprimono la tavoletta da un lato e la allungano dall'altro.<\/p>\n<p data-start=\"3597\" data-end=\"3937\">Il <strong data-start=\"3601\" data-end=\"3628\">test di fragilit\u00e0 della compressa<\/strong> valuta il comportamento della frattura a diverse velocit\u00e0 di deformazione. Se una formulazione \u00e8 soggetta a rottura fragile, potrebbe rompersi durante l'alimentazione automatica o il confezionamento in blister. Le prove di flessione sono particolarmente indicate per le compresse allungate o a forma di capsula, dove la compressione diametrale potrebbe non fornire risultati affidabili.<\/p>\n<div class=\"ast-oembed-container\" style=\"height: 100%;\"><iframe title=\"Test di durezza delle compresse Test di durezza a compressione per compresse di medicinali\" width=\"500\" height=\"281\" src=\"https:\/\/www.youtube.com\/embed\/uYgafVVSvpY?feature=oembed\" frameborder=\"0\" allow=\"accelerometer; autoplay; clipboard-write; encrypted-media; gyroscope; picture-in-picture; web-share\" referrerpolicy=\"strict-origin-when-cross-origin\" allowfullscreen><\/iframe><\/div>\n<hr data-start=\"3939\" data-end=\"3942\" \/>\n<h2 data-start=\"3944\" data-end=\"4293\"><strong data-start=\"3944\" data-end=\"4007\">Test di resistenza alla frantumazione delle compresse: Come ottenere le giuste metriche<\/strong><\/h2>\n<p data-start=\"3944\" data-end=\"4293\"><br data-start=\"4007\" data-end=\"4010\" \/>Mentre lo standard USP scoraggia l'uso di \u201cdurezza\u201d come termine generico, <strong data-start=\"4075\" data-end=\"4096\">resistenza alla frantumazione<\/strong> rimane un descrittore ampiamente riconosciuto per misurare la <strong data-start=\"4154\" data-end=\"4204\">forza necessaria per comprimere e rompere una compressa<\/strong>. Le variabili chiave di questo test sono la velocit\u00e0 della piastra, la geometria della tavoletta e le attrezzature di supporto.<\/p>\n<p data-start=\"4295\" data-end=\"4602\">La coerenza \u00e8 fondamentale. I risultati devono essere registrati in newton (N) e l'apparecchiatura deve mantenere un valore di <strong data-start=\"4386\" data-end=\"4411\">tasso di carico costante<\/strong>. Strumenti come il <strong data-start=\"4434\" data-end=\"4467\">MPT-02 <\/strong>\u00a0regolano automaticamente la velocit\u00e0 e acquisiscono dati in tempo reale, riducendo al minimo l'errore dell'operatore e garantendo la conformit\u00e0 ai protocolli farmacologici.<\/p>\n<hr data-start=\"4604\" data-end=\"4607\" \/>\n<h2 data-start=\"4609\" data-end=\"4960\"><strong data-start=\"4609\" data-end=\"4662\">Perch\u00e9 il test delle compresse \u00e8 fondamentale per la vostra attivit\u00e0<\/strong><\/h2>\n<p data-start=\"4609\" data-end=\"4960\"><br data-start=\"4662\" data-end=\"4665\" \/>Per i team QA, i reparti di ricerca e sviluppo e gli ingegneri di produzione, comprendere e applicare <strong data-start=\"4749\" data-end=\"4763\">USP<\/strong>\u00a0 I metodi di analisi aiutano a identificare i punti deboli della formulazione prima che le compresse arrivino sul mercato. Un'analisi adeguata riduce inoltre i resi, supporta gli audit normativi e aumenta la fiducia nella qualit\u00e0 del prodotto.<\/p>\n<p data-start=\"4962\" data-end=\"5333\">Cell Instruments offre molto di pi\u00f9 di semplici tester affidabili. <strong data-start=\"5035\" data-end=\"5057\">soluzioni su misura<\/strong> per i clienti dei settori farmaceutico, del packaging medicale e della scienza dei materiali. Sia che stiate valutando <strong data-start=\"5168\" data-end=\"5190\">fragilit\u00e0 della compressa<\/strong>, conducendo <strong data-start=\"5203\" data-end=\"5223\">test di friabilit\u00e0<\/strong>, o convalidare <strong data-start=\"5239\" data-end=\"5260\">resistenza alla frantumazione<\/strong>, I nostri strumenti supportano misure accurate e riproducibili ogni volta.<\/p>\n<hr data-start=\"5335\" data-end=\"5338\" \/>\n<h2 data-start=\"5340\" data-end=\"5793\"><strong data-start=\"5340\" data-end=\"5416\">Conclusione: Portate la precisione ai vostri test sulle compresse con gli strumenti Cell<\/strong><\/h2>\n<p data-start=\"5340\" data-end=\"5793\"><br data-start=\"5416\" data-end=\"5419\" \/>Da <strong data-start=\"5424\" data-end=\"5438\">test di rottura<\/strong> a <strong data-start=\"5442\" data-end=\"5458\">prova di flessione<\/strong>, e da <strong data-start=\"5469\" data-end=\"5488\">durezza<\/strong> a <strong data-start=\"5492\" data-end=\"5506\">friabilit\u00e0<\/strong>, Ogni valutazione meccanica fornisce una visione critica delle prestazioni fisiche delle forme di dosaggio solide. Seguendo <strong data-start=\"5628\" data-end=\"5642\">USP<\/strong> e l'integrazione di soluzioni avanzate come il <a href=\"https:\/\/www.celtec.cn\/newsinfo\/7623506.html\" target=\"_blank\" rel=\"noopener nofollow\"><strong data-start=\"5687\" data-end=\"5720\">Tester di durezza per compresse MPT-02<\/strong><\/a>, I produttori possono garantire che i tablet siano robusti, coerenti e conformi.<\/p>\n<p data-start=\"5795\" data-end=\"6005\">Se state ottimizzando una linea di produzione o sviluppando nuove formulazioni, contattate <strong data-start=\"5874\" data-end=\"5904\">Cell Instruments Co.<\/strong> per un'assistenza professionale e strumenti di prova ad alte prestazioni che si adattano alle vostre esigenze in continua evoluzione.<\/p>\n<p data-start=\"5795\" data-end=\"6005\">","protected":false},"excerpt":{"rendered":"<p>\u00a0USP 1217 The Standard for Tablet Strength Testing In pharmaceutical production, tablet integrity is not just about appearance\u2014it directly influences efficacy, stability, and patient experience. USP &lt;1217&gt; establishes a comprehensive framework for evaluating tablet mechanical strength, focusing on tablet hardness, breaking force, and structural durability. These metrics guide formulation, inform quality control, and ensure tablets &hellip;<\/p>\n<p class=\"read-more\"> <a class=\"\" href=\"https:\/\/www.qualitester.com\/it\/standards\/usp-1217\/\"> <span class=\"screen-reader-text\">USP 1217<\/span> Leggi altro \u00bb<\/a><\/p>","protected":false},"author":3,"featured_media":0,"parent":4948,"menu_order":0,"comment_status":"closed","ping_status":"closed","template":"","meta":{"site-sidebar-layout":"default","site-content-layout":"default","ast-global-header-display":"","ast-main-header-display":"","ast-hfb-above-header-display":"","ast-hfb-below-header-display":"","ast-hfb-mobile-header-display":"","site-post-title":"","ast-breadcrumbs-content":"","ast-featured-img":"","footer-sml-layout":"","theme-transparent-header-meta":"default","adv-header-id-meta":"","stick-header-meta":"","header-above-stick-meta":"","header-main-stick-meta":"","header-below-stick-meta":"","footnotes":""},"class_list":["post-7328","page","type-page","status-publish","hentry"],"_links":{"self":[{"href":"https:\/\/www.qualitester.com\/it\/wp-json\/wp\/v2\/pages\/7328","targetHints":{"allow":["GET"]}}],"collection":[{"href":"https:\/\/www.qualitester.com\/it\/wp-json\/wp\/v2\/pages"}],"about":[{"href":"https:\/\/www.qualitester.com\/it\/wp-json\/wp\/v2\/types\/page"}],"author":[{"embeddable":true,"href":"https:\/\/www.qualitester.com\/it\/wp-json\/wp\/v2\/users\/3"}],"replies":[{"embeddable":true,"href":"https:\/\/www.qualitester.com\/it\/wp-json\/wp\/v2\/comments?post=7328"}],"version-history":[{"count":0,"href":"https:\/\/www.qualitester.com\/it\/wp-json\/wp\/v2\/pages\/7328\/revisions"}],"up":[{"embeddable":true,"href":"https:\/\/www.qualitester.com\/it\/wp-json\/wp\/v2\/pages\/4948"}],"wp:attachment":[{"href":"https:\/\/www.qualitester.com\/it\/wp-json\/wp\/v2\/media?parent=7328"}],"curies":[{"name":"wp","href":"https:\/\/api.w.org\/{rel}","templated":true}]}}