{"id":7000,"date":"2025-07-17T09:22:18","date_gmt":"2025-07-17T01:22:18","guid":{"rendered":"https:\/\/www.qualitester.com\/?page_id=7000"},"modified":"2025-07-23T14:32:24","modified_gmt":"2025-07-23T06:32:24","slug":"rupture-test-for-soft-gelatin-capsules","status":"publish","type":"page","link":"https:\/\/www.qualitester.com\/it\/applications\/rupture-test-for-soft-gelatin-capsules\/","title":{"rendered":"Test di rottura delle capsule di gelatina morbida"},"content":{"rendered":"<h1 id=\"rupture-test-for-soft-gelatin-capsules-ensuring-ca\" class=\"mb-2 mt-6 text-base font-[500] first:mt-0 md:text-lg dark:font-[475] [hr+&amp;]:mt-4\" style=\"text-align: center;\">Test di rottura per capsule di gelatina morbida<\/h1>\n<h2 class=\"mb-2 mt-6 text-base font-[500] first:mt-0 md:text-lg dark:font-[475] [hr+&amp;]:mt-4\" style=\"text-align: center;\">Garantire la resistenza e l'integrit\u00e0 della capsula<\/h2>\n<h2><\/h2>\n<p data-start=\"787\" data-end=\"1123\">Le capsule di gelatina morbida sono diventate un sistema di somministrazione cruciale per vitamine, minerali e prodotti farmaceutici, grazie alla loro capacit\u00e0 di racchiudere in modo sicuro le sostanze liquide all'interno di un guscio di gelatina. L'efficacia di queste capsule dipende in modo significativo dalla resistenza e dalla qualit\u00e0 del film di gelatina. Il\u00a0<strong>test di rottura per capsule di gelatina morbida<\/strong>\u00a0\u00e8 una procedura fondamentale che i produttori e il personale addetto al controllo qualit\u00e0 devono comprendere per garantire l'affidabilit\u00e0 del prodotto e la sicurezza dei consumatori.<\/p>\n<hr \/>\n<h2>Importanza del test di rottura per le capsule di gelatina morbida<\/h2>\n<p class=\"my-0\">Il\u00a0<strong>test di rottura per capsule di gelatina morbida<\/strong>\u00a0valuta la stabilit\u00e0 meccanica della parete della capsula, determinando quanta forza pu\u00f2 sopportare l'involucro di gelatina prima di rompersi. Questo test \u00e8 essenziale perch\u00e9 l'integrit\u00e0 dell'involucro della capsula di gelatina influisce:<\/p>\n<ul class=\"marker:text-textOff list-disc\">\n<li>\n<p class=\"my-0\">La protezione dei principi attivi da fattori ambientali come l'umidit\u00e0 e l'ossigeno.<\/p>\n<\/li>\n<li>\n<p class=\"my-0\">Il profilo di rilascio del farmaco o dell'integratore all'interno della capsula.<\/p>\n<\/li>\n<li>\n<p class=\"my-0\">La capacit\u00e0 della capsula di sopravvivere alla manipolazione, all'imballaggio, al trasporto e allo stoccaggio senza scoppiare prematuramente.<\/p>\n<\/li>\n<\/ul>\n<p class=\"my-0\">Il test simula le condizioni reali in cui le capsule potrebbero essere compresse, schiacciate o urtate, rivelando i punti deboli che possono compromettere la qualit\u00e0 del prodotto.<\/p>\n<hr \/>\n<h2 class=\"mb-xs mt-5 text-base font-[500] first:mt-0 dark:font-[475]\">Test di durezza delle capsule di gelatina e Bloom Tester: Aspetti chiave secondari<\/h2>\n<p class=\"my-0\">Un aspetto integrante della valutazione della qualit\u00e0 della capsula \u00e8 il\u00a0<strong>test di durezza della capsula di gelatina<\/strong>, che misura la resistenza meccanica e l'elasticit\u00e0 dell'involucro della capsula. Questo test \u00e8 spesso complementare alla prova di rottura, in quanto fornisce indicazioni sul comportamento della capsula in caso di pressione graduale piuttosto che di impatto o perforazione improvvisa.<\/p>\n<p class=\"my-0\">Il\u00a0<strong>tester di fioritura<\/strong>\u00a0svolge un ruolo fondamentale in questo contesto, misurando la forza di fioritura della gelatina, che riflette la forza del gel del materiale. La forza del bloom influisce sia sulla durezza che sulla flessibilit\u00e0 del film della capsula. Valori pi\u00f9 elevati di bloom corrispondono a gel pi\u00f9 solidi, che influenzano la resistenza della capsula alla rottura e alla deformazione.<\/p>\n<h2 class=\"mb-xs mt-5 text-base font-[500] first:mt-0 dark:font-[475]\">Metodi per condurre il test di rottura delle capsule di gelatina morbida<\/h2>\n<p class=\"my-0\">Il test di rottura prevede principalmente prove di compressione o penetrazione controllata, in cui una capsula viene sottoposta a una forza fino alla rottura del suo involucro. Le considerazioni principali durante il test includono:<\/p>\n<ul class=\"marker:text-textOff list-disc\">\n<li>\n<p class=\"my-0\"><strong>Dimensioni della sonda di prova<\/strong>: In genere si utilizza una sonda cilindrica di 10 mm di diametro o di 10 mm\u00b2 di superficie per applicare la forza in modo uniforme sulla superficie della capsula.<\/p>\n<\/li>\n<li>\n<p class=\"my-0\"><strong>Misurazione della forza<\/strong>: La misurazione della forza di picco alla quale il guscio della capsula si rompe consente di valutare quantitativamente la resistenza del guscio.<\/p>\n<\/li>\n<li>\n<p class=\"my-0\"><strong>Valutazione dell'elasticit\u00e0<\/strong>: Oltre alla forza di rottura, la misurazione della deformazione sotto compressione aiuta a identificare l'elasticit\u00e0 e la flessibilit\u00e0 del film della capsula.<\/p>\n<\/li>\n<li>\n<p class=\"my-0\"><strong>Test di resistenza delle guarnizioni<\/strong>: Il test della forza necessaria per rompere il sigillo della capsula assicura che il liquido di riempimento sia racchiuso in modo sicuro durante la produzione e la distribuzione.<\/p>\n<\/li>\n<\/ul>\n<p class=\"my-0\">Un dispositivo progettato specificamente per soddisfare questi requisiti di test \u00e8 il Cell Instruments<a href=\"https:\/\/www.qualitester.com\/it\/prodotto-2\/sale-soft-gel-capsule-hardness-tester\/\" target=\"_blank\" rel=\"noopener\"> Tester di durezza per capsule di gel morbido CHT-01<\/a>. Fornisce test automatizzati con diversi programmi, tra cui il controllo della forza, il rilevamento dei picchi di forza e la misurazione della forza basata sulla distanza, migliorando l'efficienza e la coerenza dei processi di controllo della qualit\u00e0.<\/p>\n<div class=\"ast-oembed-container\" style=\"height: 100%;\"><iframe title=\"Tester di durezza per capsule softgel CHT-01\" width=\"500\" height=\"281\" src=\"https:\/\/www.youtube.com\/embed\/pGYrer6N-Mk?feature=oembed\" frameborder=\"0\" allow=\"accelerometer; autoplay; clipboard-write; encrypted-media; gyroscope; picture-in-picture; web-share\" referrerpolicy=\"strict-origin-when-cross-origin\" allowfullscreen><\/iframe><\/div>\n<hr \/>\n<h2 class=\"mb-xs mt-5 text-base font-[500] first:mt-0 dark:font-[475]\">Perch\u00e9 utilizzare il tester di durezza per capsule di gel morbido CHT-01 di Cell Instruments?<\/h2>\n<p class=\"my-0\">Cell Instruments \u00e8 specializzata in soluzioni di analisi dei materiali precise e personalizzabili:<\/p>\n<ul class=\"marker:text-textOff list-disc\">\n<li>\n<p class=\"my-0\">Il CHT-01 \u00e8 dotato di un'unit\u00e0 di controllo PLC e di un HMI touch screen da 7 pollici di facile utilizzo.<img fetchpriority=\"high\" decoding=\"async\" class=\"alignright wp-image-7007 size-medium\" src=\"https:\/\/www.qualitester.com\/wp-content\/uploads\/2025\/07\/2.CHT-01-soft-gel-capsule-hardness-tester2_11zon-300x300.webp\" alt=\"Il test di rottura delle capsule di gelatina morbida valuta la resistenza meccanica e l&#039;integrit\u00e0 dell&#039;involucro di gelatina.\" width=\"300\" height=\"300\" srcset=\"https:\/\/www.qualitester.com\/wp-content\/uploads\/2025\/07\/2.CHT-01-soft-gel-capsule-hardness-tester2_11zon-300x300.webp 300w, https:\/\/www.qualitester.com\/wp-content\/uploads\/2025\/07\/2.CHT-01-soft-gel-capsule-hardness-tester2_11zon-1024x1024.webp 1024w, https:\/\/www.qualitester.com\/wp-content\/uploads\/2025\/07\/2.CHT-01-soft-gel-capsule-hardness-tester2_11zon-150x150.webp 150w, https:\/\/www.qualitester.com\/wp-content\/uploads\/2025\/07\/2.CHT-01-soft-gel-capsule-hardness-tester2_11zon-768x768.webp 768w, https:\/\/www.qualitester.com\/wp-content\/uploads\/2025\/07\/2.CHT-01-soft-gel-capsule-hardness-tester2_11zon-12x12.webp 12w, https:\/\/www.qualitester.com\/wp-content\/uploads\/2025\/07\/2.CHT-01-soft-gel-capsule-hardness-tester2_11zon-600x600.webp 600w, https:\/\/www.qualitester.com\/wp-content\/uploads\/2025\/07\/2.CHT-01-soft-gel-capsule-hardness-tester2_11zon-100x100.webp 100w, https:\/\/www.qualitester.com\/wp-content\/uploads\/2025\/07\/2.CHT-01-soft-gel-capsule-hardness-tester2_11zon.webp 1080w\" sizes=\"(max-width: 300px) 100vw, 300px\" \/><\/p>\n<\/li>\n<li>\n<p class=\"my-0\">La velocit\u00e0 di test variabile e i componenti di precisione offrono l'adattabilit\u00e0 a diverse specifiche della capsula.<\/p>\n<\/li>\n<li>\n<p class=\"my-0\">Simula scenari di stress realistici, come la compressione e la rottura dei sigilli, fondamentali per il confezionamento e la stabilit\u00e0 dei prodotti farmaceutici.<\/p>\n<\/li>\n<li>\n<p class=\"my-0\">La funzione di ritorno automatico del tester e le molteplici opzioni di fissaggio aumentano la produttivit\u00e0 e riducono gli errori di gestione manuale, snellendo il flusso di lavoro del test.<\/p>\n<\/li>\n<\/ul>\n<p class=\"my-0\">Integrando questo tester avanzato nelle vostre procedure di assicurazione della qualit\u00e0, potrete garantire la conformit\u00e0 agli standard di qualit\u00e0 farmaceutica e migliorare la sicurezza dei pazienti.<\/p>\n<hr \/>\n<h2 class=\"mb-xs mt-5 text-base font-[500] first:mt-0 dark:font-[475]\">Standard e migliori pratiche professionali<\/h2>\n<p class=\"my-0\">L'adesione a standard internazionali come ASTM e ISO \u00e8 fondamentale durante il test di rottura per garantire l'affidabilit\u00e0 e la riproducibilit\u00e0 dei risultati. Sebbene gli standard farmacopeici specifici per la rottura delle capsule di gelatina possano variare, l'allineamento con le norme di prova meccanica garantisce l'integrit\u00e0 dell'imballaggio farmaceutico e supporta le richieste di regolamentazione.<\/p>\n<p class=\"my-0\">Gli esperti del settore raccomandano:<\/p>\n<ul class=\"marker:text-textOff list-disc\">\n<li>\n<p class=\"my-0\">Esecuzione regolare di test di rottura sui lotti di produzione per rilevare le incongruenze di produzione.<\/p>\n<\/li>\n<li>\n<p class=\"my-0\">Combinare i test di durezza e di resistenza alla fioritura per comprendere il profilo meccanico completo del film di gelatina.<\/p>\n<\/li>\n<li>\n<p class=\"my-0\">Documentare e analizzare le tendenze nella resistenza delle capsule per informare le regolazioni di produzione.<\/p>\n<\/li>\n<\/ul>\n<hr \/>\n<h2>Conclusione: Migliorare il controllo di qualit\u00e0 con test informati<\/h2>\n<h2><\/h2>\n<p class=\"my-0\">Il\u00a0<strong>test di rottura per capsule di gelatina morbida<\/strong>\u00a0serve come misura critica di qualit\u00e0 per garantire che le capsule resistano alle sollecitazioni meccaniche senza subire danni, salvaguardando cos\u00ec l'efficacia del prodotto. Incorporando il\u00a0<strong>test di durezza della capsula di gelatina<\/strong>\u00a0e la misurazione della forza della fioritura affina ulteriormente la comprensione della robustezza della capsula.<\/p>\n<p class=\"my-0\"><a href=\"https:\/\/www.celtec.cn\" target=\"_blank\" rel=\"noopener nofollow\">Strumenti a cella<\/a> offre soluzioni affidabili e personalizzabili come il <a href=\"https:\/\/www.qualitester.com\/it\/prodotto-2\/sale-soft-gel-capsule-hardness-tester\/\" target=\"_blank\" rel=\"noopener\"><strong>Tester di durezza CHT-01<\/strong><\/a> che facilitano l'esecuzione di test accurati ed efficienti. Sfruttando queste apparecchiature e seguendo le migliori pratiche, i produttori farmaceutici e i professionisti del controllo qualit\u00e0 potranno mantenere standard elevati, ridurre i fallimenti dei prodotti e migliorare la fiducia dei consumatori.<\/p>\n<p data-start=\"5570\" data-end=\"5722\">","protected":false},"excerpt":{"rendered":"<p>Test di rottura per le capsule di gelatina molle per garantire la resistenza e l'integrit\u00e0 della capsula Le capsule di gelatina molle sono diventate un sistema di somministrazione cruciale per vitamine, minerali e prodotti farmaceutici, grazie alla loro capacit\u00e0 di racchiudere in modo sicuro le sostanze liquide all'interno di un guscio di gelatina. L'efficacia di queste capsule dipende in modo significativo dalla resistenza e dalla qualit\u00e0 del film di gelatina. La rottura ...<\/p>\n<p class=\"read-more\"> <a class=\"\" href=\"https:\/\/www.qualitester.com\/it\/applications\/rupture-test-for-soft-gelatin-capsules\/\"> <span class=\"screen-reader-text\">Test di rottura delle capsule di gelatina morbida<\/span> Leggi altro \u00bb<\/a><\/p>","protected":false},"author":3,"featured_media":0,"parent":6794,"menu_order":0,"comment_status":"closed","ping_status":"closed","template":"","meta":{"site-sidebar-layout":"default","site-content-layout":"default","ast-global-header-display":"","ast-main-header-display":"","ast-hfb-above-header-display":"","ast-hfb-below-header-display":"","ast-hfb-mobile-header-display":"","site-post-title":"","ast-breadcrumbs-content":"","ast-featured-img":"","footer-sml-layout":"","theme-transparent-header-meta":"default","adv-header-id-meta":"","stick-header-meta":"","header-above-stick-meta":"","header-main-stick-meta":"","header-below-stick-meta":"","footnotes":""},"class_list":["post-7000","page","type-page","status-publish","hentry"],"_links":{"self":[{"href":"https:\/\/www.qualitester.com\/it\/wp-json\/wp\/v2\/pages\/7000","targetHints":{"allow":["GET"]}}],"collection":[{"href":"https:\/\/www.qualitester.com\/it\/wp-json\/wp\/v2\/pages"}],"about":[{"href":"https:\/\/www.qualitester.com\/it\/wp-json\/wp\/v2\/types\/page"}],"author":[{"embeddable":true,"href":"https:\/\/www.qualitester.com\/it\/wp-json\/wp\/v2\/users\/3"}],"replies":[{"embeddable":true,"href":"https:\/\/www.qualitester.com\/it\/wp-json\/wp\/v2\/comments?post=7000"}],"version-history":[{"count":0,"href":"https:\/\/www.qualitester.com\/it\/wp-json\/wp\/v2\/pages\/7000\/revisions"}],"up":[{"embeddable":true,"href":"https:\/\/www.qualitester.com\/it\/wp-json\/wp\/v2\/pages\/6794"}],"wp:attachment":[{"href":"https:\/\/www.qualitester.com\/it\/wp-json\/wp\/v2\/media?parent=7000"}],"curies":[{"name":"wp","href":"https:\/\/api.w.org\/{rel}","templated":true}]}}