{"id":6940,"date":"2025-07-15T11:21:17","date_gmt":"2025-07-15T03:21:17","guid":{"rendered":"https:\/\/www.qualitester.com\/?page_id=6940"},"modified":"2025-09-30T10:21:19","modified_gmt":"2025-09-30T02:21:19","slug":"syringe-leak-testing","status":"publish","type":"page","link":"https:\/\/www.qualitester.com\/it\/applications\/syringe-leak-testing\/","title":{"rendered":"Metodo di prova delle perdite con siringa"},"content":{"rendered":"<h1 style=\"text-align: center;\" data-start=\"370\" data-end=\"882\">Metodo di prova delle perdite con siringa<br \/>\n<small>ISO 7886-1 ISO 8537<\/small><\/h1>\n<hr \/>\n<p><strong data-start=\"318\" data-end=\"342\">Test di tenuta delle siringhe<\/strong> \u00e8 una procedura critica che garantisce l'integrit\u00e0, la sicurezza e le prestazioni delle siringhe utilizzate nelle applicazioni mediche e farmaceutiche. Secondo <a href=\"https:\/\/www.qualitester.com\/it\/standards\/iso-7886-1\/\"><em data-start=\"493\" data-end=\"505\">ISO 7886-1<\/em> <\/a>e<a href=\"https:\/\/www.qualitester.com\/it\/categoria-prodotto\/iso\/iso-8537\/\"> <em data-start=\"510\" data-end=\"520\">ISO 8537<\/em><\/a>I test per la verifica delle perdite d'aria e della separazione dello stantuffo sono obbligatori per le siringhe sterili monouso, comprese quelle per insulina. Questa guida illustra le procedure standardizzate, i requisiti delle apparecchiature e le informazioni essenziali sui test per aiutare i professionisti e i team di controllo qualit\u00e0 a raggiungere la conformit\u00e0 e l'affidabilit\u00e0 dei prodotti.<\/p>\n<hr \/>\n<h2><img fetchpriority=\"high\" decoding=\"async\" class=\"wp-image-6951 alignright\" src=\"https:\/\/www.qualitester.com\/wp-content\/uploads\/2025\/07\/syringe-leak-testing-300x300.webp\" alt=\"test di tenuta delle siringhe\" width=\"240\" height=\"240\" srcset=\"https:\/\/www.qualitester.com\/wp-content\/uploads\/2025\/07\/syringe-leak-testing-300x300.webp 300w, https:\/\/www.qualitester.com\/wp-content\/uploads\/2025\/07\/syringe-leak-testing-150x150.webp 150w, https:\/\/www.qualitester.com\/wp-content\/uploads\/2025\/07\/syringe-leak-testing-12x12.webp 12w, https:\/\/www.qualitester.com\/wp-content\/uploads\/2025\/07\/syringe-leak-testing-100x100.webp 100w, https:\/\/www.qualitester.com\/wp-content\/uploads\/2025\/07\/syringe-leak-testing.webp 334w\" sizes=\"(max-width: 240px) 100vw, 240px\" \/>Importanza del test di tenuta delle siringhe<\/h2>\n<p data-start=\"880\" data-end=\"1247\">Le perdite nelle siringhe possono causare la mancata somministrazione dei farmaci, rischi di contaminazione o lesioni per l'utente. Di conseguenza, <em data-start=\"993\" data-end=\"1015\">test di tenuta delle siringhe<\/em> \u00e8 una parte essenziale della garanzia di qualit\u00e0 nella produzione di dispositivi medici. Questi test non solo convalidano la tenuta strutturale, ma confermano anche che il <em data-start=\"1174\" data-end=\"1191\">tappo a stantuffo<\/em> mantiene un collegamento ermetico sotto pressione.<\/p>\n<p data-start=\"1249\" data-end=\"1274\"><strong data-start=\"1249\" data-end=\"1274\">Norme di riferimento:<\/strong><\/p>\n<ul>\n<li data-start=\"1277\" data-end=\"1336\"><a href=\"https:\/\/www.iso.org\/standard\/64790.html\" target=\"_blank\" rel=\"noopener nofollow\"><strong data-start=\"1277\" data-end=\"1291\">ISO 7886-1<\/strong><\/a>: Siringhe ipodermiche sterili monouso.<\/li>\n<li data-start=\"1339\" data-end=\"1397\"><a href=\"https:\/\/www.iso.org\/standard\/60510.html\" target=\"_blank\" rel=\"noopener nofollow\"><strong data-start=\"1339\" data-end=\"1351\">ISO 8537<\/strong><\/a>: Siringhe per insulina con o senza ago.<\/li>\n<\/ul>\n<p data-start=\"1401\" data-end=\"1548\">Questi standard definiscono il <strong data-start=\"1428\" data-end=\"1468\">perdita d'aria oltre il tappo del pistone<\/strong> e <strong data-start=\"1473\" data-end=\"1519\">separazione del tappo dallo stantuffo<\/strong> come due criteri di fallimento fondamentali.<\/p>\n<hr \/>\n<h2 data-start=\"1401\" data-end=\"1548\">Test di funzionalit\u00e0 della siringa e perdita d'aria per il tappo dello stantuffo<\/h2>\n<p><em data-start=\"1625\" data-end=\"1656\">Test di funzionalit\u00e0 della siringa<\/em>, concentrandosi in particolare su <em data-start=\"1683\" data-end=\"1716\">perdita d'aria per il tappo a pistone<\/em>garantisce che la siringa mantenga l'integrit\u00e0 del vuoto durante l'aspirazione. Questa sezione illustra le procedure standardizzate basate sulle linee guida ISO e raccomanda una strumentazione affidabile per eseguire il test in modo accurato.<\/p>\n<h3>Attrezzatura necessaria<\/h3>\n<p data-start=\"1953\" data-end=\"2034\">Per eseguire un test di tenuta della siringa affidabile, sono necessari i seguenti componenti:<\/p>\n<ul>\n<li data-start=\"2038\" data-end=\"2164\"><strong data-start=\"2038\" data-end=\"2072\">Generatore di vuoto e manometro<\/strong>: Per creare e monitorare le condizioni di vuoto fino a <strong data-start=\"2126\" data-end=\"2136\">88 kPa<\/strong> al di sotto della pressione atmosferica.<\/li>\n<li data-start=\"2167\" data-end=\"2235\"><strong data-start=\"2167\" data-end=\"2183\">Sistema a morsetto<\/strong>: Per fissare il pistone nella posizione di volume nominale.<\/li>\n<li data-start=\"2238\" data-end=\"2317\"><strong data-start=\"2238\" data-end=\"2291\">Raccordo conico femmina (ISO 80369-7 o ISO 594-1)<\/strong>: Per il collegamento standard.<\/li>\n<li data-start=\"2320\" data-end=\"2390\"><strong data-start=\"2320\" data-end=\"2358\">Acqua distillata (ISO 3696 grado 3)<\/strong>: A 18-28 \u00b0C come terreno di prova.<\/li>\n<li data-start=\"2393\" data-end=\"2465\"><strong data-start=\"2393\" data-end=\"2408\">Trappola per bottiglie<\/strong>: Per evitare la contaminazione o il riflusso durante l'aspirazione.<\/li>\n<\/ul>\n<h3>Procedura di test passo dopo passo<\/h3>\n<ol>\n<li data-start=\"2506\" data-end=\"2578\"><strong data-start=\"2506\" data-end=\"2522\">Riempire la siringa<\/strong>: Aspirare l'acqua almeno fino a <strong data-start=\"2550\" data-end=\"2577\">25% di capacit\u00e0 nominale<\/strong>.<\/li>\n<li data-start=\"2582\" data-end=\"2659\"><strong data-start=\"2582\" data-end=\"2596\">Volume impostato<\/strong>: Tirare il pistone fino alla linea nominale graduata e bloccarlo saldamente.<\/li>\n<li data-start=\"2663\" data-end=\"2763\"><strong data-start=\"2663\" data-end=\"2682\">Collegare il raccordo<\/strong>: Collegare l'ugello a un raccordo conico femmina in conformit\u00e0 alle norme ISO.<\/li>\n<li data-start=\"2767\" data-end=\"2833\"><strong data-start=\"2767\" data-end=\"2786\">Generare il vuoto<\/strong>: Applicare un vuoto controllato per raggiungere <strong data-start=\"2821\" data-end=\"2832\">-88 kPa<\/strong>.<\/li>\n<li data-start=\"2837\" data-end=\"2857\"><strong data-start=\"2837\" data-end=\"2856\">Ispezione delle perdite<\/strong>:\n<ul>\n<li data-start=\"2863\" data-end=\"2924\">Ispezione visiva per <strong data-start=\"2884\" data-end=\"2899\">bolle d'aria<\/strong> intorno alla guarnizione del pistone.<\/li>\n<li data-start=\"2930\" data-end=\"2985\">Registrare il <strong data-start=\"2941\" data-end=\"2962\">lettura del manometro<\/strong> caduta dopo 60 secondi.<\/li>\n<\/ul>\n<\/li>\n<li data-start=\"2989\" data-end=\"3066\"><strong data-start=\"2989\" data-end=\"3014\">Controllo del tappo del pistone<\/strong>: Ispezione per <strong data-start=\"3028\" data-end=\"3042\">separazione<\/strong> dall'albero del pistone.<\/li>\n<\/ol>\n<p data-start=\"3068\" data-end=\"3163\">Se qualsiasi <strong data-start=\"3075\" data-end=\"3090\">perdita d'aria<\/strong> o <strong data-start=\"3094\" data-end=\"3108\">distacco<\/strong> la siringa non supera il test di funzionalit\u00e0.<\/p>\n<hr \/>\n<h2 data-start=\"3068\" data-end=\"3163\">Requisiti di rendicontazione<\/h2>\n<p data-start=\"3197\" data-end=\"3264\">Secondo le norme ISO 7886-1 e ISO 8537, il rapporto di prova deve includere:<\/p>\n<ul>\n<li data-start=\"3268\" data-end=\"3304\">Identit\u00e0 della siringa e volume nominale.<\/li>\n<li data-start=\"3307\" data-end=\"3323\">Data del test.<\/li>\n<li data-start=\"3326\" data-end=\"3358\">Risultati dell'osservazione delle perdite d'aria.<\/li>\n<li data-start=\"3361\" data-end=\"3402\">Risultato del distacco del tappo del pistone.<\/li>\n<li data-start=\"3405\" data-end=\"3447\">Variazione della pressione del vuoto durante il test.<\/li>\n<\/ul>\n<hr \/>\n<h2>Perch\u00e9 scegliere <a href=\"https:\/\/www.qualitester.com\/it\/\">Strumenti a cella<\/a> SLT-02 per il test di tenuta delle siringhe<\/h2>\n<figure id=\"attachment_6946\" aria-describedby=\"caption-attachment-6946\" style=\"width: 300px\" class=\"wp-caption alignright\"><a href=\"https:\/\/www.qualitester.com\/it\/?s=slt-02\"><img decoding=\"async\" class=\"wp-image-6946 size-medium\" src=\"https:\/\/www.qualitester.com\/wp-content\/uploads\/2025\/07\/SLT-02-Syringe-Air-Leakage-Tester-300x300.webp\" alt=\"tester di ritiro termico\" width=\"300\" height=\"300\" srcset=\"https:\/\/www.qualitester.com\/wp-content\/uploads\/2025\/07\/SLT-02-Syringe-Air-Leakage-Tester-300x300.webp 300w, https:\/\/www.qualitester.com\/wp-content\/uploads\/2025\/07\/SLT-02-Syringe-Air-Leakage-Tester-150x150.webp 150w, https:\/\/www.qualitester.com\/wp-content\/uploads\/2025\/07\/SLT-02-Syringe-Air-Leakage-Tester-12x12.webp 12w, https:\/\/www.qualitester.com\/wp-content\/uploads\/2025\/07\/SLT-02-Syringe-Air-Leakage-Tester-100x100.webp 100w, https:\/\/www.qualitester.com\/wp-content\/uploads\/2025\/07\/SLT-02-Syringe-Air-Leakage-Tester.webp 600w\" sizes=\"(max-width: 300px) 100vw, 300px\" \/><\/a><figcaption id=\"caption-attachment-6946\" class=\"wp-caption-text\">Tester di perdite d'aria a siringa<\/figcaption><\/figure>\n<p data-start=\"3518\" data-end=\"3721\">Per i laboratori e i produttori che desiderano semplificare il loro processo di analisi con <strong data-start=\"3594\" data-end=\"3612\">alta precisione<\/strong>, il <strong data-start=\"3618\" data-end=\"3665\">Cell Instruments SLT-02 Tester di tenuta per siringhe<\/strong> offre una soluzione conforme e automatizzata che semplifica:<\/p>\n<ul>\n<li data-start=\"3725\" data-end=\"3750\"><strong data-start=\"3725\" data-end=\"3750\">Rilevamento delle perdite d'aria<\/strong><\/li>\n<li data-start=\"3753\" data-end=\"3782\"><strong data-start=\"3753\" data-end=\"3782\">Test di ritenzione del tappo<\/strong><\/li>\n<li data-start=\"3785\" data-end=\"3829\"><strong data-start=\"3785\" data-end=\"3829\">Controllo del vuoto con manometro integrato<\/strong><\/li>\n<li data-start=\"3832\" data-end=\"3872\"><strong data-start=\"3832\" data-end=\"3872\">Registrazione dei dati e generazione di rapporti<\/strong><\/li>\n<\/ul>\n<p data-start=\"3874\" data-end=\"4081\"><strong data-start=\"3874\" data-end=\"3884\">SLT-02<\/strong> soddisfa pienamente i requisiti delle apparecchiature descritte nelle norme ISO 7886-1 e ISO 8537. Grazie alle interfacce personalizzabili e al sistema di morsetti modulari, \u00e8 ideale per i laboratori di ricerca e sviluppo, i reparti di controllo qualit\u00e0 e le linee di produzione.<\/p>\n<hr \/>\n<h2 data-start=\"3874\" data-end=\"4081\">Migliorare la qualit\u00e0 delle siringhe con test adeguati<\/h2>\n<p data-start=\"4258\" data-end=\"4556\">Corretto <em data-start=\"4265\" data-end=\"4287\">test di tenuta delle siringhe<\/em> non solo soddisfa le aspettative normative, ma garantisce anche la sicurezza del paziente e la credibilit\u00e0 del marchio. L'implementazione di pratiche di analisi corrette, guidate da standard quali <strong data-start=\"4442\" data-end=\"4456\">ISO 7886-1<\/strong> e <strong data-start=\"4461\" data-end=\"4473\">ISO 8537<\/strong>aiuta i produttori a individuare tempestivamente i difetti di produzione e a ridurre i costosi richiami.<\/p>\n<p data-start=\"4558\" data-end=\"4833\">Per i professionisti del settore <strong data-start=\"4583\" data-end=\"4601\">farmaceutico<\/strong>, <strong data-start=\"4603\" data-end=\"4621\">dispositivo medico<\/strong>, e <strong data-start=\"4627\" data-end=\"4651\">confezioni diagnostiche<\/strong> industrie, i processi di collaudo robusti sono irrinunciabili. Con l'aumentare della complessit\u00e0 dei dispositivi, aumenta anche la necessit\u00e0 di <em data-start=\"4762\" data-end=\"4789\">strumentazione di precisione<\/em> e <strong data-start=\"4794\" data-end=\"4832\">metodologie di test standardizzate<\/strong>.<\/p>\n<hr \/>\n<h2 data-start=\"4558\" data-end=\"4833\">Conclusione<\/h2>\n<p data-start=\"4855\" data-end=\"5219\">L'integrit\u00e0 delle siringhe per uso medico si basa su un rigoroso <strong data-start=\"4908\" data-end=\"4932\">test di tenuta delle siringhe<\/strong> procedure. L'adesione alle norme ISO 7886-1 e ISO 8537 garantisce sicurezza, coerenza e conformit\u00e0 alle normative. Incorporare le <strong data-start=\"5055\" data-end=\"5085\"><a href=\"https:\/\/www.qualitester.com\/it\/?s=slt-02\">SLT-02<\/a> Tester per siringhe<\/strong> da <strong data-start=\"5091\" data-end=\"5111\">Strumenti a cella<\/strong> nel vostro flusso di lavoro migliorer\u00e0 l'accuratezza dei test, ridurr\u00e0 gli errori manuali e promuover\u00e0 elevati standard di prodotto.<\/p>\n<p data-start=\"5221\" data-end=\"5438\">Che si tratti di un <strong data-start=\"5238\" data-end=\"5255\">Tecnico QC<\/strong>, <strong data-start=\"5257\" data-end=\"5273\">Ingegnere di ricerca e sviluppo<\/strong>, o <strong data-start=\"5278\" data-end=\"5300\">revisore di conformit\u00e0<\/strong>La comprensione e l'esecuzione efficace dei protocolli di test di tenuta delle siringhe \u00e8 essenziale per fornire prodotti medicali sicuri e funzionali.<\/p>","protected":false},"excerpt":{"rendered":"<p>Syringe Leak Testing Method ISO 7886-1 ISO 8537 Syringe leak testing is a critical procedure that ensures the integrity, safety, and performance of syringes used in medical and pharmaceutical applications. According to ISO 7886-1 and ISO 8537, testing for air leakage and plunger separation is mandatory for sterile single-use syringes, including insulin syringes. This guide &hellip;<\/p>\n<p class=\"read-more\"> <a class=\"\" href=\"https:\/\/www.qualitester.com\/it\/applications\/syringe-leak-testing\/\"> <span class=\"screen-reader-text\">Metodo di prova delle perdite con siringa<\/span> Leggi altro \u00bb<\/a><\/p>","protected":false},"author":3,"featured_media":0,"parent":6794,"menu_order":0,"comment_status":"closed","ping_status":"closed","template":"","meta":{"site-sidebar-layout":"default","site-content-layout":"default","ast-global-header-display":"","ast-main-header-display":"","ast-hfb-above-header-display":"","ast-hfb-below-header-display":"","ast-hfb-mobile-header-display":"","site-post-title":"disabled","ast-breadcrumbs-content":"","ast-featured-img":"","footer-sml-layout":"","theme-transparent-header-meta":"default","adv-header-id-meta":"","stick-header-meta":"","header-above-stick-meta":"","header-main-stick-meta":"","header-below-stick-meta":"","footnotes":""},"class_list":["post-6940","page","type-page","status-publish","hentry"],"_links":{"self":[{"href":"https:\/\/www.qualitester.com\/it\/wp-json\/wp\/v2\/pages\/6940","targetHints":{"allow":["GET"]}}],"collection":[{"href":"https:\/\/www.qualitester.com\/it\/wp-json\/wp\/v2\/pages"}],"about":[{"href":"https:\/\/www.qualitester.com\/it\/wp-json\/wp\/v2\/types\/page"}],"author":[{"embeddable":true,"href":"https:\/\/www.qualitester.com\/it\/wp-json\/wp\/v2\/users\/3"}],"replies":[{"embeddable":true,"href":"https:\/\/www.qualitester.com\/it\/wp-json\/wp\/v2\/comments?post=6940"}],"version-history":[{"count":0,"href":"https:\/\/www.qualitester.com\/it\/wp-json\/wp\/v2\/pages\/6940\/revisions"}],"up":[{"embeddable":true,"href":"https:\/\/www.qualitester.com\/it\/wp-json\/wp\/v2\/pages\/6794"}],"wp:attachment":[{"href":"https:\/\/www.qualitester.com\/it\/wp-json\/wp\/v2\/media?parent=6940"}],"curies":[{"name":"wp","href":"https:\/\/api.w.org\/{rel}","templated":true}]}}