{"id":6887,"date":"2025-07-14T16:04:43","date_gmt":"2025-07-14T08:04:43","guid":{"rendered":"https:\/\/www.qualitester.com\/?post_type=product&#038;p=6887"},"modified":"2025-07-14T16:04:44","modified_gmt":"2025-07-14T08:04:44","slug":"lamination-factor-tester","status":"publish","type":"product","link":"https:\/\/www.qualitester.com\/hu\/termek\/lamination-factor-tester\/","title":{"rendered":"FTT-02 Lamin\u00e1l\u00e1si t\u00e9nyez\u0151 tesztel\u0151"},"content":{"rendered":"<p data-start=\"898\" data-end=\"1494\">M\u00e1gneses anyagok, p\u00e9ld\u00e1ul elektromos ac\u00e9l \u00e9s amorf szalagok gy\u00e1rt\u00e1sa sor\u00e1n, <strong data-start=\"985\" data-end=\"1006\">lamin\u00e1l\u00e1si t\u00e9nyez\u0151<\/strong> l\u00e9tfontoss\u00e1g\u00fa szerepet j\u00e1tszik az anyagmin\u0151s\u00e9g meghat\u00e1roz\u00e1s\u00e1ban. Befoly\u00e1solja a motorok, transzform\u00e1torok \u00e9s m\u00e1s elektrom\u00e1gneses alkatr\u00e9szek hat\u00e9konys\u00e1g\u00e1t. E kritikus param\u00e9ter \u00e9rt\u00e9kel\u00e9s\u00e9hez egy <strong data-start=\"1185\" data-end=\"1213\">lamin\u00e1l\u00e1si t\u00e9nyez\u0151 tesztel\u0151<\/strong> pontos, szabv\u00e1nyos\u00edtott m\u00e9r\u00e9si m\u00f3dszert k\u00edn\u00e1l.<\/p>\n<h2 data-start=\"1501\" data-end=\"1555\">Mi a lamin\u00e1l\u00e1si t\u00e9nyez\u0151 \u00e9s mi\u00e9rt fontos?<\/h2>\n<p data-start=\"1557\" data-end=\"1870\"><strong data-start=\"1557\" data-end=\"1578\">Lamin\u00e1l\u00e1si t\u00e9nyez\u0151<\/strong>-m\u00e1s n\u00e9ven is ismert <strong data-start=\"1593\" data-end=\"1623\">lamin\u00e1l\u00e1s rakod\u00e1si t\u00e9nyez\u0151<\/strong> vagy <strong data-start=\"1627\" data-end=\"1643\">helyt\u00e9nyez\u0151<\/strong>-a val\u00f3di f\u00e9mt\u00e9rfogat \u00e9s az egym\u00e1sra helyezett f\u00e9mszalagok l\u00e1tsz\u00f3lagos t\u00e9rfogat\u00e1nak ar\u00e1nya. Ez sz\u00e1mszer\u0171s\u00edti, hogy az anyag milyen hat\u00e9konyan van becsomagolva, figyelembe v\u00e9ve a fel\u00fcleti \u00e9rdess\u00e9g, a bevonatok \u00e9s a r\u00e9tegek k\u00f6z\u00f6tti \u00fcregek hat\u00e1s\u00e1t.<\/p>\n<p data-start=\"1872\" data-end=\"2095\">A m\u00e1gneses magok alkalmaz\u00e1sakor a magas lamin\u00e1l\u00e1si t\u00e9nyez\u0151 minimaliz\u00e1lja az energiavesztes\u00e9geket \u00e9s jav\u00edtja a teljes\u00edtm\u00e9nyt. Ez\u00e9rt ez a min\u0151s\u00e9gbiztos\u00edt\u00e1s kritikus param\u00e9tere a <strong data-start=\"2045\" data-end=\"2094\">elektromos, elektronikai \u00e9s motoros ipar\u00e1gak<\/strong>.<\/p>\n<h2 data-start=\"2102\" data-end=\"2153\">A lamin\u00e1l\u00e1si t\u00e9nyez\u0151 tesztel\u0151 m\u0171k\u00f6d\u00e9si elve<\/h2>\n<p data-start=\"2155\" data-end=\"2349\">A <strong data-start=\"2157\" data-end=\"2185\">lamin\u00e1l\u00e1si t\u00e9nyez\u0151 tesztel\u0151<\/strong> meghat\u00e1rozza a halmazol\u00e1si hat\u00e9konys\u00e1got a nyom\u00e1s alatt m\u00e9rt halmaz t\u00e9rfogat\u00e1nak \u00e9s az anyag t\u00f6mege \u00e9s s\u0171r\u0171s\u00e9ge alapj\u00e1n sz\u00e1m\u00edtott szil\u00e1rd t\u00e9rfogatnak az \u00f6sszehasonl\u00edt\u00e1s\u00e1val.<\/p>\n<p data-start=\"2351\" data-end=\"2378\"><strong data-start=\"2351\" data-end=\"2378\">A legfontosabb vizsg\u00e1lati l\u00e9p\u00e9sek a k\u00f6vetkez\u0151k:<\/strong><\/p>\n<ul>\n<li data-start=\"2382\" data-end=\"2433\">A m\u00e1gneses anyag egyenletes cs\u00edkokra v\u00e1g\u00e1sa<\/li>\n<li data-start=\"2436\" data-end=\"2470\">A cs\u00edkok egym\u00e1sra helyez\u00e9se<\/li>\n<li data-start=\"2473\" data-end=\"2520\">Szabv\u00e1nyos nyom\u00e1s alkalmaz\u00e1sa a teszterrel<\/li>\n<li data-start=\"2523\" data-end=\"2562\">A t\u00f6m\u00f6r\u00edtett halom magass\u00e1g\u00e1nak m\u00e9r\u00e9se<\/li>\n<li data-start=\"2565\" data-end=\"2619\">A lamin\u00e1l\u00e1si t\u00e9nyez\u0151 kisz\u00e1m\u00edt\u00e1sa a k\u00e9plet seg\u00edts\u00e9g\u00e9vel:<\/li>\n<\/ul>\n<blockquote data-start=\"2622\" data-end=\"2862\">\n<p data-start=\"2624\" data-end=\"2862\"><strong data-start=\"2624\" data-end=\"2655\">S = m \/ (l - w - \u03b4 - h - k)<\/strong><br data-start=\"2655\" data-end=\"2658\" \/><em data-start=\"2662\" data-end=\"2670\">Hol:<\/em><br data-start=\"2670\" data-end=\"2673\" \/><em data-start=\"2677\" data-end=\"2680\">S<\/em> = lamin\u00e1l\u00e1si t\u00e9nyez\u0151 (%)<br data-start=\"2704\" data-end=\"2707\" \/><em data-start=\"2711\" data-end=\"2714\">m<\/em> = a halom t\u00f6mege<br data-start=\"2734\" data-end=\"2737\" \/><em data-start=\"2741\" data-end=\"2747\">l, w<\/em> = hossz \u00e9s sz\u00e9less\u00e9g<br data-start=\"2766\" data-end=\"2769\" \/><em data-start=\"2773\" data-end=\"2776\">\u03b4<\/em> = anyags\u0171r\u0171s\u00e9g<br data-start=\"2795\" data-end=\"2798\" \/><em data-start=\"2802\" data-end=\"2805\">h<\/em> = t\u00f6m\u00f6r\u00edtett magass\u00e1g<br data-start=\"2825\" data-end=\"2828\" \/><em data-start=\"2832\" data-end=\"2835\">k<\/em> = egys\u00e9g-\u00e1tv\u00e1lt\u00e1si \u00e1lland\u00f3<\/p>\n<\/blockquote>\n<p data-start=\"2864\" data-end=\"2978\">A folyamat nagy m\u00e9r\u00e9si pontoss\u00e1got ig\u00e9nyel, hogy t\u00fckr\u00f6zze a kis elt\u00e9r\u00e9seket, amelyek hat\u00e1ssal lehetnek az egym\u00e1sra helyez\u00e9si t\u00e9nyez\u0151re.<\/p>\n<h2 data-start=\"2985\" data-end=\"3038\">A lamin\u00e1l\u00e1si t\u00e9nyez\u0151 vizsg\u00e1lat\u00e1n\u00e1l hivatkozott szabv\u00e1nyok<\/h2>\n<p data-start=\"3040\" data-end=\"3181\">A glob\u00e1lis megfelel\u00e9s \u00e9s k\u00f6vetkezetess\u00e9g biztos\u00edt\u00e1sa, <strong data-start=\"3085\" data-end=\"3114\">lamin\u00e1l\u00e1si t\u00e9nyez\u0151 tesztel\u0151k<\/strong> igazodnia kell az elismert szabv\u00e1nyokhoz. A legink\u00e1bb hivatkozottak a k\u00f6vetkez\u0151k:<\/p>\n<h3 data-start=\"3183\" data-end=\"3217\"><a href=\"https:\/\/www.qualitester.com\/hu\/standards\/astm-a719\/\" target=\"_blank\" rel=\"noopener\">ASTM A719<\/a> - M\u00e1gneses anyagok<\/h3>\n<p data-start=\"3219\" data-end=\"3436\">Meghat\u00e1rozza a <strong data-start=\"3231\" data-end=\"3250\">standard m\u00f3dszer<\/strong> a ferrom\u00e1gneses anyagok r\u00e9tegz\u0151d\u00e9si t\u00e9nyez\u0151j\u00e9nek m\u00e9r\u00e9s\u00e9re. Hangs\u00falyt fektet az egyenletes nyom\u00e1sra (jellemz\u0151en 50 psi), a pontos halmazmagass\u00e1gm\u00e9r\u00e9sre \u00e9s a helyes t\u00f6meg-t\u00e9rfogat sz\u00e1m\u00edt\u00e1sokra.<\/p>\n<h3 data-start=\"3438\" data-end=\"3479\">ASTM A900 - Amorf m\u00e1gneses cs\u00edkok<\/h3>\n<p data-start=\"3481\" data-end=\"3668\">Kifejezetten a k\u00f6vetkez\u0151kh\u00f6z kifejlesztve <strong data-start=\"3505\" data-end=\"3540\">v\u00e9kony, amorf m\u00e1gneses cs\u00edkok<\/strong>, ez a m\u00f3dszer az anyag \u00e9rz\u00e9kenys\u00e9ge miatt igaz\u00edt\u00f3 r\u00f6gz\u00edt\u0151ket, mikrom\u00e9teres m\u00e9r\u00e9seket \u00e9s gondos egym\u00e1sra helyez\u00e9st ig\u00e9nyel.<\/p>\n<h3 data-start=\"3670\" data-end=\"3716\">ASTM A683 - f\u00e9lig feldolgozott elektromos ac\u00e9l<\/h3>\n<p data-start=\"3718\" data-end=\"3903\">Az al\u00e1bbiakra vonatkozik <strong data-start=\"3732\" data-end=\"3752\">az ASTM A719 haszn\u00e1lata<\/strong> mint kijel\u00f6lt vizsg\u00e1lati m\u00f3dszer. Hangs\u00falyozza, hogy a magasabb lamin\u00e1l\u00e1si t\u00e9nyez\u0151 jobb min\u0151s\u00e9get jelez, k\u00fcl\u00f6n\u00f6sen a sim\u00e1bb \u00e9s vastagabb anyagok eset\u00e9ben.<\/p>\n<h3 data-start=\"3905\" data-end=\"3956\">IEC 60404-13 - Glob\u00e1lis villamos ac\u00e9lszabv\u00e1ny<\/h3>\n<p data-start=\"3958\" data-end=\"4167\">Biztos\u00edtja a  c\u00edmet. <strong data-start=\"3967\" data-end=\"3995\">nemzetk\u00f6zi ir\u00e1nymutat\u00e1sok<\/strong> az \u00f6sszes elektromos ac\u00e9lt\u00edpuson v\u00e9gzett halmoz\u00f3d\u00e1si t\u00e9nyez\u0151 m\u00e9r\u00e9s\u00e9hez. Pontos m\u00e9rlegel\u00e9st, m\u00e9retpontoss\u00e1got \u00e9s nyom\u00e1salkalmaz\u00e1st ig\u00e9nyel. <strong data-start=\"4145\" data-end=\"4166\">1,00 \u00b1 0,05 N\/mm\u00b2<\/strong>.<\/p>\n<h2 data-start=\"4174\" data-end=\"4245\">Bemutatjuk a Cell Instruments FTT-02 lamin\u00e1l\u00e1si t\u00e9nyez\u0151 tesztel\u0151j\u00e9t<\/h2>\n<p data-start=\"4247\" data-end=\"4437\">Laborat\u00f3riumok \u00e9s termel\u00e9si k\u00f6rnyezetek sz\u00e1m\u00e1ra, amelyek megb\u00edzhat\u00f3 lamin\u00e1l\u00e1si t\u00e9nyez\u0151 vizsg\u00e1latot ig\u00e9nyelnek, a <strong data-start=\"4342\" data-end=\"4377\">FTT-02 Lamin\u00e1l\u00e1si t\u00e9nyez\u0151 tesztel\u0151<\/strong> a  c\u00edmr\u0151l <strong data-start=\"4383\" data-end=\"4403\">Cell Instruments<\/strong> egy professzion\u00e1lis min\u0151s\u00e9g\u0171 megold\u00e1s.<\/p>\n<h3>Kulcsfontoss\u00e1g\u00fa jellemz\u0151k:<\/h3>\n<ul>\n<li data-start=\"4459\" data-end=\"4498\"><strong data-start=\"4459\" data-end=\"4474\">Vizsg\u00e1lati tartom\u00e1ny:<\/strong> 0-2 mm (testre szabhat\u00f3)<\/li>\n<li data-start=\"4501\" data-end=\"4563\"><strong data-start=\"4501\" data-end=\"4516\">Felbont\u00e1s:<\/strong> 0,1 \u03bcm a pontos halommagass\u00e1g m\u00e9r\u00e9s\u00e9hez<\/li>\n<li data-start=\"4566\" data-end=\"4625\"><strong data-start=\"4566\" data-end=\"4584\">Vizsg\u00e1lati nyom\u00e1s:<\/strong> 50 \u00b1 0,5 kPa (szabv\u00e1nyos, ASTM A719 szerint)<\/li>\n<li data-start=\"4628\" data-end=\"4692\"><strong data-start=\"4628\" data-end=\"4646\">Beolvas\u00f3 m\u00e9rete:<\/strong> \u00d814-17 mm (\u00e1ll\u00edthat\u00f3 a mintat\u00edpusoknak megfelel\u0151en)<\/li>\n<li data-start=\"4695\" data-end=\"4766\"><strong data-start=\"4695\" data-end=\"4714\">Kompakt kialak\u00edt\u00e1s:<\/strong> 461 \u00d7 334 \u00d7 357 mm, alkalmas k\u00fcl\u00f6nb\u00f6z\u0151 laborat\u00f3riumi elrendez\u00e9sekhez<\/li>\n<\/ul>\n<p data-start=\"4768\" data-end=\"4944\">Az FTT-02-t a k\u00f6vetkez\u0151kh\u00f6z tervezt\u00e9k <strong data-start=\"4797\" data-end=\"4824\">egyszer\u0171 mintaigaz\u00edt\u00e1s<\/strong>, <strong data-start=\"4826\" data-end=\"4858\">automatikus magass\u00e1gm\u00e9r\u00e9s<\/strong>, \u00e9s <strong data-start=\"4864\" data-end=\"4891\">stabil nyom\u00e1sszab\u00e1lyoz\u00e1s<\/strong>, biztos\u00edtva a rendk\u00edv\u00fcl pontos lamin\u00e1l\u00e1si t\u00e9nyez\u0151 eredm\u00e9nyeit.<\/p>\n<h3 data-start=\"4946\" data-end=\"4971\">Alkalmazhat\u00f3 anyagok:<\/h3>\n<ul>\n<li data-start=\"4974\" data-end=\"5028\"><strong data-start=\"4974\" data-end=\"5026\">Nem orient\u00e1lt \u00e9s szemcseorient\u00e1lt elektromos ac\u00e9lok<\/strong><\/li>\n<li data-start=\"5031\" data-end=\"5082\"><strong data-start=\"5031\" data-end=\"5080\">Amorf \u00e9s nanokrist\u00e1lyos m\u00e1gneses szalagok<\/strong><\/li>\n<li data-start=\"5085\" data-end=\"5141\"><strong data-start=\"5085\" data-end=\"5141\">Motormagokban haszn\u00e1lt v\u00e9kony bevonat\u00fa elektromos anyagok<\/strong><\/li>\n<\/ul>\n<p data-start=\"5143\" data-end=\"5256\">Az ASTM \u00e9s IEC vizsg\u00e1lati elj\u00e1r\u00e1sokat k\u00f6vetve az FTT-02 minimaliz\u00e1lja az emberi hib\u00e1t \u00e9s jav\u00edtja az eredm\u00e9nyek megism\u00e9telhet\u0151s\u00e9g\u00e9t.<\/p>\n<h2 data-start=\"5263\" data-end=\"5321\">A lamin\u00e1l\u00e1si t\u00e9nyez\u0151 vizsg\u00e1lat\u00e1nak alkalmaz\u00e1sai \u00e9s el\u0151nyei<\/h2>\n<p data-start=\"5323\" data-end=\"5366\">A lamin\u00e1l\u00e1si t\u00e9nyez\u0151 vizsg\u00e1lata alapvet\u0151 fontoss\u00e1g\u00fa a k\u00f6vetkez\u0151kben:<\/p>\n<ul>\n<li data-start=\"5370\" data-end=\"5413\"><strong data-start=\"5370\" data-end=\"5411\">Transzform\u00e1tor \u00e9s motormag gy\u00e1rt\u00e1sa<\/strong><\/li>\n<li data-start=\"5416\" data-end=\"5455\"><strong data-start=\"5416\" data-end=\"5453\">M\u00e1gneses anyagmin\u0151s\u00e9g-ellen\u0151rz\u00e9s<\/strong><\/li>\n<li data-start=\"5458\" data-end=\"5507\"><strong data-start=\"5458\" data-end=\"5505\">K+F laborat\u00f3riumok \u00faj \u00f6tv\u00f6zetek \u00e9s bevonatok \u00e9rt\u00e9kel\u00e9s\u00e9re<\/strong><\/li>\n<li data-start=\"5510\" data-end=\"5579\"><strong data-start=\"5510\" data-end=\"5579\">Megfelel\u0151s\u00e9g\u00e9rt\u00e9kel\u00e9s nemzetk\u00f6zi sz\u00e1ll\u00edt\u00e1shoz vagy tan\u00fas\u00edt\u00e1shoz<\/strong><\/li>\n<\/ul>\n<h3 data-start=\"5581\" data-end=\"5598\">Legfontosabb el\u0151ny\u00f6k:<\/h3>\n<ul>\n<li>\u00dcregek, \u00e9rdess\u00e9g \u00e9s bevonathat\u00e1sok \u00e9szlel\u00e9se<\/li>\n<li>Biztos\u00edtja az anyagmin\u0151s\u00e9get \u00e9s a konzisztenci\u00e1t<\/li>\n<li>Seg\u00edt a lamin\u00e1l\u00e1s tervez\u00e9s\u00e9nek \u00e9s a folyamat param\u00e9tereinek optimaliz\u00e1l\u00e1s\u00e1ban<\/li>\n<li>T\u00e1mogatja a k\u00f6vetkez\u0151knek val\u00f3 megfelel\u00e9st <strong data-start=\"5781\" data-end=\"5794\">ASTM A719<\/strong>, <strong data-start=\"5796\" data-end=\"5804\">A900<\/strong>, \u00e9s <strong data-start=\"5810\" data-end=\"5826\">IEC 60404-13<\/strong><\/li>\n<\/ul>\n<p data-start=\"5849\" data-end=\"6157\">A k\u00f6vetkez\u0151k meg\u00e9rt\u00e9se \u00e9s szab\u00e1lyoz\u00e1sa <strong data-start=\"5883\" data-end=\"5904\">lamin\u00e1l\u00e1si t\u00e9nyez\u0151<\/strong> a m\u00e1gneses anyagok vizsg\u00e1lata alapvet\u0151 fontoss\u00e1g\u00fa az energiahat\u00e9kony term\u00e9ktervez\u00e9s \u00e9s gy\u00e1rt\u00e1s szempontj\u00e1b\u00f3l. A pontos m\u00e9r\u00e9shez olyan prec\u00edzi\u00f3s berendez\u00e9sekre van sz\u00fcks\u00e9g, amelyek megfelelnek a nemzetk\u00f6zi szabv\u00e1nyoknak, mint pl. <strong data-start=\"6091\" data-end=\"6104\">ASTM A719<\/strong>, <strong data-start=\"6106\" data-end=\"6119\">ASTM A900<\/strong>, <strong data-start=\"6121\" data-end=\"6134\">ASTM A683<\/strong>, \u00e9s <strong data-start=\"6140\" data-end=\"6156\">IEC 60404-13<\/strong>.<\/p>\n<p data-start=\"6159\" data-end=\"6527\">A <strong data-start=\"6163\" data-end=\"6198\">FTT-02 Lamin\u00e1l\u00e1si t\u00e9nyez\u0151 tesztel\u0151<\/strong> a <strong data-start=\"6202\" data-end=\"6222\">Cell Instruments<\/strong> ipar\u00e1gvezet\u0151 pontoss\u00e1got, felhaszn\u00e1l\u00f3bar\u00e1t m\u0171k\u00f6d\u00e9st \u00e9s a glob\u00e1lis vizsg\u00e1lati protokolloknak val\u00f3 teljes megfelel\u00e9st k\u00edn\u00e1l. Ak\u00e1r anyagm\u00e9rn\u00f6k, min\u0151s\u00e9gbiztos\u00edt\u00e1si vezet\u0151 vagy m\u00e1gneses alkatr\u00e9szek gy\u00e1rt\u00f3ja, ez a m\u0171szer biztos\u00edtja, hogy a lamin\u00e1l\u00e1si t\u00e9nyez\u0151 eredm\u00e9nyei a k\u00f6vetkez\u0151k legyenek <strong data-start=\"6485\" data-end=\"6526\">megb\u00edzhat\u00f3, nyomon k\u00f6vethet\u0151 \u00e9s professzion\u00e1lis<\/strong>.<\/p>\n<hr data-start=\"6529\" data-end=\"6532\" \/>\n<h2 data-start=\"6534\" data-end=\"6542\">GYIK<\/h2>\n<p data-start=\"6544\" data-end=\"6758\"><strong data-start=\"6544\" data-end=\"6601\">1. Mi a c\u00e9lja a lamin\u00e1l\u00e1si t\u00e9nyez\u0151t vizsg\u00e1l\u00f3 k\u00e9sz\u00fcl\u00e9knek?<\/strong><br data-start=\"6601\" data-end=\"6604\" \/>A m\u00e1gnescs\u00edkok egym\u00e1sra helyez\u00e9s\u00e9nek hat\u00e9konys\u00e1g\u00e1t a szil\u00e1rd f\u00e9m t\u00e9rfogat\u00e1nak a teljes t\u00e9rfogathoz viszony\u00edtott ar\u00e1ny\u00e1nak kisz\u00e1m\u00edt\u00e1s\u00e1val hat\u00e1rozza meg, ami az anyagmin\u0151s\u00e9get jelzi.<\/p>\n<p data-start=\"6760\" data-end=\"6960\"><strong data-start=\"6760\" data-end=\"6832\">2. Milyen szabv\u00e1nyokat kell k\u00f6vetni a lamin\u00e1l\u00e1si t\u00e9nyez\u0151 vizsg\u00e1lat\u00e1n\u00e1l?<\/strong><br data-start=\"6832\" data-end=\"6835\" \/>A vonatkoz\u00f3 szabv\u00e1nyok a k\u00f6vetkez\u0151k <a href=\"https:\/\/www.astm.org\/a0719_a0719m-14r19.html\" target=\"_blank\" rel=\"noopener nofollow\"><strong data-start=\"6862\" data-end=\"6875\">ASTM A719<\/strong><\/a>, <a href=\"https:\/\/www.astm.org\/a0900_a0900m-01r18.html\" target=\"_blank\" rel=\"noopener nofollow\"><strong data-start=\"6877\" data-end=\"6890\">ASTM A900<\/strong><\/a>, <a href=\"https:\/\/www.astm.org\/a0683-16.html\" target=\"_blank\" rel=\"noopener nofollow\"><strong data-start=\"6892\" data-end=\"6905\">ASTM A683<\/strong><\/a>, \u00e9s <strong data-start=\"6911\" data-end=\"6927\">IEC 60404-13<\/strong>, az anyagt\u00edpust\u00f3l f\u00fcgg\u0151en.<\/p>\n<p data-start=\"6962\" data-end=\"7176\"><strong data-start=\"6962\" data-end=\"7018\">3. Haszn\u00e1lhat\u00f3-e az FTT-02 v\u00e9kony amorf szalagokhoz?<\/strong><br data-start=\"7018\" data-end=\"7021\" \/>Igen, az FTT-02 k\u00fcl\u00f6nb\u00f6z\u0151 anyagokat t\u00e1mogat, t\u00f6bbek k\u00f6z\u00f6tt a k\u00f6vetkez\u0151ket <strong data-start=\"7074\" data-end=\"7108\">v\u00e9kony amorf m\u00e1gneses cs\u00edkok<\/strong>, az \u00e1ll\u00edthat\u00f3 nyom\u00e1snak \u00e9s a nagy felbont\u00e1s\u00fa m\u00e9r\u00e9snek k\u00f6sz\u00f6nhet\u0151en.<\/p>\n<p data-start=\"7178\" data-end=\"7342\"><strong data-start=\"7178\" data-end=\"7227\">4. Milyen t\u00e9nyez\u0151k befoly\u00e1solj\u00e1k a lamin\u00e1l\u00e1si t\u00e9nyez\u0151t?<\/strong><br data-start=\"7227\" data-end=\"7230\" \/>A fel\u00fcleti bevonatok, az anyag \u00e9rdess\u00e9ge, az oxidr\u00e9tegek \u00e9s a szalagok k\u00f6z\u00f6tti l\u00e9gr\u00e9sek cs\u00f6kkenthetik a lamin\u00e1l\u00e1si t\u00e9nyez\u0151t.<\/p>\n<p data-start=\"7344\" data-end=\"7555\"><strong data-start=\"7344\" data-end=\"7408\">5. Hogyan befoly\u00e1solja a lamin\u00e1l\u00e1si t\u00e9nyez\u0151 az elektromos teljes\u00edtm\u00e9nyt?<\/strong><br data-start=\"7408\" data-end=\"7411\" \/>A magasabb r\u00e9tegt\u00e9nyez\u0151 jobb m\u00e1gneses csatol\u00e1st \u00e9s kisebb energiavesztes\u00e9get jelent, ami jav\u00edtja a motorok, transzform\u00e1torok \u00e9s induktorok hat\u00e9konys\u00e1g\u00e1t.<\/p>","protected":false},"excerpt":{"rendered":"<p>In the manufacturing of magnetic materials like electrical steel and amorphous strips, lamination factor plays a vital role in determining material quality. It affects the efficiency of motors, transformers, and other electromagnetic components. To assess this critical parameter, a lamination factor tester offers a precise, standardized method for measurement. What Is Lamination Factor and Why &hellip;<\/p>\n<p class=\"read-more\"> <a class=\"\" href=\"https:\/\/www.qualitester.com\/hu\/termek\/lamination-factor-tester\/\"> <span class=\"screen-reader-text\">FTT-02 Lamin\u00e1l\u00e1si t\u00e9nyez\u0151 tesztel\u0151<\/span> Olvass tov\u00e1bb \"<\/a><\/p>","protected":false},"featured_media":6912,"comment_status":"closed","ping_status":"closed","template":"","meta":{"site-sidebar-layout":"default","site-content-layout":"default","ast-global-header-display":"","ast-main-header-display":"","ast-hfb-above-header-display":"","ast-hfb-below-header-display":"","ast-hfb-mobile-header-display":"","site-post-title":"","ast-breadcrumbs-content":"","ast-featured-img":"","footer-sml-layout":"","theme-transparent-header-meta":"default","adv-header-id-meta":"","stick-header-meta":"","header-above-stick-meta":"","header-main-stick-meta":"","header-below-stick-meta":""},"product_cat":[845,1184,1182,1183,937,1185,962,674,672],"product_tag":[],"class_list":{"0":"post-6887","1":"product","2":"type-product","3":"status-publish","4":"has-post-thumbnail","6":"product_cat-customization","7":"product_cat-astm-a683","8":"product_cat-astm-a719","9":"product_cat-astm-a900","10":"product_cat-electronic-product-tester","11":"product_cat-iec-60404-13","12":"product_cat-thickness-gauges","13":"product_cat-test-items","14":"product_cat-applied-materials","15":"desktop-align-left","16":"tablet-align-left","17":"mobile-align-left","19":"first","20":"instock","21":"shipping-taxable","22":"product-type-simple"},"_links":{"self":[{"href":"https:\/\/www.qualitester.com\/hu\/wp-json\/wp\/v2\/product\/6887","targetHints":{"allow":["GET"]}}],"collection":[{"href":"https:\/\/www.qualitester.com\/hu\/wp-json\/wp\/v2\/product"}],"about":[{"href":"https:\/\/www.qualitester.com\/hu\/wp-json\/wp\/v2\/types\/product"}],"replies":[{"embeddable":true,"href":"https:\/\/www.qualitester.com\/hu\/wp-json\/wp\/v2\/comments?post=6887"}],"version-history":[{"count":0,"href":"https:\/\/www.qualitester.com\/hu\/wp-json\/wp\/v2\/product\/6887\/revisions"}],"wp:featuredmedia":[{"embeddable":true,"href":"https:\/\/www.qualitester.com\/hu\/wp-json\/wp\/v2\/media\/6912"}],"wp:attachment":[{"href":"https:\/\/www.qualitester.com\/hu\/wp-json\/wp\/v2\/media?parent=6887"}],"wp:term":[{"taxonomy":"product_cat","embeddable":true,"href":"https:\/\/www.qualitester.com\/hu\/wp-json\/wp\/v2\/product_cat?post=6887"},{"taxonomy":"product_tag","embeddable":true,"href":"https:\/\/www.qualitester.com\/hu\/wp-json\/wp\/v2\/product_tag?post=6887"}],"curies":[{"name":"wp","href":"https:\/\/api.w.org\/{rel}","templated":true}]}}