{"id":6683,"date":"2025-06-03T15:41:39","date_gmt":"2025-06-03T07:41:39","guid":{"rendered":"https:\/\/www.qualitester.com\/?post_type=product&#038;p=6683"},"modified":"2025-06-03T15:51:24","modified_gmt":"2025-06-03T07:51:24","slug":"box-compression-test-machine","status":"publish","type":"product","link":"https:\/\/www.qualitester.com\/hu\/termek\/box-compression-test-machine\/","title":{"rendered":"BCT-600 dobozos t\u00f6m\u00f6r\u00edt\u00e9si tesztg\u00e9p"},"content":{"rendered":"<article class=\"text-token-text-primary w-full\" dir=\"auto\" data-testid=\"conversation-turn-2\" data-scroll-anchor=\"true\">\n<div class=\"text-base my-auto mx-auto py-5 [--thread-content-margin:--spacing(4)] @[37rem]:[--thread-content-margin:--spacing(6)] @[72rem]:[--thread-content-margin:--spacing(16)] px-(--thread-content-margin)\">\n<div class=\"[--thread-content-max-width:32rem] @[34rem]:[--thread-content-max-width:40rem] @[64rem]:[--thread-content-max-width:48rem] mx-auto flex max-w-(--thread-content-max-width) flex-1 text-base gap-4 md:gap-5 lg:gap-6 group\/turn-messages focus-visible:outline-hidden\" tabindex=\"-1\">\n<div class=\"group\/conversation-turn relative flex w-full min-w-0 flex-col agent-turn\">\n<div class=\"relative flex-col gap-1 md:gap-3\">\n<div class=\"flex max-w-full flex-col grow\">\n<div class=\"min-h-8 text-message relative flex w-full flex-col items-end gap-2 text-start break-words whitespace-normal [.text-message+&amp;]:mt-5\" dir=\"auto\" data-message-author-role=\"assistant\" data-message-id=\"08f376dd-ec5f-4b94-bf17-6fe7cdf85fc2\" data-message-model-slug=\"gpt-4o\">\n<div class=\"flex w-full flex-col gap-1 empty:hidden first:pt-[3px]\">\n<div class=\"markdown prose dark:prose-invert w-full break-words light\">\n<h2 data-start=\"430\" data-end=\"957\">A dobozos t\u00f6m\u00f6r\u00edt\u00e9si tesztg\u00e9p szerep\u00e9nek meg\u00e9rt\u00e9se<\/h2>\n<p data-start=\"430\" data-end=\"957\">A <a href=\"https:\/\/www.qualitester.com\/hu\/termek\/box-compression-test-machine\/\"><strong data-start=\"497\" data-end=\"529\">dobozos t\u00f6m\u00f6r\u00edt\u00e9si tesztg\u00e9p<\/strong><\/a> l\u00e9tfontoss\u00e1g\u00fa szerepet j\u00e1tszik a csomagol\u00f3anyagok szil\u00e1rds\u00e1g\u00e1nak \u00e9s megb\u00edzhat\u00f3s\u00e1g\u00e1nak biztos\u00edt\u00e1s\u00e1ban a k\u00fcl\u00f6nb\u00f6z\u0151 ipar\u00e1gakban. A logisztikai, rakt\u00e1roz\u00e1si \u00e9s e-kereskedelmi \u00e1gazatokban a csomagol\u00e1s rugalmass\u00e1ga k\u00f6zvetlen\u00fcl befoly\u00e1solja a term\u00e9kbiztons\u00e1got \u00e9s a m\u0171k\u00f6d\u00e9si hat\u00e9konys\u00e1got. A <strong data-start=\"784\" data-end=\"816\">dobozos t\u00f6m\u00f6r\u00edt\u00e9si tesztg\u00e9p<\/strong> lehet\u0151v\u00e9 teszi a gy\u00e1rt\u00f3k sz\u00e1m\u00e1ra a csomagol\u00e1s nyom\u00f3szil\u00e1rds\u00e1g\u00e1nak \u00e9rt\u00e9kel\u00e9s\u00e9t, seg\u00edtve ezzel a s\u00e9r\u00fcl\u00e9s kock\u00e1zat\u00e1nak cs\u00f6kkent\u00e9s\u00e9t \u00e9s a nemzetk\u00f6zi szabv\u00e1nyoknak val\u00f3 megfelel\u00e9st.<\/p>\n<h2 data-start=\"959\" data-end=\"1228\">A dobozos t\u00f6m\u00f6r\u00edt\u00e9si tesztg\u00e9p alkalmaz\u00e1sai<\/h2>\n<p data-start=\"959\" data-end=\"1228\">A <strong data-start=\"1016\" data-end=\"1048\">dobozos t\u00f6m\u00f6r\u00edt\u00e9si tesztg\u00e9p<\/strong> \u00e9rt\u00e9keli, hogy a csomagol\u00f3anyagok, p\u00e9ld\u00e1ul a hull\u00e1mkartonok, m\u0171anyag tart\u00e1lyok \u00e9s fal\u00e1d\u00e1k hogyan viselkednek nyom\u00f3terhel\u00e9s vagy rakod\u00e1si nyom\u00e1s alatt. A legfontosabb alkalmaz\u00e1sok k\u00f6z\u00e9 tartoznak:<\/p>\n<ul data-start=\"1230\" data-end=\"1646\">\n<li data-start=\"1230\" data-end=\"1323\">\n<p data-start=\"1232\" data-end=\"1323\"><strong data-start=\"1232\" data-end=\"1267\">Hull\u00e1mkarton \u00e9s farostlemez<\/strong> - Gyakori az e-kereskedelemben, az \u00e9lelmiszer- \u00e9s italcsomagol\u00e1sban.<\/p>\n<\/li>\n<li data-start=\"1324\" data-end=\"1432\">\n<p data-start=\"1326\" data-end=\"1432\"><strong data-start=\"1326\" data-end=\"1358\">M\u0171anyag tart\u00e1lyok \u00e9s hord\u00f3k<\/strong> - L\u00e9nyeges a gy\u00f3gyszeriparban, a vegyiparban \u00e9s a napi vegyiparban.<\/p>\n<\/li>\n<li data-start=\"1433\" data-end=\"1537\">\n<p data-start=\"1435\" data-end=\"1537\"><strong data-start=\"1435\" data-end=\"1476\">F\u00e1b\u00f3l k\u00e9sz\u00fclt l\u00e1d\u00e1k \u00e9s kompozit anyagok<\/strong> - Sz\u00e9les k\u00f6rben haszn\u00e1lj\u00e1k a neh\u00e9zg\u00e9pek \u00e9s az aut\u00f3ipari csomagol\u00e1sban.<\/p>\n<\/li>\n<li data-start=\"1538\" data-end=\"1646\">\n<p data-start=\"1540\" data-end=\"1646\"><strong data-start=\"1540\" data-end=\"1567\">K+F \u00e9s min\u0151s\u00e9gellen\u0151rz\u00e9s<\/strong> - Az anyagvastags\u00e1g optimaliz\u00e1l\u00e1sa, a tervek valid\u00e1l\u00e1sa \u00e9s a teljes\u00edtm\u00e9ny meger\u0151s\u00edt\u00e9se.<\/p>\n<\/li>\n<\/ul>\n<p data-start=\"1648\" data-end=\"1814\">Ezek a g\u00e9pek a k\u00f6vetkez\u0151ket szolg\u00e1lj\u00e1k <strong data-start=\"1669\" data-end=\"1696\">csomagol\u00f3anyag-gy\u00e1rt\u00f3k<\/strong>, <strong data-start=\"1698\" data-end=\"1729\">min\u0151s\u00e9gellen\u0151rz\u0151 \u00fcgyn\u00f6ks\u00e9gek<\/strong>, \u00e9s <strong data-start=\"1735\" data-end=\"1771\">harmadik f\u00e9lt\u0151l sz\u00e1rmaz\u00f3 vizsg\u00e1lati laborat\u00f3riumok<\/strong>, biztos\u00edtva a megb\u00edzhat\u00f3 \u00e9s konzisztens eredm\u00e9nyeket.<\/p>\n<h2 data-start=\"1816\" data-end=\"1978\">A dobozos t\u00f6m\u00f6r\u00edt\u00e9si vizsg\u00e1lati m\u00f3dszerek \u00e9s jelent\u0151s\u00e9g\u00fck<\/h2>\n<p data-start=\"1816\" data-end=\"1978\">A <strong data-start=\"1876\" data-end=\"1908\">dobozos t\u00f6m\u00f6r\u00edt\u00e9si tesztg\u00e9p<\/strong> sz\u00e1mos kritikus vizsg\u00e1lati m\u00f3dot v\u00e9gez a csomagol\u00e1s integrit\u00e1s\u00e1nak \u00e9rt\u00e9kel\u00e9s\u00e9re:<\/p>\n<ul>\n<li data-start=\"1982\" data-end=\"2262\"><strong data-start=\"1982\" data-end=\"2033\">Crush Tes<\/strong>t (fels\u0151 terhel\u00e9s\/nyom\u00f3szil\u00e1rds\u00e1gi vizsg\u00e1lat)<br data-start=\"2033\" data-end=\"2036\" \/>A nyom\u00f3vizsg\u00e1lat sor\u00e1n folyamatosan n\u00f6vekv\u0151 er\u0151t alkalmaznak, am\u00edg a doboz meg nem hib\u00e1sodik vagy jelent\u0151sen el nem deform\u00e1l\u00f3dik. A vizsg\u00e1lat a cs\u00facsterhel\u00e9st \u00e9s a deform\u00e1ci\u00f3t m\u00e9ri, biztos\u00edtva, hogy a dobozok ellen\u00e1lljanak a sz\u00e1ll\u00edt\u00e1s sor\u00e1n fell\u00e9p\u0151 kezel\u00e9si \u00e9s emel\u00e9si ig\u00e9nybev\u00e9teleknek.<\/li>\n<li data-start=\"2266\" data-end=\"2535\">Halmoz\u00f3d\u00e1si teszt (\u00e1lland\u00f3 terhel\u00e9s id\u0151vel)<br data-start=\"2309\" data-end=\"2312\" \/>Ez a vizsg\u00e1lat meghat\u00e1rozott ideig fenntartja a meghat\u00e1rozott nyom\u00f3terhel\u00e9st, hogy szimul\u00e1lja a val\u00f3s rakt\u00e1ri rakod\u00e1si k\u00f6r\u00fclm\u00e9nyeket. A hossz\u00fa t\u00e1v\u00fa teljes\u00edtm\u00e9nyt m\u00e9ri, kiemelve az anyag k\u00fasz\u00e1s\u00e1nak \u00e9s a fokozatos deform\u00e1ci\u00f3nak a hat\u00e1sait.<\/li>\n<li data-start=\"2539\" data-end=\"2833\">R\u00f6gz\u00edtett alakv\u00e1ltoz\u00e1si teszt<br data-start=\"2565\" data-end=\"2568\" \/>A dobozt egy el\u0151re meghat\u00e1rozott deform\u00e1ci\u00f3s pontig \u00f6sszenyomjuk, \u00e9s r\u00f6gz\u00edtj\u00fck a deform\u00e1ci\u00f3 el\u00e9r\u00e9s\u00e9hez vagy fenntart\u00e1s\u00e1hoz sz\u00fcks\u00e9ges er\u0151t. Ez a vizsg\u00e1lat meghat\u00e1rozza, hogy a csomagol\u00f3anyagok hogyan viselkednek bizonyos fesz\u00fclts\u00e9gszintek mellett, \u00e9s betekint\u00e9st ny\u00fajt a merevs\u00e9gbe \u00e9s a teherb\u00edr\u00f3 k\u00e9pess\u00e9gbe.<\/li>\n<li data-start=\"2837\" data-end=\"3086\">Fix terhel\u00e9s (k\u00fasz\u00e1s)<strong data-start=\"2837\" data-end=\"2864\"> Teszt<\/strong><br data-start=\"2864\" data-end=\"2867\" \/>Ez a vizsg\u00e1lat \u00e1lland\u00f3 terhel\u00e9st alkalmaz, \u00e9s azt m\u00e9ri, hogyan deform\u00e1l\u00f3dik a doboz a folyamatos s\u00faly alatt. \u00c9rt\u00e9keli a hossz\u00fa t\u00e1v\u00fa tart\u00f3ss\u00e1got, \u00e9s seg\u00edt biztos\u00edtani, hogy a csomagol\u00e1s hosszabb t\u00e1rol\u00e1s sor\u00e1n is meg\u0151rizze m\u00e9reteit.<\/li>\n<\/ul>\n<p data-start=\"3088\" data-end=\"3277\">Ezek a tesztek egy\u00fcttesen \u00e1tfog\u00f3 k\u00e9pet ny\u00fajtanak a csomagol\u00e1s teljes\u00edtm\u00e9ny\u00e9r\u0151l k\u00fcl\u00f6nb\u00f6z\u0151 stresszforgat\u00f3k\u00f6nyvek mellett, ami elengedhetetlen a k\u00f6vetkez\u0151k fenntart\u00e1s\u00e1hoz <strong data-start=\"3227\" data-end=\"3246\">term\u00e9kmin\u0151s\u00e9g<\/strong> \u00e9s <strong data-start=\"3251\" data-end=\"3276\">logisztikai megb\u00edzhat\u00f3s\u00e1g<\/strong>.<\/p>\n<h2 data-start=\"3279\" data-end=\"3502\">A dobozos t\u00f6m\u00f6r\u00edt\u00e9si tesztg\u00e9p jellemz\u0151i \u00e9s el\u0151nyei<\/h2>\n<p data-start=\"3279\" data-end=\"3502\">Modern <strong data-start=\"3350\" data-end=\"3383\">dobozos t\u00f6m\u00f6r\u00edt\u00e9si tesztg\u00e9pek<\/strong> mint a BCT-600, fejlett funkci\u00f3kkal vannak felszerelve, hogy pontos \u00e9s konzisztens eredm\u00e9nyeket biztos\u00edtsanak. A legfontosabb jellemz\u0151k a k\u00f6vetkez\u0151k:<\/p>\n<ul data-start=\"3504\" data-end=\"4190\">\n<li data-start=\"3504\" data-end=\"3580\">\n<p data-start=\"3506\" data-end=\"3580\"><strong data-start=\"3506\" data-end=\"3532\">7 h\u00fcvelykes \u00e9rint\u0151k\u00e9perny\u0151s HMI<\/strong> ir\u00e1ny\u00edtott munkafolyamatokkal \u00e9s \u00e9l\u0151 g\u00f6rb\u00e9k megjelen\u00edt\u00e9s\u00e9vel.<\/p>\n<\/li>\n<li data-start=\"3581\" data-end=\"3654\">\n<p data-start=\"3583\" data-end=\"3654\"><strong data-start=\"3583\" data-end=\"3615\">H\u00e1rom f\u00fcggetlen vizsg\u00e1lati m\u00f3d<\/strong>-er\u0151ss\u00e9g, fix \u00e9rt\u00e9k \u00e9s egym\u00e1sra helyez\u00e9s.<\/p>\n<\/li>\n<li data-start=\"3655\" data-end=\"3740\">\n<p data-start=\"3657\" data-end=\"3740\"><strong data-start=\"3657\" data-end=\"3689\">Szervohengeres mozg\u00e1s<\/strong> a lemez pontos mozgat\u00e1s\u00e1hoz v\u00e1ltoz\u00f3 sebess\u00e9ggel.<\/p>\n<\/li>\n<li data-start=\"3741\" data-end=\"3802\">\n<p data-start=\"3743\" data-end=\"3802\"><strong data-start=\"3743\" data-end=\"3769\">Be\u00e1gyazott mikronyomtat\u00f3<\/strong> az azonnali nyomtatott eredm\u00e9nyek\u00e9rt.<\/p>\n<\/li>\n<li data-start=\"3803\" data-end=\"3877\">\n<p data-start=\"3805\" data-end=\"3877\"><strong data-start=\"3805\" data-end=\"3826\">Automatikus adatr\u00f6gz\u00edt\u00e9s<\/strong> az er\u0151 \u00e9s a deform\u00e1ci\u00f3 val\u00f3s idej\u0171 megjelen\u00edt\u00e9s\u00e9vel.<\/p>\n<\/li>\n<li data-start=\"3878\" data-end=\"3962\">\n<p data-start=\"3880\" data-end=\"3962\"><strong data-start=\"3880\" data-end=\"3901\">Biztons\u00e1gi reteszek<\/strong> \u00e9s mechanikus v\u00e9g\u00e1ll\u00e1sok a kezel\u0151k \u00e9s az \u00e9rz\u00e9kel\u0151k v\u00e9delm\u00e9re.<\/p>\n<\/li>\n<li data-start=\"3963\" data-end=\"4049\">\n<p data-start=\"3965\" data-end=\"4049\"><strong data-start=\"3965\" data-end=\"3988\">Nagy merevs\u00e9g\u0171 keret<\/strong> n\u00e9gyoszlopos vezet\u00e9ssel a lemez k\u00f6vetkezetes be\u00e1ll\u00edt\u00e1sa \u00e9rdek\u00e9ben.<\/p>\n<\/li>\n<li data-start=\"4050\" data-end=\"4118\">\n<p data-start=\"4052\" data-end=\"4118\"><strong data-start=\"4052\" data-end=\"4082\">Prec\u00edzi\u00f3s terhel\u00e9sm\u00e9r\u00e9s<\/strong> fejlett terhel\u00e9scell\u00e1s \u00e9rz\u00e9kel\u0151kkel.<\/p>\n<\/li>\n<li data-start=\"4119\" data-end=\"4190\">\n<p data-start=\"4121\" data-end=\"4190\"><strong data-start=\"4121\" data-end=\"4145\">Opcion\u00e1lis PC szoftver<\/strong> az adatexporthoz \u00e9s az \u00e1tfog\u00f3 jelent\u00e9sk\u00e9sz\u00edt\u00e9shez.<\/p>\n<\/li>\n<\/ul>\n<p data-start=\"4192\" data-end=\"4298\">Ezek a jellemz\u0151k biztos\u00edtj\u00e1k <strong data-start=\"4214\" data-end=\"4231\">megb\u00edzhat\u00f3 adatok<\/strong>, <strong data-start=\"4233\" data-end=\"4255\">megism\u00e9telhet\u0151 eredm\u00e9nyek<\/strong>, \u00e9s <strong data-start=\"4261\" data-end=\"4275\">megfelel\u00e9s<\/strong> a glob\u00e1lis szabv\u00e1nyokkal.<\/p>\n<h2 data-start=\"4300\" data-end=\"4712\">Megfelel\u00e9s a glob\u00e1lis szabv\u00e1nyoknak<\/h2>\n<p data-start=\"4300\" data-end=\"4712\">A <strong data-start=\"4341\" data-end=\"4373\">dobozos t\u00f6m\u00f6r\u00edt\u00e9si tesztg\u00e9p<\/strong> \u00fagy tervezt\u00e9k, hogy megfeleljen sz\u00e1mos <strong data-start=\"4405\" data-end=\"4440\">nemzetk\u00f6zi vizsg\u00e1lati szabv\u00e1nyok<\/strong>t\u00f6bbek k\u00f6z\u00f6tt:<br data-start=\"4452\" data-end=\"4455\" \/><a href=\"https:\/\/www.iso.org\/standard\/32410.html\" target=\"_blank\" rel=\"noopener nofollow\">ISO 2234<\/a>ISO 12048, ISO 2874, ISO 2872, ASTM D642, ASTM D4169, TAPPI T804, JIS Z0212, GB\/T 4857.3, GB\/T 4857.4 \u00e9s QB\/T 1047.<br data-start=\"4582\" data-end=\"4585\" \/>Ez biztos\u00edtja, hogy a tesztel\u00e9si folyamatok \u00f6sszhangban legyenek a <strong data-start=\"4641\" data-end=\"4671\">a legmagasabb min\u0151s\u00e9gi referencia\u00e9rt\u00e9kek<\/strong>, lehet\u0151v\u00e9 t\u00e9ve a glob\u00e1lis piaci versenyk\u00e9pess\u00e9get.<\/p>\n<h2 style=\"text-align: center;\" data-start=\"4714\" data-end=\"5431\">A megfelel\u0151 dobozos t\u00f6m\u00f6r\u00edt\u00e9si tesztg\u00e9p kiv\u00e1laszt\u00e1sa<\/h2>\n<p style=\"text-align: center;\" data-start=\"4714\" data-end=\"5431\">A biztons\u00e1gos \u00e9s v\u00e9dett csomagol\u00e1sra t\u00e1maszkod\u00f3 ipar\u00e1gak sz\u00e1m\u00e1ra a <strong data-start=\"4839\" data-end=\"4871\">dobozos t\u00f6m\u00f6r\u00edt\u00e9si tesztg\u00e9p<\/strong> n\u00e9lk\u00fcl\u00f6zhetetlen eszk\u00f6z. Nem csak a <strong data-start=\"4924\" data-end=\"4948\">nyom\u00f3szil\u00e1rds\u00e1g<\/strong> a csomagol\u00f3anyagokr\u00f3l, hanem kritikus betekint\u00e9st ny\u00fajt azok egym\u00e1sra rak\u00e1s \u00e9s hossz\u00fa t\u00e1v\u00fa t\u00e1rol\u00e1s alatti viselked\u00e9s\u00e9be is.<br data-start=\"5065\" data-end=\"5068\" \/>A  c\u00edmen. <strong data-start=\"5071\" data-end=\"5101\">Cell Instruments Co., Ltd.<\/strong>, szakosodtunk a gy\u00e1rt\u00e1s <strong data-start=\"5134\" data-end=\"5184\">nagy teljes\u00edtm\u00e9ny\u0171 dobozos t\u00f6m\u00f6r\u00edt\u00e9si vizsg\u00e1l\u00f3g\u00e9pek<\/strong> az \u00d6n egyedi tesztel\u00e9si ig\u00e9nyeihez igaz\u00edtva. Fejlett automatiz\u00e1l\u00e1ssal \u00e9s robusztus kialak\u00edt\u00e1ssal m\u0171szereink pontos \u00e9s hat\u00e9kony csomagol\u00e1si valid\u00e1ci\u00f3t biztos\u00edtanak a k\u00f6vetkez\u0151 ipar\u00e1gak sz\u00e1m\u00e1ra <strong data-start=\"5363\" data-end=\"5385\">\u00e9telek \u00e9s italok<\/strong> a  c\u00edmre. <strong data-start=\"5389\" data-end=\"5408\">gy\u00f3gyszerek<\/strong> \u00e9s <strong data-start=\"5413\" data-end=\"5428\">elektronika<\/strong>.<\/p>\n<p style=\"text-align: center;\" data-start=\"5433\" data-end=\"5591\" data-is-last-node=\"\" data-is-only-node=\"\"><strong data-start=\"5433\" data-end=\"5591\" data-is-last-node=\"\">Fedezze fel, hogy a dobozok \u00f6sszenyom\u00f3d\u00e1s\u00e1t vizsg\u00e1l\u00f3 g\u00e9peink hogyan emelhetik az \u00d6n csomagol\u00e1si szabv\u00e1nyait, \u00e9s hogyan v\u00e9dhetik meg term\u00e9keit a k\u00e1rosod\u00e1st\u00f3l. L\u00e9pjen kapcsolatba vel\u00fcnk m\u00e9g ma, hogy t\u00f6bbet tudjon meg.<\/strong><\/p>\n<\/div>\n<\/div>\n<\/div>\n<\/div>\n<\/div>\n<\/div>\n<\/div>\n<\/div>\n<\/article>","protected":false},"excerpt":{"rendered":"<p>Understanding the Role of a Box Compression Test Machine The box compression test machine plays a vital role in ensuring the strength and reliability of packaging materials across various industries. In the logistics, warehousing, and e-commerce sectors, packaging resilience directly impacts product safety and operational efficiency. Using a box compression test machine allows manufacturers to &hellip;<\/p>\n<p class=\"read-more\"> <a class=\"\" href=\"https:\/\/www.qualitester.com\/hu\/termek\/box-compression-test-machine\/\"> <span class=\"screen-reader-text\">BCT-600 dobozos t\u00f6m\u00f6r\u00edt\u00e9si tesztg\u00e9p<\/span> Olvass tov\u00e1bb \"<\/a><\/p>","protected":false},"featured_media":6686,"comment_status":"closed","ping_status":"closed","template":"","meta":{"site-sidebar-layout":"default","site-content-layout":"default","ast-global-header-display":"","ast-main-header-display":"","ast-hfb-above-header-display":"","ast-hfb-below-header-display":"","ast-hfb-mobile-header-display":"","site-post-title":"","ast-breadcrumbs-content":"","ast-featured-img":"","footer-sml-layout":"","theme-transparent-header-meta":"default","adv-header-id-meta":"","stick-header-meta":"","header-above-stick-meta":"","header-main-stick-meta":"","header-below-stick-meta":""},"product_cat":[845,964,17,44],"product_tag":[],"class_list":{"0":"post-6683","1":"product","2":"type-product","3":"status-publish","4":"has-post-thumbnail","6":"product_cat-customization","7":"product_cat-box-compression-tester","8":"product_cat-package-container-testers","9":"product_cat-paper-and-board-testers","10":"desktop-align-left","11":"tablet-align-left","12":"mobile-align-left","14":"first","15":"instock","16":"shipping-taxable","17":"product-type-simple"},"_links":{"self":[{"href":"https:\/\/www.qualitester.com\/hu\/wp-json\/wp\/v2\/product\/6683","targetHints":{"allow":["GET"]}}],"collection":[{"href":"https:\/\/www.qualitester.com\/hu\/wp-json\/wp\/v2\/product"}],"about":[{"href":"https:\/\/www.qualitester.com\/hu\/wp-json\/wp\/v2\/types\/product"}],"replies":[{"embeddable":true,"href":"https:\/\/www.qualitester.com\/hu\/wp-json\/wp\/v2\/comments?post=6683"}],"version-history":[{"count":0,"href":"https:\/\/www.qualitester.com\/hu\/wp-json\/wp\/v2\/product\/6683\/revisions"}],"wp:featuredmedia":[{"embeddable":true,"href":"https:\/\/www.qualitester.com\/hu\/wp-json\/wp\/v2\/media\/6686"}],"wp:attachment":[{"href":"https:\/\/www.qualitester.com\/hu\/wp-json\/wp\/v2\/media?parent=6683"}],"wp:term":[{"taxonomy":"product_cat","embeddable":true,"href":"https:\/\/www.qualitester.com\/hu\/wp-json\/wp\/v2\/product_cat?post=6683"},{"taxonomy":"product_tag","embeddable":true,"href":"https:\/\/www.qualitester.com\/hu\/wp-json\/wp\/v2\/product_tag?post=6683"}],"curies":[{"name":"wp","href":"https:\/\/api.w.org\/{rel}","templated":true}]}}