{"id":6632,"date":"2025-04-27T15:48:37","date_gmt":"2025-04-27T07:48:37","guid":{"rendered":"https:\/\/www.qualitester.com\/?post_type=product&#038;p=6632"},"modified":"2025-04-27T15:49:57","modified_gmt":"2025-04-27T07:49:57","slug":"syringe-liquid-leakage-tester","status":"publish","type":"product","link":"https:\/\/www.qualitester.com\/hu\/termek\/syringe-liquid-leakage-tester\/","title":{"rendered":"SPPT-01 fecskend\u0151 folyad\u00e9ksziv\u00e1rg\u00e1s-vizsg\u00e1l\u00f3"},"content":{"rendered":"<p class=\"\" data-start=\"314\" data-end=\"826\">A fecskend\u0151 folyad\u00e9ksziv\u00e1rg\u00e1s-vizsg\u00e1l\u00f3k alapvet\u0151 eszk\u00f6z\u00f6k az orvosi alkalmaz\u00e1sokban haszn\u00e1lt fecskend\u0151k biztons\u00e1g\u00e1nak \u00e9s megb\u00edzhat\u00f3s\u00e1g\u00e1nak biztos\u00edt\u00e1s\u00e1ban. Ezek a m\u0171szerek seg\u00edtenek a gy\u00e1rt\u00f3knak a nyom\u00e1s alatt l\u00e9v\u0151 fecskend\u0151k sziv\u00e1rg\u00e1s\u00e1nak kimutat\u00e1s\u00e1ban, biztos\u00edtva, hogy a fecskend\u0151k megfeleljenek a szigor\u00fa funkcionalit\u00e1si \u00e9s biztons\u00e1gi el\u0151\u00edr\u00e1soknak, k\u00fcl\u00f6n\u00f6sen az eg\u00e9szs\u00e9g\u00fcgyi \u00e9s gy\u00f3gyszeriparban.<\/p>\n<h3 class=\"\" data-start=\"4972\" data-end=\"5027\"><strong data-start=\"4976\" data-end=\"5027\">Cell Instruments fecskend\u0151 sziv\u00e1rg\u00e1svizsg\u00e1lati megold\u00e1sa<\/strong><\/h3>\n<p class=\"\" data-start=\"5029\" data-end=\"5331\">A  c\u00edmen. <strong data-start=\"5032\" data-end=\"5052\">Cell Instruments<\/strong>, k\u00edn\u00e1ljuk a <strong data-start=\"5067\" data-end=\"5121\">SPPT-01 fecskend\u0151 folyad\u00e9ksziv\u00e1rg\u00e1s-vizsg\u00e1l\u00f3<\/strong>, egy kifinomult megold\u00e1s, amelyet arra terveztek, hogy a gy\u00e1rt\u00f3k prec\u00edzen \u00e9s hat\u00e9konyan v\u00e9gezhess\u00e9k el a fecskend\u0151k folyad\u00e9ksziv\u00e1rg\u00e1si tesztjeit. Ez a tesztel\u0151 megfelel a<a href=\"https:\/\/www.qualitester.com\/hu\/termekkategoria-2\/iso\/iso-7886-1\/\"> ISO 7886-1<\/a> \u00e9s olyan fejlett funkci\u00f3kkal van felszerelve, mint:<\/p>\n<ul data-start=\"5333\" data-end=\"5767\">\n<li class=\"\" data-start=\"5333\" data-end=\"5435\">\n<p class=\"\" data-start=\"5335\" data-end=\"5435\"><strong data-start=\"5335\" data-end=\"5375\">PLC vez\u00e9rl\u00e9s \u00e9s 7 colos HMI \u00e9rint\u0151k\u00e9perny\u0151<\/strong>: K\u00f6nny\u0171 kezelhet\u0151s\u00e9g \u00e9s a vizsg\u00e1lati folyamat pontos ellen\u0151rz\u00e9se.<\/p>\n<\/li>\n<li class=\"\" data-start=\"5436\" data-end=\"5517\">\n<p class=\"\" data-start=\"5438\" data-end=\"5517\"><strong data-start=\"5438\" data-end=\"5463\">\u00c1ll\u00edthat\u00f3 vizsg\u00e1lati sebess\u00e9g<\/strong>: Rugalmass\u00e1got biztos\u00edt a k\u00fcl\u00f6nb\u00f6z\u0151 fecskend\u0151t\u00edpusok tesztel\u00e9s\u00e9ben.<\/p>\n<\/li>\n<li class=\"\" data-start=\"5518\" data-end=\"5640\">\n<p class=\"\" data-start=\"5520\" data-end=\"5640\"><strong data-start=\"5520\" data-end=\"5537\">Nagy pontoss\u00e1g<\/strong>: 200N-ig terjed\u0151 terhel\u00e9sm\u00e9r\u0151 cell\u00e1val \u00e9s 0,01 mm-es pontoss\u00e1ggal a tesztel\u0151nk rendk\u00edv\u00fcl megb\u00edzhat\u00f3 eredm\u00e9nyeket biztos\u00edt.<\/p>\n<\/li>\n<li class=\"\" data-start=\"5641\" data-end=\"5767\">\n<p class=\"\" data-start=\"5643\" data-end=\"5767\"><strong data-start=\"5643\" data-end=\"5664\">T\u00f6bb l\u00e1mpatest<\/strong>: Alkalmas k\u00fcl\u00f6nb\u00f6z\u0151 m\u00e9ret\u0171 \u00e9s t\u00edpus\u00fa fecskend\u0151kh\u00f6z, \u00edgy sokoldal\u00faan alkalmazhat\u00f3 a k\u00fcl\u00f6nb\u00f6z\u0151 vizsg\u00e1lati k\u00f6vetelm\u00e9nyekhez.<\/p>\n<\/li>\n<\/ul>\n<p class=\"\" data-start=\"5769\" data-end=\"5933\">Az\u00e1ltal, hogy <strong data-start=\"5778\" data-end=\"5830\">Cell Instruments fecskend\u0151 sziv\u00e1rg\u00e1svizsg\u00e1l\u00f3 berendez\u00e9s<\/strong>, biztos\u00edthatja, hogy fecskend\u0151i megfelelnek a legmagasabb min\u0151s\u00e9gi el\u0151\u00edr\u00e1soknak, \u00e9s \u00e1tmennek a kritikus sziv\u00e1rg\u00e1svizsg\u00e1latokon.<\/p>\n<h3 class=\"\" data-start=\"828\" data-end=\"880\"><strong data-start=\"832\" data-end=\"880\">A fecskend\u0151 folyad\u00e9ksziv\u00e1rg\u00e1s vizsg\u00e1lat\u00e1nak meg\u00e9rt\u00e9se<\/strong><\/h3>\n<p class=\"\" data-start=\"882\" data-end=\"1282\">A fecskend\u0151 folyad\u00e9ksziv\u00e1rg\u00e1s-vizsg\u00e1l\u00f3t a fecskend\u0151k integrit\u00e1s\u00e1nak ellen\u0151rz\u00e9s\u00e9re tervezt\u00e9k, szimul\u00e1lva a haszn\u00e1lat sor\u00e1n fell\u00e9p\u0151 k\u00f6r\u00fclm\u00e9nyeket. E tesztek els\u0151dleges c\u00e9lja annak biztos\u00edt\u00e1sa, hogy a fecskend\u0151k ne sziv\u00e1rogjanak nyom\u00e1s alatt, ami vesz\u00e9lyeztetn\u00e9 a teljes\u00edtm\u00e9ny\u00fcket \u00e9s a betegbiztons\u00e1got. A sziv\u00e1rg\u00e1svizsg\u00e1lat sor\u00e1n a fecskend\u0151re nyom\u00e1st gyakorolnak, \u00e9s ellen\u0151rzik, hogy a dugatty\u00fa dug\u00f3j\u00e1nak t\u00f6m\u00edt\u00e9s\u00e9n t\u00fal nem sziv\u00e1rog-e sziv\u00e1rg\u00e1s.<\/p>\n<p class=\"\" data-start=\"1284\" data-end=\"1701\">A <strong data-start=\"1288\" data-end=\"1310\">ISO 7886-1 vizsg\u00e1lat<\/strong> szabv\u00e1ny kulcsfontoss\u00e1g\u00fa a gy\u00e1rt\u00f3k sz\u00e1m\u00e1ra, amikor a fecskend\u0151k sziv\u00e1rg\u00e1s\u00e1nak \u00e9rt\u00e9kel\u00e9s\u00e9r\u0151l van sz\u00f3. A szabv\u00e1ny meghat\u00e1rozza a fecskend\u0151k vizsg\u00e1lat\u00e1nak megfelel\u0151 elj\u00e1r\u00e1sait a gy\u00e1rt\u00e1si hib\u00e1k, s\u00e9r\u00fcl\u00e9sek vagy nem megfelel\u0151 t\u00f6m\u00edt\u00e9s miatt esetlegesen fell\u00e9p\u0151 sziv\u00e1rg\u00e1s kimutat\u00e1s\u00e1ra. A <strong data-start=\"1559\" data-end=\"1573\">ISO 7886-1<\/strong> A szabv\u00e1ny meghat\u00e1rozza a fecskend\u0151 nyom\u00e1sfenntart\u00f3 k\u00e9pess\u00e9g\u00e9nek vizsg\u00e1lat\u00e1ra szolg\u00e1l\u00f3 m\u00f3dszereket, valamint annak biztos\u00edt\u00e1s\u00e1ra, hogy haszn\u00e1lat k\u00f6zben ne sziv\u00e1rogjon ki folyad\u00e9k.<\/p>\n<h3 class=\"\" data-start=\"1703\" data-end=\"1767\"><strong data-start=\"1707\" data-end=\"1767\">Fecskend\u0151 sziv\u00e1rg\u00e1svizsg\u00e1lati m\u00f3dszertan: L\u00e9p\u00e9sr\u0151l l\u00e9p\u00e9sre<\/strong><\/h3>\n<p class=\"\" data-start=\"1769\" data-end=\"1947\">A folyamat a <strong data-start=\"1785\" data-end=\"1809\">fecskend\u0151 sziv\u00e1rg\u00e1svizsg\u00e1lat<\/strong> viszonylag egyszer\u0171, de a pontos eredm\u00e9nyek garant\u00e1l\u00e1s\u00e1hoz pontos felszerel\u00e9sre van sz\u00fcks\u00e9g. Az al\u00e1bbiakban \u00e1ttekintj\u00fck a legfontosabb l\u00e9p\u00e9seket:<\/p>\n<ol data-start=\"1949\" data-end=\"3006\">\n<li class=\"\" data-start=\"1949\" data-end=\"2136\">\n<p class=\"\" data-start=\"1952\" data-end=\"2136\"><strong data-start=\"1952\" data-end=\"1975\">A fecskend\u0151 felt\u00f6lt\u00e9se<\/strong>: A fecskend\u0151t desztill\u00e1lt v\u00edzzel t\u00f6ltj\u00fck fel a n\u00e9vleges kapacit\u00e1sig. A v\u00edz h\u0151m\u00e9rs\u00e9klet\u00e9nek 18\u00b0C \u00e9s 28\u00b0C k\u00f6z\u00f6tt kell lennie, hogy elker\u00fclj\u00fck a tesztek elt\u00e9r\u00e9seit.<\/p>\n<\/li>\n<li class=\"\" data-start=\"2138\" data-end=\"2275\">\n<p class=\"\" data-start=\"2141\" data-end=\"2275\"><strong data-start=\"2141\" data-end=\"2163\">A f\u00fav\u00f3ka t\u00f6m\u00edt\u00e9se<\/strong>: Miut\u00e1n megt\u00f6lt\u00f6tt\u00e9k, a fecskend\u0151 f\u00fav\u00f3k\u00e1j\u00e1t egy megfelel\u0151 eszk\u00f6zzel lez\u00e1rj\u00e1k, \u00edgy biztos\u00edtva, hogy a vizsg\u00e1lat sor\u00e1n ne tudjon leveg\u0151 t\u00e1vozni.<\/p>\n<\/li>\n<li class=\"\" data-start=\"2277\" data-end=\"2545\">\n<p class=\"\" data-start=\"2280\" data-end=\"2545\"><strong data-start=\"2280\" data-end=\"2307\">Oldalir\u00e1ny\u00fa er\u0151 alkalmaz\u00e1sa<\/strong>: A fecskend\u0151 dugatty\u00faj\u00e1ra a dugatty\u00fa mozg\u00e1s\u00e1val der\u00e9ksz\u00f6gben oldalir\u00e1ny\u00fa er\u0151t fejt\u00fcnk ki. Ezt az er\u0151t \u00fagy alkalmazzuk, hogy a dugatty\u00fat a dugatty\u00fat\u00f6m\u00edt\u00e9s k\u00f6r\u00fcl sug\u00e1rir\u00e1nyban elford\u00edtjuk, olyan k\u00f6r\u00fclm\u00e9nyeket teremtve, amelyek a val\u00f3s haszn\u00e1latot szimul\u00e1lj\u00e1k.<\/p>\n<\/li>\n<li class=\"\" data-start=\"2547\" data-end=\"2782\">\n<p class=\"\" data-start=\"2550\" data-end=\"2782\"><strong data-start=\"2550\" data-end=\"2573\">Nyom\u00e1s el\u0151\u00e1ll\u00edt\u00e1sa<\/strong>: A fecskend\u0151re jellemz\u0151en 200 kPa \u00e9s 300 kPa k\u00f6z\u00f6tti nyom\u00e1st alkalmaznak, hogy tesztelj\u00e9k a sziv\u00e1rg\u00e1s\u00e1ll\u00f3s\u00e1g\u00e1t. A fecskend\u0151nek ellen kell \u00e1llnia a nyom\u00e1snak an\u00e9lk\u00fcl, hogy folyad\u00e9k sziv\u00e1rogna ki a dug\u00f3 t\u00f6m\u00edt\u00e9s\u00e9n kereszt\u00fcl.<\/p>\n<\/li>\n<li class=\"\" data-start=\"2784\" data-end=\"3006\">\n<p class=\"\" data-start=\"2787\" data-end=\"3006\"><strong data-start=\"2787\" data-end=\"2813\">Sziv\u00e1rg\u00e1s ellen\u0151rz\u00e9se<\/strong>: A nyom\u00e1s 30-35 m\u00e1sodpercig t\u00f6rt\u00e9n\u0151 fenntart\u00e1sa ut\u00e1n a fecskend\u0151t gondosan meg kell vizsg\u00e1lni, hogy nincs-e sziv\u00e1rg\u00e1s. Ha a dug\u00f3n t\u00fal sziv\u00e1rg\u00f3 vizet \u00e9szlel\u00fcnk, a fecskend\u0151 nem felel meg a vizsg\u00e1laton.<\/p>\n<\/li>\n<\/ol>\n<p class=\"\" data-start=\"3008\" data-end=\"3185\">Ez a vizsg\u00e1lati m\u00f3dszer biztos\u00edtja, hogy a gy\u00e1rtott fecskend\u0151k megfeleljenek a sz\u00fcks\u00e9ges biztons\u00e1gi el\u0151\u00edr\u00e1soknak, \u00e9s megb\u00edzhat\u00f3ak legyenek az olyan orvosi elj\u00e1r\u00e1sokban, ahol a sziv\u00e1rg\u00e1s s\u00falyos probl\u00e9m\u00e1khoz vezethet.<\/p>\n<h3 class=\"\" data-start=\"3187\" data-end=\"3233\"><strong data-start=\"3191\" data-end=\"3233\">Relev\u00e1ns szabv\u00e1nyok: Vizsg\u00e1lat: ISO 7886-1<\/strong><\/h3>\n<p class=\"\" data-start=\"3235\" data-end=\"3664\">Az ISO 7886-1 meghat\u00e1rozza a k\u00e9zi haszn\u00e1latra sz\u00e1nt steril injekci\u00f3s fecskend\u0151kre vonatkoz\u00f3 k\u00f6vetelm\u00e9nyeket. Ez a szabv\u00e1ny r\u00e9szletes elj\u00e1r\u00e1st tartalmaz a fecskend\u0151 teljes\u00edtm\u00e9ny\u00e9nek k\u00fcl\u00f6nb\u00f6z\u0151 k\u00f6r\u00fclm\u00e9nyek k\u00f6z\u00f6tt t\u00f6rt\u00e9n\u0151 vizsg\u00e1lat\u00e1ra, bele\u00e9rtve a folyad\u00e9ksziv\u00e1rg\u00e1s vizsg\u00e1lat\u00e1t a fecskend\u0151 dugatty\u00fa dug\u00f3j\u00e1n\u00e1l \u00f6sszenyom\u00e1s alatt. E szabv\u00e1nyok betart\u00e1s\u00e1val a gy\u00e1rt\u00f3k biztos\u00edthatj\u00e1k, hogy term\u00e9keik megfelelnek a glob\u00e1lis biztons\u00e1gi k\u00f6vetelm\u00e9nyeknek \u00e9s alkalmasak az orvosi felhaszn\u00e1l\u00e1sra.<\/p>\n<p class=\"\" data-start=\"3666\" data-end=\"3704\"><strong data-start=\"3666\" data-end=\"3703\">Az ISO 7886-1 tesztel\u00e9s legfontosabb szempontjai<\/strong>:<\/p>\n<ul data-start=\"3705\" data-end=\"4076\">\n<li class=\"\" data-start=\"3705\" data-end=\"3830\">\n<p class=\"\" data-start=\"3707\" data-end=\"3830\"><strong data-start=\"3707\" data-end=\"3727\">Tesztk\u00f6rnyezet<\/strong>: A vizsg\u00e1latot ellen\u0151rz\u00f6tt k\u00f6r\u00fclm\u00e9nyek k\u00f6z\u00f6tt, desztill\u00e1lt v\u00edzzel t\u00f6lt\u00f6tt fecskend\u0151vel kell elv\u00e9gezni.<\/p>\n<\/li>\n<li class=\"\" data-start=\"3831\" data-end=\"3948\">\n<p class=\"\" data-start=\"3833\" data-end=\"3948\"><strong data-start=\"3833\" data-end=\"3854\">Sziv\u00e1rg\u00e1s \u00e9szlel\u00e9se<\/strong>: B\u00e1rmilyen sziv\u00e1rg\u00e1s a dugatty\u00fa dug\u00f3j\u00e1n t\u00fal a megadott vizsg\u00e1lati k\u00f6r\u00fclm\u00e9nyek k\u00f6z\u00f6tt meghib\u00e1sod\u00e1st eredm\u00e9nyez.<\/p>\n<\/li>\n<li class=\"\" data-start=\"3949\" data-end=\"4076\">\n<p class=\"\" data-start=\"3951\" data-end=\"4076\"><strong data-start=\"3951\" data-end=\"3964\">Jelent\u00e9s<\/strong>: A vizsg\u00e1lati eredm\u00e9nyeknek tartalmazniuk kell olyan r\u00e9szleteket, mint a fecskend\u0151 azonos\u00edt\u00f3ja, n\u00e9vleges kapacit\u00e1sa \u00e9s a sziv\u00e1rg\u00e1s jelenl\u00e9te.<\/p>\n<\/li>\n<\/ul>\n<p class=\"\" data-start=\"4078\" data-end=\"4249\">Az ISO 7886-1 szabv\u00e1ny seg\u00edt megteremteni az egys\u00e9gess\u00e9get \u00e9s a k\u00f6vetkezetess\u00e9get a fecskend\u0151gy\u00e1rt\u00e1sban, ami mind a gy\u00e1rt\u00f3k, mind a v\u00e9gfelhaszn\u00e1l\u00f3k sz\u00e1m\u00e1ra l\u00e9tfontoss\u00e1g\u00fa az orvosi ter\u00fcleten.<\/p>\n<h3 class=\"\" data-start=\"4251\" data-end=\"4308\"><strong data-start=\"4255\" data-end=\"4308\">A fecskend\u0151 folyad\u00e9ksziv\u00e1rg\u00e1s-vizsg\u00e1l\u00f3 haszn\u00e1lat\u00e1nak el\u0151nyei<\/strong><\/h3>\n<p class=\"\" data-start=\"4310\" data-end=\"4374\">A fecskend\u0151s folyad\u00e9ksziv\u00e1rg\u00e1s-vizsg\u00e1l\u00f3 haszn\u00e1lata sz\u00e1mos el\u0151nnyel j\u00e1r:<\/p>\n<ul data-start=\"4376\" data-end=\"4970\">\n<li class=\"\" data-start=\"4376\" data-end=\"4592\">\n<p class=\"\" data-start=\"4378\" data-end=\"4592\"><strong data-start=\"4378\" data-end=\"4404\">Biztos\u00edtja a betegbiztons\u00e1got<\/strong>: Az esetleges sziv\u00e1rg\u00e1s \u00e9szlel\u00e9s\u00e9vel a gy\u00e1rt\u00f3k garant\u00e1lni tudj\u00e1k, hogy fecskend\u0151ik az orvosi elj\u00e1r\u00e1sok sor\u00e1n rendeltet\u00e9sszer\u0171en m\u0171k\u00f6dnek, megel\u0151zve a baleseteket \u00e9s biztos\u00edtva a betegek biztons\u00e1g\u00e1t.<\/p>\n<\/li>\n<li class=\"\" data-start=\"4593\" data-end=\"4805\">\n<p class=\"\" data-start=\"4595\" data-end=\"4805\"><strong data-start=\"4595\" data-end=\"4633\">Az ipari szabv\u00e1nyoknak val\u00f3 megfelel\u00e9s<\/strong>: Az ISO 7886-1 szabv\u00e1ny betart\u00e1sa biztos\u00edtja, hogy a fecskend\u0151k megfelelnek a nemzetk\u00f6zi biztons\u00e1gi \u00e9s min\u0151s\u00e9gi szabv\u00e1nyoknak, ami kritikus fontoss\u00e1g\u00fa a hat\u00f3s\u00e1gi j\u00f3v\u00e1hagy\u00e1sok \u00e9s a piaci elfogad\u00e1s szempontj\u00e1b\u00f3l.<\/p>\n<\/li>\n<li class=\"\" data-start=\"4806\" data-end=\"4970\">\n<p class=\"\" data-start=\"4808\" data-end=\"4970\"><strong data-start=\"4808\" data-end=\"4841\">A k\u00f6lts\u00e9ges meghib\u00e1sod\u00e1sok megel\u0151z\u00e9se<\/strong>: A fecskend\u0151k sziv\u00e1rg\u00e1svizsg\u00e1lata a piacra ker\u00fcl\u00e9s el\u0151tt seg\u00edt elker\u00fclni a k\u00f6lts\u00e9ges visszah\u00edv\u00e1sokat \u00e9s a gy\u00e1rt\u00f3 h\u00edrnev\u00e9nek roml\u00e1s\u00e1t.<\/p>\n<\/li>\n<\/ul>\n<p class=\"\" data-start=\"5955\" data-end=\"6512\">A fecskend\u0151k folyad\u00e9ksziv\u00e1rg\u00e1s-vizsg\u00e1lata kulcsfontoss\u00e1g\u00fa r\u00e9sze annak biztos\u00edt\u00e1s\u00e1nak, hogy az orvosi fecskend\u0151k biztons\u00e1gosan \u00e9s megb\u00edzhat\u00f3an m\u0171k\u00f6djenek. Az olyan fejlett tesztberendez\u00e9sek haszn\u00e1lata, mint a <strong data-start=\"6114\" data-end=\"6168\">SPPT-01 fecskend\u0151 folyad\u00e9ksziv\u00e1rg\u00e1s-vizsg\u00e1l\u00f3<\/strong>\u00a0a  c\u00edmr\u0151l <strong data-start=\"6174\" data-end=\"6194\">Cell Instruments<\/strong> seg\u00edt a gy\u00e1rt\u00f3knak megfelelni az olyan szabv\u00e1nyok szigor\u00fa k\u00f6vetelm\u00e9nyeinek, mint a <a href=\"https:\/\/www.iso.org\/standard\/64790.html\" target=\"_blank\" rel=\"noopener nofollow\"><strong data-start=\"6268\" data-end=\"6282\">ISO 7886-1<\/strong><\/a>, biztos\u00edtva, hogy fecskend\u0151ik alkalmasak legyenek az orvosi elj\u00e1r\u00e1sokban val\u00f3 haszn\u00e1latra. A min\u0151s\u00e9gvizsg\u00e1l\u00f3 berendez\u00e9sekbe val\u00f3 befektet\u00e9ssel a gy\u00e1rt\u00f3k jav\u00edthatj\u00e1k a term\u00e9kmin\u0151s\u00e9get, fokozhatj\u00e1k a betegbiztons\u00e1got, \u00e9s megfelelhetnek a nemzetk\u00f6zi szabv\u00e1nyoknak.<\/p>","protected":false},"excerpt":{"rendered":"<p>A fecskend\u0151 folyad\u00e9ksziv\u00e1rg\u00e1s-vizsg\u00e1l\u00f3k alapvet\u0151 eszk\u00f6z\u00f6k az orvosi alkalmaz\u00e1sokban haszn\u00e1lt fecskend\u0151k biztons\u00e1g\u00e1nak \u00e9s megb\u00edzhat\u00f3s\u00e1g\u00e1nak biztos\u00edt\u00e1s\u00e1ban. Ezek a m\u0171szerek seg\u00edtenek a gy\u00e1rt\u00f3knak a nyom\u00e1s alatt l\u00e9v\u0151 fecskend\u0151k sziv\u00e1rg\u00e1s\u00e1nak kimutat\u00e1s\u00e1ban, biztos\u00edtva, hogy a fecskend\u0151k megfeleljenek a szigor\u00fa funkcionalit\u00e1si \u00e9s biztons\u00e1gi el\u0151\u00edr\u00e1soknak, k\u00fcl\u00f6n\u00f6sen az eg\u00e9szs\u00e9g\u00fcgyi \u00e9s gy\u00f3gyszeriparban.<\/p>","protected":false},"featured_media":6634,"comment_status":"closed","ping_status":"closed","template":"","meta":{"site-sidebar-layout":"default","site-content-layout":"default","ast-global-header-display":"","ast-main-header-display":"","ast-hfb-above-header-display":"","ast-hfb-below-header-display":"","ast-hfb-mobile-header-display":"","site-post-title":"","ast-breadcrumbs-content":"","ast-featured-img":"","footer-sml-layout":"","theme-transparent-header-meta":"default","adv-header-id-meta":"","stick-header-meta":"","header-above-stick-meta":"","header-main-stick-meta":"","header-below-stick-meta":""},"product_cat":[1053,845,675,95],"product_tag":[],"class_list":{"0":"post-6632","1":"product","2":"type-product","3":"status-publish","4":"has-post-thumbnail","6":"product_cat-iso-7886-1","7":"product_cat-customization","8":"product_cat-leak-tester","9":"product_cat-products","10":"desktop-align-left","11":"tablet-align-left","12":"mobile-align-left","14":"first","15":"instock","16":"shipping-taxable","17":"product-type-simple"},"_links":{"self":[{"href":"https:\/\/www.qualitester.com\/hu\/wp-json\/wp\/v2\/product\/6632","targetHints":{"allow":["GET"]}}],"collection":[{"href":"https:\/\/www.qualitester.com\/hu\/wp-json\/wp\/v2\/product"}],"about":[{"href":"https:\/\/www.qualitester.com\/hu\/wp-json\/wp\/v2\/types\/product"}],"replies":[{"embeddable":true,"href":"https:\/\/www.qualitester.com\/hu\/wp-json\/wp\/v2\/comments?post=6632"}],"version-history":[{"count":0,"href":"https:\/\/www.qualitester.com\/hu\/wp-json\/wp\/v2\/product\/6632\/revisions"}],"wp:featuredmedia":[{"embeddable":true,"href":"https:\/\/www.qualitester.com\/hu\/wp-json\/wp\/v2\/media\/6634"}],"wp:attachment":[{"href":"https:\/\/www.qualitester.com\/hu\/wp-json\/wp\/v2\/media?parent=6632"}],"wp:term":[{"taxonomy":"product_cat","embeddable":true,"href":"https:\/\/www.qualitester.com\/hu\/wp-json\/wp\/v2\/product_cat?post=6632"},{"taxonomy":"product_tag","embeddable":true,"href":"https:\/\/www.qualitester.com\/hu\/wp-json\/wp\/v2\/product_tag?post=6632"}],"curies":[{"name":"wp","href":"https:\/\/api.w.org\/{rel}","templated":true}]}}