{"id":6521,"date":"2025-02-27T16:21:52","date_gmt":"2025-02-27T08:21:52","guid":{"rendered":"https:\/\/www.qualitester.com\/?post_type=product&#038;p=6521"},"modified":"2025-02-27T16:43:52","modified_gmt":"2025-02-27T08:43:52","slug":"crumple-flex-tester-astm-f392","status":"publish","type":"product","link":"https:\/\/www.qualitester.com\/hu\/termek\/crumple-flex-tester-astm-f392\/","title":{"rendered":"GFT Gy\u0171r\u0151d\u0151 hajl\u00edt\u00f3 tesztel\u0151"},"content":{"rendered":"<p data-start=\"1048\" data-end=\"1473\">A <strong data-start=\"1052\" data-end=\"1075\">gy\u0171r\u0151d\u00e9si hajl\u00edt\u00f3 tesztel\u0151<\/strong> \u00fagy tervezt\u00e9k, hogy szimul\u00e1lja azokat a mechanikai ig\u00e9nybev\u00e9teleket, amelyeket a csomagol\u00f3anyagok elviselnek, amikor hajl\u00edt\u00e1snak, csavar\u00e1snak \u00e9s \u00f6sszenyom\u00e1snak vannak kit\u00e9ve. Ezek a hat\u00e1sok gyakran vezetnek hajl\u00edt\u00e1si reped\u00e9sekhez \u00e9s perfor\u00e1ci\u00f3khoz, amelyek vesz\u00e9lyeztethetik a csomagol\u00e1s integrit\u00e1s\u00e1t \u00e9s a term\u00e9k biztons\u00e1g\u00e1t. A tesztel\u0151 seg\u00edt a gy\u00e1rt\u00f3knak felm\u00e9rni az anyag ellen\u00e1ll\u00e1s\u00e1t ezekkel a terhel\u00e9sekkel szemben, \u00e9s \u00e9rt\u00e9kelni a teljes\u00edtm\u00e9ny\u00e9t ism\u00e9telt ig\u00e9nybev\u00e9tel eset\u00e9n.<\/p>\n<p data-start=\"1475\" data-end=\"1883\">Az els\u0151dleges c\u00e9lja a <strong data-start=\"1502\" data-end=\"1525\">gy\u0171r\u0151d\u00e9si hajl\u00edt\u00f3 tesztel\u0151<\/strong> a csomagol\u00e1sban \u00e1ltal\u00e1nosan haszn\u00e1lt rugalmas barrieranyagok, p\u00e9ld\u00e1ul m\u0171anyag f\u00f3li\u00e1k, bevonatos pap\u00edrok \u00e9s lamin\u00e1tumok hajl\u00edt\u00e1si tart\u00f3ss\u00e1g\u00e1nak \u00e9rt\u00e9kel\u00e9se. A tesztel\u0151 \u00fagy m\u0171k\u00f6dik, hogy a mint\u00e1kat csavar\u00f3 \u00e9s line\u00e1ris nyom\u00f3 mozg\u00e1sok kombin\u00e1ci\u00f3j\u00e1nak teszi ki, amelyek szimul\u00e1lj\u00e1k azokat a fizikai er\u0151ket, amelyekkel a csomagol\u00e1s a kezel\u00e9s, sz\u00e1ll\u00edt\u00e1s \u00e9s forgalmaz\u00e1s sor\u00e1n szembes\u00fclhet.<\/p>\n<h3 data-start=\"1890\" data-end=\"1934\">ASTM F392 \u00e9s a Gelbo Flex vizsg\u00e1lati m\u00f3dszer<\/h3>\n<p data-start=\"1936\" data-end=\"2310\">A <a href=\"https:\/\/www.qualitester.com\/hu\/termekkategoria-2\/astm\/astm-f392\/\" target=\"_blank\" rel=\"noopener\"><strong data-start=\"1940\" data-end=\"1953\">ASTM F392<\/strong><\/a> szabv\u00e1ny, amelynek c\u00edme \u201cStandard Test Method for Flex Durability of Flexible Barrier Materials\u201d, a rugalmas csomagol\u00e1sban haszn\u00e1lt anyagok hajl\u00edt\u00e1si tart\u00f3ss\u00e1g\u00e1nak \u00e9rt\u00e9kel\u00e9s\u00e9re szolg\u00e1l\u00f3 m\u00e9rce. A gy\u0171r\u0151d\u0151 hajl\u00edt\u00e1si tesztel\u0151 megfelel ennek a szabv\u00e1nynak, \u00e9s a k\u00f6vetkez\u0151 m\u00f3dszereket alkalmazza <strong data-start=\"2203\" data-end=\"2229\">Gelbo Flex vizsg\u00e1lati m\u00f3dszer<\/strong> annak sz\u00e1mszer\u0171s\u00edt\u00e9s\u00e9re, hogy az anyagok mennyire \u00e1llnak ellen a s\u00e9r\u00fcl\u00e9seknek, amikor ism\u00e9telt hajl\u00edt\u00e1snak vannak kit\u00e9ve.<\/p>\n<p data-start=\"2312\" data-end=\"2729\">A <strong data-start=\"2316\" data-end=\"2342\">Gelbo Flex vizsg\u00e1lati m\u00f3dszer<\/strong> \u00e9rt\u00e9keli az anyag id\u0151beli hajl\u00edt\u00e1ssal szembeni ellen\u00e1ll\u00f3 k\u00e9pess\u00e9g\u00e9t, ami d\u00f6nt\u0151 fontoss\u00e1g\u00fa a csomagol\u00e1s meghib\u00e1sod\u00e1s\u00e1nak megel\u0151z\u00e9s\u00e9ben. A m\u00f3dszer sor\u00e1n a mint\u00e1t, \u00e1ltal\u00e1ban egy f\u00f3li\u00e1t vagy bevonatot, t\u00f6bbsz\u00f6r csavar\u00f3 \u00e9s \u00f6sszenyom\u00f3 mozdulatokkal hajl\u00edtj\u00e1k. Id\u0151vel ez a hajl\u00edt\u00e1s mikroszkopikus reped\u00e9seket vagy perfor\u00e1ci\u00f3kat okozhat, amelyeket a tesztel\u0151 azonos\u00edt, \u00e9s \u00edgy kritikus adatokat szolg\u00e1ltat az anyag tart\u00f3ss\u00e1g\u00e1r\u00f3l.<\/p>\n<h3 data-start=\"2736\" data-end=\"2773\">Hogyan m\u0171k\u00f6dik a gy\u0171r\u0151d\u00e9si rugalmass\u00e1gi tesztel\u0151<\/h3>\n<p data-start=\"2775\" data-end=\"3163\">A gy\u0171r\u0151d\u00e9shajl\u00edt\u00f3 tesztel\u0151 \u00fagy m\u0171k\u00f6dik, hogy egy jellemz\u0151en 200 mm x 280 mm m\u00e9ret\u0171 mint\u00e1t r\u00f6gz\u00edt\u00fcnk t\u00fcsk\u00e9kre. Ezek a t\u00fcsk\u00e9k ezut\u00e1n elind\u00edtj\u00e1k a hajl\u00edt\u00e1si folyamatot, amely egy 440 fokos csavar\u00f3 mozg\u00e1st jelent a l\u00f6ket 90 mm-es szakasz\u00e1n, amelyet v\u00edzszintes \u00f6sszenyom\u00e1s k\u00f6vet. Ez a folyamat percenk\u00e9nt 45 ciklusos sebess\u00e9ggel ism\u00e9tl\u0151dik, ami lehet\u0151v\u00e9 teszi, hogy a tesztel\u0151 pontosan szimul\u00e1lja a val\u00f3s k\u00f6r\u00fclm\u00e9nyeket.<\/p>\n<p data-start=\"3165\" data-end=\"3243\">A tesztel\u0151 k\u00fcl\u00f6nb\u00f6z\u0151 tesztel\u00e9si m\u00f3dokat k\u00edn\u00e1l a k\u00f6vetkez\u0151k alapj\u00e1n <strong data-start=\"3220\" data-end=\"3233\">ASTM F392<\/strong> szabv\u00e1ny:<\/p>\n<ul data-start=\"3245\" data-end=\"3476\">\n<li data-start=\"3245\" data-end=\"3294\"><strong data-start=\"3247\" data-end=\"3257\">A m\u00f3d<\/strong>: Teljes hajl\u00edt\u00e1s 1 \u00f3r\u00e1n kereszt\u00fcl (2700 ciklus)<\/li>\n<li data-start=\"3295\" data-end=\"3346\"><strong data-start=\"3297\" data-end=\"3307\">B m\u00f3d<\/strong>: Teljes hajl\u00edt\u00e1s 20 percig (900 ciklus)<\/li>\n<li data-start=\"3347\" data-end=\"3397\"><strong data-start=\"3349\" data-end=\"3359\">C m\u00f3d<\/strong>: Teljes hajl\u00edt\u00e1s 6 percig (270 ciklus)<\/li>\n<li data-start=\"3398\" data-end=\"3435\"><strong data-start=\"3400\" data-end=\"3410\">D m\u00f3d<\/strong>: Teljes hajl\u00edt\u00e1s 20 cikluson kereszt\u00fcl<\/li>\n<li data-start=\"3436\" data-end=\"3476\"><strong data-start=\"3438\" data-end=\"3448\">E m\u00f3d<\/strong>: R\u00e9szleges hajl\u00edt\u00e1s 20 cikluson kereszt\u00fcl<\/li>\n<\/ul>\n<p data-start=\"3478\" data-end=\"3592\">Ezek az \u00fczemm\u00f3dok rugalmass\u00e1got biztos\u00edtanak, lehet\u0151v\u00e9 t\u00e9ve a felhaszn\u00e1l\u00f3k sz\u00e1m\u00e1ra, hogy a vizsg\u00e1lati felt\u00e9teleket saj\u00e1t ig\u00e9nyeiknek megfelel\u0151en alak\u00edts\u00e1k ki.<\/p>\n<h3 data-start=\"3599\" data-end=\"3642\">A gy\u0171r\u0151d\u0151 hajl\u00edt\u00f3 tesztel\u0151 alkalmaz\u00e1sai<\/h3>\n<p data-start=\"3644\" data-end=\"3767\">A <strong data-start=\"3648\" data-end=\"3671\">gy\u0171r\u0151d\u00e9si hajl\u00edt\u00f3 tesztel\u0151<\/strong> elengedhetetlen a csomagol\u00f3anyagokra nagym\u00e9rt\u00e9kben t\u00e1maszkod\u00f3 ipar\u00e1gak gy\u00e1rt\u00f3i sz\u00e1m\u00e1ra, mint p\u00e9ld\u00e1ul:<\/p>\n<ul data-start=\"3769\" data-end=\"4209\">\n<li data-start=\"3769\" data-end=\"3895\"><strong data-start=\"3771\" data-end=\"3784\">Csomagol\u00e1s<\/strong>: Az \u00e9lelmiszer-, ital- \u00e9s orvosi csomagol\u00e1sokban haszn\u00e1lt rugalmas barrierf\u00f3li\u00e1k szil\u00e1rds\u00e1g\u00e1nak \u00e9s integrit\u00e1s\u00e1nak biztos\u00edt\u00e1sa.<\/li>\n<li data-start=\"3896\" data-end=\"4034\"><strong data-start=\"3898\" data-end=\"3923\">M\u0171anyagok \u00e9s text\u00edli\u00e1k<\/strong>: A rugalmas csomagol\u00e1sban haszn\u00e1lt m\u0171anyag f\u00f3li\u00e1k, lamin\u00e1tumok \u00e9s textilbevonatok tart\u00f3ss\u00e1g\u00e1nak vizsg\u00e1lata.<\/li>\n<li data-start=\"4035\" data-end=\"4209\"><strong data-start=\"4037\" data-end=\"4070\">Gy\u00f3gyszerek \u00e9s kozmetikumok<\/strong>: Az olyan csomagol\u00f3anyagok teljes\u00edtm\u00e9ny\u00e9nek \u00e9rt\u00e9kel\u00e9se, amelyeknek a tartalom biztons\u00e1g\u00e1nak vesz\u00e9lyeztet\u00e9se n\u00e9lk\u00fcl kell ellen\u00e1llniuk az ism\u00e9telt hajl\u00edt\u00e1snak.<\/li>\n<\/ul>\n<p data-start=\"4211\" data-end=\"4431\">A gy\u00e1rt\u00f3k p\u00e9ld\u00e1ul haszn\u00e1lhatj\u00e1k a tesztel\u0151t az orvosi csomagol\u00e1sokban haszn\u00e1lt f\u00f3li\u00e1k teljes\u00edtm\u00e9ny\u00e9nek \u00e9rt\u00e9kel\u00e9s\u00e9re, biztos\u00edtva, hogy azok ne szakadjanak vagy lyukadjanak ki a forgalmaz\u00e1s sor\u00e1n, ami szennyez\u0151d\u00e9shez vagy roml\u00e1shoz vezethet.<\/p>\n<h2 data-start=\"4211\" data-end=\"4431\">F\u0151 param\u00e9ter<\/h2>\n<p><a href=\"https:\/\/www.qualitester.com\/hu\/termek\/gelbo-flex-tester-astm-f392\/\" target=\"_blank\" rel=\"noopener\"><span style=\"color: #1d3f99;\">Gy\u0171r\u0151d\u0151 hajl\u00edt\u00f3 tesztel\u0151 - f\u0151 param\u00e9ter<\/span><\/a><\/p>\n<h2 data-start=\"4211\" data-end=\"4431\">M\u0171szaki jellemz\u0151<\/h2>\n<p><a href=\"https:\/\/www.qualitester.com\/hu\/termek\/gelbo-flex-tester-astm-f392\/\" target=\"_blank\" rel=\"noopener\"><span style=\"color: #1d3f99;\">Gy\u0171r\u0151d\u00e9si rugalmass\u00e1gi tesztel\u0151 - M\u0171szaki jellemz\u0151k<\/span><\/a><\/p>\n<p data-start=\"5183\" data-end=\"5647\">A <strong data-start=\"5187\" data-end=\"5210\">gy\u0171r\u0151d\u00e9si hajl\u00edt\u00f3 tesztel\u0151<\/strong> alapvet\u0151 eszk\u00f6z a rugalmas csomagol\u00e1sokban haszn\u00e1lt anyagok hajl\u00edt\u00e1si tart\u00f3ss\u00e1g\u00e1nak vizsg\u00e1lat\u00e1hoz. Az\u00e1ltal, hogy betartja a <strong data-start=\"5324\" data-end=\"5337\">ASTM F392<\/strong> szabv\u00e1ny \u00e9s a <strong data-start=\"5361\" data-end=\"5387\">Gelbo Flex vizsg\u00e1lati m\u00f3dszer<\/strong>, a gy\u00e1rt\u00f3k biztos\u00edthatj\u00e1k, hogy csomagol\u00f3anyagaik val\u00f3s k\u00f6r\u00fclm\u00e9nyek k\u00f6z\u00f6tt is megb\u00edzhat\u00f3an teljes\u00edtenek. Ez nemcsak a term\u00e9kek v\u00e9delm\u00e9t seg\u00edti el\u0151, hanem az ipari szabv\u00e1nyoknak val\u00f3 megfelel\u00e9st is biztos\u00edtja, hozz\u00e1j\u00e1rulva a v\u00e1s\u00e1rl\u00f3k nagyobb el\u00e9gedetts\u00e9g\u00e9hez \u00e9s biztons\u00e1g\u00e1hoz.<\/p>\n<p data-start=\"5649\" data-end=\"5851\">A csomagol\u00f3iparban m\u0171k\u00f6d\u0151 v\u00e1llalatok sz\u00e1m\u00e1ra a beruh\u00e1z\u00e1s egy <strong data-start=\"5705\" data-end=\"5728\">gy\u0171r\u0151d\u00e9si hajl\u00edt\u00f3 tesztel\u0151<\/strong> a Cell Instruments-t\u0151l biztos\u00edtja, hogy az \u00d6n anyagai szigor\u00fa tesztel\u00e9snek legyenek al\u00e1vetve, ami jav\u00edtja a term\u00e9k megb\u00edzhat\u00f3s\u00e1g\u00e1t \u00e9s teljes\u00edtm\u00e9ny\u00e9t.<\/p>","protected":false},"excerpt":{"rendered":"<p data-start=\"379\" data-end=\"952\">A csomagol\u00f3iparban az anyagok tart\u00f3ss\u00e1g\u00e1nak biztos\u00edt\u00e1sa alapvet\u0151 fontoss\u00e1g\u00fa a sz\u00e1ll\u00edt\u00e1s \u00e9s kezel\u00e9s sor\u00e1n bek\u00f6vetkez\u0151 s\u00e9r\u00fcl\u00e9sek megel\u0151z\u00e9se \u00e9rdek\u00e9ben. A <strong data-start=\"514\" data-end=\"537\">gy\u0171r\u0151d\u00e9si hajl\u00edt\u00f3 tesztel\u0151<\/strong> az anyagok, k\u00f6zt\u00fck a filmek, kompozitok \u00e9s bevonatok hajl\u00edt\u00e1si tart\u00f3ss\u00e1g\u00e1nak \u00e9rt\u00e9kel\u00e9s\u00e9re szolg\u00e1l\u00f3 alapvet\u0151 fontoss\u00e1g\u00fa eszk\u00f6z. A csomagol\u00f3anyagok forgalmaz\u00e1sa sor\u00e1n fell\u00e9p\u0151 ism\u00e9tl\u0151d\u0151 ig\u00e9nybev\u00e9telek szimul\u00e1l\u00e1s\u00e1val ez a tesztel\u0151 seg\u00edt a gy\u00e1rt\u00f3knak biztos\u00edtani term\u00e9keik szerkezeti integrit\u00e1s\u00e1t.<\/p>","protected":false},"featured_media":6524,"comment_status":"closed","ping_status":"closed","template":"","meta":{"site-sidebar-layout":"default","site-content-layout":"default","ast-global-header-display":"","ast-main-header-display":"","ast-hfb-above-header-display":"","ast-hfb-below-header-display":"","ast-hfb-mobile-header-display":"","site-post-title":"","ast-breadcrumbs-content":"","ast-featured-img":"","footer-sml-layout":"","theme-transparent-header-meta":"default","adv-header-id-meta":"","stick-header-meta":"","header-above-stick-meta":"","header-main-stick-meta":"","header-below-stick-meta":""},"product_cat":[845,977,16,107,95],"product_tag":[],"class_list":{"0":"post-6521","1":"product","2":"type-product","3":"status-publish","4":"has-post-thumbnail","6":"product_cat-customization","7":"product_cat-gelbo-flex-tester","8":"product_cat-plastic-packaging-testers","9":"product_cat-astm-f392","10":"product_cat-products","11":"desktop-align-left","12":"tablet-align-left","13":"mobile-align-left","15":"first","16":"instock","17":"shipping-taxable","18":"product-type-simple"},"_links":{"self":[{"href":"https:\/\/www.qualitester.com\/hu\/wp-json\/wp\/v2\/product\/6521","targetHints":{"allow":["GET"]}}],"collection":[{"href":"https:\/\/www.qualitester.com\/hu\/wp-json\/wp\/v2\/product"}],"about":[{"href":"https:\/\/www.qualitester.com\/hu\/wp-json\/wp\/v2\/types\/product"}],"replies":[{"embeddable":true,"href":"https:\/\/www.qualitester.com\/hu\/wp-json\/wp\/v2\/comments?post=6521"}],"version-history":[{"count":0,"href":"https:\/\/www.qualitester.com\/hu\/wp-json\/wp\/v2\/product\/6521\/revisions"}],"wp:featuredmedia":[{"embeddable":true,"href":"https:\/\/www.qualitester.com\/hu\/wp-json\/wp\/v2\/media\/6524"}],"wp:attachment":[{"href":"https:\/\/www.qualitester.com\/hu\/wp-json\/wp\/v2\/media?parent=6521"}],"wp:term":[{"taxonomy":"product_cat","embeddable":true,"href":"https:\/\/www.qualitester.com\/hu\/wp-json\/wp\/v2\/product_cat?post=6521"},{"taxonomy":"product_tag","embeddable":true,"href":"https:\/\/www.qualitester.com\/hu\/wp-json\/wp\/v2\/product_tag?post=6521"}],"curies":[{"name":"wp","href":"https:\/\/api.w.org\/{rel}","templated":true}]}}