{"id":5406,"date":"2024-11-18T11:18:43","date_gmt":"2024-11-18T03:18:43","guid":{"rendered":"https:\/\/www.qualitester.com\/?post_type=product&#038;p=5406"},"modified":"2024-12-05T15:42:31","modified_gmt":"2024-12-05T07:42:31","slug":"sale-charpy-and-izod-impact-tester","status":"publish","type":"product","link":"https:\/\/www.qualitester.com\/hu\/termek\/sale-charpy-and-izod-impact-tester\/","title":{"rendered":"ClT-01 Charpy \u00e9s lzod lmpact Tester"},"content":{"rendered":"<h2><strong>Bevezet\u00e9s<\/strong><\/h2>\n<p>A CIT-01 Charpy \u00e9s Izod \u00fct\u00e9sm\u00e9r\u0151 egy fejlett \u00fct\u00e9svizsg\u00e1l\u00f3 g\u00e9p, amelyet nem f\u00e9mes anyagok, p\u00e9ld\u00e1ul kem\u00e9ny m\u0171anyagok, \u00fcvegsz\u00e1lak, ker\u00e1mia, \u00f6nt\u00f6tt k\u0151 \u00e9s elektromos szigetel\u0151anyagok sz\u00edv\u00f3ss\u00e1g\u00e1nak m\u00e9r\u00e9s\u00e9re terveztek. A Charpy- \u00e9s Izod-vizsg\u00e1lati k\u00e9pess\u00e9geket egy k\u00e9sz\u00fcl\u00e9kben egyes\u00edt\u0151 k\u00e9sz\u00fcl\u00e9k ide\u00e1lis az olyan ipar\u00e1gak sz\u00e1m\u00e1ra, mint a vegyipari gy\u00e1rt\u00e1s, a min\u0151s\u00e9gellen\u0151rz\u00e9s \u00e9s a tudom\u00e1nyos kutat\u00e1s. Ez a sokoldal\u00fa vizsg\u00e1l\u00f3 megfelel a nemzetk\u00f6zi szabv\u00e1nyoknak, t\u00f6bbek k\u00f6z\u00f6tt az ISO 179-1 \u00e9s az ISO 180 szabv\u00e1nyoknak, biztos\u00edtva a pontos \u00e9s megb\u00edzhat\u00f3 eredm\u00e9nyeket.<\/p>\n<h2><strong>Mi az a hat\u00e1svizsg\u00e1lat?<\/strong><\/h2>\n<p>Az \u00fct\u00e9svizsg\u00e1lat azt vizsg\u00e1lja, hogy az anyag mennyire k\u00e9pes ellen\u00e1llni a hirtelen terhel\u00e9snek vagy \u00fct\u0151er\u0151nek. L\u00e9tfontoss\u00e1g\u00fa szerepet j\u00e1tszik az anyag sz\u00edv\u00f3ss\u00e1g\u00e1nak \u00e9s t\u00f6r\u00e9s\u00e1ll\u00f3s\u00e1g\u00e1nak meg\u00e9rt\u00e9s\u00e9ben. A Charpy- \u00e9s az Izod-vizsg\u00e1lat k\u00e9t sz\u00e9les k\u00f6rben haszn\u00e1lt m\u00f3dszer, amelyek mindegyike egyedi betekint\u00e9st ny\u00fajt az anyag viselked\u00e9s\u00e9be.<\/p>\n<h2><strong>Charpy \u00e9s Izod \u00fct\u00e9svizsg\u00e1lat meg\u00e9rt\u00e9se<\/strong><\/h2>\n<ul>\n<li><strong>Charpy \u00fct\u00e9svizsg\u00e1lat<\/strong><br \/>\nA Charpy-vizsg\u00e1lat sor\u00e1n a pr\u00f3badarabot v\u00edzszintesen, az ing\u00e1t\u00f3l elford\u00edtott bev\u00e1g\u00e1ssal helyezik el. Az inga a pr\u00f3badarab k\u00f6zep\u00e9re csap\u00f3dik, meghat\u00e1rozva az anyag energiaelnyel\u0151 k\u00e9pess\u00e9g\u00e9t a t\u00f6nkremenetel el\u0151tt. \u00c1ltal\u00e1ban f\u00e9mek, m\u0171anyagok \u00e9s kompozitok eset\u00e9ben alkalmazz\u00e1k.<\/li>\n<li><strong>Izod \u00fct\u00e9svizsg\u00e1lat<\/strong><br \/>\nAz Izod-vizsg\u00e1lat sor\u00e1n a pr\u00f3badarabot f\u00fcgg\u0151legesen helyezik el, a bev\u00e1g\u00e1s az ing\u00e1val szemben van. A minta fels\u0151 cs\u00facs\u00e1t meg\u00fctik, \u00e9s m\u00e9rik a t\u00f6r\u00e9sig elnyelt energi\u00e1t. Ez a vizsg\u00e1lat ide\u00e1lis a m\u0171anyagok \u00e9s egyes f\u00e9mek eset\u00e9ben.<\/li>\n<\/ul>\n<h2><strong>Legfontosabb k\u00fcl\u00f6nbs\u00e9gek<\/strong><\/h2>\n<table>\n<thead>\n<tr>\n<th>Jellemz\u0151<\/th>\n<th>Charpy \u00fct\u00e9svizsg\u00e1lat<\/th>\n<th>Izod \u00fct\u00e9svizsg\u00e1lat<\/th>\n<\/tr>\n<\/thead>\n<tbody>\n<tr>\n<td><strong>Vizsg\u00e1lt anyagok<\/strong><\/td>\n<td>F\u00e9mek, m\u0171anyagok, kompozitok<\/td>\n<td>M\u0171anyagok, egyes f\u00e9mek<\/td>\n<\/tr>\n<tr>\n<td><strong>Bev\u00e1g\u00e1si t\u00edpusok<\/strong><\/td>\n<td>U-horony, V-horony<\/td>\n<td>Csak V-ny\u00edl\u00e1s<\/td>\n<\/tr>\n<tr>\n<td><strong>Minta poz\u00edci\u00f3ja<\/strong><\/td>\n<td>V\u00edzszintes<\/td>\n<td>F\u00fcgg\u0151leges<\/td>\n<\/tr>\n<tr>\n<td><strong>Szembet\u0171n\u0151 pont<\/strong><\/td>\n<td>K\u00f6zpont<\/td>\n<td>Fels\u0151 cs\u00facs<\/td>\n<\/tr>\n<tr>\n<td><strong>Mintadarab m\u00e9retei<\/strong><\/td>\n<td>55 \u00d7 10 \u00d7 10 mm<\/td>\n<td>64 \u00d7 12,7 \u00d7 3,2 mm (m\u0171anyag) vagy 127 \u00d7 11,43 mm (f\u00e9m)<\/td>\n<\/tr>\n<\/tbody>\n<\/table>\n<h2><strong>Megfelel\u00e9s az ISO-szabv\u00e1nyoknak<\/strong><\/h2>\n<ul>\n<li><strong>ISO 179-1<\/strong>: A m\u0171anyagok Charpy-\u00fct\u00e9si tulajdons\u00e1gainak meghat\u00e1roz\u00e1s\u00e1ra \u00f6sszpontos\u00edt, kit\u00e9rve a vizsg\u00e1lati m\u00f3dszerekre, a mint\u00e1k el\u0151k\u00e9sz\u00edt\u00e9s\u00e9re \u00e9s az energiasz\u00e1m\u00edt\u00e1sokra.<\/li>\n<li><strong>ISO 180<\/strong>: Meghat\u00e1rozza a m\u0171anyagok Izod-\u00fct\u00e9si tulajdons\u00e1gainak m\u00e9r\u00e9si m\u00f3dszer\u00e9t, r\u00e9szletezve a pr\u00f3batestek konfigur\u00e1ci\u00f3j\u00e1t \u00e9s a vizsg\u00e1lati elj\u00e1r\u00e1sokat.<\/li>\n<\/ul>\n<p>Ezek a szabv\u00e1nyok megb\u00edzhat\u00f3 m\u00f3dszereket biztos\u00edtanak az anyagok sz\u00edv\u00f3ss\u00e1g\u00e1nak \u00e9rt\u00e9kel\u00e9s\u00e9hez, \u00e9s biztos\u00edtj\u00e1k, hogy az eredm\u00e9nyek glob\u00e1lisan \u00f6sszehasonl\u00edthat\u00f3ak legyenek.<\/p>\n<h2><strong>A CIT-01 \u00fct\u00e9svizsg\u00e1l\u00f3 jellemz\u0151i<\/strong><\/h2>\n<ul>\n<li>Kombin\u00e1lja a Charpy- \u00e9s Izod-vizsg\u00e1latot egyetlen k\u00e9sz\u00fcl\u00e9kben.<\/li>\n<li>Felhaszn\u00e1l\u00f3bar\u00e1t PLC-vez\u00e9rl\u00e9s \u00e9s \u00e9rint\u0151k\u00e9perny\u0151s kezel\u00e9s.<\/li>\n<li>T\u00f6bbnyelv\u0171 fel\u00fclet (k\u00ednai \u00e9s angol).<\/li>\n<li>\u00d6t minta adatait t\u00e1rolja \u00e9s kisz\u00e1m\u00edtja az \u00e1tlagos energia kisz\u00e1m\u00edt\u00e1s\u00e1val.<\/li>\n<li>Robusztus kialak\u00edt\u00e1s a stabil \u00e9s megism\u00e9telhet\u0151 teljes\u00edtm\u00e9ny \u00e9rdek\u00e9ben.<\/li>\n<\/ul>\n<h2><strong>M\u0171szaki specifik\u00e1ci\u00f3k<\/strong><\/h2>\n<table>\n<thead>\n<tr>\n<th>Param\u00e9ter<\/th>\n<th>Charpy teszt<\/th>\n<th>Izod teszt<\/th>\n<\/tr>\n<\/thead>\n<tbody>\n<tr>\n<td><strong>\u00dctk\u00f6z\u00e9si sebess\u00e9g<\/strong><\/td>\n<td>3,8 m\/s<\/td>\n<td>3,5 m\/s<\/td>\n<\/tr>\n<tr>\n<td><strong>Hat\u00e1sos energia lehet\u0151s\u00e9gek<\/strong><\/td>\n<td>7.5, 15, 25, 50 J<\/td>\n<td>1, 2.75, 5.5, 11, 22 J<\/td>\n<\/tr>\n<tr>\n<td><strong>Striker Tip sz\u00f6g<\/strong><\/td>\n<td>30\u00b0 \u00b1 1\u00b0<\/td>\n<td>75\u00b0 \u00b1 1\u00b0<\/td>\n<\/tr>\n<tr>\n<td><strong>A t\u00e1maszok k\u00f6z\u00f6tti t\u00e1vols\u00e1g<\/strong><\/td>\n<td>40, 62, 70, 95 mm<\/td>\n<td>Aleln\u00f6ki \u00e1llkapocs<\/td>\n<\/tr>\n<tr>\n<td><strong>M\u00e9retek<\/strong><\/td>\n<td>550 \u00d7 350 \u00d7 850 mm<\/td>\n<td>Ugyanaz<\/td>\n<\/tr>\n<\/tbody>\n<\/table>\n<h2><strong>Alkalmaz\u00e1sok<\/strong><\/h2>\n<p>A CIT-01-et sz\u00e9les k\u00f6rben haszn\u00e1lj\u00e1k:<\/p>\n<ul>\n<li>Csomagol\u00f3anyagok vizsg\u00e1lata.<\/li>\n<li>M\u0171anyag \u00e9s kompozit anyagok kutat\u00e1sa.<\/li>\n<li>Min\u0151s\u00e9gbiztos\u00edt\u00e1s a vegyipari \u00e9s ipari \u00e1gazatokban.<\/li>\n<li>Akad\u00e9miai kutat\u00e1si \u00e9s oktat\u00e1si laborat\u00f3riumok.<\/li>\n<\/ul>\n<h2><strong>Mi\u00e9rt v\u00e1lassza a CIT-01-et?<\/strong><\/h2>\n<ul>\n<li><strong>Kett\u0151s funkcionalit\u00e1s<\/strong>: Mind a Charpy-, mind az Izod-vizsg\u00e1latok elv\u00e9gz\u00e9se k\u00fcl\u00f6n k\u00e9sz\u00fcl\u00e9kek n\u00e9lk\u00fcl.<\/li>\n<li><strong>Pontos \u00e9s megb\u00edzhat\u00f3<\/strong>: Megfelel az ISO 179-1 \u00e9s ISO 180 szabv\u00e1nyoknak a k\u00f6vetkezetes eredm\u00e9nyek \u00e9rdek\u00e9ben.<\/li>\n<li><strong>Felhaszn\u00e1l\u00f3bar\u00e1t<\/strong>: Az \u00e9rint\u0151k\u00e9perny\u0151s kezel\u0151fel\u00fclet \u00e9s a t\u00f6bbnyelv\u0171 t\u00e1mogat\u00e1s leegyszer\u0171s\u00edti a m\u0171veleteket.<\/li>\n<li><strong>K\u00f6lts\u00e9ghat\u00e9kony<\/strong>: K\u00e9t vizsg\u00e1lati m\u00f3dszer kombin\u00e1l\u00e1sa, ami k\u00f6lts\u00e9gmegtakar\u00edt\u00e1st jelent a berendez\u00e9s beruh\u00e1z\u00e1s\u00e1n\u00e1l.<\/li>\n<\/ul>\n<h2><strong>Gyakran ism\u00e9telt k\u00e9rd\u00e9sek (GYIK)<\/strong><\/h2>\n<ol>\n<li><strong>Mire haszn\u00e1lj\u00e1k els\u0151sorban a CIT-01-et?<\/strong><br \/>\nOlyan anyagok \u00fct\u00e9s\u00e1ll\u00f3s\u00e1g\u00e1t m\u00e9ri, mint a m\u0171anyagok, \u00fcvegsz\u00e1lak \u00e9s ker\u00e1mi\u00e1k.<\/li>\n<li><strong>Megfelel az ISO-szabv\u00e1nyoknak?<\/strong><br \/>\nIgen, a CIT-01 megfelel az ISO 179-1 szabv\u00e1nynak a Charpy- \u00e9s az ISO 180 szabv\u00e1nynak az Izod-vizsg\u00e1lathoz.<\/li>\n<li><strong>Milyen ipar\u00e1gak sz\u00e1m\u00e1ra el\u0151ny\u00f6s a tesztel\u0151 haszn\u00e1lata?<\/strong><br \/>\nOlyan ipar\u00e1gak, mint a csomagol\u00f3ipar, az aut\u00f3ipar \u00e9s a min\u0151s\u00e9gellen\u0151rz\u0151 \u00fcgyn\u00f6ks\u00e9gek haszn\u00e1lj\u00e1k az anyag teljes\u00edtm\u00e9ny\u00e9nek biztos\u00edt\u00e1s\u00e1ra.<\/li>\n<li><strong>Miben k\u00fcl\u00f6nb\u00f6zik a CIT-01 a t\u00f6bbi \u00fct\u00e9svizsg\u00e1l\u00f3t\u00f3l?<\/strong><br \/>\nKett\u0151s funkcionalit\u00e1sa, felhaszn\u00e1l\u00f3bar\u00e1t kialak\u00edt\u00e1sa \u00e9s a nemzetk\u00f6zi szabv\u00e1nyoknak val\u00f3 megfelel\u00e9se kiemelked\u0151v\u00e9 teszi.<\/li>\n<li><strong>Mekkora a Charpy- \u00e9s Izod-vizsg\u00e1latok energiatartom\u00e1nya?<\/strong><br \/>\nA Charpy-vizsg\u00e1lat 7,5 \u00e9s 50 J k\u00f6z\u00f6tt, m\u00edg az Izod-vizsg\u00e1lat 1 \u00e9s 22 J k\u00f6z\u00f6tt v\u00e1ltozik.<\/li>\n<\/ol>","protected":false},"excerpt":{"rendered":"<p>A CIT-01 Charpy \u00e9s Izod \u00fct\u00e9sm\u00e9r\u0151 egy fejlett \u00fct\u00e9svizsg\u00e1l\u00f3 g\u00e9p, amelyet nem f\u00e9mes anyagok, p\u00e9ld\u00e1ul kem\u00e9ny m\u0171anyagok, \u00fcvegsz\u00e1lak, ker\u00e1mia, \u00f6nt\u00f6tt k\u0151 \u00e9s elektromos szigetel\u0151anyagok sz\u00edv\u00f3ss\u00e1g\u00e1nak m\u00e9r\u00e9s\u00e9re terveztek. A Charpy- \u00e9s Izod-vizsg\u00e1lati k\u00e9pess\u00e9geket egy k\u00e9sz\u00fcl\u00e9kben egyes\u00edt\u0151 k\u00e9sz\u00fcl\u00e9k ide\u00e1lis az olyan ipar\u00e1gak sz\u00e1m\u00e1ra, mint a vegyipari gy\u00e1rt\u00e1s, a min\u0151s\u00e9gellen\u0151rz\u00e9s \u00e9s a tudom\u00e1nyos kutat\u00e1s. Ez a sokoldal\u00fa vizsg\u00e1l\u00f3 megfelel a nemzetk\u00f6zi szabv\u00e1nyoknak, t\u00f6bbek k\u00f6z\u00f6tt az ISO 179-1 \u00e9s az ISO 180 szabv\u00e1nyoknak, biztos\u00edtva a pontos \u00e9s megb\u00edzhat\u00f3 eredm\u00e9nyeket.<\/p>","protected":false},"featured_media":6304,"comment_status":"closed","ping_status":"closed","template":"","meta":{"site-sidebar-layout":"default","site-content-layout":"default","ast-global-header-display":"","ast-main-header-display":"","ast-hfb-above-header-display":"","ast-hfb-below-header-display":"","ast-hfb-mobile-header-display":"","site-post-title":"","ast-breadcrumbs-content":"","ast-featured-img":"","footer-sml-layout":"","theme-transparent-header-meta":"default","adv-header-id-meta":"","stick-header-meta":"","header-above-stick-meta":"","header-main-stick-meta":"","header-below-stick-meta":""},"product_cat":[845,1118,1119,938,684,44,16,95],"product_tag":[],"class_list":{"0":"post-5406","1":"product","2":"type-product","3":"status-publish","4":"has-post-thumbnail","6":"product_cat-customization","7":"product_cat-iso-179-1","8":"product_cat-iso-180","9":"product_cat-textile-tester","10":"product_cat-impact-tester","11":"product_cat-paper-and-board-testers","12":"product_cat-plastic-packaging-testers","13":"product_cat-products","14":"desktop-align-left","15":"tablet-align-left","16":"mobile-align-left","18":"first","19":"instock","20":"shipping-taxable","21":"product-type-simple"},"_links":{"self":[{"href":"https:\/\/www.qualitester.com\/hu\/wp-json\/wp\/v2\/product\/5406","targetHints":{"allow":["GET"]}}],"collection":[{"href":"https:\/\/www.qualitester.com\/hu\/wp-json\/wp\/v2\/product"}],"about":[{"href":"https:\/\/www.qualitester.com\/hu\/wp-json\/wp\/v2\/types\/product"}],"replies":[{"embeddable":true,"href":"https:\/\/www.qualitester.com\/hu\/wp-json\/wp\/v2\/comments?post=5406"}],"version-history":[{"count":0,"href":"https:\/\/www.qualitester.com\/hu\/wp-json\/wp\/v2\/product\/5406\/revisions"}],"wp:featuredmedia":[{"embeddable":true,"href":"https:\/\/www.qualitester.com\/hu\/wp-json\/wp\/v2\/media\/6304"}],"wp:attachment":[{"href":"https:\/\/www.qualitester.com\/hu\/wp-json\/wp\/v2\/media?parent=5406"}],"wp:term":[{"taxonomy":"product_cat","embeddable":true,"href":"https:\/\/www.qualitester.com\/hu\/wp-json\/wp\/v2\/product_cat?post=5406"},{"taxonomy":"product_tag","embeddable":true,"href":"https:\/\/www.qualitester.com\/hu\/wp-json\/wp\/v2\/product_tag?post=5406"}],"curies":[{"name":"wp","href":"https:\/\/api.w.org\/{rel}","templated":true}]}}