{"id":5366,"date":"2024-11-15T10:48:12","date_gmt":"2024-11-15T02:48:12","guid":{"rendered":"https:\/\/www.qualitester.com\/?post_type=product&#038;p=5366"},"modified":"2024-12-05T15:26:08","modified_gmt":"2024-12-05T07:26:08","slug":"sale-iso-534-paperboard-thickness-gauge","status":"publish","type":"product","link":"https:\/\/www.qualitester.com\/hu\/termek\/sale-iso-534-paperboard-thickness-gauge\/","title":{"rendered":"ZBH-01 karton vastags\u00e1gm\u00e9r\u0151"},"content":{"rendered":"<h2>A kartonvastags\u00e1gm\u00e9r\u0151 bevezet\u00e9se<\/h2>\n<p>A <strong>Karton vastags\u00e1gm\u00e9r\u0151<\/strong> egy alapvet\u0151 fontoss\u00e1g\u00fa eszk\u00f6z, amelyet a pap\u00edr \u00e9s a karton pontos vastags\u00e1g\u00e1nak m\u00e9r\u00e9s\u00e9re terveztek, biztos\u00edtva az anyagok konzisztenci\u00e1j\u00e1t \u00e9s min\u0151s\u00e9g\u00e9t. Ezt a m\u00e9r\u0151eszk\u00f6zt sz\u00e9les k\u00f6rben haszn\u00e1lj\u00e1k olyan ipar\u00e1gakban, mint a csomagol\u00f3ipar, az \u00e9lelmiszer- \u00e9s italgy\u00e1rt\u00e1s, az orvostudom\u00e1ny \u00e9s az elektronika, ahol a pontos vastags\u00e1gm\u00e9r\u00e9s elengedhetetlen a term\u00e9kmin\u0151s\u00e9g \u00e9s a jogszab\u00e1lyi megfelel\u00e9s szempontj\u00e1b\u00f3l. Nagy pontoss\u00e1g\u00e1val \u00e9s felhaszn\u00e1l\u00f3bar\u00e1t funkci\u00f3ival ez a m\u00e9r\u0151eszk\u00f6z megfelel a min\u0151s\u00e9gellen\u0151rz\u00e9ssel \u00e9s term\u00e9kfejleszt\u00e9ssel foglalkoz\u00f3 szakemberek ig\u00e9nyeinek.<\/p>\n<h2>F\u0151bb jellemz\u0151k \u00e9s alkalmaz\u00e1sok<\/h2>\n<p>A <strong>ZBH-01 Pap\u00edr \u00e9s karton vastags\u00e1gm\u00e9r\u0151<\/strong> kiemelkedik fejlett funkci\u00f3ival, amelyek pontos \u00e9s megb\u00edzhat\u00f3 eredm\u00e9nyeket biztos\u00edtanak mind az egy lap vastags\u00e1g\u00e1nak, mind a t\u00f6m\u00f6rs\u00e9g vastags\u00e1g\u00e1nak m\u00e9r\u00e9se eset\u00e9n. A legfontosabb jellemz\u0151k a k\u00f6vetkez\u0151k:<\/p>\n<ul>\n<li><strong>Null\u00e1z\u00e1s vissza\u00e1ll\u00edt\u00e1sa b\u00e1rmely ponton<\/strong>: Egyszer\u0171s\u00edti a kalibr\u00e1l\u00e1st \u00e9s biztos\u00edtja a pontoss\u00e1got minden m\u00e9r\u00e9sn\u00e9l.<\/li>\n<li><strong>ON\/OFF h\u00e1l\u00f3zati kapcsol\u00f3<\/strong>: Meghosszabb\u00edtja az akkumul\u00e1tor \u00e9lettartam\u00e1t \u00e9s optimaliz\u00e1lja a haszn\u00e1lhat\u00f3s\u00e1got.<\/li>\n<li><strong>M\u00e9r\u00e9si egys\u00e9gek \u00e1tv\u00e1lt\u00e1sa<\/strong>: Lehet\u0151v\u00e9 teszi a felhaszn\u00e1l\u00f3k sz\u00e1m\u00e1ra, hogy a k\u00fcl\u00f6nb\u00f6z\u0151 tesztel\u00e9si k\u00f6vetelm\u00e9nyekhez sz\u00fcks\u00e9g szerint v\u00e1ltsanak egys\u00e9geket.<\/li>\n<\/ul>\n<p><strong>Alkalmaz\u00e1sok<\/strong>: Ez a vastags\u00e1gm\u00e9r\u0151 ide\u00e1lis a pap\u00edr- \u00e9s kartonanyagok egylapos \u00e9s t\u00f6m\u00f6r\u00edtett vastags\u00e1g\u00e1nak m\u00e9r\u00e9s\u00e9re. Mind az egyes lapok vastags\u00e1g\u00e1t, mind a k\u00f6tegben l\u00e9v\u0151 t\u00f6bb lap vastags\u00e1g\u00e1t k\u00e9pes m\u00e9rni a t\u00f6megelemz\u00e9shez. Megjegyz\u00e9s: Ez a k\u00e9sz\u00fcl\u00e9k nem alkalmas hull\u00e1mpap\u00edrhoz.<\/p>\n<h2>A vastags\u00e1gm\u00e9r\u00e9sek meg\u00e9rt\u00e9se<\/h2>\n<ul>\n<li><strong>Egyetlen lap vastags\u00e1ga<\/strong>: Egyetlen pap\u00edrlap vagy karton k\u00e9t fel\u00fclete k\u00f6z\u00f6tti t\u00e1vols\u00e1got m\u00e9ri egy meghat\u00e1rozott statikus terhel\u00e9s alatt.<\/li>\n<li><strong>T\u00f6megn\u00f6vel\u0151 vastags\u00e1g<\/strong>: A vastags\u00e1g kisz\u00e1m\u00edt\u00e1sa t\u00f6bb egym\u00e1sra helyezett lap m\u00e9r\u00e9s\u00e9vel t\u00f6rt\u00e9nik, ami k\u00fcl\u00f6n\u00f6sen hasznos az \u00f6mlesztett anyagok elemz\u00e9s\u00e9t ig\u00e9nyl\u0151 alkalmaz\u00e1sokban.<\/li>\n<\/ul>\n<h2>Az ISO 534 fontoss\u00e1ga a kartonvastags\u00e1g m\u00e9r\u00e9s\u00e9ben<\/h2>\n<p><a href=\"https:\/\/www.iso.org\/standard\/53060.html\" target=\"_blank\" rel=\"noopener nofollow\">ISO 534<\/a> az a nemzetk\u00f6zi szabv\u00e1ny, amely meghat\u00e1rozza a pap\u00edr- \u00e9s kartonanyagok vastags\u00e1g\u00e1nak meghat\u00e1roz\u00e1s\u00e1ra szolg\u00e1l\u00f3 m\u00f3dszereket. Meghat\u00e1rozza a vizsg\u00e1lati pontoss\u00e1gra, a kalibr\u00e1l\u00e1sra \u00e9s a berendez\u00e9sekre vonatkoz\u00f3 k\u00f6vetelm\u00e9nyeket, \u00e9s ez\u00e1ltal alapvet\u0151 fontoss\u00e1g\u00fa a megb\u00edzhat\u00f3 \u00e9s megism\u00e9telhet\u0151 vastags\u00e1gm\u00e9r\u00e9sek biztos\u00edt\u00e1s\u00e1hoz. A <strong>ZBH-01 Pap\u00edr \u00e9s karton vastags\u00e1gm\u00e9r\u0151<\/strong> az ISO 534 szabv\u00e1nyoknak megfelel\u0151en kalibr\u00e1lt, \u00edgy biztos\u00edtva, hogy konzisztens, megfelel\u0151 eredm\u00e9nyeket adjon. A kapcsol\u00f3d\u00f3 szabv\u00e1nyok, mint p\u00e9ld\u00e1ul a GB\/T 451.3, szint\u00e9n t\u00e1mogatj\u00e1k ezeket a min\u0151s\u00e9gi int\u00e9zked\u00e9seket.<\/p>\n<h2>A kartonvastags\u00e1gm\u00e9r\u0151 m\u0171szaki adatai<\/h2>\n<ul>\n<li><strong>Teszt tartom\u00e1ny<\/strong>: 0-4 mm, lehet\u0151v\u00e9 t\u00e9ve a k\u00fcl\u00f6nb\u00f6z\u0151 karton t\u00edpusok m\u00e9r\u00e9s\u00e9t.<\/li>\n<li><strong>Felbont\u00e1s<\/strong>: Nagy pontoss\u00e1g\u00fa, 0,001 mm-es felbont\u00e1ssal a pontos m\u00e9r\u00e9sekhez.<\/li>\n<li><strong>Kapcsolattart\u00e1si ter\u00fclet<\/strong>: 200\u00b15 mm\u00b2, az ISO 534 szabv\u00e1ny egys\u00e9ges m\u00e9r\u00e9si k\u00f6vetelm\u00e9nyeinek megfelel\u0151en.<\/li>\n<li><strong>Kapcsolat Nyom\u00e1s<\/strong>: 100\u00b110 kPa, az ISO 534 szabv\u00e1nyban meghat\u00e1rozottak szerint, a m\u00e9r\u00e9si integrit\u00e1s meg\u0151rz\u00e9se \u00e9rdek\u00e9ben.<\/li>\n<li><strong>Fel\u00fcleti p\u00e1rhuzamoss\u00e1g m\u00e9r\u00e9se<\/strong>: \u22640,005 mm, ami biztos\u00edtja az egyes leolvas\u00e1sok pontoss\u00e1g\u00e1t.<\/li>\n<li><strong>Megjelen\u00edt\u00e9si hiba<\/strong>: \u00b10,05%, ami rendk\u00edv\u00fcl pontos leolvas\u00e1st biztos\u00edt a k\u00f6vetkezetes min\u0151s\u00e9gellen\u0151rz\u00e9shez.<\/li>\n<\/ul>\n<h2>Hogyan m\u0171k\u00f6dik a kartonvastags\u00e1g m\u00e9r\u0151m\u0171szer<\/h2>\n<p>A <strong>ZBH-01 Pap\u00edr \u00e9s karton vastags\u00e1gm\u00e9r\u0151<\/strong> k\u00e9t k\u00f6r alak\u00fa nyom\u00e1sfel\u00fclettel rendelkezik a stabil m\u00e9r\u00e9s \u00e9rdek\u00e9ben. A r\u00f6gz\u00edtett als\u00f3 fel\u00fclet (\u00fcll\u0151) \u00e9s a mozgathat\u00f3 fels\u0151 fel\u00fclet optim\u00e1lis vizsg\u00e1lati fel\u00fcletet hoz l\u00e9tre, amely megfelel az ISO 534 ir\u00e1nyelveknek. A fels\u0151 fel\u00fclet az \u00fcll\u0151re mer\u0151legesen mozog, \u00e9s biztos\u00edtja a pontos \u00e9rintkez\u00e9st. A <strong>Null\u00e1z\u00e1s vissza\u00e1ll\u00edt\u00e1sa<\/strong> funkci\u00f3 lehet\u0151v\u00e9 teszi a m\u00e9r\u0151eszk\u00f6z kalibr\u00e1l\u00e1s\u00e1t minden egyes haszn\u00e1lat el\u0151tt, \u00edgy biztos\u00edtva megb\u00edzhat\u00f3, megism\u00e9telhet\u0151 eredm\u00e9nyeket minden egyes m\u00e9r\u00e9sn\u00e9l.<\/p>\n<h2>Karton vastags\u00e1gm\u00e9r\u0151<\/h2>\n<ul>\n<li><strong>Mi az egy lap vastags\u00e1ga?<\/strong><br \/>\nAz egyes lapvastags\u00e1g az egyes lapok k\u00e9t fel\u00fclete k\u00f6z\u00f6tti t\u00e1vols\u00e1g m\u00e9r\u00e9se statikus terhel\u00e9s alatt, ami megb\u00edzhat\u00f3 \u00e9rt\u00e9kel\u00e9st ad az egyedi pap\u00edrvastags\u00e1gr\u00f3l.<\/li>\n<li><strong>Mi a t\u00e9rfogatn\u00f6vel\u0151 vastags\u00e1g?<\/strong><br \/>\nA k\u00f6tegvastags\u00e1g a k\u00f6tegben l\u00e9v\u0151 t\u00f6bb lap egy\u00fcttes vastags\u00e1g\u00e1t m\u00e9ri, ami hasznos az \u00f6mlesztett anyagok \u00e9rt\u00e9kel\u00e9s\u00e9hez.<\/li>\n<li><strong>Hogyan befoly\u00e1solja az ISO 534 a m\u00e9r\u00e9si pontoss\u00e1got?<\/strong><br \/>\nAz ISO 534 meghat\u00e1rozza a vizsg\u00e1lati param\u00e9tereket \u00e9s a kalibr\u00e1ci\u00f3s szabv\u00e1nyokat, biztos\u00edtva a vastags\u00e1gm\u00e9r\u00e9sek k\u00f6vetkezetess\u00e9g\u00e9t \u00e9s megb\u00edzhat\u00f3s\u00e1g\u00e1t az alkalmaz\u00e1sokban.<\/li>\n<li><strong>Haszn\u00e1lhat\u00f3-e a m\u00e9r\u0151eszk\u00f6z hull\u00e1mpap\u00edrhoz?<\/strong><br \/>\nNem, a hull\u00e1mpap\u00edr egyedi szerkezeti tulajdons\u00e1gai miatt nem alkalmas hull\u00e1mpap\u00edrhoz.<\/li>\n<li><strong>Lehets\u00e9ges a m\u00e9rt\u00e9kegys\u00e9gek \u00e1tv\u00e1lt\u00e1sa?<\/strong><br \/>\nIgen, a m\u00e9r\u0151eszk\u00f6z t\u00e1mogatja az egys\u00e9gek \u00e1tv\u00e1lt\u00e1s\u00e1t, \u00edgy rugalmasan alkalmazkodik a k\u00fcl\u00f6nb\u00f6z\u0151 vizsg\u00e1lati k\u00f6vetelm\u00e9nyekhez.<\/li>\n<\/ul>\n<h2>A kartonvastags\u00e1gm\u00e9r\u0151 haszn\u00e1lat\u00e1nak el\u0151nyei a min\u0151s\u00e9gellen\u0151rz\u00e9sben<\/h2>\n<p>A <strong>Karton vastags\u00e1gm\u00e9r\u0151<\/strong> sz\u00e1mos kulcsfontoss\u00e1g\u00fa el\u0151nnyel j\u00e1r:<\/p>\n<ul>\n<li><strong>A term\u00e9k megb\u00edzhat\u00f3s\u00e1ga<\/strong>: Biztos\u00edtja, hogy minden egyes t\u00e9tel megfeleljen a meghat\u00e1rozott vastags\u00e1gi krit\u00e9riumoknak, fenntartva a term\u00e9k min\u0151s\u00e9g\u00e9t \u00e9s egyenletess\u00e9g\u00e9t.<\/li>\n<li><strong>Szab\u00e1lyoz\u00e1si megfelel\u00e9s<\/strong>: Megfelel az ISO 534 szabv\u00e1nynak, ami a szab\u00e1lyozott ipar\u00e1gakban elengedhetetlen a megfelel\u0151s\u00e9ghez.<\/li>\n<li><strong>Fokozott min\u0151s\u00e9gbiztos\u00edt\u00e1s<\/strong>: Seg\u00edt megel\u0151zni az anyagpazarl\u00e1st, optimaliz\u00e1lja a termel\u00e9st \u00e9s megfelel az ipari szabv\u00e1nyoknak.<\/li>\n<\/ul>\n<p>A <strong>Karton vastags\u00e1gm\u00e9r\u0151<\/strong> n\u00e9lk\u00fcl\u00f6zhetetlen m\u0171szer a pontos, megism\u00e9telhet\u0151 vastags\u00e1gm\u00e9r\u00e9sek elv\u00e9gz\u00e9s\u00e9hez, a k\u00f6vetkez\u0151knek megfelel\u0151en <strong>ISO 534<\/strong>. Nagy pontoss\u00e1g\u00e1val, k\u00f6nny\u0171 haszn\u00e1lhat\u00f3s\u00e1g\u00e1val \u00e9s az ipari szabv\u00e1nyok betart\u00e1s\u00e1val a ZBH-01 ide\u00e1lis a megb\u00edzhat\u00f3 vastags\u00e1gi adatokat keres\u0151 gy\u00e1rt\u00f3k \u00e9s min\u0151s\u00e9gellen\u0151r\u00f6k sz\u00e1m\u00e1ra. V\u00e1lassza a ZBH-01-et a fejlett funkci\u00f3k \u00e9s a prec\u00edz, felhaszn\u00e1l\u00f3bar\u00e1t kialak\u00edt\u00e1s miatt, hogy fokozza a min\u0151s\u00e9gellen\u0151rz\u00e9st az \u00d6n m\u0171veleteiben.<\/p>\n<div id=\"gtx-anchor\" style=\"position: absolute; visibility: hidden; left: 353.094px; top: 1635.44px; width: 58.3125px; height: 19px;\"><\/div>\n<div class=\"jfk-bubble gtx-bubble\" style=\"visibility: visible; left: -285px; top: 1467px; opacity: 1;\" role=\"alertdialog\" aria-describedby=\"bubble-2\">\n<div id=\"bubble-2\" class=\"jfk-bubble-content-id\">\n<div id=\"gtx-host\" style=\"min-width: 200px; max-width: 400px;\"><\/div>\n<\/div>\n<div class=\"jfk-bubble-closebtn-id jfk-bubble-closebtn\" tabindex=\"0\" role=\"button\" aria-label=\"Z\u00e1rja be a\"><\/div>\n<div class=\"jfk-bubble-arrow-id jfk-bubble-arrow jfk-bubble-arrowdown\" style=\"left: 382.094px;\">\n<div class=\"jfk-bubble-arrowimplbefore\"><\/div>\n<div class=\"jfk-bubble-arrowimplafter\"><\/div>\n<\/div>\n<\/div>","protected":false},"excerpt":{"rendered":"<p>A <strong>Karton vastags\u00e1gm\u00e9r\u0151<\/strong> egy alapvet\u0151 fontoss\u00e1g\u00fa eszk\u00f6z, amelyet a pap\u00edr \u00e9s a karton pontos vastags\u00e1g\u00e1nak m\u00e9r\u00e9s\u00e9re terveztek, biztos\u00edtva az anyagok konzisztenci\u00e1j\u00e1t \u00e9s min\u0151s\u00e9g\u00e9t. Ezt a m\u00e9r\u0151eszk\u00f6zt sz\u00e9les k\u00f6rben haszn\u00e1lj\u00e1k olyan ipar\u00e1gakban, mint a csomagol\u00f3ipar, az \u00e9lelmiszer- \u00e9s italgy\u00e1rt\u00e1s, az orvostudom\u00e1ny \u00e9s az elektronika, ahol a pontos vastags\u00e1gm\u00e9r\u00e9s elengedhetetlen a term\u00e9kmin\u0151s\u00e9g \u00e9s a jogszab\u00e1lyi megfelel\u00e9s szempontj\u00e1b\u00f3l. Nagy pontoss\u00e1g\u00e1val \u00e9s felhaszn\u00e1l\u00f3bar\u00e1t funkci\u00f3ival ez a m\u00e9r\u0151eszk\u00f6z megfelel a min\u0151s\u00e9gellen\u0151rz\u00e9ssel \u00e9s term\u00e9kfejleszt\u00e9ssel foglalkoz\u00f3 szakemberek ig\u00e9nyeinek.<\/p>","protected":false},"featured_media":6295,"comment_status":"closed","ping_status":"closed","template":"","meta":{"site-sidebar-layout":"default","site-content-layout":"default","ast-global-header-display":"","ast-main-header-display":"","ast-hfb-above-header-display":"","ast-hfb-below-header-display":"","ast-hfb-mobile-header-display":"","site-post-title":"","ast-breadcrumbs-content":"","ast-featured-img":"","footer-sml-layout":"","theme-transparent-header-meta":"default","adv-header-id-meta":"","stick-header-meta":"","header-above-stick-meta":"","header-main-stick-meta":"","header-below-stick-meta":""},"product_cat":[845,953,956,955,954,957,958,952,959,962,685,44,16,164,95],"product_tag":[],"class_list":{"0":"post-5366","1":"product","2":"type-product","3":"status-publish","4":"has-post-thumbnail","6":"product_cat-customization","7":"product_cat-bursting-tester","8":"product_cat-cobb-tester","9":"product_cat-crush-tester","10":"product_cat-paper-tear-tester","11":"product_cat-plybond-tester","12":"product_cat-puncture-tester","13":"product_cat-rub-tester","14":"product_cat-stiffness-tester","15":"product_cat-thickness-gauges","16":"product_cat-thickness-tester","17":"product_cat-paper-and-board-testers","18":"product_cat-plastic-packaging-testers","19":"product_cat-iso-534","20":"product_cat-products","21":"desktop-align-left","22":"tablet-align-left","23":"mobile-align-left","25":"first","26":"instock","27":"shipping-taxable","28":"product-type-simple"},"_links":{"self":[{"href":"https:\/\/www.qualitester.com\/hu\/wp-json\/wp\/v2\/product\/5366","targetHints":{"allow":["GET"]}}],"collection":[{"href":"https:\/\/www.qualitester.com\/hu\/wp-json\/wp\/v2\/product"}],"about":[{"href":"https:\/\/www.qualitester.com\/hu\/wp-json\/wp\/v2\/types\/product"}],"replies":[{"embeddable":true,"href":"https:\/\/www.qualitester.com\/hu\/wp-json\/wp\/v2\/comments?post=5366"}],"version-history":[{"count":0,"href":"https:\/\/www.qualitester.com\/hu\/wp-json\/wp\/v2\/product\/5366\/revisions"}],"wp:featuredmedia":[{"embeddable":true,"href":"https:\/\/www.qualitester.com\/hu\/wp-json\/wp\/v2\/media\/6295"}],"wp:attachment":[{"href":"https:\/\/www.qualitester.com\/hu\/wp-json\/wp\/v2\/media?parent=5366"}],"wp:term":[{"taxonomy":"product_cat","embeddable":true,"href":"https:\/\/www.qualitester.com\/hu\/wp-json\/wp\/v2\/product_cat?post=5366"},{"taxonomy":"product_tag","embeddable":true,"href":"https:\/\/www.qualitester.com\/hu\/wp-json\/wp\/v2\/product_tag?post=5366"}],"curies":[{"name":"wp","href":"https:\/\/api.w.org\/{rel}","templated":true}]}}