{"id":5348,"date":"2024-11-14T11:21:52","date_gmt":"2024-11-14T03:21:52","guid":{"rendered":"https:\/\/www.qualitester.com\/?post_type=product&#038;p=5348"},"modified":"2024-12-05T15:24:30","modified_gmt":"2024-12-05T07:24:30","slug":"sale-crush-resistance-tester","status":"publish","type":"product","link":"https:\/\/www.qualitester.com\/hu\/termek\/sale-crush-resistance-tester\/","title":{"rendered":"YSD-01 z\u00faz\u00e1sm\u00e9r\u0151"},"content":{"rendered":"<h2>A t\u00f6r\u00e9s\u00e1ll\u00f3s\u00e1gi tesztel\u0151 \u00e1ttekint\u00e9se<\/h2>\n<p>Az YSD-01 (YSD-01) egy nagy pontoss\u00e1g\u00fa vizsg\u00e1lati eszk\u00f6z, amelyet a csomagol\u00f3anyagok, k\u00fcl\u00f6n\u00f6sen a farostlemez \u00e9s a hull\u00e1mpap\u00edr nyom\u00f3szil\u00e1rds\u00e1g\u00e1nak \u00e9rt\u00e9kel\u00e9s\u00e9re terveztek. Ez a tesztel\u0151 n\u00e9lk\u00fcl\u00f6zhetetlen azon ipar\u00e1gak sz\u00e1m\u00e1ra, amelyek tart\u00f3s \u00e9s rugalmas csomagol\u00e1sra t\u00e1maszkodnak a term\u00e9kek t\u00e1rol\u00e1s \u00e9s sz\u00e1ll\u00edt\u00e1s k\u00f6zbeni v\u00e9delme \u00e9rdek\u00e9ben. Az YSD-01 az anyagok \u00e1ltal elviselhet\u0151 s\u00edkbeli nyom\u00f3er\u0151k pontos m\u00e9r\u00e9s\u00e9vel biztos\u00edtja, hogy a csomagol\u00e1s megfeleljen az el\u0151\u00edrt teljes\u00edtm\u00e9nynorm\u00e1knak, cs\u00f6kkentve a term\u00e9k sz\u00e1ll\u00edt\u00e1s k\u00f6zbeni k\u00e1rosod\u00e1s\u00e1nak kock\u00e1zat\u00e1t.<\/p>\n<h2>A z\u00faz\u00e1si ellen\u00e1ll\u00e1s-vizsg\u00e1l\u00f3 legfontosabb alkalmaz\u00e1sai<\/h2>\n<ul>\n<li>Csomagol\u00e1si \u00e9s sz\u00e1ll\u00edt\u00e1si ipar: Ez a tesztel\u0151 felbecs\u00fclhetetlen \u00e9rt\u00e9k\u0171 a csomagol\u00e1si \u00e1gazatban haszn\u00e1lt farostlemez \u00e9s hull\u00e1mkarton tart\u00e1lyok \u00e9rt\u00e9kel\u00e9s\u00e9ben. Ezen anyagok nyom\u00f3\u00e1ll\u00f3s\u00e1g\u00e1nak \u00e9rt\u00e9kel\u00e9s\u00e9vel a gy\u00e1rt\u00f3k optimaliz\u00e1lhatj\u00e1k a csomagol\u00e1stervez\u00e9st, hogy ellen\u00e1lljon a kezel\u00e9s, rak\u00e1sol\u00e1s \u00e9s sz\u00e1ll\u00edt\u00e1s sor\u00e1n fell\u00e9p\u0151 k\u00fcl\u00f6nb\u00f6z\u0151 nyom\u00f3er\u0151knek.<\/li>\n<li>A t\u00f6r\u00e9s\u00e1ll\u00f3s\u00e1gi vizsg\u00e1latb\u00f3l hasznot h\u00faz\u00f3 ipar\u00e1gak: A t\u00f6r\u00e9s\u00e1ll\u00f3s\u00e1gi tesztel\u0151 sz\u00e1mos ipar\u00e1gban t\u00e1mogatja a min\u0151s\u00e9gellen\u0151rz\u00e9st, bele\u00e9rtve az \u00e9lelmiszer- \u00e9s italgy\u00e1rt\u00e1st, a gy\u00f3gyszeripart, az elektronik\u00e1t, a napi vegyszereket \u00e9s m\u00e9g sok m\u00e1s ipar\u00e1gat. A csomagol\u00e1s tart\u00f3ss\u00e1g\u00e1nak biztos\u00edt\u00e1s\u00e1val seg\u00edti a term\u00e9k integrit\u00e1s\u00e1nak meg\u0151rz\u00e9s\u00e9t a gy\u00e1rt\u00e1st\u00f3l a v\u00e9gfelhaszn\u00e1l\u00e1sig.<\/li>\n<\/ul>\n<h2>A t\u00f6r\u00e9s\u00e1ll\u00f3s\u00e1gi tesztek t\u00edpusainak \u00e9s m\u00f3dszereinek meg\u00e9rt\u00e9se<\/h2>\n<p>Az YSD-01 sokoldal\u00faan haszn\u00e1lhat\u00f3, \u00e9s sz\u00e1mos nyom\u00f3szil\u00e1rds\u00e1gi vizsg\u00e1lat elv\u00e9gz\u00e9s\u00e9re alkalmas. Mindegyik vizsg\u00e1lat a csomagol\u00f3anyagok speci\u00e1lis jellemz\u0151it \u00e9rt\u00e9keli, hogy biztos\u00edtsa, hogy azok megfelelnek az ipar\u00e1g szigor\u00fa k\u00f6vetelm\u00e9nyeinek.<\/p>\n<ul>\n<li>Edgewise Crush Test (ECT): Ez a vizsg\u00e1lat a farostlemezben a hornyok tengely\u00e9re mer\u0151legesen a peremir\u00e1ny\u00fa nyom\u00f3szil\u00e1rds\u00e1got vizsg\u00e1lja. Az ECT kritikus m\u00e9r\u0151sz\u00e1m a hull\u00e1mpap\u00edr csomagol\u00f3anyagok rakod\u00e1si szil\u00e1rds\u00e1g\u00e1nak \u00e9rt\u00e9kel\u00e9s\u00e9hez.<\/li>\n<li>Ring Crush Test (RCT): Az RCT a pap\u00edr \u00e9s a karton peremir\u00e1ny\u00fa nyom\u00f3szil\u00e1rds\u00e1g\u00e1t vagy gy\u0171r\u0171s nyom\u00f3szil\u00e1rds\u00e1g\u00e1t hat\u00e1rozza meg. Ez a vizsg\u00e1lat betekint\u00e9st ny\u00fajt az anyag szerkezeti integrit\u00e1s\u00e1ba \u00e9s a nyom\u00f3er\u0151kkel szembeni ellen\u00e1ll\u00e1s\u00e1ba.<\/li>\n<li>T\u00fcsk\u00e9k tapad\u00e1si vizsg\u00e1lata (PAT): A PAT a hull\u00e1mkarton hull\u00e1mhegyek \u00e9s a b\u00e9l\u00e9skarton burkolatok k\u00f6z\u00f6tti sz\u00e9tv\u00e1laszt\u00e1s\u00e1hoz sz\u00fcks\u00e9ges er\u0151 m\u00e9r\u00e9s\u00e9re szolg\u00e1l, \u00e9s d\u00f6nt\u0151 fontoss\u00e1g\u00fa a hull\u00e1mkarton r\u00e9tegeken bel\u00fcli ragaszt\u00e1si szil\u00e1rds\u00e1g biztos\u00edt\u00e1s\u00e1hoz.<\/li>\n<li>Lapos nyom\u00f3vizsg\u00e1lat (FCT): Ez a vizsg\u00e1lat az egyoldalas \u00e9s egyfal\u00fa hull\u00e1mpap\u00edr lapos nyom\u00f3szil\u00e1rds\u00e1g\u00e1t m\u00e9ri. Az FCT alapvet\u0151 fontoss\u00e1g\u00fa annak meg\u00e9rt\u00e9s\u00e9hez, hogy az anyag mennyire k\u00e9pes ellen\u00e1llni a fel\u00fclet\u00e9re hat\u00f3 nyom\u00f3er\u0151knek.<\/li>\n<li>Hull\u00e1mos\u00edt\u00f3k\u00f6zeg-vizsg\u00e1lat (CMT): A CMT-vizsg\u00e1lat a hull\u00e1mos\u00edt\u00f3 k\u00f6zeg s\u00edkbeli nyom\u00f3szil\u00e1rds\u00e1g\u00e1t \u00e9rt\u00e9keli a laborat\u00f3riumi hull\u00e1mos\u00edt\u00e1s ut\u00e1n, ami seg\u00edt biztos\u00edtani a k\u00f6zeg tart\u00f3ss\u00e1g\u00e1t a val\u00f3s alkalmaz\u00e1sokban.<\/li>\n<li>Concora Crush Test (CCT): Ez a vizsg\u00e1lat azt a maxim\u00e1lis sz\u00e9ls\u0151 nyom\u00f3er\u0151t m\u00e9ri, amelyet egy laborat\u00f3riumi hull\u00e1mos\u00edtott pr\u00f3badarab a meghib\u00e1sod\u00e1s el\u0151tt elvisel, ami kritikus a hull\u00e1mos\u00edt\u00f3 k\u00f6zeg teherb\u00edr\u00e1s\u00e1nak \u00e9rt\u00e9kel\u00e9s\u00e9hez.<\/li>\n<\/ul>\n<h2>A t\u00f6r\u00e9s\u00e1ll\u00f3s\u00e1g vizsg\u00e1lat\u00e1ra vonatkoz\u00f3 szabv\u00e1nyok<\/h2>\n<p>A nyom\u00f3ellen\u00e1ll\u00e1s-vizsg\u00e1l\u00f3 sz\u00e1mos ipari szabv\u00e1nyt betart, amelyek k\u00f6vetkezetes, pontos \u00e9s megb\u00edzhat\u00f3 vizsg\u00e1lati eredm\u00e9nyeket biztos\u00edtanak:<\/p>\n<ul>\n<li>RCT szabv\u00e1nyok: SZABV\u00c1NYOK: GB\/T 2679.8, <a href=\"https:\/\/www.iso.org\/standard\/51263.html\" target=\"_blank\" rel=\"noopener nofollow\">ISO 12192<\/a>, TAPPI T822 - Ezek a szabv\u00e1nyok a gy\u0171r\u0171k nyom\u00f3szil\u00e1rds\u00e1g\u00e1nak m\u00e9r\u00e9s\u00e9re vonatkoz\u00f3 protokollokat \u00e1llap\u00edtanak meg.<\/li>\n<li>ECT-szabv\u00e1nyok: GB\/T 6546, <a href=\"https:\/\/www.iso.org\/standard\/80310.html\" target=\"_blank\" rel=\"noopener nofollow\">ISO 3037<\/a>, TAPPI T811, T838, T839 - Biztos\u00edtja az \u00e9les nyom\u00f3szil\u00e1rds\u00e1g vizsg\u00e1lat\u00e1nak pontoss\u00e1g\u00e1t a csomagol\u00e1si alkalmaz\u00e1sokhoz.<\/li>\n<li>PAT szabv\u00e1nyok: GB\/T 6548, TAPPI T821, JIS Z 0402 - Meghat\u00e1rozza a hull\u00e1mpap\u00edr hull\u00e1mpap\u00edrban a hull\u00e1mhegyek \u00e9s a b\u00e9l\u00e9spap\u00edr k\u00f6z\u00f6tti tapad\u00e1s m\u00e9r\u00e9s\u00e9nek vizsg\u00e1lati m\u00f3dszereit.<\/li>\n<li>FCT szabv\u00e1nyok: GB\/T 22874, ISO 3035, TAPPI T825 - A hull\u00e1mpap\u00edrlapok s\u00edkbeli nyom\u00f3szil\u00e1rds\u00e1g\u00e1nak vizsg\u00e1lat\u00e1ra vonatkoz\u00f3 elj\u00e1r\u00e1sokat szab\u00e1lyozza.<\/li>\n<li>CMT szabv\u00e1nyok: szabv\u00e1nyok: ISO 7263-1, TAPPI T809, QB\/T 1061, GB 2679.6 - Szabv\u00e1nyos\u00edtott ir\u00e1nyelveket ad a hull\u00e1mpap\u00edr-k\u00f6zegek s\u00edkbeli nyom\u00f3szil\u00e1rds\u00e1g\u00e1nak \u00e9rt\u00e9kel\u00e9s\u00e9hez.<\/li>\n<li>CCT szabv\u00e1nyok: Meghat\u00e1rozza a laborat\u00f3riumi bord\u00e1zott pr\u00f3badarabok \u00e9lir\u00e1ny\u00fa nyom\u00f3erej\u00e9nek \u00e9rt\u00e9kel\u00e9s\u00e9re vonatkoz\u00f3 m\u00e9rc\u00e9t.<\/li>\n<\/ul>\n<p>Ezek a szabv\u00e1nyok t\u00e1mogatj\u00e1k a min\u0151s\u00e9gbiztos\u00edt\u00e1st az\u00e1ltal, hogy a tesztel\u0151 teljes\u00edtm\u00e9ny\u00e9t k\u00fcl\u00f6nb\u00f6z\u0151 nyom\u00f3szil\u00e1rds\u00e1gi m\u00e9r\u00e9sek sor\u00e1n valid\u00e1lj\u00e1k, biztos\u00edtva, hogy az anyagok megfeleljenek a tart\u00f3ss\u00e1gra \u00e9s szil\u00e1rds\u00e1gra vonatkoz\u00f3 magas ipari szabv\u00e1nyoknak.<\/p>\n<h2>A t\u00f6r\u00e9s\u00e1ll\u00f3s\u00e1gi tesztel\u0151 (YSD-01) m\u0171szaki adatai<\/h2>\n<table>\n<tbody>\n<tr>\n<td style=\"text-align: center;\" width=\"167\">Teszt tartom\u00e1ny<\/td>\n<td style=\"text-align: center;\" width=\"167\">5~3000N<\/td>\n<\/tr>\n<tr>\n<td style=\"text-align: center;\" width=\"167\">Pontoss\u00e1g<\/td>\n<td style=\"text-align: center;\" width=\"167\">\u2264\u00b11%<\/td>\n<\/tr>\n<tr>\n<td style=\"text-align: center;\" width=\"167\">Felbont\u00e1s<\/td>\n<td style=\"text-align: center;\" width=\"167\">0.01N<\/td>\n<\/tr>\n<tr>\n<td style=\"text-align: center;\" width=\"167\">Lemezp\u00e1rhuzamoss\u00e1g<\/td>\n<td style=\"text-align: center;\" width=\"167\">\u22640.05mm<\/td>\n<\/tr>\n<tr>\n<td style=\"text-align: center;\" width=\"167\">Teszt sebess\u00e9g<\/td>\n<td style=\"text-align: center;\" width=\"167\">12,5\u00b11mm\/min<\/td>\n<\/tr>\n<tr>\n<td style=\"text-align: center;\" width=\"167\">T\u00e1ny\u00e9r\u00e1tm\u00e9r\u0151<\/td>\n<td style=\"text-align: center;\" width=\"167\">125mm<\/td>\n<\/tr>\n<tr>\n<td style=\"text-align: center;\" width=\"167\">Stroke<\/td>\n<td style=\"text-align: center;\" width=\"167\">80mm<\/td>\n<\/tr>\n<tr>\n<td style=\"text-align: center;\" width=\"167\">Teszt \u00fczemm\u00f3d<\/td>\n<td style=\"text-align: center;\" width=\"167\">RCT, ECT, FCT, PAT, CMT, CCT<\/td>\n<\/tr>\n<tr>\n<td style=\"text-align: center;\" width=\"167\">HMI<\/td>\n<td style=\"text-align: center;\" width=\"167\">7 h\u00fcvelykes \u00e9rint\u0151k\u00e9perny\u0151s kijelz\u0151<\/td>\n<\/tr>\n<tr>\n<td style=\"text-align: center;\" width=\"167\">Kimenet nyomtat\u00e1sa<\/td>\n<td style=\"text-align: center;\" width=\"167\">Integr\u00e1lt h\u0151nyomtat\u00f3<\/td>\n<\/tr>\n<tr>\n<td style=\"text-align: center;\" width=\"167\">M\u00e9retek<\/td>\n<td style=\"text-align: center;\" width=\"167\">400*360*550mm<\/td>\n<\/tr>\n<tr>\n<td style=\"text-align: center;\" width=\"167\">S\u00faly<\/td>\n<td style=\"text-align: center;\" width=\"167\">K\u00f6r\u00fclbel\u00fcl 45kg<\/td>\n<\/tr>\n<\/tbody>\n<\/table>\n<h2>A t\u00f6r\u00e9s\u00e1ll\u00f3s\u00e1gi tesztel\u0151 el\u0151nyei<\/h2>\n<ul>\n<li>Precizit\u00e1s \u00e9s megb\u00edzhat\u00f3s\u00e1g: Az YSD-01 prec\u00edz m\u00e9r\u00e9st biztos\u00edt minim\u00e1lis hib\u00e1val, \u00edgy ide\u00e1lis az ig\u00e9nyes min\u0151s\u00e9gellen\u0151rz\u00e9si k\u00f6rnyezetekben.<\/li>\n<li>Sokoldal\u00fas\u00e1g a vizsg\u00e1lati m\u00f3dszerek k\u00f6z\u00f6tt: A k\u00fcl\u00f6nb\u00f6z\u0151 nyom\u00f3vizsg\u00e1latokra val\u00f3 k\u00e9pess\u00e9gekkel a tesztel\u0151 lehet\u0151v\u00e9 teszi a v\u00e1llalatok sz\u00e1m\u00e1ra, hogy egyetlen egys\u00e9gen bel\u00fcl \u00e1tfog\u00f3 \u00e9rt\u00e9kel\u00e9st v\u00e9gezzenek az anyag szil\u00e1rds\u00e1g\u00e1r\u00f3l \u00e9s teljes\u00edtm\u00e9ny\u00e9r\u0151l.<\/li>\n<li>Felhaszn\u00e1l\u00f3bar\u00e1t m\u0171k\u00f6d\u00e9s: A 7 h\u00fcvelykes \u00e9rint\u0151k\u00e9perny\u0151 \u00e9s a be\u00e9p\u00edtett h\u0151nyomtat\u00f3 leegyszer\u0171s\u00edti a tesztel\u00e9si folyamatokat, lehet\u0151v\u00e9 t\u00e9ve a felhaszn\u00e1l\u00f3k sz\u00e1m\u00e1ra a gyors be\u00e1ll\u00edt\u00e1st, v\u00e9grehajt\u00e1st \u00e9s az eredm\u00e9nyek dokument\u00e1l\u00e1s\u00e1t.<\/li>\n<\/ul>\n<p>A nyom\u00f3ellen\u00e1ll\u00e1s-vizsg\u00e1l\u00f3 (YSD-01) n\u00e9lk\u00fcl\u00f6zhetetlen eszk\u00f6z a magas csomagol\u00e1si min\u0151s\u00e9gi szabv\u00e1nyok betart\u00e1s\u00e1ra \u00f6sszpontos\u00edt\u00f3 ipar\u00e1gak sz\u00e1m\u00e1ra. Sokoldal\u00fa vizsg\u00e1lati k\u00e9pess\u00e9gei, az ipari szabv\u00e1nyokhoz val\u00f3 ragaszkod\u00e1sa \u00e9s a nagy pontoss\u00e1g\u00fa eredm\u00e9nyek \u00e9rt\u00e9kes eszk\u00f6zz\u00e9 teszik a k\u00e9sz\u00fcl\u00e9ket azon v\u00e1llalatok sz\u00e1m\u00e1ra, amelyeknek a term\u00e9kbiztons\u00e1got \u00e9s a csomagol\u00e1s integrit\u00e1s\u00e1t kell biztos\u00edtaniuk az ell\u00e1t\u00e1si l\u00e1ncban.<\/p>","protected":false},"excerpt":{"rendered":"<p>A <strong>T\u00f6r\u00e9s\u00e1ll\u00f3s\u00e1gi tesztel\u0151 (YSD-01)<\/strong> egy nagy pontoss\u00e1g\u00fa vizsg\u00e1l\u00f3eszk\u00f6z, amelyet a csomagol\u00f3anyagok, k\u00fcl\u00f6n\u00f6sen a farostlemez \u00e9s a hull\u00e1mpap\u00edr nyom\u00f3szil\u00e1rds\u00e1g\u00e1nak \u00e9rt\u00e9kel\u00e9s\u00e9re terveztek. Ez a tesztel\u0151 n\u00e9lk\u00fcl\u00f6zhetetlen azon ipar\u00e1gak sz\u00e1m\u00e1ra, amelyek a term\u00e9kek t\u00e1rol\u00e1s \u00e9s sz\u00e1ll\u00edt\u00e1s k\u00f6zbeni v\u00e9delme \u00e9rdek\u00e9ben tart\u00f3s \u00e9s rugalmas csomagol\u00e1sra t\u00e1maszkodnak. Az YSD-01 az anyagok \u00e1ltal elviselhet\u0151 s\u00edkbeli nyom\u00f3er\u0151k pontos m\u00e9r\u00e9s\u00e9vel biztos\u00edtja, hogy a csomagol\u00e1s megfeleljen az el\u0151\u00edrt teljes\u00edtm\u00e9nynorm\u00e1knak, cs\u00f6kkentve a term\u00e9k sz\u00e1ll\u00edt\u00e1s k\u00f6zbeni k\u00e1rosod\u00e1s\u00e1nak kock\u00e1zat\u00e1t.<\/p>","protected":false},"featured_media":6293,"comment_status":"closed","ping_status":"closed","template":"","meta":{"site-sidebar-layout":"default","site-content-layout":"default","ast-global-header-display":"","ast-main-header-display":"","ast-hfb-above-header-display":"","ast-hfb-below-header-display":"","ast-hfb-mobile-header-display":"","site-post-title":"","ast-breadcrumbs-content":"","ast-featured-img":"","footer-sml-layout":"","theme-transparent-header-meta":"default","adv-header-id-meta":"","stick-header-meta":"","header-above-stick-meta":"","header-main-stick-meta":"","header-below-stick-meta":""},"product_cat":[845,953,956,955,1100,1107,1110,1102,954,957,958,952,959,1104,1109,1103,1106,1101,1108,1105,1111,44,95],"product_tag":[],"class_list":{"0":"post-5348","1":"product","2":"type-product","3":"status-publish","4":"has-post-thumbnail","6":"product_cat-customization","7":"product_cat-bursting-tester","8":"product_cat-cobb-tester","9":"product_cat-crush-tester","10":"product_cat-iso-12192","11":"product_cat-iso-3035","12":"product_cat-iso16945","13":"product_cat-iso3037","14":"product_cat-paper-tear-tester","15":"product_cat-plybond-tester","16":"product_cat-puncture-tester","17":"product_cat-rub-tester","18":"product_cat-stiffness-tester","19":"product_cat-tappi-t-838","20":"product_cat-tappi-t809","21":"product_cat-tappi-t811","22":"product_cat-tappi-t821","23":"product_cat-tappi-t822","24":"product_cat-tappi-t825","25":"product_cat-tappi-t839","26":"product_cat-tappi-t843","27":"product_cat-paper-and-board-testers","28":"product_cat-products","29":"desktop-align-left","30":"tablet-align-left","31":"mobile-align-left","33":"first","34":"instock","35":"shipping-taxable","36":"product-type-simple"},"_links":{"self":[{"href":"https:\/\/www.qualitester.com\/hu\/wp-json\/wp\/v2\/product\/5348","targetHints":{"allow":["GET"]}}],"collection":[{"href":"https:\/\/www.qualitester.com\/hu\/wp-json\/wp\/v2\/product"}],"about":[{"href":"https:\/\/www.qualitester.com\/hu\/wp-json\/wp\/v2\/types\/product"}],"replies":[{"embeddable":true,"href":"https:\/\/www.qualitester.com\/hu\/wp-json\/wp\/v2\/comments?post=5348"}],"version-history":[{"count":0,"href":"https:\/\/www.qualitester.com\/hu\/wp-json\/wp\/v2\/product\/5348\/revisions"}],"wp:featuredmedia":[{"embeddable":true,"href":"https:\/\/www.qualitester.com\/hu\/wp-json\/wp\/v2\/media\/6293"}],"wp:attachment":[{"href":"https:\/\/www.qualitester.com\/hu\/wp-json\/wp\/v2\/media?parent=5348"}],"wp:term":[{"taxonomy":"product_cat","embeddable":true,"href":"https:\/\/www.qualitester.com\/hu\/wp-json\/wp\/v2\/product_cat?post=5348"},{"taxonomy":"product_tag","embeddable":true,"href":"https:\/\/www.qualitester.com\/hu\/wp-json\/wp\/v2\/product_tag?post=5348"}],"curies":[{"name":"wp","href":"https:\/\/api.w.org\/{rel}","templated":true}]}}