{"id":5345,"date":"2024-11-14T11:12:56","date_gmt":"2024-11-14T03:12:56","guid":{"rendered":"https:\/\/www.qualitester.com\/?post_type=product&#038;p=5345"},"modified":"2024-12-05T15:21:34","modified_gmt":"2024-12-05T07:21:34","slug":"sale-taber-stiffness-tester-for-paper","status":"publish","type":"product","link":"https:\/\/www.qualitester.com\/hu\/termek\/sale-taber-stiffness-tester-for-paper\/","title":{"rendered":"WTD-02 Taber merevs\u00e9gm\u00e9r\u0151"},"content":{"rendered":"<p>A <strong>Taber merevs\u00e9gm\u00e9r\u0151<\/strong> egy alapvet\u0151 eszk\u00f6z, amelyet a pap\u00edr, karton \u00e9s m\u00e1s nagy t\u00f6meg\u0171 anyagok hajl\u00edt\u00e1si ellen\u00e1ll\u00e1s\u00e1nak \u00e9rt\u00e9kel\u00e9s\u00e9re terveztek. Ez a m\u0171szer olyan ipar\u00e1gakban alkalmazhat\u00f3, mint a csomagol\u00e1s, az orvostechnikai eszk\u00f6z\u00f6k, az elektronika \u00e9s a min\u0151s\u00e9gellen\u0151rz\u00e9s, \u00e9s seg\u00edt a gy\u00e1rt\u00f3knak biztos\u00edtani a term\u00e9kek tart\u00f3ss\u00e1g\u00e1t \u00e9s szerkezeti integrit\u00e1s\u00e1t. A Taber merevs\u00e9gm\u00e9r\u0151 pontos, megb\u00edzhat\u00f3 m\u00e9r\u00e9seket biztos\u00edt, \u00edgy ide\u00e1lis a min\u0151s\u00e9gbiztos\u00edt\u00e1si folyamatokhoz, ahol a pontos merevs\u00e9gi adatok kritikusak.<\/p>\n<h2>A Taber merevs\u00e9gm\u00e9r\u0151 alkalmaz\u00e1sai<\/h2>\n<p>A Taber merevs\u00e9gm\u00e9r\u0151 k\u00e9sz\u00fcl\u00e9ket sz\u00e9les k\u00f6rben haszn\u00e1lj\u00e1k olyan anyagok merevs\u00e9g\u00e9nek m\u00e9r\u00e9s\u00e9re, amelyeknek er\u0151s hajl\u00edt\u00e1si ellen\u00e1ll\u00e1st kell tan\u00fas\u00edtaniuk, mint p\u00e9ld\u00e1ul a csomagol\u00f3anyagok, c\u00edmk\u00e9k, valamint az elektronikai \u00e9s orvosi eszk\u00f6z\u00f6k szerkezeti r\u00e9tegei. Az anyagok hajl\u00edt\u00f3szil\u00e1rds\u00e1g\u00e1nak pontos \u00e9rt\u00e9kel\u00e9s\u00e9re val\u00f3 k\u00e9pess\u00e9g\u00e9vel seg\u00edti az ipar\u00e1gakat a teljes\u00edtm\u00e9nyszabv\u00e1nyoknak val\u00f3 megfelel\u00e9s, a term\u00e9kek hossz\u00fa \u00e9lettartama \u00e9s a csomagol\u00e1si min\u0151s\u00e9g konzisztenci\u00e1j\u00e1nak biztos\u00edt\u00e1s\u00e1ban.<\/p>\n<h2>Vizsg\u00e1lati elv \u00e9s m\u00e9r\u00e9si folyamat<\/h2>\n<p>A <strong>Taber merevs\u00e9gm\u00e9r\u0151<\/strong> \u00fagy m\u0171k\u00f6dik, hogy a vizsg\u00e1lati mint\u00e1t beszor\u00edtja \u00e9s egy el\u0151re meghat\u00e1rozott sz\u00f6gben meghajl\u00edtja, hogy megm\u00e9rje a keletkez\u0151 hajl\u00edt\u00f3nyomat\u00e9kot. A hajl\u00edt\u00f3nyomat\u00e9k, amelyet millinewtonm\u00e9terben (mN-m) fejeznek ki, k\u00f6zvetlen\u00fcl t\u00fckr\u00f6zi az anyag merevs\u00e9g\u00e9t. Az \u00e1ltal\u00e1nos anyagok eset\u00e9ben a 15\u00b0-os sz\u00f6g a szabv\u00e1nyos, m\u00edg a nagyobb sz\u00f6gekn\u00e9l tart\u00f3s deform\u00e1ci\u00f3ra hajlamos \u00e9rz\u00e9keny anyagok eset\u00e9ben 7,5\u00b0-os sz\u00f6g is rendelkez\u00e9sre \u00e1ll. A Taber merevs\u00e9gm\u00e9r\u0151 kialak\u00edt\u00e1sa pontos hajl\u00edt\u00e1si hosszat \u00e9s sebess\u00e9get biztos\u00edt, garant\u00e1lva a min\u0151s\u00e9gellen\u0151rz\u00e9s \u00e9s a kutat\u00e1s c\u00e9ljaira szolg\u00e1l\u00f3 konzisztens eredm\u00e9nyeket.<\/p>\n<h2>A Taber merevs\u00e9gvizsg\u00e1latnak megfelel\u0151 legfontosabb szabv\u00e1nyok<\/h2>\n<p>A <strong>Taber merevs\u00e9gm\u00e9r\u0151<\/strong> megfelel sz\u00e1mos ipari szabv\u00e1nynak, biztos\u00edtva a sokoldal\u00fas\u00e1got \u00e9s megb\u00edzhat\u00f3s\u00e1got a k\u00fcl\u00f6nb\u00f6z\u0151 tesztel\u00e9si k\u00f6rnyezetekben:<\/p>\n<ul>\n<li><a href=\"https:\/\/www.astm.org\/d5342-97r07.html\" target=\"_blank\" rel=\"noopener nofollow\"><strong>ASTM D5342<\/strong><\/a>: Ezt a szabv\u00e1nyt sz\u00e9les k\u00f6rben haszn\u00e1lj\u00e1k a pap\u00edr \u00e9s a karton merevs\u00e9g\u00e9nek m\u00e9r\u00e9s\u00e9re, \u00e9rt\u00e9kes inform\u00e1ci\u00f3kat ny\u00fajtva az anyag hajl\u00edt\u00e1si ellen\u00e1ll\u00e1s\u00e1r\u00f3l \u00e9s csomagol\u00e1si alkalmass\u00e1g\u00e1r\u00f3l.<\/li>\n<li><a href=\"https:\/\/www.astm.org\/d5650-97r02.html\" target=\"_blank\" rel=\"noopener nofollow\"><strong>ASTM D5650<\/strong><\/a>: Meghat\u00e1rozza az ipari \u00e9s fogyaszt\u00e1si cikkek csomagol\u00e1s\u00e1ban \u00e1ltal\u00e1nosan haszn\u00e1lt, nagy t\u00f6meg\u0171 pap\u00edrterm\u00e9kek merevs\u00e9g\u00e9nek vizsg\u00e1lat\u00e1ra vonatkoz\u00f3 k\u00f6vetelm\u00e9nyeket.<\/li>\n<li><a href=\"https:\/\/www.astm.org\/d3301-00.html\" target=\"_blank\" rel=\"noopener nofollow\"><strong>ASTM D3301<\/strong><\/a>: Meghat\u00e1rozza a k\u00fcl\u00f6nb\u00f6z\u0151 pap\u00edrfajt\u00e1k hajl\u00edt\u00e1si ellen\u00e1ll\u00e1s\u00e1nak m\u00e9r\u00e9si m\u00f3dszereit, seg\u00edtve a gy\u00e1rt\u00f3kat a min\u0151s\u00e9gi konzisztencia el\u00e9r\u00e9s\u00e9ben.<\/li>\n<li><strong>BS ISO 2493.2 &amp; ISO 2493.2<\/strong>: Ezek a szabv\u00e1nyok a hajl\u00edt\u00e1si merevs\u00e9g m\u00e9r\u00e9s\u00e9re vonatkoznak glob\u00e1lis szinten, \u00e9s a nemzetk\u00f6zi min\u0151s\u00e9g m\u00e9rc\u00e9j\u00e9t jelentik.<\/li>\n<li><strong>JIS P8125.2<\/strong>: Ez a jap\u00e1n ipar\u00e1gakban haszn\u00e1lt szabv\u00e1ny a pap\u00edr alap\u00fa term\u00e9kek merevs\u00e9g\u00e9nek vizsg\u00e1lat\u00e1ra vonatkoz\u00f3 konkr\u00e9t ir\u00e1nyelveket tartalmaz.<\/li>\n<li><strong>TAPPI T489<\/strong>: \u00c9szak-amerikai szabv\u00e1ny, amelyre gyakran hivatkoznak a kartoniparban, k\u00fcl\u00f6n\u00f6sen a csomagol\u00e1sban.<\/li>\n<li><strong>TAPPI T566<\/strong>: Ez a szabv\u00e1ny a nagy t\u00f6meg\u0171 anyagok rugalmass\u00e1g\u00e1nak \u00e9s merevs\u00e9g\u00e9nek vizsg\u00e1lati m\u00f3dszereit hat\u00e1rozza meg, biztos\u00edtva a tart\u00f3ss\u00e1got a csomagol\u00e1si alkalmaz\u00e1sokban.<\/li>\n<\/ul>\n<h2>F\u0151bb m\u0171szaki jellemz\u0151k<\/h2>\n<table>\n<tbody>\n<tr>\n<td style=\"text-align: center;\" width=\"117\">Vizsg\u00e1lati tartom\u00e1ny<\/td>\n<td style=\"text-align: center;\" width=\"196\">1~500 mN.m (7 tartom\u00e1nyban)<\/td>\n<\/tr>\n<tr>\n<td style=\"text-align: center;\" width=\"117\">Jelz\u00e9si hiba<\/td>\n<td style=\"text-align: center;\" width=\"196\">\u00b12%<\/td>\n<\/tr>\n<tr>\n<td style=\"text-align: center;\" width=\"117\">Hajl\u00edt\u00e1si hossz<\/td>\n<td style=\"text-align: center;\" width=\"196\">50mm\u00b10.1mm<\/td>\n<\/tr>\n<tr>\n<td style=\"text-align: center;\" width=\"117\">Vizsg\u00e1lati sebess\u00e9g<\/td>\n<td style=\"text-align: center;\" width=\"196\">\uff08200\u00b0\u00b120\u00b0\uff09\/min<\/td>\n<\/tr>\n<tr>\n<td style=\"text-align: center;\" width=\"117\">hajl\u00edt\u00e1si sz\u00f6g<\/td>\n<td style=\"text-align: center;\" width=\"196\">15\u00b0\u00b10.3\u00b0 \u00e9s 7.5\u00b0\u00b10.3\u00b0<\/td>\n<\/tr>\n<tr>\n<td style=\"text-align: center;\" width=\"117\">\u00a0A minta m\u00e9rete<\/td>\n<td style=\"text-align: center;\" width=\"196\">38*70 mm<\/td>\n<\/tr>\n<tr>\n<td style=\"text-align: center;\" width=\"117\">Dimenzi\u00f3<\/td>\n<td style=\"text-align: center;\" width=\"196\">220*230*350mm<\/td>\n<\/tr>\n<tr>\n<td style=\"text-align: center;\" width=\"117\">Nett\u00f3 s\u00faly<\/td>\n<td style=\"text-align: center;\" width=\"196\">15kg<\/td>\n<\/tr>\n<tr>\n<td style=\"text-align: center;\" width=\"117\">Teljes\u00edtm\u00e9ny<\/td>\n<td style=\"text-align: center;\" width=\"196\">AC 220V 50Hz<\/td>\n<\/tr>\n<\/tbody>\n<\/table>\n<h2>A Taber merevs\u00e9gm\u00e9r\u0151 haszn\u00e1lat\u00e1nak el\u0151nyei<\/h2>\n<ol>\n<li><strong>Nagy pontoss\u00e1g<\/strong>: A mind\u00f6ssze \u00b12% hibahat\u00e1rral a Taber Stiffness Tester megb\u00edzhat\u00f3 \u00e9s pontos m\u00e9r\u00e9seket biztos\u00edt a min\u0151s\u00e9gellen\u0151rz\u00e9shez.<\/li>\n<li><strong>Szabv\u00e1nyoknak val\u00f3 megfelel\u00e9s<\/strong>: Az ASTM, ISO, JIS \u00e9s TAPPI szabv\u00e1nyoknak megfelel\u0151en a szab\u00e1lyoz\u00e1si ig\u00e9nyek sz\u00e9les k\u00f6r\u00e9t szolg\u00e1lja ki, \u00edgy a k\u00fcl\u00f6nb\u00f6z\u0151 ipar\u00e1gakhoz igaz\u00edthat\u00f3.<\/li>\n<li><strong>Felhaszn\u00e1l\u00f3bar\u00e1t kialak\u00edt\u00e1s<\/strong>: Az \u00e1ll\u00edthat\u00f3 hajl\u00edt\u00e1si sz\u00f6gek \u00e9s a kompakt m\u00e9ret megk\u00f6nny\u00edti a laborat\u00f3riumi \u00e9s termel\u00e9si k\u00f6rnyezetbe val\u00f3 integr\u00e1l\u00e1st.<\/li>\n<\/ol>\n<h2>Hogyan jav\u00edtja a Taber Stiffness Tester a min\u0151s\u00e9gellen\u0151rz\u00e9st?<\/h2>\n<p>A csomagol\u00f3anyagok \u00e9s m\u00e1s nagy t\u00f6meg\u0171 term\u00e9kek hajl\u00edt\u00e1si ellen\u00e1ll\u00e1s\u00e1nak m\u00e9r\u00e9s\u00e9vel a Taber Stiffness Tester seg\u00edt a gy\u00e1rt\u00f3knak biztos\u00edtani, hogy term\u00e9keik megfeleljenek a tart\u00f3ss\u00e1gra \u00e9s szerkezeti integrit\u00e1sra vonatkoz\u00f3 ipari szabv\u00e1nyoknak. Ez a m\u0171szer d\u00f6nt\u0151 szerepet j\u00e1tszik a min\u0151s\u00e9gellen\u0151rz\u00e9sben a csomagol\u00f3-, \u00e9lelmiszer-, orvosi \u00e9s fogyaszt\u00e1si cikkek ipar\u00e1ban, lehet\u0151v\u00e9 t\u00e9ve a v\u00e1llalatok sz\u00e1m\u00e1ra, hogy fenntarts\u00e1k a term\u00e9kek min\u0151s\u00e9g\u00e9t \u00e9s teljes\u00edtm\u00e9ny\u00e9t.<\/p>\n<h2>GYIK<\/h2>\n<p><strong>1. k\u00e9rd\u00e9s: Milyen anyagok vizsg\u00e1lhat\u00f3k a Taber merevs\u00e9gm\u00e9r\u0151vel?<\/strong><br \/>\n<em>A Taber merevs\u00e9gm\u00e9r\u0151 k\u00e9sz\u00fcl\u00e9ket a nagy t\u00f6meg\u0171 pap\u00edr, karton \u00e9s hasonl\u00f3, csomagol\u00e1si \u00e9s szerkezeti alkalmaz\u00e1sokban haszn\u00e1lt anyagokhoz tervezt\u00e9k.<\/em><\/p>\n<p><strong>2. k\u00e9rd\u00e9s: Hogyan fejez\u0151dik ki a hajl\u00edt\u00e1si ellen\u00e1ll\u00e1s a vizsg\u00e1lati eredm\u00e9nyekben?<\/strong><br \/>\n<em>A hajl\u00edt\u00e1si ellen\u00e1ll\u00e1st hajl\u00edt\u00f3nyomat\u00e9kk\u00e9nt r\u00f6gz\u00edtik, amelyet millinewtonm\u00e9terben (mN-m) m\u00e9rnek.<\/em><\/p>\n<p><strong>3. k\u00e9rd\u00e9s: Mi a k\u00fcl\u00f6nbs\u00e9g a 15\u00b0-os \u00e9s a 7,5\u00b0-os hajl\u00edt\u00e1si sz\u00f6gek k\u00f6z\u00f6tt?<\/strong><br \/>\n<em>A 15\u00b0-os sz\u00f6g a legt\u00f6bb anyag eset\u00e9ben szabv\u00e1nyos, m\u00edg a 7,5\u00b0-os sz\u00f6get olyan anyagokn\u00e1l haszn\u00e1lj\u00e1k, amelyek nagyobb sz\u00f6gben t\u00f6rt\u00e9n\u0151 hajl\u00edt\u00e1s eset\u00e9n deform\u00e1l\u00f3dhatnak.<\/em><\/p>\n<p><strong>4. k\u00e9rd\u00e9s: Milyen szabv\u00e1nyoknak felel meg ez a tesztel\u0151?<\/strong><br \/>\n<em>A Taber merevs\u00e9gm\u00e9r\u0151 megfelel az ASTM D5342, ASTM D5650, ASTM D3301, BS ISO 2493.2, ISO 2493.2, JIS P8125.2, TAPPI T489 \u00e9s TAPPI T566 szabv\u00e1nyoknak.<\/em><\/p>\n<p><strong>5. k\u00e9rd\u00e9s: Milyen ipar\u00e1gak haszn\u00e1lj\u00e1k \u00e1ltal\u00e1ban a Taber merevs\u00e9gm\u00e9r\u0151 k\u00e9sz\u00fcl\u00e9ket?<\/strong><br \/>\n<em>Az olyan ipar\u00e1gak, mint a csomagol\u00e1s, a gy\u00f3gyszeripar, az \u00e9lelmiszeripar, az elektronika \u00e9s a min\u0151s\u00e9gellen\u0151rz\u00e9s gyakran haszn\u00e1lj\u00e1k a Taber Stiffness Testert a term\u00e9k integrit\u00e1s\u00e1nak biztos\u00edt\u00e1s\u00e1ra.<\/em><\/p>","protected":false},"excerpt":{"rendered":"<p>A <strong>Taber merevs\u00e9gm\u00e9r\u0151<\/strong> egy alapvet\u0151 eszk\u00f6z, amelyet a pap\u00edr, karton \u00e9s m\u00e1s nagy t\u00f6meg\u0171 anyagok hajl\u00edt\u00e1si ellen\u00e1ll\u00e1s\u00e1nak \u00e9rt\u00e9kel\u00e9s\u00e9re terveztek. Ez a m\u0171szer olyan ipar\u00e1gakban alkalmazhat\u00f3, mint a csomagol\u00e1s, az orvostechnikai eszk\u00f6z\u00f6k, az elektronika \u00e9s a min\u0151s\u00e9gellen\u0151rz\u00e9s, \u00e9s seg\u00edt a gy\u00e1rt\u00f3knak biztos\u00edtani a term\u00e9kek tart\u00f3ss\u00e1g\u00e1t \u00e9s szerkezeti integrit\u00e1s\u00e1t. A Taber merevs\u00e9gm\u00e9r\u0151 pontos, megb\u00edzhat\u00f3 m\u00e9r\u00e9seket biztos\u00edt, \u00edgy ide\u00e1lis a min\u0151s\u00e9gbiztos\u00edt\u00e1si folyamatokhoz, ahol a pontos merevs\u00e9gi adatok kritikusak.<\/p>","protected":false},"featured_media":6292,"comment_status":"closed","ping_status":"closed","template":"","meta":{"site-sidebar-layout":"default","site-content-layout":"default","ast-global-header-display":"","ast-main-header-display":"","ast-hfb-above-header-display":"","ast-hfb-below-header-display":"","ast-hfb-mobile-header-display":"","site-post-title":"","ast-breadcrumbs-content":"","ast-featured-img":"","footer-sml-layout":"","theme-transparent-header-meta":"default","adv-header-id-meta":"","stick-header-meta":"","header-above-stick-meta":"","header-main-stick-meta":"","header-below-stick-meta":""},"product_cat":[1096,1094,1095,845,1097,1171,1098,1099,44,95],"product_tag":[],"class_list":{"0":"post-5345","1":"product","2":"type-product","3":"status-publish","4":"has-post-thumbnail","6":"product_cat-astm-d3301","7":"product_cat-astm-d5342","8":"product_cat-astm-d5650","9":"product_cat-customization","10":"product_cat-iso-2493-2","11":"product_cat-jis-p8125-2","12":"product_cat-tappi-t489","13":"product_cat-tappi-t566","14":"product_cat-paper-and-board-testers","15":"product_cat-products","16":"desktop-align-left","17":"tablet-align-left","18":"mobile-align-left","20":"first","21":"instock","22":"shipping-taxable","23":"product-type-simple"},"_links":{"self":[{"href":"https:\/\/www.qualitester.com\/hu\/wp-json\/wp\/v2\/product\/5345","targetHints":{"allow":["GET"]}}],"collection":[{"href":"https:\/\/www.qualitester.com\/hu\/wp-json\/wp\/v2\/product"}],"about":[{"href":"https:\/\/www.qualitester.com\/hu\/wp-json\/wp\/v2\/types\/product"}],"replies":[{"embeddable":true,"href":"https:\/\/www.qualitester.com\/hu\/wp-json\/wp\/v2\/comments?post=5345"}],"version-history":[{"count":0,"href":"https:\/\/www.qualitester.com\/hu\/wp-json\/wp\/v2\/product\/5345\/revisions"}],"wp:featuredmedia":[{"embeddable":true,"href":"https:\/\/www.qualitester.com\/hu\/wp-json\/wp\/v2\/media\/6292"}],"wp:attachment":[{"href":"https:\/\/www.qualitester.com\/hu\/wp-json\/wp\/v2\/media?parent=5345"}],"wp:term":[{"taxonomy":"product_cat","embeddable":true,"href":"https:\/\/www.qualitester.com\/hu\/wp-json\/wp\/v2\/product_cat?post=5345"},{"taxonomy":"product_tag","embeddable":true,"href":"https:\/\/www.qualitester.com\/hu\/wp-json\/wp\/v2\/product_tag?post=5345"}],"curies":[{"name":"wp","href":"https:\/\/api.w.org\/{rel}","templated":true}]}}