{"id":5342,"date":"2024-11-14T11:02:44","date_gmt":"2024-11-14T03:02:44","guid":{"rendered":"https:\/\/www.qualitester.com\/?post_type=product&#038;p=5342"},"modified":"2024-12-05T15:19:27","modified_gmt":"2024-12-05T07:19:27","slug":"sale-paper-bending-stiffness-tester","status":"publish","type":"product","link":"https:\/\/www.qualitester.com\/hu\/termek\/sale-paper-bending-stiffness-tester\/","title":{"rendered":"WTD-01 Hajl\u00edt\u00e1si merevs\u00e9gm\u00e9r\u0151"},"content":{"rendered":"<p>A pap\u00edrhajl\u00edt\u00e1si merevs\u00e9gm\u00e9r\u0151 egy prec\u00edzi\u00f3s m\u0171szer, amelyet a pap\u00edr \u00e9s kartonanyagok hajl\u00edt\u00e1si ellen\u00e1ll\u00e1s\u00e1nak m\u00e9r\u00e9s\u00e9re terveztek. A csomagol\u00e1si, nyomdai \u00e9s min\u0151s\u00e9gellen\u0151rz\u00e9si ipar\u00e1gakban n\u00e9lk\u00fcl\u00f6zhetetlen ez a m\u00e9r\u0151m\u0171szer pontos adatokat szolg\u00e1ltat az anyag merevs\u00e9g\u00e9r\u0151l, biztos\u00edtva a k\u00f6vetkezetess\u00e9get \u00e9s megb\u00edzhat\u00f3s\u00e1got a term\u00e9kalkalmaz\u00e1sokban. Fejlett funkci\u00f3kkal felszerelve lehet\u0151v\u00e9 teszi a gy\u00e1rt\u00f3k \u00e9s a min\u0151s\u00e9gellen\u0151rz\u0151 laborat\u00f3riumok sz\u00e1m\u00e1ra az anyagtulajdons\u00e1gok \u00e9rt\u00e9kel\u00e9s\u00e9t, lehet\u0151v\u00e9 t\u00e9ve sz\u00e1mukra a szigor\u00fa ipari szabv\u00e1nyok betart\u00e1s\u00e1t.<\/p>\n<hr \/>\n<h2>ISO 2493-1: A hajl\u00edt\u00e1si merevs\u00e9gvizsg\u00e1lat szabv\u00e1nya<\/h2>\n<h3>Az ISO 2493-1 \u00e1ttekint\u00e9se<\/h3>\n<p><a href=\"https:\/\/www.qualitester.com\/hu\/termekkategoria-2\/iso\/iso-2493-1\/\" target=\"_blank\" rel=\"noopener\">ISO 2493-1<\/a> nemzetk\u00f6zileg elismert szabv\u00e1ny, amely meghat\u00e1rozza a pap\u00edr \u00e9s a karton hajl\u00edt\u00e1si merevs\u00e9g\u00e9nek m\u00e9r\u00e9si m\u00f3dszereit. Egys\u00e9ges \u00e9s megb\u00edzhat\u00f3 vizsg\u00e1latokat biztos\u00edt, lehet\u0151v\u00e9 t\u00e9ve a gy\u00e1rt\u00f3k sz\u00e1m\u00e1ra az eredm\u00e9nyek \u00f6sszehasonl\u00edt\u00e1s\u00e1t \u00e9s az ipar\u00e1gi referencia\u00e9rt\u00e9kek teljes\u00edt\u00e9s\u00e9t. Ez a szabv\u00e1ny kulcsfontoss\u00e1g\u00fa az olyan alkalmaz\u00e1sokban, ahol az anyag rugalmass\u00e1ga \u00e9s szil\u00e1rds\u00e1ga kulcsfontoss\u00e1g\u00fa a term\u00e9k teljes\u00edtm\u00e9nye szempontj\u00e1b\u00f3l.<\/p>\n<h3>Az ISO 2493-1 szerinti vizsg\u00e1lati m\u00f3dszerek<\/h3>\n<p>Az ISO 2493-1 le\u00edrja a befogott minta meghat\u00e1rozott sz\u00f6gben \u00e9s hosszban t\u00f6rt\u00e9n\u0151 hajl\u00edt\u00e1s\u00e1hoz sz\u00fcks\u00e9ges er\u0151 m\u00e9r\u00e9s\u00e9re szolg\u00e1l\u00f3 elj\u00e1r\u00e1sokat, jellemz\u0151en 15\u00b0-os sz\u00f6gben \u00e9s 50 mm-es vagy 10 mm-es hajl\u00edt\u00e1si hosszban. Vizsg\u00e1l\u00f3berendez\u00e9s\u00fcnk teljes m\u00e9rt\u00e9kben megfelel ezeknek a k\u00f6vetelm\u00e9nyeknek, \u00edgy a k\u00fcl\u00f6nb\u00f6z\u0151 pap\u00edrfajt\u00e1k \u00e9s kartont\u00edpusok eset\u00e9ben megb\u00edzhat\u00f3 eredm\u00e9nyeket biztos\u00edt.<\/p>\n<hr \/>\n<h2>A pap\u00edrhajl\u00edt\u00e1si merevs\u00e9gm\u00e9r\u0151 f\u0151 jellemz\u0151i<\/h2>\n<h3>K\u00e9tpontos terhel\u00e9s elve<\/h3>\n<p>A k\u00e9tpontos terhel\u00e9si mechanizmussal ez a m\u00e9r\u0151m\u0171szer az egyik v\u00e9g\u00e9re befogott minta meghajl\u00edt\u00e1s\u00e1hoz sz\u00fcks\u00e9ges er\u0151t m\u00e9ri. Ez a m\u00f3dszer pontos m\u00e9r\u00e9st tesz lehet\u0151v\u00e9 az er\u0151 meghat\u00e1rozott hajl\u00edt\u00e1si hosszon t\u00f6rt\u00e9n\u0151 alkalmaz\u00e1s\u00e1val, \u00edgy 20 mN \u00e9s 10 000 mN k\u00f6z\u00f6tti anyagokra alkalmas.<\/p>\n<h3>\u00c1ll\u00edthat\u00f3 vizsg\u00e1lati sz\u00f6gek<\/h3>\n<p>A tesztel\u0151 ak\u00e1r h\u00e1rom egyidej\u0171 vizsg\u00e1lati sz\u00f6get is t\u00e1mogat, bele\u00e9rtve a leggyakrabban haszn\u00e1lt 7,5\u00b0, 15\u00b0 \u00e9s 30\u00b0-os sz\u00f6geket. Ez a rugalmass\u00e1g lehet\u0151v\u00e9 teszi a felhaszn\u00e1l\u00f3k sz\u00e1m\u00e1ra, hogy az anyag tulajdons\u00e1gai \u00e9s az egyedi vizsg\u00e1lati k\u00f6vetelm\u00e9nyek alapj\u00e1n kiv\u00e1lassz\u00e1k a legjobb sz\u00f6get.<\/p>\n<h3>Nagy felbont\u00e1s\u00fa \u00e9rint\u0151k\u00e9perny\u0151s fel\u00fclet<\/h3>\n<p>A felhaszn\u00e1l\u00f3bar\u00e1t 7 h\u00fcvelykes \u00e9rint\u0151k\u00e9perny\u0151s fel\u00fclet egyszer\u0171s\u00edti a tesztel\u00e9si folyamatot, \u00e9s vizu\u00e1lis men\u00fct biztos\u00edt a k\u00f6nny\u0171 kezelhet\u0151s\u00e9g \u00e9rdek\u00e9ben. Ez a funkci\u00f3 n\u00f6veli a hat\u00e9konys\u00e1got a gyors param\u00e9terbe\u00e1ll\u00edt\u00e1sok \u00e9s a val\u00f3s idej\u0171 adatfigyel\u00e9s lehet\u0151v\u00e9 t\u00e9tel\u00e9vel.<\/p>\n<h3>Integr\u00e1lt h\u0151nyomtat\u00f3<\/h3>\n<p>A modul\u00e1risan be\u00e9p\u00edtett h\u0151nyomtat\u00f3val felszerelt tesztel\u0151 lehet\u0151v\u00e9 teszi a teszteredm\u00e9nyek azonnali kinyomtat\u00e1s\u00e1t. Ez a funkci\u00f3 t\u00e1mogatja a helysz\u00edni dokument\u00e1ci\u00f3t, id\u0151t takar\u00edt meg \u00e9s biztos\u00edtja az adatok integrit\u00e1s\u00e1t laborat\u00f3riumi k\u00f6r\u00fclm\u00e9nyek k\u00f6z\u00f6tt.<\/p>\n<hr \/>\n<h2>Vizsg\u00e1lati elv \u00e9s m\u0171szaki el\u0151\u00edr\u00e1sok<\/h2>\n<h3>Vizsg\u00e1lati elv<\/h3>\n<p>A m\u00e9r\u0151m\u0171szer a hajl\u00edt\u00e1si ellen\u00e1ll\u00e1st \u00fagy m\u00e9ri, hogy a befogott minta egyik v\u00e9g\u00e9re er\u0151t fejt ki, \u00e9s azt egy meghat\u00e1rozott sz\u00f6gben meghajl\u00edtja. A mint\u00e1t \u00e1ltal\u00e1ban 15\u00b0-os sz\u00f6gig hajl\u00edtj\u00e1k, \u00e9s a meghat\u00e1rozott hajl\u00edt\u00e1si hosszon alkalmazott er\u0151 hat\u00e1rozza meg a hajl\u00edt\u00e1si merevs\u00e9get.<\/p>\n<h3>F\u0151bb m\u0171szaki adatok<\/h3>\n<table>\n<tbody>\n<tr>\n<td style=\"text-align: center;\" width=\"133\">Teszt tartom\u00e1ny<\/td>\n<td style=\"text-align: center;\" width=\"229\">\uff080~10000\uff09mN<\/td>\n<\/tr>\n<tr>\n<td style=\"text-align: center;\" width=\"133\">Felbont\u00e1s<\/td>\n<td style=\"text-align: center;\" width=\"229\">0,1 mN<\/td>\n<\/tr>\n<tr>\n<td style=\"text-align: center;\" width=\"133\">Pontoss\u00e1g<\/td>\n<td style=\"text-align: center;\" width=\"229\">\u00b1 0,5% F.S.<\/td>\n<\/tr>\n<tr>\n<td style=\"text-align: center;\" width=\"133\">Hajl\u00edt\u00e1si hossz<\/td>\n<td style=\"text-align: center;\" width=\"229\">5, 10, 15, 20, 25, 30, 40, 50 mm<\/td>\n<\/tr>\n<tr>\n<td style=\"text-align: center;\" width=\"133\">Hajl\u00edt\u00e1si sz\u00f6g<\/td>\n<td style=\"text-align: center;\" width=\"229\">1 \u00b0~ 90 \u00b0<\/td>\n<\/tr>\n<tr>\n<td style=\"text-align: center;\" width=\"133\">Hajl\u00edt\u00e1si sebess\u00e9g<\/td>\n<td style=\"text-align: center;\" width=\"229\">0.5~50 \u00b0 \/ s<\/td>\n<\/tr>\n<tr>\n<td style=\"text-align: center;\" width=\"133\">Sebess\u00e9g Pontoss\u00e1g<\/td>\n<td style=\"text-align: center;\" width=\"229\">\u00b1 0.1\u00b0<\/td>\n<\/tr>\n<tr>\n<td style=\"text-align: center;\" width=\"133\">R\u00f6gz\u00edt\u0151 t\u00edpus<\/td>\n<td style=\"text-align: center;\" width=\"229\">K\u00e9zi<\/td>\n<\/tr>\n<tr>\n<td style=\"text-align: center;\" width=\"133\">Minta vastags\u00e1ga<\/td>\n<td style=\"text-align: center;\" width=\"229\">0.01~5mm<\/td>\n<\/tr>\n<tr>\n<td style=\"text-align: center;\" width=\"133\">Minta m\u00e9rete<\/td>\n<td style=\"text-align: center;\" width=\"229\">38*70mm<\/td>\n<\/tr>\n<tr>\n<td style=\"text-align: center;\" width=\"133\">K\u00e9perny\u0151<\/td>\n<td style=\"text-align: center;\" width=\"229\">7 sz\u00ednes \u00e9rint\u0151k\u00e9perny\u0151<\/td>\n<\/tr>\n<tr>\n<td style=\"text-align: center;\" width=\"133\">Nyomtat\u00f3<\/td>\n<td style=\"text-align: center;\" width=\"229\">Termikus t\u00edpus<\/td>\n<\/tr>\n<tr>\n<td style=\"text-align: center;\" width=\"133\">Teljes\u00edtm\u00e9ny<\/td>\n<td style=\"text-align: center;\" width=\"229\">220 V, 50 Hz<\/td>\n<\/tr>\n<tr>\n<td style=\"text-align: center;\" width=\"133\">Dimenzi\u00f3<\/td>\n<td style=\"text-align: center;\" width=\"229\">380 \u00d7 390 \u00d7 255 mm LHW<\/td>\n<\/tr>\n<\/tbody>\n<\/table>\n<h4><strong>Mintavev\u0151 specifik\u00e1ci\u00f3 (opcion\u00e1lis)\u00a0<\/strong><\/h4>\n<table>\n<tbody>\n<tr>\n<td style=\"text-align: center;\" colspan=\"1\" rowspan=\"2\" width=\"133\">Mintav\u00e9teli m\u00e9ret<\/td>\n<td style=\"text-align: center;\" width=\"229\">(70*38)mm Merevs\u00e9gi minta\uff1b<\/td>\n<\/tr>\n<tr>\n<td style=\"text-align: center;\" width=\"229\">\uff0838*36\uff09Minta merevs\u00e9g\u00e9nek cs\u00f6kkent\u00e9se<\/td>\n<\/tr>\n<tr>\n<td style=\"text-align: center;\" width=\"133\">P\u00e1rhuzamoss\u00e1g<\/td>\n<td style=\"text-align: center;\" width=\"229\">\u22640.015mm<\/td>\n<\/tr>\n<tr>\n<td style=\"text-align: center;\" width=\"133\">Mintav\u00e9teli vastags\u00e1g<\/td>\n<td style=\"text-align: center;\" width=\"229\">(0.1~1.2)mm<\/td>\n<\/tr>\n<tr>\n<td style=\"text-align: center;\" width=\"133\">Dimenzi\u00f3<\/td>\n<td style=\"text-align: center;\" width=\"229\">300*90*90mm<\/td>\n<\/tr>\n<\/tbody>\n<\/table>\n<p>Ezek a specifik\u00e1ci\u00f3k teszik a pap\u00edrhajl\u00edt\u00e1si merevs\u00e9gm\u00e9r\u0151 k\u00e9sz\u00fcl\u00e9ket ide\u00e1lis eszk\u00f6zz\u00e9 a laborat\u00f3riumok \u00e9s gy\u00e1rt\u00f3sorok sz\u00e1m\u00e1ra, amelyek nagy pontoss\u00e1got ig\u00e9nyelnek az anyagvizsg\u00e1lat sor\u00e1n.<\/p>\n<hr \/>\n<h2>Szabv\u00e1nyoknak val\u00f3 megfelel\u00e9s<\/h2>\n<p>A pap\u00edrhajl\u00edt\u00e1si merevs\u00e9gm\u00e9r\u0151nk megfelel k\u00fcl\u00f6nb\u00f6z\u0151 nemzetk\u00f6zi szabv\u00e1nyoknak, t\u00f6bbek k\u00f6z\u00f6tt:<\/p>\n<ul>\n<li><a href=\"https:\/\/www.iso.org\/standard\/51696.html\" target=\"_blank\" rel=\"noopener nofollow\"><strong>ISO 2493-1<\/strong><\/a> \u00e9s <a href=\"https:\/\/www.iso.org\/standard\/76347.html\" target=\"_blank\" rel=\"noopener nofollow\"><strong>ISO 5628<\/strong><\/a> a pap\u00edr \u00e9s karton merevs\u00e9g\u00e9nek m\u00e9r\u00e9s\u00e9re<\/li>\n<li><strong>TAPPI T556<\/strong> \u00e9s <strong>DIN 53121<\/strong> szabv\u00e1nyos\u00edtott pap\u00edrvizsg\u00e1lati m\u00f3dszerekhez<\/li>\n<li><strong>GB\/T 2679.3<\/strong> \u00e9s <strong>GB\/T 23144<\/strong> a pap\u00edrmin\u0151s\u00e9gre vonatkoz\u00f3 k\u00ednai szabv\u00e1nyok eset\u00e9ben<\/li>\n<li><strong>SCAN P29<\/strong>, <strong>BS 3748<\/strong>, <strong>AS\/NZ 1301-4535<\/strong> region\u00e1lis megfelel\u00e9s Eur\u00f3p\u00e1ban \u00e9s Ausztr\u00e1li\u00e1ban<\/li>\n<\/ul>\n<p>Az ezeknek a szabv\u00e1nyoknak val\u00f3 megfelel\u00e9s biztos\u00edtja a glob\u00e1lis vizsg\u00e1lati k\u00f6vetelm\u00e9nyekkel val\u00f3 kompatibilit\u00e1st, \u00edgy ez a tesztel\u0151 sokoldal\u00fa v\u00e1laszt\u00e1s a k\u00fcl\u00f6nb\u00f6z\u0151 szab\u00e1lyoz\u00e1si el\u0151\u00edr\u00e1soknak megfelelni k\u00edv\u00e1n\u00f3 gy\u00e1rt\u00f3k sz\u00e1m\u00e1ra.<\/p>\n<hr \/>\n<h2>A pap\u00edrhajl\u00edt\u00e1si merevs\u00e9gm\u00e9r\u0151 el\u0151nyei<\/h2>\n<ol>\n<li><strong>Nagy pontoss\u00e1g \u00e9s rugalmass\u00e1g<\/strong>: Az \u00e1ll\u00edthat\u00f3 hajl\u00edt\u00e1si sz\u00f6gek \u00e9s a sz\u00e9les vizsg\u00e1lati tartom\u00e1ny r\u00e9v\u00e9n a tesztel\u0151 megfelel a k\u00fcl\u00f6nb\u00f6z\u0151 anyagspecifik\u00e1ci\u00f3knak.<\/li>\n<li><strong>Felhaszn\u00e1l\u00f3bar\u00e1t kialak\u00edt\u00e1s<\/strong>: Az intuit\u00edv \u00e9rint\u0151k\u00e9perny\u0151 \u00e9s a modul\u00e1ris nyomtat\u00f3 egyszer\u0171s\u00edti a vizsg\u00e1lati folyamatot, jav\u00edtva a laborat\u00f3rium hat\u00e9konys\u00e1g\u00e1t.<\/li>\n<li><strong>Alkalmazkod\u00f3k\u00e9pess\u00e9g<\/strong>: Alkalmas k\u00fcl\u00f6nf\u00e9le pap\u00edr- \u00e9s kartonanyagokhoz, kiv\u00e9ve a hull\u00e1mkarton, de alkalmazhat\u00f3 annak \u00f6sszetev\u0151ire.<\/li>\n<li><strong>Dokument\u00e1l\u00e1s egyszer\u0171s\u00e9ge<\/strong>: A h\u0151nyomtat\u00f3 azonnali eredm\u00e9nyeket tesz lehet\u0151v\u00e9, cs\u00f6kkentve a feldolgoz\u00e1si id\u0151t \u00e9s megk\u00f6nny\u00edtve a helysz\u00edni nyilv\u00e1ntart\u00e1st.<\/li>\n<\/ol>\n<hr \/>\n<h2>Alkalmaz\u00e1sok az ipar\u00e1gakban<\/h2>\n<p>Ez a pap\u00edr hajl\u00edt\u00e1si merevs\u00e9gm\u00e9r\u0151 sz\u00e9les k\u00f6rben alkalmazhat\u00f3 olyan ipar\u00e1gakban, mint p\u00e9ld\u00e1ul:<\/p>\n<ul>\n<li><strong>Csomagol\u00e1s \u00e9s nyomtat\u00e1s<\/strong>: Ellen\u0151rzi a dobozok, kartondobozok \u00e9s nyomtatott term\u00e9kek anyagszil\u00e1rds\u00e1g\u00e1t.<\/li>\n<li><strong>Min\u0151s\u00e9gellen\u0151rz\u0151 \u00fcgyn\u00f6ks\u00e9gek<\/strong>: Alapvet\u0151 adatokat szolg\u00e1ltat a term\u00e9ktan\u00fas\u00edt\u00e1shoz \u00e9s a megfelel\u0151s\u00e9ghez.<\/li>\n<li><strong>Kutat\u00e1s \u00e9s fejleszt\u00e9s<\/strong>: T\u00e1mogatja a term\u00e9kinnov\u00e1ci\u00f3t az anyagok rugalmass\u00e1g\u00e1nak \u00e9s alkalmass\u00e1g\u00e1nak \u00e9rt\u00e9kel\u00e9s\u00e9vel.<\/li>\n<\/ul>\n<hr \/>\n<h2>GYIK<\/h2>\n<p><strong>1. Milyen anyagok vizsg\u00e1lhat\u00f3k ezzel a m\u0171szerrel?<\/strong><br \/>\nA k\u00e9sz\u00fcl\u00e9k pap\u00edr- \u00e9s kartonanyagok vizsg\u00e1lat\u00e1ra alkalmas, hajl\u00edt\u00e1si tartom\u00e1nya 20 \u00e9s 10 000 mN k\u00f6z\u00f6tt van. Hull\u00e1mkartonokhoz nem alkalmazhat\u00f3, de az ilyen kartonok alkatr\u00e9szein\u00e9l haszn\u00e1lhat\u00f3.<\/p>\n<p><strong>2. Hogyan befoly\u00e1solja a hajl\u00edt\u00e1si sz\u00f6g a vizsg\u00e1lati eredm\u00e9nyeket?<\/strong><br \/>\nA hajl\u00edt\u00e1si sz\u00f6g befoly\u00e1solja az er\u0151m\u00e9r\u00e9st, a kisebb sz\u00f6gek jellemz\u0151en kisebb er\u0151t ig\u00e9nyelnek. A tesztel\u0151 \u00e1ll\u00edthat\u00f3 sz\u00f6gei (7,5\u00b0, 15\u00b0 \u00e9s 30\u00b0) lehet\u0151v\u00e9 teszik a felhaszn\u00e1l\u00f3k sz\u00e1m\u00e1ra, hogy az adott anyaghoz a legjobb be\u00e1ll\u00edt\u00e1st v\u00e1lassz\u00e1k.<\/p>\n<p><strong>3. Mi a jelent\u0151s\u00e9ge az ISO 2493-1 szabv\u00e1nynak a pap\u00edrvizsg\u00e1latban?<\/strong><br \/>\nAz ISO 2493-1 szabv\u00e1nyos\u00edtott vizsg\u00e1lati m\u00f3dszereket biztos\u00edt a hajl\u00edt\u00e1si merevs\u00e9gre vonatkoz\u00f3an, \u00edgy biztos\u00edtva a k\u00fcl\u00f6nb\u00f6z\u0151 vizsg\u00e1lati k\u00f6rnyezetekben konzisztens \u00e9s \u00f6sszehasonl\u00edthat\u00f3 eredm\u00e9nyeket.<\/p>\n<p><strong>4. Haszn\u00e1lhat\u00f3-e ez a tesztel\u0151 hull\u00e1mkartonhoz?<\/strong><br \/>\nNem, ez a tesztel\u0151 nem aj\u00e1nlott hull\u00e1mkarton vizsg\u00e1lat\u00e1ra. Alkalmas azonban hull\u00e1mkartonban haszn\u00e1lt alkatr\u00e9szekhez.<\/p>\n<p><strong>5. Hogyan k\u00f6nny\u00edti meg a h\u0151nyomtat\u00f3 az eredm\u00e9nyek dokument\u00e1l\u00e1s\u00e1t?<\/strong><br \/>\nA be\u00e9p\u00edtett h\u0151nyomtat\u00f3 lehet\u0151v\u00e9 teszi a teszteredm\u00e9nyek azonnali kinyomtat\u00e1s\u00e1t, ami gyors \u00e9s k\u00e9nyelmes dokument\u00e1l\u00e1st tesz lehet\u0151v\u00e9 k\u00f6zvetlen\u00fcl a teszterr\u0151l.<\/p>","protected":false},"excerpt":{"rendered":"<p>A pap\u00edrhajl\u00edt\u00e1si merevs\u00e9gm\u00e9r\u0151 egy prec\u00edzi\u00f3s m\u0171szer, amelyet a pap\u00edr \u00e9s kartonanyagok hajl\u00edt\u00e1si ellen\u00e1ll\u00e1s\u00e1nak m\u00e9r\u00e9s\u00e9re terveztek. A csomagol\u00e1si, nyomdai \u00e9s min\u0151s\u00e9gellen\u0151rz\u00e9si ipar\u00e1gakban n\u00e9lk\u00fcl\u00f6zhetetlen ez a m\u00e9r\u0151m\u0171szer pontos adatokat szolg\u00e1ltat az anyag merevs\u00e9g\u00e9r\u0151l, biztos\u00edtva a k\u00f6vetkezetess\u00e9get \u00e9s megb\u00edzhat\u00f3s\u00e1got a term\u00e9kalkalmaz\u00e1sokban. Fejlett funkci\u00f3kkal felszerelve lehet\u0151v\u00e9 teszi a gy\u00e1rt\u00f3k \u00e9s a min\u0151s\u00e9gellen\u0151rz\u0151 laborat\u00f3riumok sz\u00e1m\u00e1ra az anyagtulajdons\u00e1gok \u00e9rt\u00e9kel\u00e9s\u00e9t, lehet\u0151v\u00e9 t\u00e9ve sz\u00e1mukra a szigor\u00fa ipari szabv\u00e1nyok betart\u00e1s\u00e1t.<\/p>","protected":false},"featured_media":6289,"comment_status":"closed","ping_status":"closed","template":"","meta":{"site-sidebar-layout":"default","site-content-layout":"default","ast-global-header-display":"","ast-main-header-display":"","ast-hfb-above-header-display":"","ast-hfb-below-header-display":"","ast-hfb-mobile-header-display":"","site-post-title":"","ast-breadcrumbs-content":"","ast-featured-img":"","footer-sml-layout":"","theme-transparent-header-meta":"default","adv-header-id-meta":"","stick-header-meta":"","header-above-stick-meta":"","header-main-stick-meta":"","header-below-stick-meta":""},"product_cat":[845,1092,1091,959,1093,44,95],"product_tag":[],"class_list":{"0":"post-5342","1":"product","2":"type-product","3":"status-publish","4":"has-post-thumbnail","6":"product_cat-customization","7":"product_cat-iso-2493-1","8":"product_cat-iso-5628","9":"product_cat-stiffness-tester","10":"product_cat-tappi-t556","11":"product_cat-paper-and-board-testers","12":"product_cat-products","13":"desktop-align-left","14":"tablet-align-left","15":"mobile-align-left","17":"first","18":"instock","19":"shipping-taxable","20":"product-type-simple"},"_links":{"self":[{"href":"https:\/\/www.qualitester.com\/hu\/wp-json\/wp\/v2\/product\/5342","targetHints":{"allow":["GET"]}}],"collection":[{"href":"https:\/\/www.qualitester.com\/hu\/wp-json\/wp\/v2\/product"}],"about":[{"href":"https:\/\/www.qualitester.com\/hu\/wp-json\/wp\/v2\/types\/product"}],"replies":[{"embeddable":true,"href":"https:\/\/www.qualitester.com\/hu\/wp-json\/wp\/v2\/comments?post=5342"}],"version-history":[{"count":0,"href":"https:\/\/www.qualitester.com\/hu\/wp-json\/wp\/v2\/product\/5342\/revisions"}],"wp:featuredmedia":[{"embeddable":true,"href":"https:\/\/www.qualitester.com\/hu\/wp-json\/wp\/v2\/media\/6289"}],"wp:attachment":[{"href":"https:\/\/www.qualitester.com\/hu\/wp-json\/wp\/v2\/media?parent=5342"}],"wp:term":[{"taxonomy":"product_cat","embeddable":true,"href":"https:\/\/www.qualitester.com\/hu\/wp-json\/wp\/v2\/product_cat?post=5342"},{"taxonomy":"product_tag","embeddable":true,"href":"https:\/\/www.qualitester.com\/hu\/wp-json\/wp\/v2\/product_tag?post=5342"}],"curies":[{"name":"wp","href":"https:\/\/api.w.org\/{rel}","templated":true}]}}