{"id":5339,"date":"2024-11-14T10:55:57","date_gmt":"2024-11-14T02:55:57","guid":{"rendered":"https:\/\/www.qualitester.com\/?post_type=product&#038;p=5339"},"modified":"2024-12-05T15:14:48","modified_gmt":"2024-12-05T07:14:48","slug":"sale-laboratory-valley-beater-pulp","status":"publish","type":"product","link":"https:\/\/www.qualitester.com\/hu\/termek\/sale-laboratory-valley-beater-pulp\/","title":{"rendered":"VB-01 V\u00f6lgyi ver\u0151"},"content":{"rendered":"<p>A <strong>Laborat\u00f3riumi v\u00f6lgyver\u0151 (VB-01)<\/strong> egy korszer\u0171 m\u0171szer, amelyet a pap\u00edrgy\u00e1rt\u00f3 laborat\u00f3riumokban a p\u00e9p prec\u00edz finom\u00edt\u00e1s\u00e1ra terveztek. A szigor\u00fa nemzetk\u00f6zi szabv\u00e1nyoknak megfelel\u0151en \u00e9p\u00edtett 23 literes Valley Beater n\u00e9lk\u00fcl\u00f6zhetetlen a kiv\u00e1l\u00f3 min\u0151s\u00e9g\u0171 pap\u00edrgy\u00e1rt\u00e1shoz sz\u00fcks\u00e9ges rosttulajdons\u00e1gok kifejleszt\u00e9s\u00e9hez \u00e9s vizsg\u00e1lat\u00e1hoz. A VB-01 a ver\u0151henger \u00e9s az als\u00f3 k\u00e9s k\u00f6z\u00f6tti mechanikai er\u0151ket haszn\u00e1lja a k\u00fcl\u00f6nb\u00f6z\u0151 rostt\u00edpusok finom\u00edt\u00e1s\u00e1ra, gy\u00far\u00e1s\u00e1ra \u00e9s feldolgoz\u00e1s\u00e1ra, biztos\u00edtva az ipari \u00e9s kutat\u00e1si alkalmaz\u00e1sokhoz sz\u00fcks\u00e9ges ellen\u0151rz\u00f6tt \u00e9s egyenletes cellul\u00f3zkibocs\u00e1t\u00e1st.<\/p>\n<h2>A laborat\u00f3riumi v\u00f6lgyver\u0151 legfontosabb alkalmaz\u00e1sai \u00e9s jelent\u0151s\u00e9ge<\/h2>\n<p>A laborat\u00f3riumi v\u00f6lgyver\u0151 alapvet\u0151 fontoss\u00e1g\u00fa a cellul\u00f3z tulajdons\u00e1gainak optimaliz\u00e1l\u00e1s\u00e1ban a k\u00fcl\u00f6nb\u00f6z\u0151 sz\u00e1lanyagok, k\u00f6zt\u00fck a n\u00f6v\u00e9nyi sz\u00e1lak, szintetikus sz\u00e1lak, sz\u00e9nsz\u00e1lak \u00e9s \u00fcvegsz\u00e1lak eset\u00e9ben. Alapvet\u0151 szerepet j\u00e1tszik a k\u00f6vetkez\u0151kben:<\/p>\n<ul>\n<li><strong>A pap\u00edrmin\u0151s\u00e9g jav\u00edt\u00e1sa<\/strong>: A sz\u00e1lak tulajdons\u00e1gainak finomhangol\u00e1s\u00e1val a VB-01 seg\u00edt el\u00e9rni a k\u00edv\u00e1nt szak\u00edt\u00f3szil\u00e1rds\u00e1got, fel\u00fcleti text\u00far\u00e1t \u00e9s min\u0151s\u00e9gi konzisztenci\u00e1t a pap\u00edrterm\u00e9kekn\u00e9l.<\/li>\n<li><strong>Kutat\u00e1s \u00e9s fejleszt\u00e9s<\/strong>: Ide\u00e1lis a sz\u00e1lak jellemz\u0151inek vizsg\u00e1lat\u00e1hoz \u00e9s tanulm\u00e1nyoz\u00e1s\u00e1hoz, a Valley Beater felbecs\u00fclhetetlen \u00e9rt\u00e9k\u0171 a tudom\u00e1nyos kutat\u00e1s, a cellul\u00f3zk\u00e9sz\u00edt\u00e9s \u00e9s a folyamatfejleszt\u00e9s sz\u00e1m\u00e1ra.<\/li>\n<li><strong>Min\u0151s\u00e9gellen\u0151rz\u00e9s<\/strong>: Megb\u00edzhat\u00f3 laborat\u00f3riumi eszk\u00f6zk\u00e9nt a VB-01 t\u00e1mogatja a pontos min\u0151s\u00e9g\u00e9rt\u00e9kel\u00e9st, biztos\u00edtja a p\u00e9p konzisztenci\u00e1j\u00e1t \u00e9s seg\u00edti a gy\u00e1rt\u00e1si szabv\u00e1nyoknak val\u00f3 megfelel\u00e9st.<\/li>\n<\/ul>\n<h2>Megfelel\u00e9s az ISO 5264-1 \u00e9s a kapcsol\u00f3d\u00f3 szabv\u00e1nyoknak<\/h2>\n<p>A <strong>VB-01 Laborat\u00f3riumi v\u00f6lgyver\u0151<\/strong> igazodik a <a href=\"https:\/\/www.iso.org\/standard\/11258.html\" target=\"_blank\" rel=\"noopener nofollow\"><strong>ISO 5264-1<\/strong><\/a> szabv\u00e1ny, a cellul\u00f3z ver\u00e9s\u00e9re \u00e9s vizsg\u00e1lat\u00e1ra vonatkoz\u00f3 legfontosabb nemzetk\u00f6zi ir\u00e1nyelv. <a href=\"https:\/\/www.qualitester.com\/hu\/termekkategoria-2\/iso\/iso-5264-1\/\" target=\"_blank\" rel=\"noopener\">ISO 5264-1<\/a> egys\u00e9ges elj\u00e1r\u00e1sokat hoz l\u00e9tre a laborat\u00f3riumi cellul\u00f3zfeldolgoz\u00e1s megism\u00e9telhet\u0151s\u00e9g\u00e9nek \u00e9s pontoss\u00e1g\u00e1nak biztos\u00edt\u00e1s\u00e1ra, ami elengedhetetlen a k\u00fcl\u00f6nb\u00f6z\u0151 laborat\u00f3riumok \u00e9s kutat\u00f3k\u00f6zpontok k\u00f6z\u00f6tti megb\u00edzhat\u00f3 \u00f6sszehasonl\u00edt\u00e1sokhoz. Ez a szabv\u00e1ny n\u00f6veli a kutat\u00e1s hiteless\u00e9g\u00e9t az\u00e1ltal, hogy egys\u00e9ges keretet biztos\u00edt a cellul\u00f3z finom\u00edt\u00e1s\u00e1ra \u00e9s tulajdons\u00e1gainak \u00e9rt\u00e9kel\u00e9s\u00e9re.<\/p>\n<p>Az ISO 5264-1 szabv\u00e1ny mellett a VB-01 m\u00e1s vonatkoz\u00f3 ipari szabv\u00e1nyoknak is megfelel:<\/p>\n<ul>\n<li><strong>TAPPI T200<\/strong>: Meghat\u00e1rozza a cellul\u00f3z finom\u00edt\u00e1s\u00e1nak \u00e9s min\u0151s\u00e9g\u00e9nek \u00e9rt\u00e9kel\u00e9s\u00e9re szolg\u00e1l\u00f3 elj\u00e1r\u00e1sokat.<\/li>\n<li><strong>GB\/T 24325<\/strong>: K\u00ednai szabv\u00e1ny, amely a cellul\u00f3z \u00e1llag\u00e1t \u00e9s az ellen\u0151rz\u00e9si m\u00f3dszereket szab\u00e1lyozza.<\/li>\n<li><strong>QBT 3702<\/strong>: A laborat\u00f3riumi ver\u00e9si folyamatok referencia\u00e9rt\u00e9keit \u00e1llap\u00edtja meg, t\u00e1mogatva mind a tudom\u00e1nyos, mind az ipari felhaszn\u00e1l\u00e1st.<\/li>\n<\/ul>\n<h2>Laborat\u00f3riumi v\u00f6lgyver\u0151 (VB-01) Jellemz\u0151k \u00e9s m\u0171szaki adatok<\/h2>\n<p>A VB-01 prec\u00edzi\u00f3s funkci\u00f3kkal \u00e9s kiv\u00e1l\u00f3 min\u0151s\u00e9g\u0171 alkatr\u00e9szekkel k\u00e9sz\u00fclt, \u00edgy sokoldal\u00fa \u00e9s hat\u00e9kony a laborat\u00f3riumi vizsg\u00e1latokhoz. A legfontosabb specifik\u00e1ci\u00f3k a k\u00f6vetkez\u0151k:<\/p>\n<ul>\n<li><strong>Kapacit\u00e1s<\/strong>: Standard 23 literes, a nagy mintamennyis\u00e9gekhez 47 literes p\u00e9ptart\u00e1ly-kapacit\u00e1ssal.<\/li>\n<li><strong>P\u00e9p mennyis\u00e9ge \u00e9s \u00e1llaga<\/strong>: 200-700 g kemencesz\u00e1raz p\u00e9p befogad\u00e1s\u00e1ra alkalmas, jellemz\u0151en 1,57% p\u00e9p konzisztenci\u00e1val.<\/li>\n<li><strong>Ver\u0151henger \u00e9s penge konfigur\u00e1ci\u00f3<\/strong>: A henger m\u00e9rete \u03c6 194 mm \u00d7 155 mm, sebess\u00e9ge (8,3\u00b10,2) r\/s vagy (500\u00b110) r\/min, \u00e9s 32 lap\u00e1tot tartalmaz a ver\u0151hengeren \u00e9s 7 lap\u00e1tot az alj\u00e1n.<\/li>\n<li><strong>\u00c1ll\u00edthat\u00f3 penget\u00e1vols\u00e1g<\/strong>: A peng\u00e9k pozicion\u00e1l\u00e1sa k\u00e9zzel \u00e1ll\u00edthat\u00f3, \u00edgy a kezel\u0151k a p\u00e9pet pontos specifik\u00e1ci\u00f3k szerint finom\u00edthatj\u00e1k.<\/li>\n<li><strong>Biztons\u00e1gi \u00e9s karbantart\u00e1si jellemz\u0151k<\/strong>: A VB-01 tartalmaz egy v\u00e9d\u0151szerkezetet a p\u00e9p kimenet\u00e9n\u00e9l, egy automatikus m\u00e9hsejt-tiszt\u00edt\u00f3 funkci\u00f3t \u00e9s egy levehet\u0151 p\u00e9ptart\u00e1lyfedelet a k\u00f6nny\u0171 tiszt\u00edt\u00e1s \u00e9rdek\u00e9ben.<\/li>\n<\/ul>\n<p>Ezek a m\u0171szaki param\u00e9terek biztos\u00edtj\u00e1k, hogy a VB-01 pontos, hat\u00e9kony \u00e9s megism\u00e9telhet\u0151 eredm\u00e9nyeket adjon b\u00e1rmilyen laborat\u00f3riumi k\u00f6rnyezetben.<\/p>\n<h2>Vizsg\u00e1lati m\u00f3dszerek \u00e9s elj\u00e1r\u00e1s a cellul\u00f3z ver\u00e9s\u00e9re<\/h2>\n<p>A laborat\u00f3riumi Valley Beater (VB-01) ellen\u0151rz\u00f6tt mechanikai folyamatok sorozat\u00e1n kereszt\u00fcl finom\u00edtja a p\u00e9pet, bele\u00e9rtve a v\u00e1g\u00e1st, a z\u00faz\u00e1st \u00e9s a gy\u00far\u00e1st. Ezek a m\u0171veletek a rostsejtek fal\u00e1ra hatnak:<\/p>\n<ul>\n<li>A sejtszerkezet m\u00f3dos\u00edt\u00e1sa \u00e9s a sz\u00e1lak rugalmass\u00e1g\u00e1nak n\u00f6vel\u00e9se.<\/li>\n<li>A v\u00edzfelv\u00e9tel el\u0151seg\u00edt\u00e9se az optim\u00e1lis sz\u00e1lk\u00f6t\u00e9s \u00e9rdek\u00e9ben.<\/li>\n<li>A sz\u00e1ldeform\u00e1ci\u00f3 be\u00e1ll\u00edt\u00e1sa a pap\u00edr szil\u00e1rds\u00e1g\u00e1nak \u00e9s min\u0151s\u00e9g\u00e9nek jav\u00edt\u00e1sa \u00e9rdek\u00e9ben.<\/li>\n<\/ul>\n<p>A cellul\u00f3zver\u00e9s m\u00e9rt\u00e9ke az als\u00f3 k\u00e9s nyom\u00e1s\u00e1nak be\u00e1ll\u00edt\u00e1s\u00e1val \u00e9s a meghat\u00e1rozott ver\u00e9si id\u0151k be\u00e1ll\u00edt\u00e1s\u00e1val testre szabhat\u00f3, \u00edgy biztos\u00edtva a sokoldal\u00fa alkalmazhat\u00f3s\u00e1got a k\u00fcl\u00f6nb\u00f6z\u0151 cellul\u00f3zfajt\u00e1k eset\u00e9ben.<\/p>\n<h2>A VB-01 laborat\u00f3riumi v\u00f6lgyver\u0151 haszn\u00e1lat\u00e1nak el\u0151nyei<\/h2>\n<p>A VB-01 egy\u00e9rtelm\u0171 el\u0151ny\u00f6ket biztos\u00edt a cellul\u00f3z- \u00e9s pap\u00edrvizsg\u00e1lat sor\u00e1n:<\/p>\n<ul>\n<li><strong>Tov\u00e1bbfejlesztett pap\u00edrmin\u0151s\u00e9g<\/strong>: A rostfinom\u00edt\u00e1s szab\u00e1lyoz\u00e1s\u00e1val a Valley Beater jav\u00edtja a cellul\u00f3z szil\u00e1rds\u00e1g\u00e1t, text\u00far\u00e1j\u00e1t \u00e9s egyenletess\u00e9g\u00e9t, ami kiv\u00e1l\u00f3 pap\u00edrterm\u00e9keket eredm\u00e9nyez.<\/li>\n<li><strong>Konzisztencia tesztel\u00e9se<\/strong>: Az ISO 5264-1 \u00e9s m\u00e1s szabv\u00e1nyokhoz val\u00f3 ragaszkod\u00e1s biztos\u00edtja, hogy minden egyes ver\u00e9si teszt konzisztens eredm\u00e9nyeket ad, ami mind a kutat\u00e1s, mind a min\u0151s\u00e9gellen\u0151rz\u00e9s szempontj\u00e1b\u00f3l l\u00e9tfontoss\u00e1g\u00fa.<\/li>\n<li><strong>Anyag sokoldal\u00fas\u00e1ga<\/strong>: A VB-01 k\u00e9pes n\u00f6v\u00e9nyi, szintetikus, sz\u00e9n- \u00e9s \u00fcvegsz\u00e1lak finom\u00edt\u00e1s\u00e1ra, \u00e9s k\u00fcl\u00f6nb\u00f6z\u0151 ipar\u00e1gakban, p\u00e9ld\u00e1ul a csomagol\u00f3iparban, a textiliparban \u00e9s m\u00e1s ipar\u00e1gakban is alkalmazhat\u00f3.<\/li>\n<\/ul>\n<h2>M\u0171szaki param\u00e9terek \u00f6sszefoglal\u00f3 t\u00e1bl\u00e1zata<\/h2>\n<table>\n<thead>\n<tr>\n<th>Specifik\u00e1ci\u00f3<\/th>\n<th>R\u00e9szletek<\/th>\n<\/tr>\n<\/thead>\n<tbody>\n<tr>\n<td style=\"text-align: center;\"><strong>Standard kapacit\u00e1s<\/strong><\/td>\n<td style=\"text-align: center;\">23 liter (47 literes p\u00e9ptart\u00e1ly)<\/td>\n<\/tr>\n<tr>\n<td style=\"text-align: center;\"><strong>P\u00e9p Mennyis\u00e9g<\/strong><\/td>\n<td style=\"text-align: center;\">200-700 g kemencesz\u00e1raz p\u00e9p (1,57% \u00e1llag\u00fa)<\/td>\n<\/tr>\n<tr>\n<td style=\"text-align: center;\"><strong>\u00dct\u0151henger m\u00e9rete<\/strong><\/td>\n<td style=\"text-align: center;\">\u03c6 194 mm \u00d7 155 mm<\/td>\n<\/tr>\n<tr>\n<td style=\"text-align: center;\"><strong>Penge konfigur\u00e1ci\u00f3<\/strong><\/td>\n<td style=\"text-align: center;\">32 ver\u0151hengeres penge, 7 als\u00f3 penge<\/td>\n<\/tr>\n<tr>\n<td style=\"text-align: center;\"><strong>Ver\u0151henger sebess\u00e9g<\/strong><\/td>\n<td style=\"text-align: center;\">(8,3\u00b10,2) r\/s; (500\u00b110) r\/min<\/td>\n<\/tr>\n<tr>\n<td style=\"text-align: center;\"><strong>Penge t\u00e1vols\u00e1g<\/strong><\/td>\n<td style=\"text-align: center;\">\u00c1ll\u00edthat\u00f3 (k\u00e9zi)<\/td>\n<\/tr>\n<tr>\n<td style=\"text-align: center;\"><strong>Biztons\u00e1gi jellemz\u0151k<\/strong><\/td>\n<td style=\"text-align: center;\">V\u00e9d\u0151szerkezet a p\u00e9pkivezet\u00e9sn\u00e9l, levehet\u0151 tart\u00e1lyfed\u00e9l<\/td>\n<\/tr>\n<tr>\n<td style=\"text-align: center;\"><strong>Tiszt\u00edt\u00e1si funkci\u00f3<\/strong><\/td>\n<td style=\"text-align: center;\">M\u00e9hsejtes automatikus tiszt\u00edt\u00e1s<\/td>\n<\/tr>\n<tr>\n<td style=\"text-align: center;\"><strong>Teljes\u00edtm\u00e9nyk\u00f6vetelm\u00e9nyek<\/strong><\/td>\n<td style=\"text-align: center;\">750W\/380V<\/td>\n<\/tr>\n<tr>\n<td style=\"text-align: center;\"><strong>M\u00e9retek<\/strong><\/td>\n<td style=\"text-align: center;\">1240 mm \u00d7 650 mm \u00d7 1180 mm<\/td>\n<\/tr>\n<tr>\n<td style=\"text-align: center;\"><strong>S\u00faly<\/strong><\/td>\n<td style=\"text-align: center;\">200 kg<\/td>\n<\/tr>\n<tr>\n<td style=\"text-align: center;\"><strong>Tartoz\u00e9kok<\/strong><\/td>\n<td style=\"text-align: center;\">Tartalmazza a l\u00e9gt\u00f6ml\u0151t \u00e9s a v\u00edzt\u00f6ml\u0151t<\/td>\n<\/tr>\n<\/tbody>\n<\/table>\n<h3>Gyakran ism\u00e9telt k\u00e9rd\u00e9sek (GYIK)<\/h3>\n<p><strong>1. Milyen anyagokat tud feldolgozni a Laboratory Valley Beater?<\/strong><br \/>\nA VB-01-et k\u00fcl\u00f6nb\u00f6z\u0151 sz\u00e1lak, t\u00f6bbek k\u00f6z\u00f6tt n\u00f6v\u00e9nyi sz\u00e1lak, szintetikus sz\u00e1lak, sz\u00e9nsz\u00e1lak \u00e9s \u00fcvegsz\u00e1lak feldolgoz\u00e1s\u00e1ra tervezt\u00e9k, \u00edgy sokoldal\u00faan alkalmazhat\u00f3.<\/p>\n<p><strong>2. Hogyan befoly\u00e1solja az ISO 5264-1 a cellul\u00f3zver\u00e9si szabv\u00e1nyokat?<\/strong><br \/>\nAz ISO 5264-1 szabv\u00e1nyos\u00edtja a cellul\u00f3zver\u00e9si m\u00f3dszereket, biztos\u00edtva a k\u00f6vetkezetes, megism\u00e9telhet\u0151 eredm\u00e9nyeket, ami elengedhetetlen a megb\u00edzhat\u00f3 kutat\u00e1shoz \u00e9s a pap\u00edrgy\u00e1rt\u00e1s min\u0151s\u00e9gellen\u0151rz\u00e9s\u00e9hez.<\/p>\n<p><strong>3. Mennyi a tipikus ver\u00e9si id\u0151 a p\u00e9p optim\u00e1lis \u00e1llag\u00e1nak el\u00e9r\u00e9s\u00e9hez?<\/strong><br \/>\nA ver\u00e9si id\u0151 a k\u00edv\u00e1nt p\u00e9pfinom\u00edt\u00e1si szintt\u0151l f\u00fcgg. A ver\u0151henger \u00e9s az als\u00f3 k\u00e9s nyom\u00e1s\u00e1nak be\u00e1ll\u00edt\u00e1s\u00e1val a kezel\u0151k k\u00fcl\u00f6nb\u00f6z\u0151 rostfeldolgoz\u00e1si fokokat \u00e9rhetnek el.<\/p>\n<p><strong>4. Hogyan biztos\u00edtja a VB-01 a biztons\u00e1gos m\u0171k\u00f6d\u00e9st \u00e9s a k\u00f6nny\u0171 karbantart\u00e1st?<\/strong><br \/>\nA VB-01 a balesetek megel\u0151z\u00e9se \u00e9rdek\u00e9ben v\u00e9d\u0151berendez\u00e9st tartalmaz a p\u00e9p kimeneti ny\u00edl\u00e1s\u00e1n\u00e1l. Ezenk\u00edv\u00fcl rendelkezik egy m\u00e9hsejtes automatikus tiszt\u00edt\u00f3 funkci\u00f3val \u00e9s egy levehet\u0151 tart\u00e1lyfed\u00e9llel a k\u00f6nny\u0171 karbantart\u00e1s \u00e9rdek\u00e9ben.<\/p>\n<p><strong>5. Mi\u00e9rt fontos a k\u00f6vetkezetess\u00e9g a laborat\u00f3riumi ver\u00e9si vizsg\u00e1latokban?<\/strong><br \/>\nA cellul\u00f3zver\u00e9s k\u00f6vetkezetess\u00e9ge elengedhetetlen a megb\u00edzhat\u00f3 kutat\u00e1si \u00e9s termel\u00e9si eredm\u00e9nyek el\u00e9r\u00e9s\u00e9hez. A VB-01 megfelel az ISO-szabv\u00e1nyoknak, \u00edgy minden egyes vizsg\u00e1latn\u00e1l biztos\u00edtja a pontoss\u00e1got \u00e9s a megism\u00e9telhet\u0151s\u00e9get.<\/p>\n<p>A <strong>VB-01 Laborat\u00f3riumi v\u00f6lgyver\u0151<\/strong> megb\u00edzhat\u00f3, szabv\u00e1nyos\u00edtott cellul\u00f3zfinom\u00edt\u00e1st k\u00edn\u00e1l a jobb pap\u00edrmin\u0151s\u00e9g \u00e9s a kutat\u00e1si pontoss\u00e1g \u00e9rdek\u00e9ben. Pontos m\u0171szaki specifik\u00e1ci\u00f3ival \u00e9s a <strong>ISO 5264-1<\/strong>a VB-01 n\u00e9lk\u00fcl\u00f6zhetetlen eszk\u00f6z minden olyan laborat\u00f3rium sz\u00e1m\u00e1ra, amely a pap\u00edrgy\u00e1rt\u00e1si folyamat optimaliz\u00e1l\u00e1s\u00e1ra t\u00f6rekszik. Fedezze fel, hogy a VB-01 hogyan felelhet meg az \u00d6n cellul\u00f3zvizsg\u00e1lati ig\u00e9nyeinek, \u00e9s hogyan emelheti a pap\u00edrterm\u00e9kek min\u0151s\u00e9g\u00e9t.<\/p>","protected":false},"excerpt":{"rendered":"<p>A <strong>Laborat\u00f3riumi v\u00f6lgyver\u0151 (VB-01)<\/strong> egy korszer\u0171 m\u0171szer, amelyet a pap\u00edrgy\u00e1rt\u00f3 laborat\u00f3riumokban a p\u00e9p prec\u00edz finom\u00edt\u00e1s\u00e1ra terveztek. A szigor\u00fa nemzetk\u00f6zi szabv\u00e1nyoknak megfelel\u0151en \u00e9p\u00edtett 23 literes Valley Beater n\u00e9lk\u00fcl\u00f6zhetetlen a kiv\u00e1l\u00f3 min\u0151s\u00e9g\u0171 pap\u00edrgy\u00e1rt\u00e1shoz sz\u00fcks\u00e9ges rosttulajdons\u00e1gok kifejleszt\u00e9s\u00e9hez \u00e9s vizsg\u00e1lat\u00e1hoz. A VB-01 a ver\u0151henger \u00e9s az als\u00f3 k\u00e9s k\u00f6z\u00f6tti mechanikai er\u0151ket haszn\u00e1lja a k\u00fcl\u00f6nb\u00f6z\u0151 rostt\u00edpusok finom\u00edt\u00e1s\u00e1ra, gy\u00far\u00e1s\u00e1ra \u00e9s feldolgoz\u00e1s\u00e1ra, biztos\u00edtva az ipari \u00e9s kutat\u00e1si alkalmaz\u00e1sokhoz sz\u00fcks\u00e9ges ellen\u0151rz\u00f6tt \u00e9s egyenletes cellul\u00f3zkibocs\u00e1t\u00e1st.<\/p>","protected":false},"featured_media":6285,"comment_status":"closed","ping_status":"closed","template":"","meta":{"site-sidebar-layout":"default","site-content-layout":"default","ast-global-header-display":"","ast-main-header-display":"","ast-hfb-above-header-display":"","ast-hfb-below-header-display":"","ast-hfb-mobile-header-display":"","site-post-title":"","ast-breadcrumbs-content":"","ast-featured-img":"","footer-sml-layout":"","theme-transparent-header-meta":"default","adv-header-id-meta":"","stick-header-meta":"","header-above-stick-meta":"","header-main-stick-meta":"","header-below-stick-meta":""},"product_cat":[845,1169,1170,44,95],"product_tag":[],"class_list":{"0":"post-5339","1":"product","2":"type-product","3":"status-publish","4":"has-post-thumbnail","6":"product_cat-customization","7":"product_cat-iso-5264-1","8":"product_cat-tappi-t200","9":"product_cat-paper-and-board-testers","10":"product_cat-products","11":"desktop-align-left","12":"tablet-align-left","13":"mobile-align-left","15":"first","16":"instock","17":"shipping-taxable","18":"product-type-simple"},"_links":{"self":[{"href":"https:\/\/www.qualitester.com\/hu\/wp-json\/wp\/v2\/product\/5339","targetHints":{"allow":["GET"]}}],"collection":[{"href":"https:\/\/www.qualitester.com\/hu\/wp-json\/wp\/v2\/product"}],"about":[{"href":"https:\/\/www.qualitester.com\/hu\/wp-json\/wp\/v2\/types\/product"}],"replies":[{"embeddable":true,"href":"https:\/\/www.qualitester.com\/hu\/wp-json\/wp\/v2\/comments?post=5339"}],"version-history":[{"count":0,"href":"https:\/\/www.qualitester.com\/hu\/wp-json\/wp\/v2\/product\/5339\/revisions"}],"wp:featuredmedia":[{"embeddable":true,"href":"https:\/\/www.qualitester.com\/hu\/wp-json\/wp\/v2\/media\/6285"}],"wp:attachment":[{"href":"https:\/\/www.qualitester.com\/hu\/wp-json\/wp\/v2\/media?parent=5339"}],"wp:term":[{"taxonomy":"product_cat","embeddable":true,"href":"https:\/\/www.qualitester.com\/hu\/wp-json\/wp\/v2\/product_cat?post=5339"},{"taxonomy":"product_tag","embeddable":true,"href":"https:\/\/www.qualitester.com\/hu\/wp-json\/wp\/v2\/product_tag?post=5339"}],"curies":[{"name":"wp","href":"https:\/\/api.w.org\/{rel}","templated":true}]}}