{"id":5335,"date":"2024-11-13T11:57:32","date_gmt":"2024-11-13T03:57:32","guid":{"rendered":"https:\/\/www.qualitester.com\/?post_type=product&#038;p=5335"},"modified":"2024-12-05T15:11:48","modified_gmt":"2024-12-05T07:11:48","slug":"sale-paper-vertical-tensile-tester","status":"publish","type":"product","link":"https:\/\/www.qualitester.com\/hu\/termek\/sale-paper-vertical-tensile-tester\/","title":{"rendered":"TST-V f\u00fcgg\u0151leges szak\u00edt\u00f3m\u00e9r\u0151"},"content":{"rendered":"<h2><strong>Bevezet\u00e9s a pap\u00edr f\u00fcgg\u0151leges szak\u00edt\u00f3vizsg\u00e1lat\u00e1ba<\/strong><\/h2>\n<p>A <strong>Pap\u00edr f\u00fcgg\u0151leges szak\u00edt\u00f3m\u00e9r\u0151<\/strong> (TST-V) egy magasan specializ\u00e1lt vizsg\u00e1l\u00f3eszk\u00f6z, amelyet a pap\u00edranyagok mechanikai tulajdons\u00e1gainak \u00e9rt\u00e9kel\u00e9s\u00e9re terveztek, bele\u00e9rtve a kartonpap\u00edrt, a selyempap\u00edrt \u00e9s m\u00e1s pap\u00edr alap\u00fa term\u00e9keket. Kritikus szerepet j\u00e1tszik a pap\u00edr- \u00e9s csomagol\u00f3iparban az olyan kulcsfontoss\u00e1g\u00fa tulajdons\u00e1gok m\u00e9r\u00e9s\u00e9vel, mint a szak\u00edt\u00f3szil\u00e1rds\u00e1g, a maxim\u00e1lis er\u0151n\u00e9l m\u00e9rt ny\u00fal\u00e1s, a szakad\u00e1si energiaelnyel\u00e9s \u00e9s a szak\u00edt\u00f3merevs\u00e9g. E tulajdons\u00e1gok meghat\u00e1roz\u00e1s\u00e1val a gy\u00e1rt\u00f3k biztos\u00edthatj\u00e1k, hogy term\u00e9keik megfeleljenek a szigor\u00fa teljes\u00edtm\u00e9ny- \u00e9s min\u0151s\u00e9gi el\u0151\u00edr\u00e1soknak, k\u00fcl\u00f6n\u00f6sen a csomagol\u00e1si, orvosi \u00e9s \u00e9lelmiszeripari alkalmaz\u00e1sokban.<\/p>\n<h2><strong>A pap\u00edr f\u00fcgg\u0151leges szak\u00edt\u00f3pr\u00f3ba vizsg\u00e1lati elve<\/strong><\/h2>\n<p>A TST-V \u00fagy m\u0171k\u00f6dik, hogy a pr\u00f3badarabot \u00e1lland\u00f3 ny\u00fal\u00e1si sebess\u00e9ggel addig ny\u00fajtja, am\u00edg az el nem t\u00f6rik. E folyamat sor\u00e1n a m\u0171szer folyamatosan m\u00e9ri \u00e9s r\u00f6gz\u00edti a pr\u00f3batest ny\u00fal\u00e1s\u00e1hoz viszony\u00edtott szak\u00edt\u00f3er\u0151t. Ezekb\u0151l az adatokb\u00f3l a <strong>szak\u00edt\u00f3szil\u00e1rds\u00e1g<\/strong>, <strong>ny\u00fal\u00e1s maxim\u00e1lis er\u0151n\u00e9l<\/strong>, \u00e9s <strong>h\u00faz\u00f3energia-elnyel\u00e9s<\/strong> kisz\u00e1m\u00edthat\u00f3. Ezek az \u00e9rt\u00e9kek alapvet\u0151 fontoss\u00e1g\u00faak az anyag teljes\u00edtm\u00e9ny\u00e9nek \u00e9rt\u00e9kel\u00e9s\u00e9hez a val\u00f3s alkalmaz\u00e1sokban, mint p\u00e9ld\u00e1ul a csomagol\u00e1s tart\u00f3ss\u00e1ga, ny\u00fajthat\u00f3s\u00e1ga \u00e9s \u00e1ltal\u00e1nos szil\u00e1rds\u00e1ga.<\/p>\n<hr \/>\n<h2><strong>Az ISO 1924 \u00e9s annak jelent\u0151s\u00e9ge a pap\u00edrvizsg\u00e1lat szempontj\u00e1b\u00f3l<\/strong><\/h2>\n<h3><strong>ISO 1924 szabv\u00e1nyok \u00e1ttekint\u00e9se<\/strong><\/h3>\n<p>Az ISO 1924 nemzetk\u00f6zileg elismert szabv\u00e1nyok sorozata, amely a pap\u00edr \u00e9s a karton szak\u00edt\u00f3 tulajdons\u00e1gainak vizsg\u00e1lat\u00e1ra vonatkoz\u00f3 ir\u00e1nyelveket tartalmaz. E szabv\u00e1nyok betart\u00e1sa k\u00f6vetkezetes \u00e9s megb\u00edzhat\u00f3 eredm\u00e9nyeket biztos\u00edt, ami elengedhetetlen a pap\u00edrgy\u00e1rt\u00e1s min\u0151s\u00e9gellen\u0151rz\u00e9s\u00e9nek fenntart\u00e1s\u00e1hoz. Az ISO 1924 a k\u00f6vetkez\u0151 kulcsfontoss\u00e1g\u00fa r\u00e9szeket tartalmazza:<\/p>\n<ul>\n<li><a href=\"https:\/\/www.iso.org\/standard\/6616.html\" target=\"_blank\" rel=\"noopener nofollow\"><strong>ISO 1924-1<\/strong><\/a>: A pap\u00edr szak\u00edt\u00f3vizsg\u00e1lat\u00e1nak \u00e1ltal\u00e1nos elvei \u00e9s meghat\u00e1roz\u00e1sai.<\/li>\n<li><a href=\"https:\/\/www.iso.org\/standard\/41397.html\" target=\"_blank\" rel=\"noopener nofollow\"><strong>ISO 1924-2<\/strong><\/a>: M\u00f3dszerek a pap\u00edr szak\u00edt\u00f3szil\u00e1rds\u00e1g\u00e1nak \u00e9s ny\u00fal\u00e1s\u00e1nak meghat\u00e1roz\u00e1s\u00e1ra.<\/li>\n<li><a href=\"https:\/\/www.iso.org\/standard\/32206.html\" rel=\"nofollow noopener\" target=\"_blank\"><strong>ISO 1924-3<\/strong><\/a>: Ir\u00e1nyelvek a szak\u00edt\u00f3index \u00e9s az energiaelnyel\u00e9si index kisz\u00e1m\u00edt\u00e1s\u00e1hoz.<\/li>\n<\/ul>\n<p>Ezek a szabv\u00e1nyok elengedhetetlenek a gy\u00e1rt\u00f3k sz\u00e1m\u00e1ra annak biztos\u00edt\u00e1s\u00e1hoz, hogy pap\u00edrterm\u00e9keik megfeleljenek az ipar\u00e1gi min\u0151s\u00e9gi \u00e9s teljes\u00edtm\u00e9nybeli referencia\u00e9rt\u00e9keknek. Ezen ir\u00e1nyelvek k\u00f6vet\u00e9s\u00e9vel a vizsg\u00e1lati eredm\u00e9nyek glob\u00e1lisan szabv\u00e1nyos\u00edtott\u00e1 v\u00e1lnak, lehet\u0151v\u00e9 t\u00e9ve a v\u00e1llalatok sz\u00e1m\u00e1ra, hogy olyan anyagokat \u00e1ll\u00edtsanak el\u0151, amelyek min\u0151s\u00e9g\u00fckben \u00e9s tart\u00f3ss\u00e1gukban konzisztensek.<\/p>\n<h3><strong>Hogyan felel meg a TST-V modell az ISO 1924 szabv\u00e1nynak?<\/strong><\/h3>\n<p>A <strong>TST-V pap\u00edr f\u00fcgg\u0151leges szak\u00edt\u00f3pr\u00f3ba<\/strong> teljes m\u00e9rt\u00e9kben megfelel a <strong>ISO 1924<\/strong> \u00e9s pontos, megism\u00e9telhet\u0151 m\u00e9r\u00e9seket biztos\u00edt a nemzetk\u00f6zi vizsg\u00e1lati protokolloknak megfelel\u0151en. Ez teszi ide\u00e1lis v\u00e1laszt\u00e1ss\u00e1 a pap\u00edr- \u00e9s csomagol\u00f3ipari v\u00e1llalatok sz\u00e1m\u00e1ra, amelyeknek meg kell felelni\u00fck a glob\u00e1lis min\u0151s\u00e9gi szabv\u00e1nyoknak. Ak\u00e1r szak\u00edt\u00f3szil\u00e1rds\u00e1got, szakad\u00e1si ny\u00fal\u00e1st vagy energiaelnyel\u00e9st vizsg\u00e1l, a TST-V biztos\u00edtja, hogy eredm\u00e9nyei megfeleljenek a pap\u00edrvizsg\u00e1latra vonatkoz\u00f3 ISO-szabv\u00e1nyoknak.<\/p>\n<hr \/>\n<h2><strong>A TST-V pap\u00edr f\u00fcgg\u0151leges szak\u00edt\u00f3pr\u00f3ba f\u0151 jellemz\u0151i<\/strong><\/h2>\n<ul>\n<li><strong>Prec\u00edzi\u00f3s vizsg\u00e1lati k\u00e9pess\u00e9gek<\/strong>: A TST-V fel van szerelve egy <strong>prec\u00edzi\u00f3s goly\u00f3s \u00f3lomcsavaros mechanizmus<\/strong>, biztos\u00edtva a ny\u00fal\u00e1si sebess\u00e9g \u00e9s az elmozdul\u00e1s nagy pontoss\u00e1g\u00fa szab\u00e1lyoz\u00e1s\u00e1t.<\/li>\n<li><strong>Felhaszn\u00e1l\u00f3bar\u00e1t m\u0171k\u00f6d\u00e9s<\/strong>: A m\u0171szer rendelkezik egy <strong>7 h\u00fcvelykes HMI \u00e9rint\u0151k\u00e9perny\u0151<\/strong>, intuit\u00edv \u00e9s k\u00f6nnyen kezelhet\u0151 fel\u00fcletet k\u00edn\u00e1l a z\u00f6kken\u0151mentes m\u0171k\u00f6d\u00e9shez, m\u00e9g a minim\u00e1lis tapasztalattal rendelkez\u0151 felhaszn\u00e1l\u00f3k sz\u00e1m\u00e1ra is.<\/li>\n<li><strong>\u00c1ll\u00edthat\u00f3 vizsg\u00e1lati sebess\u00e9g<\/strong>: A teszt sebess\u00e9ge nagym\u00e9rt\u00e9kben \u00e1ll\u00edthat\u00f3, a k\u00f6vetkez\u0151 tartom\u00e1nyban <strong>1 mm\/min \u00e9s 500 mm\/min k\u00f6z\u00f6tt<\/strong>, lehet\u0151v\u00e9 t\u00e9ve a vizsg\u00e1lati folyamat testre szab\u00e1s\u00e1t az anyag tulajdons\u00e1gainak megfelel\u0151en.<\/li>\n<li><strong>Sokoldal\u00fa l\u00e1mpatest-kompatibilit\u00e1s<\/strong>: A TST-V a r\u00f6gz\u00edt\u0151k sz\u00e9les sk\u00e1l\u00e1j\u00e1val kompatibilis, lehet\u0151v\u00e9 t\u00e9ve a k\u00fcl\u00f6nb\u00f6z\u0151 pap\u00edrmint\u00e1k kezel\u00e9s\u00e9t, a v\u00e9kony selyempap\u00edrt\u00f3l a vastagabb kartonpap\u00edrig.<\/li>\n<li><strong>Nagy stabilit\u00e1s<\/strong>: A rendszer a k\u00f6vetkez\u0151kkel m\u0171k\u00f6dik <strong>PLC vez\u00e9rl\u00e9s<\/strong>, biztos\u00edtva a stabil, megb\u00edzhat\u00f3 teljes\u00edtm\u00e9nyt \u00e9s minimaliz\u00e1lva a tesztel\u00e9s sor\u00e1n fell\u00e9p\u0151 hib\u00e1kat.<\/li>\n<li><strong>Automatikus funkci\u00f3k<\/strong>: A tesztel\u0151 fel van szerelve egy korl\u00e1toz\u00f3 eszk\u00f6zzel \u00e9s egy automatikus visszat\u00e9r\u00e9si funkci\u00f3val, ami n\u00f6veli a biztons\u00e1got \u00e9s a k\u00e9nyelmet a tesztel\u00e9s sor\u00e1n.<\/li>\n<li><strong>V\u00e1laszthat\u00f3 tartoz\u00e9kok<\/strong>: A tov\u00e1bbi tartoz\u00e9kok, mint p\u00e9ld\u00e1ul a mikronyomtat\u00f3 \u00e9s az RS232 port professzion\u00e1lis szoftverrel (opcion\u00e1lis) tov\u00e1bbi rugalmass\u00e1got biztos\u00edtanak az adatelemz\u00e9shez \u00e9s a jelent\u00e9sk\u00e9sz\u00edt\u00e9shez.<\/li>\n<\/ul>\n<hr \/>\n<h2><strong>A pap\u00edr f\u00fcgg\u0151leges szak\u00edt\u00f3pr\u00f3ba alkalmaz\u00e1sai<\/strong><\/h2>\n<p>A <strong>TST-V pap\u00edr f\u00fcgg\u0151leges szak\u00edt\u00f3pr\u00f3ba<\/strong> ide\u00e1lis olyan ipar\u00e1gakban, ahol a pap\u00edr tulajdons\u00e1gai d\u00f6nt\u0151 fontoss\u00e1g\u00faak a term\u00e9kek teljes\u00edtm\u00e9nye szempontj\u00e1b\u00f3l. Alkalmaz\u00e1sai k\u00f6z\u00e9 tartoznak:<\/p>\n<ul>\n<li><strong>Csomagol\u00f3ipar<\/strong>: Elengedhetetlen a csomagol\u00f3anyagok tart\u00f3ss\u00e1g\u00e1nak \u00e9s szil\u00e1rds\u00e1g\u00e1nak vizsg\u00e1lat\u00e1hoz, hogy azok ellen\u00e1lljanak a sz\u00e1ll\u00edt\u00e1s \u00e9s kezel\u00e9s sor\u00e1n fell\u00e9p\u0151 ig\u00e9nybev\u00e9teleknek.<\/li>\n<li><strong>Zsebkend\u0151pap\u00edr-gy\u00e1rt\u00e1s<\/strong>: A sz\u00f6vetterm\u00e9kek szak\u00edt\u00f3szil\u00e1rds\u00e1g\u00e1nak \u00e9s rugalmass\u00e1g\u00e1nak vizsg\u00e1lat\u00e1ra szolg\u00e1l, ami elengedhetetlen a min\u0151s\u00e9g \u00e9s a felhaszn\u00e1l\u00f3i el\u00e9gedetts\u00e9g biztos\u00edt\u00e1s\u00e1hoz.<\/li>\n<li><strong>Kartongy\u00e1rt\u00e1s<\/strong>: Seg\u00edt a csomagol\u00e1s \u00e9s a kont\u00e9nergy\u00e1rt\u00e1s sor\u00e1n haszn\u00e1lt karton szil\u00e1rds\u00e1g\u00e1nak \u00e9s ny\u00fal\u00e1s\u00e1nak \u00e9rt\u00e9kel\u00e9s\u00e9ben.<\/li>\n<li><strong>Kutat\u00e1s \u00e9s fejleszt\u00e9s<\/strong>: Ide\u00e1lis olyan K+F r\u00e9szlegek sz\u00e1m\u00e1ra, amelyek \u00faj pap\u00edrterm\u00e9keket k\u00edv\u00e1nnak kifejleszteni, vagy a megl\u00e9v\u0151 anyagok teljes\u00edtm\u00e9ny\u00e9t jav\u00edtani.<\/li>\n<\/ul>\n<hr \/>\n<h2><strong>M\u0171szaki specifik\u00e1ci\u00f3k<\/strong><\/h2>\n<table>\n<tbody>\n<tr>\n<td style=\"text-align: center;\" colspan=\"2\" rowspan=\"1\" width=\"381\"><strong>TST-V f\u00fcgg\u0151leges szak\u00edt\u00f3m\u00e9r\u0151<\/strong><\/td>\n<\/tr>\n<tr>\n<td style=\"text-align: center;\" width=\"209\">M\u00e9r\u00e9si tartom\u00e1ny<\/td>\n<td style=\"text-align: center;\" width=\"172\">500N vagy sz\u00fcks\u00e9g szerint<\/td>\n<\/tr>\n<tr>\n<td style=\"text-align: center;\" width=\"209\">Ny\u00fal\u00e1si tartom\u00e1ny<\/td>\n<td style=\"text-align: center;\" width=\"172\">800mm<\/td>\n<\/tr>\n<tr>\n<td style=\"text-align: center;\" width=\"209\">Ny\u00fajt\u00e1si sebess\u00e9g<\/td>\n<td style=\"text-align: center;\" width=\"172\">1~500 mm\/min<\/td>\n<\/tr>\n<tr>\n<td style=\"text-align: center;\" width=\"209\">A teszt sebess\u00e9g\u00e9nek pontoss\u00e1ga<\/td>\n<td style=\"text-align: center;\" width=\"172\">\u00b10,1mm\/min<\/td>\n<\/tr>\n<tr>\n<td style=\"text-align: center;\" width=\"209\">Er\u0151 pontoss\u00e1ga<\/td>\n<td style=\"text-align: center;\" width=\"172\">0.5% F.S.<\/td>\n<\/tr>\n<tr>\n<td style=\"text-align: center;\" width=\"209\">Er\u0151 pontoss\u00e1ga<\/td>\n<td style=\"text-align: center;\" width=\"172\">\u00b10,1% (20~100%FS)<\/td>\n<\/tr>\n<tr>\n<td style=\"text-align: center;\" width=\"209\">Deform\u00e1ci\u00f3s felbont\u00e1s<\/td>\n<td style=\"text-align: center;\" width=\"172\">\u22640.01mm<\/td>\n<\/tr>\n<tr>\n<td style=\"text-align: center;\" width=\"209\">Minta r\u00f6gz\u00edt\u00e9se<\/td>\n<td style=\"text-align: center;\" width=\"172\">K\u00e9zi<\/td>\n<\/tr>\n<tr>\n<td style=\"text-align: center;\" width=\"209\">A minta m\u00e9rete<\/td>\n<td style=\"text-align: center;\" width=\"172\">1-25mm<\/td>\n<\/tr>\n<tr>\n<td style=\"text-align: center;\" width=\"209\">Ember-g\u00e9p interf\u00e9sz<\/td>\n<td style=\"text-align: center;\" width=\"172\">7 \u00e9rint\u0151k\u00e9perny\u0151<\/td>\n<\/tr>\n<tr>\n<td style=\"text-align: center;\" width=\"209\">Teljes\u00edtm\u00e9ny<\/td>\n<td style=\"text-align: center;\" width=\"172\">AC 110~220V 50\/60Hz<\/td>\n<\/tr>\n<tr>\n<td style=\"text-align: center;\" colspan=\"2\" rowspan=\"1\" width=\"381\"><strong>Mintav\u00e1g\u00f3 (opcion\u00e1lis)<\/strong><\/td>\n<\/tr>\n<tr>\n<td style=\"text-align: center;\" width=\"209\">Minta m\u00e9rete<\/td>\n<td style=\"text-align: center;\" width=\"172\">15*300mm<\/td>\n<\/tr>\n<tr>\n<td style=\"text-align: center;\" width=\"209\">Minta vastags\u00e1ga<\/td>\n<td style=\"text-align: center;\" width=\"172\">0.1~1mm<\/td>\n<\/tr>\n<tr>\n<td style=\"text-align: center;\" width=\"209\">Oldalak P\u00e1rhuzamoss\u00e1g<\/td>\n<td style=\"text-align: center;\" width=\"172\">\uff1c0.03mm<\/td>\n<\/tr>\n<\/tbody>\n<\/table>\n<hr \/>\n<h2><strong>Megfelelt f\u0151bb szabv\u00e1nyok<\/strong><\/h2>\n<p>A <strong>TST-V pap\u00edr f\u00fcgg\u0151leges szak\u00edt\u00f3pr\u00f3ba<\/strong> sz\u00e1mos nemzetk\u00f6zi szabv\u00e1nyt betart, biztos\u00edtva az ipari norm\u00e1knak val\u00f3 megfelel\u00e9st \u00e9s n\u00f6velve a vizsg\u00e1lati eredm\u00e9nyek megb\u00edzhat\u00f3s\u00e1g\u00e1t. Ezek a k\u00f6vetkez\u0151k:<\/p>\n<ul>\n<li><strong>ISO 1924-1<\/strong>, <strong>ISO 1924-2<\/strong>, <strong>ISO 1924-3<\/strong> (pap\u00edr \u00e9s karton szak\u00edt\u00f3vizsg\u00e1lat\u00e1hoz)<\/li>\n<li><strong>ISO 12625-4<\/strong>, <strong>ISO 12625-5<\/strong> (selyempap\u00edr tesztel\u00e9s\u00e9hez)<\/li>\n<li><strong>TAPPI T494<\/strong> (amerikai pap\u00edrvizsg\u00e1lati szabv\u00e1ny)<\/li>\n<li><strong>GB\/T 12914<\/strong>, <strong>GB\/T 24328<\/strong> (k\u00fcl\u00f6nb\u00f6z\u0151 r\u00e9szek) (a pap\u00edr vizsg\u00e1lat\u00e1ra vonatkoz\u00f3 k\u00ednai szabv\u00e1nyok)<\/li>\n<\/ul>\n<hr \/>\n<h2><strong>Mi\u00e9rt v\u00e1lassza a TST-V pap\u00edr f\u00fcgg\u0151leges szak\u00edt\u00f3pr\u00f3b\u00e1t?<\/strong><\/h2>\n<ul>\n<li><strong>Pontoss\u00e1g \u00e9s megb\u00edzhat\u00f3s\u00e1g<\/strong>: A TST-V biztos\u00edtja a szak\u00edt\u00f3 tulajdons\u00e1gok rendk\u00edv\u00fcl pontos m\u00e9r\u00e9s\u00e9t, ami elengedhetetlen a min\u0151s\u00e9gellen\u0151rz\u00e9shez \u00e9s a term\u00e9kfejleszt\u00e9shez.<\/li>\n<li><strong>Megfelel az ISO 1924 szabv\u00e1nynak<\/strong>: Teljes m\u00e9rt\u00e9kben megfelel a <strong>ISO 1924<\/strong>, biztos\u00edtva, hogy az \u00d6n tesztjei megfeleljenek a pap\u00edrtesztel\u00e9sre vonatkoz\u00f3 glob\u00e1lis ipari szabv\u00e1nyoknak.<\/li>\n<li><strong>Felhaszn\u00e1l\u00f3bar\u00e1t fel\u00fclet<\/strong>: Az intuit\u00edv 7 h\u00fcvelykes \u00e9rint\u0151k\u00e9perny\u0151 megk\u00f6nny\u00edti a tesztek kezel\u00e9s\u00e9t \u00e9s menedzsel\u00e9s\u00e9t.<\/li>\n<li><strong>Testreszabhat\u00f3 \u00e9s sokoldal\u00fa<\/strong>: A TST-V \u00e1ll\u00edthat\u00f3 vizsg\u00e1lati sebess\u00e9ggel, k\u00fcl\u00f6nb\u00f6z\u0151 mintatartoz\u00e9kokkal \u00e9s tov\u00e1bbi adatgy\u0171jt\u00e9si lehet\u0151s\u00e9gekkel el\u00e9g sokoldal\u00faan haszn\u00e1lhat\u00f3 a k\u00fcl\u00f6nb\u00f6z\u0151 pap\u00edrterm\u00e9kek kezel\u00e9s\u00e9hez.<\/li>\n<\/ul>\n<hr \/>\n<h2><strong>GYIK: Pap\u00edr f\u00fcgg\u0151leges szak\u00edt\u00f3pr\u00f3ba<\/strong><\/h2>\n<ol>\n<li><strong>Mi a pap\u00edr f\u00fcgg\u0151leges szak\u00edt\u00f3pr\u00f3ba f\u0151 c\u00e9lja?<\/strong><br \/>\nA TST-V a pap\u00edr, a karton \u00e9s a sz\u00f6vetterm\u00e9kek mechanikai tulajdons\u00e1gainak felm\u00e9r\u00e9se \u00e9rdek\u00e9ben m\u00e9ri a szak\u00edt\u00f3szil\u00e1rds\u00e1got, a maxim\u00e1lis er\u0151n\u00e9l m\u00e9rt ny\u00fal\u00e1st \u00e9s az energiaelnyel\u00e9st.<\/li>\n<li><strong>Hogyan kapcsol\u00f3dik az ISO 1924 a pap\u00edrvizsg\u00e1lathoz?<\/strong><br \/>\nAz ISO 1924 nemzetk\u00f6zi szabv\u00e1nyokat hat\u00e1roz meg a pap\u00edr \u00e9s a karton szak\u00edt\u00f3 tulajdons\u00e1gainak vizsg\u00e1lat\u00e1ra, biztos\u00edtva, hogy az eredm\u00e9nyek k\u00f6vetkezetesek, megb\u00edzhat\u00f3ak \u00e9s \u00f6sszehasonl\u00edthat\u00f3ak legyenek az ipar\u00e1gak k\u00f6z\u00f6tt.<\/li>\n<li><strong>Milyen t\u00edpus\u00fa anyagok vizsg\u00e1lhat\u00f3k a TST-V-vel?<\/strong><br \/>\nA TST-V alkalmas k\u00fcl\u00f6nb\u00f6z\u0151 pap\u00edranyagok, t\u00f6bbek k\u00f6z\u00f6tt kartonpap\u00edr, selyempap\u00edr \u00e9s m\u00e1s pap\u00edr alap\u00fa term\u00e9kek szak\u00edt\u00f3szil\u00e1rds\u00e1g\u00e1nak \u00e9s rugalmass\u00e1g\u00e1nak vizsg\u00e1lat\u00e1ra.<\/li>\n<li><strong>Melyek a TST-V modell legfontosabb jellemz\u0151i?<\/strong><br \/>\nA TST-V PLC-vez\u00e9rl\u00e9ssel, 7 h\u00fcvelykes \u00e9rint\u0151k\u00e9perny\u0151vel, prec\u00edzi\u00f3s goly\u00f3s \u00f3lomcsavaros mechanizmussal, \u00e1ll\u00edthat\u00f3 vizsg\u00e1lati sebess\u00e9ggel \u00e9s k\u00fcl\u00f6nb\u00f6z\u0151 szerelv\u00e9nyekkel val\u00f3 kompatibilit\u00e1ssal rendelkezik.<\/li>\n<li><strong>Milyen szabv\u00e1nyoknak felel meg a TST-V?<\/strong><br \/>\nA TST-V megfelel a k\u00f6vetkez\u0151knek <strong>ISO 1924<\/strong>, <strong>ISO 12625<\/strong>, <strong>TAPPI T494<\/strong>, \u00e9s m\u00e1s nemzetk\u00f6zi szabv\u00e1nyok a pap\u00edrvizsg\u00e1latra.<\/li>\n<\/ol>","protected":false},"excerpt":{"rendered":"<p>A <strong>Pap\u00edr f\u00fcgg\u0151leges szak\u00edt\u00f3m\u00e9r\u0151<\/strong> (TST-V) egy magasan specializ\u00e1lt vizsg\u00e1l\u00f3eszk\u00f6z, amelyet a pap\u00edranyagok mechanikai tulajdons\u00e1gainak \u00e9rt\u00e9kel\u00e9s\u00e9re terveztek, bele\u00e9rtve a kartonpap\u00edrt, a selyempap\u00edrt \u00e9s m\u00e1s pap\u00edr alap\u00fa term\u00e9keket. Kritikus szerepet j\u00e1tszik a pap\u00edr- \u00e9s csomagol\u00f3iparban az olyan kulcsfontoss\u00e1g\u00fa tulajdons\u00e1gok m\u00e9r\u00e9s\u00e9vel, mint a szak\u00edt\u00f3szil\u00e1rds\u00e1g, a maxim\u00e1lis er\u0151n\u00e9l m\u00e9rt ny\u00fal\u00e1s, a szakad\u00e1si energiaelnyel\u00e9s \u00e9s a szak\u00edt\u00f3merevs\u00e9g. E tulajdons\u00e1gok meghat\u00e1roz\u00e1s\u00e1val a gy\u00e1rt\u00f3k biztos\u00edthatj\u00e1k, hogy term\u00e9keik megfeleljenek a szigor\u00fa teljes\u00edtm\u00e9ny- \u00e9s min\u0151s\u00e9gi el\u0151\u00edr\u00e1soknak, k\u00fcl\u00f6n\u00f6sen a csomagol\u00e1si, orvosi \u00e9s \u00e9lelmiszeripari alkalmaz\u00e1sokban.<\/p>","protected":false},"featured_media":6283,"comment_status":"closed","ping_status":"closed","template":"","meta":{"site-sidebar-layout":"default","site-content-layout":"default","ast-global-header-display":"","ast-main-header-display":"","ast-hfb-above-header-display":"","ast-hfb-below-header-display":"","ast-hfb-mobile-header-display":"","site-post-title":"","ast-breadcrumbs-content":"","ast-featured-img":"","footer-sml-layout":"","theme-transparent-header-meta":"default","adv-header-id-meta":"","stick-header-meta":"","header-above-stick-meta":"","header-main-stick-meta":"","header-below-stick-meta":""},"product_cat":[845,953,956,955,1166,1167,1090,1163,1164,1165,954,957,958,952,959,1168,679,44,95],"product_tag":[],"class_list":{"0":"post-5335","1":"product","2":"type-product","3":"status-publish","4":"has-post-thumbnail","6":"product_cat-customization","7":"product_cat-bursting-tester","8":"product_cat-cobb-tester","9":"product_cat-crush-tester","10":"product_cat-iso-12625-4","11":"product_cat-iso-12625-5","12":"product_cat-iso-1924","13":"product_cat-iso-1924-1","14":"product_cat-iso-1924-2","15":"product_cat-iso-1924-3","16":"product_cat-paper-tear-tester","17":"product_cat-plybond-tester","18":"product_cat-puncture-tester","19":"product_cat-rub-tester","20":"product_cat-stiffness-tester","21":"product_cat-tappi-t494","22":"product_cat-tensile-tester","23":"product_cat-paper-and-board-testers","24":"product_cat-products","25":"desktop-align-left","26":"tablet-align-left","27":"mobile-align-left","29":"first","30":"instock","31":"shipping-taxable","32":"product-type-simple"},"_links":{"self":[{"href":"https:\/\/www.qualitester.com\/hu\/wp-json\/wp\/v2\/product\/5335","targetHints":{"allow":["GET"]}}],"collection":[{"href":"https:\/\/www.qualitester.com\/hu\/wp-json\/wp\/v2\/product"}],"about":[{"href":"https:\/\/www.qualitester.com\/hu\/wp-json\/wp\/v2\/types\/product"}],"replies":[{"embeddable":true,"href":"https:\/\/www.qualitester.com\/hu\/wp-json\/wp\/v2\/comments?post=5335"}],"version-history":[{"count":0,"href":"https:\/\/www.qualitester.com\/hu\/wp-json\/wp\/v2\/product\/5335\/revisions"}],"wp:featuredmedia":[{"embeddable":true,"href":"https:\/\/www.qualitester.com\/hu\/wp-json\/wp\/v2\/media\/6283"}],"wp:attachment":[{"href":"https:\/\/www.qualitester.com\/hu\/wp-json\/wp\/v2\/media?parent=5335"}],"wp:term":[{"taxonomy":"product_cat","embeddable":true,"href":"https:\/\/www.qualitester.com\/hu\/wp-json\/wp\/v2\/product_cat?post=5335"},{"taxonomy":"product_tag","embeddable":true,"href":"https:\/\/www.qualitester.com\/hu\/wp-json\/wp\/v2\/product_tag?post=5335"}],"curies":[{"name":"wp","href":"https:\/\/api.w.org\/{rel}","templated":true}]}}